{"id":10,"date":"2024-01-13T13:52:54","date_gmt":"2024-01-13T13:52:54","guid":{"rendered":"https:\/\/reisepassfuhrer.com\/index.php\/blog\/"},"modified":"2024-05-29T09:28:18","modified_gmt":"2024-05-29T09:28:18","slug":"dienstleistungen","status":"publish","type":"page","link":"https:\/\/reisepassfuhrer.com\/cs\/sluzby\/","title":{"rendered":"slu\u017eby"},"content":{"rendered":"<div data-elementor-type=\"wp-page\" data-elementor-id=\"10\" class=\"elementor elementor-10\" data-elementor-post-type=\"page\">\n\t\t\t\t<div class=\"elementor-element elementor-element-161c25a e-flex e-con-boxed e-con e-parent\" data-id=\"161c25a\" data-element_type=\"container\" data-core-v316-plus=\"true\">\n\t\t\t\t\t<div class=\"e-con-inner\">\n\t\t<div class=\"elementor-element elementor-element-52e6d45 e-con-full e-flex e-con e-child\" data-id=\"52e6d45\" data-element_type=\"container\">\n\t\t\t\t<div class=\"elementor-element elementor-element-5e74e16 elementor-widget elementor-widget-heading\" data-id=\"5e74e16\" data-element_type=\"widget\" data-widget_type=\"heading.default\">\n\t\t\t\t<div class=\"elementor-widget-container\">\n\t\t\t<style>\/*! elementor - v3.20.0 - 13-03-2024 *\/\n.elementor-heading-title{padding:0;margin:0;line-height:1}.elementor-widget-heading .elementor-heading-title[class*=elementor-size-]>a{color:inherit;font-size:inherit;line-height:inherit}.elementor-widget-heading .elementor-heading-title.elementor-size-small{font-size:15px}.elementor-widget-heading .elementor-heading-title.elementor-size-medium{font-size:19px}.elementor-widget-heading .elementor-heading-title.elementor-size-large{font-size:29px}.elementor-widget-heading .elementor-heading-title.elementor-size-xl{font-size:39px}.elementor-widget-heading .elementor-heading-title.elementor-size-xxl{font-size:59px}<\/style><h2 class=\"elementor-heading-title elementor-size-default\">Test MPU<\/h2>\t\t<\/div>\n\t\t\t\t<\/div>\n\t\t\t\t<\/div>\n\t\t<div class=\"elementor-element elementor-element-b8837df e-con-full e-flex e-con e-child\" data-id=\"b8837df\" data-element_type=\"container\">\n\t\t\t\t<div class=\"elementor-element elementor-element-b630331 elementor-widget elementor-widget-heading\" data-id=\"b630331\" data-element_type=\"widget\" data-widget_type=\"heading.default\">\n\t\t\t\t<div class=\"elementor-widget-container\">\n\t\t\t<h2 class=\"elementor-heading-title elementor-size-default\">Test IELTS<\/h2>\t\t<\/div>\n\t\t\t\t<\/div>\n\t\t\t\t<\/div>\n\t\t\t\t\t<\/div>\n\t\t\t\t<\/div>\n\t\t<div class=\"elementor-element elementor-element-e2b622c e-flex e-con-boxed e-con e-parent\" data-id=\"e2b622c\" data-element_type=\"container\" data-core-v316-plus=\"true\">\n\t\t\t\t\t<div class=\"e-con-inner\">\n\t\t\t\t<div class=\"elementor-element elementor-element-6a1d4a7 elementor-widget elementor-widget-text-editor\" data-id=\"6a1d4a7\" data-element_type=\"widget\" data-widget_type=\"text-editor.default\">\n\t\t\t\t<div class=\"elementor-widget-container\">\n\t\t\t<style>\/*! elementor - v3.20.0 - 13-03-2024 *\/\n.elementor-widget-text-editor.elementor-drop-cap-view-stacked .elementor-drop-cap{background-color:#69727d;color:#fff}.elementor-widget-text-editor.elementor-drop-cap-view-framed .elementor-drop-cap{color:#69727d;border:3px solid;background-color:transparent}.elementor-widget-text-editor:not(.elementor-drop-cap-view-default) .elementor-drop-cap{margin-top:8px}.elementor-widget-text-editor:not(.elementor-drop-cap-view-default) .elementor-drop-cap-letter{width:1em;height:1em}.elementor-widget-text-editor .elementor-drop-cap{float:left;text-align:center;line-height:1;font-size:50px}.elementor-widget-text-editor .elementor-drop-cap-letter{display:inline-block}<\/style>\t\t\t\t<p>MPU test, Jsme sdru\u017een\u00ed t\u0159\u00ed agentur z Evropy, USA a Kanady. Proto m\u016f\u017eeme z\u00edskat v\u00e1\u0161 \u0159idi\u010dsk\u00fd pr\u016fkaz, pas a akademick\u00e9 certifik\u00e1ty kdekoli na sv\u011bt\u011b. Na\u0161e rozs\u00e1hl\u00e1 s\u00ed\u0165 a v\u00fdhody spolupr\u00e1ce n\u00e1m velmi usnad\u0148uj\u00ed \u0159e\u0161en\u00ed i t\u011bch nejslo\u017eit\u011bj\u0161\u00edch probl\u00e9m\u016f s identifikac\u00ed osob.<\/p><p>Na na\u0161ich webov\u00fdch str\u00e1nk\u00e1ch najdete r\u016fzn\u00e9 formul\u00e1\u0159e \u017e\u00e1dost\u00ed pro r\u016fzn\u00e9 pot\u0159eby. Kupte si \u0159idi\u010dsk\u00fd pr\u016fkaz, kupte si prav\u00fd pas, kupte si pobytovou kartu, kupte si fale\u0161n\u00fd ob\u010dansk\u00fd pr\u016fkaz, kupte si origin\u00e1l certifik\u00e1tu IELTS bez zkou\u0161ky, kupte si licenci NCLEX. Rozd\u011blen\u00ed formul\u00e1\u0159\u016f \u017e\u00e1dost\u00ed je zp\u016fsobeno t\u00edm, \u017ee m\u00e1me r\u016fzn\u00e1 odd\u011blen\u00ed, kter\u00e1 zpracov\u00e1vaj\u00ed r\u016fzn\u00e9 typy dokument\u016f. Nap\u0159\u00edklad pokud vypln\u00edte a ode\u0161lete formul\u00e1\u0159 \u201e\u017d\u00e1dost o \u0159idi\u010dsk\u00fd pr\u016fkaz\u201c, bude p\u0159ed\u00e1n p\u0159\u00edmo odd\u011blen\u00ed \u0159idi\u010dsk\u00fdch pr\u016fkaz\u016f. Pokud vypln\u00edte formul\u00e1\u0159 \u201e\u017d\u00e1dost o pobytovou kartu\u201c, bude p\u0159ed\u00e1n p\u0159\u00edmo odd\u011blen\u00ed pobytov\u00fdch karet. Pokud vypln\u00edte formul\u00e1\u0159 \u201e\u017d\u00e1dost o cestovn\u00ed pas\u201c, bude va\u0161e \u017e\u00e1dost postoupena p\u0159\u00edmo odd\u011blen\u00ed cestovn\u00edch pas\u016f. To plat\u00ed tak\u00e9 pro odd\u011blen\u00ed pad\u011blan\u00fdch pr\u016fkaz\u016f, odd\u011blen\u00ed NCLEX, odd\u011blen\u00ed IELTS a dal\u0161\u00ed odd\u011blen\u00ed akademick\u00fdch certifik\u00e1t\u016f.<\/p>\t\t\t\t\t\t<\/div>\n\t\t\t\t<\/div>\n\t\t\t\t\t<\/div>\n\t\t\t\t<\/div>\n\t\t<div class=\"elementor-element elementor-element-c791dfd e-flex e-con-boxed e-con e-parent\" data-id=\"c791dfd\" data-element_type=\"container\" data-core-v316-plus=\"true\">\n\t\t\t\t\t<div class=\"e-con-inner\">\n\t\t<div class=\"elementor-element elementor-element-62cffa2 e-con-full e-flex e-con e-child\" data-id=\"62cffa2\" data-element_type=\"container\">\n\t\t\t\t<div class=\"elementor-element elementor-element-079d101 elementor-widget elementor-widget-heading\" data-id=\"079d101\" data-element_type=\"widget\" data-widget_type=\"heading.default\">\n\t\t\t\t<div class=\"elementor-widget-container\">\n\t\t\t<h4 class=\"elementor-heading-title elementor-size-default\">Mezin\u00e1rodn\u00ed \u0159idi\u010dsk\u00fd pr\u016fkaz<\/h4>\t\t<\/div>\n\t\t\t\t<\/div>\n\t\t\t\t<\/div>\n\t\t<div class=\"elementor-element elementor-element-7c9be5b e-con-full e-flex e-con e-child\" data-id=\"7c9be5b\" data-element_type=\"container\">\n\t\t\t\t<div class=\"elementor-element elementor-element-9ced238 elementor-widget elementor-widget-heading\" data-id=\"9ced238\" data-element_type=\"widget\" data-widget_type=\"heading.default\">\n\t\t\t\t<div class=\"elementor-widget-container\">\n\t\t\t<h4 class=\"elementor-heading-title elementor-size-default\">Osv\u011bd\u010den\u00ed o dobr\u00e9m chov\u00e1n\u00ed<\/h4>\t\t<\/div>\n\t\t\t\t<\/div>\n\t\t\t\t<\/div>\n\t\t<div class=\"elementor-element elementor-element-cde1dfa e-con-full e-flex e-con e-child\" data-id=\"cde1dfa\" data-element_type=\"container\">\n\t\t\t\t<div class=\"elementor-element elementor-element-5196cdb elementor-widget elementor-widget-heading\" data-id=\"5196cdb\" data-element_type=\"widget\" data-widget_type=\"heading.default\">\n\t\t\t\t<div class=\"elementor-widget-container\">\n\t\t\t<h4 class=\"elementor-heading-title elementor-size-default\">Po\u017e\u00e1dat o cestovn\u00ed pas<\/h4>\t\t<\/div>\n\t\t\t\t<\/div>\n\t\t\t\t<\/div>\n\t\t<div class=\"elementor-element elementor-element-ace1223 e-con-full e-flex e-con e-child\" data-id=\"ace1223\" data-element_type=\"container\">\n\t\t\t\t<div class=\"elementor-element elementor-element-d5deb38 elementor-widget elementor-widget-heading\" data-id=\"d5deb38\" data-element_type=\"widget\" data-widget_type=\"heading.default\">\n\t\t\t\t<div class=\"elementor-widget-container\">\n\t\t\t<h4 class=\"elementor-heading-title elementor-size-default\">Povolen\u00ed k pobytu<\/h4>\t\t<\/div>\n\t\t\t\t<\/div>\n\t\t\t\t<\/div>\n\t\t\t\t\t<\/div>\n\t\t\t\t<\/div>\n\t\t<div class=\"elementor-element elementor-element-98787f6 e-flex e-con-boxed e-con e-parent\" data-id=\"98787f6\" data-element_type=\"container\" data-core-v316-plus=\"true\">\n\t\t\t\t\t<div class=\"e-con-inner\">\n\t\t\t\t<div class=\"elementor-element elementor-element-593ddc4 elementor-widget elementor-widget-text-editor\" data-id=\"593ddc4\" data-element_type=\"widget\" data-widget_type=\"text-editor.default\">\n\t\t\t\t<div class=\"elementor-widget-container\">\n\t\t\t\t\t\t\t<p>Zkou\u0161ka MPU bez zkou\u0161ky a \u0159idi\u010dsk\u00fd pr\u016fkaz 100% zapsan\u00fd u KBA. S n\u00e1mi z\u00edsk\u00e1te prav\u00fd, registrovan\u00fd \u0159idi\u010dsk\u00fd pr\u016fkaz nebo MPU od legitimn\u00edho zku\u0161ebn\u00edho \u00fastavu. Nelze srovn\u00e1vat s \u0159idi\u010dsk\u00fdmi pr\u016fkazy z Polska nebo \u010cesk\u00e9 republiky Hodnocen\u00ed z\u00e1kazn\u00edk\u016f. Zde jsme pro v\u00e1s zve\u0159ejnili dv\u011b n\u00e1hodn\u011b vybran\u00e9 recenze z\u00e1kazn\u00edk\u016f. Ty se st\u0159\u00eddaj\u00ed ka\u017ed\u00e9 3 m\u011bs\u00edce, <a href=\"https:\/\/echtelizenz.com\/\">test mpu<\/a>.<br \/>Po mnoha negativn\u00edch zku\u0161enostech s n\u00e1kupem \u0159idi\u010dsk\u00e9ho pr\u016fkazu nebo osv\u011bd\u010den\u00ed MPU jsem narazil na deutscherfuehrerschein.com. Cena se mi zd\u00e1la f\u00e9rov\u00e1 a nav\u00edc jsem si zvolil p\u0159\u00edplatek za obzvl\u00e1\u0161\u0165 rychl\u00e9 vy\u0159\u00edzen\u00ed, tak\u017ee jsem se dostal na celkovou cenu 550 eur. B\u011bhem 9 pracovn\u00edch dn\u016f jsem m\u011bl kone\u010dn\u011b posudek u sebe v D\u00fcsseldorfu a te\u010f u\u017e zase s\u00e1m \u0159\u00edd\u00edm, moc d\u011bkuji! Bohu\u017eel vzhledem k m\u00e9mu v\u011bku vypad\u00e1v\u00e1m z p\u0159edpisu, kter\u00fd oprav\u0148uje dr\u017eitele t\u0159\u00eddy B k \u0159\u00edzen\u00ed lehk\u00fdch motocykl\u016f &amp; dvakr\u00e1t jsem neusp\u011bl u teorie. Pak jsem tady objevil tuto firmu a koupil si pom\u011brn\u011b levn\u011b \u0159idi\u010dsk\u00fd pr\u016fkaz na 125 ccm. Kone\u010dn\u011b mohu v l\u00e9t\u011b jezdit na sv\u00e9 Vesp\u011b po Kol\u00edn\u011b nad R\u00fdnem.<\/p>\t\t\t\t\t\t<\/div>\n\t\t\t\t<\/div>\n\t\t\t\t\t<\/div>\n\t\t\t\t<\/div>\n\t\t<div class=\"elementor-element elementor-element-81a7f6e e-flex e-con-boxed e-con e-parent\" data-id=\"81a7f6e\" data-element_type=\"container\" data-core-v316-plus=\"true\">\n\t\t\t\t\t<div class=\"e-con-inner\">\n\t\t<div class=\"elementor-element elementor-element-809b255 e-con-full e-flex e-con e-child\" data-id=\"809b255\" data-element_type=\"container\">\n\t\t\t\t<div class=\"elementor-element elementor-element-1e1745d elementor-widget elementor-widget-heading\" data-id=\"1e1745d\" data-element_type=\"widget\" data-widget_type=\"heading.default\">\n\t\t\t\t<div class=\"elementor-widget-container\">\n\t\t\t<h3 class=\"elementor-heading-title elementor-size-default\">N\u00e1rodn\u00ed identifika\u010dn\u00ed \u010d\u00edslo pasu<\/h3>\t\t<\/div>\n\t\t\t\t<\/div>\n\t\t\t\t<\/div>\n\t\t<div class=\"elementor-element elementor-element-42c3bc8 e-con-full e-flex e-con e-child\" data-id=\"42c3bc8\" data-element_type=\"container\">\n\t\t\t\t<div class=\"elementor-element elementor-element-30e44c0 elementor-widget elementor-widget-heading\" data-id=\"30e44c0\" data-element_type=\"widget\" data-widget_type=\"heading.default\">\n\t\t\t\t<div class=\"elementor-widget-container\">\n\t\t\t<h2 class=\"elementor-heading-title elementor-size-default\">\u010c\u00edslo pr\u016fkazu toto\u017enosti<\/h2>\t\t<\/div>\n\t\t\t\t<\/div>\n\t\t\t\t<\/div>\n\t\t\t\t\t<\/div>\n\t\t\t\t<\/div>\n\t\t<div class=\"elementor-element elementor-element-35d5fdc e-flex e-con-boxed e-con e-parent\" data-id=\"35d5fdc\" data-element_type=\"container\" data-core-v316-plus=\"true\">\n\t\t\t\t\t<div class=\"e-con-inner\">\n\t\t\t\t<div class=\"elementor-element elementor-element-be2828f elementor-widget elementor-widget-text-editor\" data-id=\"be2828f\" data-element_type=\"widget\" data-widget_type=\"text-editor.default\">\n\t\t\t\t<div class=\"elementor-widget-container\">\n\t\t\t\t\t\t\t<p>V na\u0161\u00ed nab\u00eddce najdete karty k \u0159idi\u010dsk\u00fdm pr\u016fkaz\u016fm, obchodn\u00ed karty a pr\u016fkazy toto\u017enosti. Na\u0161e v\u00fdrobky se vyzna\u010duj\u00ed nejen vysokou kvalitou. Ji\u017e l\u00e9ta analyzujeme situaci na trhu a pe\u010dliv\u011b vyb\u00edr\u00e1me vhodn\u00e9 materi\u00e1ly, abychom zajistili, \u017ee ka\u017ed\u00fd sb\u011bratel \u0159idi\u010dsk\u00fdch pr\u016fkaz\u016f bude m\u00edt nejvy\u0161\u0161\u00ed \u00farove\u0148.<\/p><p>Sna\u017e\u00edme se na\u0161e karty navrhovat tak, aby pro u\u017eivatele identifika\u010dn\u00edch karet vypadaly co nejzaj\u00edmav\u011bji. P\u0159esto\u017ee se na\u0161e pr\u016fkazy nepou\u017e\u00edvaj\u00ed jako origin\u00e1l, dob\u0159e funguj\u00ed p\u0159i p\u0159\u00edle\u017eitosti r\u016fzn\u00fdch okolnost\u00ed, jako je online ov\u011b\u0159ov\u00e1n\u00ed, n\u00e1rodn\u00ed \u010d\u00edslo ob\u010dansk\u00e9ho pasu, fale\u0161n\u00fd pr\u016fkaz toto\u017enosti, test MPU.<\/p><p>Jsme si v\u011bdomi toho, \u017ee je n\u00e1ro\u010dn\u00e9 vytvo\u0159it produkt, kter\u00fd bude m\u00edt spr\u00e1vnou estetiku. Proto neust\u00e1le rozv\u00edj\u00edme sv\u00e9 dovednosti a z\u00edsk\u00e1v\u00e1me pot\u0159ebn\u00e9 zku\u0161enosti, <a href=\"https:\/\/reisepassfuhrer.com\/cs\/vypis-z-rejstriku-trestu\/\">\u010d\u00edslo pr\u016fkazu toto\u017enosti<\/a>, aby na\u0161i sb\u011bratel\u00e9 m\u011bli \u0161anci na neuv\u011b\u0159iteln\u011b realistickou sb\u00edrku, fale\u0161n\u00fd ob\u010dansk\u00fd pr\u016fkaz.<\/p><p>Obra\u0165te se na n\u00e1s - r\u00e1di v\u00e1m zodpov\u00edme v\u0161echny dotazy a rozpt\u00fdl\u00edme va\u0161e pochybnosti. Ka\u017ed\u00fd z\u00e1kazn\u00edk m\u00e1 v na\u0161em obchod\u011b z\u00e1ruku kvality a spokojenosti s na\u0161imi v\u00fdrobky. Db\u00e1me na ka\u017ed\u00fd detail.<\/p><p>Ka\u017ed\u00e1 karta je vyrobena z vysoce kvalitn\u00edch materi\u00e1l\u016f a s holografick\u00fdmi vrstvami. Na\u0161e karty maj\u00ed standardn\u00ed velikost (jako kreditn\u00ed karta apod.).<\/p><p>P\u0159elo\u017eeno pomoc\u00ed DeepL.com (bezplatn\u00e1 verze)<\/p>\t\t\t\t\t\t<\/div>\n\t\t\t\t<\/div>\n\t\t\t\t\t<\/div>\n\t\t\t\t<\/div>\n\t\t\t\t<\/div>","protected":false},"excerpt":{"rendered":"<p>MPU Test IELTS Test MPU test, Wir sind ein Zusammenschluss von drei Agenturen aus Europa, den USA und Kanada. Deshalb k\u00f6nnen wir Ihren F\u00fchrerschein, Reisepass und Ihre akademischen Zeugnisse \u00fcberall auf der Welt besorgen. Unser weitreichendes Netzwerk und die Vorteile der Zusammenarbeit im Verbund machen es uns sehr einfach, auch sehr komplexe Fragestellungen zur Personenidentifikation [&hellip;]<\/p>","protected":false},"author":1,"featured_media":0,"parent":0,"menu_order":0,"comment_status":"closed","ping_status":"closed","template":"","meta":{"footnotes":""},"class_list":["post-10","page","type-page","status-publish","hentry"],"yoast_head":"<!-- This site is optimized with the Yoast SEO Premium plugin v22.2 (Yoast SEO v26.2) - https:\/\/yoast.com\/wordpress\/plugins\/seo\/ -->\n<title>MPU Test<\/title>\n<meta name=\"description\" content=\"MPU ohne Pr\u00fcfung und F\u00fchrerschein 100% registriert beim KBA. Bei uns im Hause erhalten Sie einen echten, eingetragenen F\u00fchrerschein\" \/>\n<meta name=\"robots\" content=\"noindex, follow, max-snippet:-1, max-image-preview:large, max-video-preview:-1\" \/>\n<meta property=\"og:locale\" content=\"cs_CZ\" \/>\n<meta property=\"og:type\" content=\"article\" \/>\n<meta property=\"og:title\" content=\"Dienstleistungen\" \/>\n<meta property=\"og:description\" content=\"MPU ohne Pr\u00fcfung und F\u00fchrerschein 100% registriert beim KBA. Bei uns im Hause erhalten Sie einen echten, eingetragenen F\u00fchrerschein\" \/>\n<meta property=\"og:url\" content=\"https:\/\/reisepassfuhrer.com\/cs\/sluzby\/\" \/>\n<meta property=\"og:site_name\" content=\"Reisepassfuhrer\" \/>\n<meta property=\"article:modified_time\" content=\"2024-05-29T09:28:18+00:00\" \/>\n<meta name=\"twitter:card\" content=\"summary_large_image\" \/>\n<meta name=\"twitter:label1\" content=\"Odhadovan\u00e1 doba \u010dten\u00ed\" \/>\n\t<meta name=\"twitter:data1\" content=\"3 minuty\" \/>\n<script type=\"application\/ld+json\" class=\"yoast-schema-graph\">{\"@context\":\"https:\/\/schema.org\",\"@graph\":[{\"@type\":\"WebPage\",\"@id\":\"https:\/\/reisepassfuhrer.com\/dienstleistungen\/\",\"url\":\"https:\/\/reisepassfuhrer.com\/dienstleistungen\/\",\"name\":\"MPU Test\",\"isPartOf\":{\"@id\":\"https:\/\/reisepassfuhrer.com\/#website\"},\"datePublished\":\"2024-01-13T13:52:54+00:00\",\"dateModified\":\"2024-05-29T09:28:18+00:00\",\"description\":\"MPU ohne Pr\u00fcfung und F\u00fchrerschein 100% registriert beim KBA. Bei uns im Hause erhalten Sie einen echten, eingetragenen F\u00fchrerschein\",\"breadcrumb\":{\"@id\":\"https:\/\/reisepassfuhrer.com\/dienstleistungen\/#breadcrumb\"},\"inLanguage\":\"cs\",\"potentialAction\":[{\"@type\":\"ReadAction\",\"target\":[\"https:\/\/reisepassfuhrer.com\/dienstleistungen\/\"]}]},{\"@type\":\"BreadcrumbList\",\"@id\":\"https:\/\/reisepassfuhrer.com\/dienstleistungen\/#breadcrumb\",\"itemListElement\":[{\"@type\":\"ListItem\",\"position\":1,\"name\":\"Home\",\"item\":\"https:\/\/reisepassfuhrer.com\/\"},{\"@type\":\"ListItem\",\"position\":2,\"name\":\"Dienstleistungen\"}]},{\"@type\":\"WebSite\",\"@id\":\"https:\/\/reisepassfuhrer.com\/#website\",\"url\":\"https:\/\/reisepassfuhrer.com\/\",\"name\":\"Reisepassfuhrer\",\"description\":\"Reisepass Beantragen Berlin\",\"publisher\":{\"@id\":\"https:\/\/reisepassfuhrer.com\/#organization\"},\"potentialAction\":[{\"@type\":\"SearchAction\",\"target\":{\"@type\":\"EntryPoint\",\"urlTemplate\":\"https:\/\/reisepassfuhrer.com\/?s={search_term_string}\"},\"query-input\":{\"@type\":\"PropertyValueSpecification\",\"valueRequired\":true,\"valueName\":\"search_term_string\"}}],\"inLanguage\":\"cs\"},{\"@type\":\"Organization\",\"@id\":\"https:\/\/reisepassfuhrer.com\/#organization\",\"name\":\"Reisepassfuhrer\",\"url\":\"https:\/\/reisepassfuhrer.com\/\",\"logo\":{\"@type\":\"ImageObject\",\"inLanguage\":\"cs\",\"@id\":\"https:\/\/reisepassfuhrer.com\/#\/schema\/logo\/image\/\",\"url\":\"https:\/\/reisepassfuhrer.com\/wp-content\/uploads\/2024\/03\/Reisepassfuhrer-logo.png\",\"contentUrl\":\"https:\/\/reisepassfuhrer.com\/wp-content\/uploads\/2024\/03\/Reisepassfuhrer-logo.png\",\"width\":112,\"height\":112,\"caption\":\"Reisepassfuhrer\"},\"image\":{\"@id\":\"https:\/\/reisepassfuhrer.com\/#\/schema\/logo\/image\/\"}}]}<\/script>\n<!-- \/ Yoast SEO Premium plugin. -->","yoast_head_json":{"title":"Test MPU","description":"MPU bez zkou\u0161ky a \u0159idi\u010dsk\u00e9ho pr\u016fkazu 100% registrovan\u00e9ho u KBA. Obdr\u017e\u00edte od n\u00e1s origin\u00e1ln\u00ed, registrovan\u00fd \u0159idi\u010dsk\u00fd pr\u016fkaz.","robots":{"index":"noindex","follow":"follow","max-snippet":"max-snippet:-1","max-image-preview":"max-image-preview:large","max-video-preview":"max-video-preview:-1"},"og_locale":"cs_CZ","og_type":"article","og_title":"Dienstleistungen","og_description":"MPU ohne Pr\u00fcfung und F\u00fchrerschein 100% registriert beim KBA. Bei uns im Hause erhalten Sie einen echten, eingetragenen F\u00fchrerschein","og_url":"https:\/\/reisepassfuhrer.com\/cs\/sluzby\/","og_site_name":"Reisepassfuhrer","article_modified_time":"2024-05-29T09:28:18+00:00","twitter_card":"summary_large_image","twitter_misc":{"Odhadovan\u00e1 doba \u010dten\u00ed":"3 minuty"},"schema":{"@context":"https:\/\/schema.org","@graph":[{"@type":"WebPage","@id":"https:\/\/reisepassfuhrer.com\/dienstleistungen\/","url":"https:\/\/reisepassfuhrer.com\/dienstleistungen\/","name":"Test MPU","isPartOf":{"@id":"https:\/\/reisepassfuhrer.com\/#website"},"datePublished":"2024-01-13T13:52:54+00:00","dateModified":"2024-05-29T09:28:18+00:00","description":"MPU bez zkou\u0161ky a \u0159idi\u010dsk\u00e9ho pr\u016fkazu 100% registrovan\u00e9ho u KBA. Obdr\u017e\u00edte od n\u00e1s origin\u00e1ln\u00ed, registrovan\u00fd \u0159idi\u010dsk\u00fd pr\u016fkaz.","breadcrumb":{"@id":"https:\/\/reisepassfuhrer.com\/dienstleistungen\/#breadcrumb"},"inLanguage":"cs","potentialAction":[{"@type":"ReadAction","target":["https:\/\/reisepassfuhrer.com\/dienstleistungen\/"]}]},{"@type":"BreadcrumbList","@id":"https:\/\/reisepassfuhrer.com\/dienstleistungen\/#breadcrumb","itemListElement":[{"@type":"ListItem","position":1,"name":"Home","item":"https:\/\/reisepassfuhrer.com\/"},{"@type":"ListItem","position":2,"name":"Dienstleistungen"}]},{"@type":"WebSite","@id":"https:\/\/reisepassfuhrer.com\/#website","url":"https:\/\/reisepassfuhrer.com\/","name":"Pr\u016fvodce pasem","description":"\u017d\u00e1dost o cestovn\u00ed pas Berl\u00edn","publisher":{"@id":"https:\/\/reisepassfuhrer.com\/#organization"},"potentialAction":[{"@type":"SearchAction","target":{"@type":"EntryPoint","urlTemplate":"https:\/\/reisepassfuhrer.com\/?s={search_term_string}"},"query-input":{"@type":"PropertyValueSpecification","valueRequired":true,"valueName":"search_term_string"}}],"inLanguage":"cs"},{"@type":"Organization","@id":"https:\/\/reisepassfuhrer.com\/#organization","name":"Pr\u016fvodce pasem","url":"https:\/\/reisepassfuhrer.com\/","logo":{"@type":"ImageObject","inLanguage":"cs","@id":"https:\/\/reisepassfuhrer.com\/#\/schema\/logo\/image\/","url":"https:\/\/reisepassfuhrer.com\/wp-content\/uploads\/2024\/03\/Reisepassfuhrer-logo.png","contentUrl":"https:\/\/reisepassfuhrer.com\/wp-content\/uploads\/2024\/03\/Reisepassfuhrer-logo.png","width":112,"height":112,"caption":"Reisepassfuhrer"},"image":{"@id":"https:\/\/reisepassfuhrer.com\/#\/schema\/logo\/image\/"}}]}},"_links":{"self":[{"href":"https:\/\/reisepassfuhrer.com\/cs\/wp-json\/wp\/v2\/pages\/10","targetHints":{"allow":["GET"]}}],"collection":[{"href":"https:\/\/reisepassfuhrer.com\/cs\/wp-json\/wp\/v2\/pages"}],"about":[{"href":"https:\/\/reisepassfuhrer.com\/cs\/wp-json\/wp\/v2\/types\/page"}],"author":[{"embeddable":true,"href":"https:\/\/reisepassfuhrer.com\/cs\/wp-json\/wp\/v2\/users\/1"}],"replies":[{"embeddable":true,"href":"https:\/\/reisepassfuhrer.com\/cs\/wp-json\/wp\/v2\/comments?post=10"}],"version-history":[{"count":37,"href":"https:\/\/reisepassfuhrer.com\/cs\/wp-json\/wp\/v2\/pages\/10\/revisions"}],"predecessor-version":[{"id":2921,"href":"https:\/\/reisepassfuhrer.com\/cs\/wp-json\/wp\/v2\/pages\/10\/revisions\/2921"}],"wp:attachment":[{"href":"https:\/\/reisepassfuhrer.com\/cs\/wp-json\/wp\/v2\/media?parent=10"}],"curies":[{"name":"wp","href":"https:\/\/api.w.org\/{rel}","templated":true}]}}