{"id":2824,"date":"2024-03-18T17:56:14","date_gmt":"2024-03-18T17:56:14","guid":{"rendered":"https:\/\/reisepassfuhrer.com\/?page_id=2824"},"modified":"2024-05-29T17:45:01","modified_gmt":"2024-05-29T17:45:01","slug":"internationaler-fuhrerschein-schweiz","status":"publish","type":"page","link":"https:\/\/reisepassfuhrer.com\/cs\/mezinarodni-ridicsky-prukaz-svycarsko\/","title":{"rendered":"\u017d\u00e1dost o mezin\u00e1rodn\u00ed \u0159idi\u010dsk\u00fd pr\u016fkaz pro \u0160v\u00fdcarsko - snadno a rychle"},"content":{"rendered":"<div data-elementor-type=\"wp-page\" data-elementor-id=\"2824\" class=\"elementor elementor-2824\" data-elementor-post-type=\"page\">\n\t\t\t\t<div class=\"elementor-element elementor-element-fd4af8e e-flex e-con-boxed e-con e-parent\" data-id=\"fd4af8e\" data-element_type=\"container\" data-core-v316-plus=\"true\">\n\t\t\t\t\t<div class=\"e-con-inner\">\n\t\t<div class=\"elementor-element elementor-element-754a4c2 e-con-full e-flex e-con e-child\" data-id=\"754a4c2\" data-element_type=\"container\">\n\t\t\t\t<div class=\"elementor-element elementor-element-2786251 elementor-widget elementor-widget-heading\" data-id=\"2786251\" data-element_type=\"widget\" data-widget_type=\"heading.default\">\n\t\t\t\t<div class=\"elementor-widget-container\">\n\t\t\t<style>\/*! elementor - v3.20.0 - 13-03-2024 *\/\n.elementor-heading-title{padding:0;margin:0;line-height:1}.elementor-widget-heading .elementor-heading-title[class*=elementor-size-]>a{color:inherit;font-size:inherit;line-height:inherit}.elementor-widget-heading .elementor-heading-title.elementor-size-small{font-size:15px}.elementor-widget-heading .elementor-heading-title.elementor-size-medium{font-size:19px}.elementor-widget-heading .elementor-heading-title.elementor-size-large{font-size:29px}.elementor-widget-heading .elementor-heading-title.elementor-size-xl{font-size:39px}.elementor-widget-heading .elementor-heading-title.elementor-size-xxl{font-size:59px}<\/style><h2 class=\"elementor-heading-title elementor-size-default\">ce n\u00e1klad\u016f na \u0159idi\u010dsk\u00fd pr\u016fkaz<\/h2>\t\t<\/div>\n\t\t\t\t<\/div>\n\t\t\t\t<\/div>\n\t\t<div class=\"elementor-element elementor-element-f56f4ef e-con-full e-flex e-con e-child\" data-id=\"f56f4ef\" data-element_type=\"container\">\n\t\t\t\t<div class=\"elementor-element elementor-element-1bd92be elementor-widget elementor-widget-heading\" data-id=\"1bd92be\" data-element_type=\"widget\" data-widget_type=\"heading.default\">\n\t\t\t\t<div class=\"elementor-widget-container\">\n\t\t\t<h2 class=\"elementor-heading-title elementor-size-default\">b\u00fdt Polsko<\/h2>\t\t<\/div>\n\t\t\t\t<\/div>\n\t\t\t\t<\/div>\n\t\t\t\t\t<\/div>\n\t\t\t\t<\/div>\n\t\t<div class=\"elementor-element elementor-element-576716a3 e-flex e-con-boxed e-con e-parent\" data-id=\"576716a3\" data-element_type=\"container\" data-core-v316-plus=\"true\">\n\t\t\t\t\t<div class=\"e-con-inner\">\n\t\t\t\t<div class=\"elementor-element elementor-element-2f82d64 elementor-widget elementor-widget-text-editor\" data-id=\"2f82d64\" data-element_type=\"widget\" data-widget_type=\"text-editor.default\">\n\t\t\t\t<div class=\"elementor-widget-container\">\n\t\t\t<style>\/*! elementor - v3.20.0 - 13-03-2024 *\/\n.elementor-widget-text-editor.elementor-drop-cap-view-stacked .elementor-drop-cap{background-color:#69727d;color:#fff}.elementor-widget-text-editor.elementor-drop-cap-view-framed .elementor-drop-cap{color:#69727d;border:3px solid;background-color:transparent}.elementor-widget-text-editor:not(.elementor-drop-cap-view-default) .elementor-drop-cap{margin-top:8px}.elementor-widget-text-editor:not(.elementor-drop-cap-view-default) .elementor-drop-cap-letter{width:1em;height:1em}.elementor-widget-text-editor .elementor-drop-cap{float:left;text-align:center;line-height:1;font-size:50px}.elementor-widget-text-editor .elementor-drop-cap-letter{display:inline-block}<\/style>\t\t\t\t<!-- wp:image {\"id\":2826,\"width\":\"830px\",\"height\":\"auto\",\"sizeSlug\":\"full\",\"linkDestination\":\"none\"} -->\n<figure class=\"wp-block-image size-full is-resized\"><img fetchpriority=\"high\" decoding=\"async\" width=\"845\" height=\"360\" class=\"wp-image-2826\" style=\"width: 830px; height: auto;\" src=\"https:\/\/reisepassfuhrer.com\/wp-content\/uploads\/2024\/03\/Internationaler-Fuhrerschein-Schweiz.png\" alt=\"Mezin\u00e1rodn\u00ed \u0159idi\u010dsk\u00fd pr\u016fkaz \u0160v\u00fdcarsko\" srcset=\"https:\/\/reisepassfuhrer.com\/wp-content\/uploads\/2024\/03\/Internationaler-Fuhrerschein-Schweiz.png 845w, https:\/\/reisepassfuhrer.com\/wp-content\/uploads\/2024\/03\/Internationaler-Fuhrerschein-Schweiz-300x128.png 300w, https:\/\/reisepassfuhrer.com\/wp-content\/uploads\/2024\/03\/Internationaler-Fuhrerschein-Schweiz-768x327.png 768w, https:\/\/reisepassfuhrer.com\/wp-content\/uploads\/2024\/03\/Internationaler-Fuhrerschein-Schweiz-450x192.png 450w\" sizes=\"(max-width: 845px) 100vw, 845px\" \/><\/figure>\n<!-- \/wp:image --><!-- wp:paragraph -->\n<p><strong>Cestujete do \u0160v\u00fdcarska a jste mobiln\u00ed? S mezin\u00e1rodn\u00edm \u0159idi\u010dsk\u00fdm pr\u016fkazem \u017e\u00e1dn\u00fd probl\u00e9m!<\/strong><\/p>\n<!-- \/wp:paragraph --><!-- wp:paragraph -->\n<p><strong>Rychle a snadno:<\/strong> O mezin\u00e1rodn\u00ed \u0159idi\u010dsk\u00fd pr\u016fkaz m\u016f\u017eete po\u017e\u00e1dat online b\u011bhem n\u011bkolika minut.<\/p>\n<!-- \/wp:paragraph --><!-- wp:paragraph -->\n<p><strong>\u017d\u00e1dn\u00e9 \u010dekac\u00ed doby:<\/strong> \u0158idi\u010dsk\u00fd pr\u016fkaz v\u00e1m bude zasl\u00e1n po\u0161tou p\u0159\u00edmo dom\u016f.<\/p>\n<!-- \/wp:paragraph --><!-- wp:paragraph -->\n<p><strong>Plat\u00ed ve v\u00edce ne\u017e 150 zem\u00edch:<\/strong> Jezd\u011bte bezpe\u010dn\u011b a leg\u00e1ln\u011b s mezin\u00e1rodn\u00edm \u0159idi\u010dsk\u00fdm pr\u016fkazem ve \u0160v\u00fdcarsku a mnoha dal\u0161\u00edch zem\u00edch.<\/p>\n<!-- \/wp:paragraph --><!-- wp:paragraph -->\n<p><strong>All inclusive:<\/strong> Postar\u00e1me se o cel\u00fd proces - od \u017e\u00e1dosti a\u017e po dod\u00e1n\u00ed.<\/p>\n<!-- \/wp:paragraph --><!-- wp:paragraph -->\n<p><strong>Va\u0161e v\u00fdhody:<\/strong><\/p>\n<!-- \/wp:paragraph --><!-- wp:list -->\n<ul><!-- wp:list-item -->\n<li><strong>Rychle a snadno:<\/strong>\u00a0Online \u017e\u00e1dost za p\u00e1r minut<\/li>\n<!-- \/wp:list-item --><!-- wp:list-item -->\n<li><strong>Pohodln\u00e9:<\/strong>\u00a0Doru\u010den\u00ed po\u0161tou p\u0159\u00edmo k v\u00e1m dom\u016f<\/li>\n<!-- \/wp:list-item --><!-- wp:list-item -->\n<li><strong>Plat\u00ed po cel\u00e9m sv\u011bt\u011b:<\/strong>\u00a0Jezd\u011bte leg\u00e1ln\u011b ve v\u00edce ne\u017e 150 zem\u00edch<\/li>\n<!-- \/wp:list-item --><!-- wp:list-item -->\n<li><strong>Bezstarostnost:<\/strong>\u00a0Postar\u00e1me se o v\u0161echno<\/li>\n<!-- \/wp:list-item --><\/ul>\n<!-- \/wp:list --><!-- wp:paragraph -->\n<p><strong>Co mus\u00edte ud\u011blat?<\/strong><\/p>\n<!-- \/wp:paragraph --><!-- wp:list {\"ordered\":true} -->\n<ol><!-- wp:list-item -->\n<li>Vypl\u0148te online formul\u00e1\u0159.<\/li>\n<!-- \/wp:list-item --><!-- wp:list-item -->\n<li>Nahrajte aktu\u00e1ln\u00ed pasovou fotografii.<\/li>\n<!-- \/wp:list-item --><!-- wp:list-item -->\n<li>Poplatek m\u016f\u017eete bezpe\u010dn\u011b zaplatit online.<\/li>\n<!-- \/wp:list-item --><!-- wp:list-item -->\n<li>Mezin\u00e1rodn\u00ed \u0159idi\u010dsk\u00fd pr\u016fkaz obdr\u017e\u00edte po\u0161tou.<\/li>\n<!-- \/wp:list-item --><\/ol>\n<!-- \/wp:list --><!-- wp:paragraph -->\n<p><strong>Podejte si \u017e\u00e1dost a cestujte do \u0160v\u00fdcarska bez obav!<\/strong><\/p>\n<!-- \/wp:paragraph --><!-- wp:paragraph -->\n<p><strong>Dal\u0161\u00ed informace:<\/strong><\/p>\n<!-- \/wp:paragraph --><!-- wp:list -->\n<ul><!-- wp:list-item -->\n<li><strong>Kter\u00e9 zem\u011b p\u0159ij\u00edmaj\u00ed mezin\u00e1rodn\u00ed \u0159idi\u010dsk\u00fd pr\u016fkaz?<\/strong>\u00a0Seznam v\u0161ech zem\u00ed, kter\u00e9 p\u0159ij\u00edmaj\u00ed mezin\u00e1rodn\u00ed \u0159idi\u010dsk\u00fd pr\u016fkaz, najdete na internetov\u00fdch str\u00e1nk\u00e1ch Spolkov\u00e9ho ministerstva dopravy a digit\u00e1ln\u00ed infrastruktury.<\/li>\n<!-- \/wp:list-item --><!-- wp:list-item -->\n<li><strong>Jak dlouho plat\u00ed mezin\u00e1rodn\u00ed \u0159idi\u010dsk\u00fd pr\u016fkaz?<\/strong>\u00a0Mezin\u00e1rodn\u00ed \u0159idi\u010dsk\u00fd pr\u016fkaz je platn\u00fd t\u0159i roky.<\/li>\n<!-- \/wp:list-item --><!-- wp:list-item -->\n<li><strong>Kolik stoj\u00ed mezin\u00e1rodn\u00ed \u0159idi\u010dsk\u00fd pr\u016fkaz?<\/strong>\u00a0Poplatek za mezin\u00e1rodn\u00ed \u0159idi\u010dsk\u00fd pr\u016fkaz v N\u011bmecku \u010din\u00ed 16,30 EUR.<\/li>\n<!-- \/wp:list-item --><\/ul>\n<!-- \/wp:list --><!-- wp:paragraph -->\n<p><strong>D\u016fle\u017eit\u00e9 pozn\u00e1mky:<\/strong><\/p>\n<!-- \/wp:paragraph --><!-- wp:list -->\n<ul><!-- wp:list-item -->\n<li>Mezin\u00e1rodn\u00ed \u0159idi\u010dsk\u00fd pr\u016fkaz nenahrazuje n\u00e1rodn\u00ed \u0159idi\u010dsk\u00fd pr\u016fkaz. Oba \u0159idi\u010dsk\u00e9 pr\u016fkazy mus\u00edte m\u00edt v\u017edy u sebe, f\u00fchrerschein im ausland machen.<\/li>\n<!-- \/wp:list-item --><!-- wp:list-item -->\n<li>Mezin\u00e1rodn\u00ed \u0159idi\u010dsk\u00fd pr\u016fkaz je platn\u00fd pouze ve spojen\u00ed s n\u00e1rodn\u00edm \u0159idi\u010dsk\u00fdm pr\u016fkazem.<\/li>\n<!-- \/wp:list-item --><!-- wp:list-item -->\n<li>V n\u011bkter\u00fdch zem\u00edch nesta\u010d\u00ed mezin\u00e1rodn\u00ed \u0159idi\u010dsk\u00fd pr\u016fkaz. P\u0159ed cestou se informujte o p\u0159edpisech t\u00fdkaj\u00edc\u00edch se \u0159idi\u010dsk\u00fdch pr\u016fkaz\u016f v c\u00edlov\u00e9 zemi.<\/li>\n<!-- \/wp:list-item --><\/ul>\n<!-- \/wp:list --><!-- wp:paragraph -->\n<p><strong>Kde najdu mezin\u00e1rodn\u00ed <a href=\"https:\/\/reisepassfuhrer.com\/cs\/vypis-z-rejstriku-trestu\/\">\u0158idi\u010dsk\u00fd pr\u016fkaz<\/a> pou\u017e\u00edt?<\/strong><\/p>\n<!-- \/wp:paragraph --><!-- wp:list -->\n<ul><!-- wp:list-item -->\n<li><strong>\u00da\u0159ad pro silni\u010dn\u00ed dopravu v kantonu va\u0161eho bydli\u0161t\u011b<\/strong><\/li>\n<!-- \/wp:list-item --><!-- wp:list-item -->\n<li><strong>Online port\u00e1l \u00fa\u0159adu pro silni\u010dn\u00ed dopravu<\/strong><\/li>\n<!-- \/wp:list-item --><!-- wp:list-item -->\n<li><strong>\u0e1a\u0e32\u0e07\u0e41\u0e2b\u0e48\u0e07<\/strong>\u00a0\u0160v\u00fdcarsk\u00fd autoklub (ACS)<\/li>\n<!-- \/wp:list-item --><!-- wp:list-item -->\n<li><strong>\u0e1a\u0e32\u0e07\u0e41\u0e2b\u0e48\u0e07<\/strong>\u00a0Touring Club Switzerland (TCS)<\/li>\n<!-- \/wp:list-item --><\/ul>\n<!-- \/wp:list --><!-- wp:heading {\"level\":5} -->\n<h5 id=\"h-kosten\" class=\"wp-block-heading\"><strong>N\u00e1klady:<\/strong><\/h5>\n<!-- \/wp:heading --><!-- wp:paragraph -->\n<p>Cena mezin\u00e1rodn\u00edho \u0159idi\u010dsk\u00e9ho pr\u016fkazu se li\u0161\u00ed v z\u00e1vislosti na kantonu. Zpravidla se pohybuj\u00ed mezi 15 a 30 CHF.<\/p>\n<!-- \/wp:paragraph --><!-- wp:paragraph -->\n<p><strong>Platnost:<\/strong><\/p>\n<!-- \/wp:paragraph --><!-- wp:paragraph -->\n<p>Mezin\u00e1rodn\u00ed \u0159idi\u010dsk\u00fd pr\u016fkaz je platn\u00fd 3 roky.<\/p>\n<!-- \/wp:paragraph --><!-- wp:paragraph -->\n<p><strong>Rychle a snadno:<\/strong><\/p>\n<!-- \/wp:paragraph --><!-- wp:list -->\n<ul><!-- wp:list-item -->\n<li><strong>Online p\u0159ihl\u00e1\u0161ka:<\/strong>\u00a0Po\u017e\u00e1dejte o mezin\u00e1rodn\u00ed \u0159idi\u010dsk\u00fd pr\u016fkaz z pohodl\u00ed domova.<\/li>\n<!-- \/wp:list-item --><!-- wp:list-item -->\n<li><strong>Kr\u00e1tk\u00e1 doba zpracov\u00e1n\u00ed:<\/strong>\u00a0\u0158idi\u010dsk\u00fd pr\u016fkaz obdr\u017e\u00edte zpravidla do 3-5 pracovn\u00edch dn\u016f.<\/li>\n<!-- \/wp:list-item --><!-- wp:list-item -->\n<li><strong>\u017d\u00e1dn\u00e9 vy\u0161et\u0159en\u00ed:<\/strong>\u00a0Nemus\u00edte skl\u00e1dat dal\u0161\u00ed zkou\u0161ku.<\/li>\n<!-- \/wp:list-item --><\/ul>\n<!-- \/wp:list --><!-- wp:paragraph -->\n<p><strong>P\u0159edpoklady :<\/strong><\/p>\n<!-- \/wp:paragraph --><!-- wp:list -->\n<ul><!-- wp:list-item -->\n<li><strong>Platn\u00fd n\u00e1rodn\u00ed \u0159idi\u010dsk\u00fd pr\u016fkaz:<\/strong>\u00a0Mus\u00edte m\u00edt platn\u00fd \u0159idi\u010dsk\u00fd pr\u016fkaz ze sv\u00e9 domovsk\u00e9 zem\u011b.<\/li>\n<!-- \/wp:list-item --><!-- wp:list-item -->\n<li><strong>Minim\u00e1ln\u00ed v\u011bk:<\/strong>\u00a0Minim\u00e1ln\u00ed v\u011bk pro z\u00edsk\u00e1n\u00ed mezin\u00e1rodn\u00edho \u0159idi\u010dsk\u00e9ho pr\u016fkazu je 18 let.<\/li>\n<!-- \/wp:list-item --><!-- wp:list-item -->\n<li><strong>Pasov\u00e1 fotografie:<\/strong>\u00a0Budete pot\u0159ebovat aktu\u00e1ln\u00ed pasovou fotografii.<\/li>\n<!-- \/wp:list-item --><\/ul>\n<!-- \/wp:list --><!-- wp:paragraph -->\n<p><strong>Jak po\u017e\u00e1dat o mezin\u00e1rodn\u00ed \u0159idi\u010dsk\u00fd pr\u016fkaz:<\/strong><\/p>\n<!-- \/wp:paragraph --><!-- wp:list {\"ordered\":true} -->\n<ol><!-- wp:list-item -->\n<li><strong>Nav\u0161tivte webov\u00e9 str\u00e1nky p\u0159\u00edslu\u0161n\u00e9ho silni\u010dn\u00edho \u00fa\u0159adu.<\/strong><\/li>\n<!-- \/wp:list-item --><!-- wp:list-item -->\n<li><strong>Vypl\u0148te online p\u0159ihl\u00e1\u0161ku.<\/strong><\/li>\n<!-- \/wp:list-item --><!-- wp:list-item -->\n<li><strong>Nahrajte po\u017eadovan\u00e9 dokumenty.<\/strong><\/li>\n<!-- \/wp:list-item --><!-- wp:list-item -->\n<li><strong>Zaplatit poplatek.<\/strong>(up\u0159esn\u011bn\u00ed)<\/li>\n<!-- \/wp:list-item --><!-- wp:list-item -->\n<li><strong>Po\u010dkejte na zasl\u00e1n\u00ed \u0159idi\u010dsk\u00e9ho pr\u016fkazu.<\/strong><\/li>\n<!-- \/wp:list-item --><\/ol>\n<!-- \/wp:list --><!-- wp:paragraph -->\n<p><strong>Tip:<\/strong> <a href=\"http:\/\/facebook.com\">Informujte<\/a> P\u0159esn\u00e9 informace o poplatc\u00edch a dob\u011b vy\u0159\u00edzen\u00ed naleznete na internetov\u00fdch str\u00e1nk\u00e1ch \u00da\u0159adu pro vyd\u00e1v\u00e1n\u00ed povolen\u00ed k provozu na pozemn\u00edch komunikac\u00edch.<\/p>\n<!-- \/wp:paragraph -->\t\t\t\t\t\t<\/div>\n\t\t\t\t<\/div>\n\t\t\t\t\t<\/div>\n\t\t\t\t<\/div>\n\t\t<div class=\"elementor-element elementor-element-464aa0b e-flex e-con-boxed e-con e-parent\" data-id=\"464aa0b\" data-element_type=\"container\" data-core-v316-plus=\"true\">\n\t\t\t\t\t<div class=\"e-con-inner\">\n\t\t<div class=\"elementor-element elementor-element-8d8397f e-con-full e-flex e-con e-child\" data-id=\"8d8397f\" data-element_type=\"container\">\n\t\t\t\t<div class=\"elementor-element elementor-element-2e5c51c elementor-widget elementor-widget-heading\" data-id=\"2e5c51c\" data-element_type=\"widget\" data-widget_type=\"heading.default\">\n\t\t\t\t<div class=\"elementor-widget-container\">\n\t\t\t<h5 class=\"elementor-heading-title elementor-size-default\">Roz\u0161\u00ed\u0159en\u00ed \u0159idi\u010dsk\u00e9ho pr\u016fkazu<\/h5>\t\t<\/div>\n\t\t\t\t<\/div>\n\t\t\t\t<\/div>\n\t\t<div class=\"elementor-element elementor-element-79e6856 e-con-full e-flex e-con e-child\" data-id=\"79e6856\" data-element_type=\"container\">\n\t\t\t\t<div class=\"elementor-element elementor-element-2900abe elementor-widget elementor-widget-heading\" data-id=\"2900abe\" data-element_type=\"widget\" data-widget_type=\"heading.default\">\n\t\t\t\t<div class=\"elementor-widget-container\">\n\t\t\t<h3 class=\"elementor-heading-title elementor-size-default\">N\u00e1klady na \u0159idi\u010dsk\u00fd pr\u016fkaz<\/h3>\t\t<\/div>\n\t\t\t\t<\/div>\n\t\t\t\t<\/div>\n\t\t<div class=\"elementor-element elementor-element-11d7efc e-con-full e-flex e-con e-child\" data-id=\"11d7efc\" data-element_type=\"container\">\n\t\t\t\t<div class=\"elementor-element elementor-element-1874fd7 elementor-widget elementor-widget-heading\" data-id=\"1874fd7\" data-element_type=\"widget\" data-widget_type=\"heading.default\">\n\t\t\t\t<div class=\"elementor-widget-container\">\n\t\t\t<h3 class=\"elementor-heading-title elementor-size-default\">\u0159idi\u010dsk\u00fd pr\u016fkaz do 7 dn\u016f<\/h3>\t\t<\/div>\n\t\t\t\t<\/div>\n\t\t\t\t<\/div>\n\t\t<div class=\"elementor-element elementor-element-fd121f2 e-con-full e-flex e-con e-child\" data-id=\"fd121f2\" data-element_type=\"container\">\n\t\t\t\t<div class=\"elementor-element elementor-element-9195cfd elementor-widget elementor-widget-heading\" data-id=\"9195cfd\" data-element_type=\"widget\" data-widget_type=\"heading.default\">\n\t\t\t\t<div class=\"elementor-widget-container\">\n\t\t\t<h3 class=\"elementor-heading-title elementor-size-default\">\u0158idi\u010dsk\u00fd pr\u016fkaz Polsko<\/h3>\t\t<\/div>\n\t\t\t\t<\/div>\n\t\t\t\t<\/div>\n\t\t\t\t\t<\/div>\n\t\t\t\t<\/div>\n\t\t\t\t<\/div>","protected":false},"excerpt":{"rendered":"<p>ce f\u00fchrerschein kosten be polen In die Schweiz reisen und mobil sein? Mit dem internationalen F\u00fchrerschein kein Problem! Schnell und einfach: Beantragen Sie Ihren internationalen F\u00fchrerschein online in wenigen Minuten. Keine Wartezeiten: Sie erhalten Ihren F\u00fchrerschein per Post direkt nach Hause geschickt. G\u00fcltig in \u00fcber 150 L\u00e4ndern: Fahren Sie mit Ihrem internationalen F\u00fchrerschein in der [&hellip;]<\/p>","protected":false},"author":2,"featured_media":0,"parent":0,"menu_order":0,"comment_status":"closed","ping_status":"closed","template":"","meta":{"footnotes":""},"class_list":["post-2824","page","type-page","status-publish","hentry"],"yoast_head":"<!-- This site is optimized with the Yoast SEO Premium plugin v22.2 (Yoast SEO v26.2) - https:\/\/yoast.com\/wordpress\/plugins\/seo\/ -->\n<title>Internationaler F\u00fchrerschein Schweiz<\/title>\n<meta name=\"description\" content=\"Erhalten Sie schnell und einfach Ihren Internationaler F\u00fchrerschein Schweiz. Wir erkl\u00e4ren Ihnen die Schritte und helfen Ihnen.\" \/>\n<meta name=\"robots\" content=\"noindex, follow, max-snippet:-1, max-image-preview:large, max-video-preview:-1\" \/>\n<meta property=\"og:locale\" content=\"cs_CZ\" \/>\n<meta property=\"og:type\" content=\"article\" \/>\n<meta property=\"og:title\" content=\"Internationalen F\u00fchrerschein f\u00fcr die Schweiz beantragen \u2013 schnell und einfach\" \/>\n<meta property=\"og:description\" content=\"Erhalten Sie schnell und einfach Ihren Internationaler F\u00fchrerschein Schweiz. Wir erkl\u00e4ren Ihnen die Schritte und helfen Ihnen.\" \/>\n<meta property=\"og:url\" content=\"https:\/\/reisepassfuhrer.com\/cs\/mezinarodni-ridicsky-prukaz-svycarsko\/\" \/>\n<meta property=\"og:site_name\" content=\"Reisepassfuhrer\" \/>\n<meta property=\"article:modified_time\" content=\"2024-05-29T17:45:01+00:00\" \/>\n<meta property=\"og:image\" content=\"https:\/\/reisepassfuhrer.com\/wp-content\/uploads\/2024\/03\/Internationaler-Fuhrerschein-Schweiz.png\" \/>\n<meta name=\"twitter:card\" content=\"summary_large_image\" \/>\n<meta name=\"twitter:label1\" content=\"Odhadovan\u00e1 doba \u010dten\u00ed\" \/>\n\t<meta name=\"twitter:data1\" content=\"3 minuty\" \/>\n<script type=\"application\/ld+json\" class=\"yoast-schema-graph\">{\"@context\":\"https:\/\/schema.org\",\"@graph\":[{\"@type\":\"WebPage\",\"@id\":\"https:\/\/reisepassfuhrer.com\/internationaler-fuhrerschein-schweiz\/\",\"url\":\"https:\/\/reisepassfuhrer.com\/internationaler-fuhrerschein-schweiz\/\",\"name\":\"Internationaler F\u00fchrerschein Schweiz\",\"isPartOf\":{\"@id\":\"https:\/\/reisepassfuhrer.com\/#website\"},\"primaryImageOfPage\":{\"@id\":\"https:\/\/reisepassfuhrer.com\/internationaler-fuhrerschein-schweiz\/#primaryimage\"},\"image\":{\"@id\":\"https:\/\/reisepassfuhrer.com\/internationaler-fuhrerschein-schweiz\/#primaryimage\"},\"thumbnailUrl\":\"https:\/\/reisepassfuhrer.com\/wp-content\/uploads\/2024\/03\/Internationaler-Fuhrerschein-Schweiz.png\",\"datePublished\":\"2024-03-18T17:56:14+00:00\",\"dateModified\":\"2024-05-29T17:45:01+00:00\",\"description\":\"Erhalten Sie schnell und einfach Ihren Internationaler F\u00fchrerschein Schweiz. Wir erkl\u00e4ren Ihnen die Schritte und helfen Ihnen.\",\"breadcrumb\":{\"@id\":\"https:\/\/reisepassfuhrer.com\/internationaler-fuhrerschein-schweiz\/#breadcrumb\"},\"inLanguage\":\"cs\",\"potentialAction\":[{\"@type\":\"ReadAction\",\"target\":[\"https:\/\/reisepassfuhrer.com\/internationaler-fuhrerschein-schweiz\/\"]}]},{\"@type\":\"ImageObject\",\"inLanguage\":\"cs\",\"@id\":\"https:\/\/reisepassfuhrer.com\/internationaler-fuhrerschein-schweiz\/#primaryimage\",\"url\":\"https:\/\/reisepassfuhrer.com\/wp-content\/uploads\/2024\/03\/Internationaler-Fuhrerschein-Schweiz.png\",\"contentUrl\":\"https:\/\/reisepassfuhrer.com\/wp-content\/uploads\/2024\/03\/Internationaler-Fuhrerschein-Schweiz.png\"},{\"@type\":\"BreadcrumbList\",\"@id\":\"https:\/\/reisepassfuhrer.com\/internationaler-fuhrerschein-schweiz\/#breadcrumb\",\"itemListElement\":[{\"@type\":\"ListItem\",\"position\":1,\"name\":\"Home\",\"item\":\"https:\/\/reisepassfuhrer.com\/\"},{\"@type\":\"ListItem\",\"position\":2,\"name\":\"Internationalen F\u00fchrerschein f\u00fcr die Schweiz beantragen \u2013 schnell und einfach\"}]},{\"@type\":\"WebSite\",\"@id\":\"https:\/\/reisepassfuhrer.com\/#website\",\"url\":\"https:\/\/reisepassfuhrer.com\/\",\"name\":\"Reisepassfuhrer\",\"description\":\"Reisepass Beantragen Berlin\",\"publisher\":{\"@id\":\"https:\/\/reisepassfuhrer.com\/#organization\"},\"potentialAction\":[{\"@type\":\"SearchAction\",\"target\":{\"@type\":\"EntryPoint\",\"urlTemplate\":\"https:\/\/reisepassfuhrer.com\/?s={search_term_string}\"},\"query-input\":{\"@type\":\"PropertyValueSpecification\",\"valueRequired\":true,\"valueName\":\"search_term_string\"}}],\"inLanguage\":\"cs\"},{\"@type\":\"Organization\",\"@id\":\"https:\/\/reisepassfuhrer.com\/#organization\",\"name\":\"Reisepassfuhrer\",\"url\":\"https:\/\/reisepassfuhrer.com\/\",\"logo\":{\"@type\":\"ImageObject\",\"inLanguage\":\"cs\",\"@id\":\"https:\/\/reisepassfuhrer.com\/#\/schema\/logo\/image\/\",\"url\":\"https:\/\/reisepassfuhrer.com\/wp-content\/uploads\/2024\/03\/Reisepassfuhrer-logo.png\",\"contentUrl\":\"https:\/\/reisepassfuhrer.com\/wp-content\/uploads\/2024\/03\/Reisepassfuhrer-logo.png\",\"width\":112,\"height\":112,\"caption\":\"Reisepassfuhrer\"},\"image\":{\"@id\":\"https:\/\/reisepassfuhrer.com\/#\/schema\/logo\/image\/\"}}]}<\/script>\n<!-- \/ Yoast SEO Premium plugin. -->","yoast_head_json":{"title":"Mezin\u00e1rodn\u00ed \u0159idi\u010dsk\u00fd pr\u016fkaz \u0160v\u00fdcarsko","description":"Z\u00edskejte mezin\u00e1rodn\u00ed \u0159idi\u010dsk\u00fd pr\u016fkaz pro \u0160v\u00fdcarsko snadno a rychle. Vysv\u011btl\u00edme v\u00e1m, jak postupovat, a pom\u016f\u017eeme v\u00e1m.","robots":{"index":"noindex","follow":"follow","max-snippet":"max-snippet:-1","max-image-preview":"max-image-preview:large","max-video-preview":"max-video-preview:-1"},"og_locale":"cs_CZ","og_type":"article","og_title":"Internationalen F\u00fchrerschein f\u00fcr die Schweiz beantragen \u2013 schnell und einfach","og_description":"Erhalten Sie schnell und einfach Ihren Internationaler F\u00fchrerschein Schweiz. Wir erkl\u00e4ren Ihnen die Schritte und helfen Ihnen.","og_url":"https:\/\/reisepassfuhrer.com\/cs\/mezinarodni-ridicsky-prukaz-svycarsko\/","og_site_name":"Reisepassfuhrer","article_modified_time":"2024-05-29T17:45:01+00:00","og_image":[{"url":"https:\/\/reisepassfuhrer.com\/wp-content\/uploads\/2024\/03\/Internationaler-Fuhrerschein-Schweiz.png","type":"","width":"","height":""}],"twitter_card":"summary_large_image","twitter_misc":{"Odhadovan\u00e1 doba \u010dten\u00ed":"3 minuty"},"schema":{"@context":"https:\/\/schema.org","@graph":[{"@type":"WebPage","@id":"https:\/\/reisepassfuhrer.com\/internationaler-fuhrerschein-schweiz\/","url":"https:\/\/reisepassfuhrer.com\/internationaler-fuhrerschein-schweiz\/","name":"Mezin\u00e1rodn\u00ed \u0159idi\u010dsk\u00fd pr\u016fkaz \u0160v\u00fdcarsko","isPartOf":{"@id":"https:\/\/reisepassfuhrer.com\/#website"},"primaryImageOfPage":{"@id":"https:\/\/reisepassfuhrer.com\/internationaler-fuhrerschein-schweiz\/#primaryimage"},"image":{"@id":"https:\/\/reisepassfuhrer.com\/internationaler-fuhrerschein-schweiz\/#primaryimage"},"thumbnailUrl":"https:\/\/reisepassfuhrer.com\/wp-content\/uploads\/2024\/03\/Internationaler-Fuhrerschein-Schweiz.png","datePublished":"2024-03-18T17:56:14+00:00","dateModified":"2024-05-29T17:45:01+00:00","description":"Z\u00edskejte mezin\u00e1rodn\u00ed \u0159idi\u010dsk\u00fd pr\u016fkaz pro \u0160v\u00fdcarsko snadno a rychle. Vysv\u011btl\u00edme v\u00e1m, jak postupovat, a pom\u016f\u017eeme v\u00e1m.","breadcrumb":{"@id":"https:\/\/reisepassfuhrer.com\/internationaler-fuhrerschein-schweiz\/#breadcrumb"},"inLanguage":"cs","potentialAction":[{"@type":"ReadAction","target":["https:\/\/reisepassfuhrer.com\/internationaler-fuhrerschein-schweiz\/"]}]},{"@type":"ImageObject","inLanguage":"cs","@id":"https:\/\/reisepassfuhrer.com\/internationaler-fuhrerschein-schweiz\/#primaryimage","url":"https:\/\/reisepassfuhrer.com\/wp-content\/uploads\/2024\/03\/Internationaler-Fuhrerschein-Schweiz.png","contentUrl":"https:\/\/reisepassfuhrer.com\/wp-content\/uploads\/2024\/03\/Internationaler-Fuhrerschein-Schweiz.png"},{"@type":"BreadcrumbList","@id":"https:\/\/reisepassfuhrer.com\/internationaler-fuhrerschein-schweiz\/#breadcrumb","itemListElement":[{"@type":"ListItem","position":1,"name":"Home","item":"https:\/\/reisepassfuhrer.com\/"},{"@type":"ListItem","position":2,"name":"Internationalen F\u00fchrerschein f\u00fcr die Schweiz beantragen \u2013 schnell und einfach"}]},{"@type":"WebSite","@id":"https:\/\/reisepassfuhrer.com\/#website","url":"https:\/\/reisepassfuhrer.com\/","name":"Pr\u016fvodce pasem","description":"\u017d\u00e1dost o cestovn\u00ed pas Berl\u00edn","publisher":{"@id":"https:\/\/reisepassfuhrer.com\/#organization"},"potentialAction":[{"@type":"SearchAction","target":{"@type":"EntryPoint","urlTemplate":"https:\/\/reisepassfuhrer.com\/?s={search_term_string}"},"query-input":{"@type":"PropertyValueSpecification","valueRequired":true,"valueName":"search_term_string"}}],"inLanguage":"cs"},{"@type":"Organization","@id":"https:\/\/reisepassfuhrer.com\/#organization","name":"Pr\u016fvodce pasem","url":"https:\/\/reisepassfuhrer.com\/","logo":{"@type":"ImageObject","inLanguage":"cs","@id":"https:\/\/reisepassfuhrer.com\/#\/schema\/logo\/image\/","url":"https:\/\/reisepassfuhrer.com\/wp-content\/uploads\/2024\/03\/Reisepassfuhrer-logo.png","contentUrl":"https:\/\/reisepassfuhrer.com\/wp-content\/uploads\/2024\/03\/Reisepassfuhrer-logo.png","width":112,"height":112,"caption":"Reisepassfuhrer"},"image":{"@id":"https:\/\/reisepassfuhrer.com\/#\/schema\/logo\/image\/"}}]}},"_links":{"self":[{"href":"https:\/\/reisepassfuhrer.com\/cs\/wp-json\/wp\/v2\/pages\/2824","targetHints":{"allow":["GET"]}}],"collection":[{"href":"https:\/\/reisepassfuhrer.com\/cs\/wp-json\/wp\/v2\/pages"}],"about":[{"href":"https:\/\/reisepassfuhrer.com\/cs\/wp-json\/wp\/v2\/types\/page"}],"author":[{"embeddable":true,"href":"https:\/\/reisepassfuhrer.com\/cs\/wp-json\/wp\/v2\/users\/2"}],"replies":[{"embeddable":true,"href":"https:\/\/reisepassfuhrer.com\/cs\/wp-json\/wp\/v2\/comments?post=2824"}],"version-history":[{"count":10,"href":"https:\/\/reisepassfuhrer.com\/cs\/wp-json\/wp\/v2\/pages\/2824\/revisions"}],"predecessor-version":[{"id":2930,"href":"https:\/\/reisepassfuhrer.com\/cs\/wp-json\/wp\/v2\/pages\/2824\/revisions\/2930"}],"wp:attachment":[{"href":"https:\/\/reisepassfuhrer.com\/cs\/wp-json\/wp\/v2\/media?parent=2824"}],"curies":[{"name":"wp","href":"https:\/\/api.w.org\/{rel}","templated":true}]}}