{"id":3131,"date":"2025-08-22T10:24:30","date_gmt":"2025-08-22T10:24:30","guid":{"rendered":"https:\/\/reisepassfuhrer.com\/?post_type=product&#038;p=3131"},"modified":"2025-08-22T10:24:31","modified_gmt":"2025-08-22T10:24:31","slug":"deutscher-fuhrerschein-usa","status":"publish","type":"product","link":"https:\/\/reisepassfuhrer.com\/cs\/product\/nemecky-ridicsky-prukaz-usa\/","title":{"rendered":"N\u011bmeck\u00fd \u0159idi\u010dsk\u00fd pr\u016fkaz USA"},"content":{"rendered":"<p data-start=\"592\" data-end=\"929\">Na str\u00e1nk\u00e1ch <strong data-start=\"596\" data-end=\"621\">N\u011bmeck\u00fd \u0159idi\u010dsk\u00fd pr\u016fkaz<\/strong> je v mnoha st\u00e1tech USA vysoce uzn\u00e1v\u00e1n - zejm\u00e9na po p\u0159edlo\u017een\u00ed mezin\u00e1rodn\u00edho \u0159idi\u010dsk\u00e9ho pr\u016fkazu nebo jeho ov\u011b\u0159en\u00e9ho p\u0159ekladu. Na\u0161e slu\u017eba v\u00e1s podpo\u0159\u00ed p\u0159i leg\u00e1ln\u00edm z\u00edsk\u00e1n\u00ed <a href=\"https:\/\/reisepassfuhrer.com\/cs\/nemecky-ridicsky-prukaz\/\"><strong data-start=\"830\" data-end=\"857\">N\u011bmeck\u00fd \u0159idi\u010dsk\u00fd pr\u016fkaz<\/strong><\/a>, kter\u00fd je pln\u011b registrov\u00e1n a zaps\u00e1n v\u00fa\u0159edn\u00edm syst\u00e9mu.<\/p>\n<p data-start=\"931\" data-end=\"1082\">\u2705 <strong data-start=\"933\" data-end=\"959\">Platn\u00e9 a ov\u011b\u0159iteln\u00e9<\/strong><br data-start=\"959\" data-end=\"962\" \/>\u2705 <strong data-start=\"964\" data-end=\"989\">100 % pr\u00e1vn\u00ed proces<\/strong><br data-start=\"989\" data-end=\"992\" \/>\u2705 <strong data-start=\"994\" data-end=\"1039\">Rychl\u00e9 zpracov\u00e1n\u00ed a diskr\u00e9tn\u00ed doru\u010den\u00ed<\/strong><br data-start=\"1039\" data-end=\"1042\" \/>\u2705 <strong data-start=\"1044\" data-end=\"1082\">Ide\u00e1ln\u00ed pro pou\u017eit\u00ed v USA<\/strong><\/p>\n<p data-start=\"1084\" data-end=\"1327\">M\u016f\u017eete se spolehnout na na\u0161e zku\u0161enosti a diskr\u00e9tnost. A\u0165 u\u017e \u017eijete v USA trvale, nebo jste tam jen do\u010dasn\u011b - s opravdov\u00fdm <strong data-start=\"1226\" data-end=\"1264\">N\u011bmeck\u00fd \u0159idi\u010dsk\u00fd pr\u016fkaz pro USA<\/strong> zajistit si mobilitu bez stresu a dal\u0161\u00edch vy\u0161et\u0159en\u00ed.<\/p>\n<p data-start=\"1329\" data-end=\"1431\">Kontaktujte n\u00e1s je\u0161t\u011b dnes pro osobn\u00ed konzultaci - dostaneme v\u00e1s na silnici leg\u00e1ln\u011b!<\/p>","protected":false},"excerpt":{"rendered":"<p>Der deutsche F\u00fchrerschein genie\u00dft in vielen US-Bundesstaaten hohe Anerkennung \u2013 insbesondere bei Vorlage eines internationalen F\u00fchrerscheins oder einer beglaubigten \u00dcbersetzung. Unser Service unterst\u00fctzt Sie beim legalen Erwerb eines deutschen F\u00fchrerscheins, der vollst\u00e4ndig registriert und im offiziellen System eingetragen ist. \u2705 G\u00fcltig und \u00fcberpr\u00fcfbar\u2705 100 % legaler Prozess\u2705 Schnelle Bearbeitung &amp; diskrete Lieferung\u2705 Perfekt f\u00fcr die [&hellip;]<\/p>","protected":false},"featured_media":3133,"comment_status":"open","ping_status":"closed","template":"","meta":[],"product_brand":[],"product_cat":[44],"product_tag":[],"class_list":{"0":"post-3131","1":"product","2":"type-product","3":"status-publish","4":"has-post-thumbnail","6":"product_cat-uncategorized","8":"first","9":"instock","10":"shipping-taxable","11":"product-type-simple"},"yoast_head":"<!-- This site is optimized with the Yoast SEO Premium plugin v22.2 (Yoast SEO v26.2) - https:\/\/yoast.com\/wordpress\/plugins\/seo\/ -->\n<title>Deutscher F\u00fchrerschein USA - Reisepassfuhrer<\/title>\n<meta name=\"description\" content=\"mit einem echten deutschen F\u00fchrerschein f\u00fcr die USA sichern Sie sich Mobilit\u00e4t ohne Stress oder Zusatzpr\u00fcfungen.\" \/>\n<meta name=\"robots\" content=\"noindex, follow, max-snippet:-1, max-image-preview:large, max-video-preview:-1\" \/>\n<meta property=\"og:locale\" content=\"cs_CZ\" \/>\n<meta property=\"og:type\" content=\"article\" \/>\n<meta property=\"og:title\" content=\"Deutscher F\u00fchrerschein USA\" \/>\n<meta property=\"og:description\" content=\"mit einem echten deutschen F\u00fchrerschein f\u00fcr die USA sichern Sie sich Mobilit\u00e4t ohne Stress oder Zusatzpr\u00fcfungen.\" \/>\n<meta property=\"og:url\" content=\"https:\/\/reisepassfuhrer.com\/cs\/product\/nemecky-ridicsky-prukaz-usa\/\" \/>\n<meta property=\"og:site_name\" content=\"Reisepassfuhrer\" \/>\n<meta property=\"article:modified_time\" content=\"2025-08-22T10:24:31+00:00\" \/>\n<meta property=\"og:image\" content=\"http:\/\/reisepassfuhrer.com\/wp-content\/uploads\/2025\/08\/download-45.jpeg\" \/>\n\t<meta property=\"og:image:width\" content=\"225\" \/>\n\t<meta property=\"og:image:height\" content=\"225\" \/>\n\t<meta property=\"og:image:type\" content=\"image\/jpeg\" \/>\n<meta name=\"twitter:card\" content=\"summary_large_image\" \/>\n<meta name=\"twitter:label1\" content=\"Odhadovan\u00e1 doba \u010dten\u00ed\" \/>\n\t<meta name=\"twitter:data1\" content=\"1 minuta\" \/>\n<script type=\"application\/ld+json\" class=\"yoast-schema-graph\">{\"@context\":\"https:\/\/schema.org\",\"@graph\":[{\"@type\":\"WebPage\",\"@id\":\"https:\/\/reisepassfuhrer.com\/product\/deutscher-fuhrerschein-usa\/\",\"url\":\"https:\/\/reisepassfuhrer.com\/product\/deutscher-fuhrerschein-usa\/\",\"name\":\"Deutscher F\u00fchrerschein USA - Reisepassfuhrer\",\"isPartOf\":{\"@id\":\"https:\/\/reisepassfuhrer.com\/#website\"},\"primaryImageOfPage\":{\"@id\":\"https:\/\/reisepassfuhrer.com\/product\/deutscher-fuhrerschein-usa\/#primaryimage\"},\"image\":{\"@id\":\"https:\/\/reisepassfuhrer.com\/product\/deutscher-fuhrerschein-usa\/#primaryimage\"},\"thumbnailUrl\":\"https:\/\/reisepassfuhrer.com\/wp-content\/uploads\/2025\/08\/download-45.jpeg\",\"datePublished\":\"2025-08-22T10:24:30+00:00\",\"dateModified\":\"2025-08-22T10:24:31+00:00\",\"description\":\"mit einem echten deutschen F\u00fchrerschein f\u00fcr die USA sichern Sie sich Mobilit\u00e4t ohne Stress oder Zusatzpr\u00fcfungen.\",\"breadcrumb\":{\"@id\":\"https:\/\/reisepassfuhrer.com\/product\/deutscher-fuhrerschein-usa\/#breadcrumb\"},\"inLanguage\":\"cs\",\"potentialAction\":[{\"@type\":\"ReadAction\",\"target\":[\"https:\/\/reisepassfuhrer.com\/product\/deutscher-fuhrerschein-usa\/\"]}]},{\"@type\":\"ImageObject\",\"inLanguage\":\"cs\",\"@id\":\"https:\/\/reisepassfuhrer.com\/product\/deutscher-fuhrerschein-usa\/#primaryimage\",\"url\":\"https:\/\/reisepassfuhrer.com\/wp-content\/uploads\/2025\/08\/download-45.jpeg\",\"contentUrl\":\"https:\/\/reisepassfuhrer.com\/wp-content\/uploads\/2025\/08\/download-45.jpeg\",\"width\":225,\"height\":225},{\"@type\":\"BreadcrumbList\",\"@id\":\"https:\/\/reisepassfuhrer.com\/product\/deutscher-fuhrerschein-usa\/#breadcrumb\",\"itemListElement\":[{\"@type\":\"ListItem\",\"position\":1,\"name\":\"Home\",\"item\":\"https:\/\/reisepassfuhrer.com\/\"},{\"@type\":\"ListItem\",\"position\":2,\"name\":\"Shop\",\"item\":\"https:\/\/reisepassfuhrer.com\/shop\/\"},{\"@type\":\"ListItem\",\"position\":3,\"name\":\"Deutscher F\u00fchrerschein USA\"}]},{\"@type\":\"WebSite\",\"@id\":\"https:\/\/reisepassfuhrer.com\/#website\",\"url\":\"https:\/\/reisepassfuhrer.com\/\",\"name\":\"Reisepassfuhrer\",\"description\":\"Reisepass Beantragen Berlin\",\"publisher\":{\"@id\":\"https:\/\/reisepassfuhrer.com\/#organization\"},\"potentialAction\":[{\"@type\":\"SearchAction\",\"target\":{\"@type\":\"EntryPoint\",\"urlTemplate\":\"https:\/\/reisepassfuhrer.com\/?s={search_term_string}\"},\"query-input\":{\"@type\":\"PropertyValueSpecification\",\"valueRequired\":true,\"valueName\":\"search_term_string\"}}],\"inLanguage\":\"cs\"},{\"@type\":\"Organization\",\"@id\":\"https:\/\/reisepassfuhrer.com\/#organization\",\"name\":\"Reisepassfuhrer\",\"url\":\"https:\/\/reisepassfuhrer.com\/\",\"logo\":{\"@type\":\"ImageObject\",\"inLanguage\":\"cs\",\"@id\":\"https:\/\/reisepassfuhrer.com\/#\/schema\/logo\/image\/\",\"url\":\"https:\/\/reisepassfuhrer.com\/wp-content\/uploads\/2024\/03\/Reisepassfuhrer-logo.png\",\"contentUrl\":\"https:\/\/reisepassfuhrer.com\/wp-content\/uploads\/2024\/03\/Reisepassfuhrer-logo.png\",\"width\":112,\"height\":112,\"caption\":\"Reisepassfuhrer\"},\"image\":{\"@id\":\"https:\/\/reisepassfuhrer.com\/#\/schema\/logo\/image\/\"}}]}<\/script>\n<!-- \/ Yoast SEO Premium plugin. -->","yoast_head_json":{"title":"N\u011bmeck\u00fd \u0159idi\u010dsk\u00fd pr\u016fkaz USA - Pr\u016fvodce pasem","description":"S origin\u00e1ln\u00edm n\u011bmeck\u00fdm \u0159idi\u010dsk\u00fdm pr\u016fkazem pro USA si zajist\u00edte mobilitu bez stresu a dal\u0161\u00edch zkou\u0161ek.","robots":{"index":"noindex","follow":"follow","max-snippet":"max-snippet:-1","max-image-preview":"max-image-preview:large","max-video-preview":"max-video-preview:-1"},"og_locale":"cs_CZ","og_type":"article","og_title":"Deutscher F\u00fchrerschein USA","og_description":"mit einem echten deutschen F\u00fchrerschein f\u00fcr die USA sichern Sie sich Mobilit\u00e4t ohne Stress oder Zusatzpr\u00fcfungen.","og_url":"https:\/\/reisepassfuhrer.com\/cs\/product\/nemecky-ridicsky-prukaz-usa\/","og_site_name":"Reisepassfuhrer","article_modified_time":"2025-08-22T10:24:31+00:00","og_image":[{"width":225,"height":225,"url":"http:\/\/reisepassfuhrer.com\/wp-content\/uploads\/2025\/08\/download-45.jpeg","type":"image\/jpeg"}],"twitter_card":"summary_large_image","twitter_misc":{"Odhadovan\u00e1 doba \u010dten\u00ed":"1 minuta"},"schema":{"@context":"https:\/\/schema.org","@graph":[{"@type":"WebPage","@id":"https:\/\/reisepassfuhrer.com\/product\/deutscher-fuhrerschein-usa\/","url":"https:\/\/reisepassfuhrer.com\/product\/deutscher-fuhrerschein-usa\/","name":"N\u011bmeck\u00fd \u0159idi\u010dsk\u00fd pr\u016fkaz USA - Pr\u016fvodce pasem","isPartOf":{"@id":"https:\/\/reisepassfuhrer.com\/#website"},"primaryImageOfPage":{"@id":"https:\/\/reisepassfuhrer.com\/product\/deutscher-fuhrerschein-usa\/#primaryimage"},"image":{"@id":"https:\/\/reisepassfuhrer.com\/product\/deutscher-fuhrerschein-usa\/#primaryimage"},"thumbnailUrl":"https:\/\/reisepassfuhrer.com\/wp-content\/uploads\/2025\/08\/download-45.jpeg","datePublished":"2025-08-22T10:24:30+00:00","dateModified":"2025-08-22T10:24:31+00:00","description":"S origin\u00e1ln\u00edm n\u011bmeck\u00fdm \u0159idi\u010dsk\u00fdm pr\u016fkazem pro USA si zajist\u00edte mobilitu bez stresu a dal\u0161\u00edch zkou\u0161ek.","breadcrumb":{"@id":"https:\/\/reisepassfuhrer.com\/product\/deutscher-fuhrerschein-usa\/#breadcrumb"},"inLanguage":"cs","potentialAction":[{"@type":"ReadAction","target":["https:\/\/reisepassfuhrer.com\/product\/deutscher-fuhrerschein-usa\/"]}]},{"@type":"ImageObject","inLanguage":"cs","@id":"https:\/\/reisepassfuhrer.com\/product\/deutscher-fuhrerschein-usa\/#primaryimage","url":"https:\/\/reisepassfuhrer.com\/wp-content\/uploads\/2025\/08\/download-45.jpeg","contentUrl":"https:\/\/reisepassfuhrer.com\/wp-content\/uploads\/2025\/08\/download-45.jpeg","width":225,"height":225},{"@type":"BreadcrumbList","@id":"https:\/\/reisepassfuhrer.com\/product\/deutscher-fuhrerschein-usa\/#breadcrumb","itemListElement":[{"@type":"ListItem","position":1,"name":"Home","item":"https:\/\/reisepassfuhrer.com\/"},{"@type":"ListItem","position":2,"name":"Shop","item":"https:\/\/reisepassfuhrer.com\/shop\/"},{"@type":"ListItem","position":3,"name":"Deutscher F\u00fchrerschein USA"}]},{"@type":"WebSite","@id":"https:\/\/reisepassfuhrer.com\/#website","url":"https:\/\/reisepassfuhrer.com\/","name":"Pr\u016fvodce pasem","description":"\u017d\u00e1dost o cestovn\u00ed pas Berl\u00edn","publisher":{"@id":"https:\/\/reisepassfuhrer.com\/#organization"},"potentialAction":[{"@type":"SearchAction","target":{"@type":"EntryPoint","urlTemplate":"https:\/\/reisepassfuhrer.com\/?s={search_term_string}"},"query-input":{"@type":"PropertyValueSpecification","valueRequired":true,"valueName":"search_term_string"}}],"inLanguage":"cs"},{"@type":"Organization","@id":"https:\/\/reisepassfuhrer.com\/#organization","name":"Pr\u016fvodce pasem","url":"https:\/\/reisepassfuhrer.com\/","logo":{"@type":"ImageObject","inLanguage":"cs","@id":"https:\/\/reisepassfuhrer.com\/#\/schema\/logo\/image\/","url":"https:\/\/reisepassfuhrer.com\/wp-content\/uploads\/2024\/03\/Reisepassfuhrer-logo.png","contentUrl":"https:\/\/reisepassfuhrer.com\/wp-content\/uploads\/2024\/03\/Reisepassfuhrer-logo.png","width":112,"height":112,"caption":"Reisepassfuhrer"},"image":{"@id":"https:\/\/reisepassfuhrer.com\/#\/schema\/logo\/image\/"}}]}},"_links":{"self":[{"href":"https:\/\/reisepassfuhrer.com\/cs\/wp-json\/wp\/v2\/product\/3131","targetHints":{"allow":["GET"]}}],"collection":[{"href":"https:\/\/reisepassfuhrer.com\/cs\/wp-json\/wp\/v2\/product"}],"about":[{"href":"https:\/\/reisepassfuhrer.com\/cs\/wp-json\/wp\/v2\/types\/product"}],"replies":[{"embeddable":true,"href":"https:\/\/reisepassfuhrer.com\/cs\/wp-json\/wp\/v2\/comments?post=3131"}],"wp:featuredmedia":[{"embeddable":true,"href":"https:\/\/reisepassfuhrer.com\/cs\/wp-json\/wp\/v2\/media\/3133"}],"wp:attachment":[{"href":"https:\/\/reisepassfuhrer.com\/cs\/wp-json\/wp\/v2\/media?parent=3131"}],"wp:term":[{"taxonomy":"product_brand","embeddable":true,"href":"https:\/\/reisepassfuhrer.com\/cs\/wp-json\/wp\/v2\/product_brand?post=3131"},{"taxonomy":"product_cat","embeddable":true,"href":"https:\/\/reisepassfuhrer.com\/cs\/wp-json\/wp\/v2\/product_cat?post=3131"},{"taxonomy":"product_tag","embeddable":true,"href":"https:\/\/reisepassfuhrer.com\/cs\/wp-json\/wp\/v2\/product_tag?post=3131"}],"curies":[{"name":"wp","href":"https:\/\/api.w.org\/{rel}","templated":true}]}}