{"id":3138,"date":"2025-08-24T11:03:55","date_gmt":"2025-08-24T11:03:55","guid":{"rendered":"https:\/\/reisepassfuhrer.com\/?post_type=product&#038;p=3138"},"modified":"2025-08-24T11:03:56","modified_gmt":"2025-08-24T11:03:56","slug":"mofa-prufbescheinigung-online-machen","status":"publish","type":"product","link":"https:\/\/reisepassfuhrer.com\/cs\/product\/vyrobit-moped-testovaci-certifikat-online\/","title":{"rendered":"Vytvo\u0159it osv\u011bd\u010den\u00ed o zkou\u0161ce mopedu online"},"content":{"rendered":"<p data-start=\"160\" data-end=\"236\"><strong data-start=\"160\" data-end=\"236\">Z\u00edskejte osv\u011bd\u010den\u00ed o zkou\u0161ce na moped online - rychle, flexibiln\u011b a bez komplikac\u00ed<\/strong><\/p>\n<p data-start=\"238\" data-end=\"525\">Chcete, aby <strong data-start=\"254\" data-end=\"280\">Osv\u011bd\u010den\u00ed o zkou\u0161ce na moped<\/strong> zna\u010dka - velmi pohodln\u00e1 <strong data-start=\"302\" data-end=\"312\">online<\/strong> a vlastn\u00edm tempem? S na\u0161\u00edm certifikovan\u00fdm online kurzem se m\u016f\u017eete optim\u00e1ln\u011b p\u0159ipravit na zkou\u0161ku a brzy z\u00edskat osv\u011bd\u010den\u00ed o zkou\u0161ce pro j\u00edzdu na mopedu rychlost\u00ed do 25 km\/h.<\/p>\n<p data-start=\"527\" data-end=\"552\">\ud83d\udea6 <strong data-start=\"530\" data-end=\"552\">Co m\u016f\u017eete o\u010dek\u00e1vat:<\/strong><\/p>\n<ul data-start=\"554\" data-end=\"806\">\n<li data-start=\"554\" data-end=\"618\">\n<p data-start=\"556\" data-end=\"618\">Interaktivn\u00ed online kurz se v\u0161emi t\u00e9maty relevantn\u00edmi pro zkou\u0161ku<\/p>\n<\/li>\n<li data-start=\"619\" data-end=\"666\">\n<p data-start=\"621\" data-end=\"666\">V\u00fdukov\u00e1 videa, cvi\u010dn\u00e9 ot\u00e1zky a simulace test\u016f<\/p>\n<\/li>\n<li data-start=\"667\" data-end=\"711\">\n<p data-start=\"669\" data-end=\"711\">Flexibiln\u00ed u\u010den\u00ed - kdy a kde chcete<\/p>\n<\/li>\n<li data-start=\"712\" data-end=\"756\">\n<p data-start=\"714\" data-end=\"756\">Podpora zku\u0161en\u00fdch instruktor\u016f auto\u0161koly<\/p>\n<\/li>\n<li data-start=\"757\" data-end=\"806\">\n<p data-start=\"759\" data-end=\"806\">Ofici\u00e1ln\u00ed test v testovac\u00edm centru na m\u00edst\u011b<\/p>\n<\/li>\n<\/ul>\n<p data-start=\"808\" data-end=\"1075\">\ud83d\udcc4 <strong data-start=\"811\" data-end=\"850\">Co je to osv\u011bd\u010den\u00ed o zkou\u0161ce mopedu?<\/strong><br data-start=\"850\" data-end=\"853\" \/>Opr\u00e1v\u0148uje v\u00e1s k \u0159\u00edzen\u00ed jednostop\u00e9ho mopedu nebo elektrokola s maxim\u00e1ln\u00ed konstruk\u010dn\u00ed rychlost\u00ed 25 km\/h - ide\u00e1ln\u00ed pro mlad\u00e9 lidi od <strong data-start=\"1002\" data-end=\"1015\">15 let<\/strong>, kte\u0159\u00ed cht\u011bj\u00ed b\u00fdt mobiln\u00ed d\u0159\u00edve, ne\u017e je mo\u017en\u00e9 z\u00edskat \u0159idi\u010dsk\u00fd pr\u016fkaz.<\/p>\n<p data-start=\"1077\" data-end=\"1121\">\ud83c\udfaf <strong data-start=\"1080\" data-end=\"1121\">Pro koho je online kurz vhodn\u00fd?<\/strong><\/p>\n<ul data-start=\"1123\" data-end=\"1298\">\n<li data-start=\"1123\" data-end=\"1176\">\n<p data-start=\"1125\" data-end=\"1176\">Mlad\u00ed lid\u00e9 ve v\u011bku 14 a p\u016fl roku a star\u0161\u00ed (zkou\u0161ka mo\u017en\u00e1 od 15 let)<\/p>\n<\/li>\n<li data-start=\"1177\" data-end=\"1224\">\n<p data-start=\"1179\" data-end=\"1224\">Ka\u017ed\u00fd, kdo se chce u\u010dit z pohodl\u00ed domova.<\/p>\n<\/li>\n<li data-start=\"1225\" data-end=\"1298\">\n<p data-start=\"1227\" data-end=\"1298\">Rodi\u010de, kte\u0159\u00ed cht\u011bj\u00ed, aby jejich d\u011bti byly bezpe\u010dn\u011b p\u0159ipraveny.<\/p>\n<\/li>\n<\/ul>\n<hr data-start=\"1300\" data-end=\"1303\" \/>\n<p data-start=\"1305\" data-end=\"1403\"><strong data-start=\"1305\" data-end=\"1403\">Za\u010dn\u011bte nyn\u00ed a z\u00edskejte mobiln\u00ed telefon - z\u00edsk\u00e1n\u00ed osv\u011bd\u010den\u00ed o zkou\u0161ce na moped online nebylo nikdy tak snadn\u00e9!<\/strong><\/p>","protected":false},"excerpt":{"rendered":"<p>Mofa-Pr\u00fcfbescheinigung online machen \u2013 Schnell, flexibel &amp; unkompliziert Du m\u00f6chtest die Mofa-Pr\u00fcfbescheinigung machen \u2013 ganz bequem online und in deinem eigenen Tempo? Mit unserem zertifizierten Online-Kurs bereitest du dich optimal auf die Pr\u00fcfung vor und sicherst dir schon bald deine Pr\u00fcfbescheinigung f\u00fcr das Fahren eines Mofas mit bis zu 25 km\/h. \ud83d\udea6 Was dich erwartet: [&hellip;]<\/p>","protected":false},"featured_media":3140,"comment_status":"open","ping_status":"closed","template":"","meta":[],"product_brand":[],"product_cat":[44],"product_tag":[],"class_list":{"0":"post-3138","1":"product","2":"type-product","3":"status-publish","4":"has-post-thumbnail","6":"product_cat-uncategorized","8":"first","9":"instock","10":"shipping-taxable","11":"product-type-simple"},"yoast_head":"<!-- This site is optimized with the Yoast SEO Premium plugin v22.2 (Yoast SEO v26.2) - https:\/\/yoast.com\/wordpress\/plugins\/seo\/ -->\n<title>mofa-pr\u00fcfbescheinigung online machen - Reisepassfuhrer<\/title>\n<meta name=\"description\" content=\"Du m\u00f6chtest die Mofa-Pr\u00fcfbescheinigung machen \u2013 ganz bequem online und in deinem eigenen Tempo? Mit unserem zertifizierten Online-Kurs\" \/>\n<meta name=\"robots\" content=\"noindex, follow, max-snippet:-1, max-image-preview:large, max-video-preview:-1\" \/>\n<meta property=\"og:locale\" content=\"cs_CZ\" \/>\n<meta property=\"og:type\" content=\"article\" \/>\n<meta property=\"og:title\" content=\"mofa-pr\u00fcfbescheinigung online machen\" \/>\n<meta property=\"og:description\" content=\"Du m\u00f6chtest die Mofa-Pr\u00fcfbescheinigung machen \u2013 ganz bequem online und in deinem eigenen Tempo? Mit unserem zertifizierten Online-Kurs\" \/>\n<meta property=\"og:url\" content=\"https:\/\/reisepassfuhrer.com\/cs\/product\/vyrobit-moped-testovaci-certifikat-online\/\" \/>\n<meta property=\"og:site_name\" content=\"Reisepassfuhrer\" \/>\n<meta property=\"article:modified_time\" content=\"2025-08-24T11:03:56+00:00\" \/>\n<meta property=\"og:image\" content=\"http:\/\/reisepassfuhrer.com\/wp-content\/uploads\/2025\/08\/download-50.jpeg\" \/>\n\t<meta property=\"og:image:width\" content=\"257\" \/>\n\t<meta property=\"og:image:height\" content=\"196\" \/>\n\t<meta property=\"og:image:type\" content=\"image\/jpeg\" \/>\n<meta name=\"twitter:card\" content=\"summary_large_image\" \/>\n<meta name=\"twitter:label1\" content=\"Odhadovan\u00e1 doba \u010dten\u00ed\" \/>\n\t<meta name=\"twitter:data1\" content=\"1 minuta\" \/>\n<script type=\"application\/ld+json\" class=\"yoast-schema-graph\">{\"@context\":\"https:\/\/schema.org\",\"@graph\":[{\"@type\":\"WebPage\",\"@id\":\"https:\/\/reisepassfuhrer.com\/product\/mofa-prufbescheinigung-online-machen\/\",\"url\":\"https:\/\/reisepassfuhrer.com\/product\/mofa-prufbescheinigung-online-machen\/\",\"name\":\"mofa-pr\u00fcfbescheinigung online machen - Reisepassfuhrer\",\"isPartOf\":{\"@id\":\"https:\/\/reisepassfuhrer.com\/#website\"},\"primaryImageOfPage\":{\"@id\":\"https:\/\/reisepassfuhrer.com\/product\/mofa-prufbescheinigung-online-machen\/#primaryimage\"},\"image\":{\"@id\":\"https:\/\/reisepassfuhrer.com\/product\/mofa-prufbescheinigung-online-machen\/#primaryimage\"},\"thumbnailUrl\":\"https:\/\/reisepassfuhrer.com\/wp-content\/uploads\/2025\/08\/download-50.jpeg\",\"datePublished\":\"2025-08-24T11:03:55+00:00\",\"dateModified\":\"2025-08-24T11:03:56+00:00\",\"description\":\"Du m\u00f6chtest die Mofa-Pr\u00fcfbescheinigung machen \u2013 ganz bequem online und in deinem eigenen Tempo? Mit unserem zertifizierten Online-Kurs\",\"breadcrumb\":{\"@id\":\"https:\/\/reisepassfuhrer.com\/product\/mofa-prufbescheinigung-online-machen\/#breadcrumb\"},\"inLanguage\":\"cs\",\"potentialAction\":[{\"@type\":\"ReadAction\",\"target\":[\"https:\/\/reisepassfuhrer.com\/product\/mofa-prufbescheinigung-online-machen\/\"]}]},{\"@type\":\"ImageObject\",\"inLanguage\":\"cs\",\"@id\":\"https:\/\/reisepassfuhrer.com\/product\/mofa-prufbescheinigung-online-machen\/#primaryimage\",\"url\":\"https:\/\/reisepassfuhrer.com\/wp-content\/uploads\/2025\/08\/download-50.jpeg\",\"contentUrl\":\"https:\/\/reisepassfuhrer.com\/wp-content\/uploads\/2025\/08\/download-50.jpeg\",\"width\":257,\"height\":196},{\"@type\":\"BreadcrumbList\",\"@id\":\"https:\/\/reisepassfuhrer.com\/product\/mofa-prufbescheinigung-online-machen\/#breadcrumb\",\"itemListElement\":[{\"@type\":\"ListItem\",\"position\":1,\"name\":\"Home\",\"item\":\"https:\/\/reisepassfuhrer.com\/\"},{\"@type\":\"ListItem\",\"position\":2,\"name\":\"Shop\",\"item\":\"https:\/\/reisepassfuhrer.com\/shop\/\"},{\"@type\":\"ListItem\",\"position\":3,\"name\":\"mofa-pr\u00fcfbescheinigung online machen\"}]},{\"@type\":\"WebSite\",\"@id\":\"https:\/\/reisepassfuhrer.com\/#website\",\"url\":\"https:\/\/reisepassfuhrer.com\/\",\"name\":\"Reisepassfuhrer\",\"description\":\"Reisepass Beantragen Berlin\",\"publisher\":{\"@id\":\"https:\/\/reisepassfuhrer.com\/#organization\"},\"potentialAction\":[{\"@type\":\"SearchAction\",\"target\":{\"@type\":\"EntryPoint\",\"urlTemplate\":\"https:\/\/reisepassfuhrer.com\/?s={search_term_string}\"},\"query-input\":{\"@type\":\"PropertyValueSpecification\",\"valueRequired\":true,\"valueName\":\"search_term_string\"}}],\"inLanguage\":\"cs\"},{\"@type\":\"Organization\",\"@id\":\"https:\/\/reisepassfuhrer.com\/#organization\",\"name\":\"Reisepassfuhrer\",\"url\":\"https:\/\/reisepassfuhrer.com\/\",\"logo\":{\"@type\":\"ImageObject\",\"inLanguage\":\"cs\",\"@id\":\"https:\/\/reisepassfuhrer.com\/#\/schema\/logo\/image\/\",\"url\":\"https:\/\/reisepassfuhrer.com\/wp-content\/uploads\/2024\/03\/Reisepassfuhrer-logo.png\",\"contentUrl\":\"https:\/\/reisepassfuhrer.com\/wp-content\/uploads\/2024\/03\/Reisepassfuhrer-logo.png\",\"width\":112,\"height\":112,\"caption\":\"Reisepassfuhrer\"},\"image\":{\"@id\":\"https:\/\/reisepassfuhrer.com\/#\/schema\/logo\/image\/\"}}]}<\/script>\n<!-- \/ Yoast SEO Premium plugin. -->","yoast_head_json":{"title":"vytvo\u0159it osv\u011bd\u010den\u00ed o zkou\u0161ce mopedu online - Reisepassfuhrer","description":"Cht\u011bli byste si ud\u011blat test na moped - pohodln\u011b online a vlastn\u00edm tempem? S na\u0161\u00edm certifikovan\u00fdm online kurzem","robots":{"index":"noindex","follow":"follow","max-snippet":"max-snippet:-1","max-image-preview":"max-image-preview:large","max-video-preview":"max-video-preview:-1"},"og_locale":"cs_CZ","og_type":"article","og_title":"mofa-pr\u00fcfbescheinigung online machen","og_description":"Du m\u00f6chtest die Mofa-Pr\u00fcfbescheinigung machen \u2013 ganz bequem online und in deinem eigenen Tempo? Mit unserem zertifizierten Online-Kurs","og_url":"https:\/\/reisepassfuhrer.com\/cs\/product\/vyrobit-moped-testovaci-certifikat-online\/","og_site_name":"Reisepassfuhrer","article_modified_time":"2025-08-24T11:03:56+00:00","og_image":[{"width":257,"height":196,"url":"http:\/\/reisepassfuhrer.com\/wp-content\/uploads\/2025\/08\/download-50.jpeg","type":"image\/jpeg"}],"twitter_card":"summary_large_image","twitter_misc":{"Odhadovan\u00e1 doba \u010dten\u00ed":"1 minuta"},"schema":{"@context":"https:\/\/schema.org","@graph":[{"@type":"WebPage","@id":"https:\/\/reisepassfuhrer.com\/product\/mofa-prufbescheinigung-online-machen\/","url":"https:\/\/reisepassfuhrer.com\/product\/mofa-prufbescheinigung-online-machen\/","name":"vytvo\u0159it osv\u011bd\u010den\u00ed o zkou\u0161ce mopedu online - Reisepassfuhrer","isPartOf":{"@id":"https:\/\/reisepassfuhrer.com\/#website"},"primaryImageOfPage":{"@id":"https:\/\/reisepassfuhrer.com\/product\/mofa-prufbescheinigung-online-machen\/#primaryimage"},"image":{"@id":"https:\/\/reisepassfuhrer.com\/product\/mofa-prufbescheinigung-online-machen\/#primaryimage"},"thumbnailUrl":"https:\/\/reisepassfuhrer.com\/wp-content\/uploads\/2025\/08\/download-50.jpeg","datePublished":"2025-08-24T11:03:55+00:00","dateModified":"2025-08-24T11:03:56+00:00","description":"Cht\u011bli byste si ud\u011blat test na moped - pohodln\u011b online a vlastn\u00edm tempem? S na\u0161\u00edm certifikovan\u00fdm online kurzem","breadcrumb":{"@id":"https:\/\/reisepassfuhrer.com\/product\/mofa-prufbescheinigung-online-machen\/#breadcrumb"},"inLanguage":"cs","potentialAction":[{"@type":"ReadAction","target":["https:\/\/reisepassfuhrer.com\/product\/mofa-prufbescheinigung-online-machen\/"]}]},{"@type":"ImageObject","inLanguage":"cs","@id":"https:\/\/reisepassfuhrer.com\/product\/mofa-prufbescheinigung-online-machen\/#primaryimage","url":"https:\/\/reisepassfuhrer.com\/wp-content\/uploads\/2025\/08\/download-50.jpeg","contentUrl":"https:\/\/reisepassfuhrer.com\/wp-content\/uploads\/2025\/08\/download-50.jpeg","width":257,"height":196},{"@type":"BreadcrumbList","@id":"https:\/\/reisepassfuhrer.com\/product\/mofa-prufbescheinigung-online-machen\/#breadcrumb","itemListElement":[{"@type":"ListItem","position":1,"name":"Home","item":"https:\/\/reisepassfuhrer.com\/"},{"@type":"ListItem","position":2,"name":"Shop","item":"https:\/\/reisepassfuhrer.com\/shop\/"},{"@type":"ListItem","position":3,"name":"mofa-pr\u00fcfbescheinigung online machen"}]},{"@type":"WebSite","@id":"https:\/\/reisepassfuhrer.com\/#website","url":"https:\/\/reisepassfuhrer.com\/","name":"Pr\u016fvodce pasem","description":"\u017d\u00e1dost o cestovn\u00ed pas Berl\u00edn","publisher":{"@id":"https:\/\/reisepassfuhrer.com\/#organization"},"potentialAction":[{"@type":"SearchAction","target":{"@type":"EntryPoint","urlTemplate":"https:\/\/reisepassfuhrer.com\/?s={search_term_string}"},"query-input":{"@type":"PropertyValueSpecification","valueRequired":true,"valueName":"search_term_string"}}],"inLanguage":"cs"},{"@type":"Organization","@id":"https:\/\/reisepassfuhrer.com\/#organization","name":"Pr\u016fvodce pasem","url":"https:\/\/reisepassfuhrer.com\/","logo":{"@type":"ImageObject","inLanguage":"cs","@id":"https:\/\/reisepassfuhrer.com\/#\/schema\/logo\/image\/","url":"https:\/\/reisepassfuhrer.com\/wp-content\/uploads\/2024\/03\/Reisepassfuhrer-logo.png","contentUrl":"https:\/\/reisepassfuhrer.com\/wp-content\/uploads\/2024\/03\/Reisepassfuhrer-logo.png","width":112,"height":112,"caption":"Reisepassfuhrer"},"image":{"@id":"https:\/\/reisepassfuhrer.com\/#\/schema\/logo\/image\/"}}]}},"_links":{"self":[{"href":"https:\/\/reisepassfuhrer.com\/cs\/wp-json\/wp\/v2\/product\/3138","targetHints":{"allow":["GET"]}}],"collection":[{"href":"https:\/\/reisepassfuhrer.com\/cs\/wp-json\/wp\/v2\/product"}],"about":[{"href":"https:\/\/reisepassfuhrer.com\/cs\/wp-json\/wp\/v2\/types\/product"}],"replies":[{"embeddable":true,"href":"https:\/\/reisepassfuhrer.com\/cs\/wp-json\/wp\/v2\/comments?post=3138"}],"wp:featuredmedia":[{"embeddable":true,"href":"https:\/\/reisepassfuhrer.com\/cs\/wp-json\/wp\/v2\/media\/3140"}],"wp:attachment":[{"href":"https:\/\/reisepassfuhrer.com\/cs\/wp-json\/wp\/v2\/media?parent=3138"}],"wp:term":[{"taxonomy":"product_brand","embeddable":true,"href":"https:\/\/reisepassfuhrer.com\/cs\/wp-json\/wp\/v2\/product_brand?post=3138"},{"taxonomy":"product_cat","embeddable":true,"href":"https:\/\/reisepassfuhrer.com\/cs\/wp-json\/wp\/v2\/product_cat?post=3138"},{"taxonomy":"product_tag","embeddable":true,"href":"https:\/\/reisepassfuhrer.com\/cs\/wp-json\/wp\/v2\/product_tag?post=3138"}],"curies":[{"name":"wp","href":"https:\/\/api.w.org\/{rel}","templated":true}]}}