{"id":3141,"date":"2025-08-24T11:06:03","date_gmt":"2025-08-24T11:06:03","guid":{"rendered":"https:\/\/reisepassfuhrer.com\/?post_type=product&#038;p=3141"},"modified":"2025-08-24T11:06:04","modified_gmt":"2025-08-24T11:06:04","slug":"meisterbrief-vermieten-preis","status":"publish","type":"product","link":"https:\/\/reisepassfuhrer.com\/cs\/product\/pronajem-masterclass-cena\/","title":{"rendered":"pron\u00e1jem masterclass cena"},"content":{"rendered":"<h3 data-start=\"320\" data-end=\"380\">\ud83d\udcb0 <strong data-start=\"327\" data-end=\"380\">Kolik stoj\u00ed \u201epron\u00e1jem\u201c osv\u011bd\u010den\u00ed mistra \u0159emesln\u00edka?<\/strong><\/h3>\n<p data-start=\"382\" data-end=\"667\">V\u00fdraz \u201eosv\u011bd\u010den\u00ed mistra \u0159emesln\u00edka k pron\u00e1jmu\u201c je hovorov\u00fd a obvykle ozna\u010duje skute\u010dnost, \u017ee mistr \u0159emesln\u00edk. <strong data-start=\"489\" data-end=\"541\">je ofici\u00e1ln\u011b zp\u0159\u00edstupn\u011bna spole\u010dnosti<\/strong>, tak, aby spl\u0148oval po\u017eadavky <strong data-start=\"578\" data-end=\"604\">K\u00f3d \u0159emesla (HwO)<\/strong> spln\u011bny a zahrnuty do <strong data-start=\"624\" data-end=\"642\">Obchodn\u00ed rejst\u0159\u00edk<\/strong> lze zadat.<\/p>\n<p data-start=\"669\" data-end=\"694\">Typick\u00e9 ceny:<\/p>\n<div class=\"_tableContainer_sk2ct_1\">\n<div class=\"_tableWrapper_sk2ct_13 group flex w-fit flex-col-reverse\" tabindex=\"-1\">\n<table class=\"w-fit min-w-(--thread-content-width)\" data-start=\"696\" data-end=\"1075\">\n<thead data-start=\"696\" data-end=\"762\">\n<tr data-start=\"696\" data-end=\"762\">\n<th data-start=\"696\" data-end=\"729\" data-col-size=\"sm\">Typ dohody<\/th>\n<th data-start=\"729\" data-end=\"762\" data-col-size=\"md\">M\u011bs\u00ed\u010dn\u00ed cena (p\u0159ibli\u017en\u00e1)<\/th>\n<\/tr>\n<\/thead>\n<tbody data-start=\"829\" data-end=\"1075\">\n<tr data-start=\"829\" data-end=\"894\">\n<td data-start=\"829\" data-end=\"861\" data-col-size=\"sm\"><strong data-start=\"831\" data-end=\"858\">Na \u010d\u00e1ste\u010dn\u00fd \u00favazek<\/strong><\/td>\n<td data-start=\"861\" data-end=\"894\" data-col-size=\"md\">500 \u20ac - 1.200 \u20ac<\/td>\n<\/tr>\n<tr data-start=\"895\" data-end=\"961\">\n<td data-start=\"895\" data-end=\"927\" data-col-size=\"sm\"><strong data-start=\"897\" data-end=\"922\">Pln\u00fd \u00favazek (zam\u011bstnan\u00fd)<\/strong><\/td>\n<td data-start=\"927\" data-end=\"961\" data-col-size=\"md\">3 000 \u20ac - 5 000 \u20ac hrub\u00e9ho<\/td>\n<\/tr>\n<tr data-start=\"962\" data-end=\"1075\">\n<td data-start=\"962\" data-end=\"1001\" data-col-size=\"sm\"><strong data-start=\"964\" data-end=\"1000\">Pouze jako polo\u017eka (nen\u00ed aktivn\u00ed)<\/strong><\/td>\n<td data-start=\"1001\" data-end=\"1075\" data-col-size=\"md\">Z pr\u00e1vn\u00edho hlediska velmi problematick\u00e9 - \u010dasto 800 a\u017e 1 500 eur (ale s vysok\u00fdm rizikem).<\/td>\n<\/tr>\n<\/tbody>\n<\/table>\n<\/div>\n<\/div>\n<blockquote data-start=\"1077\" data-end=\"1364\">\n<p data-start=\"1079\" data-end=\"1364\">\u26a0\ufe0f <strong data-start=\"1082\" data-end=\"1094\">D\u016fle\u017eit\u00e9:<\/strong> Pouh\u00fd \u201epron\u00e1jem\u201c titulu mistra \u0159emesln\u00edka bez skute\u010dn\u00e9 spolupr\u00e1ce a odpov\u011bdnosti mistra \u0159emesln\u00edka je <strong data-start=\"1201\" data-end=\"1218\">nen\u00ed povoleno<\/strong> a m\u016f\u017ee m\u00edt pr\u00e1vn\u00ed d\u016fsledky jak pro podnik, tak pro mistra \u0159emesln\u00edka (nap\u0159. ze strany \u0158emeslnick\u00e9 komory nebo v p\u0159\u00edpad\u011b probl\u00e9m\u016f s odpov\u011bdnost\u00ed).<\/p>\n<\/blockquote>\n<hr data-start=\"1366\" data-end=\"1369\" \/>\n<h3 data-start=\"1371\" data-end=\"1418\">\u2705 <strong data-start=\"1377\" data-end=\"1418\">Leg\u00e1ln\u00ed alternativa: Najm\u011bte si \u0159emesln\u00edka<\/strong><\/h3>\n<p data-start=\"1420\" data-end=\"1677\">Na str\u00e1nk\u00e1ch <strong data-start=\"1424\" data-end=\"1452\">Leg\u00e1ln\u011b \u010dist\u00e9 \u0159e\u0161en\u00ed<\/strong> je m\u00edt mistra <strong data-start=\"1472\" data-end=\"1497\">ofici\u00e1ln\u00ed pron\u00e1jem<\/strong> - a\u0165 u\u017e na \u010d\u00e1ste\u010dn\u00fd \u00favazek, nebo na hodinovou sazbu. Mistr \u0159emesln\u00edk mus\u00ed <strong data-start=\"1565\" data-end=\"1601\">skute\u010dn\u011b pracovat ve spole\u010dnosti<\/strong>, p\u0159inejmen\u0161\u00edm v \u0159\u00edd\u00edc\u00ed funkci, nap\u0159. jako <strong data-start=\"1646\" data-end=\"1676\">Vedouc\u00ed technick\u00e9ho provozu<\/strong>.<\/p>\n<hr data-start=\"1679\" data-end=\"1682\" \/>\n<h3 data-start=\"1684\" data-end=\"1696\">\ud83d\udccc Z\u00e1v\u011br<\/h3>\n<ul data-start=\"1698\" data-end=\"1996\">\n<li data-start=\"1698\" data-end=\"1768\">\n<p data-start=\"1700\" data-end=\"1768\"><strong data-start=\"1700\" data-end=\"1740\">Pron\u00e1jem \u010dist\u00e9ho titulu (bez spolupr\u00e1ce)<\/strong>nen\u00ed pr\u00e1vn\u011b p\u0159\u00edpustn\u00e9<\/p>\n<\/li>\n<li data-start=\"1769\" data-end=\"1855\">\n<p data-start=\"1771\" data-end=\"1855\"><strong data-start=\"1771\" data-end=\"1798\">Spravedliv\u00e1 a z\u00e1konn\u00e1 odm\u011bna<\/strong> pro zam\u011bstn\u00e1n\u00ed na \u010d\u00e1ste\u010dn\u00fd \u00favazek: cca. <strong data-start=\"1828\" data-end=\"1853\">800 \u20ac - 1 200 \u20ac\/m\u011bs\u00edc<\/strong><\/p>\n<\/li>\n<li data-start=\"1856\" data-end=\"1912\">\n<p data-start=\"1858\" data-end=\"1912\"><strong data-start=\"1858\" data-end=\"1881\">Zam\u011bstn\u00e1n\u00ed na pln\u00fd \u00favazek<\/strong>: standardn\u00ed plat mistra \u0159emesln\u00edka na trhu<\/p>\n<\/li>\n<li data-start=\"1913\" data-end=\"1996\">\n<p data-start=\"1915\" data-end=\"1996\"><strong data-start=\"1915\" data-end=\"1943\">Smluvn\u00ed ochrana<\/strong> je povinn\u00e1 (pracovn\u00ed smlouva, mana\u017eersk\u00e1 smlouva atd.)<\/p>\n<\/li>\n<\/ul>","protected":false},"excerpt":{"rendered":"<p>\ud83d\udcb0 Was kostet es, einen Meisterbrief zu &#8222;vermieten&#8220;? Der Begriff \u201eMeisterbrief vermieten\u201c ist umgangssprachlich und bezieht sich meist darauf, dass ein Meister formal einem Betrieb zur Verf\u00fcgung gestellt wird, damit dieser die Anforderungen der Handwerksordnung (HwO) erf\u00fcllt und in die Handwerksrolle eingetragen werden kann. Typische Preisgestaltung: Art der Vereinbarung Monatlicher Preis (ungef\u00e4hr) Nebenberuflich\/Teilzeit 500 \u20ac [&hellip;]<\/p>","protected":false},"featured_media":3143,"comment_status":"open","ping_status":"closed","template":"","meta":[],"product_brand":[],"product_cat":[44],"product_tag":[],"class_list":{"0":"post-3141","1":"product","2":"type-product","3":"status-publish","4":"has-post-thumbnail","6":"product_cat-uncategorized","8":"first","9":"instock","10":"shipping-taxable","11":"product-type-simple"},"yoast_head":"<!-- This site is optimized with the Yoast SEO Premium plugin v22.2 (Yoast SEO v26.2) - https:\/\/yoast.com\/wordpress\/plugins\/seo\/ -->\n<title>meisterbrief vermieten preis - Reisepassfuhrer<\/title>\n<meta name=\"description\" content=\"Der Begriff \u201eMeisterbrief vermieten\u201c ist umgangssprachlich und bezieht sich meist darauf, dass ein Meister formal einem Betrieb zur Verf\u00fcgung gestellt wird\" \/>\n<meta name=\"robots\" content=\"noindex, follow, max-snippet:-1, max-image-preview:large, max-video-preview:-1\" \/>\n<meta property=\"og:locale\" content=\"cs_CZ\" \/>\n<meta property=\"og:type\" content=\"article\" \/>\n<meta property=\"og:title\" content=\"meisterbrief vermieten preis\" \/>\n<meta property=\"og:description\" content=\"Der Begriff \u201eMeisterbrief vermieten\u201c ist umgangssprachlich und bezieht sich meist darauf, dass ein Meister formal einem Betrieb zur Verf\u00fcgung gestellt wird\" \/>\n<meta property=\"og:url\" content=\"https:\/\/reisepassfuhrer.com\/cs\/product\/pronajem-masterclass-cena\/\" \/>\n<meta property=\"og:site_name\" content=\"Reisepassfuhrer\" \/>\n<meta property=\"article:modified_time\" content=\"2025-08-24T11:06:04+00:00\" \/>\n<meta property=\"og:image\" content=\"http:\/\/reisepassfuhrer.com\/wp-content\/uploads\/2025\/08\/download-51.jpeg\" \/>\n\t<meta property=\"og:image:width\" content=\"195\" \/>\n\t<meta property=\"og:image:height\" content=\"259\" \/>\n\t<meta property=\"og:image:type\" content=\"image\/jpeg\" \/>\n<meta name=\"twitter:card\" content=\"summary_large_image\" \/>\n<meta name=\"twitter:label1\" content=\"Odhadovan\u00e1 doba \u010dten\u00ed\" \/>\n\t<meta name=\"twitter:data1\" content=\"1 minuta\" \/>\n<script type=\"application\/ld+json\" class=\"yoast-schema-graph\">{\"@context\":\"https:\/\/schema.org\",\"@graph\":[{\"@type\":\"WebPage\",\"@id\":\"https:\/\/reisepassfuhrer.com\/product\/meisterbrief-vermieten-preis\/\",\"url\":\"https:\/\/reisepassfuhrer.com\/product\/meisterbrief-vermieten-preis\/\",\"name\":\"meisterbrief vermieten preis - Reisepassfuhrer\",\"isPartOf\":{\"@id\":\"https:\/\/reisepassfuhrer.com\/#website\"},\"primaryImageOfPage\":{\"@id\":\"https:\/\/reisepassfuhrer.com\/product\/meisterbrief-vermieten-preis\/#primaryimage\"},\"image\":{\"@id\":\"https:\/\/reisepassfuhrer.com\/product\/meisterbrief-vermieten-preis\/#primaryimage\"},\"thumbnailUrl\":\"https:\/\/reisepassfuhrer.com\/wp-content\/uploads\/2025\/08\/download-51.jpeg\",\"datePublished\":\"2025-08-24T11:06:03+00:00\",\"dateModified\":\"2025-08-24T11:06:04+00:00\",\"description\":\"Der Begriff \u201eMeisterbrief vermieten\u201c ist umgangssprachlich und bezieht sich meist darauf, dass ein Meister formal einem Betrieb zur Verf\u00fcgung gestellt wird\",\"breadcrumb\":{\"@id\":\"https:\/\/reisepassfuhrer.com\/product\/meisterbrief-vermieten-preis\/#breadcrumb\"},\"inLanguage\":\"cs\",\"potentialAction\":[{\"@type\":\"ReadAction\",\"target\":[\"https:\/\/reisepassfuhrer.com\/product\/meisterbrief-vermieten-preis\/\"]}]},{\"@type\":\"ImageObject\",\"inLanguage\":\"cs\",\"@id\":\"https:\/\/reisepassfuhrer.com\/product\/meisterbrief-vermieten-preis\/#primaryimage\",\"url\":\"https:\/\/reisepassfuhrer.com\/wp-content\/uploads\/2025\/08\/download-51.jpeg\",\"contentUrl\":\"https:\/\/reisepassfuhrer.com\/wp-content\/uploads\/2025\/08\/download-51.jpeg\",\"width\":195,\"height\":259},{\"@type\":\"BreadcrumbList\",\"@id\":\"https:\/\/reisepassfuhrer.com\/product\/meisterbrief-vermieten-preis\/#breadcrumb\",\"itemListElement\":[{\"@type\":\"ListItem\",\"position\":1,\"name\":\"Home\",\"item\":\"https:\/\/reisepassfuhrer.com\/\"},{\"@type\":\"ListItem\",\"position\":2,\"name\":\"Shop\",\"item\":\"https:\/\/reisepassfuhrer.com\/shop\/\"},{\"@type\":\"ListItem\",\"position\":3,\"name\":\"meisterbrief vermieten preis\"}]},{\"@type\":\"WebSite\",\"@id\":\"https:\/\/reisepassfuhrer.com\/#website\",\"url\":\"https:\/\/reisepassfuhrer.com\/\",\"name\":\"Reisepassfuhrer\",\"description\":\"Reisepass Beantragen Berlin\",\"publisher\":{\"@id\":\"https:\/\/reisepassfuhrer.com\/#organization\"},\"potentialAction\":[{\"@type\":\"SearchAction\",\"target\":{\"@type\":\"EntryPoint\",\"urlTemplate\":\"https:\/\/reisepassfuhrer.com\/?s={search_term_string}\"},\"query-input\":{\"@type\":\"PropertyValueSpecification\",\"valueRequired\":true,\"valueName\":\"search_term_string\"}}],\"inLanguage\":\"cs\"},{\"@type\":\"Organization\",\"@id\":\"https:\/\/reisepassfuhrer.com\/#organization\",\"name\":\"Reisepassfuhrer\",\"url\":\"https:\/\/reisepassfuhrer.com\/\",\"logo\":{\"@type\":\"ImageObject\",\"inLanguage\":\"cs\",\"@id\":\"https:\/\/reisepassfuhrer.com\/#\/schema\/logo\/image\/\",\"url\":\"https:\/\/reisepassfuhrer.com\/wp-content\/uploads\/2024\/03\/Reisepassfuhrer-logo.png\",\"contentUrl\":\"https:\/\/reisepassfuhrer.com\/wp-content\/uploads\/2024\/03\/Reisepassfuhrer-logo.png\",\"width\":112,\"height\":112,\"caption\":\"Reisepassfuhrer\"},\"image\":{\"@id\":\"https:\/\/reisepassfuhrer.com\/#\/schema\/logo\/image\/\"}}]}<\/script>\n<!-- \/ Yoast SEO Premium plugin. -->","yoast_head_json":{"title":"masterclass za cenu pron\u00e1jmu - Reisepassfuhrer","description":"V\u00fdraz \u201eosv\u011bd\u010den\u00ed mistra \u0159emesln\u00edka k pron\u00e1jmu\u201c je hovorov\u00fd a obvykle se vztahuje k tomu, \u017ee mistr \u0159emesln\u00edk je form\u00e1ln\u011b d\u00e1n k dispozici firm\u011b.","robots":{"index":"noindex","follow":"follow","max-snippet":"max-snippet:-1","max-image-preview":"max-image-preview:large","max-video-preview":"max-video-preview:-1"},"og_locale":"cs_CZ","og_type":"article","og_title":"meisterbrief vermieten preis","og_description":"Der Begriff \u201eMeisterbrief vermieten\u201c ist umgangssprachlich und bezieht sich meist darauf, dass ein Meister formal einem Betrieb zur Verf\u00fcgung gestellt wird","og_url":"https:\/\/reisepassfuhrer.com\/cs\/product\/pronajem-masterclass-cena\/","og_site_name":"Reisepassfuhrer","article_modified_time":"2025-08-24T11:06:04+00:00","og_image":[{"width":195,"height":259,"url":"http:\/\/reisepassfuhrer.com\/wp-content\/uploads\/2025\/08\/download-51.jpeg","type":"image\/jpeg"}],"twitter_card":"summary_large_image","twitter_misc":{"Odhadovan\u00e1 doba \u010dten\u00ed":"1 minuta"},"schema":{"@context":"https:\/\/schema.org","@graph":[{"@type":"WebPage","@id":"https:\/\/reisepassfuhrer.com\/product\/meisterbrief-vermieten-preis\/","url":"https:\/\/reisepassfuhrer.com\/product\/meisterbrief-vermieten-preis\/","name":"masterclass za cenu pron\u00e1jmu - Reisepassfuhrer","isPartOf":{"@id":"https:\/\/reisepassfuhrer.com\/#website"},"primaryImageOfPage":{"@id":"https:\/\/reisepassfuhrer.com\/product\/meisterbrief-vermieten-preis\/#primaryimage"},"image":{"@id":"https:\/\/reisepassfuhrer.com\/product\/meisterbrief-vermieten-preis\/#primaryimage"},"thumbnailUrl":"https:\/\/reisepassfuhrer.com\/wp-content\/uploads\/2025\/08\/download-51.jpeg","datePublished":"2025-08-24T11:06:03+00:00","dateModified":"2025-08-24T11:06:04+00:00","description":"V\u00fdraz \u201eosv\u011bd\u010den\u00ed mistra \u0159emesln\u00edka k pron\u00e1jmu\u201c je hovorov\u00fd a obvykle se vztahuje k tomu, \u017ee mistr \u0159emesln\u00edk je form\u00e1ln\u011b d\u00e1n k dispozici firm\u011b.","breadcrumb":{"@id":"https:\/\/reisepassfuhrer.com\/product\/meisterbrief-vermieten-preis\/#breadcrumb"},"inLanguage":"cs","potentialAction":[{"@type":"ReadAction","target":["https:\/\/reisepassfuhrer.com\/product\/meisterbrief-vermieten-preis\/"]}]},{"@type":"ImageObject","inLanguage":"cs","@id":"https:\/\/reisepassfuhrer.com\/product\/meisterbrief-vermieten-preis\/#primaryimage","url":"https:\/\/reisepassfuhrer.com\/wp-content\/uploads\/2025\/08\/download-51.jpeg","contentUrl":"https:\/\/reisepassfuhrer.com\/wp-content\/uploads\/2025\/08\/download-51.jpeg","width":195,"height":259},{"@type":"BreadcrumbList","@id":"https:\/\/reisepassfuhrer.com\/product\/meisterbrief-vermieten-preis\/#breadcrumb","itemListElement":[{"@type":"ListItem","position":1,"name":"Home","item":"https:\/\/reisepassfuhrer.com\/"},{"@type":"ListItem","position":2,"name":"Shop","item":"https:\/\/reisepassfuhrer.com\/shop\/"},{"@type":"ListItem","position":3,"name":"meisterbrief vermieten preis"}]},{"@type":"WebSite","@id":"https:\/\/reisepassfuhrer.com\/#website","url":"https:\/\/reisepassfuhrer.com\/","name":"Pr\u016fvodce pasem","description":"\u017d\u00e1dost o cestovn\u00ed pas Berl\u00edn","publisher":{"@id":"https:\/\/reisepassfuhrer.com\/#organization"},"potentialAction":[{"@type":"SearchAction","target":{"@type":"EntryPoint","urlTemplate":"https:\/\/reisepassfuhrer.com\/?s={search_term_string}"},"query-input":{"@type":"PropertyValueSpecification","valueRequired":true,"valueName":"search_term_string"}}],"inLanguage":"cs"},{"@type":"Organization","@id":"https:\/\/reisepassfuhrer.com\/#organization","name":"Pr\u016fvodce pasem","url":"https:\/\/reisepassfuhrer.com\/","logo":{"@type":"ImageObject","inLanguage":"cs","@id":"https:\/\/reisepassfuhrer.com\/#\/schema\/logo\/image\/","url":"https:\/\/reisepassfuhrer.com\/wp-content\/uploads\/2024\/03\/Reisepassfuhrer-logo.png","contentUrl":"https:\/\/reisepassfuhrer.com\/wp-content\/uploads\/2024\/03\/Reisepassfuhrer-logo.png","width":112,"height":112,"caption":"Reisepassfuhrer"},"image":{"@id":"https:\/\/reisepassfuhrer.com\/#\/schema\/logo\/image\/"}}]}},"_links":{"self":[{"href":"https:\/\/reisepassfuhrer.com\/cs\/wp-json\/wp\/v2\/product\/3141","targetHints":{"allow":["GET"]}}],"collection":[{"href":"https:\/\/reisepassfuhrer.com\/cs\/wp-json\/wp\/v2\/product"}],"about":[{"href":"https:\/\/reisepassfuhrer.com\/cs\/wp-json\/wp\/v2\/types\/product"}],"replies":[{"embeddable":true,"href":"https:\/\/reisepassfuhrer.com\/cs\/wp-json\/wp\/v2\/comments?post=3141"}],"wp:featuredmedia":[{"embeddable":true,"href":"https:\/\/reisepassfuhrer.com\/cs\/wp-json\/wp\/v2\/media\/3143"}],"wp:attachment":[{"href":"https:\/\/reisepassfuhrer.com\/cs\/wp-json\/wp\/v2\/media?parent=3141"}],"wp:term":[{"taxonomy":"product_brand","embeddable":true,"href":"https:\/\/reisepassfuhrer.com\/cs\/wp-json\/wp\/v2\/product_brand?post=3141"},{"taxonomy":"product_cat","embeddable":true,"href":"https:\/\/reisepassfuhrer.com\/cs\/wp-json\/wp\/v2\/product_cat?post=3141"},{"taxonomy":"product_tag","embeddable":true,"href":"https:\/\/reisepassfuhrer.com\/cs\/wp-json\/wp\/v2\/product_tag?post=3141"}],"curies":[{"name":"wp","href":"https:\/\/api.w.org\/{rel}","templated":true}]}}