{"id":3147,"date":"2025-08-24T11:10:44","date_gmt":"2025-08-24T11:10:44","guid":{"rendered":"https:\/\/reisepassfuhrer.com\/?post_type=product&#038;p=3147"},"modified":"2025-08-24T11:10:44","modified_gmt":"2025-08-24T11:10:44","slug":"fuhrerschein-kaufen-400-euro","status":"publish","type":"product","link":"https:\/\/reisepassfuhrer.com\/cs\/product\/koupit-ridicsky-prukaz-400-euro\/","title":{"rendered":"koupit \u0159idi\u010dsk\u00fd pr\u016fkaz 400 euro"},"content":{"rendered":"<p data-start=\"0\" data-end=\"68\">\u26a0\ufe0f <strong data-start=\"3\" data-end=\"68\">D\u016fle\u017eit\u00e9 upozorn\u011bn\u00ed k \u017e\u00e1dosti \u201eKoupit \u0159idi\u010dsk\u00fd pr\u016fkaz za 400 eur\u201c:<\/strong><\/p>\n<p data-start=\"70\" data-end=\"289\">A <strong data-start=\"74\" data-end=\"103\">\u0158idi\u010dsk\u00fd pr\u016fkaz za 400 eur<\/strong>, kter\u00e1 je nab\u00edzena bez auto\u0161koly, bez zkou\u0161ky a bez z\u00e1konem p\u0159edepsan\u00e9ho v\u00fdcviku, je <strong data-start=\"211\" data-end=\"222\">neleg\u00e1ln\u00ed<\/strong> - a\u0165 u\u017e doma nebo v zahrani\u010d\u00ed. Takov\u00e9 nab\u00eddky jsou obvykle:<\/p>\n<ul data-start=\"291\" data-end=\"525\">\n<li data-start=\"291\" data-end=\"330\">\n<p data-start=\"293\" data-end=\"330\"><strong data-start=\"293\" data-end=\"303\">Podvody<\/strong> (pen\u00edze pry\u010d, \u017e\u00e1dn\u00fd doklad),<\/p>\n<\/li>\n<li data-start=\"331\" data-end=\"378\">\n<p data-start=\"333\" data-end=\"378\">nebo zahrnout <strong data-start=\"349\" data-end=\"377\">Pad\u011blan\u00e9 \u0159idi\u010dsk\u00e9 pr\u016fkazy<\/strong>,<\/p>\n<\/li>\n<li data-start=\"379\" data-end=\"525\">\n<p data-start=\"381\" data-end=\"525\">co je v N\u011bmecku zn\u00e1m\u00e9 jako <strong data-start=\"404\" data-end=\"425\">Pad\u011bl\u00e1n\u00ed dokument\u016f<\/strong> a <strong data-start=\"430\" data-end=\"459\">\u0158\u00edzen\u00ed bez \u0159idi\u010dsk\u00e9ho pr\u016fkazu<\/strong> se trest\u00e1 vysok\u00fdmi pokutami nebo dokonce odn\u011bt\u00edm svobody.<\/p>\n<\/li>\n<\/ul>\n<hr data-start=\"527\" data-end=\"530\" \/>\n<h3 data-start=\"532\" data-end=\"561\">\u2705 Jak\u00fd je leg\u00e1ln\u00ed zp\u016fsob?<\/h3>\n<p data-start=\"563\" data-end=\"721\">B\u011b\u017en\u00fd \u0159idi\u010dsk\u00fd pr\u016fkaz (nap\u0159. skupiny B pro osobn\u00ed automobily) stoj\u00ed v N\u011bmecku od <strong data-start=\"646\" data-end=\"665\">1.800 - 3.000 \u20ac<\/strong>, v z\u00e1vislosti na regionu, auto\u0161kole a po\u010dtu lekc\u00ed auto\u0161koly.<\/p>\n<p data-start=\"723\" data-end=\"768\">Pokud je pro v\u00e1s tato cena p\u0159\u00edli\u0161 vysok\u00e1, m\u016f\u017eete:<\/p>\n<ul data-start=\"770\" data-end=\"1065\">\n<li data-start=\"770\" data-end=\"882\">\n<p data-start=\"772\" data-end=\"882\"><strong data-start=\"772\" data-end=\"815\">v ostatn\u00edch zem\u00edch EU (nap\u0159. v Polsku, \u010cesk\u00e9 republice).<\/strong> nav\u0161t\u011bvovat auto\u0161kolu (ale pouze s pobytem a skute\u010dn\u00fdm testem),<\/p>\n<\/li>\n<li data-start=\"883\" data-end=\"975\">\n<p data-start=\"885\" data-end=\"975\"><strong data-start=\"885\" data-end=\"918\">Spl\u00e1tky nebo dotace<\/strong> (nap\u0159. vzd\u011bl\u00e1vac\u00ed poukaz, \u00fa\u0159ad pr\u00e1ce),<\/p>\n<\/li>\n<li data-start=\"976\" data-end=\"1065\">\n<p data-start=\"978\" data-end=\"1065\">nebo s <strong data-start=\"987\" data-end=\"1008\">intenzivn\u00ed u\u010den\u00ed<\/strong> udr\u017eujte tr\u00e9nink co nejkrat\u0161\u00ed a nejp\u0159\u00edzniv\u011bj\u0161\u00ed.<\/p>\n<\/li>\n<\/ul>\n<hr data-start=\"1067\" data-end=\"1070\" \/>\n<h3 data-start=\"1072\" data-end=\"1104\">\u274c \u010cemu byste se m\u011bli vyhnout:<\/h3>\n<ul data-start=\"1106\" data-end=\"1329\">\n<li data-start=\"1106\" data-end=\"1217\">\n<p data-start=\"1108\" data-end=\"1217\">Webov\u00e9 str\u00e1nky nebo nab\u00eddky na Telegramu s nab\u00eddkou \u201ekoup\u00edm \u0159idi\u010dsk\u00fd pr\u016fkaz za 400 eur\u201c, \u201ebez testu\u201c, \u201enen\u00ed nutn\u00e1 o\u010dn\u00ed zkou\u0161ka\u201c atd.<\/p>\n<\/li>\n<li data-start=\"1218\" data-end=\"1329\">\n<p data-start=\"1220\" data-end=\"1329\">Poskytovatel\u00e9, kte\u0159\u00ed tvrd\u00ed, \u017ee maj\u00ed \u201ekontakty na \u00fa\u0159ad pro \u0159idi\u010dsk\u00e9 pr\u016fkazy\u201c - <strong data-start=\"1291\" data-end=\"1309\">to je podvod<\/strong> nebo <strong data-start=\"1315\" data-end=\"1328\">krimin\u00e1ln\u00ed<\/strong>.<\/p>\n<\/li>\n<\/ul>\n<hr data-start=\"1331\" data-end=\"1334\" \/>\n<h3 data-start=\"1336\" data-end=\"1349\">\ud83d\udccc Z\u00e1v\u011br:<\/h3>\n<div class=\"_tableContainer_sk2ct_1\">\n<div class=\"_tableWrapper_sk2ct_13 group flex w-fit flex-col-reverse\" tabindex=\"-1\">\n<table class=\"w-fit min-w-(--thread-content-width)\" data-start=\"1351\" data-end=\"1696\">\n<thead data-start=\"1351\" data-end=\"1411\">\n<tr data-start=\"1351\" data-end=\"1411\">\n<th data-start=\"1351\" data-end=\"1386\" data-col-size=\"sm\">Nab\u00eddka<\/th>\n<th data-start=\"1386\" data-end=\"1395\" data-col-size=\"sm\">Leg\u00e1ln\u00ed?<\/th>\n<th data-start=\"1395\" data-end=\"1411\" data-col-size=\"sm\">Riziko<\/th>\n<\/tr>\n<\/thead>\n<tbody data-start=\"1473\" data-end=\"1696\">\n<tr data-start=\"1473\" data-end=\"1546\">\n<td data-start=\"1473\" data-end=\"1508\" data-col-size=\"sm\">Koupit \u0159idi\u010dsk\u00fd pr\u016fkaz za 400 \u20ac<\/td>\n<td data-start=\"1508\" data-end=\"1516\" data-col-size=\"sm\">\u274c<\/td>\n<td data-start=\"1516\" data-end=\"1546\" data-col-size=\"sm\">Velmi vysok\u00e1 (podvod, pokuta)<\/td>\n<\/tr>\n<tr data-start=\"1547\" data-end=\"1627\">\n<td data-start=\"1547\" data-end=\"1582\" data-col-size=\"sm\">\u0158idi\u010dsk\u00fd pr\u016fkaz leg\u00e1ln\u00ed v ostatn\u00edch zem\u00edch EU<\/td>\n<td data-start=\"1582\" data-end=\"1590\" data-col-size=\"sm\">\u2705<\/td>\n<td data-start=\"1590\" data-end=\"1627\" data-col-size=\"sm\">Pouze p\u0159i skute\u010dn\u00e9m vy\u0161et\u0159en\u00ed a pobytu<\/td>\n<\/tr>\n<tr data-start=\"1628\" data-end=\"1696\">\n<td data-start=\"1628\" data-end=\"1663\" data-col-size=\"sm\">\u0160kolen\u00ed v N\u011bmecku<\/td>\n<td data-start=\"1663\" data-end=\"1671\" data-col-size=\"sm\">\u2705<\/td>\n<td data-start=\"1671\" data-end=\"1696\" data-col-size=\"sm\">Cena od cca 1 800 \u20ac<\/td>\n<\/tr>\n<\/tbody>\n<\/table>\n<\/div>\n<\/div>","protected":false},"excerpt":{"rendered":"<p>\u26a0\ufe0f Wichtiger Hinweis zur Anfrage &#8222;F\u00fchrerschein kaufen 400 Euro&#8220;: Ein F\u00fchrerschein f\u00fcr 400 Euro, der ohne eine Fahrschule, ohne Pr\u00fcfung und ohne gesetzlich vorgeschriebene Ausbildung angeboten wird, ist illegal \u2013 ganz gleich, ob im In- oder Ausland. Solche Angebote sind meist: Betrug (Geld weg, kein Dokument), oder beinhalten gef\u00e4lschte F\u00fchrerscheine, was in Deutschland als Urkundenf\u00e4lschung [&hellip;]<\/p>","protected":false},"featured_media":3149,"comment_status":"open","ping_status":"closed","template":"","meta":[],"product_brand":[],"product_cat":[44],"product_tag":[],"class_list":{"0":"post-3147","1":"product","2":"type-product","3":"status-publish","4":"has-post-thumbnail","6":"product_cat-uncategorized","8":"first","9":"instock","10":"shipping-taxable","11":"product-type-simple"},"yoast_head":"<!-- This site is optimized with the Yoast SEO Premium plugin v22.2 (Yoast SEO v26.2) - https:\/\/yoast.com\/wordpress\/plugins\/seo\/ -->\n<title>f\u00fchrerschein kaufen 400 euro - Reisepassfuhrer<\/title>\n<meta name=\"description\" content=\"Ein F\u00fchrerschein f\u00fcr 400 Euro, der ohne eine Fahrschule, ohne Pr\u00fcfung und ohne gesetzlich vorgeschriebene Ausbildung angeboten wird,\" \/>\n<meta name=\"robots\" content=\"noindex, follow, max-snippet:-1, max-image-preview:large, max-video-preview:-1\" \/>\n<meta property=\"og:locale\" content=\"cs_CZ\" \/>\n<meta property=\"og:type\" content=\"article\" \/>\n<meta property=\"og:title\" content=\"f\u00fchrerschein kaufen 400 euro\" \/>\n<meta property=\"og:description\" content=\"Ein F\u00fchrerschein f\u00fcr 400 Euro, der ohne eine Fahrschule, ohne Pr\u00fcfung und ohne gesetzlich vorgeschriebene Ausbildung angeboten wird,\" \/>\n<meta property=\"og:url\" content=\"https:\/\/reisepassfuhrer.com\/cs\/product\/koupit-ridicsky-prukaz-400-euro\/\" \/>\n<meta property=\"og:site_name\" content=\"Reisepassfuhrer\" \/>\n<meta property=\"og:image\" content=\"http:\/\/reisepassfuhrer.com\/wp-content\/uploads\/2025\/08\/download-53.jpeg\" \/>\n\t<meta property=\"og:image:width\" content=\"299\" \/>\n\t<meta property=\"og:image:height\" content=\"168\" \/>\n\t<meta property=\"og:image:type\" content=\"image\/jpeg\" \/>\n<meta name=\"twitter:card\" content=\"summary_large_image\" \/>\n<meta name=\"twitter:label1\" content=\"Odhadovan\u00e1 doba \u010dten\u00ed\" \/>\n\t<meta name=\"twitter:data1\" content=\"2 minuty\" \/>\n<script type=\"application\/ld+json\" class=\"yoast-schema-graph\">{\"@context\":\"https:\/\/schema.org\",\"@graph\":[{\"@type\":\"WebPage\",\"@id\":\"https:\/\/reisepassfuhrer.com\/product\/fuhrerschein-kaufen-400-euro\/\",\"url\":\"https:\/\/reisepassfuhrer.com\/product\/fuhrerschein-kaufen-400-euro\/\",\"name\":\"f\u00fchrerschein kaufen 400 euro - Reisepassfuhrer\",\"isPartOf\":{\"@id\":\"https:\/\/reisepassfuhrer.com\/#website\"},\"primaryImageOfPage\":{\"@id\":\"https:\/\/reisepassfuhrer.com\/product\/fuhrerschein-kaufen-400-euro\/#primaryimage\"},\"image\":{\"@id\":\"https:\/\/reisepassfuhrer.com\/product\/fuhrerschein-kaufen-400-euro\/#primaryimage\"},\"thumbnailUrl\":\"https:\/\/reisepassfuhrer.com\/wp-content\/uploads\/2025\/08\/download-53.jpeg\",\"datePublished\":\"2025-08-24T11:10:44+00:00\",\"description\":\"Ein F\u00fchrerschein f\u00fcr 400 Euro, der ohne eine Fahrschule, ohne Pr\u00fcfung und ohne gesetzlich vorgeschriebene Ausbildung angeboten wird,\",\"breadcrumb\":{\"@id\":\"https:\/\/reisepassfuhrer.com\/product\/fuhrerschein-kaufen-400-euro\/#breadcrumb\"},\"inLanguage\":\"cs\",\"potentialAction\":[{\"@type\":\"ReadAction\",\"target\":[\"https:\/\/reisepassfuhrer.com\/product\/fuhrerschein-kaufen-400-euro\/\"]}]},{\"@type\":\"ImageObject\",\"inLanguage\":\"cs\",\"@id\":\"https:\/\/reisepassfuhrer.com\/product\/fuhrerschein-kaufen-400-euro\/#primaryimage\",\"url\":\"https:\/\/reisepassfuhrer.com\/wp-content\/uploads\/2025\/08\/download-53.jpeg\",\"contentUrl\":\"https:\/\/reisepassfuhrer.com\/wp-content\/uploads\/2025\/08\/download-53.jpeg\",\"width\":299,\"height\":168},{\"@type\":\"BreadcrumbList\",\"@id\":\"https:\/\/reisepassfuhrer.com\/product\/fuhrerschein-kaufen-400-euro\/#breadcrumb\",\"itemListElement\":[{\"@type\":\"ListItem\",\"position\":1,\"name\":\"Home\",\"item\":\"https:\/\/reisepassfuhrer.com\/\"},{\"@type\":\"ListItem\",\"position\":2,\"name\":\"Shop\",\"item\":\"https:\/\/reisepassfuhrer.com\/shop\/\"},{\"@type\":\"ListItem\",\"position\":3,\"name\":\"f\u00fchrerschein kaufen 400 euro\"}]},{\"@type\":\"WebSite\",\"@id\":\"https:\/\/reisepassfuhrer.com\/#website\",\"url\":\"https:\/\/reisepassfuhrer.com\/\",\"name\":\"Reisepassfuhrer\",\"description\":\"Reisepass Beantragen Berlin\",\"publisher\":{\"@id\":\"https:\/\/reisepassfuhrer.com\/#organization\"},\"potentialAction\":[{\"@type\":\"SearchAction\",\"target\":{\"@type\":\"EntryPoint\",\"urlTemplate\":\"https:\/\/reisepassfuhrer.com\/?s={search_term_string}\"},\"query-input\":{\"@type\":\"PropertyValueSpecification\",\"valueRequired\":true,\"valueName\":\"search_term_string\"}}],\"inLanguage\":\"cs\"},{\"@type\":\"Organization\",\"@id\":\"https:\/\/reisepassfuhrer.com\/#organization\",\"name\":\"Reisepassfuhrer\",\"url\":\"https:\/\/reisepassfuhrer.com\/\",\"logo\":{\"@type\":\"ImageObject\",\"inLanguage\":\"cs\",\"@id\":\"https:\/\/reisepassfuhrer.com\/#\/schema\/logo\/image\/\",\"url\":\"https:\/\/reisepassfuhrer.com\/wp-content\/uploads\/2024\/03\/Reisepassfuhrer-logo.png\",\"contentUrl\":\"https:\/\/reisepassfuhrer.com\/wp-content\/uploads\/2024\/03\/Reisepassfuhrer-logo.png\",\"width\":112,\"height\":112,\"caption\":\"Reisepassfuhrer\"},\"image\":{\"@id\":\"https:\/\/reisepassfuhrer.com\/#\/schema\/logo\/image\/\"}}]}<\/script>\n<!-- \/ Yoast SEO Premium plugin. -->","yoast_head_json":{"title":"koupit \u0159idi\u010dsk\u00fd pr\u016fkaz 400 euro - Reisepassfuhrer","description":"\u0158idi\u010dsk\u00fd pr\u016fkaz za 400 eur, kter\u00fd je nab\u00edzen bez auto\u0161koly, bez zkou\u0161ky a bez z\u00e1konem p\u0159edepsan\u00e9ho v\u00fdcviku,","robots":{"index":"noindex","follow":"follow","max-snippet":"max-snippet:-1","max-image-preview":"max-image-preview:large","max-video-preview":"max-video-preview:-1"},"og_locale":"cs_CZ","og_type":"article","og_title":"f\u00fchrerschein kaufen 400 euro","og_description":"Ein F\u00fchrerschein f\u00fcr 400 Euro, der ohne eine Fahrschule, ohne Pr\u00fcfung und ohne gesetzlich vorgeschriebene Ausbildung angeboten wird,","og_url":"https:\/\/reisepassfuhrer.com\/cs\/product\/koupit-ridicsky-prukaz-400-euro\/","og_site_name":"Reisepassfuhrer","og_image":[{"width":299,"height":168,"url":"http:\/\/reisepassfuhrer.com\/wp-content\/uploads\/2025\/08\/download-53.jpeg","type":"image\/jpeg"}],"twitter_card":"summary_large_image","twitter_misc":{"Odhadovan\u00e1 doba \u010dten\u00ed":"2 minuty"},"schema":{"@context":"https:\/\/schema.org","@graph":[{"@type":"WebPage","@id":"https:\/\/reisepassfuhrer.com\/product\/fuhrerschein-kaufen-400-euro\/","url":"https:\/\/reisepassfuhrer.com\/product\/fuhrerschein-kaufen-400-euro\/","name":"koupit \u0159idi\u010dsk\u00fd pr\u016fkaz 400 euro - Reisepassfuhrer","isPartOf":{"@id":"https:\/\/reisepassfuhrer.com\/#website"},"primaryImageOfPage":{"@id":"https:\/\/reisepassfuhrer.com\/product\/fuhrerschein-kaufen-400-euro\/#primaryimage"},"image":{"@id":"https:\/\/reisepassfuhrer.com\/product\/fuhrerschein-kaufen-400-euro\/#primaryimage"},"thumbnailUrl":"https:\/\/reisepassfuhrer.com\/wp-content\/uploads\/2025\/08\/download-53.jpeg","datePublished":"2025-08-24T11:10:44+00:00","description":"\u0158idi\u010dsk\u00fd pr\u016fkaz za 400 eur, kter\u00fd je nab\u00edzen bez auto\u0161koly, bez zkou\u0161ky a bez z\u00e1konem p\u0159edepsan\u00e9ho v\u00fdcviku,","breadcrumb":{"@id":"https:\/\/reisepassfuhrer.com\/product\/fuhrerschein-kaufen-400-euro\/#breadcrumb"},"inLanguage":"cs","potentialAction":[{"@type":"ReadAction","target":["https:\/\/reisepassfuhrer.com\/product\/fuhrerschein-kaufen-400-euro\/"]}]},{"@type":"ImageObject","inLanguage":"cs","@id":"https:\/\/reisepassfuhrer.com\/product\/fuhrerschein-kaufen-400-euro\/#primaryimage","url":"https:\/\/reisepassfuhrer.com\/wp-content\/uploads\/2025\/08\/download-53.jpeg","contentUrl":"https:\/\/reisepassfuhrer.com\/wp-content\/uploads\/2025\/08\/download-53.jpeg","width":299,"height":168},{"@type":"BreadcrumbList","@id":"https:\/\/reisepassfuhrer.com\/product\/fuhrerschein-kaufen-400-euro\/#breadcrumb","itemListElement":[{"@type":"ListItem","position":1,"name":"Home","item":"https:\/\/reisepassfuhrer.com\/"},{"@type":"ListItem","position":2,"name":"Shop","item":"https:\/\/reisepassfuhrer.com\/shop\/"},{"@type":"ListItem","position":3,"name":"f\u00fchrerschein kaufen 400 euro"}]},{"@type":"WebSite","@id":"https:\/\/reisepassfuhrer.com\/#website","url":"https:\/\/reisepassfuhrer.com\/","name":"Pr\u016fvodce pasem","description":"\u017d\u00e1dost o cestovn\u00ed pas Berl\u00edn","publisher":{"@id":"https:\/\/reisepassfuhrer.com\/#organization"},"potentialAction":[{"@type":"SearchAction","target":{"@type":"EntryPoint","urlTemplate":"https:\/\/reisepassfuhrer.com\/?s={search_term_string}"},"query-input":{"@type":"PropertyValueSpecification","valueRequired":true,"valueName":"search_term_string"}}],"inLanguage":"cs"},{"@type":"Organization","@id":"https:\/\/reisepassfuhrer.com\/#organization","name":"Pr\u016fvodce pasem","url":"https:\/\/reisepassfuhrer.com\/","logo":{"@type":"ImageObject","inLanguage":"cs","@id":"https:\/\/reisepassfuhrer.com\/#\/schema\/logo\/image\/","url":"https:\/\/reisepassfuhrer.com\/wp-content\/uploads\/2024\/03\/Reisepassfuhrer-logo.png","contentUrl":"https:\/\/reisepassfuhrer.com\/wp-content\/uploads\/2024\/03\/Reisepassfuhrer-logo.png","width":112,"height":112,"caption":"Reisepassfuhrer"},"image":{"@id":"https:\/\/reisepassfuhrer.com\/#\/schema\/logo\/image\/"}}]}},"_links":{"self":[{"href":"https:\/\/reisepassfuhrer.com\/cs\/wp-json\/wp\/v2\/product\/3147","targetHints":{"allow":["GET"]}}],"collection":[{"href":"https:\/\/reisepassfuhrer.com\/cs\/wp-json\/wp\/v2\/product"}],"about":[{"href":"https:\/\/reisepassfuhrer.com\/cs\/wp-json\/wp\/v2\/types\/product"}],"replies":[{"embeddable":true,"href":"https:\/\/reisepassfuhrer.com\/cs\/wp-json\/wp\/v2\/comments?post=3147"}],"wp:featuredmedia":[{"embeddable":true,"href":"https:\/\/reisepassfuhrer.com\/cs\/wp-json\/wp\/v2\/media\/3149"}],"wp:attachment":[{"href":"https:\/\/reisepassfuhrer.com\/cs\/wp-json\/wp\/v2\/media?parent=3147"}],"wp:term":[{"taxonomy":"product_brand","embeddable":true,"href":"https:\/\/reisepassfuhrer.com\/cs\/wp-json\/wp\/v2\/product_brand?post=3147"},{"taxonomy":"product_cat","embeddable":true,"href":"https:\/\/reisepassfuhrer.com\/cs\/wp-json\/wp\/v2\/product_cat?post=3147"},{"taxonomy":"product_tag","embeddable":true,"href":"https:\/\/reisepassfuhrer.com\/cs\/wp-json\/wp\/v2\/product_tag?post=3147"}],"curies":[{"name":"wp","href":"https:\/\/api.w.org\/{rel}","templated":true}]}}