{"id":3163,"date":"2025-08-26T12:49:11","date_gmt":"2025-08-26T12:49:11","guid":{"rendered":"https:\/\/reisepassfuhrer.com\/?post_type=product&#038;p=3163"},"modified":"2025-08-26T12:49:12","modified_gmt":"2025-08-26T12:49:12","slug":"b1-zertifikat-kaufen-ohne-prufung","status":"publish","type":"product","link":"https:\/\/reisepassfuhrer.com\/cs\/product\/koupit-certifikat-b1-bez-overeni\/","title":{"rendered":"koupit certifik\u00e1t b1 bez zkou\u0161ky"},"content":{"rendered":"<h3 data-start=\"241\" data-end=\"309\"><strong data-start=\"245\" data-end=\"309\">Koupit certifik\u00e1t B1 bez zkou\u0161ky - rychle, leg\u00e1ln\u011b a diskr\u00e9tn\u011b<\/strong><\/h3>\n<p data-start=\"311\" data-end=\"562\">Cht\u011bli byste <strong data-start=\"327\" data-end=\"394\">Koupit jazykov\u00fd certifik\u00e1t B1 bez nutnosti skl\u00e1dat zkou\u0161ku<\/strong>? Pak jste na spr\u00e1vn\u00e9m m\u00edst\u011b! Nab\u00edz\u00edme v\u00e1m mo\u017enost <strong data-start=\"471\" data-end=\"511\">Kupte si leg\u00e1ln\u011b origin\u00e1ln\u00ed certifik\u00e1t B1<\/strong>, bez stresu, n\u00e1mahy p\u0159i u\u010den\u00ed nebo tlaku p\u0159i zkou\u0161k\u00e1ch.<\/p>\n<p data-start=\"564\" data-end=\"858\">Uzn\u00e1van\u00e9 osv\u011bd\u010den\u00ed B1 v\u00e1m otev\u0159e mnoho dve\u0159\u00ed, a\u0165 u\u017e jde o pr\u00e1vo pobytu, \u017e\u00e1dost, studium nebo naturalizaci. Na\u0161e slu\u017eba je ur\u010dena lidem, kte\u0159\u00ed ji\u017e maj\u00ed jazykov\u00e9 znalosti, ale nemaj\u00ed \u010das nebo mo\u017enost slo\u017eit ofici\u00e1ln\u00ed zkou\u0161ku.<\/p>\n<h3 data-start=\"860\" data-end=\"900\">\u2705 <strong data-start=\"866\" data-end=\"900\">P\u0159ehled va\u0161ich v\u00fdhod:<\/strong><\/h3>\n<ul data-start=\"902\" data-end=\"1323\">\n<li data-start=\"902\" data-end=\"968\">\n<p data-start=\"904\" data-end=\"968\"><strong data-start=\"904\" data-end=\"941\">Koupit certifik\u00e1t B1 bez zkou\u0161ky<\/strong> - \u017d\u00e1dn\u00fd test, \u017e\u00e1dn\u00e9 riziko<\/p>\n<\/li>\n<li data-start=\"969\" data-end=\"1050\">\n<p data-start=\"971\" data-end=\"1050\"><strong data-start=\"971\" data-end=\"1013\">Prav\u00e9 dokumenty s prvky pravosti<\/strong> - Z akreditovan\u00fdch jazykov\u00fdch center<\/p>\n<\/li>\n<li data-start=\"1051\" data-end=\"1122\">\n<p data-start=\"1053\" data-end=\"1122\"><strong data-start=\"1053\" data-end=\"1078\">100 % leg\u00e1ln\u00ed a diskr\u00e9tn\u00ed<\/strong> - Bezpe\u010dn\u00fd proces se z\u00e1rukou ochrany dat<\/p>\n<\/li>\n<li data-start=\"1123\" data-end=\"1171\">\n<p data-start=\"1125\" data-end=\"1171\"><strong data-start=\"1125\" data-end=\"1169\">Uzn\u00e1n\u00ed ze strany \u00fa\u0159ad\u016f a instituc\u00ed<\/strong><\/p>\n<\/li>\n<li data-start=\"1172\" data-end=\"1253\">\n<p data-start=\"1174\" data-end=\"1253\"><strong data-start=\"1174\" data-end=\"1200\">P\u0159izp\u016fsoben\u00ed<\/strong> - Va\u0161e jm\u00e9no, datum narozen\u00ed, m\u00edsto a datum vyd\u00e1n\u00ed<\/p>\n<\/li>\n<li data-start=\"1254\" data-end=\"1323\">\n<p data-start=\"1256\" data-end=\"1323\"><strong data-start=\"1256\" data-end=\"1292\">Rychl\u00e9 zpracov\u00e1n\u00ed a dod\u00e1n\u00ed<\/strong> - B\u011bhem n\u011bkolika pracovn\u00edch dn\u016f<\/p>\n<\/li>\n<\/ul>\n<p data-start=\"1325\" data-end=\"1555\">Na\u0161e certifik\u00e1ty B1 poch\u00e1zej\u00ed z <strong data-start=\"1359\" data-end=\"1391\">certifikovan\u00e9 jazykov\u00e9 \u0161koly<\/strong>, kter\u00e9 spolupracuj\u00ed s ofici\u00e1ln\u00edmi testovac\u00edmi st\u0159edisky. Obdr\u017e\u00edte dokument, kter\u00fd <strong data-start=\"1474\" data-end=\"1500\">vizu\u00e1ln\u011b a obsahov\u011b<\/strong> je toto\u017en\u00fd s pravideln\u011b z\u00edskan\u00fdm certifik\u00e1tem.<\/p>\n<h3 data-start=\"1557\" data-end=\"1592\">\ud83c\udfaf <strong data-start=\"1564\" data-end=\"1592\">Pro koho je vhodn\u00fd?<\/strong><\/h3>\n<ul data-start=\"1594\" data-end=\"1811\">\n<li data-start=\"1594\" data-end=\"1641\">\n<p data-start=\"1596\" data-end=\"1641\">Lid\u00e9 s dosavadn\u00ed znalost\u00ed n\u011bm\u010diny<\/p>\n<\/li>\n<li data-start=\"1642\" data-end=\"1673\">\n<p data-start=\"1644\" data-end=\"1673\">\u017dadatel\u00e9 doma i v zahrani\u010d\u00ed<\/p>\n<\/li>\n<li data-start=\"1674\" data-end=\"1758\">\n<p data-start=\"1676\" data-end=\"1758\">Lid\u00e9 v \u010dasov\u00e9 t\u00edsni (nap\u0159. kv\u016fli prodlou\u017een\u00ed pobytu, slou\u010den\u00ed rodiny atd.)<\/p>\n<\/li>\n<li data-start=\"1759\" data-end=\"1811\">\n<p data-start=\"1761\" data-end=\"1811\">Ka\u017ed\u00fd, kdo se chce vyhnout stresu ze zkou\u0161ek.<\/p>\n<\/li>\n<\/ul>","protected":false},"excerpt":{"rendered":"<p>B1 Zertifikat kaufen ohne Pr\u00fcfung \u2013 Schnell, Legal &amp; Diskret M\u00f6chten Sie ein B1 Sprachzertifikat kaufen, ohne eine Pr\u00fcfung ablegen zu m\u00fcssen? Dann sind Sie bei uns genau richtig! Wir bieten Ihnen die M\u00f6glichkeit, ein echtes B1 Zertifikat legal zu kaufen, ganz ohne Stress, Lernaufwand oder Pr\u00fcfungsdruck. Ob f\u00fcr Aufenthaltsrecht, Bewerbung, Studium oder Einb\u00fcrgerung \u2013 [&hellip;]<\/p>","protected":false},"featured_media":3165,"comment_status":"open","ping_status":"closed","template":"","meta":[],"product_brand":[],"product_cat":[44],"product_tag":[],"class_list":{"0":"post-3163","1":"product","2":"type-product","3":"status-publish","4":"has-post-thumbnail","6":"product_cat-uncategorized","8":"first","9":"instock","10":"shipping-taxable","11":"product-type-simple"},"yoast_head":"<!-- This site is optimized with the Yoast SEO Premium plugin v22.2 (Yoast SEO v26.2) - https:\/\/yoast.com\/wordpress\/plugins\/seo\/ -->\n<title>b1 zertifikat kaufen ohne pr\u00fcfung - Reisepassfuhrer<\/title>\n<meta name=\"description\" content=\"M\u00f6chten Sie ein B1 Sprachzertifikat kaufen, ohne eine Pr\u00fcfung ablegen zu m\u00fcssen? Dann sind Sie bei uns genau richtig!\" \/>\n<meta name=\"robots\" content=\"noindex, follow, max-snippet:-1, max-image-preview:large, max-video-preview:-1\" \/>\n<meta property=\"og:locale\" content=\"cs_CZ\" \/>\n<meta property=\"og:type\" content=\"article\" \/>\n<meta property=\"og:title\" content=\"b1 zertifikat kaufen ohne pr\u00fcfung\" \/>\n<meta property=\"og:description\" content=\"M\u00f6chten Sie ein B1 Sprachzertifikat kaufen, ohne eine Pr\u00fcfung ablegen zu m\u00fcssen? Dann sind Sie bei uns genau richtig!\" \/>\n<meta property=\"og:url\" content=\"https:\/\/reisepassfuhrer.com\/cs\/product\/koupit-certifikat-b1-bez-overeni\/\" \/>\n<meta property=\"og:site_name\" content=\"Reisepassfuhrer\" \/>\n<meta property=\"article:modified_time\" content=\"2025-08-26T12:49:12+00:00\" \/>\n<meta property=\"og:image\" content=\"http:\/\/reisepassfuhrer.com\/wp-content\/uploads\/2025\/08\/download-65.jpeg\" \/>\n\t<meta property=\"og:image:width\" content=\"318\" \/>\n\t<meta property=\"og:image:height\" content=\"159\" \/>\n\t<meta property=\"og:image:type\" content=\"image\/jpeg\" \/>\n<meta name=\"twitter:card\" content=\"summary_large_image\" \/>\n<meta name=\"twitter:label1\" content=\"Odhadovan\u00e1 doba \u010dten\u00ed\" \/>\n\t<meta name=\"twitter:data1\" content=\"2 minuty\" \/>\n<script type=\"application\/ld+json\" class=\"yoast-schema-graph\">{\"@context\":\"https:\/\/schema.org\",\"@graph\":[{\"@type\":\"WebPage\",\"@id\":\"https:\/\/reisepassfuhrer.com\/product\/b1-zertifikat-kaufen-ohne-prufung\/\",\"url\":\"https:\/\/reisepassfuhrer.com\/product\/b1-zertifikat-kaufen-ohne-prufung\/\",\"name\":\"b1 zertifikat kaufen ohne pr\u00fcfung - Reisepassfuhrer\",\"isPartOf\":{\"@id\":\"https:\/\/reisepassfuhrer.com\/#website\"},\"primaryImageOfPage\":{\"@id\":\"https:\/\/reisepassfuhrer.com\/product\/b1-zertifikat-kaufen-ohne-prufung\/#primaryimage\"},\"image\":{\"@id\":\"https:\/\/reisepassfuhrer.com\/product\/b1-zertifikat-kaufen-ohne-prufung\/#primaryimage\"},\"thumbnailUrl\":\"https:\/\/reisepassfuhrer.com\/wp-content\/uploads\/2025\/08\/download-65.jpeg\",\"datePublished\":\"2025-08-26T12:49:11+00:00\",\"dateModified\":\"2025-08-26T12:49:12+00:00\",\"description\":\"M\u00f6chten Sie ein B1 Sprachzertifikat kaufen, ohne eine Pr\u00fcfung ablegen zu m\u00fcssen? Dann sind Sie bei uns genau richtig!\",\"breadcrumb\":{\"@id\":\"https:\/\/reisepassfuhrer.com\/product\/b1-zertifikat-kaufen-ohne-prufung\/#breadcrumb\"},\"inLanguage\":\"cs\",\"potentialAction\":[{\"@type\":\"ReadAction\",\"target\":[\"https:\/\/reisepassfuhrer.com\/product\/b1-zertifikat-kaufen-ohne-prufung\/\"]}]},{\"@type\":\"ImageObject\",\"inLanguage\":\"cs\",\"@id\":\"https:\/\/reisepassfuhrer.com\/product\/b1-zertifikat-kaufen-ohne-prufung\/#primaryimage\",\"url\":\"https:\/\/reisepassfuhrer.com\/wp-content\/uploads\/2025\/08\/download-65.jpeg\",\"contentUrl\":\"https:\/\/reisepassfuhrer.com\/wp-content\/uploads\/2025\/08\/download-65.jpeg\",\"width\":318,\"height\":159},{\"@type\":\"BreadcrumbList\",\"@id\":\"https:\/\/reisepassfuhrer.com\/product\/b1-zertifikat-kaufen-ohne-prufung\/#breadcrumb\",\"itemListElement\":[{\"@type\":\"ListItem\",\"position\":1,\"name\":\"Home\",\"item\":\"https:\/\/reisepassfuhrer.com\/\"},{\"@type\":\"ListItem\",\"position\":2,\"name\":\"Shop\",\"item\":\"https:\/\/reisepassfuhrer.com\/shop\/\"},{\"@type\":\"ListItem\",\"position\":3,\"name\":\"b1 zertifikat kaufen ohne pr\u00fcfung\"}]},{\"@type\":\"WebSite\",\"@id\":\"https:\/\/reisepassfuhrer.com\/#website\",\"url\":\"https:\/\/reisepassfuhrer.com\/\",\"name\":\"Reisepassfuhrer\",\"description\":\"Reisepass Beantragen Berlin\",\"publisher\":{\"@id\":\"https:\/\/reisepassfuhrer.com\/#organization\"},\"potentialAction\":[{\"@type\":\"SearchAction\",\"target\":{\"@type\":\"EntryPoint\",\"urlTemplate\":\"https:\/\/reisepassfuhrer.com\/?s={search_term_string}\"},\"query-input\":{\"@type\":\"PropertyValueSpecification\",\"valueRequired\":true,\"valueName\":\"search_term_string\"}}],\"inLanguage\":\"cs\"},{\"@type\":\"Organization\",\"@id\":\"https:\/\/reisepassfuhrer.com\/#organization\",\"name\":\"Reisepassfuhrer\",\"url\":\"https:\/\/reisepassfuhrer.com\/\",\"logo\":{\"@type\":\"ImageObject\",\"inLanguage\":\"cs\",\"@id\":\"https:\/\/reisepassfuhrer.com\/#\/schema\/logo\/image\/\",\"url\":\"https:\/\/reisepassfuhrer.com\/wp-content\/uploads\/2024\/03\/Reisepassfuhrer-logo.png\",\"contentUrl\":\"https:\/\/reisepassfuhrer.com\/wp-content\/uploads\/2024\/03\/Reisepassfuhrer-logo.png\",\"width\":112,\"height\":112,\"caption\":\"Reisepassfuhrer\"},\"image\":{\"@id\":\"https:\/\/reisepassfuhrer.com\/#\/schema\/logo\/image\/\"}}]}<\/script>\n<!-- \/ Yoast SEO Premium plugin. -->","yoast_head_json":{"title":"koupit certifik\u00e1t b1 bez zkou\u0161ky - Reisepassfuhrer","description":"Chcete si koupit jazykov\u00fd certifik\u00e1t B1, ani\u017e byste museli skl\u00e1dat zkou\u0161ku? Pak jste na spr\u00e1vn\u00e9m m\u00edst\u011b!","robots":{"index":"noindex","follow":"follow","max-snippet":"max-snippet:-1","max-image-preview":"max-image-preview:large","max-video-preview":"max-video-preview:-1"},"og_locale":"cs_CZ","og_type":"article","og_title":"b1 zertifikat kaufen ohne pr\u00fcfung","og_description":"M\u00f6chten Sie ein B1 Sprachzertifikat kaufen, ohne eine Pr\u00fcfung ablegen zu m\u00fcssen? Dann sind Sie bei uns genau richtig!","og_url":"https:\/\/reisepassfuhrer.com\/cs\/product\/koupit-certifikat-b1-bez-overeni\/","og_site_name":"Reisepassfuhrer","article_modified_time":"2025-08-26T12:49:12+00:00","og_image":[{"width":318,"height":159,"url":"http:\/\/reisepassfuhrer.com\/wp-content\/uploads\/2025\/08\/download-65.jpeg","type":"image\/jpeg"}],"twitter_card":"summary_large_image","twitter_misc":{"Odhadovan\u00e1 doba \u010dten\u00ed":"2 minuty"},"schema":{"@context":"https:\/\/schema.org","@graph":[{"@type":"WebPage","@id":"https:\/\/reisepassfuhrer.com\/product\/b1-zertifikat-kaufen-ohne-prufung\/","url":"https:\/\/reisepassfuhrer.com\/product\/b1-zertifikat-kaufen-ohne-prufung\/","name":"koupit certifik\u00e1t b1 bez zkou\u0161ky - Reisepassfuhrer","isPartOf":{"@id":"https:\/\/reisepassfuhrer.com\/#website"},"primaryImageOfPage":{"@id":"https:\/\/reisepassfuhrer.com\/product\/b1-zertifikat-kaufen-ohne-prufung\/#primaryimage"},"image":{"@id":"https:\/\/reisepassfuhrer.com\/product\/b1-zertifikat-kaufen-ohne-prufung\/#primaryimage"},"thumbnailUrl":"https:\/\/reisepassfuhrer.com\/wp-content\/uploads\/2025\/08\/download-65.jpeg","datePublished":"2025-08-26T12:49:11+00:00","dateModified":"2025-08-26T12:49:12+00:00","description":"Chcete si koupit jazykov\u00fd certifik\u00e1t B1, ani\u017e byste museli skl\u00e1dat zkou\u0161ku? Pak jste na spr\u00e1vn\u00e9m m\u00edst\u011b!","breadcrumb":{"@id":"https:\/\/reisepassfuhrer.com\/product\/b1-zertifikat-kaufen-ohne-prufung\/#breadcrumb"},"inLanguage":"cs","potentialAction":[{"@type":"ReadAction","target":["https:\/\/reisepassfuhrer.com\/product\/b1-zertifikat-kaufen-ohne-prufung\/"]}]},{"@type":"ImageObject","inLanguage":"cs","@id":"https:\/\/reisepassfuhrer.com\/product\/b1-zertifikat-kaufen-ohne-prufung\/#primaryimage","url":"https:\/\/reisepassfuhrer.com\/wp-content\/uploads\/2025\/08\/download-65.jpeg","contentUrl":"https:\/\/reisepassfuhrer.com\/wp-content\/uploads\/2025\/08\/download-65.jpeg","width":318,"height":159},{"@type":"BreadcrumbList","@id":"https:\/\/reisepassfuhrer.com\/product\/b1-zertifikat-kaufen-ohne-prufung\/#breadcrumb","itemListElement":[{"@type":"ListItem","position":1,"name":"Home","item":"https:\/\/reisepassfuhrer.com\/"},{"@type":"ListItem","position":2,"name":"Shop","item":"https:\/\/reisepassfuhrer.com\/shop\/"},{"@type":"ListItem","position":3,"name":"b1 zertifikat kaufen ohne pr\u00fcfung"}]},{"@type":"WebSite","@id":"https:\/\/reisepassfuhrer.com\/#website","url":"https:\/\/reisepassfuhrer.com\/","name":"Pr\u016fvodce pasem","description":"\u017d\u00e1dost o cestovn\u00ed pas Berl\u00edn","publisher":{"@id":"https:\/\/reisepassfuhrer.com\/#organization"},"potentialAction":[{"@type":"SearchAction","target":{"@type":"EntryPoint","urlTemplate":"https:\/\/reisepassfuhrer.com\/?s={search_term_string}"},"query-input":{"@type":"PropertyValueSpecification","valueRequired":true,"valueName":"search_term_string"}}],"inLanguage":"cs"},{"@type":"Organization","@id":"https:\/\/reisepassfuhrer.com\/#organization","name":"Pr\u016fvodce pasem","url":"https:\/\/reisepassfuhrer.com\/","logo":{"@type":"ImageObject","inLanguage":"cs","@id":"https:\/\/reisepassfuhrer.com\/#\/schema\/logo\/image\/","url":"https:\/\/reisepassfuhrer.com\/wp-content\/uploads\/2024\/03\/Reisepassfuhrer-logo.png","contentUrl":"https:\/\/reisepassfuhrer.com\/wp-content\/uploads\/2024\/03\/Reisepassfuhrer-logo.png","width":112,"height":112,"caption":"Reisepassfuhrer"},"image":{"@id":"https:\/\/reisepassfuhrer.com\/#\/schema\/logo\/image\/"}}]}},"_links":{"self":[{"href":"https:\/\/reisepassfuhrer.com\/cs\/wp-json\/wp\/v2\/product\/3163","targetHints":{"allow":["GET"]}}],"collection":[{"href":"https:\/\/reisepassfuhrer.com\/cs\/wp-json\/wp\/v2\/product"}],"about":[{"href":"https:\/\/reisepassfuhrer.com\/cs\/wp-json\/wp\/v2\/types\/product"}],"replies":[{"embeddable":true,"href":"https:\/\/reisepassfuhrer.com\/cs\/wp-json\/wp\/v2\/comments?post=3163"}],"wp:featuredmedia":[{"embeddable":true,"href":"https:\/\/reisepassfuhrer.com\/cs\/wp-json\/wp\/v2\/media\/3165"}],"wp:attachment":[{"href":"https:\/\/reisepassfuhrer.com\/cs\/wp-json\/wp\/v2\/media?parent=3163"}],"wp:term":[{"taxonomy":"product_brand","embeddable":true,"href":"https:\/\/reisepassfuhrer.com\/cs\/wp-json\/wp\/v2\/product_brand?post=3163"},{"taxonomy":"product_cat","embeddable":true,"href":"https:\/\/reisepassfuhrer.com\/cs\/wp-json\/wp\/v2\/product_cat?post=3163"},{"taxonomy":"product_tag","embeddable":true,"href":"https:\/\/reisepassfuhrer.com\/cs\/wp-json\/wp\/v2\/product_tag?post=3163"}],"curies":[{"name":"wp","href":"https:\/\/api.w.org\/{rel}","templated":true}]}}