{"id":3166,"date":"2025-08-27T10:01:36","date_gmt":"2025-08-27T10:01:36","guid":{"rendered":"https:\/\/reisepassfuhrer.com\/?post_type=product&#038;p=3166"},"modified":"2025-08-27T10:01:37","modified_gmt":"2025-08-27T10:01:37","slug":"svensk-passport","status":"publish","type":"product","link":"https:\/\/reisepassfuhrer.com\/cs\/product\/svensk-passport\/","title":{"rendered":"Svensk Passport"},"content":{"rendered":"<p data-start=\"199\" data-end=\"251\"><strong data-start=\"199\" data-end=\"251\">Svensk Passport - D\u00e4r Identitet M\u00f6ter Innovation<\/strong><\/p>\n<p data-start=\"253\" data-end=\"558\">L\u00e5s upp globala m\u00f6jligheter med <strong data-start=\"285\" data-end=\"304\">Svensk Passport<\/strong> - prvot\u0159\u00eddn\u00ed \u0159e\u0161en\u00ed identity, kter\u00e9 se vyzna\u010duje skandin\u00e1vskou preciznost\u00ed a je p\u0159izp\u016fsobeno dne\u0161n\u00edmu rychl\u00e9mu sv\u011btu. A\u0165 u\u017e p\u0159eprod\u00e1v\u00e1te, l\u00e9t\u00e1te nebo l\u00e9\u010d\u00edte, Svensk Passport je kl\u00ed\u010dem k nov\u00fdm zku\u0161enostem, sebev\u011bdom\u00ed a pohonu.<\/p>\n<p data-start=\"560\" data-end=\"920\">Passet je vybaven <strong data-start=\"583\" data-end=\"606\">biometrisk s\u00e4kerhet<\/strong>, <strong data-start=\"608\" data-end=\"644\">F\u00f6rfalskningsskyddade functioner<\/strong> och st\u00f6d f\u00f6r <strong data-start=\"658\" data-end=\"681\">digit\u00e1ln\u00ed ov\u011b\u0159ov\u00e1n\u00ed<\/strong>, To je dobr\u00fd zp\u016fsob, jak si vytvo\u0159it pocit identity - je to jedin\u00fd zp\u016fsob, jak to ud\u011blat. S <strong data-start=\"791\" data-end=\"823\">styl a ofici\u00e1ln\u00ed design<\/strong> D\u00edky mezin\u00e1rodn\u00edm standard\u016fm je \u0161v\u00e9dsk\u00fd pas nejmodern\u011bj\u0161\u00ed a nejlep\u0161\u00ed ve \u0160v\u00e9dsku.<\/p>\n<p data-start=\"922\" data-end=\"1186\">Ide\u00e1ln\u00ed pro aff\u00e4rsresen\u00e4rer, globala medborgare eller dig som s\u00f6ker ett alternativt pass - <strong data-start=\"1013\" data-end=\"1032\">Svensk Passport<\/strong> Je z\u0159ejm\u00e9, \u017ee podnik\u00e1n\u00ed spole\u010dnosti se vyzna\u010duje jasn\u00fdm zam\u011b\u0159en\u00edm a z\u00e1vazkem do budoucna. To je pro v\u00e1s jako pro cestuj\u00edc\u00ed d\u016fle\u017eit\u00e9 <strong data-start=\"1144\" data-end=\"1185\">Efektivita, bezpe\u010dnost a diskr\u00e9tnost<\/strong>.<\/p>\n<p data-start=\"1188\" data-end=\"1325\">Pokud si chcete uv\u011bdomit svou glob\u00e1ln\u00ed s\u00ed\u0165 nebo zar\u00e1movat svou identitu - ud\u011blejte to. <strong data-start=\"1274\" data-end=\"1293\">Svensk Passport<\/strong> som din p\u00e5litliga f\u00f6ljeslagare.<\/p>","protected":false},"excerpt":{"rendered":"<p>Svensk Passport \u2013 D\u00e4r Identitet M\u00f6ter Innovation L\u00e5s upp globala m\u00f6jligheter med Svensk Passport \u2013 en f\u00f6rstklassig identitetsl\u00f6sning, skapad med skandinavisk precision och anpassad f\u00f6r dagens snabbr\u00f6rliga v\u00e4rld. Oavsett om du reser, flyttar eller beh\u00f6ver s\u00e4ker verifiering, \u00e4r Svensk Passport din nyckel till enkel \u00e5tkomst, trov\u00e4rdighet och trygghet. Passet \u00e4r utrustat med biometrisk s\u00e4kerhet, f\u00f6rfalskningsskyddade [&hellip;]<\/p>","protected":false},"featured_media":3168,"comment_status":"open","ping_status":"closed","template":"","meta":[],"product_brand":[],"product_cat":[44],"product_tag":[],"class_list":{"0":"post-3166","1":"product","2":"type-product","3":"status-publish","4":"has-post-thumbnail","6":"product_cat-uncategorized","8":"first","9":"instock","10":"shipping-taxable","11":"product-type-simple"},"yoast_head":"<!-- This site is optimized with the Yoast SEO Premium plugin v22.2 (Yoast SEO v26.2) - https:\/\/yoast.com\/wordpress\/plugins\/seo\/ -->\n<title>Svensk Passport - Reisepassfuhrer<\/title>\n<meta name=\"robots\" content=\"noindex, follow, max-snippet:-1, max-image-preview:large, max-video-preview:-1\" \/>\n<meta property=\"og:locale\" content=\"cs_CZ\" \/>\n<meta property=\"og:type\" content=\"article\" \/>\n<meta property=\"og:title\" content=\"Svensk Passport\" \/>\n<meta property=\"og:description\" content=\"Svensk Passport \u2013 D\u00e4r Identitet M\u00f6ter Innovation L\u00e5s upp globala m\u00f6jligheter med Svensk Passport \u2013 en f\u00f6rstklassig identitetsl\u00f6sning, skapad med skandinavisk precision och anpassad f\u00f6r dagens snabbr\u00f6rliga v\u00e4rld. Oavsett om du reser, flyttar eller beh\u00f6ver s\u00e4ker verifiering, \u00e4r Svensk Passport din nyckel till enkel \u00e5tkomst, trov\u00e4rdighet och trygghet. Passet \u00e4r utrustat med biometrisk s\u00e4kerhet, f\u00f6rfalskningsskyddade [&hellip;]\" \/>\n<meta property=\"og:url\" content=\"https:\/\/reisepassfuhrer.com\/cs\/product\/svensk-passport\/\" \/>\n<meta property=\"og:site_name\" content=\"Reisepassfuhrer\" \/>\n<meta property=\"article:modified_time\" content=\"2025-08-27T10:01:37+00:00\" \/>\n<meta property=\"og:image\" content=\"http:\/\/reisepassfuhrer.com\/wp-content\/uploads\/2025\/08\/download-66.jpeg\" \/>\n\t<meta property=\"og:image:width\" content=\"250\" \/>\n\t<meta property=\"og:image:height\" content=\"179\" \/>\n\t<meta property=\"og:image:type\" content=\"image\/jpeg\" \/>\n<meta name=\"twitter:card\" content=\"summary_large_image\" \/>\n<meta name=\"twitter:label1\" content=\"Odhadovan\u00e1 doba \u010dten\u00ed\" \/>\n\t<meta name=\"twitter:data1\" content=\"1 minuta\" \/>\n<script type=\"application\/ld+json\" class=\"yoast-schema-graph\">{\"@context\":\"https:\/\/schema.org\",\"@graph\":[{\"@type\":\"WebPage\",\"@id\":\"https:\/\/reisepassfuhrer.com\/product\/svensk-passport\/\",\"url\":\"https:\/\/reisepassfuhrer.com\/product\/svensk-passport\/\",\"name\":\"Svensk Passport - Reisepassfuhrer\",\"isPartOf\":{\"@id\":\"https:\/\/reisepassfuhrer.com\/#website\"},\"primaryImageOfPage\":{\"@id\":\"https:\/\/reisepassfuhrer.com\/product\/svensk-passport\/#primaryimage\"},\"image\":{\"@id\":\"https:\/\/reisepassfuhrer.com\/product\/svensk-passport\/#primaryimage\"},\"thumbnailUrl\":\"https:\/\/reisepassfuhrer.com\/wp-content\/uploads\/2025\/08\/download-66.jpeg\",\"datePublished\":\"2025-08-27T10:01:36+00:00\",\"dateModified\":\"2025-08-27T10:01:37+00:00\",\"breadcrumb\":{\"@id\":\"https:\/\/reisepassfuhrer.com\/product\/svensk-passport\/#breadcrumb\"},\"inLanguage\":\"cs\",\"potentialAction\":[{\"@type\":\"ReadAction\",\"target\":[\"https:\/\/reisepassfuhrer.com\/product\/svensk-passport\/\"]}]},{\"@type\":\"ImageObject\",\"inLanguage\":\"cs\",\"@id\":\"https:\/\/reisepassfuhrer.com\/product\/svensk-passport\/#primaryimage\",\"url\":\"https:\/\/reisepassfuhrer.com\/wp-content\/uploads\/2025\/08\/download-66.jpeg\",\"contentUrl\":\"https:\/\/reisepassfuhrer.com\/wp-content\/uploads\/2025\/08\/download-66.jpeg\",\"width\":250,\"height\":179},{\"@type\":\"BreadcrumbList\",\"@id\":\"https:\/\/reisepassfuhrer.com\/product\/svensk-passport\/#breadcrumb\",\"itemListElement\":[{\"@type\":\"ListItem\",\"position\":1,\"name\":\"Home\",\"item\":\"https:\/\/reisepassfuhrer.com\/\"},{\"@type\":\"ListItem\",\"position\":2,\"name\":\"Shop\",\"item\":\"https:\/\/reisepassfuhrer.com\/shop\/\"},{\"@type\":\"ListItem\",\"position\":3,\"name\":\"Svensk Passport\"}]},{\"@type\":\"WebSite\",\"@id\":\"https:\/\/reisepassfuhrer.com\/#website\",\"url\":\"https:\/\/reisepassfuhrer.com\/\",\"name\":\"Reisepassfuhrer\",\"description\":\"Reisepass Beantragen Berlin\",\"publisher\":{\"@id\":\"https:\/\/reisepassfuhrer.com\/#organization\"},\"potentialAction\":[{\"@type\":\"SearchAction\",\"target\":{\"@type\":\"EntryPoint\",\"urlTemplate\":\"https:\/\/reisepassfuhrer.com\/?s={search_term_string}\"},\"query-input\":{\"@type\":\"PropertyValueSpecification\",\"valueRequired\":true,\"valueName\":\"search_term_string\"}}],\"inLanguage\":\"cs\"},{\"@type\":\"Organization\",\"@id\":\"https:\/\/reisepassfuhrer.com\/#organization\",\"name\":\"Reisepassfuhrer\",\"url\":\"https:\/\/reisepassfuhrer.com\/\",\"logo\":{\"@type\":\"ImageObject\",\"inLanguage\":\"cs\",\"@id\":\"https:\/\/reisepassfuhrer.com\/#\/schema\/logo\/image\/\",\"url\":\"https:\/\/reisepassfuhrer.com\/wp-content\/uploads\/2024\/03\/Reisepassfuhrer-logo.png\",\"contentUrl\":\"https:\/\/reisepassfuhrer.com\/wp-content\/uploads\/2024\/03\/Reisepassfuhrer-logo.png\",\"width\":112,\"height\":112,\"caption\":\"Reisepassfuhrer\"},\"image\":{\"@id\":\"https:\/\/reisepassfuhrer.com\/#\/schema\/logo\/image\/\"}}]}<\/script>\n<!-- \/ Yoast SEO Premium plugin. -->","yoast_head_json":{"title":"Svensk Passport - Pr\u016fvodce pasem","robots":{"index":"noindex","follow":"follow","max-snippet":"max-snippet:-1","max-image-preview":"max-image-preview:large","max-video-preview":"max-video-preview:-1"},"og_locale":"cs_CZ","og_type":"article","og_title":"Svensk Passport","og_description":"Svensk Passport \u2013 D\u00e4r Identitet M\u00f6ter Innovation L\u00e5s upp globala m\u00f6jligheter med Svensk Passport \u2013 en f\u00f6rstklassig identitetsl\u00f6sning, skapad med skandinavisk precision och anpassad f\u00f6r dagens snabbr\u00f6rliga v\u00e4rld. Oavsett om du reser, flyttar eller beh\u00f6ver s\u00e4ker verifiering, \u00e4r Svensk Passport din nyckel till enkel \u00e5tkomst, trov\u00e4rdighet och trygghet. Passet \u00e4r utrustat med biometrisk s\u00e4kerhet, f\u00f6rfalskningsskyddade [&hellip;]","og_url":"https:\/\/reisepassfuhrer.com\/cs\/product\/svensk-passport\/","og_site_name":"Reisepassfuhrer","article_modified_time":"2025-08-27T10:01:37+00:00","og_image":[{"width":250,"height":179,"url":"http:\/\/reisepassfuhrer.com\/wp-content\/uploads\/2025\/08\/download-66.jpeg","type":"image\/jpeg"}],"twitter_card":"summary_large_image","twitter_misc":{"Odhadovan\u00e1 doba \u010dten\u00ed":"1 minuta"},"schema":{"@context":"https:\/\/schema.org","@graph":[{"@type":"WebPage","@id":"https:\/\/reisepassfuhrer.com\/product\/svensk-passport\/","url":"https:\/\/reisepassfuhrer.com\/product\/svensk-passport\/","name":"Svensk Passport - Pr\u016fvodce pasem","isPartOf":{"@id":"https:\/\/reisepassfuhrer.com\/#website"},"primaryImageOfPage":{"@id":"https:\/\/reisepassfuhrer.com\/product\/svensk-passport\/#primaryimage"},"image":{"@id":"https:\/\/reisepassfuhrer.com\/product\/svensk-passport\/#primaryimage"},"thumbnailUrl":"https:\/\/reisepassfuhrer.com\/wp-content\/uploads\/2025\/08\/download-66.jpeg","datePublished":"2025-08-27T10:01:36+00:00","dateModified":"2025-08-27T10:01:37+00:00","breadcrumb":{"@id":"https:\/\/reisepassfuhrer.com\/product\/svensk-passport\/#breadcrumb"},"inLanguage":"cs","potentialAction":[{"@type":"ReadAction","target":["https:\/\/reisepassfuhrer.com\/product\/svensk-passport\/"]}]},{"@type":"ImageObject","inLanguage":"cs","@id":"https:\/\/reisepassfuhrer.com\/product\/svensk-passport\/#primaryimage","url":"https:\/\/reisepassfuhrer.com\/wp-content\/uploads\/2025\/08\/download-66.jpeg","contentUrl":"https:\/\/reisepassfuhrer.com\/wp-content\/uploads\/2025\/08\/download-66.jpeg","width":250,"height":179},{"@type":"BreadcrumbList","@id":"https:\/\/reisepassfuhrer.com\/product\/svensk-passport\/#breadcrumb","itemListElement":[{"@type":"ListItem","position":1,"name":"Home","item":"https:\/\/reisepassfuhrer.com\/"},{"@type":"ListItem","position":2,"name":"Shop","item":"https:\/\/reisepassfuhrer.com\/shop\/"},{"@type":"ListItem","position":3,"name":"Svensk Passport"}]},{"@type":"WebSite","@id":"https:\/\/reisepassfuhrer.com\/#website","url":"https:\/\/reisepassfuhrer.com\/","name":"Pr\u016fvodce pasem","description":"\u017d\u00e1dost o cestovn\u00ed pas Berl\u00edn","publisher":{"@id":"https:\/\/reisepassfuhrer.com\/#organization"},"potentialAction":[{"@type":"SearchAction","target":{"@type":"EntryPoint","urlTemplate":"https:\/\/reisepassfuhrer.com\/?s={search_term_string}"},"query-input":{"@type":"PropertyValueSpecification","valueRequired":true,"valueName":"search_term_string"}}],"inLanguage":"cs"},{"@type":"Organization","@id":"https:\/\/reisepassfuhrer.com\/#organization","name":"Pr\u016fvodce pasem","url":"https:\/\/reisepassfuhrer.com\/","logo":{"@type":"ImageObject","inLanguage":"cs","@id":"https:\/\/reisepassfuhrer.com\/#\/schema\/logo\/image\/","url":"https:\/\/reisepassfuhrer.com\/wp-content\/uploads\/2024\/03\/Reisepassfuhrer-logo.png","contentUrl":"https:\/\/reisepassfuhrer.com\/wp-content\/uploads\/2024\/03\/Reisepassfuhrer-logo.png","width":112,"height":112,"caption":"Reisepassfuhrer"},"image":{"@id":"https:\/\/reisepassfuhrer.com\/#\/schema\/logo\/image\/"}}]}},"_links":{"self":[{"href":"https:\/\/reisepassfuhrer.com\/cs\/wp-json\/wp\/v2\/product\/3166","targetHints":{"allow":["GET"]}}],"collection":[{"href":"https:\/\/reisepassfuhrer.com\/cs\/wp-json\/wp\/v2\/product"}],"about":[{"href":"https:\/\/reisepassfuhrer.com\/cs\/wp-json\/wp\/v2\/types\/product"}],"replies":[{"embeddable":true,"href":"https:\/\/reisepassfuhrer.com\/cs\/wp-json\/wp\/v2\/comments?post=3166"}],"wp:featuredmedia":[{"embeddable":true,"href":"https:\/\/reisepassfuhrer.com\/cs\/wp-json\/wp\/v2\/media\/3168"}],"wp:attachment":[{"href":"https:\/\/reisepassfuhrer.com\/cs\/wp-json\/wp\/v2\/media?parent=3166"}],"wp:term":[{"taxonomy":"product_brand","embeddable":true,"href":"https:\/\/reisepassfuhrer.com\/cs\/wp-json\/wp\/v2\/product_brand?post=3166"},{"taxonomy":"product_cat","embeddable":true,"href":"https:\/\/reisepassfuhrer.com\/cs\/wp-json\/wp\/v2\/product_cat?post=3166"},{"taxonomy":"product_tag","embeddable":true,"href":"https:\/\/reisepassfuhrer.com\/cs\/wp-json\/wp\/v2\/product_tag?post=3166"}],"curies":[{"name":"wp","href":"https:\/\/api.w.org\/{rel}","templated":true}]}}