{"id":3183,"date":"2025-08-29T11:03:15","date_gmt":"2025-08-29T11:03:15","guid":{"rendered":"https:\/\/reisepassfuhrer.com\/?post_type=product&#038;p=3183"},"modified":"2025-08-29T11:03:16","modified_gmt":"2025-08-29T11:03:16","slug":"kontaktlinsen-oldenburg","status":"publish","type":"product","link":"https:\/\/reisepassfuhrer.com\/cs\/product\/kontaktni-cocky-oldenburg\/","title":{"rendered":"kontaktn\u00ed \u010do\u010dky oldenburg"},"content":{"rendered":"<p data-start=\"189\" data-end=\"276\"><strong data-start=\"189\" data-end=\"271\">Kontaktn\u00ed \u010do\u010dky Oldenburg - Jasn\u00e9 vid\u011bn\u00ed, dokonal\u00fd komfort no\u0161en\u00ed u [va\u0161e zna\u010dka]<\/strong> \ud83d\udc41\ufe0f\u2728<\/p>\n<p data-start=\"278\" data-end=\"593\"><strong data-start=\"293\" data-end=\"362\">V\u00e1\u0161 kontakt pro kontaktn\u00ed \u010do\u010dky v Oldenburg<\/strong>! Nenab\u00edz\u00edme v\u00e1m jen kontaktn\u00ed \u010do\u010dky, ale zcela nov\u00fd zrakov\u00fd z\u00e1\u017eitek. A\u0165 u\u017e se jedn\u00e1 o jednodenn\u00ed \u010do\u010dky, m\u011bs\u00ed\u010dn\u00ed \u010do\u010dky, torick\u00e9 nebo multifok\u00e1ln\u00ed \u010do\u010dky - u n\u00e1s najdete p\u0159esn\u011b takov\u00e9 \u010do\u010dky, kter\u00e9 vyhovuj\u00ed va\u0161im o\u010d\u00edm a va\u0161emu \u017eivotn\u00edmu stylu.<\/p>\n<p data-start=\"595\" data-end=\"1307\">\u010c\u00edm jsme v\u00fdjime\u010dn\u00ed?<br data-start=\"619\" data-end=\"622\" \/>\u2705 <strong data-start=\"624\" data-end=\"650\">Individu\u00e1ln\u00ed poradenstv\u00ed:<\/strong> Na\u0161i zku\u0161en\u00ed optici v\u011bnuj\u00ed \u010das p\u0159esn\u00e9mu zm\u011b\u0159en\u00ed va\u0161ich o\u010d\u00ed a v\u00fdb\u011bru spr\u00e1vn\u00fdch \u010do\u010dek - pro maxim\u00e1ln\u00ed pohodl\u00ed a dokonal\u00e9 vid\u011bn\u00ed.<br data-start=\"815\" data-end=\"818\" \/>\u2705 <strong data-start=\"820\" data-end=\"842\">Nejmodern\u011bj\u0161\u00ed technologie:<\/strong> Pomoc\u00ed nejnov\u011bj\u0161\u00edch metod m\u011b\u0159en\u00ed a nasazov\u00e1n\u00ed v\u00e1m zaru\u010d\u00edme p\u0159esn\u00e9 nasazen\u00ed \u010do\u010dek, kter\u00e9 zajist\u00ed pohodl\u00ed i pro citliv\u00e9 o\u010di.<br data-start=\"996\" data-end=\"999\" \/>\u2705 <strong data-start=\"1001\" data-end=\"1036\">Velk\u00fd v\u00fdb\u011br p\u0159edn\u00edch zna\u010dek:<\/strong> A\u0165 u\u017e se jedn\u00e1 o Alcon, Bausch &amp; Lomb, Johnson &amp; Johnson nebo CooperVision, u n\u00e1s dostanete pouze vysoce kvalitn\u00ed zna\u010dkov\u00e9 \u010do\u010dky.<br data-start=\"1161\" data-end=\"1164\" \/>\u2705 <strong data-start=\"1166\" data-end=\"1206\">Rychl\u00e9 dod\u00e1n\u00ed a opakovan\u00e1 objedn\u00e1vka:<\/strong> Pohodln\u00e9 doobjedn\u00e1n\u00ed kontaktn\u00edch \u010do\u010dek - p\u0159\u00edmo na m\u00edst\u011b v Oldenburgu nebo online prost\u0159ednictv\u00edm na\u0161\u00ed slu\u017eby.<\/p>\n<p data-start=\"1309\" data-end=\"1519\">Na\u0161\u00edm c\u00edlem je, aby byl v\u00e1\u0161 ka\u017edodenn\u00ed \u017eivot s kontaktn\u00edmi \u010do\u010dkami co nejpohodln\u011bj\u0161\u00ed a nejjednodu\u0161\u0161\u00ed - bez kompromis\u016f v kvalit\u011b a slu\u017eb\u00e1ch. Sv\u011b\u0159te se do na\u0161ich rukou a poznejte ten rozd\u00edl!<\/p>\n<p data-start=\"1521\" data-end=\"1610\">\ud83d\udccd <strong data-start=\"1524\" data-end=\"1610\">Objevte kontaktn\u00ed \u010do\u010dky v Oldenburgu hned te\u010f - u [Va\u0161e zna\u010dka] na m\u00edst\u011b nebo online!<\/strong><\/p>","protected":false},"excerpt":{"rendered":"<p>Kontaktlinsen Oldenburg \u2013 Klare Sicht, perfekter Tragekomfort bei [Eure Marke] \ud83d\udc41\ufe0f\u2728 Ihr Ansprechpartner f\u00fcr Kontaktlinsen in Oldenburg! Wir bieten Ihnen nicht nur Kontaktlinsen, sondern ein v\u00f6llig neues Seherlebnis. Ob Tageslinsen, Monatslinsen, torische oder multifokale Linsen \u2013 bei uns finden Sie genau die Linsen, die zu Ihren Augen und Ihrem Lebensstil passen. Was uns besonders macht?\u2705 [&hellip;]<\/p>","protected":false},"featured_media":3186,"comment_status":"open","ping_status":"closed","template":"","meta":[],"product_brand":[],"product_cat":[44],"product_tag":[],"class_list":{"0":"post-3183","1":"product","2":"type-product","3":"status-publish","4":"has-post-thumbnail","6":"product_cat-uncategorized","8":"first","9":"instock","10":"shipping-taxable","11":"product-type-simple"},"yoast_head":"<!-- This site is optimized with the Yoast SEO Premium plugin v22.2 (Yoast SEO v26.2) - https:\/\/yoast.com\/wordpress\/plugins\/seo\/ -->\n<title>kontaktlinsen oldenburg - Reisepassfuhrer<\/title>\n<meta name=\"description\" content=\"Ihr Ansprechpartner f\u00fcr Kontaktlinsen in Oldenburg! Wir bieten Ihnen nicht nur Kontaktlinsen, sondern ein v\u00f6llig neues Seherlebnis.\" \/>\n<meta name=\"robots\" content=\"noindex, follow, max-snippet:-1, max-image-preview:large, max-video-preview:-1\" \/>\n<meta property=\"og:locale\" content=\"cs_CZ\" \/>\n<meta property=\"og:type\" content=\"article\" \/>\n<meta property=\"og:title\" content=\"kontaktlinsen oldenburg\" \/>\n<meta property=\"og:description\" content=\"Ihr Ansprechpartner f\u00fcr Kontaktlinsen in Oldenburg! Wir bieten Ihnen nicht nur Kontaktlinsen, sondern ein v\u00f6llig neues Seherlebnis.\" \/>\n<meta property=\"og:url\" content=\"https:\/\/reisepassfuhrer.com\/cs\/product\/kontaktni-cocky-oldenburg\/\" \/>\n<meta property=\"og:site_name\" content=\"Reisepassfuhrer\" \/>\n<meta property=\"article:modified_time\" content=\"2025-08-29T11:03:16+00:00\" \/>\n<meta property=\"og:image\" content=\"http:\/\/reisepassfuhrer.com\/wp-content\/uploads\/2025\/08\/download-80.jpeg\" \/>\n\t<meta property=\"og:image:width\" content=\"225\" \/>\n\t<meta property=\"og:image:height\" content=\"225\" \/>\n\t<meta property=\"og:image:type\" content=\"image\/jpeg\" \/>\n<meta name=\"twitter:card\" content=\"summary_large_image\" \/>\n<meta name=\"twitter:label1\" content=\"Odhadovan\u00e1 doba \u010dten\u00ed\" \/>\n\t<meta name=\"twitter:data1\" content=\"1 minuta\" \/>\n<script type=\"application\/ld+json\" class=\"yoast-schema-graph\">{\"@context\":\"https:\/\/schema.org\",\"@graph\":[{\"@type\":\"WebPage\",\"@id\":\"https:\/\/reisepassfuhrer.com\/product\/kontaktlinsen-oldenburg\/\",\"url\":\"https:\/\/reisepassfuhrer.com\/product\/kontaktlinsen-oldenburg\/\",\"name\":\"kontaktlinsen oldenburg - Reisepassfuhrer\",\"isPartOf\":{\"@id\":\"https:\/\/reisepassfuhrer.com\/#website\"},\"primaryImageOfPage\":{\"@id\":\"https:\/\/reisepassfuhrer.com\/product\/kontaktlinsen-oldenburg\/#primaryimage\"},\"image\":{\"@id\":\"https:\/\/reisepassfuhrer.com\/product\/kontaktlinsen-oldenburg\/#primaryimage\"},\"thumbnailUrl\":\"https:\/\/reisepassfuhrer.com\/wp-content\/uploads\/2025\/08\/download-80.jpeg\",\"datePublished\":\"2025-08-29T11:03:15+00:00\",\"dateModified\":\"2025-08-29T11:03:16+00:00\",\"description\":\"Ihr Ansprechpartner f\u00fcr Kontaktlinsen in Oldenburg! Wir bieten Ihnen nicht nur Kontaktlinsen, sondern ein v\u00f6llig neues Seherlebnis.\",\"breadcrumb\":{\"@id\":\"https:\/\/reisepassfuhrer.com\/product\/kontaktlinsen-oldenburg\/#breadcrumb\"},\"inLanguage\":\"cs\",\"potentialAction\":[{\"@type\":\"ReadAction\",\"target\":[\"https:\/\/reisepassfuhrer.com\/product\/kontaktlinsen-oldenburg\/\"]}]},{\"@type\":\"ImageObject\",\"inLanguage\":\"cs\",\"@id\":\"https:\/\/reisepassfuhrer.com\/product\/kontaktlinsen-oldenburg\/#primaryimage\",\"url\":\"https:\/\/reisepassfuhrer.com\/wp-content\/uploads\/2025\/08\/download-80.jpeg\",\"contentUrl\":\"https:\/\/reisepassfuhrer.com\/wp-content\/uploads\/2025\/08\/download-80.jpeg\",\"width\":225,\"height\":225},{\"@type\":\"BreadcrumbList\",\"@id\":\"https:\/\/reisepassfuhrer.com\/product\/kontaktlinsen-oldenburg\/#breadcrumb\",\"itemListElement\":[{\"@type\":\"ListItem\",\"position\":1,\"name\":\"Home\",\"item\":\"https:\/\/reisepassfuhrer.com\/\"},{\"@type\":\"ListItem\",\"position\":2,\"name\":\"Shop\",\"item\":\"https:\/\/reisepassfuhrer.com\/shop\/\"},{\"@type\":\"ListItem\",\"position\":3,\"name\":\"kontaktlinsen oldenburg\"}]},{\"@type\":\"WebSite\",\"@id\":\"https:\/\/reisepassfuhrer.com\/#website\",\"url\":\"https:\/\/reisepassfuhrer.com\/\",\"name\":\"Reisepassfuhrer\",\"description\":\"Reisepass Beantragen Berlin\",\"publisher\":{\"@id\":\"https:\/\/reisepassfuhrer.com\/#organization\"},\"potentialAction\":[{\"@type\":\"SearchAction\",\"target\":{\"@type\":\"EntryPoint\",\"urlTemplate\":\"https:\/\/reisepassfuhrer.com\/?s={search_term_string}\"},\"query-input\":{\"@type\":\"PropertyValueSpecification\",\"valueRequired\":true,\"valueName\":\"search_term_string\"}}],\"inLanguage\":\"cs\"},{\"@type\":\"Organization\",\"@id\":\"https:\/\/reisepassfuhrer.com\/#organization\",\"name\":\"Reisepassfuhrer\",\"url\":\"https:\/\/reisepassfuhrer.com\/\",\"logo\":{\"@type\":\"ImageObject\",\"inLanguage\":\"cs\",\"@id\":\"https:\/\/reisepassfuhrer.com\/#\/schema\/logo\/image\/\",\"url\":\"https:\/\/reisepassfuhrer.com\/wp-content\/uploads\/2024\/03\/Reisepassfuhrer-logo.png\",\"contentUrl\":\"https:\/\/reisepassfuhrer.com\/wp-content\/uploads\/2024\/03\/Reisepassfuhrer-logo.png\",\"width\":112,\"height\":112,\"caption\":\"Reisepassfuhrer\"},\"image\":{\"@id\":\"https:\/\/reisepassfuhrer.com\/#\/schema\/logo\/image\/\"}}]}<\/script>\n<!-- \/ Yoast SEO Premium plugin. -->","yoast_head_json":{"title":"kontaktlinsen oldenburg - pr\u016fvodce pasem","description":"V\u00e1\u0161 kontakt pro kontaktn\u00ed \u010do\u010dky v Oldenburgu! Nenab\u00edz\u00edme v\u00e1m jen kontaktn\u00ed \u010do\u010dky, ale zcela nov\u00fd zrakov\u00fd z\u00e1\u017eitek.","robots":{"index":"noindex","follow":"follow","max-snippet":"max-snippet:-1","max-image-preview":"max-image-preview:large","max-video-preview":"max-video-preview:-1"},"og_locale":"cs_CZ","og_type":"article","og_title":"kontaktlinsen oldenburg","og_description":"Ihr Ansprechpartner f\u00fcr Kontaktlinsen in Oldenburg! Wir bieten Ihnen nicht nur Kontaktlinsen, sondern ein v\u00f6llig neues Seherlebnis.","og_url":"https:\/\/reisepassfuhrer.com\/cs\/product\/kontaktni-cocky-oldenburg\/","og_site_name":"Reisepassfuhrer","article_modified_time":"2025-08-29T11:03:16+00:00","og_image":[{"width":225,"height":225,"url":"http:\/\/reisepassfuhrer.com\/wp-content\/uploads\/2025\/08\/download-80.jpeg","type":"image\/jpeg"}],"twitter_card":"summary_large_image","twitter_misc":{"Odhadovan\u00e1 doba \u010dten\u00ed":"1 minuta"},"schema":{"@context":"https:\/\/schema.org","@graph":[{"@type":"WebPage","@id":"https:\/\/reisepassfuhrer.com\/product\/kontaktlinsen-oldenburg\/","url":"https:\/\/reisepassfuhrer.com\/product\/kontaktlinsen-oldenburg\/","name":"kontaktlinsen oldenburg - pr\u016fvodce pasem","isPartOf":{"@id":"https:\/\/reisepassfuhrer.com\/#website"},"primaryImageOfPage":{"@id":"https:\/\/reisepassfuhrer.com\/product\/kontaktlinsen-oldenburg\/#primaryimage"},"image":{"@id":"https:\/\/reisepassfuhrer.com\/product\/kontaktlinsen-oldenburg\/#primaryimage"},"thumbnailUrl":"https:\/\/reisepassfuhrer.com\/wp-content\/uploads\/2025\/08\/download-80.jpeg","datePublished":"2025-08-29T11:03:15+00:00","dateModified":"2025-08-29T11:03:16+00:00","description":"V\u00e1\u0161 kontakt pro kontaktn\u00ed \u010do\u010dky v Oldenburgu! Nenab\u00edz\u00edme v\u00e1m jen kontaktn\u00ed \u010do\u010dky, ale zcela nov\u00fd zrakov\u00fd z\u00e1\u017eitek.","breadcrumb":{"@id":"https:\/\/reisepassfuhrer.com\/product\/kontaktlinsen-oldenburg\/#breadcrumb"},"inLanguage":"cs","potentialAction":[{"@type":"ReadAction","target":["https:\/\/reisepassfuhrer.com\/product\/kontaktlinsen-oldenburg\/"]}]},{"@type":"ImageObject","inLanguage":"cs","@id":"https:\/\/reisepassfuhrer.com\/product\/kontaktlinsen-oldenburg\/#primaryimage","url":"https:\/\/reisepassfuhrer.com\/wp-content\/uploads\/2025\/08\/download-80.jpeg","contentUrl":"https:\/\/reisepassfuhrer.com\/wp-content\/uploads\/2025\/08\/download-80.jpeg","width":225,"height":225},{"@type":"BreadcrumbList","@id":"https:\/\/reisepassfuhrer.com\/product\/kontaktlinsen-oldenburg\/#breadcrumb","itemListElement":[{"@type":"ListItem","position":1,"name":"Home","item":"https:\/\/reisepassfuhrer.com\/"},{"@type":"ListItem","position":2,"name":"Shop","item":"https:\/\/reisepassfuhrer.com\/shop\/"},{"@type":"ListItem","position":3,"name":"kontaktlinsen oldenburg"}]},{"@type":"WebSite","@id":"https:\/\/reisepassfuhrer.com\/#website","url":"https:\/\/reisepassfuhrer.com\/","name":"Pr\u016fvodce pasem","description":"\u017d\u00e1dost o cestovn\u00ed pas Berl\u00edn","publisher":{"@id":"https:\/\/reisepassfuhrer.com\/#organization"},"potentialAction":[{"@type":"SearchAction","target":{"@type":"EntryPoint","urlTemplate":"https:\/\/reisepassfuhrer.com\/?s={search_term_string}"},"query-input":{"@type":"PropertyValueSpecification","valueRequired":true,"valueName":"search_term_string"}}],"inLanguage":"cs"},{"@type":"Organization","@id":"https:\/\/reisepassfuhrer.com\/#organization","name":"Pr\u016fvodce pasem","url":"https:\/\/reisepassfuhrer.com\/","logo":{"@type":"ImageObject","inLanguage":"cs","@id":"https:\/\/reisepassfuhrer.com\/#\/schema\/logo\/image\/","url":"https:\/\/reisepassfuhrer.com\/wp-content\/uploads\/2024\/03\/Reisepassfuhrer-logo.png","contentUrl":"https:\/\/reisepassfuhrer.com\/wp-content\/uploads\/2024\/03\/Reisepassfuhrer-logo.png","width":112,"height":112,"caption":"Reisepassfuhrer"},"image":{"@id":"https:\/\/reisepassfuhrer.com\/#\/schema\/logo\/image\/"}}]}},"_links":{"self":[{"href":"https:\/\/reisepassfuhrer.com\/cs\/wp-json\/wp\/v2\/product\/3183","targetHints":{"allow":["GET"]}}],"collection":[{"href":"https:\/\/reisepassfuhrer.com\/cs\/wp-json\/wp\/v2\/product"}],"about":[{"href":"https:\/\/reisepassfuhrer.com\/cs\/wp-json\/wp\/v2\/types\/product"}],"replies":[{"embeddable":true,"href":"https:\/\/reisepassfuhrer.com\/cs\/wp-json\/wp\/v2\/comments?post=3183"}],"wp:featuredmedia":[{"embeddable":true,"href":"https:\/\/reisepassfuhrer.com\/cs\/wp-json\/wp\/v2\/media\/3186"}],"wp:attachment":[{"href":"https:\/\/reisepassfuhrer.com\/cs\/wp-json\/wp\/v2\/media?parent=3183"}],"wp:term":[{"taxonomy":"product_brand","embeddable":true,"href":"https:\/\/reisepassfuhrer.com\/cs\/wp-json\/wp\/v2\/product_brand?post=3183"},{"taxonomy":"product_cat","embeddable":true,"href":"https:\/\/reisepassfuhrer.com\/cs\/wp-json\/wp\/v2\/product_cat?post=3183"},{"taxonomy":"product_tag","embeddable":true,"href":"https:\/\/reisepassfuhrer.com\/cs\/wp-json\/wp\/v2\/product_tag?post=3183"}],"curies":[{"name":"wp","href":"https:\/\/api.w.org\/{rel}","templated":true}]}}