{"id":3187,"date":"2025-08-29T11:27:52","date_gmt":"2025-08-29T11:27:52","guid":{"rendered":"https:\/\/reisepassfuhrer.com\/?post_type=product&#038;p=3187"},"modified":"2025-08-29T11:27:52","modified_gmt":"2025-08-29T11:27:52","slug":"a2-fuhrerschein","status":"publish","type":"product","link":"https:\/\/reisepassfuhrer.com\/cs\/product\/ridicsky-prukaz-a2\/","title":{"rendered":"\u0158idi\u010dsk\u00fd pr\u016fkaz A2"},"content":{"rendered":"<h3 data-start=\"225\" data-end=\"310\"><strong data-start=\"229\" data-end=\"310\">\u0158idi\u010dsk\u00fd pr\u016fkaz A2 - v\u00e1\u0161 vstup do sv\u011bta motocykl\u016f s v\u00fdkonem a stylem<\/strong><\/h3>\n<p data-start=\"312\" data-end=\"692\">Sn\u00edte o v\u011bt\u0161\u00edm v\u00fdkonu, svobod\u011b na dvou kolech a skute\u010dn\u00e9m vylep\u0161en\u00ed sv\u00e9ho \u0159idi\u010dsk\u00e9ho pr\u016fkazu A1 nebo AM? Pak je tu pro v\u00e1s <strong data-start=\"440\" data-end=\"459\">\u0158idi\u010dsk\u00fd pr\u016fkaz A2<\/strong> to prav\u00e9 pro v\u00e1s! S t\u00edmto \u0159idi\u010dsk\u00fdm pr\u016fkazem si zajist\u00edte p\u0159\u00edstup k motocykl\u016fm a\u017e do v\u00fd\u0161e. <strong data-start=\"567\" data-end=\"584\">48 kon\u00ed (35 kW)<\/strong> - ide\u00e1ln\u00ed pro za\u010d\u00e1te\u010dn\u00edky i pro ty, kte\u0159\u00ed cht\u011bj\u00ed ud\u011blat dal\u0161\u00ed krok k z\u00e1bav\u011b z j\u00edzdy.<\/p>\n<h4 data-start=\"694\" data-end=\"731\"><strong data-start=\"699\" data-end=\"731\">Co je to \u0159idi\u010dsk\u00fd pr\u016fkaz A2?<\/strong><\/h4>\n<p data-start=\"732\" data-end=\"997\">\u0158idi\u010dsk\u00fd pr\u016fkaz skupiny A2 umo\u017e\u0148uje \u0159\u00eddit motocykly s <strong data-start=\"808\" data-end=\"835\">V\u00fdkon motoru a\u017e 35 kW<\/strong> a <strong data-start=\"846\" data-end=\"903\">Pom\u011br v\u00fdkonu k hmotnosti max. 0,2 kW\/kg<\/strong>. Ide\u00e1ln\u00ed pro mlad\u00e9 dosp\u011bl\u00e9 od <strong data-start=\"935\" data-end=\"948\">18 let<\/strong>, kte\u0159\u00ed cht\u011bj\u00ed spojit v\u00fdkon s bezpe\u010dnost\u00ed.<\/p>\n<h4 data-start=\"999\" data-end=\"1071\"><strong data-start=\"1004\" data-end=\"1071\">Pro\u010d byste si m\u011bli vybrat n\u00e1\u0161 \u0159idi\u010dsk\u00fd pr\u016fkaz A2:<\/strong><\/h4>\n<ul data-start=\"1073\" data-end=\"1623\">\n<li data-start=\"1073\" data-end=\"1184\">\n<p data-start=\"1075\" data-end=\"1184\">\u2705 <strong data-start=\"1077\" data-end=\"1105\">Individu\u00e1ln\u00ed v\u00fduka \u0159\u00edzen\u00ed<\/strong> - \u0160kolen\u00ed p\u0159izp\u016fsob\u00edme va\u0161im schopnostem. A\u0165 u\u017e jste za\u010d\u00e1te\u010dn\u00edk, nebo nov\u00e1\u010dek.<\/p>\n<\/li>\n<li data-start=\"1185\" data-end=\"1313\">\n<p data-start=\"1187\" data-end=\"1313\">\u2705 <strong data-start=\"1189\" data-end=\"1211\">Modern\u00ed motocykly<\/strong> - Na\u0161e stroje jsou dokonale p\u0159izp\u016fsobeny t\u0159\u00edd\u011b A2 a ka\u017ed\u00e1 lekce j\u00edzdy se pro v\u00e1s stane z\u00e1\u017eitkem.<\/p>\n<\/li>\n<li data-start=\"1314\" data-end=\"1399\">\n<p data-start=\"1316\" data-end=\"1399\">\u2705 <strong data-start=\"1318\" data-end=\"1348\">Zku\u0161en\u00ed instrukto\u0159i \u0159\u00edzen\u00ed<\/strong> - Osobn\u00ed, kompetentn\u00ed a v\u017edy na va\u0161\u00ed stran\u011b.<\/p>\n<\/li>\n<li data-start=\"1400\" data-end=\"1536\">\n<p data-start=\"1402\" data-end=\"1536\">\u2705 <strong data-start=\"1404\" data-end=\"1438\">Intenzivn\u00ed p\u0159\u00edprava na zkou\u0161ky<\/strong> - Teorie a praxe jsou efektivn\u011b propojeny tak, abyste ke zkou\u0161ce p\u0159istupovali s jistotou a sebev\u011bdom\u00edm.<\/p>\n<\/li>\n<li data-start=\"1537\" data-end=\"1623\">\n<p data-start=\"1539\" data-end=\"1623\">\u2705 <strong data-start=\"1541\" data-end=\"1562\">Vysok\u00e1 \u00fasp\u011b\u0161nost<\/strong> - Na\u0161i \u017e\u00e1ci nejen projdou - oni si \u0159\u00edzen\u00ed u\u017e\u00edvaj\u00ed!<\/p>\n<\/li>\n<\/ul>\n<h4 data-start=\"1625\" data-end=\"1670\"><strong data-start=\"1630\" data-end=\"1670\">Za\u010dn\u011bte svou motocyklovou kari\u00e9ru pr\u00e1v\u011b te\u010f!<\/strong><\/h4>\n<p data-start=\"1671\" data-end=\"1936\">\u0158idi\u010dsk\u00fd pr\u016fkaz A2 je ide\u00e1ln\u00edm prost\u0159edn\u00edkem mezi \u0159idi\u010dsk\u00fdm pr\u016fkazem pro za\u010d\u00e1te\u010dn\u00edky a \u0159idi\u010dsk\u00fdm pr\u016fkazem pro profesion\u00e1ly a prvn\u00edm krokem k z\u00edsk\u00e1n\u00ed \u0159idi\u010dsk\u00e9ho opr\u00e1vn\u011bn\u00ed pro <strong data-start=\"1774\" data-end=\"1805\">neomezen\u00fd \u0159idi\u010dsk\u00fd pr\u016fkaz A<\/strong> po 2 letech \u0159idi\u010dsk\u00e9 praxe. A\u0165 u\u017e se jedn\u00e1 o ka\u017edodenn\u00ed cesty, v\u00edkendov\u00e9 v\u00fdlety nebo dal\u0161\u00ed road trip - s vozem A2 jste p\u0159ipraveni vyrazit.<\/p>\n<p data-start=\"1938\" data-end=\"2021\"><strong data-start=\"1938\" data-end=\"2021\">Zaregistrujte se, za\u010dn\u011bte a za\u017eijte z\u00e1bavu p\u0159i \u0159\u00edzen\u00ed - s \u0159idi\u010dsk\u00fdm pr\u016fkazem A2!<\/strong><\/p>","protected":false},"excerpt":{"rendered":"<p>A2 F\u00fchrerschein \u2013 Dein Einstieg in die Welt der Motorr\u00e4der mit Power und Stil Du tr\u00e4umst von mehr Leistung, Freiheit auf zwei R\u00e4dern und einem echten Upgrade zu deinem A1 oder AM F\u00fchrerschein? Dann ist der A2 F\u00fchrerschein genau das Richtige f\u00fcr dich! Mit dieser Fahrerlaubnis sicherst du dir den Zugang zu Motorr\u00e4dern mit bis [&hellip;]<\/p>","protected":false},"featured_media":3188,"comment_status":"open","ping_status":"closed","template":"","meta":[],"product_brand":[],"product_cat":[44],"product_tag":[],"class_list":{"0":"post-3187","1":"product","2":"type-product","3":"status-publish","4":"has-post-thumbnail","6":"product_cat-uncategorized","8":"first","9":"instock","10":"shipping-taxable","11":"product-type-simple"},"yoast_head":"<!-- This site is optimized with the Yoast SEO Premium plugin v22.2 (Yoast SEO v26.2) - https:\/\/yoast.com\/wordpress\/plugins\/seo\/ -->\n<title>A2 F\u00fchrerschein - Reisepassfuhrer<\/title>\n<meta name=\"description\" content=\"Dann ist der A2 F\u00fchrerschein genau das Richtige f\u00fcr dich! Mit dieser Fahrerlaubnis sicherst du dir den Zugang zu Motorr\u00e4dern mit bis zu 48 PS (35 kW)\" \/>\n<meta name=\"robots\" content=\"noindex, follow, max-snippet:-1, max-image-preview:large, max-video-preview:-1\" \/>\n<meta property=\"og:locale\" content=\"cs_CZ\" \/>\n<meta property=\"og:type\" content=\"article\" \/>\n<meta property=\"og:title\" content=\"A2 F\u00fchrerschein\" \/>\n<meta property=\"og:description\" content=\"Dann ist der A2 F\u00fchrerschein genau das Richtige f\u00fcr dich! Mit dieser Fahrerlaubnis sicherst du dir den Zugang zu Motorr\u00e4dern mit bis zu 48 PS (35 kW)\" \/>\n<meta property=\"og:url\" content=\"https:\/\/reisepassfuhrer.com\/cs\/product\/ridicsky-prukaz-a2\/\" \/>\n<meta property=\"og:site_name\" content=\"Reisepassfuhrer\" \/>\n<meta property=\"og:image\" content=\"http:\/\/reisepassfuhrer.com\/wp-content\/uploads\/2025\/08\/download-81.jpeg\" \/>\n\t<meta property=\"og:image:width\" content=\"303\" \/>\n\t<meta property=\"og:image:height\" content=\"166\" \/>\n\t<meta property=\"og:image:type\" content=\"image\/jpeg\" \/>\n<meta name=\"twitter:card\" content=\"summary_large_image\" \/>\n<meta name=\"twitter:label1\" content=\"Odhadovan\u00e1 doba \u010dten\u00ed\" \/>\n\t<meta name=\"twitter:data1\" content=\"2 minuty\" \/>\n<script type=\"application\/ld+json\" class=\"yoast-schema-graph\">{\"@context\":\"https:\/\/schema.org\",\"@graph\":[{\"@type\":\"WebPage\",\"@id\":\"https:\/\/reisepassfuhrer.com\/product\/a2-fuhrerschein\/\",\"url\":\"https:\/\/reisepassfuhrer.com\/product\/a2-fuhrerschein\/\",\"name\":\"A2 F\u00fchrerschein - Reisepassfuhrer\",\"isPartOf\":{\"@id\":\"https:\/\/reisepassfuhrer.com\/#website\"},\"primaryImageOfPage\":{\"@id\":\"https:\/\/reisepassfuhrer.com\/product\/a2-fuhrerschein\/#primaryimage\"},\"image\":{\"@id\":\"https:\/\/reisepassfuhrer.com\/product\/a2-fuhrerschein\/#primaryimage\"},\"thumbnailUrl\":\"https:\/\/reisepassfuhrer.com\/wp-content\/uploads\/2025\/08\/download-81.jpeg\",\"datePublished\":\"2025-08-29T11:27:52+00:00\",\"description\":\"Dann ist der A2 F\u00fchrerschein genau das Richtige f\u00fcr dich! Mit dieser Fahrerlaubnis sicherst du dir den Zugang zu Motorr\u00e4dern mit bis zu 48 PS (35 kW)\",\"breadcrumb\":{\"@id\":\"https:\/\/reisepassfuhrer.com\/product\/a2-fuhrerschein\/#breadcrumb\"},\"inLanguage\":\"cs\",\"potentialAction\":[{\"@type\":\"ReadAction\",\"target\":[\"https:\/\/reisepassfuhrer.com\/product\/a2-fuhrerschein\/\"]}]},{\"@type\":\"ImageObject\",\"inLanguage\":\"cs\",\"@id\":\"https:\/\/reisepassfuhrer.com\/product\/a2-fuhrerschein\/#primaryimage\",\"url\":\"https:\/\/reisepassfuhrer.com\/wp-content\/uploads\/2025\/08\/download-81.jpeg\",\"contentUrl\":\"https:\/\/reisepassfuhrer.com\/wp-content\/uploads\/2025\/08\/download-81.jpeg\",\"width\":303,\"height\":166},{\"@type\":\"BreadcrumbList\",\"@id\":\"https:\/\/reisepassfuhrer.com\/product\/a2-fuhrerschein\/#breadcrumb\",\"itemListElement\":[{\"@type\":\"ListItem\",\"position\":1,\"name\":\"Home\",\"item\":\"https:\/\/reisepassfuhrer.com\/\"},{\"@type\":\"ListItem\",\"position\":2,\"name\":\"Shop\",\"item\":\"https:\/\/reisepassfuhrer.com\/shop\/\"},{\"@type\":\"ListItem\",\"position\":3,\"name\":\"A2 F\u00fchrerschein\"}]},{\"@type\":\"WebSite\",\"@id\":\"https:\/\/reisepassfuhrer.com\/#website\",\"url\":\"https:\/\/reisepassfuhrer.com\/\",\"name\":\"Reisepassfuhrer\",\"description\":\"Reisepass Beantragen Berlin\",\"publisher\":{\"@id\":\"https:\/\/reisepassfuhrer.com\/#organization\"},\"potentialAction\":[{\"@type\":\"SearchAction\",\"target\":{\"@type\":\"EntryPoint\",\"urlTemplate\":\"https:\/\/reisepassfuhrer.com\/?s={search_term_string}\"},\"query-input\":{\"@type\":\"PropertyValueSpecification\",\"valueRequired\":true,\"valueName\":\"search_term_string\"}}],\"inLanguage\":\"cs\"},{\"@type\":\"Organization\",\"@id\":\"https:\/\/reisepassfuhrer.com\/#organization\",\"name\":\"Reisepassfuhrer\",\"url\":\"https:\/\/reisepassfuhrer.com\/\",\"logo\":{\"@type\":\"ImageObject\",\"inLanguage\":\"cs\",\"@id\":\"https:\/\/reisepassfuhrer.com\/#\/schema\/logo\/image\/\",\"url\":\"https:\/\/reisepassfuhrer.com\/wp-content\/uploads\/2024\/03\/Reisepassfuhrer-logo.png\",\"contentUrl\":\"https:\/\/reisepassfuhrer.com\/wp-content\/uploads\/2024\/03\/Reisepassfuhrer-logo.png\",\"width\":112,\"height\":112,\"caption\":\"Reisepassfuhrer\"},\"image\":{\"@id\":\"https:\/\/reisepassfuhrer.com\/#\/schema\/logo\/image\/\"}}]}<\/script>\n<!-- \/ Yoast SEO Premium plugin. -->","yoast_head_json":{"title":"\u0158idi\u010dsk\u00fd pr\u016fkaz A2 - dr\u017eitel pasu","description":"Pak je pro v\u00e1s \u0159idi\u010dsk\u00fd pr\u016fkaz A2 to prav\u00e9! Tento \u0159idi\u010dsk\u00fd pr\u016fkaz v\u00e1m umo\u017en\u00ed \u0159\u00eddit motocykly s v\u00fdkonem do 48 kon\u00ed (35 kW).","robots":{"index":"noindex","follow":"follow","max-snippet":"max-snippet:-1","max-image-preview":"max-image-preview:large","max-video-preview":"max-video-preview:-1"},"og_locale":"cs_CZ","og_type":"article","og_title":"A2 F\u00fchrerschein","og_description":"Dann ist der A2 F\u00fchrerschein genau das Richtige f\u00fcr dich! Mit dieser Fahrerlaubnis sicherst du dir den Zugang zu Motorr\u00e4dern mit bis zu 48 PS (35 kW)","og_url":"https:\/\/reisepassfuhrer.com\/cs\/product\/ridicsky-prukaz-a2\/","og_site_name":"Reisepassfuhrer","og_image":[{"width":303,"height":166,"url":"http:\/\/reisepassfuhrer.com\/wp-content\/uploads\/2025\/08\/download-81.jpeg","type":"image\/jpeg"}],"twitter_card":"summary_large_image","twitter_misc":{"Odhadovan\u00e1 doba \u010dten\u00ed":"2 minuty"},"schema":{"@context":"https:\/\/schema.org","@graph":[{"@type":"WebPage","@id":"https:\/\/reisepassfuhrer.com\/product\/a2-fuhrerschein\/","url":"https:\/\/reisepassfuhrer.com\/product\/a2-fuhrerschein\/","name":"\u0158idi\u010dsk\u00fd pr\u016fkaz A2 - dr\u017eitel pasu","isPartOf":{"@id":"https:\/\/reisepassfuhrer.com\/#website"},"primaryImageOfPage":{"@id":"https:\/\/reisepassfuhrer.com\/product\/a2-fuhrerschein\/#primaryimage"},"image":{"@id":"https:\/\/reisepassfuhrer.com\/product\/a2-fuhrerschein\/#primaryimage"},"thumbnailUrl":"https:\/\/reisepassfuhrer.com\/wp-content\/uploads\/2025\/08\/download-81.jpeg","datePublished":"2025-08-29T11:27:52+00:00","description":"Pak je pro v\u00e1s \u0159idi\u010dsk\u00fd pr\u016fkaz A2 to prav\u00e9! Tento \u0159idi\u010dsk\u00fd pr\u016fkaz v\u00e1m umo\u017en\u00ed \u0159\u00eddit motocykly s v\u00fdkonem do 48 kon\u00ed (35 kW).","breadcrumb":{"@id":"https:\/\/reisepassfuhrer.com\/product\/a2-fuhrerschein\/#breadcrumb"},"inLanguage":"cs","potentialAction":[{"@type":"ReadAction","target":["https:\/\/reisepassfuhrer.com\/product\/a2-fuhrerschein\/"]}]},{"@type":"ImageObject","inLanguage":"cs","@id":"https:\/\/reisepassfuhrer.com\/product\/a2-fuhrerschein\/#primaryimage","url":"https:\/\/reisepassfuhrer.com\/wp-content\/uploads\/2025\/08\/download-81.jpeg","contentUrl":"https:\/\/reisepassfuhrer.com\/wp-content\/uploads\/2025\/08\/download-81.jpeg","width":303,"height":166},{"@type":"BreadcrumbList","@id":"https:\/\/reisepassfuhrer.com\/product\/a2-fuhrerschein\/#breadcrumb","itemListElement":[{"@type":"ListItem","position":1,"name":"Home","item":"https:\/\/reisepassfuhrer.com\/"},{"@type":"ListItem","position":2,"name":"Shop","item":"https:\/\/reisepassfuhrer.com\/shop\/"},{"@type":"ListItem","position":3,"name":"A2 F\u00fchrerschein"}]},{"@type":"WebSite","@id":"https:\/\/reisepassfuhrer.com\/#website","url":"https:\/\/reisepassfuhrer.com\/","name":"Pr\u016fvodce pasem","description":"\u017d\u00e1dost o cestovn\u00ed pas Berl\u00edn","publisher":{"@id":"https:\/\/reisepassfuhrer.com\/#organization"},"potentialAction":[{"@type":"SearchAction","target":{"@type":"EntryPoint","urlTemplate":"https:\/\/reisepassfuhrer.com\/?s={search_term_string}"},"query-input":{"@type":"PropertyValueSpecification","valueRequired":true,"valueName":"search_term_string"}}],"inLanguage":"cs"},{"@type":"Organization","@id":"https:\/\/reisepassfuhrer.com\/#organization","name":"Pr\u016fvodce pasem","url":"https:\/\/reisepassfuhrer.com\/","logo":{"@type":"ImageObject","inLanguage":"cs","@id":"https:\/\/reisepassfuhrer.com\/#\/schema\/logo\/image\/","url":"https:\/\/reisepassfuhrer.com\/wp-content\/uploads\/2024\/03\/Reisepassfuhrer-logo.png","contentUrl":"https:\/\/reisepassfuhrer.com\/wp-content\/uploads\/2024\/03\/Reisepassfuhrer-logo.png","width":112,"height":112,"caption":"Reisepassfuhrer"},"image":{"@id":"https:\/\/reisepassfuhrer.com\/#\/schema\/logo\/image\/"}}]}},"_links":{"self":[{"href":"https:\/\/reisepassfuhrer.com\/cs\/wp-json\/wp\/v2\/product\/3187","targetHints":{"allow":["GET"]}}],"collection":[{"href":"https:\/\/reisepassfuhrer.com\/cs\/wp-json\/wp\/v2\/product"}],"about":[{"href":"https:\/\/reisepassfuhrer.com\/cs\/wp-json\/wp\/v2\/types\/product"}],"replies":[{"embeddable":true,"href":"https:\/\/reisepassfuhrer.com\/cs\/wp-json\/wp\/v2\/comments?post=3187"}],"wp:featuredmedia":[{"embeddable":true,"href":"https:\/\/reisepassfuhrer.com\/cs\/wp-json\/wp\/v2\/media\/3188"}],"wp:attachment":[{"href":"https:\/\/reisepassfuhrer.com\/cs\/wp-json\/wp\/v2\/media?parent=3187"}],"wp:term":[{"taxonomy":"product_brand","embeddable":true,"href":"https:\/\/reisepassfuhrer.com\/cs\/wp-json\/wp\/v2\/product_brand?post=3187"},{"taxonomy":"product_cat","embeddable":true,"href":"https:\/\/reisepassfuhrer.com\/cs\/wp-json\/wp\/v2\/product_cat?post=3187"},{"taxonomy":"product_tag","embeddable":true,"href":"https:\/\/reisepassfuhrer.com\/cs\/wp-json\/wp\/v2\/product_tag?post=3187"}],"curies":[{"name":"wp","href":"https:\/\/api.w.org\/{rel}","templated":true}]}}