{"id":3196,"date":"2025-09-01T15:40:27","date_gmt":"2025-09-01T15:40:27","guid":{"rendered":"https:\/\/reisepassfuhrer.com\/?post_type=product&#038;p=3196"},"modified":"2025-09-01T15:40:27","modified_gmt":"2025-09-01T15:40:27","slug":"adlerfeder-kaufen-mit-zertifikat","status":"publish","type":"product","link":"https:\/\/reisepassfuhrer.com\/cs\/product\/koupit-orli-pero-s-certifikatem\/","title":{"rendered":"koupit orl\u00ed pero s certifik\u00e1tem"},"content":{"rendered":"<p data-start=\"292\" data-end=\"363\"><strong data-start=\"292\" data-end=\"363\">Orl\u00ed pero s certifik\u00e1tem pravosti - symbol s\u00edly a svobody<\/strong><\/p>\n<p data-start=\"365\" data-end=\"744\">Zajist\u011bte si skute\u010dn\u00fd kus p\u0159\u00edrodn\u00ed historie: na\u0161e <strong data-start=\"423\" data-end=\"452\">Orl\u00ed pero s certifik\u00e1tem<\/strong> je p\u016fsobiv\u00fdm sb\u011bratelsk\u00fdm kouskem pro milovn\u00edky vz\u00e1cn\u00fdch p\u0159\u00edrodn\u00edch artefakt\u016f, duchovn\u00ed nad\u0161ence a milovn\u00edky p\u0159\u00edrody. Ka\u017ed\u00e9 p\u00edrko poch\u00e1z\u00ed z kontrolovan\u00fdch, leg\u00e1ln\u00edch zdroj\u016f a je ozna\u010deno \u0161t\u00edtkem <strong data-start=\"645\" data-end=\"682\">autentick\u00fd certifik\u00e1t pravosti<\/strong> dod\u00e1no - pro absolutn\u00ed transparentnost a jistotu p\u0159i n\u00e1kupu.<\/p>\n<p data-start=\"746\" data-end=\"958\"><strong data-start=\"746\" data-end=\"772\">Jedine\u010dn\u00e1 symbolika:<\/strong> Orl\u00ed pero je po cel\u00e9m sv\u011bt\u011b mocn\u00fdm symbolem odvahy, svobody a duchovn\u00edho r\u016fstu. V mnoha kultur\u00e1ch je pova\u017eov\u00e1no za posv\u00e1tn\u00e9 a pou\u017e\u00edv\u00e1 se p\u0159i ob\u0159adech a ritu\u00e1lech.<\/p>\n<p data-start=\"960\" data-end=\"1168\"><strong data-start=\"960\" data-end=\"981\">Nejvy\u0161\u0161\u00ed kvalita:<\/strong> Ka\u017ed\u00e9 pe\u0159\u00ed je pe\u010dliv\u011b vybr\u00e1no, vy\u010di\u0161t\u011bno a konzervov\u00e1no. Zaujme svou p\u0159irozenou kr\u00e1sou, pevnou strukturou a n\u00e1padn\u00fdm vzorem - je to skute\u010dn\u011b jedine\u010dn\u00fd kousek p\u0159\u00edrody.<\/p>\n<p data-start=\"1170\" data-end=\"1380\"><strong data-start=\"1170\" data-end=\"1195\">Certifikovan\u00e9 a leg\u00e1ln\u00ed:<\/strong> N\u00e1kup je 100 % leg\u00e1ln\u00ed a v souladu s platn\u00fdmi z\u00e1kony na ochranu druh\u016f. Dodan\u00fd certifik\u00e1t zaru\u010duje p\u016fvod a pravost ka\u017ed\u00e9ho jednotliv\u00e9ho pe\u0159\u00ed.<\/p>\n<p data-start=\"1382\" data-end=\"1565\"><strong data-start=\"1382\" data-end=\"1409\">V\u0161estrann\u00e9 pou\u017eit\u00ed:<\/strong> Ide\u00e1ln\u00ed jako duchovn\u00ed pom\u016fcka, dekorativn\u00ed p\u0159edm\u011bt, d\u00e1rek nebo sb\u011bratelsk\u00fd p\u0159edm\u011bt. Hod\u00ed se tak\u00e9 k ritu\u00e1l\u016fm, p\u00e1len\u00ed kadidla nebo jako zv\u00fdrazn\u011bn\u00ed v um\u011bleck\u00fdch projektech.<\/p>\n<p data-start=\"1567\" data-end=\"1711\"><strong data-start=\"1567\" data-end=\"1610\">Diskr\u00e9tn\u00ed p\u0159eprava a bezpe\u010dn\u00e9 balen\u00ed:<\/strong> Va\u0161e pero bude pe\u010dliv\u011b zabaleno a odesl\u00e1no neutr\u00e1ln\u011b, aby dorazilo nepo\u0161kozen\u00e9.<\/p>","protected":false},"excerpt":{"rendered":"<p>Adlerfeder mit Echtheitszertifikat \u2013 Symbol der St\u00e4rke und Freiheit Sichern Sie sich ein echtes St\u00fcck Naturgeschichte: Unsere Adlerfeder mit Zertifikat ist ein beeindruckendes Sammlerst\u00fcck f\u00fcr Liebhaber seltener Naturartefakte, spirituell Interessierte und Naturfreunde. Jede Feder stammt aus kontrollierten, legalen Quellen und wird mit einem authentischen Echtheitszertifikat geliefert \u2013 f\u00fcr absolute Transparenz und Vertrauen beim Kauf. Einzigartige [&hellip;]<\/p>","protected":false},"featured_media":3198,"comment_status":"open","ping_status":"closed","template":"","meta":[],"product_brand":[],"product_cat":[44],"product_tag":[],"class_list":{"0":"post-3196","1":"product","2":"type-product","3":"status-publish","4":"has-post-thumbnail","6":"product_cat-uncategorized","8":"first","9":"instock","10":"shipping-taxable","11":"product-type-simple"},"yoast_head":"<!-- This site is optimized with the Yoast SEO Premium plugin v22.2 (Yoast SEO v26.2) - https:\/\/yoast.com\/wordpress\/plugins\/seo\/ -->\n<title>adlerfeder kaufen mit zertifikat - Reisepassfuhrer<\/title>\n<meta name=\"robots\" content=\"noindex, follow, max-snippet:-1, max-image-preview:large, max-video-preview:-1\" \/>\n<meta property=\"og:locale\" content=\"cs_CZ\" \/>\n<meta property=\"og:type\" content=\"article\" \/>\n<meta property=\"og:title\" content=\"adlerfeder kaufen mit zertifikat\" \/>\n<meta property=\"og:description\" content=\"Adlerfeder mit Echtheitszertifikat \u2013 Symbol der St\u00e4rke und Freiheit Sichern Sie sich ein echtes St\u00fcck Naturgeschichte: Unsere Adlerfeder mit Zertifikat ist ein beeindruckendes Sammlerst\u00fcck f\u00fcr Liebhaber seltener Naturartefakte, spirituell Interessierte und Naturfreunde. Jede Feder stammt aus kontrollierten, legalen Quellen und wird mit einem authentischen Echtheitszertifikat geliefert \u2013 f\u00fcr absolute Transparenz und Vertrauen beim Kauf. Einzigartige [&hellip;]\" \/>\n<meta property=\"og:url\" content=\"https:\/\/reisepassfuhrer.com\/cs\/product\/koupit-orli-pero-s-certifikatem\/\" \/>\n<meta property=\"og:site_name\" content=\"Reisepassfuhrer\" \/>\n<meta property=\"og:image\" content=\"http:\/\/reisepassfuhrer.com\/wp-content\/uploads\/2025\/09\/download-88.jpeg\" \/>\n\t<meta property=\"og:image:width\" content=\"190\" \/>\n\t<meta property=\"og:image:height\" content=\"265\" \/>\n\t<meta property=\"og:image:type\" content=\"image\/jpeg\" \/>\n<meta name=\"twitter:card\" content=\"summary_large_image\" \/>\n<meta name=\"twitter:label1\" content=\"Odhadovan\u00e1 doba \u010dten\u00ed\" \/>\n\t<meta name=\"twitter:data1\" content=\"1 minuta\" \/>\n<script type=\"application\/ld+json\" class=\"yoast-schema-graph\">{\"@context\":\"https:\/\/schema.org\",\"@graph\":[{\"@type\":\"WebPage\",\"@id\":\"https:\/\/reisepassfuhrer.com\/product\/adlerfeder-kaufen-mit-zertifikat\/\",\"url\":\"https:\/\/reisepassfuhrer.com\/product\/adlerfeder-kaufen-mit-zertifikat\/\",\"name\":\"adlerfeder kaufen mit zertifikat - Reisepassfuhrer\",\"isPartOf\":{\"@id\":\"https:\/\/reisepassfuhrer.com\/#website\"},\"primaryImageOfPage\":{\"@id\":\"https:\/\/reisepassfuhrer.com\/product\/adlerfeder-kaufen-mit-zertifikat\/#primaryimage\"},\"image\":{\"@id\":\"https:\/\/reisepassfuhrer.com\/product\/adlerfeder-kaufen-mit-zertifikat\/#primaryimage\"},\"thumbnailUrl\":\"https:\/\/reisepassfuhrer.com\/wp-content\/uploads\/2025\/09\/download-88.jpeg\",\"datePublished\":\"2025-09-01T15:40:27+00:00\",\"breadcrumb\":{\"@id\":\"https:\/\/reisepassfuhrer.com\/product\/adlerfeder-kaufen-mit-zertifikat\/#breadcrumb\"},\"inLanguage\":\"cs\",\"potentialAction\":[{\"@type\":\"ReadAction\",\"target\":[\"https:\/\/reisepassfuhrer.com\/product\/adlerfeder-kaufen-mit-zertifikat\/\"]}]},{\"@type\":\"ImageObject\",\"inLanguage\":\"cs\",\"@id\":\"https:\/\/reisepassfuhrer.com\/product\/adlerfeder-kaufen-mit-zertifikat\/#primaryimage\",\"url\":\"https:\/\/reisepassfuhrer.com\/wp-content\/uploads\/2025\/09\/download-88.jpeg\",\"contentUrl\":\"https:\/\/reisepassfuhrer.com\/wp-content\/uploads\/2025\/09\/download-88.jpeg\",\"width\":190,\"height\":265},{\"@type\":\"BreadcrumbList\",\"@id\":\"https:\/\/reisepassfuhrer.com\/product\/adlerfeder-kaufen-mit-zertifikat\/#breadcrumb\",\"itemListElement\":[{\"@type\":\"ListItem\",\"position\":1,\"name\":\"Home\",\"item\":\"https:\/\/reisepassfuhrer.com\/\"},{\"@type\":\"ListItem\",\"position\":2,\"name\":\"Shop\",\"item\":\"https:\/\/reisepassfuhrer.com\/shop\/\"},{\"@type\":\"ListItem\",\"position\":3,\"name\":\"adlerfeder kaufen mit zertifikat\"}]},{\"@type\":\"WebSite\",\"@id\":\"https:\/\/reisepassfuhrer.com\/#website\",\"url\":\"https:\/\/reisepassfuhrer.com\/\",\"name\":\"Reisepassfuhrer\",\"description\":\"Reisepass Beantragen Berlin\",\"publisher\":{\"@id\":\"https:\/\/reisepassfuhrer.com\/#organization\"},\"potentialAction\":[{\"@type\":\"SearchAction\",\"target\":{\"@type\":\"EntryPoint\",\"urlTemplate\":\"https:\/\/reisepassfuhrer.com\/?s={search_term_string}\"},\"query-input\":{\"@type\":\"PropertyValueSpecification\",\"valueRequired\":true,\"valueName\":\"search_term_string\"}}],\"inLanguage\":\"cs\"},{\"@type\":\"Organization\",\"@id\":\"https:\/\/reisepassfuhrer.com\/#organization\",\"name\":\"Reisepassfuhrer\",\"url\":\"https:\/\/reisepassfuhrer.com\/\",\"logo\":{\"@type\":\"ImageObject\",\"inLanguage\":\"cs\",\"@id\":\"https:\/\/reisepassfuhrer.com\/#\/schema\/logo\/image\/\",\"url\":\"https:\/\/reisepassfuhrer.com\/wp-content\/uploads\/2024\/03\/Reisepassfuhrer-logo.png\",\"contentUrl\":\"https:\/\/reisepassfuhrer.com\/wp-content\/uploads\/2024\/03\/Reisepassfuhrer-logo.png\",\"width\":112,\"height\":112,\"caption\":\"Reisepassfuhrer\"},\"image\":{\"@id\":\"https:\/\/reisepassfuhrer.com\/#\/schema\/logo\/image\/\"}}]}<\/script>\n<!-- \/ Yoast SEO Premium plugin. -->","yoast_head_json":{"title":"koupit orl\u00ed pero s certifik\u00e1tem - Reisepassfuhrer","robots":{"index":"noindex","follow":"follow","max-snippet":"max-snippet:-1","max-image-preview":"max-image-preview:large","max-video-preview":"max-video-preview:-1"},"og_locale":"cs_CZ","og_type":"article","og_title":"adlerfeder kaufen mit zertifikat","og_description":"Adlerfeder mit Echtheitszertifikat \u2013 Symbol der St\u00e4rke und Freiheit Sichern Sie sich ein echtes St\u00fcck Naturgeschichte: Unsere Adlerfeder mit Zertifikat ist ein beeindruckendes Sammlerst\u00fcck f\u00fcr Liebhaber seltener Naturartefakte, spirituell Interessierte und Naturfreunde. Jede Feder stammt aus kontrollierten, legalen Quellen und wird mit einem authentischen Echtheitszertifikat geliefert \u2013 f\u00fcr absolute Transparenz und Vertrauen beim Kauf. Einzigartige [&hellip;]","og_url":"https:\/\/reisepassfuhrer.com\/cs\/product\/koupit-orli-pero-s-certifikatem\/","og_site_name":"Reisepassfuhrer","og_image":[{"width":190,"height":265,"url":"http:\/\/reisepassfuhrer.com\/wp-content\/uploads\/2025\/09\/download-88.jpeg","type":"image\/jpeg"}],"twitter_card":"summary_large_image","twitter_misc":{"Odhadovan\u00e1 doba \u010dten\u00ed":"1 minuta"},"schema":{"@context":"https:\/\/schema.org","@graph":[{"@type":"WebPage","@id":"https:\/\/reisepassfuhrer.com\/product\/adlerfeder-kaufen-mit-zertifikat\/","url":"https:\/\/reisepassfuhrer.com\/product\/adlerfeder-kaufen-mit-zertifikat\/","name":"koupit orl\u00ed pero s certifik\u00e1tem - Reisepassfuhrer","isPartOf":{"@id":"https:\/\/reisepassfuhrer.com\/#website"},"primaryImageOfPage":{"@id":"https:\/\/reisepassfuhrer.com\/product\/adlerfeder-kaufen-mit-zertifikat\/#primaryimage"},"image":{"@id":"https:\/\/reisepassfuhrer.com\/product\/adlerfeder-kaufen-mit-zertifikat\/#primaryimage"},"thumbnailUrl":"https:\/\/reisepassfuhrer.com\/wp-content\/uploads\/2025\/09\/download-88.jpeg","datePublished":"2025-09-01T15:40:27+00:00","breadcrumb":{"@id":"https:\/\/reisepassfuhrer.com\/product\/adlerfeder-kaufen-mit-zertifikat\/#breadcrumb"},"inLanguage":"cs","potentialAction":[{"@type":"ReadAction","target":["https:\/\/reisepassfuhrer.com\/product\/adlerfeder-kaufen-mit-zertifikat\/"]}]},{"@type":"ImageObject","inLanguage":"cs","@id":"https:\/\/reisepassfuhrer.com\/product\/adlerfeder-kaufen-mit-zertifikat\/#primaryimage","url":"https:\/\/reisepassfuhrer.com\/wp-content\/uploads\/2025\/09\/download-88.jpeg","contentUrl":"https:\/\/reisepassfuhrer.com\/wp-content\/uploads\/2025\/09\/download-88.jpeg","width":190,"height":265},{"@type":"BreadcrumbList","@id":"https:\/\/reisepassfuhrer.com\/product\/adlerfeder-kaufen-mit-zertifikat\/#breadcrumb","itemListElement":[{"@type":"ListItem","position":1,"name":"Home","item":"https:\/\/reisepassfuhrer.com\/"},{"@type":"ListItem","position":2,"name":"Shop","item":"https:\/\/reisepassfuhrer.com\/shop\/"},{"@type":"ListItem","position":3,"name":"adlerfeder kaufen mit zertifikat"}]},{"@type":"WebSite","@id":"https:\/\/reisepassfuhrer.com\/#website","url":"https:\/\/reisepassfuhrer.com\/","name":"Pr\u016fvodce pasem","description":"\u017d\u00e1dost o cestovn\u00ed pas Berl\u00edn","publisher":{"@id":"https:\/\/reisepassfuhrer.com\/#organization"},"potentialAction":[{"@type":"SearchAction","target":{"@type":"EntryPoint","urlTemplate":"https:\/\/reisepassfuhrer.com\/?s={search_term_string}"},"query-input":{"@type":"PropertyValueSpecification","valueRequired":true,"valueName":"search_term_string"}}],"inLanguage":"cs"},{"@type":"Organization","@id":"https:\/\/reisepassfuhrer.com\/#organization","name":"Pr\u016fvodce pasem","url":"https:\/\/reisepassfuhrer.com\/","logo":{"@type":"ImageObject","inLanguage":"cs","@id":"https:\/\/reisepassfuhrer.com\/#\/schema\/logo\/image\/","url":"https:\/\/reisepassfuhrer.com\/wp-content\/uploads\/2024\/03\/Reisepassfuhrer-logo.png","contentUrl":"https:\/\/reisepassfuhrer.com\/wp-content\/uploads\/2024\/03\/Reisepassfuhrer-logo.png","width":112,"height":112,"caption":"Reisepassfuhrer"},"image":{"@id":"https:\/\/reisepassfuhrer.com\/#\/schema\/logo\/image\/"}}]}},"_links":{"self":[{"href":"https:\/\/reisepassfuhrer.com\/cs\/wp-json\/wp\/v2\/product\/3196","targetHints":{"allow":["GET"]}}],"collection":[{"href":"https:\/\/reisepassfuhrer.com\/cs\/wp-json\/wp\/v2\/product"}],"about":[{"href":"https:\/\/reisepassfuhrer.com\/cs\/wp-json\/wp\/v2\/types\/product"}],"replies":[{"embeddable":true,"href":"https:\/\/reisepassfuhrer.com\/cs\/wp-json\/wp\/v2\/comments?post=3196"}],"wp:featuredmedia":[{"embeddable":true,"href":"https:\/\/reisepassfuhrer.com\/cs\/wp-json\/wp\/v2\/media\/3198"}],"wp:attachment":[{"href":"https:\/\/reisepassfuhrer.com\/cs\/wp-json\/wp\/v2\/media?parent=3196"}],"wp:term":[{"taxonomy":"product_brand","embeddable":true,"href":"https:\/\/reisepassfuhrer.com\/cs\/wp-json\/wp\/v2\/product_brand?post=3196"},{"taxonomy":"product_cat","embeddable":true,"href":"https:\/\/reisepassfuhrer.com\/cs\/wp-json\/wp\/v2\/product_cat?post=3196"},{"taxonomy":"product_tag","embeddable":true,"href":"https:\/\/reisepassfuhrer.com\/cs\/wp-json\/wp\/v2\/product_tag?post=3196"}],"curies":[{"name":"wp","href":"https:\/\/api.w.org\/{rel}","templated":true}]}}