{"id":3205,"date":"2025-09-04T11:09:39","date_gmt":"2025-09-04T11:09:39","guid":{"rendered":"https:\/\/reisepassfuhrer.com\/?post_type=product&#038;p=3205"},"modified":"2025-09-04T11:09:40","modified_gmt":"2025-09-04T11:09:40","slug":"uk-fuhrerschein","status":"publish","type":"product","link":"https:\/\/reisepassfuhrer.com\/cs\/product\/britsky-ridicsky-prukaz\/","title":{"rendered":"\u0158idi\u010dsk\u00fd pr\u016fkaz Spojen\u00e9ho kr\u00e1lovstv\u00ed"},"content":{"rendered":"<h2 data-start=\"357\" data-end=\"439\">Koupit \u0159idi\u010dsk\u00fd pr\u016fkaz - leg\u00e1ln\u00ed, bezpe\u010dn\u00e9 a diskr\u00e9tn\u00ed | <strong data-start=\"416\" data-end=\"439\">PassportGuide.com<\/strong><\/h2>\n<p data-start=\"441\" data-end=\"830\">Zajist\u011bte si <strong data-start=\"470\" data-end=\"506\">origin\u00e1l britsk\u00e9ho \u0159idi\u010dsk\u00e9ho pr\u016fkazu<\/strong> - rychle, spolehliv\u011b a s diskr\u00e9tnost\u00ed 100 %. S <strong data-start=\"560\" data-end=\"615\"><a class=\"decorated-link\" href=\"https:\/\/reisepassfuhrer.com\/cs\/?utm_source=chatgpt.com\" target=\"_new\" rel=\"noopener\" data-start=\"562\" data-end=\"613\">PassportGuide.com<\/a><\/strong> nab\u00edz\u00edme v\u00e1m <strong data-start=\"638\" data-end=\"684\">Legitimn\u00ed a vysoce kvalitn\u00ed \u0159e\u0161en\u00ed<\/strong>, pokud m\u00e1te <strong data-start=\"701\" data-end=\"728\">Britsk\u00fd \u0159idi\u010dsk\u00fd pr\u016fkaz<\/strong> a\u0165 u\u017e pro pobyt v zahrani\u010d\u00ed, pro pracovn\u00ed \u00fa\u010dely nebo pro ov\u011b\u0159en\u00ed toto\u017enosti.<\/p>\n<p data-start=\"832\" data-end=\"996\"><strong data-start=\"835\" data-end=\"868\">Origin\u00e1ln\u00ed design a vysok\u00e1 kvalita<\/strong><br data-start=\"868\" data-end=\"871\" \/>N\u00e1\u0161 britsk\u00fd \u0159idi\u010dsk\u00fd pr\u016fkaz je vyroben podle ofici\u00e1ln\u00edho standardu DVLA - v\u010detn\u011b hologramu, bezpe\u010dnostn\u00edch prvk\u016f a \u010d\u00e1rov\u00e9ho k\u00f3du.<\/p>\n<p data-start=\"998\" data-end=\"1147\"><strong data-start=\"1001\" data-end=\"1046\">Rychl\u00e9 dod\u00e1n\u00ed b\u011bhem n\u011bkolika dn\u00ed<\/strong><br data-start=\"1046\" data-end=\"1049\" \/>\u010cas jsou pen\u00edze - proto v\u00e1m garantujeme <strong data-start=\"1095\" data-end=\"1116\">diskr\u00e9tn\u00ed p\u0159eprava<\/strong> v co nejkrat\u0161\u00ed dob\u011b v cel\u00e9 Evrop\u011b.<\/p>\n<p data-start=\"1149\" data-end=\"1287\"><strong data-start=\"1151\" data-end=\"1184\">\u017d\u00e1dn\u00e9 testy, \u017e\u00e1dn\u00e9 \u00fasil\u00ed<\/strong><br data-start=\"1184\" data-end=\"1187\" \/>U\u0161et\u0159ete si teorii a praxi - my se o cel\u00fd proces postar\u00e1me za v\u00e1s, bez stresu a bezpe\u010dn\u011b.<\/p>\n<p data-start=\"1289\" data-end=\"1433\"><strong data-start=\"1292\" data-end=\"1341\">Ide\u00e1ln\u00ed pro expaty, cestovatele a digit\u00e1ln\u00ed nom\u00e1dy<\/strong><br data-start=\"1341\" data-end=\"1344\" \/>Sv\u016fj nov\u00fd britsk\u00fd \u0159idi\u010dsk\u00fd pr\u016fkaz m\u016f\u017eete flexibiln\u011b pou\u017e\u00edvat v ka\u017edodenn\u00edm \u017eivot\u011b nebo pro mezin\u00e1rodn\u00ed \u00fa\u010dely.<\/p>\n<p data-start=\"1435\" data-end=\"1539\">Objednejte si bezpe\u010dn\u011b a snadno na:<br data-start=\"1478\" data-end=\"1481\" \/><\/p>","protected":false},"excerpt":{"rendered":"<p>F\u00fchrerschein kaufen \u2013 Legal, Sicher &amp; Diskret | ReisepassF\u00fchrer.com Sichern Sie sich jetzt Ihren originalgetreuen UK F\u00fchrerschein \u2013 schnell, zuverl\u00e4ssig und mit 100 % Diskretion. Bei ReisepassF\u00fchrer.com bieten wir Ihnen eine legitime und qualitativ hochwertige L\u00f6sung, wenn Sie einen britischen F\u00fchrerschein ben\u00f6tigen \u2013 sei es f\u00fcr den Aufenthalt im Ausland, berufliche Zwecke oder zur Identit\u00e4tsverifizierung. [&hellip;]<\/p>","protected":false},"featured_media":3207,"comment_status":"open","ping_status":"closed","template":"","meta":[],"product_brand":[],"product_cat":[44],"product_tag":[],"class_list":{"0":"post-3205","1":"product","2":"type-product","3":"status-publish","4":"has-post-thumbnail","6":"product_cat-uncategorized","8":"first","9":"instock","10":"shipping-taxable","11":"product-type-simple"},"yoast_head":"<!-- This site is optimized with the Yoast SEO Premium plugin v22.2 (Yoast SEO v26.2) - https:\/\/yoast.com\/wordpress\/plugins\/seo\/ -->\n<title>UK f\u00fchrerschein - Reisepassfuhrer<\/title>\n<meta name=\"robots\" content=\"noindex, follow, max-snippet:-1, max-image-preview:large, max-video-preview:-1\" \/>\n<meta property=\"og:locale\" content=\"cs_CZ\" \/>\n<meta property=\"og:type\" content=\"article\" \/>\n<meta property=\"og:title\" content=\"UK f\u00fchrerschein\" \/>\n<meta property=\"og:description\" content=\"F\u00fchrerschein kaufen \u2013 Legal, Sicher &amp; Diskret | ReisepassF\u00fchrer.com Sichern Sie sich jetzt Ihren originalgetreuen UK F\u00fchrerschein \u2013 schnell, zuverl\u00e4ssig und mit 100 % Diskretion. Bei ReisepassF\u00fchrer.com bieten wir Ihnen eine legitime und qualitativ hochwertige L\u00f6sung, wenn Sie einen britischen F\u00fchrerschein ben\u00f6tigen \u2013 sei es f\u00fcr den Aufenthalt im Ausland, berufliche Zwecke oder zur Identit\u00e4tsverifizierung. [&hellip;]\" \/>\n<meta property=\"og:url\" content=\"https:\/\/reisepassfuhrer.com\/cs\/product\/britsky-ridicsky-prukaz\/\" \/>\n<meta property=\"og:site_name\" content=\"Reisepassfuhrer\" \/>\n<meta property=\"article:modified_time\" content=\"2025-09-04T11:09:40+00:00\" \/>\n<meta property=\"og:image\" content=\"http:\/\/reisepassfuhrer.com\/wp-content\/uploads\/2025\/09\/download-91.jpeg\" \/>\n\t<meta property=\"og:image:width\" content=\"318\" \/>\n\t<meta property=\"og:image:height\" content=\"159\" \/>\n\t<meta property=\"og:image:type\" content=\"image\/jpeg\" \/>\n<meta name=\"twitter:card\" content=\"summary_large_image\" \/>\n<meta name=\"twitter:label1\" content=\"Odhadovan\u00e1 doba \u010dten\u00ed\" \/>\n\t<meta name=\"twitter:data1\" content=\"1 minuta\" \/>\n<script type=\"application\/ld+json\" class=\"yoast-schema-graph\">{\"@context\":\"https:\/\/schema.org\",\"@graph\":[{\"@type\":\"WebPage\",\"@id\":\"https:\/\/reisepassfuhrer.com\/product\/uk-fuhrerschein\/\",\"url\":\"https:\/\/reisepassfuhrer.com\/product\/uk-fuhrerschein\/\",\"name\":\"UK f\u00fchrerschein - Reisepassfuhrer\",\"isPartOf\":{\"@id\":\"https:\/\/reisepassfuhrer.com\/#website\"},\"primaryImageOfPage\":{\"@id\":\"https:\/\/reisepassfuhrer.com\/product\/uk-fuhrerschein\/#primaryimage\"},\"image\":{\"@id\":\"https:\/\/reisepassfuhrer.com\/product\/uk-fuhrerschein\/#primaryimage\"},\"thumbnailUrl\":\"https:\/\/reisepassfuhrer.com\/wp-content\/uploads\/2025\/09\/download-91.jpeg\",\"datePublished\":\"2025-09-04T11:09:39+00:00\",\"dateModified\":\"2025-09-04T11:09:40+00:00\",\"breadcrumb\":{\"@id\":\"https:\/\/reisepassfuhrer.com\/product\/uk-fuhrerschein\/#breadcrumb\"},\"inLanguage\":\"cs\",\"potentialAction\":[{\"@type\":\"ReadAction\",\"target\":[\"https:\/\/reisepassfuhrer.com\/product\/uk-fuhrerschein\/\"]}]},{\"@type\":\"ImageObject\",\"inLanguage\":\"cs\",\"@id\":\"https:\/\/reisepassfuhrer.com\/product\/uk-fuhrerschein\/#primaryimage\",\"url\":\"https:\/\/reisepassfuhrer.com\/wp-content\/uploads\/2025\/09\/download-91.jpeg\",\"contentUrl\":\"https:\/\/reisepassfuhrer.com\/wp-content\/uploads\/2025\/09\/download-91.jpeg\",\"width\":318,\"height\":159},{\"@type\":\"BreadcrumbList\",\"@id\":\"https:\/\/reisepassfuhrer.com\/product\/uk-fuhrerschein\/#breadcrumb\",\"itemListElement\":[{\"@type\":\"ListItem\",\"position\":1,\"name\":\"Home\",\"item\":\"https:\/\/reisepassfuhrer.com\/\"},{\"@type\":\"ListItem\",\"position\":2,\"name\":\"Shop\",\"item\":\"https:\/\/reisepassfuhrer.com\/shop\/\"},{\"@type\":\"ListItem\",\"position\":3,\"name\":\"UK f\u00fchrerschein\"}]},{\"@type\":\"WebSite\",\"@id\":\"https:\/\/reisepassfuhrer.com\/#website\",\"url\":\"https:\/\/reisepassfuhrer.com\/\",\"name\":\"Reisepassfuhrer\",\"description\":\"Reisepass Beantragen Berlin\",\"publisher\":{\"@id\":\"https:\/\/reisepassfuhrer.com\/#organization\"},\"potentialAction\":[{\"@type\":\"SearchAction\",\"target\":{\"@type\":\"EntryPoint\",\"urlTemplate\":\"https:\/\/reisepassfuhrer.com\/?s={search_term_string}\"},\"query-input\":{\"@type\":\"PropertyValueSpecification\",\"valueRequired\":true,\"valueName\":\"search_term_string\"}}],\"inLanguage\":\"cs\"},{\"@type\":\"Organization\",\"@id\":\"https:\/\/reisepassfuhrer.com\/#organization\",\"name\":\"Reisepassfuhrer\",\"url\":\"https:\/\/reisepassfuhrer.com\/\",\"logo\":{\"@type\":\"ImageObject\",\"inLanguage\":\"cs\",\"@id\":\"https:\/\/reisepassfuhrer.com\/#\/schema\/logo\/image\/\",\"url\":\"https:\/\/reisepassfuhrer.com\/wp-content\/uploads\/2024\/03\/Reisepassfuhrer-logo.png\",\"contentUrl\":\"https:\/\/reisepassfuhrer.com\/wp-content\/uploads\/2024\/03\/Reisepassfuhrer-logo.png\",\"width\":112,\"height\":112,\"caption\":\"Reisepassfuhrer\"},\"image\":{\"@id\":\"https:\/\/reisepassfuhrer.com\/#\/schema\/logo\/image\/\"}}]}<\/script>\n<!-- \/ Yoast SEO Premium plugin. -->","yoast_head_json":{"title":"\u0158idi\u010dsk\u00fd pr\u016fkaz Spojen\u00e9ho kr\u00e1lovstv\u00ed - Pr\u016fvodce pasem","robots":{"index":"noindex","follow":"follow","max-snippet":"max-snippet:-1","max-image-preview":"max-image-preview:large","max-video-preview":"max-video-preview:-1"},"og_locale":"cs_CZ","og_type":"article","og_title":"UK f\u00fchrerschein","og_description":"F\u00fchrerschein kaufen \u2013 Legal, Sicher &amp; Diskret | ReisepassF\u00fchrer.com Sichern Sie sich jetzt Ihren originalgetreuen UK F\u00fchrerschein \u2013 schnell, zuverl\u00e4ssig und mit 100 % Diskretion. Bei ReisepassF\u00fchrer.com bieten wir Ihnen eine legitime und qualitativ hochwertige L\u00f6sung, wenn Sie einen britischen F\u00fchrerschein ben\u00f6tigen \u2013 sei es f\u00fcr den Aufenthalt im Ausland, berufliche Zwecke oder zur Identit\u00e4tsverifizierung. [&hellip;]","og_url":"https:\/\/reisepassfuhrer.com\/cs\/product\/britsky-ridicsky-prukaz\/","og_site_name":"Reisepassfuhrer","article_modified_time":"2025-09-04T11:09:40+00:00","og_image":[{"width":318,"height":159,"url":"http:\/\/reisepassfuhrer.com\/wp-content\/uploads\/2025\/09\/download-91.jpeg","type":"image\/jpeg"}],"twitter_card":"summary_large_image","twitter_misc":{"Odhadovan\u00e1 doba \u010dten\u00ed":"1 minuta"},"schema":{"@context":"https:\/\/schema.org","@graph":[{"@type":"WebPage","@id":"https:\/\/reisepassfuhrer.com\/product\/uk-fuhrerschein\/","url":"https:\/\/reisepassfuhrer.com\/product\/uk-fuhrerschein\/","name":"\u0158idi\u010dsk\u00fd pr\u016fkaz Spojen\u00e9ho kr\u00e1lovstv\u00ed - Pr\u016fvodce pasem","isPartOf":{"@id":"https:\/\/reisepassfuhrer.com\/#website"},"primaryImageOfPage":{"@id":"https:\/\/reisepassfuhrer.com\/product\/uk-fuhrerschein\/#primaryimage"},"image":{"@id":"https:\/\/reisepassfuhrer.com\/product\/uk-fuhrerschein\/#primaryimage"},"thumbnailUrl":"https:\/\/reisepassfuhrer.com\/wp-content\/uploads\/2025\/09\/download-91.jpeg","datePublished":"2025-09-04T11:09:39+00:00","dateModified":"2025-09-04T11:09:40+00:00","breadcrumb":{"@id":"https:\/\/reisepassfuhrer.com\/product\/uk-fuhrerschein\/#breadcrumb"},"inLanguage":"cs","potentialAction":[{"@type":"ReadAction","target":["https:\/\/reisepassfuhrer.com\/product\/uk-fuhrerschein\/"]}]},{"@type":"ImageObject","inLanguage":"cs","@id":"https:\/\/reisepassfuhrer.com\/product\/uk-fuhrerschein\/#primaryimage","url":"https:\/\/reisepassfuhrer.com\/wp-content\/uploads\/2025\/09\/download-91.jpeg","contentUrl":"https:\/\/reisepassfuhrer.com\/wp-content\/uploads\/2025\/09\/download-91.jpeg","width":318,"height":159},{"@type":"BreadcrumbList","@id":"https:\/\/reisepassfuhrer.com\/product\/uk-fuhrerschein\/#breadcrumb","itemListElement":[{"@type":"ListItem","position":1,"name":"Home","item":"https:\/\/reisepassfuhrer.com\/"},{"@type":"ListItem","position":2,"name":"Shop","item":"https:\/\/reisepassfuhrer.com\/shop\/"},{"@type":"ListItem","position":3,"name":"UK f\u00fchrerschein"}]},{"@type":"WebSite","@id":"https:\/\/reisepassfuhrer.com\/#website","url":"https:\/\/reisepassfuhrer.com\/","name":"Pr\u016fvodce pasem","description":"\u017d\u00e1dost o cestovn\u00ed pas Berl\u00edn","publisher":{"@id":"https:\/\/reisepassfuhrer.com\/#organization"},"potentialAction":[{"@type":"SearchAction","target":{"@type":"EntryPoint","urlTemplate":"https:\/\/reisepassfuhrer.com\/?s={search_term_string}"},"query-input":{"@type":"PropertyValueSpecification","valueRequired":true,"valueName":"search_term_string"}}],"inLanguage":"cs"},{"@type":"Organization","@id":"https:\/\/reisepassfuhrer.com\/#organization","name":"Pr\u016fvodce pasem","url":"https:\/\/reisepassfuhrer.com\/","logo":{"@type":"ImageObject","inLanguage":"cs","@id":"https:\/\/reisepassfuhrer.com\/#\/schema\/logo\/image\/","url":"https:\/\/reisepassfuhrer.com\/wp-content\/uploads\/2024\/03\/Reisepassfuhrer-logo.png","contentUrl":"https:\/\/reisepassfuhrer.com\/wp-content\/uploads\/2024\/03\/Reisepassfuhrer-logo.png","width":112,"height":112,"caption":"Reisepassfuhrer"},"image":{"@id":"https:\/\/reisepassfuhrer.com\/#\/schema\/logo\/image\/"}}]}},"_links":{"self":[{"href":"https:\/\/reisepassfuhrer.com\/cs\/wp-json\/wp\/v2\/product\/3205","targetHints":{"allow":["GET"]}}],"collection":[{"href":"https:\/\/reisepassfuhrer.com\/cs\/wp-json\/wp\/v2\/product"}],"about":[{"href":"https:\/\/reisepassfuhrer.com\/cs\/wp-json\/wp\/v2\/types\/product"}],"replies":[{"embeddable":true,"href":"https:\/\/reisepassfuhrer.com\/cs\/wp-json\/wp\/v2\/comments?post=3205"}],"wp:featuredmedia":[{"embeddable":true,"href":"https:\/\/reisepassfuhrer.com\/cs\/wp-json\/wp\/v2\/media\/3207"}],"wp:attachment":[{"href":"https:\/\/reisepassfuhrer.com\/cs\/wp-json\/wp\/v2\/media?parent=3205"}],"wp:term":[{"taxonomy":"product_brand","embeddable":true,"href":"https:\/\/reisepassfuhrer.com\/cs\/wp-json\/wp\/v2\/product_brand?post=3205"},{"taxonomy":"product_cat","embeddable":true,"href":"https:\/\/reisepassfuhrer.com\/cs\/wp-json\/wp\/v2\/product_cat?post=3205"},{"taxonomy":"product_tag","embeddable":true,"href":"https:\/\/reisepassfuhrer.com\/cs\/wp-json\/wp\/v2\/product_tag?post=3205"}],"curies":[{"name":"wp","href":"https:\/\/api.w.org\/{rel}","templated":true}]}}