{"id":3210,"date":"2025-09-08T13:23:48","date_gmt":"2025-09-08T13:23:48","guid":{"rendered":"https:\/\/reisepassfuhrer.com\/?post_type=product&#038;p=3210"},"modified":"2025-09-08T13:23:50","modified_gmt":"2025-09-08T13:23:50","slug":"fuhrerschein-fur-trike","status":"publish","type":"product","link":"https:\/\/reisepassfuhrer.com\/cs\/product\/ridicsky-prukaz-na-trikolku\/","title":{"rendered":"\u0158idi\u010dsk\u00fd pr\u016fkaz na t\u0159\u00edkolku"},"content":{"rendered":"<h1 data-start=\"320\" data-end=\"386\">\u0158idi\u010dsk\u00fd pr\u016fkaz na t\u0159\u00edkolky - za\u017eijte leg\u00e1ln\u00ed svobodu na t\u0159ech kolech<\/h1>\n<p data-start=\"388\" data-end=\"633\">Sn\u00edte o j\u00edzd\u011b na t\u0159\u00edkolce - ani\u017e byste museli slo\u017eit\u011b skl\u00e1dat zkou\u0161ky na motorku? S <strong data-start=\"475\" data-end=\"501\">\u0158idi\u010dsk\u00fd pr\u016fkaz na t\u0159\u00edkolku<\/strong> z <strong data-start=\"506\" data-end=\"561\"><a class=\"decorated-link\" href=\"https:\/\/reisepassfuhrer.com\/cs\/\" target=\"_new\" rel=\"noopener\" data-start=\"508\" data-end=\"559\">PassportGuide.com<\/a><\/strong> tento sen se st\u00e1v\u00e1 skute\u010dnost\u00ed - <strong data-start=\"595\" data-end=\"632\">Rychle, diskr\u00e9tn\u011b a v souladu se z\u00e1konem<\/strong>.<\/p>\n<p data-start=\"635\" data-end=\"895\">Na\u0161e speci\u00e1ln\u011b vydan\u00e9 \u0159idi\u010dsk\u00e9 pr\u016fkazy v\u00e1m umo\u017en\u00ed <strong data-start=\"701\" data-end=\"767\">Leg\u00e1ln\u00ed \u0159\u00edzen\u00ed t\u0159\u00edkolek s \u0159idi\u010dsk\u00fdm pr\u016fkazem na auto (skupina B)<\/strong> - podle platn\u00fdch <strong data-start=\"786\" data-end=\"805\">Na\u0159\u00edzen\u00ed EU<\/strong>. Ide\u00e1ln\u00ed pro ty, kte\u0159\u00ed ocen\u00ed pohodl\u00ed, stabilitu a jedine\u010dn\u00fd z\u00e1\u017eitek z j\u00edzdy.<\/p>\n<h2 data-start=\"897\" data-end=\"962\">Pro\u010d si koupit \u0159idi\u010dsk\u00fd pr\u016fkaz na t\u0159\u00edkolku u ReisepassF\u00fchrer.com?<\/h2>\n<p data-start=\"964\" data-end=\"1147\">\u2705 <strong data-start=\"966\" data-end=\"1004\">Leg\u00e1ln\u00ed a registrovateln\u00e9 v EU<\/strong><br data-start=\"1004\" data-end=\"1007\" \/>Na\u0161e dokumenty jsou zalo\u017eeny na <strong data-start=\"1037\" data-end=\"1078\">skute\u010dn\u00e1 data a bezpe\u010dnostn\u00ed funkce<\/strong>, kter\u00e9 maj\u00ed <strong data-start=\"1089\" data-end=\"1115\">Pou\u017eit\u00ed v souladu s pr\u00e1vn\u00edmi p\u0159edpisy<\/strong> v cel\u00e9 EU.<\/p>\n<p data-start=\"1149\" data-end=\"1340\">\u2705 <strong data-start=\"1151\" data-end=\"1206\">Nen\u00ed vy\u017eadov\u00e1n \u017e\u00e1dn\u00fd dal\u0161\u00ed \u0159idi\u010dsk\u00fd pr\u016fkaz na motocykl<\/strong><br data-start=\"1206\" data-end=\"1209\" \/>Vyu\u017e\u00edvejte v\u00fdhod t\u0159\u00edkolky s \u0159idi\u010dsk\u00fdm pr\u016fkazem na klasick\u00fd automobil - <strong data-start=\"1287\" data-end=\"1339\">bez dal\u0161\u00edch zkou\u0161ek nebo v\u00fduky v auto\u0161kole<\/strong>.<\/p>\n<p data-start=\"1342\" data-end=\"1514\">\u2705 <strong data-start=\"1344\" data-end=\"1378\">Rychl\u00e9 a diskr\u00e9tn\u00ed zpracov\u00e1n\u00ed<\/strong><br data-start=\"1378\" data-end=\"1381\" \/>Zaru\u010dujeme <strong data-start=\"1402\" data-end=\"1424\">anonymn\u00ed objedn\u00e1vka<\/strong>, <strong data-start=\"1426\" data-end=\"1447\">Bezpe\u010dn\u00e9 doru\u010den\u00ed<\/strong> a maxim\u00e1ln\u00ed diskr\u00e9tnost - va\u0161e data jsou u n\u00e1s v t\u011bch nejlep\u0161\u00edch rukou.<\/p>\n<p data-start=\"1516\" data-end=\"1705\">\u2705 <strong data-start=\"1518\" data-end=\"1566\">Vysok\u00e1 kvalita s bezpe\u010dnostn\u00edmi prvky<\/strong><br data-start=\"1566\" data-end=\"1569\" \/>V\u0161echny \u0159idi\u010dsk\u00e9 pr\u016fkazy jsou vybaveny <strong data-start=\"1610\" data-end=\"1625\">Hologramy<\/strong>, <strong data-start=\"1627\" data-end=\"1643\">UV vlastnosti<\/strong>, <strong data-start=\"1645\" data-end=\"1661\">Mikroscript<\/strong> a dal\u0161\u00ed technologie proti pad\u011bl\u00e1n\u00ed.<\/p>\n<h2 data-start=\"1707\" data-end=\"1754\">Pro koho je \u0159idi\u010dsk\u00fd pr\u016fkaz na t\u0159\u00edkolku vhodn\u00fd?<\/h2>\n<p data-start=\"1756\" data-end=\"1942\">A\u0165 u\u017e jste <strong data-start=\"1772\" data-end=\"1801\">Voln\u00fd duch na t\u0159ech kolech<\/strong> nebo hled\u00e1te bezpe\u010dn\u00e9 vozidlo na del\u0161\u00ed v\u00fdlety - n\u00e1\u0161 \u0159idi\u010dsk\u00fd pr\u016fkaz na t\u0159\u00edkolku v\u00e1m nab\u00edz\u00ed maximum. <strong data-start=\"1909\" data-end=\"1941\">Flexibilita bez byrokracie<\/strong>.<\/p>\n<p data-start=\"1944\" data-end=\"2085\">\ud83d\udc49 Nyn\u00ed je tv\u016fj <strong data-start=\"1959\" data-end=\"1988\">Koupit \u0159idi\u010dsk\u00fd pr\u016fkaz na t\u0159\u00edkolku<\/strong> na adrese <a class=\"decorated-link\" href=\"https:\/\/reisepassfuhrer.com\/cs\/\" target=\"_new\" rel=\"noopener\" data-start=\"1993\" data-end=\"2044\">PassportGuide.com<\/a> - <strong data-start=\"2047\" data-end=\"2084\">leg\u00e1ln\u00ed, diskr\u00e9tn\u00ed a okam\u017eit\u011b k dispozici<\/strong>!<\/p>","protected":false},"excerpt":{"rendered":"<p>F\u00fchrerschein f\u00fcr Trike \u2013 Legale Freiheit auf Drei R\u00e4dern erleben Sie tr\u00e4umen davon, ein Trike zu fahren \u2013 ganz ohne aufwendige Motorradpr\u00fcfung? Mit dem F\u00fchrerschein f\u00fcr Trike von ReisepassF\u00fchrer.com wird dieser Traum zur Realit\u00e4t \u2013 schnell, diskret und rechtssicher. Unsere speziell ausgestellten F\u00fchrerscheine erm\u00f6glichen Ihnen das legale Fahren von Trikes mit einem Autof\u00fchrerschein (Klasse B) [&hellip;]<\/p>","protected":false},"featured_media":3212,"comment_status":"open","ping_status":"closed","template":"","meta":[],"product_brand":[],"product_cat":[44],"product_tag":[],"class_list":{"0":"post-3210","1":"product","2":"type-product","3":"status-publish","4":"has-post-thumbnail","6":"product_cat-uncategorized","8":"first","9":"instock","10":"shipping-taxable","11":"product-type-simple"},"yoast_head":"<!-- This site is optimized with the Yoast SEO Premium plugin v22.2 (Yoast SEO v26.2) - https:\/\/yoast.com\/wordpress\/plugins\/seo\/ -->\n<title>F\u00fchrerschein f\u00fcr Trike - Reisepassfuhrer<\/title>\n<meta name=\"robots\" content=\"noindex, follow, max-snippet:-1, max-image-preview:large, max-video-preview:-1\" \/>\n<meta property=\"og:locale\" content=\"cs_CZ\" \/>\n<meta property=\"og:type\" content=\"article\" \/>\n<meta property=\"og:title\" content=\"F\u00fchrerschein f\u00fcr Trike\" \/>\n<meta property=\"og:description\" content=\"F\u00fchrerschein f\u00fcr Trike \u2013 Legale Freiheit auf Drei R\u00e4dern erleben Sie tr\u00e4umen davon, ein Trike zu fahren \u2013 ganz ohne aufwendige Motorradpr\u00fcfung? Mit dem F\u00fchrerschein f\u00fcr Trike von ReisepassF\u00fchrer.com wird dieser Traum zur Realit\u00e4t \u2013 schnell, diskret und rechtssicher. Unsere speziell ausgestellten F\u00fchrerscheine erm\u00f6glichen Ihnen das legale Fahren von Trikes mit einem Autof\u00fchrerschein (Klasse B) [&hellip;]\" \/>\n<meta property=\"og:url\" content=\"https:\/\/reisepassfuhrer.com\/cs\/product\/ridicsky-prukaz-na-trikolku\/\" \/>\n<meta property=\"og:site_name\" content=\"Reisepassfuhrer\" \/>\n<meta property=\"article:modified_time\" content=\"2025-09-08T13:23:50+00:00\" \/>\n<meta property=\"og:image\" content=\"http:\/\/reisepassfuhrer.com\/wp-content\/uploads\/2025\/09\/download-92.jpeg\" \/>\n\t<meta property=\"og:image:width\" content=\"275\" \/>\n\t<meta property=\"og:image:height\" content=\"183\" \/>\n\t<meta property=\"og:image:type\" content=\"image\/jpeg\" \/>\n<meta name=\"twitter:card\" content=\"summary_large_image\" \/>\n<meta name=\"twitter:label1\" content=\"Odhadovan\u00e1 doba \u010dten\u00ed\" \/>\n\t<meta name=\"twitter:data1\" content=\"2 minuty\" \/>\n<script type=\"application\/ld+json\" class=\"yoast-schema-graph\">{\"@context\":\"https:\/\/schema.org\",\"@graph\":[{\"@type\":\"WebPage\",\"@id\":\"https:\/\/reisepassfuhrer.com\/product\/fuhrerschein-fur-trike\/\",\"url\":\"https:\/\/reisepassfuhrer.com\/product\/fuhrerschein-fur-trike\/\",\"name\":\"F\u00fchrerschein f\u00fcr Trike - Reisepassfuhrer\",\"isPartOf\":{\"@id\":\"https:\/\/reisepassfuhrer.com\/#website\"},\"primaryImageOfPage\":{\"@id\":\"https:\/\/reisepassfuhrer.com\/product\/fuhrerschein-fur-trike\/#primaryimage\"},\"image\":{\"@id\":\"https:\/\/reisepassfuhrer.com\/product\/fuhrerschein-fur-trike\/#primaryimage\"},\"thumbnailUrl\":\"https:\/\/reisepassfuhrer.com\/wp-content\/uploads\/2025\/09\/download-92.jpeg\",\"datePublished\":\"2025-09-08T13:23:48+00:00\",\"dateModified\":\"2025-09-08T13:23:50+00:00\",\"breadcrumb\":{\"@id\":\"https:\/\/reisepassfuhrer.com\/product\/fuhrerschein-fur-trike\/#breadcrumb\"},\"inLanguage\":\"cs\",\"potentialAction\":[{\"@type\":\"ReadAction\",\"target\":[\"https:\/\/reisepassfuhrer.com\/product\/fuhrerschein-fur-trike\/\"]}]},{\"@type\":\"ImageObject\",\"inLanguage\":\"cs\",\"@id\":\"https:\/\/reisepassfuhrer.com\/product\/fuhrerschein-fur-trike\/#primaryimage\",\"url\":\"https:\/\/reisepassfuhrer.com\/wp-content\/uploads\/2025\/09\/download-92.jpeg\",\"contentUrl\":\"https:\/\/reisepassfuhrer.com\/wp-content\/uploads\/2025\/09\/download-92.jpeg\",\"width\":275,\"height\":183},{\"@type\":\"BreadcrumbList\",\"@id\":\"https:\/\/reisepassfuhrer.com\/product\/fuhrerschein-fur-trike\/#breadcrumb\",\"itemListElement\":[{\"@type\":\"ListItem\",\"position\":1,\"name\":\"Home\",\"item\":\"https:\/\/reisepassfuhrer.com\/\"},{\"@type\":\"ListItem\",\"position\":2,\"name\":\"Shop\",\"item\":\"https:\/\/reisepassfuhrer.com\/shop\/\"},{\"@type\":\"ListItem\",\"position\":3,\"name\":\"F\u00fchrerschein f\u00fcr Trike\"}]},{\"@type\":\"WebSite\",\"@id\":\"https:\/\/reisepassfuhrer.com\/#website\",\"url\":\"https:\/\/reisepassfuhrer.com\/\",\"name\":\"Reisepassfuhrer\",\"description\":\"Reisepass Beantragen Berlin\",\"publisher\":{\"@id\":\"https:\/\/reisepassfuhrer.com\/#organization\"},\"potentialAction\":[{\"@type\":\"SearchAction\",\"target\":{\"@type\":\"EntryPoint\",\"urlTemplate\":\"https:\/\/reisepassfuhrer.com\/?s={search_term_string}\"},\"query-input\":{\"@type\":\"PropertyValueSpecification\",\"valueRequired\":true,\"valueName\":\"search_term_string\"}}],\"inLanguage\":\"cs\"},{\"@type\":\"Organization\",\"@id\":\"https:\/\/reisepassfuhrer.com\/#organization\",\"name\":\"Reisepassfuhrer\",\"url\":\"https:\/\/reisepassfuhrer.com\/\",\"logo\":{\"@type\":\"ImageObject\",\"inLanguage\":\"cs\",\"@id\":\"https:\/\/reisepassfuhrer.com\/#\/schema\/logo\/image\/\",\"url\":\"https:\/\/reisepassfuhrer.com\/wp-content\/uploads\/2024\/03\/Reisepassfuhrer-logo.png\",\"contentUrl\":\"https:\/\/reisepassfuhrer.com\/wp-content\/uploads\/2024\/03\/Reisepassfuhrer-logo.png\",\"width\":112,\"height\":112,\"caption\":\"Reisepassfuhrer\"},\"image\":{\"@id\":\"https:\/\/reisepassfuhrer.com\/#\/schema\/logo\/image\/\"}}]}<\/script>\n<!-- \/ Yoast SEO Premium plugin. -->","yoast_head_json":{"title":"\u0158idi\u010dsk\u00fd pr\u016fkaz na t\u0159\u00edkolku - pas \u0159idi\u010de","robots":{"index":"noindex","follow":"follow","max-snippet":"max-snippet:-1","max-image-preview":"max-image-preview:large","max-video-preview":"max-video-preview:-1"},"og_locale":"cs_CZ","og_type":"article","og_title":"F\u00fchrerschein f\u00fcr Trike","og_description":"F\u00fchrerschein f\u00fcr Trike \u2013 Legale Freiheit auf Drei R\u00e4dern erleben Sie tr\u00e4umen davon, ein Trike zu fahren \u2013 ganz ohne aufwendige Motorradpr\u00fcfung? Mit dem F\u00fchrerschein f\u00fcr Trike von ReisepassF\u00fchrer.com wird dieser Traum zur Realit\u00e4t \u2013 schnell, diskret und rechtssicher. Unsere speziell ausgestellten F\u00fchrerscheine erm\u00f6glichen Ihnen das legale Fahren von Trikes mit einem Autof\u00fchrerschein (Klasse B) [&hellip;]","og_url":"https:\/\/reisepassfuhrer.com\/cs\/product\/ridicsky-prukaz-na-trikolku\/","og_site_name":"Reisepassfuhrer","article_modified_time":"2025-09-08T13:23:50+00:00","og_image":[{"width":275,"height":183,"url":"http:\/\/reisepassfuhrer.com\/wp-content\/uploads\/2025\/09\/download-92.jpeg","type":"image\/jpeg"}],"twitter_card":"summary_large_image","twitter_misc":{"Odhadovan\u00e1 doba \u010dten\u00ed":"2 minuty"},"schema":{"@context":"https:\/\/schema.org","@graph":[{"@type":"WebPage","@id":"https:\/\/reisepassfuhrer.com\/product\/fuhrerschein-fur-trike\/","url":"https:\/\/reisepassfuhrer.com\/product\/fuhrerschein-fur-trike\/","name":"\u0158idi\u010dsk\u00fd pr\u016fkaz na t\u0159\u00edkolku - pas \u0159idi\u010de","isPartOf":{"@id":"https:\/\/reisepassfuhrer.com\/#website"},"primaryImageOfPage":{"@id":"https:\/\/reisepassfuhrer.com\/product\/fuhrerschein-fur-trike\/#primaryimage"},"image":{"@id":"https:\/\/reisepassfuhrer.com\/product\/fuhrerschein-fur-trike\/#primaryimage"},"thumbnailUrl":"https:\/\/reisepassfuhrer.com\/wp-content\/uploads\/2025\/09\/download-92.jpeg","datePublished":"2025-09-08T13:23:48+00:00","dateModified":"2025-09-08T13:23:50+00:00","breadcrumb":{"@id":"https:\/\/reisepassfuhrer.com\/product\/fuhrerschein-fur-trike\/#breadcrumb"},"inLanguage":"cs","potentialAction":[{"@type":"ReadAction","target":["https:\/\/reisepassfuhrer.com\/product\/fuhrerschein-fur-trike\/"]}]},{"@type":"ImageObject","inLanguage":"cs","@id":"https:\/\/reisepassfuhrer.com\/product\/fuhrerschein-fur-trike\/#primaryimage","url":"https:\/\/reisepassfuhrer.com\/wp-content\/uploads\/2025\/09\/download-92.jpeg","contentUrl":"https:\/\/reisepassfuhrer.com\/wp-content\/uploads\/2025\/09\/download-92.jpeg","width":275,"height":183},{"@type":"BreadcrumbList","@id":"https:\/\/reisepassfuhrer.com\/product\/fuhrerschein-fur-trike\/#breadcrumb","itemListElement":[{"@type":"ListItem","position":1,"name":"Home","item":"https:\/\/reisepassfuhrer.com\/"},{"@type":"ListItem","position":2,"name":"Shop","item":"https:\/\/reisepassfuhrer.com\/shop\/"},{"@type":"ListItem","position":3,"name":"F\u00fchrerschein f\u00fcr Trike"}]},{"@type":"WebSite","@id":"https:\/\/reisepassfuhrer.com\/#website","url":"https:\/\/reisepassfuhrer.com\/","name":"Pr\u016fvodce pasem","description":"\u017d\u00e1dost o cestovn\u00ed pas Berl\u00edn","publisher":{"@id":"https:\/\/reisepassfuhrer.com\/#organization"},"potentialAction":[{"@type":"SearchAction","target":{"@type":"EntryPoint","urlTemplate":"https:\/\/reisepassfuhrer.com\/?s={search_term_string}"},"query-input":{"@type":"PropertyValueSpecification","valueRequired":true,"valueName":"search_term_string"}}],"inLanguage":"cs"},{"@type":"Organization","@id":"https:\/\/reisepassfuhrer.com\/#organization","name":"Pr\u016fvodce pasem","url":"https:\/\/reisepassfuhrer.com\/","logo":{"@type":"ImageObject","inLanguage":"cs","@id":"https:\/\/reisepassfuhrer.com\/#\/schema\/logo\/image\/","url":"https:\/\/reisepassfuhrer.com\/wp-content\/uploads\/2024\/03\/Reisepassfuhrer-logo.png","contentUrl":"https:\/\/reisepassfuhrer.com\/wp-content\/uploads\/2024\/03\/Reisepassfuhrer-logo.png","width":112,"height":112,"caption":"Reisepassfuhrer"},"image":{"@id":"https:\/\/reisepassfuhrer.com\/#\/schema\/logo\/image\/"}}]}},"_links":{"self":[{"href":"https:\/\/reisepassfuhrer.com\/cs\/wp-json\/wp\/v2\/product\/3210","targetHints":{"allow":["GET"]}}],"collection":[{"href":"https:\/\/reisepassfuhrer.com\/cs\/wp-json\/wp\/v2\/product"}],"about":[{"href":"https:\/\/reisepassfuhrer.com\/cs\/wp-json\/wp\/v2\/types\/product"}],"replies":[{"embeddable":true,"href":"https:\/\/reisepassfuhrer.com\/cs\/wp-json\/wp\/v2\/comments?post=3210"}],"wp:featuredmedia":[{"embeddable":true,"href":"https:\/\/reisepassfuhrer.com\/cs\/wp-json\/wp\/v2\/media\/3212"}],"wp:attachment":[{"href":"https:\/\/reisepassfuhrer.com\/cs\/wp-json\/wp\/v2\/media?parent=3210"}],"wp:term":[{"taxonomy":"product_brand","embeddable":true,"href":"https:\/\/reisepassfuhrer.com\/cs\/wp-json\/wp\/v2\/product_brand?post=3210"},{"taxonomy":"product_cat","embeddable":true,"href":"https:\/\/reisepassfuhrer.com\/cs\/wp-json\/wp\/v2\/product_cat?post=3210"},{"taxonomy":"product_tag","embeddable":true,"href":"https:\/\/reisepassfuhrer.com\/cs\/wp-json\/wp\/v2\/product_tag?post=3210"}],"curies":[{"name":"wp","href":"https:\/\/api.w.org\/{rel}","templated":true}]}}