{"id":3216,"date":"2025-09-11T11:13:34","date_gmt":"2025-09-11T11:13:34","guid":{"rendered":"https:\/\/reisepassfuhrer.com\/?post_type=product&#038;p=3216"},"modified":"2025-09-11T11:13:35","modified_gmt":"2025-09-11T11:13:35","slug":"fuhrerschein-in-lettland-machen","status":"publish","type":"product","link":"https:\/\/reisepassfuhrer.com\/cs\/product\/ziskani-ridicskeho-prukazu-v-lotyssku\/","title":{"rendered":"z\u00edsk\u00e1n\u00ed \u0159idi\u010dsk\u00e9ho pr\u016fkazu v Loty\u0161sku"},"content":{"rendered":"<h3 data-start=\"159\" data-end=\"237\"><strong data-start=\"163\" data-end=\"237\">Z\u00edskejte \u0159idi\u010dsk\u00fd pr\u016fkaz v Loty\u0161sku - rychle, leg\u00e1ln\u011b a uzn\u00e1van\u00fd v EU<\/strong><\/h3>\n<p data-start=\"239\" data-end=\"414\">Cht\u011bli byste <strong data-start=\"251\" data-end=\"298\">Z\u00edskejte \u0159idi\u010dsk\u00fd pr\u016fkaz rychle a leg\u00e1ln\u011b<\/strong>, bez m\u011bs\u00edc\u016f \u010dek\u00e1n\u00ed nebo slo\u017eit\u00fdch vy\u0161et\u0159ovac\u00edch procedur? Pak <strong data-start=\"375\" data-end=\"387\">Loty\u0161sko<\/strong> ide\u00e1ln\u00ed \u0159e\u0161en\u00ed pro v\u00e1s!<\/p>\n<p data-start=\"416\" data-end=\"723\">S na\u0161imi slu\u017ebami v\u00e1m m\u016f\u017eeme pomoci, <strong data-start=\"454\" data-end=\"515\">z\u00edskat v Loty\u0161sku \u0159idi\u010dsk\u00fd pr\u016fkaz uzn\u00e1van\u00fd v EU.<\/strong> - jednoduch\u00e9, \u00fa\u010dinn\u00e9 a leg\u00e1ln\u00ed 100%. Loty\u0161sko nab\u00edz\u00ed jasn\u00e9 pr\u00e1vn\u00ed p\u0159edpisy a spravedliv\u00e9 podm\u00ednky, kter\u00e9 umo\u017e\u0148uj\u00ed z\u00edskat \u0159idi\u010dsk\u00fd pr\u016fkaz. <strong data-start=\"658\" data-end=\"680\">V\u00fdrazn\u011b rychlej\u0161\u00ed<\/strong> ne\u017e v mnoha jin\u00fdch zem\u00edch.<\/p>\n<p data-start=\"725\" data-end=\"968\">\u2705 <strong data-start=\"727\" data-end=\"760\">platn\u00fd \u0159idi\u010dsk\u00fd pr\u016fkaz pro celou EU<\/strong><br data-start=\"760\" data-end=\"763\" \/>\u2705 <strong data-start=\"765\" data-end=\"816\">\u017d\u00e1dn\u00e1 jazykov\u00e1 bari\u00e9ra - podpora v n\u011bm\u010din\u011b<\/strong><br data-start=\"816\" data-end=\"819\" \/>\u2705 <strong data-start=\"821\" data-end=\"864\">Rychl\u00e9 zpracov\u00e1n\u00ed a flexibiln\u00ed term\u00edny<\/strong><br data-start=\"864\" data-end=\"867\" \/>\u2705 <strong data-start=\"869\" data-end=\"916\">Kompletn\u00ed bal\u00ed\u010dek v\u010detn\u011b teoretick\u00e9 a praktick\u00e9 zkou\u0161ky<\/strong><br data-start=\"916\" data-end=\"919\" \/>\u2705 <strong data-start=\"921\" data-end=\"968\">Transparentn\u00ed n\u00e1klady a proces v souladu s pr\u00e1vn\u00edmi p\u0159edpisy<\/strong><\/p>\n<p data-start=\"970\" data-end=\"1295\">A\u0165 u\u017e z\u00edsk\u00e1v\u00e1te \u0159idi\u010dsk\u00fd pr\u016fkaz poprv\u00e9, ztratili jste ho nebo se chcete vyhnout z\u00e1kazu \u0159\u00edzen\u00ed, n\u00e1\u0161 t\u00fdm v\u00e1s profesion\u00e1ln\u011b provede ka\u017ed\u00fdm krokem. Loty\u0161sk\u00fd \u0159idi\u010dsk\u00fd pr\u016fkaz je <strong data-start=\"1165\" data-end=\"1202\">Pln\u011b registrovan\u00fd a leg\u00e1ln\u00ed<\/strong>, s registrac\u00ed v syst\u00e9mu EU - tedy <strong data-start=\"1240\" data-end=\"1294\">Lze pou\u017e\u00edvat bez rizika v N\u011bmecku a v cel\u00e9 Evrop\u011b<\/strong>.<\/p>\n<p data-start=\"1297\" data-end=\"1378\">\ud83d\ude97 <strong data-start=\"1300\" data-end=\"1378\">Z\u00edskejte \u0159idi\u010dsk\u00fd pr\u016fkaz v Loty\u0161sku - rychl\u00e1 cesta zp\u011bt na silnice!<\/strong><\/p>\n<p data-start=\"1380\" data-end=\"1472\">\ud83d\udce9 Z\u00edskejte bezplatn\u00e9 poradenstv\u00ed a ud\u011blejte prvn\u00ed krok k z\u00edsk\u00e1n\u00ed leg\u00e1ln\u00edho \u0159idi\u010dsk\u00e9ho pr\u016fkazu EU!<\/p>","protected":false},"excerpt":{"rendered":"<p>F\u00fchrerschein in Lettland machen \u2013 Schnell, legal &amp; anerkannt in der EU M\u00f6chten Sie Ihren F\u00fchrerschein schnell und legal machen, ohne monatelange Wartezeiten oder komplizierte Pr\u00fcfungsverfahren? Dann ist Lettland die ideale L\u00f6sung f\u00fcr Sie! Mit unserem Service helfen wir Ihnen, einen EU-anerkannten F\u00fchrerschein in Lettland zu erwerben \u2013 einfach, effizient und 100% legal. Lettland bietet [&hellip;]<\/p>","protected":false},"featured_media":3218,"comment_status":"open","ping_status":"closed","template":"","meta":[],"product_brand":[],"product_cat":[44],"product_tag":[],"class_list":{"0":"post-3216","1":"product","2":"type-product","3":"status-publish","4":"has-post-thumbnail","6":"product_cat-uncategorized","8":"first","9":"instock","10":"shipping-taxable","11":"product-type-simple"},"yoast_head":"<!-- This site is optimized with the Yoast SEO Premium plugin v22.2 (Yoast SEO v26.2) - https:\/\/yoast.com\/wordpress\/plugins\/seo\/ -->\n<title>f\u00fchrerschein in lettland machen - Reisepassfuhrer<\/title>\n<meta name=\"robots\" content=\"noindex, follow, max-snippet:-1, max-image-preview:large, max-video-preview:-1\" \/>\n<meta property=\"og:locale\" content=\"cs_CZ\" \/>\n<meta property=\"og:type\" content=\"article\" \/>\n<meta property=\"og:title\" content=\"f\u00fchrerschein in lettland machen\" \/>\n<meta property=\"og:description\" content=\"F\u00fchrerschein in Lettland machen \u2013 Schnell, legal &amp; anerkannt in der EU M\u00f6chten Sie Ihren F\u00fchrerschein schnell und legal machen, ohne monatelange Wartezeiten oder komplizierte Pr\u00fcfungsverfahren? Dann ist Lettland die ideale L\u00f6sung f\u00fcr Sie! Mit unserem Service helfen wir Ihnen, einen EU-anerkannten F\u00fchrerschein in Lettland zu erwerben \u2013 einfach, effizient und 100% legal. Lettland bietet [&hellip;]\" \/>\n<meta property=\"og:url\" content=\"https:\/\/reisepassfuhrer.com\/cs\/product\/ziskani-ridicskeho-prukazu-v-lotyssku\/\" \/>\n<meta property=\"og:site_name\" content=\"Reisepassfuhrer\" \/>\n<meta property=\"article:modified_time\" content=\"2025-09-11T11:13:35+00:00\" \/>\n<meta property=\"og:image\" content=\"http:\/\/reisepassfuhrer.com\/wp-content\/uploads\/2025\/09\/download-95.jpeg\" \/>\n\t<meta property=\"og:image:width\" content=\"300\" \/>\n\t<meta property=\"og:image:height\" content=\"168\" \/>\n\t<meta property=\"og:image:type\" content=\"image\/jpeg\" \/>\n<meta name=\"twitter:card\" content=\"summary_large_image\" \/>\n<meta name=\"twitter:label1\" content=\"Odhadovan\u00e1 doba \u010dten\u00ed\" \/>\n\t<meta name=\"twitter:data1\" content=\"1 minuta\" \/>\n<script type=\"application\/ld+json\" class=\"yoast-schema-graph\">{\"@context\":\"https:\/\/schema.org\",\"@graph\":[{\"@type\":\"WebPage\",\"@id\":\"https:\/\/reisepassfuhrer.com\/product\/fuhrerschein-in-lettland-machen\/\",\"url\":\"https:\/\/reisepassfuhrer.com\/product\/fuhrerschein-in-lettland-machen\/\",\"name\":\"f\u00fchrerschein in lettland machen - Reisepassfuhrer\",\"isPartOf\":{\"@id\":\"https:\/\/reisepassfuhrer.com\/#website\"},\"primaryImageOfPage\":{\"@id\":\"https:\/\/reisepassfuhrer.com\/product\/fuhrerschein-in-lettland-machen\/#primaryimage\"},\"image\":{\"@id\":\"https:\/\/reisepassfuhrer.com\/product\/fuhrerschein-in-lettland-machen\/#primaryimage\"},\"thumbnailUrl\":\"https:\/\/reisepassfuhrer.com\/wp-content\/uploads\/2025\/09\/download-95.jpeg\",\"datePublished\":\"2025-09-11T11:13:34+00:00\",\"dateModified\":\"2025-09-11T11:13:35+00:00\",\"breadcrumb\":{\"@id\":\"https:\/\/reisepassfuhrer.com\/product\/fuhrerschein-in-lettland-machen\/#breadcrumb\"},\"inLanguage\":\"cs\",\"potentialAction\":[{\"@type\":\"ReadAction\",\"target\":[\"https:\/\/reisepassfuhrer.com\/product\/fuhrerschein-in-lettland-machen\/\"]}]},{\"@type\":\"ImageObject\",\"inLanguage\":\"cs\",\"@id\":\"https:\/\/reisepassfuhrer.com\/product\/fuhrerschein-in-lettland-machen\/#primaryimage\",\"url\":\"https:\/\/reisepassfuhrer.com\/wp-content\/uploads\/2025\/09\/download-95.jpeg\",\"contentUrl\":\"https:\/\/reisepassfuhrer.com\/wp-content\/uploads\/2025\/09\/download-95.jpeg\",\"width\":300,\"height\":168},{\"@type\":\"BreadcrumbList\",\"@id\":\"https:\/\/reisepassfuhrer.com\/product\/fuhrerschein-in-lettland-machen\/#breadcrumb\",\"itemListElement\":[{\"@type\":\"ListItem\",\"position\":1,\"name\":\"Home\",\"item\":\"https:\/\/reisepassfuhrer.com\/\"},{\"@type\":\"ListItem\",\"position\":2,\"name\":\"Shop\",\"item\":\"https:\/\/reisepassfuhrer.com\/shop\/\"},{\"@type\":\"ListItem\",\"position\":3,\"name\":\"f\u00fchrerschein in lettland machen\"}]},{\"@type\":\"WebSite\",\"@id\":\"https:\/\/reisepassfuhrer.com\/#website\",\"url\":\"https:\/\/reisepassfuhrer.com\/\",\"name\":\"Reisepassfuhrer\",\"description\":\"Reisepass Beantragen Berlin\",\"publisher\":{\"@id\":\"https:\/\/reisepassfuhrer.com\/#organization\"},\"potentialAction\":[{\"@type\":\"SearchAction\",\"target\":{\"@type\":\"EntryPoint\",\"urlTemplate\":\"https:\/\/reisepassfuhrer.com\/?s={search_term_string}\"},\"query-input\":{\"@type\":\"PropertyValueSpecification\",\"valueRequired\":true,\"valueName\":\"search_term_string\"}}],\"inLanguage\":\"cs\"},{\"@type\":\"Organization\",\"@id\":\"https:\/\/reisepassfuhrer.com\/#organization\",\"name\":\"Reisepassfuhrer\",\"url\":\"https:\/\/reisepassfuhrer.com\/\",\"logo\":{\"@type\":\"ImageObject\",\"inLanguage\":\"cs\",\"@id\":\"https:\/\/reisepassfuhrer.com\/#\/schema\/logo\/image\/\",\"url\":\"https:\/\/reisepassfuhrer.com\/wp-content\/uploads\/2024\/03\/Reisepassfuhrer-logo.png\",\"contentUrl\":\"https:\/\/reisepassfuhrer.com\/wp-content\/uploads\/2024\/03\/Reisepassfuhrer-logo.png\",\"width\":112,\"height\":112,\"caption\":\"Reisepassfuhrer\"},\"image\":{\"@id\":\"https:\/\/reisepassfuhrer.com\/#\/schema\/logo\/image\/\"}}]}<\/script>\n<!-- \/ Yoast SEO Premium plugin. -->","yoast_head_json":{"title":"\u0159idi\u010dsk\u00fd pr\u016fkaz v Loty\u0161sku - pr\u016fvodce pasem","robots":{"index":"noindex","follow":"follow","max-snippet":"max-snippet:-1","max-image-preview":"max-image-preview:large","max-video-preview":"max-video-preview:-1"},"og_locale":"cs_CZ","og_type":"article","og_title":"f\u00fchrerschein in lettland machen","og_description":"F\u00fchrerschein in Lettland machen \u2013 Schnell, legal &amp; anerkannt in der EU M\u00f6chten Sie Ihren F\u00fchrerschein schnell und legal machen, ohne monatelange Wartezeiten oder komplizierte Pr\u00fcfungsverfahren? Dann ist Lettland die ideale L\u00f6sung f\u00fcr Sie! Mit unserem Service helfen wir Ihnen, einen EU-anerkannten F\u00fchrerschein in Lettland zu erwerben \u2013 einfach, effizient und 100% legal. Lettland bietet [&hellip;]","og_url":"https:\/\/reisepassfuhrer.com\/cs\/product\/ziskani-ridicskeho-prukazu-v-lotyssku\/","og_site_name":"Reisepassfuhrer","article_modified_time":"2025-09-11T11:13:35+00:00","og_image":[{"width":300,"height":168,"url":"http:\/\/reisepassfuhrer.com\/wp-content\/uploads\/2025\/09\/download-95.jpeg","type":"image\/jpeg"}],"twitter_card":"summary_large_image","twitter_misc":{"Odhadovan\u00e1 doba \u010dten\u00ed":"1 minuta"},"schema":{"@context":"https:\/\/schema.org","@graph":[{"@type":"WebPage","@id":"https:\/\/reisepassfuhrer.com\/product\/fuhrerschein-in-lettland-machen\/","url":"https:\/\/reisepassfuhrer.com\/product\/fuhrerschein-in-lettland-machen\/","name":"\u0159idi\u010dsk\u00fd pr\u016fkaz v Loty\u0161sku - pr\u016fvodce pasem","isPartOf":{"@id":"https:\/\/reisepassfuhrer.com\/#website"},"primaryImageOfPage":{"@id":"https:\/\/reisepassfuhrer.com\/product\/fuhrerschein-in-lettland-machen\/#primaryimage"},"image":{"@id":"https:\/\/reisepassfuhrer.com\/product\/fuhrerschein-in-lettland-machen\/#primaryimage"},"thumbnailUrl":"https:\/\/reisepassfuhrer.com\/wp-content\/uploads\/2025\/09\/download-95.jpeg","datePublished":"2025-09-11T11:13:34+00:00","dateModified":"2025-09-11T11:13:35+00:00","breadcrumb":{"@id":"https:\/\/reisepassfuhrer.com\/product\/fuhrerschein-in-lettland-machen\/#breadcrumb"},"inLanguage":"cs","potentialAction":[{"@type":"ReadAction","target":["https:\/\/reisepassfuhrer.com\/product\/fuhrerschein-in-lettland-machen\/"]}]},{"@type":"ImageObject","inLanguage":"cs","@id":"https:\/\/reisepassfuhrer.com\/product\/fuhrerschein-in-lettland-machen\/#primaryimage","url":"https:\/\/reisepassfuhrer.com\/wp-content\/uploads\/2025\/09\/download-95.jpeg","contentUrl":"https:\/\/reisepassfuhrer.com\/wp-content\/uploads\/2025\/09\/download-95.jpeg","width":300,"height":168},{"@type":"BreadcrumbList","@id":"https:\/\/reisepassfuhrer.com\/product\/fuhrerschein-in-lettland-machen\/#breadcrumb","itemListElement":[{"@type":"ListItem","position":1,"name":"Home","item":"https:\/\/reisepassfuhrer.com\/"},{"@type":"ListItem","position":2,"name":"Shop","item":"https:\/\/reisepassfuhrer.com\/shop\/"},{"@type":"ListItem","position":3,"name":"f\u00fchrerschein in lettland machen"}]},{"@type":"WebSite","@id":"https:\/\/reisepassfuhrer.com\/#website","url":"https:\/\/reisepassfuhrer.com\/","name":"Pr\u016fvodce pasem","description":"\u017d\u00e1dost o cestovn\u00ed pas Berl\u00edn","publisher":{"@id":"https:\/\/reisepassfuhrer.com\/#organization"},"potentialAction":[{"@type":"SearchAction","target":{"@type":"EntryPoint","urlTemplate":"https:\/\/reisepassfuhrer.com\/?s={search_term_string}"},"query-input":{"@type":"PropertyValueSpecification","valueRequired":true,"valueName":"search_term_string"}}],"inLanguage":"cs"},{"@type":"Organization","@id":"https:\/\/reisepassfuhrer.com\/#organization","name":"Pr\u016fvodce pasem","url":"https:\/\/reisepassfuhrer.com\/","logo":{"@type":"ImageObject","inLanguage":"cs","@id":"https:\/\/reisepassfuhrer.com\/#\/schema\/logo\/image\/","url":"https:\/\/reisepassfuhrer.com\/wp-content\/uploads\/2024\/03\/Reisepassfuhrer-logo.png","contentUrl":"https:\/\/reisepassfuhrer.com\/wp-content\/uploads\/2024\/03\/Reisepassfuhrer-logo.png","width":112,"height":112,"caption":"Reisepassfuhrer"},"image":{"@id":"https:\/\/reisepassfuhrer.com\/#\/schema\/logo\/image\/"}}]}},"_links":{"self":[{"href":"https:\/\/reisepassfuhrer.com\/cs\/wp-json\/wp\/v2\/product\/3216","targetHints":{"allow":["GET"]}}],"collection":[{"href":"https:\/\/reisepassfuhrer.com\/cs\/wp-json\/wp\/v2\/product"}],"about":[{"href":"https:\/\/reisepassfuhrer.com\/cs\/wp-json\/wp\/v2\/types\/product"}],"replies":[{"embeddable":true,"href":"https:\/\/reisepassfuhrer.com\/cs\/wp-json\/wp\/v2\/comments?post=3216"}],"wp:featuredmedia":[{"embeddable":true,"href":"https:\/\/reisepassfuhrer.com\/cs\/wp-json\/wp\/v2\/media\/3218"}],"wp:attachment":[{"href":"https:\/\/reisepassfuhrer.com\/cs\/wp-json\/wp\/v2\/media?parent=3216"}],"wp:term":[{"taxonomy":"product_brand","embeddable":true,"href":"https:\/\/reisepassfuhrer.com\/cs\/wp-json\/wp\/v2\/product_brand?post=3216"},{"taxonomy":"product_cat","embeddable":true,"href":"https:\/\/reisepassfuhrer.com\/cs\/wp-json\/wp\/v2\/product_cat?post=3216"},{"taxonomy":"product_tag","embeddable":true,"href":"https:\/\/reisepassfuhrer.com\/cs\/wp-json\/wp\/v2\/product_tag?post=3216"}],"curies":[{"name":"wp","href":"https:\/\/api.w.org\/{rel}","templated":true}]}}