{"id":3219,"date":"2025-09-12T11:21:04","date_gmt":"2025-09-12T11:21:04","guid":{"rendered":"https:\/\/reisepassfuhrer.com\/?post_type=product&#038;p=3219"},"modified":"2025-09-12T11:21:05","modified_gmt":"2025-09-12T11:21:05","slug":"wunschkennzeichen-berlin","status":"publish","type":"product","link":"https:\/\/reisepassfuhrer.com\/cs\/product\/poznavaci-znacka-berlin\/","title":{"rendered":"Pozn\u00e1vac\u00ed zna\u010dky Berl\u00edn"},"content":{"rendered":"<h3 data-start=\"225\" data-end=\"295\">P\u0159izp\u016fsoben\u00e9 registra\u010dn\u00ed zna\u010dky Berl\u00edn - Va\u0161e registra\u010dn\u00ed zna\u010dka, Va\u0161e osobnost!<\/h3>\n<p data-start=\"297\" data-end=\"571\">Chcete sv\u00e9mu vozidlu dodat osobn\u00ed vzhled? Pak si po\u0159i\u010fte <strong data-start=\"373\" data-end=\"404\">Pozn\u00e1vac\u00ed zna\u010dky v Berl\u00edn\u011b<\/strong> to prav\u00e9 pro v\u00e1s! S na\u0161\u00ed rychlou a snadnou online rezervac\u00ed si m\u016f\u017eete zajistit svou osobn\u00ed pozn\u00e1vac\u00ed zna\u010dku - <strong data-start=\"538\" data-end=\"570\">z pohodl\u00ed domova<\/strong>.<\/p>\n<hr data-start=\"573\" data-end=\"576\" \/>\n<h3 data-start=\"578\" data-end=\"620\">Pro\u010d osobn\u00ed registra\u010dn\u00ed zna\u010dka v Berl\u00edn\u011b?<\/h3>\n<p data-start=\"622\" data-end=\"849\">\u2714 <strong data-start=\"624\" data-end=\"666\">Jedine\u010dnost a hodnota uzn\u00e1n\u00ed<\/strong><br data-start=\"666\" data-end=\"669\" \/>A\u0165 u\u017e se jedn\u00e1 o inici\u00e1ly, datum narozen\u00ed nebo obl\u00edbenou kombinaci - s <strong data-start=\"728\" data-end=\"757\">individu\u00e1ln\u00ed pozn\u00e1vac\u00ed zna\u010dka<\/strong> ud\u011blat sv\u016fj v\u016fz nebo motocykl jedine\u010dn\u00fdm. Uka\u017ete svou osobnost v ulic\u00edch Berl\u00edna!<\/p>\n<p data-start=\"851\" data-end=\"1081\">\u2714 <strong data-start=\"853\" data-end=\"885\">Jednoduch\u00e1 online rezervace<\/strong><br data-start=\"885\" data-end=\"888\" \/>U\u0161et\u0159ete si dlouh\u00e9 \u010dek\u00e1n\u00ed na \u00fa\u0159ad\u011b! S na\u0161\u00ed u\u017eivatelsky p\u0159\u00edv\u011btivou slu\u017ebou si m\u016f\u017eete zorganizovat sv\u00e9 <strong data-start=\"982\" data-end=\"1029\">Rezervujte si berl\u00ednskou pozn\u00e1vac\u00ed zna\u010dku online<\/strong>, zkontrolovat a p\u0159\u00edmo ulo\u017eit - na n\u011bkolik kliknut\u00ed.<\/p>\n<p data-start=\"1083\" data-end=\"1264\">\u2714 <strong data-start=\"1085\" data-end=\"1130\">Ofici\u00e1ln\u00ed registra\u010dn\u00ed centrum &amp; 100 % leg\u00e1ln\u00ed<\/strong><br data-start=\"1130\" data-end=\"1133\" \/>Na\u0161e platforma je p\u0159\u00edmo napojena na berl\u00ednsk\u00e9 \u00fa\u0159ady. Obdr\u017e\u00edte <strong data-start=\"1215\" data-end=\"1245\">Rezervace v souladu s pr\u00e1vn\u00edmi p\u0159edpisy<\/strong>, bez jak\u00fdchkoli obj\u00ed\u017ed\u011bk.<\/p>\n<p data-start=\"1266\" data-end=\"1450\">\u2714 <strong data-start=\"1268\" data-end=\"1293\">Rychl\u00e9 a spolehliv\u00e9<\/strong><br data-start=\"1293\" data-end=\"1296\" \/>Rezervujte si svou registra\u010dn\u00ed zna\u010dku je\u0161t\u011b dnes a obdr\u017e\u00edte ji p\u0159\u00edmo na vy\u017e\u00e1d\u00e1n\u00ed <strong data-start=\"1363\" data-end=\"1401\">s vysoce kvalitn\u00edm potiskem pozn\u00e1vac\u00edch zna\u010dek<\/strong> doru\u010deny a\u017e k v\u00e1m dom\u016f - v\u010detn\u011b expresn\u00edho doru\u010den\u00ed.<\/p>\n<p data-start=\"1452\" data-end=\"1606\">\u2714 <strong data-start=\"1454\" data-end=\"1497\">P\u0159\u00edzniv\u00e9 ceny a transparentn\u00ed poplatky<\/strong><br data-start=\"1497\" data-end=\"1500\" \/>\u017d\u00e1dn\u00e9 skryt\u00e9 n\u00e1klady! S n\u00e1mi v\u00edte, co plat\u00edte, hned od za\u010d\u00e1tku - je to f\u00e9rov\u00e9, transparentn\u00ed a cenov\u011b dostupn\u00e9.<\/p>\n<hr data-start=\"1608\" data-end=\"1611\" \/>\n<h3 data-start=\"1613\" data-end=\"1635\">Funguje to takto:<\/h3>\n<ol data-start=\"1637\" data-end=\"1806\">\n<li data-start=\"1637\" data-end=\"1662\">\n<p data-start=\"1640\" data-end=\"1662\">Ov\u011b\u0159it dostupnost<\/p>\n<\/li>\n<li data-start=\"1663\" data-end=\"1695\">\n<p data-start=\"1666\" data-end=\"1695\">Vyberte po\u017eadovanou kombinaci<\/p>\n<\/li>\n<li data-start=\"1696\" data-end=\"1734\">\n<p data-start=\"1699\" data-end=\"1734\">Rezervace a zabezpe\u010den\u00ed SPZ<\/p>\n<\/li>\n<li data-start=\"1735\" data-end=\"1775\">\n<p data-start=\"1738\" data-end=\"1775\">Voliteln\u011b: Objednejte si registra\u010dn\u00ed zna\u010dky<\/p>\n<\/li>\n<li data-start=\"1776\" data-end=\"1806\">\n<p data-start=\"1779\" data-end=\"1806\">Zaregistrujte sv\u00e9 vozidlo - hotovo!<\/p>\n<\/li>\n<\/ol>\n<hr data-start=\"1808\" data-end=\"1811\" \/>\n<h3 data-start=\"1813\" data-end=\"1863\">Uka\u017ete styl s berl\u00ednskou pozn\u00e1vac\u00ed zna\u010dkou<\/h3>\n<p data-start=\"1865\" data-end=\"2099\">P\u0159izp\u016fsobte si sv\u016fj ka\u017edodenn\u00ed \u017eivot - s pozn\u00e1vac\u00ed zna\u010dkou, kter\u00e1 v\u00e1m vyhovuje. A\u0165 u\u017e klasickou, kreativn\u00ed nebo cool: V Berl\u00edn\u011b je mo\u017en\u00e9 v\u0161echno. Rezervujte si nyn\u00ed a <strong data-start=\"2035\" data-end=\"2098\">j\u00edt p\u0159\u00edkladem - v berl\u00ednsk\u00fdch ulic\u00edch i mimo n\u011b.<\/strong>!<\/p>","protected":false},"excerpt":{"rendered":"<p>Wunschkennzeichen Berlin \u2013 Dein Kennzeichen, Deine Pers\u00f6nlichkeit! Du willst deinem Fahrzeug einen individuellen Touch verleihen? Dann ist ein Wunschkennzeichen in Berlin genau das Richtige f\u00fcr dich! Mit unserer einfachen und schnellen Online-Reservierung sicherst du dir dein pers\u00f6nliches Kennzeichen \u2013 ganz bequem von zu Hause aus. Warum ein Wunschkennzeichen in Berlin? \u2714 Einzigartigkeit &amp; WiedererkennungswertOb Initialen, [&hellip;]<\/p>","protected":false},"featured_media":3221,"comment_status":"open","ping_status":"closed","template":"","meta":[],"product_brand":[],"product_cat":[44],"product_tag":[],"class_list":{"0":"post-3219","1":"product","2":"type-product","3":"status-publish","4":"has-post-thumbnail","6":"product_cat-uncategorized","8":"first","9":"instock","10":"shipping-taxable","11":"product-type-simple"},"yoast_head":"<!-- This site is optimized with the Yoast SEO Premium plugin v22.2 (Yoast SEO v26.2) - https:\/\/yoast.com\/wordpress\/plugins\/seo\/ -->\n<title>Wunschkennzeichen Berlin - Reisepassfuhrer<\/title>\n<meta name=\"robots\" content=\"noindex, follow, max-snippet:-1, max-image-preview:large, max-video-preview:-1\" \/>\n<meta property=\"og:locale\" content=\"cs_CZ\" \/>\n<meta property=\"og:type\" content=\"article\" \/>\n<meta property=\"og:title\" content=\"Wunschkennzeichen Berlin\" \/>\n<meta property=\"og:description\" content=\"Wunschkennzeichen Berlin \u2013 Dein Kennzeichen, Deine Pers\u00f6nlichkeit! Du willst deinem Fahrzeug einen individuellen Touch verleihen? Dann ist ein Wunschkennzeichen in Berlin genau das Richtige f\u00fcr dich! Mit unserer einfachen und schnellen Online-Reservierung sicherst du dir dein pers\u00f6nliches Kennzeichen \u2013 ganz bequem von zu Hause aus. Warum ein Wunschkennzeichen in Berlin? \u2714 Einzigartigkeit &amp; WiedererkennungswertOb Initialen, [&hellip;]\" \/>\n<meta property=\"og:url\" content=\"https:\/\/reisepassfuhrer.com\/cs\/product\/poznavaci-znacka-berlin\/\" \/>\n<meta property=\"og:site_name\" content=\"Reisepassfuhrer\" \/>\n<meta property=\"article:modified_time\" content=\"2025-09-12T11:21:05+00:00\" \/>\n<meta property=\"og:image\" content=\"http:\/\/reisepassfuhrer.com\/wp-content\/uploads\/2025\/09\/download-97.jpeg\" \/>\n\t<meta property=\"og:image:width\" content=\"275\" \/>\n\t<meta property=\"og:image:height\" content=\"183\" \/>\n\t<meta property=\"og:image:type\" content=\"image\/jpeg\" \/>\n<meta name=\"twitter:card\" content=\"summary_large_image\" \/>\n<meta name=\"twitter:label1\" content=\"Odhadovan\u00e1 doba \u010dten\u00ed\" \/>\n\t<meta name=\"twitter:data1\" content=\"2 minuty\" \/>\n<script type=\"application\/ld+json\" class=\"yoast-schema-graph\">{\"@context\":\"https:\/\/schema.org\",\"@graph\":[{\"@type\":\"WebPage\",\"@id\":\"https:\/\/reisepassfuhrer.com\/product\/wunschkennzeichen-berlin\/\",\"url\":\"https:\/\/reisepassfuhrer.com\/product\/wunschkennzeichen-berlin\/\",\"name\":\"Wunschkennzeichen Berlin - Reisepassfuhrer\",\"isPartOf\":{\"@id\":\"https:\/\/reisepassfuhrer.com\/#website\"},\"primaryImageOfPage\":{\"@id\":\"https:\/\/reisepassfuhrer.com\/product\/wunschkennzeichen-berlin\/#primaryimage\"},\"image\":{\"@id\":\"https:\/\/reisepassfuhrer.com\/product\/wunschkennzeichen-berlin\/#primaryimage\"},\"thumbnailUrl\":\"https:\/\/reisepassfuhrer.com\/wp-content\/uploads\/2025\/09\/download-97.jpeg\",\"datePublished\":\"2025-09-12T11:21:04+00:00\",\"dateModified\":\"2025-09-12T11:21:05+00:00\",\"breadcrumb\":{\"@id\":\"https:\/\/reisepassfuhrer.com\/product\/wunschkennzeichen-berlin\/#breadcrumb\"},\"inLanguage\":\"cs\",\"potentialAction\":[{\"@type\":\"ReadAction\",\"target\":[\"https:\/\/reisepassfuhrer.com\/product\/wunschkennzeichen-berlin\/\"]}]},{\"@type\":\"ImageObject\",\"inLanguage\":\"cs\",\"@id\":\"https:\/\/reisepassfuhrer.com\/product\/wunschkennzeichen-berlin\/#primaryimage\",\"url\":\"https:\/\/reisepassfuhrer.com\/wp-content\/uploads\/2025\/09\/download-97.jpeg\",\"contentUrl\":\"https:\/\/reisepassfuhrer.com\/wp-content\/uploads\/2025\/09\/download-97.jpeg\",\"width\":275,\"height\":183},{\"@type\":\"BreadcrumbList\",\"@id\":\"https:\/\/reisepassfuhrer.com\/product\/wunschkennzeichen-berlin\/#breadcrumb\",\"itemListElement\":[{\"@type\":\"ListItem\",\"position\":1,\"name\":\"Home\",\"item\":\"https:\/\/reisepassfuhrer.com\/\"},{\"@type\":\"ListItem\",\"position\":2,\"name\":\"Shop\",\"item\":\"https:\/\/reisepassfuhrer.com\/shop\/\"},{\"@type\":\"ListItem\",\"position\":3,\"name\":\"Wunschkennzeichen Berlin\"}]},{\"@type\":\"WebSite\",\"@id\":\"https:\/\/reisepassfuhrer.com\/#website\",\"url\":\"https:\/\/reisepassfuhrer.com\/\",\"name\":\"Reisepassfuhrer\",\"description\":\"Reisepass Beantragen Berlin\",\"publisher\":{\"@id\":\"https:\/\/reisepassfuhrer.com\/#organization\"},\"potentialAction\":[{\"@type\":\"SearchAction\",\"target\":{\"@type\":\"EntryPoint\",\"urlTemplate\":\"https:\/\/reisepassfuhrer.com\/?s={search_term_string}\"},\"query-input\":{\"@type\":\"PropertyValueSpecification\",\"valueRequired\":true,\"valueName\":\"search_term_string\"}}],\"inLanguage\":\"cs\"},{\"@type\":\"Organization\",\"@id\":\"https:\/\/reisepassfuhrer.com\/#organization\",\"name\":\"Reisepassfuhrer\",\"url\":\"https:\/\/reisepassfuhrer.com\/\",\"logo\":{\"@type\":\"ImageObject\",\"inLanguage\":\"cs\",\"@id\":\"https:\/\/reisepassfuhrer.com\/#\/schema\/logo\/image\/\",\"url\":\"https:\/\/reisepassfuhrer.com\/wp-content\/uploads\/2024\/03\/Reisepassfuhrer-logo.png\",\"contentUrl\":\"https:\/\/reisepassfuhrer.com\/wp-content\/uploads\/2024\/03\/Reisepassfuhrer-logo.png\",\"width\":112,\"height\":112,\"caption\":\"Reisepassfuhrer\"},\"image\":{\"@id\":\"https:\/\/reisepassfuhrer.com\/#\/schema\/logo\/image\/\"}}]}<\/script>\n<!-- \/ Yoast SEO Premium plugin. -->","yoast_head_json":{"title":"Berl\u00ednsk\u00e9 tabulky s logem - Pr\u016fvodce pasem","robots":{"index":"noindex","follow":"follow","max-snippet":"max-snippet:-1","max-image-preview":"max-image-preview:large","max-video-preview":"max-video-preview:-1"},"og_locale":"cs_CZ","og_type":"article","og_title":"Wunschkennzeichen Berlin","og_description":"Wunschkennzeichen Berlin \u2013 Dein Kennzeichen, Deine Pers\u00f6nlichkeit! Du willst deinem Fahrzeug einen individuellen Touch verleihen? Dann ist ein Wunschkennzeichen in Berlin genau das Richtige f\u00fcr dich! Mit unserer einfachen und schnellen Online-Reservierung sicherst du dir dein pers\u00f6nliches Kennzeichen \u2013 ganz bequem von zu Hause aus. Warum ein Wunschkennzeichen in Berlin? \u2714 Einzigartigkeit &amp; WiedererkennungswertOb Initialen, [&hellip;]","og_url":"https:\/\/reisepassfuhrer.com\/cs\/product\/poznavaci-znacka-berlin\/","og_site_name":"Reisepassfuhrer","article_modified_time":"2025-09-12T11:21:05+00:00","og_image":[{"width":275,"height":183,"url":"http:\/\/reisepassfuhrer.com\/wp-content\/uploads\/2025\/09\/download-97.jpeg","type":"image\/jpeg"}],"twitter_card":"summary_large_image","twitter_misc":{"Odhadovan\u00e1 doba \u010dten\u00ed":"2 minuty"},"schema":{"@context":"https:\/\/schema.org","@graph":[{"@type":"WebPage","@id":"https:\/\/reisepassfuhrer.com\/product\/wunschkennzeichen-berlin\/","url":"https:\/\/reisepassfuhrer.com\/product\/wunschkennzeichen-berlin\/","name":"Berl\u00ednsk\u00e9 tabulky s logem - Pr\u016fvodce pasem","isPartOf":{"@id":"https:\/\/reisepassfuhrer.com\/#website"},"primaryImageOfPage":{"@id":"https:\/\/reisepassfuhrer.com\/product\/wunschkennzeichen-berlin\/#primaryimage"},"image":{"@id":"https:\/\/reisepassfuhrer.com\/product\/wunschkennzeichen-berlin\/#primaryimage"},"thumbnailUrl":"https:\/\/reisepassfuhrer.com\/wp-content\/uploads\/2025\/09\/download-97.jpeg","datePublished":"2025-09-12T11:21:04+00:00","dateModified":"2025-09-12T11:21:05+00:00","breadcrumb":{"@id":"https:\/\/reisepassfuhrer.com\/product\/wunschkennzeichen-berlin\/#breadcrumb"},"inLanguage":"cs","potentialAction":[{"@type":"ReadAction","target":["https:\/\/reisepassfuhrer.com\/product\/wunschkennzeichen-berlin\/"]}]},{"@type":"ImageObject","inLanguage":"cs","@id":"https:\/\/reisepassfuhrer.com\/product\/wunschkennzeichen-berlin\/#primaryimage","url":"https:\/\/reisepassfuhrer.com\/wp-content\/uploads\/2025\/09\/download-97.jpeg","contentUrl":"https:\/\/reisepassfuhrer.com\/wp-content\/uploads\/2025\/09\/download-97.jpeg","width":275,"height":183},{"@type":"BreadcrumbList","@id":"https:\/\/reisepassfuhrer.com\/product\/wunschkennzeichen-berlin\/#breadcrumb","itemListElement":[{"@type":"ListItem","position":1,"name":"Home","item":"https:\/\/reisepassfuhrer.com\/"},{"@type":"ListItem","position":2,"name":"Shop","item":"https:\/\/reisepassfuhrer.com\/shop\/"},{"@type":"ListItem","position":3,"name":"Wunschkennzeichen Berlin"}]},{"@type":"WebSite","@id":"https:\/\/reisepassfuhrer.com\/#website","url":"https:\/\/reisepassfuhrer.com\/","name":"Pr\u016fvodce pasem","description":"\u017d\u00e1dost o cestovn\u00ed pas Berl\u00edn","publisher":{"@id":"https:\/\/reisepassfuhrer.com\/#organization"},"potentialAction":[{"@type":"SearchAction","target":{"@type":"EntryPoint","urlTemplate":"https:\/\/reisepassfuhrer.com\/?s={search_term_string}"},"query-input":{"@type":"PropertyValueSpecification","valueRequired":true,"valueName":"search_term_string"}}],"inLanguage":"cs"},{"@type":"Organization","@id":"https:\/\/reisepassfuhrer.com\/#organization","name":"Pr\u016fvodce pasem","url":"https:\/\/reisepassfuhrer.com\/","logo":{"@type":"ImageObject","inLanguage":"cs","@id":"https:\/\/reisepassfuhrer.com\/#\/schema\/logo\/image\/","url":"https:\/\/reisepassfuhrer.com\/wp-content\/uploads\/2024\/03\/Reisepassfuhrer-logo.png","contentUrl":"https:\/\/reisepassfuhrer.com\/wp-content\/uploads\/2024\/03\/Reisepassfuhrer-logo.png","width":112,"height":112,"caption":"Reisepassfuhrer"},"image":{"@id":"https:\/\/reisepassfuhrer.com\/#\/schema\/logo\/image\/"}}]}},"_links":{"self":[{"href":"https:\/\/reisepassfuhrer.com\/cs\/wp-json\/wp\/v2\/product\/3219","targetHints":{"allow":["GET"]}}],"collection":[{"href":"https:\/\/reisepassfuhrer.com\/cs\/wp-json\/wp\/v2\/product"}],"about":[{"href":"https:\/\/reisepassfuhrer.com\/cs\/wp-json\/wp\/v2\/types\/product"}],"replies":[{"embeddable":true,"href":"https:\/\/reisepassfuhrer.com\/cs\/wp-json\/wp\/v2\/comments?post=3219"}],"wp:featuredmedia":[{"embeddable":true,"href":"https:\/\/reisepassfuhrer.com\/cs\/wp-json\/wp\/v2\/media\/3221"}],"wp:attachment":[{"href":"https:\/\/reisepassfuhrer.com\/cs\/wp-json\/wp\/v2\/media?parent=3219"}],"wp:term":[{"taxonomy":"product_brand","embeddable":true,"href":"https:\/\/reisepassfuhrer.com\/cs\/wp-json\/wp\/v2\/product_brand?post=3219"},{"taxonomy":"product_cat","embeddable":true,"href":"https:\/\/reisepassfuhrer.com\/cs\/wp-json\/wp\/v2\/product_cat?post=3219"},{"taxonomy":"product_tag","embeddable":true,"href":"https:\/\/reisepassfuhrer.com\/cs\/wp-json\/wp\/v2\/product_tag?post=3219"}],"curies":[{"name":"wp","href":"https:\/\/api.w.org\/{rel}","templated":true}]}}