{"id":3253,"date":"2025-11-26T16:09:15","date_gmt":"2025-11-26T16:09:15","guid":{"rendered":"https:\/\/reisepassfuhrer.com\/?post_type=product&#038;p=3253"},"modified":"2025-11-26T16:09:16","modified_gmt":"2025-11-26T16:09:16","slug":"rumaenischer-fuehrerschein","status":"publish","type":"product","link":"https:\/\/reisepassfuhrer.com\/cs\/product\/rumunsky-ridicsky-prukaz\/","title":{"rendered":"Rumunsk\u00fd \u0159idi\u010dsk\u00fd pr\u016fkaz"},"content":{"rendered":"<p data-start=\"225\" data-end=\"285\"><strong data-start=\"225\" data-end=\"285\">Rumunsk\u00fd \u0159idi\u010dsk\u00fd pr\u016fkaz - rychl\u00fd, bezpe\u010dn\u00fd a uzn\u00e1van\u00fd<\/strong><\/p>\n<p data-start=\"287\" data-end=\"612\">Za\u017eijte svobodu mobiln\u00edho telefonu s na\u0161\u00ed vysoce kvalitn\u00ed <strong data-start=\"353\" data-end=\"381\">Rumunsk\u00fd \u0159idi\u010dsk\u00fd pr\u016fkaz<\/strong>. Ide\u00e1ln\u00ed pro ka\u017ed\u00e9ho, kdo chce rychle, snadno a leg\u00e1ln\u011b z\u00edskat \u0159idi\u010dsk\u00fd pr\u016fkaz. N\u00e1\u0161 produkt znamen\u00e1 <strong data-start=\"508\" data-end=\"560\">Spolehlivost, diskr\u00e9tnost a nejvy\u0161\u0161\u00ed kvalita<\/strong>, abyste byli na cest\u00e1ch v bezpe\u010d\u00ed a bez stresu.<\/p>\n<p data-start=\"614\" data-end=\"941\">Na str\u00e1nk\u00e1ch <strong data-start=\"618\" data-end=\"645\">Rumunsk\u00fd \u0159idi\u010dsk\u00fd pr\u016fkaz<\/strong> se vyzna\u010duje ofici\u00e1ln\u00edm uzn\u00e1n\u00edm v Evropsk\u00e9 unii a umo\u017e\u0148uje v\u00e1m <strong data-start=\"750\" data-end=\"816\">leg\u00e1ln\u00ed silni\u010dn\u00ed doprava v N\u011bmecku a dal\u0161\u00edch zem\u00edch EU.<\/strong>. D\u00edky modern\u00edmu bezpe\u010dnostn\u00edmu standardu je odoln\u00fd proti pad\u011bl\u00e1n\u00ed a spl\u0148uje v\u0161echny sou\u010dasn\u00e9 pr\u00e1vn\u00ed po\u017eadavky.<\/p>\n<p data-start=\"943\" data-end=\"1214\">S na\u0161\u00ed slu\u017ebou m\u016f\u017eete vyu\u017e\u00edt <strong data-start=\"983\" data-end=\"1008\">Rychl\u00e9 zpracov\u00e1n\u00ed<\/strong>, jednoduch\u00e9 objedn\u00e1n\u00ed a diskr\u00e9tn\u00ed doru\u010den\u00ed p\u0159\u00edmo k v\u00e1m dom\u016f. Zvl\u00e1\u0161tn\u00ed d\u016fraz klademe na <strong data-start=\"1119\" data-end=\"1142\">Spokojenost z\u00e1kazn\u00edk\u016f<\/strong>, abyste se mohli kdykoli spolehnout na profesion\u00e1ln\u00ed podporu.<\/p>\n<p data-start=\"1216\" data-end=\"1559\">A\u0165 u\u017e pro profesion\u00e1ln\u00ed pou\u017eit\u00ed, dovolenou nebo dlouhodobou mobilitu - <strong data-start=\"1293\" data-end=\"1320\">Rumunsk\u00fd \u0159idi\u010dsk\u00fd pr\u016fkaz<\/strong> nab\u00edz\u00ed maxim\u00e1ln\u00ed flexibilitu a zaji\u0161\u0165uje okam\u017eitou mobilitu. Optimalizov\u00e1no pro <strong data-start=\"1415\" data-end=\"1430\">N\u00e1kup online<\/strong>, n\u00e1\u0161 produkt je ide\u00e1ln\u00ed volbou pro v\u0161echny, kte\u0159\u00ed <strong data-start=\"1482\" data-end=\"1549\">Spolehliv\u00e9, kvalitn\u00ed a pr\u00e1vn\u011b uzn\u00e1van\u00e9 \u0159idi\u010dsk\u00e9 pr\u016fkazy<\/strong> vyhled\u00e1v\u00e1n\u00ed.<\/p>","protected":false},"excerpt":{"rendered":"<p>Rum\u00e4nischer F\u00fchrerschein \u2013 Schnell, Sicher und Anerkannt Erleben Sie die Freiheit, mobil zu sein, mit unserem hochwertigen rum\u00e4nischen F\u00fchrerschein. Ideal f\u00fcr alle, die ihre Fahrlizenz schnell, unkompliziert und rechtlich anerkannt erhalten m\u00f6chten. Unser Produkt steht f\u00fcr Zuverl\u00e4ssigkeit, Diskretion und h\u00f6chste Qualit\u00e4t, sodass Sie stressfrei und sicher unterwegs sind. Der rum\u00e4nische F\u00fchrerschein zeichnet sich durch seine [&hellip;]<\/p>","protected":false},"featured_media":3255,"comment_status":"open","ping_status":"closed","template":"","meta":[],"product_brand":[],"product_cat":[44],"product_tag":[],"class_list":{"0":"post-3253","1":"product","2":"type-product","3":"status-publish","4":"has-post-thumbnail","6":"product_cat-uncategorized","8":"first","9":"instock","10":"shipping-taxable","11":"product-type-simple"},"yoast_head":"<!-- This site is optimized with the Yoast SEO Premium plugin v22.2 (Yoast SEO v26.2) - https:\/\/yoast.com\/wordpress\/plugins\/seo\/ -->\n<title>Rum\u00e4nischer F\u00fchrerschein - Reisepassfuhrer<\/title>\n<meta name=\"robots\" content=\"noindex, follow, max-snippet:-1, max-image-preview:large, max-video-preview:-1\" \/>\n<meta property=\"og:locale\" content=\"cs_CZ\" \/>\n<meta property=\"og:type\" content=\"article\" \/>\n<meta property=\"og:title\" content=\"Rum\u00e4nischer F\u00fchrerschein\" \/>\n<meta property=\"og:description\" content=\"Rum\u00e4nischer F\u00fchrerschein \u2013 Schnell, Sicher und Anerkannt Erleben Sie die Freiheit, mobil zu sein, mit unserem hochwertigen rum\u00e4nischen F\u00fchrerschein. Ideal f\u00fcr alle, die ihre Fahrlizenz schnell, unkompliziert und rechtlich anerkannt erhalten m\u00f6chten. Unser Produkt steht f\u00fcr Zuverl\u00e4ssigkeit, Diskretion und h\u00f6chste Qualit\u00e4t, sodass Sie stressfrei und sicher unterwegs sind. Der rum\u00e4nische F\u00fchrerschein zeichnet sich durch seine [&hellip;]\" \/>\n<meta property=\"og:url\" content=\"https:\/\/reisepassfuhrer.com\/cs\/product\/rumunsky-ridicsky-prukaz\/\" \/>\n<meta property=\"og:site_name\" content=\"Reisepassfuhrer\" \/>\n<meta property=\"article:modified_time\" content=\"2025-11-26T16:09:16+00:00\" \/>\n<meta property=\"og:image\" content=\"http:\/\/reisepassfuhrer.com\/wp-content\/uploads\/2025\/11\/download-11.jpg\" \/>\n\t<meta property=\"og:image:width\" content=\"289\" \/>\n\t<meta property=\"og:image:height\" content=\"174\" \/>\n\t<meta property=\"og:image:type\" content=\"image\/jpeg\" \/>\n<meta name=\"twitter:card\" content=\"summary_large_image\" \/>\n<meta name=\"twitter:label1\" content=\"Odhadovan\u00e1 doba \u010dten\u00ed\" \/>\n\t<meta name=\"twitter:data1\" content=\"1 minuta\" \/>\n<script type=\"application\/ld+json\" class=\"yoast-schema-graph\">{\"@context\":\"https:\/\/schema.org\",\"@graph\":[{\"@type\":\"WebPage\",\"@id\":\"https:\/\/reisepassfuhrer.com\/product\/rumaenischer-fuehrerschein\/\",\"url\":\"https:\/\/reisepassfuhrer.com\/product\/rumaenischer-fuehrerschein\/\",\"name\":\"Rum\u00e4nischer F\u00fchrerschein - Reisepassfuhrer\",\"isPartOf\":{\"@id\":\"https:\/\/reisepassfuhrer.com\/#website\"},\"primaryImageOfPage\":{\"@id\":\"https:\/\/reisepassfuhrer.com\/product\/rumaenischer-fuehrerschein\/#primaryimage\"},\"image\":{\"@id\":\"https:\/\/reisepassfuhrer.com\/product\/rumaenischer-fuehrerschein\/#primaryimage\"},\"thumbnailUrl\":\"https:\/\/reisepassfuhrer.com\/wp-content\/uploads\/2025\/11\/download-11.jpg\",\"datePublished\":\"2025-11-26T16:09:15+00:00\",\"dateModified\":\"2025-11-26T16:09:16+00:00\",\"breadcrumb\":{\"@id\":\"https:\/\/reisepassfuhrer.com\/product\/rumaenischer-fuehrerschein\/#breadcrumb\"},\"inLanguage\":\"cs\",\"potentialAction\":[{\"@type\":\"ReadAction\",\"target\":[\"https:\/\/reisepassfuhrer.com\/product\/rumaenischer-fuehrerschein\/\"]}]},{\"@type\":\"ImageObject\",\"inLanguage\":\"cs\",\"@id\":\"https:\/\/reisepassfuhrer.com\/product\/rumaenischer-fuehrerschein\/#primaryimage\",\"url\":\"https:\/\/reisepassfuhrer.com\/wp-content\/uploads\/2025\/11\/download-11.jpg\",\"contentUrl\":\"https:\/\/reisepassfuhrer.com\/wp-content\/uploads\/2025\/11\/download-11.jpg\",\"width\":289,\"height\":174},{\"@type\":\"BreadcrumbList\",\"@id\":\"https:\/\/reisepassfuhrer.com\/product\/rumaenischer-fuehrerschein\/#breadcrumb\",\"itemListElement\":[{\"@type\":\"ListItem\",\"position\":1,\"name\":\"Home\",\"item\":\"https:\/\/reisepassfuhrer.com\/\"},{\"@type\":\"ListItem\",\"position\":2,\"name\":\"Shop\",\"item\":\"https:\/\/reisepassfuhrer.com\/shop\/\"},{\"@type\":\"ListItem\",\"position\":3,\"name\":\"Rum\u00e4nischer F\u00fchrerschein\"}]},{\"@type\":\"WebSite\",\"@id\":\"https:\/\/reisepassfuhrer.com\/#website\",\"url\":\"https:\/\/reisepassfuhrer.com\/\",\"name\":\"Reisepassfuhrer\",\"description\":\"Reisepass Beantragen Berlin\",\"publisher\":{\"@id\":\"https:\/\/reisepassfuhrer.com\/#organization\"},\"potentialAction\":[{\"@type\":\"SearchAction\",\"target\":{\"@type\":\"EntryPoint\",\"urlTemplate\":\"https:\/\/reisepassfuhrer.com\/?s={search_term_string}\"},\"query-input\":{\"@type\":\"PropertyValueSpecification\",\"valueRequired\":true,\"valueName\":\"search_term_string\"}}],\"inLanguage\":\"cs\"},{\"@type\":\"Organization\",\"@id\":\"https:\/\/reisepassfuhrer.com\/#organization\",\"name\":\"Reisepassfuhrer\",\"url\":\"https:\/\/reisepassfuhrer.com\/\",\"logo\":{\"@type\":\"ImageObject\",\"inLanguage\":\"cs\",\"@id\":\"https:\/\/reisepassfuhrer.com\/#\/schema\/logo\/image\/\",\"url\":\"https:\/\/reisepassfuhrer.com\/wp-content\/uploads\/2024\/03\/Reisepassfuhrer-logo.png\",\"contentUrl\":\"https:\/\/reisepassfuhrer.com\/wp-content\/uploads\/2024\/03\/Reisepassfuhrer-logo.png\",\"width\":112,\"height\":112,\"caption\":\"Reisepassfuhrer\"},\"image\":{\"@id\":\"https:\/\/reisepassfuhrer.com\/#\/schema\/logo\/image\/\"}}]}<\/script>\n<!-- \/ Yoast SEO Premium plugin. -->","yoast_head_json":{"title":"Rumunsk\u00fd \u0159idi\u010dsk\u00fd pr\u016fkaz - dr\u017eitel pasu","robots":{"index":"noindex","follow":"follow","max-snippet":"max-snippet:-1","max-image-preview":"max-image-preview:large","max-video-preview":"max-video-preview:-1"},"og_locale":"cs_CZ","og_type":"article","og_title":"Rum\u00e4nischer F\u00fchrerschein","og_description":"Rum\u00e4nischer F\u00fchrerschein \u2013 Schnell, Sicher und Anerkannt Erleben Sie die Freiheit, mobil zu sein, mit unserem hochwertigen rum\u00e4nischen F\u00fchrerschein. Ideal f\u00fcr alle, die ihre Fahrlizenz schnell, unkompliziert und rechtlich anerkannt erhalten m\u00f6chten. Unser Produkt steht f\u00fcr Zuverl\u00e4ssigkeit, Diskretion und h\u00f6chste Qualit\u00e4t, sodass Sie stressfrei und sicher unterwegs sind. Der rum\u00e4nische F\u00fchrerschein zeichnet sich durch seine [&hellip;]","og_url":"https:\/\/reisepassfuhrer.com\/cs\/product\/rumunsky-ridicsky-prukaz\/","og_site_name":"Reisepassfuhrer","article_modified_time":"2025-11-26T16:09:16+00:00","og_image":[{"width":289,"height":174,"url":"http:\/\/reisepassfuhrer.com\/wp-content\/uploads\/2025\/11\/download-11.jpg","type":"image\/jpeg"}],"twitter_card":"summary_large_image","twitter_misc":{"Odhadovan\u00e1 doba \u010dten\u00ed":"1 minuta"},"schema":{"@context":"https:\/\/schema.org","@graph":[{"@type":"WebPage","@id":"https:\/\/reisepassfuhrer.com\/product\/rumaenischer-fuehrerschein\/","url":"https:\/\/reisepassfuhrer.com\/product\/rumaenischer-fuehrerschein\/","name":"Rumunsk\u00fd \u0159idi\u010dsk\u00fd pr\u016fkaz - dr\u017eitel pasu","isPartOf":{"@id":"https:\/\/reisepassfuhrer.com\/#website"},"primaryImageOfPage":{"@id":"https:\/\/reisepassfuhrer.com\/product\/rumaenischer-fuehrerschein\/#primaryimage"},"image":{"@id":"https:\/\/reisepassfuhrer.com\/product\/rumaenischer-fuehrerschein\/#primaryimage"},"thumbnailUrl":"https:\/\/reisepassfuhrer.com\/wp-content\/uploads\/2025\/11\/download-11.jpg","datePublished":"2025-11-26T16:09:15+00:00","dateModified":"2025-11-26T16:09:16+00:00","breadcrumb":{"@id":"https:\/\/reisepassfuhrer.com\/product\/rumaenischer-fuehrerschein\/#breadcrumb"},"inLanguage":"cs","potentialAction":[{"@type":"ReadAction","target":["https:\/\/reisepassfuhrer.com\/product\/rumaenischer-fuehrerschein\/"]}]},{"@type":"ImageObject","inLanguage":"cs","@id":"https:\/\/reisepassfuhrer.com\/product\/rumaenischer-fuehrerschein\/#primaryimage","url":"https:\/\/reisepassfuhrer.com\/wp-content\/uploads\/2025\/11\/download-11.jpg","contentUrl":"https:\/\/reisepassfuhrer.com\/wp-content\/uploads\/2025\/11\/download-11.jpg","width":289,"height":174},{"@type":"BreadcrumbList","@id":"https:\/\/reisepassfuhrer.com\/product\/rumaenischer-fuehrerschein\/#breadcrumb","itemListElement":[{"@type":"ListItem","position":1,"name":"Home","item":"https:\/\/reisepassfuhrer.com\/"},{"@type":"ListItem","position":2,"name":"Shop","item":"https:\/\/reisepassfuhrer.com\/shop\/"},{"@type":"ListItem","position":3,"name":"Rum\u00e4nischer F\u00fchrerschein"}]},{"@type":"WebSite","@id":"https:\/\/reisepassfuhrer.com\/#website","url":"https:\/\/reisepassfuhrer.com\/","name":"Pr\u016fvodce pasem","description":"\u017d\u00e1dost o cestovn\u00ed pas Berl\u00edn","publisher":{"@id":"https:\/\/reisepassfuhrer.com\/#organization"},"potentialAction":[{"@type":"SearchAction","target":{"@type":"EntryPoint","urlTemplate":"https:\/\/reisepassfuhrer.com\/?s={search_term_string}"},"query-input":{"@type":"PropertyValueSpecification","valueRequired":true,"valueName":"search_term_string"}}],"inLanguage":"cs"},{"@type":"Organization","@id":"https:\/\/reisepassfuhrer.com\/#organization","name":"Pr\u016fvodce pasem","url":"https:\/\/reisepassfuhrer.com\/","logo":{"@type":"ImageObject","inLanguage":"cs","@id":"https:\/\/reisepassfuhrer.com\/#\/schema\/logo\/image\/","url":"https:\/\/reisepassfuhrer.com\/wp-content\/uploads\/2024\/03\/Reisepassfuhrer-logo.png","contentUrl":"https:\/\/reisepassfuhrer.com\/wp-content\/uploads\/2024\/03\/Reisepassfuhrer-logo.png","width":112,"height":112,"caption":"Reisepassfuhrer"},"image":{"@id":"https:\/\/reisepassfuhrer.com\/#\/schema\/logo\/image\/"}}]}},"_links":{"self":[{"href":"https:\/\/reisepassfuhrer.com\/cs\/wp-json\/wp\/v2\/product\/3253","targetHints":{"allow":["GET"]}}],"collection":[{"href":"https:\/\/reisepassfuhrer.com\/cs\/wp-json\/wp\/v2\/product"}],"about":[{"href":"https:\/\/reisepassfuhrer.com\/cs\/wp-json\/wp\/v2\/types\/product"}],"replies":[{"embeddable":true,"href":"https:\/\/reisepassfuhrer.com\/cs\/wp-json\/wp\/v2\/comments?post=3253"}],"wp:featuredmedia":[{"embeddable":true,"href":"https:\/\/reisepassfuhrer.com\/cs\/wp-json\/wp\/v2\/media\/3255"}],"wp:attachment":[{"href":"https:\/\/reisepassfuhrer.com\/cs\/wp-json\/wp\/v2\/media?parent=3253"}],"wp:term":[{"taxonomy":"product_brand","embeddable":true,"href":"https:\/\/reisepassfuhrer.com\/cs\/wp-json\/wp\/v2\/product_brand?post=3253"},{"taxonomy":"product_cat","embeddable":true,"href":"https:\/\/reisepassfuhrer.com\/cs\/wp-json\/wp\/v2\/product_cat?post=3253"},{"taxonomy":"product_tag","embeddable":true,"href":"https:\/\/reisepassfuhrer.com\/cs\/wp-json\/wp\/v2\/product_tag?post=3253"}],"curies":[{"name":"wp","href":"https:\/\/api.w.org\/{rel}","templated":true}]}}