{"id":3407,"date":"2026-01-07T17:59:14","date_gmt":"2026-01-07T17:59:14","guid":{"rendered":"https:\/\/reisepassfuhrer.com\/?post_type=product&#038;p=3407"},"modified":"2026-01-07T17:59:15","modified_gmt":"2026-01-07T17:59:15","slug":"34-a-schein","status":"publish","type":"product","link":"https:\/\/reisepassfuhrer.com\/cs\/product\/34-a-vzhled\/","title":{"rendered":"34 a Vzhled"},"content":{"rendered":"<p data-start=\"153\" data-end=\"222\">Pros\u00edm, \u0159ekn\u011bte mi stru\u010dn\u011b:<\/p>\n<ol data-start=\"223\" data-end=\"856\">\n<li data-start=\"223\" data-end=\"438\">\n<p data-start=\"226\" data-end=\"246\">Pokud jde o<\/p>\n<ul data-start=\"250\" data-end=\"438\">\n<li data-start=\"250\" data-end=\"295\">\n<p data-start=\"252\" data-end=\"295\">jeden <strong data-start=\"258\" data-end=\"292\">Online kurz \/ p\u0159\u00edpravn\u00fd kurz<\/strong>,<\/p>\n<\/li>\n<li data-start=\"299\" data-end=\"325\">\n<p data-start=\"301\" data-end=\"325\">jeden <strong data-start=\"307\" data-end=\"322\">Kurz v u\u010debn\u011b<\/strong>,<\/p>\n<\/li>\n<li data-start=\"329\" data-end=\"375\">\n<p data-start=\"331\" data-end=\"375\">jeden <strong data-start=\"335\" data-end=\"372\">E-learning + p\u0159\u00edprava na zkou\u0161ky<\/strong>,<\/p>\n<\/li>\n<li data-start=\"379\" data-end=\"438\">\n<p data-start=\"381\" data-end=\"438\">nebo <strong data-start=\"392\" data-end=\"437\">Kompletn\u00ed servis v\u010detn\u011b registrace a vy\u0161et\u0159en\u00ed<\/strong>?<\/p>\n<\/li>\n<\/ul>\n<\/li>\n<li data-start=\"439\" data-end=\"545\">\n<p data-start=\"442\" data-end=\"459\"><strong data-start=\"442\" data-end=\"456\">C\u00edlov\u00e1 skupina<\/strong>:<\/p>\n<ul data-start=\"463\" data-end=\"545\">\n<li data-start=\"463\" data-end=\"490\">\n<p data-start=\"465\" data-end=\"490\">Bezpe\u010dnostn\u00ed person\u00e1l,<\/p>\n<\/li>\n<li data-start=\"494\" data-end=\"513\">\n<p data-start=\"496\" data-end=\"513\">Zm\u011bna kari\u00e9ry,<\/p>\n<\/li>\n<li data-start=\"517\" data-end=\"545\">\n<p data-start=\"519\" data-end=\"545\">Spole\u010dnost \/ zam\u011bstnavatel?<\/p>\n<\/li>\n<\/ul>\n<\/li>\n<li data-start=\"546\" data-end=\"741\">\n<p data-start=\"549\" data-end=\"592\"><strong data-start=\"549\" data-end=\"571\">Zvl\u00e1\u0161tn\u00ed v\u00fdhody<\/strong> (je-li k dispozici):<\/p>\n<ul data-start=\"596\" data-end=\"741\">\n<li data-start=\"596\" data-end=\"611\">\n<p data-start=\"598\" data-end=\"611\">V souladu s IHK<\/p>\n<\/li>\n<li data-start=\"615\" data-end=\"631\">\n<p data-start=\"617\" data-end=\"631\">100 % online<\/p>\n<\/li>\n<li data-start=\"635\" data-end=\"658\">\n<p data-start=\"637\" data-end=\"658\">Rychl\u00fd z\u00e1v\u011br<\/p>\n<\/li>\n<li data-start=\"662\" data-end=\"685\">\n<p data-start=\"664\" data-end=\"685\">Vysok\u00e1 m\u00edra \u00fasp\u011b\u0161nosti<\/p>\n<\/li>\n<li data-start=\"689\" data-end=\"741\">\n<p data-start=\"691\" data-end=\"741\">Platba ve spl\u00e1tk\u00e1ch \/ financov\u00e1n\u00ed (nap\u0159. vzd\u011bl\u00e1vac\u00ed poukaz)<\/p>\n<\/li>\n<\/ul>\n<\/li>\n<li data-start=\"742\" data-end=\"856\">\n<p data-start=\"745\" data-end=\"767\">Po\u017eadovan\u00e9 <strong data-start=\"757\" data-end=\"764\">Zvuk<\/strong>:<\/p>\n<ul data-start=\"771\" data-end=\"856\">\n<li data-start=\"771\" data-end=\"797\">\n<p data-start=\"773\" data-end=\"797\">seri\u00f3zn\u00ed a profesion\u00e1ln\u00ed<\/p>\n<\/li>\n<li data-start=\"801\" data-end=\"825\">\n<p data-start=\"803\" data-end=\"825\">modern\u00ed a motivuj\u00edc\u00ed<\/p>\n<\/li>\n<li data-start=\"829\" data-end=\"856\">\n<p data-start=\"831\" data-end=\"856\">siln\u00fd prodejn\u00ed a emocion\u00e1ln\u00ed<\/p>\n<\/li>\n<\/ul>\n<\/li>\n<\/ol>\n<p data-start=\"858\" data-end=\"1081\" data-is-last-node=\"\" data-is-only-node=\"\">Jakmile budu m\u00edt tyto informace, vytvo\u0159\u00edm <strong data-start=\"904\" data-end=\"981\">popis produktu optimalizovan\u00fd pro SEO v n\u011bm\u010din\u011b o rozsahu p\u0159ibli\u017en\u011b 250 slov.<\/strong>, s jasn\u00fdm USP, p\u0159esv\u011bd\u010div\u00fdm jazykem a relevantn\u00edmi kl\u00ed\u010dov\u00fdmi slovy pro maxim\u00e1ln\u00ed online viditelnost \ud83d\ude80<\/p>","protected":false},"excerpt":{"rendered":"<p>Bitte sag mir kurz: Handelt es sich um einen Onlinekurs \/ Vorbereitungskurs, einen Pr\u00e4senzkurs, ein E-Learning + Pr\u00fcfungsvorbereitung, oder einen Komplettservice inkl. Anmeldung &amp; Pr\u00fcfung? Zielgruppe: Sicherheitsmitarbeiter, Quereinsteiger, Unternehmen \/ Arbeitgeber? Besondere Vorteile (falls vorhanden): IHK-konform 100 % online Schneller Abschluss Hohe Bestehensquote Ratenzahlung \/ F\u00f6rderung (z. B. Bildungsgutschein) Gew\u00fcnschter Ton: seri\u00f6s &amp; professionell modern [&hellip;]<\/p>","protected":false},"featured_media":3159,"comment_status":"open","ping_status":"closed","template":"","meta":[],"product_brand":[],"product_cat":[44],"product_tag":[],"class_list":{"0":"post-3407","1":"product","2":"type-product","3":"status-publish","4":"has-post-thumbnail","6":"product_cat-uncategorized","8":"first","9":"instock","10":"shipping-taxable","11":"purchasable","12":"product-type-simple"},"yoast_head":"<!-- This site is optimized with the Yoast SEO Premium plugin v22.2 (Yoast SEO v26.2) - https:\/\/yoast.com\/wordpress\/plugins\/seo\/ -->\n<title>34 a schein - Reisepassfuhrer<\/title>\n<meta name=\"robots\" content=\"noindex, follow, max-snippet:-1, max-image-preview:large, max-video-preview:-1\" \/>\n<meta property=\"og:locale\" content=\"cs_CZ\" \/>\n<meta property=\"og:type\" content=\"article\" \/>\n<meta property=\"og:title\" content=\"34 a schein\" \/>\n<meta property=\"og:description\" content=\"Bitte sag mir kurz: Handelt es sich um einen Onlinekurs \/ Vorbereitungskurs, einen Pr\u00e4senzkurs, ein E-Learning + Pr\u00fcfungsvorbereitung, oder einen Komplettservice inkl. Anmeldung &amp; Pr\u00fcfung? Zielgruppe: Sicherheitsmitarbeiter, Quereinsteiger, Unternehmen \/ Arbeitgeber? Besondere Vorteile (falls vorhanden): IHK-konform 100 % online Schneller Abschluss Hohe Bestehensquote Ratenzahlung \/ F\u00f6rderung (z. B. Bildungsgutschein) Gew\u00fcnschter Ton: seri\u00f6s &amp; professionell modern [&hellip;]\" \/>\n<meta property=\"og:url\" content=\"https:\/\/reisepassfuhrer.com\/cs\/product\/34-a-vzhled\/\" \/>\n<meta property=\"og:site_name\" content=\"Reisepassfuhrer\" \/>\n<meta property=\"article:modified_time\" content=\"2026-01-07T17:59:15+00:00\" \/>\n<meta property=\"og:image\" content=\"http:\/\/reisepassfuhrer.com\/wp-content\/uploads\/2025\/08\/download-64.jpeg\" \/>\n\t<meta property=\"og:image:width\" content=\"194\" \/>\n\t<meta property=\"og:image:height\" content=\"260\" \/>\n\t<meta property=\"og:image:type\" content=\"image\/jpeg\" \/>\n<meta name=\"twitter:card\" content=\"summary_large_image\" \/>\n<meta name=\"twitter:label1\" content=\"Odhadovan\u00e1 doba \u010dten\u00ed\" \/>\n\t<meta name=\"twitter:data1\" content=\"1 minuta\" \/>\n<script type=\"application\/ld+json\" class=\"yoast-schema-graph\">{\"@context\":\"https:\/\/schema.org\",\"@graph\":[{\"@type\":\"WebPage\",\"@id\":\"https:\/\/reisepassfuhrer.com\/product\/34-a-schein\/\",\"url\":\"https:\/\/reisepassfuhrer.com\/product\/34-a-schein\/\",\"name\":\"34 a schein - Reisepassfuhrer\",\"isPartOf\":{\"@id\":\"https:\/\/reisepassfuhrer.com\/#website\"},\"primaryImageOfPage\":{\"@id\":\"https:\/\/reisepassfuhrer.com\/product\/34-a-schein\/#primaryimage\"},\"image\":{\"@id\":\"https:\/\/reisepassfuhrer.com\/product\/34-a-schein\/#primaryimage\"},\"thumbnailUrl\":\"https:\/\/reisepassfuhrer.com\/wp-content\/uploads\/2025\/08\/download-64.jpeg\",\"datePublished\":\"2026-01-07T17:59:14+00:00\",\"dateModified\":\"2026-01-07T17:59:15+00:00\",\"breadcrumb\":{\"@id\":\"https:\/\/reisepassfuhrer.com\/product\/34-a-schein\/#breadcrumb\"},\"inLanguage\":\"cs\",\"potentialAction\":[{\"@type\":\"ReadAction\",\"target\":[\"https:\/\/reisepassfuhrer.com\/product\/34-a-schein\/\"]}]},{\"@type\":\"ImageObject\",\"inLanguage\":\"cs\",\"@id\":\"https:\/\/reisepassfuhrer.com\/product\/34-a-schein\/#primaryimage\",\"url\":\"https:\/\/reisepassfuhrer.com\/wp-content\/uploads\/2025\/08\/download-64.jpeg\",\"contentUrl\":\"https:\/\/reisepassfuhrer.com\/wp-content\/uploads\/2025\/08\/download-64.jpeg\",\"width\":194,\"height\":260},{\"@type\":\"BreadcrumbList\",\"@id\":\"https:\/\/reisepassfuhrer.com\/product\/34-a-schein\/#breadcrumb\",\"itemListElement\":[{\"@type\":\"ListItem\",\"position\":1,\"name\":\"Home\",\"item\":\"https:\/\/reisepassfuhrer.com\/\"},{\"@type\":\"ListItem\",\"position\":2,\"name\":\"Shop\",\"item\":\"https:\/\/reisepassfuhrer.com\/shop\/\"},{\"@type\":\"ListItem\",\"position\":3,\"name\":\"34 a schein\"}]},{\"@type\":\"WebSite\",\"@id\":\"https:\/\/reisepassfuhrer.com\/#website\",\"url\":\"https:\/\/reisepassfuhrer.com\/\",\"name\":\"Reisepassfuhrer\",\"description\":\"Reisepass Beantragen Berlin\",\"publisher\":{\"@id\":\"https:\/\/reisepassfuhrer.com\/#organization\"},\"potentialAction\":[{\"@type\":\"SearchAction\",\"target\":{\"@type\":\"EntryPoint\",\"urlTemplate\":\"https:\/\/reisepassfuhrer.com\/?s={search_term_string}\"},\"query-input\":{\"@type\":\"PropertyValueSpecification\",\"valueRequired\":true,\"valueName\":\"search_term_string\"}}],\"inLanguage\":\"cs\"},{\"@type\":\"Organization\",\"@id\":\"https:\/\/reisepassfuhrer.com\/#organization\",\"name\":\"Reisepassfuhrer\",\"url\":\"https:\/\/reisepassfuhrer.com\/\",\"logo\":{\"@type\":\"ImageObject\",\"inLanguage\":\"cs\",\"@id\":\"https:\/\/reisepassfuhrer.com\/#\/schema\/logo\/image\/\",\"url\":\"https:\/\/reisepassfuhrer.com\/wp-content\/uploads\/2024\/03\/Reisepassfuhrer-logo.png\",\"contentUrl\":\"https:\/\/reisepassfuhrer.com\/wp-content\/uploads\/2024\/03\/Reisepassfuhrer-logo.png\",\"width\":112,\"height\":112,\"caption\":\"Reisepassfuhrer\"},\"image\":{\"@id\":\"https:\/\/reisepassfuhrer.com\/#\/schema\/logo\/image\/\"}}]}<\/script>\n<!-- \/ Yoast SEO Premium plugin. -->","yoast_head_json":{"title":"34 a schein - dr\u017eitel pasu","robots":{"index":"noindex","follow":"follow","max-snippet":"max-snippet:-1","max-image-preview":"max-image-preview:large","max-video-preview":"max-video-preview:-1"},"og_locale":"cs_CZ","og_type":"article","og_title":"34 a schein","og_description":"Bitte sag mir kurz: Handelt es sich um einen Onlinekurs \/ Vorbereitungskurs, einen Pr\u00e4senzkurs, ein E-Learning + Pr\u00fcfungsvorbereitung, oder einen Komplettservice inkl. Anmeldung &amp; Pr\u00fcfung? Zielgruppe: Sicherheitsmitarbeiter, Quereinsteiger, Unternehmen \/ Arbeitgeber? Besondere Vorteile (falls vorhanden): IHK-konform 100 % online Schneller Abschluss Hohe Bestehensquote Ratenzahlung \/ F\u00f6rderung (z. B. Bildungsgutschein) Gew\u00fcnschter Ton: seri\u00f6s &amp; professionell modern [&hellip;]","og_url":"https:\/\/reisepassfuhrer.com\/cs\/product\/34-a-vzhled\/","og_site_name":"Reisepassfuhrer","article_modified_time":"2026-01-07T17:59:15+00:00","og_image":[{"width":194,"height":260,"url":"http:\/\/reisepassfuhrer.com\/wp-content\/uploads\/2025\/08\/download-64.jpeg","type":"image\/jpeg"}],"twitter_card":"summary_large_image","twitter_misc":{"Odhadovan\u00e1 doba \u010dten\u00ed":"1 minuta"},"schema":{"@context":"https:\/\/schema.org","@graph":[{"@type":"WebPage","@id":"https:\/\/reisepassfuhrer.com\/product\/34-a-schein\/","url":"https:\/\/reisepassfuhrer.com\/product\/34-a-schein\/","name":"34 a schein - dr\u017eitel pasu","isPartOf":{"@id":"https:\/\/reisepassfuhrer.com\/#website"},"primaryImageOfPage":{"@id":"https:\/\/reisepassfuhrer.com\/product\/34-a-schein\/#primaryimage"},"image":{"@id":"https:\/\/reisepassfuhrer.com\/product\/34-a-schein\/#primaryimage"},"thumbnailUrl":"https:\/\/reisepassfuhrer.com\/wp-content\/uploads\/2025\/08\/download-64.jpeg","datePublished":"2026-01-07T17:59:14+00:00","dateModified":"2026-01-07T17:59:15+00:00","breadcrumb":{"@id":"https:\/\/reisepassfuhrer.com\/product\/34-a-schein\/#breadcrumb"},"inLanguage":"cs","potentialAction":[{"@type":"ReadAction","target":["https:\/\/reisepassfuhrer.com\/product\/34-a-schein\/"]}]},{"@type":"ImageObject","inLanguage":"cs","@id":"https:\/\/reisepassfuhrer.com\/product\/34-a-schein\/#primaryimage","url":"https:\/\/reisepassfuhrer.com\/wp-content\/uploads\/2025\/08\/download-64.jpeg","contentUrl":"https:\/\/reisepassfuhrer.com\/wp-content\/uploads\/2025\/08\/download-64.jpeg","width":194,"height":260},{"@type":"BreadcrumbList","@id":"https:\/\/reisepassfuhrer.com\/product\/34-a-schein\/#breadcrumb","itemListElement":[{"@type":"ListItem","position":1,"name":"Home","item":"https:\/\/reisepassfuhrer.com\/"},{"@type":"ListItem","position":2,"name":"Shop","item":"https:\/\/reisepassfuhrer.com\/shop\/"},{"@type":"ListItem","position":3,"name":"34 a schein"}]},{"@type":"WebSite","@id":"https:\/\/reisepassfuhrer.com\/#website","url":"https:\/\/reisepassfuhrer.com\/","name":"Pr\u016fvodce pasem","description":"\u017d\u00e1dost o cestovn\u00ed pas Berl\u00edn","publisher":{"@id":"https:\/\/reisepassfuhrer.com\/#organization"},"potentialAction":[{"@type":"SearchAction","target":{"@type":"EntryPoint","urlTemplate":"https:\/\/reisepassfuhrer.com\/?s={search_term_string}"},"query-input":{"@type":"PropertyValueSpecification","valueRequired":true,"valueName":"search_term_string"}}],"inLanguage":"cs"},{"@type":"Organization","@id":"https:\/\/reisepassfuhrer.com\/#organization","name":"Pr\u016fvodce pasem","url":"https:\/\/reisepassfuhrer.com\/","logo":{"@type":"ImageObject","inLanguage":"cs","@id":"https:\/\/reisepassfuhrer.com\/#\/schema\/logo\/image\/","url":"https:\/\/reisepassfuhrer.com\/wp-content\/uploads\/2024\/03\/Reisepassfuhrer-logo.png","contentUrl":"https:\/\/reisepassfuhrer.com\/wp-content\/uploads\/2024\/03\/Reisepassfuhrer-logo.png","width":112,"height":112,"caption":"Reisepassfuhrer"},"image":{"@id":"https:\/\/reisepassfuhrer.com\/#\/schema\/logo\/image\/"}}]}},"_links":{"self":[{"href":"https:\/\/reisepassfuhrer.com\/cs\/wp-json\/wp\/v2\/product\/3407","targetHints":{"allow":["GET"]}}],"collection":[{"href":"https:\/\/reisepassfuhrer.com\/cs\/wp-json\/wp\/v2\/product"}],"about":[{"href":"https:\/\/reisepassfuhrer.com\/cs\/wp-json\/wp\/v2\/types\/product"}],"replies":[{"embeddable":true,"href":"https:\/\/reisepassfuhrer.com\/cs\/wp-json\/wp\/v2\/comments?post=3407"}],"wp:featuredmedia":[{"embeddable":true,"href":"https:\/\/reisepassfuhrer.com\/cs\/wp-json\/wp\/v2\/media\/3159"}],"wp:attachment":[{"href":"https:\/\/reisepassfuhrer.com\/cs\/wp-json\/wp\/v2\/media?parent=3407"}],"wp:term":[{"taxonomy":"product_brand","embeddable":true,"href":"https:\/\/reisepassfuhrer.com\/cs\/wp-json\/wp\/v2\/product_brand?post=3407"},{"taxonomy":"product_cat","embeddable":true,"href":"https:\/\/reisepassfuhrer.com\/cs\/wp-json\/wp\/v2\/product_cat?post=3407"},{"taxonomy":"product_tag","embeddable":true,"href":"https:\/\/reisepassfuhrer.com\/cs\/wp-json\/wp\/v2\/product_tag?post=3407"}],"curies":[{"name":"wp","href":"https:\/\/api.w.org\/{rel}","templated":true}]}}