{"id":3416,"date":"2026-01-08T18:44:44","date_gmt":"2026-01-08T18:44:44","guid":{"rendered":"https:\/\/reisepassfuhrer.com\/?post_type=product&#038;p=3416"},"modified":"2026-01-08T18:44:45","modified_gmt":"2026-01-08T18:44:45","slug":"berufserfahrung-anerkennen-lassen","status":"publish","type":"product","link":"https:\/\/reisepassfuhrer.com\/cs\/product\/mit-uznane-pracovni-zkusenosti\/","title":{"rendered":"M\u00edt uzn\u00e1van\u00e9 odborn\u00e9 zku\u0161enosti"},"content":{"rendered":"<h3 data-start=\"167\" data-end=\"260\">Uzn\u00e1n\u00ed va\u0161ich odborn\u00fdch zku\u0161enost\u00ed - kl\u00ed\u010d k nov\u00fdm kari\u00e9rn\u00edm p\u0159\u00edle\u017eitostem v N\u011bmecku<\/h3>\n<p data-start=\"262\" data-end=\"600\">Z\u00edskali jste cenn\u00e9 odborn\u00e9 zku\u0161enosti v zahrani\u010d\u00ed a cht\u011bli byste si je nechat uznat v N\u011bmecku? Na\u0161e slu\u017eby <strong data-start=\"385\" data-end=\"424\">\u201eMaj\u00ed uzn\u00e1van\u00e9 odborn\u00e9 zku\u0161enosti\u201c<\/strong> v\u00e1s profesion\u00e1ln\u011b, spolehliv\u011b a efektivn\u011b prov\u00e1z\u00ed cel\u00fdm procesem uzn\u00e1v\u00e1n\u00ed, aby se va\u0161\u00ed kvalifikaci kone\u010dn\u011b dostalo zaslou\u017een\u00e9ho uzn\u00e1n\u00ed.<\/p>\n<p data-start=\"602\" data-end=\"1020\">Mnoho kvalifikovan\u00fdch pracovn\u00edk\u016f neusp\u011bje kv\u016fli nedostatku dovednost\u00ed, ale kv\u016fli slo\u017eit\u00fdm byrokratick\u00fdm p\u0159ek\u00e1\u017ek\u00e1m. Pr\u00e1v\u011b zde p\u0159ich\u00e1z\u00edme na \u0159adu my. Podpo\u0159\u00edme v\u00e1s s <strong data-start=\"760\" data-end=\"838\">Hodnocen\u00ed, dokumentace a ofici\u00e1ln\u00ed uzn\u00e1n\u00ed va\u0161\u00ed odborn\u00e9 praxe<\/strong>, bez ohledu na to, zda m\u00e1te form\u00e1ln\u00ed odbornou kvalifikaci, \u010di nikoli. N\u00e1\u0161 strukturovan\u00fd p\u0159\u00edstup \u0161et\u0159\u00ed v\u00e1\u0161 \u010das, sni\u017euje po\u010det chyb a v\u00fdrazn\u011b zvy\u0161uje va\u0161e \u0161ance na \u00fasp\u011bch.<\/p>\n<p data-start=\"1022\" data-end=\"1056\"><strong data-start=\"1022\" data-end=\"1056\">P\u0159ehled va\u0161ich v\u00fdhod:<\/strong><\/p>\n<ul data-start=\"1057\" data-end=\"1326\">\n<li data-start=\"1057\" data-end=\"1108\">\n<p data-start=\"1059\" data-end=\"1108\">Osobn\u00ed poradenstv\u00ed od odborn\u00edk\u016f na uzn\u00e1v\u00e1n\u00ed<\/p>\n<\/li>\n<li data-start=\"1109\" data-end=\"1169\">\n<p data-start=\"1111\" data-end=\"1169\">Podpora s aplikacemi, certifik\u00e1ty a p\u0159eklady<\/p>\n<\/li>\n<li data-start=\"1170\" data-end=\"1218\">\n<p data-start=\"1172\" data-end=\"1218\">Jasn\u00e9 posouzen\u00ed va\u0161ich \u0161anc\u00ed na uzn\u00e1n\u00ed<\/p>\n<\/li>\n<li data-start=\"1219\" data-end=\"1262\">\n<p data-start=\"1221\" data-end=\"1262\">Podpora a\u017e do ofici\u00e1ln\u00edho ozn\u00e1men\u00ed<\/p>\n<\/li>\n<li data-start=\"1263\" data-end=\"1326\">\n<p data-start=\"1265\" data-end=\"1326\">Ide\u00e1ln\u00ed pro kvalifikovan\u00e9 pracovn\u00edky, migranty a mezin\u00e1rodn\u00ed \u017eadatele.<\/p>\n<\/li>\n<\/ul>\n<p data-start=\"1328\" data-end=\"1629\">Uzn\u00e1n\u00ed va\u0161ich odborn\u00fdch zku\u0161enost\u00ed v\u00fdrazn\u011b zv\u00fd\u0161\u00ed va\u0161e \u0161ance na n\u011bmeck\u00e9m trhu pr\u00e1ce: <strong data-start=\"1440\" data-end=\"1505\">Lep\u0161\u00ed pracovn\u00ed nab\u00eddky, vy\u0161\u0161\u00ed plat a pr\u00e1vn\u00ed jistota<\/strong>. Na\u0161e slu\u017eby jsou p\u0159izp\u016fsobeny aktu\u00e1ln\u00edm pr\u00e1vn\u00edm po\u017eadavk\u016fm a zohled\u0148uj\u00ed specifika dan\u00e9ho odv\u011btv\u00ed.<\/p>\n<p data-start=\"1631\" data-end=\"1866\">A\u0165 u\u017e se jedn\u00e1 o o\u0161et\u0159ovatelstv\u00ed, \u0159emesla, IT, technologie nebo jin\u00e9 profese, m\u016f\u017eeme v\u00e1m pomoci prom\u011bnit va\u0161i profesn\u00ed minulost v \u00fasp\u011b\u0161nou budoucnost. Vsa\u010fte na na\u0161e zku\u0161enosti a ud\u011blejte dal\u0161\u00ed krok ve sv\u00e9 kari\u00e9\u0159e.<\/p>","protected":false},"excerpt":{"rendered":"<p>Berufserfahrung anerkennen lassen \u2013 Ihr Schl\u00fcssel zu neuen Karrierechancen in Deutschland Sie haben wertvolle Berufserfahrung im Ausland gesammelt und m\u00f6chten diese in Deutschland anerkennen lassen? Unser Service \u201eBerufserfahrung anerkennen lassen\u201c begleitet Sie professionell, zuverl\u00e4ssig und effizient durch den gesamten Anerkennungsprozess \u2013 damit Ihre Qualifikationen endlich die Anerkennung bekommen, die sie verdienen. Viele Fachkr\u00e4fte scheitern nicht [&hellip;]<\/p>","protected":false},"featured_media":3418,"comment_status":"open","ping_status":"closed","template":"","meta":[],"product_brand":[],"product_cat":[44],"product_tag":[],"class_list":{"0":"post-3416","1":"product","2":"type-product","3":"status-publish","4":"has-post-thumbnail","6":"product_cat-uncategorized","8":"first","9":"instock","10":"shipping-taxable","11":"purchasable","12":"product-type-simple"},"yoast_head":"<!-- This site is optimized with the Yoast SEO Premium plugin v22.2 (Yoast SEO v26.2) - https:\/\/yoast.com\/wordpress\/plugins\/seo\/ -->\n<title>Berufserfahrung Anerkennen Lassen - Reisepassfuhrer<\/title>\n<meta name=\"robots\" content=\"noindex, follow, max-snippet:-1, max-image-preview:large, max-video-preview:-1\" \/>\n<meta property=\"og:locale\" content=\"cs_CZ\" \/>\n<meta property=\"og:type\" content=\"article\" \/>\n<meta property=\"og:title\" content=\"Berufserfahrung Anerkennen Lassen\" \/>\n<meta property=\"og:description\" content=\"Berufserfahrung anerkennen lassen \u2013 Ihr Schl\u00fcssel zu neuen Karrierechancen in Deutschland Sie haben wertvolle Berufserfahrung im Ausland gesammelt und m\u00f6chten diese in Deutschland anerkennen lassen? Unser Service \u201eBerufserfahrung anerkennen lassen\u201c begleitet Sie professionell, zuverl\u00e4ssig und effizient durch den gesamten Anerkennungsprozess \u2013 damit Ihre Qualifikationen endlich die Anerkennung bekommen, die sie verdienen. Viele Fachkr\u00e4fte scheitern nicht [&hellip;]\" \/>\n<meta property=\"og:url\" content=\"https:\/\/reisepassfuhrer.com\/cs\/product\/mit-uznane-pracovni-zkusenosti\/\" \/>\n<meta property=\"og:site_name\" content=\"Reisepassfuhrer\" \/>\n<meta property=\"article:modified_time\" content=\"2026-01-08T18:44:45+00:00\" \/>\n<meta property=\"og:image\" content=\"http:\/\/reisepassfuhrer.com\/wp-content\/uploads\/2026\/01\/102106538_IHKScreenshot.png.7454b2d16fe7d7acb8375b358a656507.png\" \/>\n\t<meta property=\"og:image:width\" content=\"918\" \/>\n\t<meta property=\"og:image:height\" content=\"1136\" \/>\n\t<meta property=\"og:image:type\" content=\"image\/png\" \/>\n<meta name=\"twitter:card\" content=\"summary_large_image\" \/>\n<meta name=\"twitter:label1\" content=\"Odhadovan\u00e1 doba \u010dten\u00ed\" \/>\n\t<meta name=\"twitter:data1\" content=\"2 minuty\" \/>\n<script type=\"application\/ld+json\" class=\"yoast-schema-graph\">{\"@context\":\"https:\/\/schema.org\",\"@graph\":[{\"@type\":\"WebPage\",\"@id\":\"https:\/\/reisepassfuhrer.com\/product\/berufserfahrung-anerkennen-lassen\/\",\"url\":\"https:\/\/reisepassfuhrer.com\/product\/berufserfahrung-anerkennen-lassen\/\",\"name\":\"Berufserfahrung Anerkennen Lassen - Reisepassfuhrer\",\"isPartOf\":{\"@id\":\"https:\/\/reisepassfuhrer.com\/#website\"},\"primaryImageOfPage\":{\"@id\":\"https:\/\/reisepassfuhrer.com\/product\/berufserfahrung-anerkennen-lassen\/#primaryimage\"},\"image\":{\"@id\":\"https:\/\/reisepassfuhrer.com\/product\/berufserfahrung-anerkennen-lassen\/#primaryimage\"},\"thumbnailUrl\":\"https:\/\/reisepassfuhrer.com\/wp-content\/uploads\/2026\/01\/102106538_IHKScreenshot.png.7454b2d16fe7d7acb8375b358a656507.png\",\"datePublished\":\"2026-01-08T18:44:44+00:00\",\"dateModified\":\"2026-01-08T18:44:45+00:00\",\"breadcrumb\":{\"@id\":\"https:\/\/reisepassfuhrer.com\/product\/berufserfahrung-anerkennen-lassen\/#breadcrumb\"},\"inLanguage\":\"cs\",\"potentialAction\":[{\"@type\":\"ReadAction\",\"target\":[\"https:\/\/reisepassfuhrer.com\/product\/berufserfahrung-anerkennen-lassen\/\"]}]},{\"@type\":\"ImageObject\",\"inLanguage\":\"cs\",\"@id\":\"https:\/\/reisepassfuhrer.com\/product\/berufserfahrung-anerkennen-lassen\/#primaryimage\",\"url\":\"https:\/\/reisepassfuhrer.com\/wp-content\/uploads\/2026\/01\/102106538_IHKScreenshot.png.7454b2d16fe7d7acb8375b358a656507.png\",\"contentUrl\":\"https:\/\/reisepassfuhrer.com\/wp-content\/uploads\/2026\/01\/102106538_IHKScreenshot.png.7454b2d16fe7d7acb8375b358a656507.png\",\"width\":918,\"height\":1136},{\"@type\":\"BreadcrumbList\",\"@id\":\"https:\/\/reisepassfuhrer.com\/product\/berufserfahrung-anerkennen-lassen\/#breadcrumb\",\"itemListElement\":[{\"@type\":\"ListItem\",\"position\":1,\"name\":\"Home\",\"item\":\"https:\/\/reisepassfuhrer.com\/\"},{\"@type\":\"ListItem\",\"position\":2,\"name\":\"Shop\",\"item\":\"https:\/\/reisepassfuhrer.com\/shop\/\"},{\"@type\":\"ListItem\",\"position\":3,\"name\":\"Berufserfahrung Anerkennen Lassen\"}]},{\"@type\":\"WebSite\",\"@id\":\"https:\/\/reisepassfuhrer.com\/#website\",\"url\":\"https:\/\/reisepassfuhrer.com\/\",\"name\":\"Reisepassfuhrer\",\"description\":\"Reisepass Beantragen Berlin\",\"publisher\":{\"@id\":\"https:\/\/reisepassfuhrer.com\/#organization\"},\"potentialAction\":[{\"@type\":\"SearchAction\",\"target\":{\"@type\":\"EntryPoint\",\"urlTemplate\":\"https:\/\/reisepassfuhrer.com\/?s={search_term_string}\"},\"query-input\":{\"@type\":\"PropertyValueSpecification\",\"valueRequired\":true,\"valueName\":\"search_term_string\"}}],\"inLanguage\":\"cs\"},{\"@type\":\"Organization\",\"@id\":\"https:\/\/reisepassfuhrer.com\/#organization\",\"name\":\"Reisepassfuhrer\",\"url\":\"https:\/\/reisepassfuhrer.com\/\",\"logo\":{\"@type\":\"ImageObject\",\"inLanguage\":\"cs\",\"@id\":\"https:\/\/reisepassfuhrer.com\/#\/schema\/logo\/image\/\",\"url\":\"https:\/\/reisepassfuhrer.com\/wp-content\/uploads\/2024\/03\/Reisepassfuhrer-logo.png\",\"contentUrl\":\"https:\/\/reisepassfuhrer.com\/wp-content\/uploads\/2024\/03\/Reisepassfuhrer-logo.png\",\"width\":112,\"height\":112,\"caption\":\"Reisepassfuhrer\"},\"image\":{\"@id\":\"https:\/\/reisepassfuhrer.com\/#\/schema\/logo\/image\/\"}}]}<\/script>\n<!-- \/ Yoast SEO Premium plugin. -->","yoast_head_json":{"title":"Uzn\u00e1n\u00ed pracovn\u00edch zku\u0161enost\u00ed - dr\u017eitel pasu","robots":{"index":"noindex","follow":"follow","max-snippet":"max-snippet:-1","max-image-preview":"max-image-preview:large","max-video-preview":"max-video-preview:-1"},"og_locale":"cs_CZ","og_type":"article","og_title":"Berufserfahrung Anerkennen Lassen","og_description":"Berufserfahrung anerkennen lassen \u2013 Ihr Schl\u00fcssel zu neuen Karrierechancen in Deutschland Sie haben wertvolle Berufserfahrung im Ausland gesammelt und m\u00f6chten diese in Deutschland anerkennen lassen? Unser Service \u201eBerufserfahrung anerkennen lassen\u201c begleitet Sie professionell, zuverl\u00e4ssig und effizient durch den gesamten Anerkennungsprozess \u2013 damit Ihre Qualifikationen endlich die Anerkennung bekommen, die sie verdienen. Viele Fachkr\u00e4fte scheitern nicht [&hellip;]","og_url":"https:\/\/reisepassfuhrer.com\/cs\/product\/mit-uznane-pracovni-zkusenosti\/","og_site_name":"Reisepassfuhrer","article_modified_time":"2026-01-08T18:44:45+00:00","og_image":[{"width":918,"height":1136,"url":"http:\/\/reisepassfuhrer.com\/wp-content\/uploads\/2026\/01\/102106538_IHKScreenshot.png.7454b2d16fe7d7acb8375b358a656507.png","type":"image\/png"}],"twitter_card":"summary_large_image","twitter_misc":{"Odhadovan\u00e1 doba \u010dten\u00ed":"2 minuty"},"schema":{"@context":"https:\/\/schema.org","@graph":[{"@type":"WebPage","@id":"https:\/\/reisepassfuhrer.com\/product\/berufserfahrung-anerkennen-lassen\/","url":"https:\/\/reisepassfuhrer.com\/product\/berufserfahrung-anerkennen-lassen\/","name":"Uzn\u00e1n\u00ed pracovn\u00edch zku\u0161enost\u00ed - dr\u017eitel pasu","isPartOf":{"@id":"https:\/\/reisepassfuhrer.com\/#website"},"primaryImageOfPage":{"@id":"https:\/\/reisepassfuhrer.com\/product\/berufserfahrung-anerkennen-lassen\/#primaryimage"},"image":{"@id":"https:\/\/reisepassfuhrer.com\/product\/berufserfahrung-anerkennen-lassen\/#primaryimage"},"thumbnailUrl":"https:\/\/reisepassfuhrer.com\/wp-content\/uploads\/2026\/01\/102106538_IHKScreenshot.png.7454b2d16fe7d7acb8375b358a656507.png","datePublished":"2026-01-08T18:44:44+00:00","dateModified":"2026-01-08T18:44:45+00:00","breadcrumb":{"@id":"https:\/\/reisepassfuhrer.com\/product\/berufserfahrung-anerkennen-lassen\/#breadcrumb"},"inLanguage":"cs","potentialAction":[{"@type":"ReadAction","target":["https:\/\/reisepassfuhrer.com\/product\/berufserfahrung-anerkennen-lassen\/"]}]},{"@type":"ImageObject","inLanguage":"cs","@id":"https:\/\/reisepassfuhrer.com\/product\/berufserfahrung-anerkennen-lassen\/#primaryimage","url":"https:\/\/reisepassfuhrer.com\/wp-content\/uploads\/2026\/01\/102106538_IHKScreenshot.png.7454b2d16fe7d7acb8375b358a656507.png","contentUrl":"https:\/\/reisepassfuhrer.com\/wp-content\/uploads\/2026\/01\/102106538_IHKScreenshot.png.7454b2d16fe7d7acb8375b358a656507.png","width":918,"height":1136},{"@type":"BreadcrumbList","@id":"https:\/\/reisepassfuhrer.com\/product\/berufserfahrung-anerkennen-lassen\/#breadcrumb","itemListElement":[{"@type":"ListItem","position":1,"name":"Home","item":"https:\/\/reisepassfuhrer.com\/"},{"@type":"ListItem","position":2,"name":"Shop","item":"https:\/\/reisepassfuhrer.com\/shop\/"},{"@type":"ListItem","position":3,"name":"Berufserfahrung Anerkennen Lassen"}]},{"@type":"WebSite","@id":"https:\/\/reisepassfuhrer.com\/#website","url":"https:\/\/reisepassfuhrer.com\/","name":"Pr\u016fvodce pasem","description":"\u017d\u00e1dost o cestovn\u00ed pas Berl\u00edn","publisher":{"@id":"https:\/\/reisepassfuhrer.com\/#organization"},"potentialAction":[{"@type":"SearchAction","target":{"@type":"EntryPoint","urlTemplate":"https:\/\/reisepassfuhrer.com\/?s={search_term_string}"},"query-input":{"@type":"PropertyValueSpecification","valueRequired":true,"valueName":"search_term_string"}}],"inLanguage":"cs"},{"@type":"Organization","@id":"https:\/\/reisepassfuhrer.com\/#organization","name":"Pr\u016fvodce pasem","url":"https:\/\/reisepassfuhrer.com\/","logo":{"@type":"ImageObject","inLanguage":"cs","@id":"https:\/\/reisepassfuhrer.com\/#\/schema\/logo\/image\/","url":"https:\/\/reisepassfuhrer.com\/wp-content\/uploads\/2024\/03\/Reisepassfuhrer-logo.png","contentUrl":"https:\/\/reisepassfuhrer.com\/wp-content\/uploads\/2024\/03\/Reisepassfuhrer-logo.png","width":112,"height":112,"caption":"Reisepassfuhrer"},"image":{"@id":"https:\/\/reisepassfuhrer.com\/#\/schema\/logo\/image\/"}}]}},"_links":{"self":[{"href":"https:\/\/reisepassfuhrer.com\/cs\/wp-json\/wp\/v2\/product\/3416","targetHints":{"allow":["GET"]}}],"collection":[{"href":"https:\/\/reisepassfuhrer.com\/cs\/wp-json\/wp\/v2\/product"}],"about":[{"href":"https:\/\/reisepassfuhrer.com\/cs\/wp-json\/wp\/v2\/types\/product"}],"replies":[{"embeddable":true,"href":"https:\/\/reisepassfuhrer.com\/cs\/wp-json\/wp\/v2\/comments?post=3416"}],"wp:featuredmedia":[{"embeddable":true,"href":"https:\/\/reisepassfuhrer.com\/cs\/wp-json\/wp\/v2\/media\/3418"}],"wp:attachment":[{"href":"https:\/\/reisepassfuhrer.com\/cs\/wp-json\/wp\/v2\/media?parent=3416"}],"wp:term":[{"taxonomy":"product_brand","embeddable":true,"href":"https:\/\/reisepassfuhrer.com\/cs\/wp-json\/wp\/v2\/product_brand?post=3416"},{"taxonomy":"product_cat","embeddable":true,"href":"https:\/\/reisepassfuhrer.com\/cs\/wp-json\/wp\/v2\/product_cat?post=3416"},{"taxonomy":"product_tag","embeddable":true,"href":"https:\/\/reisepassfuhrer.com\/cs\/wp-json\/wp\/v2\/product_tag?post=3416"}],"curies":[{"name":"wp","href":"https:\/\/api.w.org\/{rel}","templated":true}]}}