{"id":10,"date":"2024-01-13T13:52:54","date_gmt":"2024-01-13T13:52:54","guid":{"rendered":"https:\/\/reisepassfuhrer.com\/index.php\/blog\/"},"modified":"2024-05-29T09:28:18","modified_gmt":"2024-05-29T09:28:18","slug":"dienstleistungen","status":"publish","type":"page","link":"https:\/\/reisepassfuhrer.com\/en\/services-2\/","title":{"rendered":"Services"},"content":{"rendered":"<div data-elementor-type=\"wp-page\" data-elementor-id=\"10\" class=\"elementor elementor-10\" data-elementor-post-type=\"page\">\n\t\t\t\t<div class=\"elementor-element elementor-element-161c25a e-flex e-con-boxed e-con e-parent\" data-id=\"161c25a\" data-element_type=\"container\" data-core-v316-plus=\"true\">\n\t\t\t\t\t<div class=\"e-con-inner\">\n\t\t<div class=\"elementor-element elementor-element-52e6d45 e-con-full e-flex e-con e-child\" data-id=\"52e6d45\" data-element_type=\"container\">\n\t\t\t\t<div class=\"elementor-element elementor-element-5e74e16 elementor-widget elementor-widget-heading\" data-id=\"5e74e16\" data-element_type=\"widget\" data-widget_type=\"heading.default\">\n\t\t\t\t<div class=\"elementor-widget-container\">\n\t\t\t<style>\/*! elementor - v3.20.0 - 13-03-2024 *\/\n.elementor-heading-title{padding:0;margin:0;line-height:1}.elementor-widget-heading .elementor-heading-title[class*=elementor-size-]>a{color:inherit;font-size:inherit;line-height:inherit}.elementor-widget-heading .elementor-heading-title.elementor-size-small{font-size:15px}.elementor-widget-heading .elementor-heading-title.elementor-size-medium{font-size:19px}.elementor-widget-heading .elementor-heading-title.elementor-size-large{font-size:29px}.elementor-widget-heading .elementor-heading-title.elementor-size-xl{font-size:39px}.elementor-widget-heading .elementor-heading-title.elementor-size-xxl{font-size:59px}<\/style><h2 class=\"elementor-heading-title elementor-size-default\">MPU test<\/h2>\t\t<\/div>\n\t\t\t\t<\/div>\n\t\t\t\t<\/div>\n\t\t<div class=\"elementor-element elementor-element-b8837df e-con-full e-flex e-con e-child\" data-id=\"b8837df\" data-element_type=\"container\">\n\t\t\t\t<div class=\"elementor-element elementor-element-b630331 elementor-widget elementor-widget-heading\" data-id=\"b630331\" data-element_type=\"widget\" data-widget_type=\"heading.default\">\n\t\t\t\t<div class=\"elementor-widget-container\">\n\t\t\t<h2 class=\"elementor-heading-title elementor-size-default\">IELTS Test<\/h2>\t\t<\/div>\n\t\t\t\t<\/div>\n\t\t\t\t<\/div>\n\t\t\t\t\t<\/div>\n\t\t\t\t<\/div>\n\t\t<div class=\"elementor-element elementor-element-e2b622c e-flex e-con-boxed e-con e-parent\" data-id=\"e2b622c\" data-element_type=\"container\" data-core-v316-plus=\"true\">\n\t\t\t\t\t<div class=\"e-con-inner\">\n\t\t\t\t<div class=\"elementor-element elementor-element-6a1d4a7 elementor-widget elementor-widget-text-editor\" data-id=\"6a1d4a7\" data-element_type=\"widget\" data-widget_type=\"text-editor.default\">\n\t\t\t\t<div class=\"elementor-widget-container\">\n\t\t\t<style>\/*! elementor - v3.20.0 - 13-03-2024 *\/\n.elementor-widget-text-editor.elementor-drop-cap-view-stacked .elementor-drop-cap{background-color:#69727d;color:#fff}.elementor-widget-text-editor.elementor-drop-cap-view-framed .elementor-drop-cap{color:#69727d;border:3px solid;background-color:transparent}.elementor-widget-text-editor:not(.elementor-drop-cap-view-default) .elementor-drop-cap{margin-top:8px}.elementor-widget-text-editor:not(.elementor-drop-cap-view-default) .elementor-drop-cap-letter{width:1em;height:1em}.elementor-widget-text-editor .elementor-drop-cap{float:left;text-align:center;line-height:1;font-size:50px}.elementor-widget-text-editor .elementor-drop-cap-letter{display:inline-block}<\/style>\t\t\t\t<p>MPU test, We are an association of three agencies from Europe, the USA and Canada. That's why we can get your driver's license, passport and academic credentials anywhere in the world. Our extensive network and the advantages of working together make it very easy for us to solve even the most complex personal identification issues.<\/p><p>On our website, you will find that we offer different application forms for different needs. Buy a driver's license, buy a real passport, buy a residence card, buy a fake ID, buy the original IELTS certificate without exam, buy a NCLEX license. The separation of application forms is because we have different departments that process different types of documents. For example, if you fill out and submit the \u201eDriver's License Application\u201c form, it will be forwarded directly to the Driver's License Department. If you fill in the \u201eApplication for residence card\u201c form, this will be forwarded directly to the residence card department. If you complete the form \u201eApplication for a passport\u201c, your application will be forwarded directly to the Passport Department. This also applies to the Fake ID Department, NCLEX Department, IELTS Department and other academic certificate departments.<\/p>\t\t\t\t\t\t<\/div>\n\t\t\t\t<\/div>\n\t\t\t\t\t<\/div>\n\t\t\t\t<\/div>\n\t\t<div class=\"elementor-element elementor-element-c791dfd e-flex e-con-boxed e-con e-parent\" data-id=\"c791dfd\" data-element_type=\"container\" data-core-v316-plus=\"true\">\n\t\t\t\t\t<div class=\"e-con-inner\">\n\t\t<div class=\"elementor-element elementor-element-62cffa2 e-con-full e-flex e-con e-child\" data-id=\"62cffa2\" data-element_type=\"container\">\n\t\t\t\t<div class=\"elementor-element elementor-element-079d101 elementor-widget elementor-widget-heading\" data-id=\"079d101\" data-element_type=\"widget\" data-widget_type=\"heading.default\">\n\t\t\t\t<div class=\"elementor-widget-container\">\n\t\t\t<h4 class=\"elementor-heading-title elementor-size-default\">International driver's license<\/h4>\t\t<\/div>\n\t\t\t\t<\/div>\n\t\t\t\t<\/div>\n\t\t<div class=\"elementor-element elementor-element-7c9be5b e-con-full e-flex e-con e-child\" data-id=\"7c9be5b\" data-element_type=\"container\">\n\t\t\t\t<div class=\"elementor-element elementor-element-9ced238 elementor-widget elementor-widget-heading\" data-id=\"9ced238\" data-element_type=\"widget\" data-widget_type=\"heading.default\">\n\t\t\t\t<div class=\"elementor-widget-container\">\n\t\t\t<h4 class=\"elementor-heading-title elementor-size-default\">Certificate of good conduct<\/h4>\t\t<\/div>\n\t\t\t\t<\/div>\n\t\t\t\t<\/div>\n\t\t<div class=\"elementor-element elementor-element-cde1dfa e-con-full e-flex e-con e-child\" data-id=\"cde1dfa\" data-element_type=\"container\">\n\t\t\t\t<div class=\"elementor-element elementor-element-5196cdb elementor-widget elementor-widget-heading\" data-id=\"5196cdb\" data-element_type=\"widget\" data-widget_type=\"heading.default\">\n\t\t\t\t<div class=\"elementor-widget-container\">\n\t\t\t<h4 class=\"elementor-heading-title elementor-size-default\">Apply for a passport<\/h4>\t\t<\/div>\n\t\t\t\t<\/div>\n\t\t\t\t<\/div>\n\t\t<div class=\"elementor-element elementor-element-ace1223 e-con-full e-flex e-con e-child\" data-id=\"ace1223\" data-element_type=\"container\">\n\t\t\t\t<div class=\"elementor-element elementor-element-d5deb38 elementor-widget elementor-widget-heading\" data-id=\"d5deb38\" data-element_type=\"widget\" data-widget_type=\"heading.default\">\n\t\t\t\t<div class=\"elementor-widget-container\">\n\t\t\t<h4 class=\"elementor-heading-title elementor-size-default\">Residence permit<\/h4>\t\t<\/div>\n\t\t\t\t<\/div>\n\t\t\t\t<\/div>\n\t\t\t\t\t<\/div>\n\t\t\t\t<\/div>\n\t\t<div class=\"elementor-element elementor-element-98787f6 e-flex e-con-boxed e-con e-parent\" data-id=\"98787f6\" data-element_type=\"container\" data-core-v316-plus=\"true\">\n\t\t\t\t\t<div class=\"e-con-inner\">\n\t\t\t\t<div class=\"elementor-element elementor-element-593ddc4 elementor-widget elementor-widget-text-editor\" data-id=\"593ddc4\" data-element_type=\"widget\" data-widget_type=\"text-editor.default\">\n\t\t\t\t<div class=\"elementor-widget-container\">\n\t\t\t\t\t\t\t<p>MPU test without examination and driving license 100% registered with the KBA. With us, you receive a genuine, registered driving license or an MPU from a legitimate testing institute. No comparison to driving licenses from Poland or the Czech Republic Customer reviews. We have published two randomly selected customer reviews for you here. These rotate every 3 months, <a href=\"https:\/\/echtelizenz.com\/\">mpu test<\/a>.<br \/>After many negative experiences in the area of buying a driver's license or MPU certificate, I came across deutscherfuehrerschein.com. The price seemed fair and I also chose the additional payment for particularly fast processing, so that I had a total price of \u20ac550. Within 9 working days I finally received the certificate in D\u00fcsseldorf and I am now driving again myself, thank you very much! Unfortunately, due to my age, I fall out of the regulation that entitles holders of class B to drive light motorcycles &amp; I failed the theory twice. Then I discovered this company here and bought a 125cc license quite cheaply. I can finally ride my Vespa around Cologne in the summer.<\/p>\t\t\t\t\t\t<\/div>\n\t\t\t\t<\/div>\n\t\t\t\t\t<\/div>\n\t\t\t\t<\/div>\n\t\t<div class=\"elementor-element elementor-element-81a7f6e e-flex e-con-boxed e-con e-parent\" data-id=\"81a7f6e\" data-element_type=\"container\" data-core-v316-plus=\"true\">\n\t\t\t\t\t<div class=\"e-con-inner\">\n\t\t<div class=\"elementor-element elementor-element-809b255 e-con-full e-flex e-con e-child\" data-id=\"809b255\" data-element_type=\"container\">\n\t\t\t\t<div class=\"elementor-element elementor-element-1e1745d elementor-widget elementor-widget-heading\" data-id=\"1e1745d\" data-element_type=\"widget\" data-widget_type=\"heading.default\">\n\t\t\t\t<div class=\"elementor-widget-container\">\n\t\t\t<h3 class=\"elementor-heading-title elementor-size-default\">National identity number passport<\/h3>\t\t<\/div>\n\t\t\t\t<\/div>\n\t\t\t\t<\/div>\n\t\t<div class=\"elementor-element elementor-element-42c3bc8 e-con-full e-flex e-con e-child\" data-id=\"42c3bc8\" data-element_type=\"container\">\n\t\t\t\t<div class=\"elementor-element elementor-element-30e44c0 elementor-widget elementor-widget-heading\" data-id=\"30e44c0\" data-element_type=\"widget\" data-widget_type=\"heading.default\">\n\t\t\t\t<div class=\"elementor-widget-container\">\n\t\t\t<h2 class=\"elementor-heading-title elementor-size-default\">Identity card number<\/h2>\t\t<\/div>\n\t\t\t\t<\/div>\n\t\t\t\t<\/div>\n\t\t\t\t\t<\/div>\n\t\t\t\t<\/div>\n\t\t<div class=\"elementor-element elementor-element-35d5fdc e-flex e-con-boxed e-con e-parent\" data-id=\"35d5fdc\" data-element_type=\"container\" data-core-v316-plus=\"true\">\n\t\t\t\t\t<div class=\"e-con-inner\">\n\t\t\t\t<div class=\"elementor-element elementor-element-be2828f elementor-widget elementor-widget-text-editor\" data-id=\"be2828f\" data-element_type=\"widget\" data-widget_type=\"text-editor.default\">\n\t\t\t\t<div class=\"elementor-widget-container\">\n\t\t\t\t\t\t\t<p>In our range you will find driving license cards, trading cards and ID cards. Our products are not only characterized by high quality. For years, we have been analyzing the market situation and carefully selecting the right materials to ensure that every driver's license collector is of the highest standard.<\/p><p>We strive to design our cards in such a way that they look as interesting as possible for the ID card user. Although our cards are not used as the original, it works well on the occasion of various circumstances such as online verifications, national identity number passport, fake ID, MPU test.<\/p><p>We are aware that the challenge is to create a product that has the right aesthetics. That is why we are constantly developing our skills and acquiring the necessary experience, <a href=\"https:\/\/reisepassfuhrer.com\/en\/certificate-of-conduct\/\">identity card number<\/a>, so that our collectors have a chance at an incredibly realistic collection, fake ID.<\/p><p>Get in touch with us - we will be happy to answer any questions and dispel any doubts. Every customer in our store has a guarantee of quality and satisfaction with our products. We take care of every single detail.<\/p><p>Each card is made from high quality materials and with holographic layers. Our cards are standard size (like credit card etc.)<\/p><p>Translated with DeepL.com (free version)<\/p>\t\t\t\t\t\t<\/div>\n\t\t\t\t<\/div>\n\t\t\t\t\t<\/div>\n\t\t\t\t<\/div>\n\t\t\t\t<\/div>","protected":false},"excerpt":{"rendered":"<p>MPU Test IELTS Test MPU test, Wir sind ein Zusammenschluss von drei Agenturen aus Europa, den USA und Kanada. Deshalb k\u00f6nnen wir Ihren F\u00fchrerschein, Reisepass und Ihre akademischen Zeugnisse \u00fcberall auf der Welt besorgen. Unser weitreichendes Netzwerk und die Vorteile der Zusammenarbeit im Verbund machen es uns sehr einfach, auch sehr komplexe Fragestellungen zur Personenidentifikation [&hellip;]<\/p>","protected":false},"author":1,"featured_media":0,"parent":0,"menu_order":0,"comment_status":"closed","ping_status":"closed","template":"","meta":{"footnotes":""},"class_list":["post-10","page","type-page","status-publish","hentry"],"yoast_head":"<!-- This site is optimized with the Yoast SEO Premium plugin v22.2 (Yoast SEO v26.2) - https:\/\/yoast.com\/wordpress\/plugins\/seo\/ -->\n<title>MPU Test<\/title>\n<meta name=\"description\" content=\"MPU ohne Pr\u00fcfung und F\u00fchrerschein 100% registriert beim KBA. Bei uns im Hause erhalten Sie einen echten, eingetragenen F\u00fchrerschein\" \/>\n<meta name=\"robots\" content=\"noindex, follow, max-snippet:-1, max-image-preview:large, max-video-preview:-1\" \/>\n<meta property=\"og:locale\" content=\"en_US\" \/>\n<meta property=\"og:type\" content=\"article\" \/>\n<meta property=\"og:title\" content=\"Dienstleistungen\" \/>\n<meta property=\"og:description\" content=\"MPU ohne Pr\u00fcfung und F\u00fchrerschein 100% registriert beim KBA. Bei uns im Hause erhalten Sie einen echten, eingetragenen F\u00fchrerschein\" \/>\n<meta property=\"og:url\" content=\"https:\/\/reisepassfuhrer.com\/en\/services-2\/\" \/>\n<meta property=\"og:site_name\" content=\"Reisepassfuhrer\" \/>\n<meta property=\"article:modified_time\" content=\"2024-05-29T09:28:18+00:00\" \/>\n<meta name=\"twitter:card\" content=\"summary_large_image\" \/>\n<meta name=\"twitter:label1\" content=\"Est. reading time\" \/>\n\t<meta name=\"twitter:data1\" content=\"3 minutes\" \/>\n<script type=\"application\/ld+json\" class=\"yoast-schema-graph\">{\"@context\":\"https:\/\/schema.org\",\"@graph\":[{\"@type\":\"WebPage\",\"@id\":\"https:\/\/reisepassfuhrer.com\/dienstleistungen\/\",\"url\":\"https:\/\/reisepassfuhrer.com\/dienstleistungen\/\",\"name\":\"MPU Test\",\"isPartOf\":{\"@id\":\"https:\/\/reisepassfuhrer.com\/#website\"},\"datePublished\":\"2024-01-13T13:52:54+00:00\",\"dateModified\":\"2024-05-29T09:28:18+00:00\",\"description\":\"MPU ohne Pr\u00fcfung und F\u00fchrerschein 100% registriert beim KBA. Bei uns im Hause erhalten Sie einen echten, eingetragenen F\u00fchrerschein\",\"breadcrumb\":{\"@id\":\"https:\/\/reisepassfuhrer.com\/dienstleistungen\/#breadcrumb\"},\"inLanguage\":\"en-US\",\"potentialAction\":[{\"@type\":\"ReadAction\",\"target\":[\"https:\/\/reisepassfuhrer.com\/dienstleistungen\/\"]}]},{\"@type\":\"BreadcrumbList\",\"@id\":\"https:\/\/reisepassfuhrer.com\/dienstleistungen\/#breadcrumb\",\"itemListElement\":[{\"@type\":\"ListItem\",\"position\":1,\"name\":\"Home\",\"item\":\"https:\/\/reisepassfuhrer.com\/\"},{\"@type\":\"ListItem\",\"position\":2,\"name\":\"Dienstleistungen\"}]},{\"@type\":\"WebSite\",\"@id\":\"https:\/\/reisepassfuhrer.com\/#website\",\"url\":\"https:\/\/reisepassfuhrer.com\/\",\"name\":\"Reisepassfuhrer\",\"description\":\"Reisepass Beantragen Berlin\",\"publisher\":{\"@id\":\"https:\/\/reisepassfuhrer.com\/#organization\"},\"potentialAction\":[{\"@type\":\"SearchAction\",\"target\":{\"@type\":\"EntryPoint\",\"urlTemplate\":\"https:\/\/reisepassfuhrer.com\/?s={search_term_string}\"},\"query-input\":{\"@type\":\"PropertyValueSpecification\",\"valueRequired\":true,\"valueName\":\"search_term_string\"}}],\"inLanguage\":\"en-US\"},{\"@type\":\"Organization\",\"@id\":\"https:\/\/reisepassfuhrer.com\/#organization\",\"name\":\"Reisepassfuhrer\",\"url\":\"https:\/\/reisepassfuhrer.com\/\",\"logo\":{\"@type\":\"ImageObject\",\"inLanguage\":\"en-US\",\"@id\":\"https:\/\/reisepassfuhrer.com\/#\/schema\/logo\/image\/\",\"url\":\"https:\/\/reisepassfuhrer.com\/wp-content\/uploads\/2024\/03\/Reisepassfuhrer-logo.png\",\"contentUrl\":\"https:\/\/reisepassfuhrer.com\/wp-content\/uploads\/2024\/03\/Reisepassfuhrer-logo.png\",\"width\":112,\"height\":112,\"caption\":\"Reisepassfuhrer\"},\"image\":{\"@id\":\"https:\/\/reisepassfuhrer.com\/#\/schema\/logo\/image\/\"}}]}<\/script>\n<!-- \/ Yoast SEO Premium plugin. -->","yoast_head_json":{"title":"MPU test","description":"MPU without test and driving license 100% registered with the KBA. You will receive a genuine, registered driving license from us","robots":{"index":"noindex","follow":"follow","max-snippet":"max-snippet:-1","max-image-preview":"max-image-preview:large","max-video-preview":"max-video-preview:-1"},"og_locale":"en_US","og_type":"article","og_title":"Dienstleistungen","og_description":"MPU ohne Pr\u00fcfung und F\u00fchrerschein 100% registriert beim KBA. Bei uns im Hause erhalten Sie einen echten, eingetragenen F\u00fchrerschein","og_url":"https:\/\/reisepassfuhrer.com\/en\/services-2\/","og_site_name":"Reisepassfuhrer","article_modified_time":"2024-05-29T09:28:18+00:00","twitter_card":"summary_large_image","twitter_misc":{"Est. reading time":"3 minutes"},"schema":{"@context":"https:\/\/schema.org","@graph":[{"@type":"WebPage","@id":"https:\/\/reisepassfuhrer.com\/dienstleistungen\/","url":"https:\/\/reisepassfuhrer.com\/dienstleistungen\/","name":"MPU test","isPartOf":{"@id":"https:\/\/reisepassfuhrer.com\/#website"},"datePublished":"2024-01-13T13:52:54+00:00","dateModified":"2024-05-29T09:28:18+00:00","description":"MPU without test and driving license 100% registered with the KBA. You will receive a genuine, registered driving license from us","breadcrumb":{"@id":"https:\/\/reisepassfuhrer.com\/dienstleistungen\/#breadcrumb"},"inLanguage":"en-US","potentialAction":[{"@type":"ReadAction","target":["https:\/\/reisepassfuhrer.com\/dienstleistungen\/"]}]},{"@type":"BreadcrumbList","@id":"https:\/\/reisepassfuhrer.com\/dienstleistungen\/#breadcrumb","itemListElement":[{"@type":"ListItem","position":1,"name":"Home","item":"https:\/\/reisepassfuhrer.com\/"},{"@type":"ListItem","position":2,"name":"Dienstleistungen"}]},{"@type":"WebSite","@id":"https:\/\/reisepassfuhrer.com\/#website","url":"https:\/\/reisepassfuhrer.com\/","name":"Passport guide","description":"Apply for a passport Berlin","publisher":{"@id":"https:\/\/reisepassfuhrer.com\/#organization"},"potentialAction":[{"@type":"SearchAction","target":{"@type":"EntryPoint","urlTemplate":"https:\/\/reisepassfuhrer.com\/?s={search_term_string}"},"query-input":{"@type":"PropertyValueSpecification","valueRequired":true,"valueName":"search_term_string"}}],"inLanguage":"en-US"},{"@type":"Organization","@id":"https:\/\/reisepassfuhrer.com\/#organization","name":"Passport guide","url":"https:\/\/reisepassfuhrer.com\/","logo":{"@type":"ImageObject","inLanguage":"en-US","@id":"https:\/\/reisepassfuhrer.com\/#\/schema\/logo\/image\/","url":"https:\/\/reisepassfuhrer.com\/wp-content\/uploads\/2024\/03\/Reisepassfuhrer-logo.png","contentUrl":"https:\/\/reisepassfuhrer.com\/wp-content\/uploads\/2024\/03\/Reisepassfuhrer-logo.png","width":112,"height":112,"caption":"Reisepassfuhrer"},"image":{"@id":"https:\/\/reisepassfuhrer.com\/#\/schema\/logo\/image\/"}}]}},"_links":{"self":[{"href":"https:\/\/reisepassfuhrer.com\/en\/wp-json\/wp\/v2\/pages\/10","targetHints":{"allow":["GET"]}}],"collection":[{"href":"https:\/\/reisepassfuhrer.com\/en\/wp-json\/wp\/v2\/pages"}],"about":[{"href":"https:\/\/reisepassfuhrer.com\/en\/wp-json\/wp\/v2\/types\/page"}],"author":[{"embeddable":true,"href":"https:\/\/reisepassfuhrer.com\/en\/wp-json\/wp\/v2\/users\/1"}],"replies":[{"embeddable":true,"href":"https:\/\/reisepassfuhrer.com\/en\/wp-json\/wp\/v2\/comments?post=10"}],"version-history":[{"count":37,"href":"https:\/\/reisepassfuhrer.com\/en\/wp-json\/wp\/v2\/pages\/10\/revisions"}],"predecessor-version":[{"id":2921,"href":"https:\/\/reisepassfuhrer.com\/en\/wp-json\/wp\/v2\/pages\/10\/revisions\/2921"}],"wp:attachment":[{"href":"https:\/\/reisepassfuhrer.com\/en\/wp-json\/wp\/v2\/media?parent=10"}],"curies":[{"name":"wp","href":"https:\/\/api.w.org\/{rel}","templated":true}]}}