{"id":3135,"date":"2025-08-24T11:01:29","date_gmt":"2025-08-24T11:01:29","guid":{"rendered":"https:\/\/reisepassfuhrer.com\/?post_type=product&#038;p=3135"},"modified":"2025-08-24T11:01:30","modified_gmt":"2025-08-24T11:01:30","slug":"geburtsdatum-rumanischer-ausweis","status":"publish","type":"product","link":"https:\/\/reisepassfuhrer.com\/en\/product\/date-of-birth-romanian-identity-card\/","title":{"rendered":"date of birth romanian identity card"},"content":{"rendered":"<p data-start=\"386\" data-end=\"470\"><strong data-start=\"386\" data-end=\"470\">Date of birth on Romanian ID card - simply explained and reliably determined<\/strong><\/p>\n<p data-start=\"472\" data-end=\"775\">You need the <strong data-start=\"489\" data-end=\"574\">correct date of birth from a Romanian identity card (Carte de Identitate)<\/strong> or want to understand how this information is structured? Our service offers you a fast and precise solution - whether for identity checks, document verification or administrative purposes.<\/p>\n<p data-start=\"777\" data-end=\"1115\">The date of birth on a Romanian identity card is part of the <strong data-start=\"837\" data-end=\"859\">personal data<\/strong> and plays a central role in the verification of identities. We help you to use this information <strong data-start=\"970\" data-end=\"1033\">correctly recognize, interpret or provide<\/strong>, regardless of whether you are working with real documents or analyzing training data.<\/p>\n<p data-start=\"1117\" data-end=\"1286\">\u2705 <strong data-start=\"1119\" data-end=\"1155\">Reliable &amp; data protection compliant<\/strong><br data-start=\"1155\" data-end=\"1158\" \/>\u2705 <strong data-start=\"1160\" data-end=\"1210\">Easy to use - no prior knowledge required<\/strong><br data-start=\"1210\" data-end=\"1213\" \/>\u2705 <strong data-start=\"1215\" data-end=\"1286\">Fast results for authorities, companies or private inquiries<\/strong><\/p>\n<p data-start=\"1288\" data-end=\"1476\"><strong data-start=\"1288\" data-end=\"1330\">Rely on experience and accuracy<\/strong>, when it comes to official document data. With our service for the date of birth on Romanian ID cards, you are on the safe side.<\/p>","protected":false},"excerpt":{"rendered":"<p>Geburtsdatum auf rum\u00e4nischem Ausweis \u2013 Einfach erkl\u00e4rt und zuverl\u00e4ssig ermittelt Du ben\u00f6tigst das korrekte Geburtsdatum von einem rum\u00e4nischen Personalausweis (Carte de Identitate) oder m\u00f6chtest verstehen, wie diese Information strukturiert ist? Unser Service bietet dir eine schnelle und pr\u00e4zise L\u00f6sung \u2013 ob zur Identit\u00e4tspr\u00fcfung, Dokumentenpr\u00fcfung oder f\u00fcr administrative Zwecke. Das Geburtsdatum auf einem rum\u00e4nischen Ausweis ist [&hellip;]<\/p>","protected":false},"featured_media":3137,"comment_status":"open","ping_status":"closed","template":"","meta":[],"product_brand":[],"product_cat":[44],"product_tag":[],"class_list":{"0":"post-3135","1":"product","2":"type-product","3":"status-publish","4":"has-post-thumbnail","6":"product_cat-uncategorized","8":"first","9":"instock","10":"shipping-taxable","11":"product-type-simple"},"yoast_head":"<!-- This site is optimized with the Yoast SEO Premium plugin v22.2 (Yoast SEO v26.2) - https:\/\/yoast.com\/wordpress\/plugins\/seo\/ -->\n<title>geburtsdatum rum\u00e4nischer ausweis<\/title>\n<meta name=\"description\" content=\"Du ben\u00f6tigst das korrekte Geburtsdatum von einem rum\u00e4nischen Personalausweis (Carte de Identitate) oder m\u00f6chtest verstehen\" \/>\n<meta name=\"robots\" content=\"noindex, follow, max-snippet:-1, max-image-preview:large, max-video-preview:-1\" \/>\n<meta property=\"og:locale\" content=\"en_US\" \/>\n<meta property=\"og:type\" content=\"article\" \/>\n<meta property=\"og:title\" content=\"geburtsdatum rum\u00e4nischer ausweis\" \/>\n<meta property=\"og:description\" content=\"Du ben\u00f6tigst das korrekte Geburtsdatum von einem rum\u00e4nischen Personalausweis (Carte de Identitate) oder m\u00f6chtest verstehen\" \/>\n<meta property=\"og:url\" content=\"https:\/\/reisepassfuhrer.com\/en\/product\/date-of-birth-romanian-identity-card\/\" \/>\n<meta property=\"og:site_name\" content=\"Reisepassfuhrer\" \/>\n<meta property=\"article:modified_time\" content=\"2025-08-24T11:01:30+00:00\" \/>\n<meta property=\"og:image\" content=\"http:\/\/reisepassfuhrer.com\/wp-content\/uploads\/2025\/08\/download-49.jpeg\" \/>\n\t<meta property=\"og:image:width\" content=\"285\" \/>\n\t<meta property=\"og:image:height\" content=\"177\" \/>\n\t<meta property=\"og:image:type\" content=\"image\/jpeg\" \/>\n<meta name=\"twitter:card\" content=\"summary_large_image\" \/>\n<meta name=\"twitter:label1\" content=\"Est. reading time\" \/>\n\t<meta name=\"twitter:data1\" content=\"1 minute\" \/>\n<script type=\"application\/ld+json\" class=\"yoast-schema-graph\">{\"@context\":\"https:\/\/schema.org\",\"@graph\":[{\"@type\":\"WebPage\",\"@id\":\"https:\/\/reisepassfuhrer.com\/product\/geburtsdatum-rumanischer-ausweis\/\",\"url\":\"https:\/\/reisepassfuhrer.com\/product\/geburtsdatum-rumanischer-ausweis\/\",\"name\":\"geburtsdatum rum\u00e4nischer ausweis\",\"isPartOf\":{\"@id\":\"https:\/\/reisepassfuhrer.com\/#website\"},\"primaryImageOfPage\":{\"@id\":\"https:\/\/reisepassfuhrer.com\/product\/geburtsdatum-rumanischer-ausweis\/#primaryimage\"},\"image\":{\"@id\":\"https:\/\/reisepassfuhrer.com\/product\/geburtsdatum-rumanischer-ausweis\/#primaryimage\"},\"thumbnailUrl\":\"https:\/\/reisepassfuhrer.com\/wp-content\/uploads\/2025\/08\/download-49.jpeg\",\"datePublished\":\"2025-08-24T11:01:29+00:00\",\"dateModified\":\"2025-08-24T11:01:30+00:00\",\"description\":\"Du ben\u00f6tigst das korrekte Geburtsdatum von einem rum\u00e4nischen Personalausweis (Carte de Identitate) oder m\u00f6chtest verstehen\",\"breadcrumb\":{\"@id\":\"https:\/\/reisepassfuhrer.com\/product\/geburtsdatum-rumanischer-ausweis\/#breadcrumb\"},\"inLanguage\":\"en-US\",\"potentialAction\":[{\"@type\":\"ReadAction\",\"target\":[\"https:\/\/reisepassfuhrer.com\/product\/geburtsdatum-rumanischer-ausweis\/\"]}]},{\"@type\":\"ImageObject\",\"inLanguage\":\"en-US\",\"@id\":\"https:\/\/reisepassfuhrer.com\/product\/geburtsdatum-rumanischer-ausweis\/#primaryimage\",\"url\":\"https:\/\/reisepassfuhrer.com\/wp-content\/uploads\/2025\/08\/download-49.jpeg\",\"contentUrl\":\"https:\/\/reisepassfuhrer.com\/wp-content\/uploads\/2025\/08\/download-49.jpeg\",\"width\":285,\"height\":177},{\"@type\":\"BreadcrumbList\",\"@id\":\"https:\/\/reisepassfuhrer.com\/product\/geburtsdatum-rumanischer-ausweis\/#breadcrumb\",\"itemListElement\":[{\"@type\":\"ListItem\",\"position\":1,\"name\":\"Home\",\"item\":\"https:\/\/reisepassfuhrer.com\/\"},{\"@type\":\"ListItem\",\"position\":2,\"name\":\"Shop\",\"item\":\"https:\/\/reisepassfuhrer.com\/shop\/\"},{\"@type\":\"ListItem\",\"position\":3,\"name\":\"geburtsdatum rum\u00e4nischer ausweis\"}]},{\"@type\":\"WebSite\",\"@id\":\"https:\/\/reisepassfuhrer.com\/#website\",\"url\":\"https:\/\/reisepassfuhrer.com\/\",\"name\":\"Reisepassfuhrer\",\"description\":\"Reisepass Beantragen Berlin\",\"publisher\":{\"@id\":\"https:\/\/reisepassfuhrer.com\/#organization\"},\"potentialAction\":[{\"@type\":\"SearchAction\",\"target\":{\"@type\":\"EntryPoint\",\"urlTemplate\":\"https:\/\/reisepassfuhrer.com\/?s={search_term_string}\"},\"query-input\":{\"@type\":\"PropertyValueSpecification\",\"valueRequired\":true,\"valueName\":\"search_term_string\"}}],\"inLanguage\":\"en-US\"},{\"@type\":\"Organization\",\"@id\":\"https:\/\/reisepassfuhrer.com\/#organization\",\"name\":\"Reisepassfuhrer\",\"url\":\"https:\/\/reisepassfuhrer.com\/\",\"logo\":{\"@type\":\"ImageObject\",\"inLanguage\":\"en-US\",\"@id\":\"https:\/\/reisepassfuhrer.com\/#\/schema\/logo\/image\/\",\"url\":\"https:\/\/reisepassfuhrer.com\/wp-content\/uploads\/2024\/03\/Reisepassfuhrer-logo.png\",\"contentUrl\":\"https:\/\/reisepassfuhrer.com\/wp-content\/uploads\/2024\/03\/Reisepassfuhrer-logo.png\",\"width\":112,\"height\":112,\"caption\":\"Reisepassfuhrer\"},\"image\":{\"@id\":\"https:\/\/reisepassfuhrer.com\/#\/schema\/logo\/image\/\"}}]}<\/script>\n<!-- \/ Yoast SEO Premium plugin. -->","yoast_head_json":{"title":"date of birth romanian identity card","description":"You need the correct date of birth from a Romanian identity card (Carte de Identitate) or want to understand","robots":{"index":"noindex","follow":"follow","max-snippet":"max-snippet:-1","max-image-preview":"max-image-preview:large","max-video-preview":"max-video-preview:-1"},"og_locale":"en_US","og_type":"article","og_title":"geburtsdatum rum\u00e4nischer ausweis","og_description":"Du ben\u00f6tigst das korrekte Geburtsdatum von einem rum\u00e4nischen Personalausweis (Carte de Identitate) oder m\u00f6chtest verstehen","og_url":"https:\/\/reisepassfuhrer.com\/en\/product\/date-of-birth-romanian-identity-card\/","og_site_name":"Reisepassfuhrer","article_modified_time":"2025-08-24T11:01:30+00:00","og_image":[{"width":285,"height":177,"url":"http:\/\/reisepassfuhrer.com\/wp-content\/uploads\/2025\/08\/download-49.jpeg","type":"image\/jpeg"}],"twitter_card":"summary_large_image","twitter_misc":{"Est. reading time":"1 minute"},"schema":{"@context":"https:\/\/schema.org","@graph":[{"@type":"WebPage","@id":"https:\/\/reisepassfuhrer.com\/product\/geburtsdatum-rumanischer-ausweis\/","url":"https:\/\/reisepassfuhrer.com\/product\/geburtsdatum-rumanischer-ausweis\/","name":"date of birth romanian identity card","isPartOf":{"@id":"https:\/\/reisepassfuhrer.com\/#website"},"primaryImageOfPage":{"@id":"https:\/\/reisepassfuhrer.com\/product\/geburtsdatum-rumanischer-ausweis\/#primaryimage"},"image":{"@id":"https:\/\/reisepassfuhrer.com\/product\/geburtsdatum-rumanischer-ausweis\/#primaryimage"},"thumbnailUrl":"https:\/\/reisepassfuhrer.com\/wp-content\/uploads\/2025\/08\/download-49.jpeg","datePublished":"2025-08-24T11:01:29+00:00","dateModified":"2025-08-24T11:01:30+00:00","description":"You need the correct date of birth from a Romanian identity card (Carte de Identitate) or want to understand","breadcrumb":{"@id":"https:\/\/reisepassfuhrer.com\/product\/geburtsdatum-rumanischer-ausweis\/#breadcrumb"},"inLanguage":"en-US","potentialAction":[{"@type":"ReadAction","target":["https:\/\/reisepassfuhrer.com\/product\/geburtsdatum-rumanischer-ausweis\/"]}]},{"@type":"ImageObject","inLanguage":"en-US","@id":"https:\/\/reisepassfuhrer.com\/product\/geburtsdatum-rumanischer-ausweis\/#primaryimage","url":"https:\/\/reisepassfuhrer.com\/wp-content\/uploads\/2025\/08\/download-49.jpeg","contentUrl":"https:\/\/reisepassfuhrer.com\/wp-content\/uploads\/2025\/08\/download-49.jpeg","width":285,"height":177},{"@type":"BreadcrumbList","@id":"https:\/\/reisepassfuhrer.com\/product\/geburtsdatum-rumanischer-ausweis\/#breadcrumb","itemListElement":[{"@type":"ListItem","position":1,"name":"Home","item":"https:\/\/reisepassfuhrer.com\/"},{"@type":"ListItem","position":2,"name":"Shop","item":"https:\/\/reisepassfuhrer.com\/shop\/"},{"@type":"ListItem","position":3,"name":"geburtsdatum rum\u00e4nischer ausweis"}]},{"@type":"WebSite","@id":"https:\/\/reisepassfuhrer.com\/#website","url":"https:\/\/reisepassfuhrer.com\/","name":"Passport guide","description":"Apply for a passport Berlin","publisher":{"@id":"https:\/\/reisepassfuhrer.com\/#organization"},"potentialAction":[{"@type":"SearchAction","target":{"@type":"EntryPoint","urlTemplate":"https:\/\/reisepassfuhrer.com\/?s={search_term_string}"},"query-input":{"@type":"PropertyValueSpecification","valueRequired":true,"valueName":"search_term_string"}}],"inLanguage":"en-US"},{"@type":"Organization","@id":"https:\/\/reisepassfuhrer.com\/#organization","name":"Passport guide","url":"https:\/\/reisepassfuhrer.com\/","logo":{"@type":"ImageObject","inLanguage":"en-US","@id":"https:\/\/reisepassfuhrer.com\/#\/schema\/logo\/image\/","url":"https:\/\/reisepassfuhrer.com\/wp-content\/uploads\/2024\/03\/Reisepassfuhrer-logo.png","contentUrl":"https:\/\/reisepassfuhrer.com\/wp-content\/uploads\/2024\/03\/Reisepassfuhrer-logo.png","width":112,"height":112,"caption":"Reisepassfuhrer"},"image":{"@id":"https:\/\/reisepassfuhrer.com\/#\/schema\/logo\/image\/"}}]}},"_links":{"self":[{"href":"https:\/\/reisepassfuhrer.com\/en\/wp-json\/wp\/v2\/product\/3135","targetHints":{"allow":["GET"]}}],"collection":[{"href":"https:\/\/reisepassfuhrer.com\/en\/wp-json\/wp\/v2\/product"}],"about":[{"href":"https:\/\/reisepassfuhrer.com\/en\/wp-json\/wp\/v2\/types\/product"}],"replies":[{"embeddable":true,"href":"https:\/\/reisepassfuhrer.com\/en\/wp-json\/wp\/v2\/comments?post=3135"}],"wp:featuredmedia":[{"embeddable":true,"href":"https:\/\/reisepassfuhrer.com\/en\/wp-json\/wp\/v2\/media\/3137"}],"wp:attachment":[{"href":"https:\/\/reisepassfuhrer.com\/en\/wp-json\/wp\/v2\/media?parent=3135"}],"wp:term":[{"taxonomy":"product_brand","embeddable":true,"href":"https:\/\/reisepassfuhrer.com\/en\/wp-json\/wp\/v2\/product_brand?post=3135"},{"taxonomy":"product_cat","embeddable":true,"href":"https:\/\/reisepassfuhrer.com\/en\/wp-json\/wp\/v2\/product_cat?post=3135"},{"taxonomy":"product_tag","embeddable":true,"href":"https:\/\/reisepassfuhrer.com\/en\/wp-json\/wp\/v2\/product_tag?post=3135"}],"curies":[{"name":"wp","href":"https:\/\/api.w.org\/{rel}","templated":true}]}}