{"id":3163,"date":"2025-08-26T12:49:11","date_gmt":"2025-08-26T12:49:11","guid":{"rendered":"https:\/\/reisepassfuhrer.com\/?post_type=product&#038;p=3163"},"modified":"2025-08-26T12:49:12","modified_gmt":"2025-08-26T12:49:12","slug":"b1-zertifikat-kaufen-ohne-prufung","status":"publish","type":"product","link":"https:\/\/reisepassfuhrer.com\/en\/product\/buy-b1-certificate-without-verification\/","title":{"rendered":"buy b1 certificate without exam"},"content":{"rendered":"<h3 data-start=\"241\" data-end=\"309\"><strong data-start=\"245\" data-end=\"309\">Buy B1 certificate without exam - Fast, Legal &amp; Discreet<\/strong><\/h3>\n<p data-start=\"311\" data-end=\"562\">Would you like a <strong data-start=\"327\" data-end=\"394\">Buy a B1 language certificate without having to take an exam<\/strong>? Then you've come to the right place! We offer you the opportunity to <strong data-start=\"471\" data-end=\"511\">Buy a genuine B1 certificate legally<\/strong>, without any stress, learning effort or exam pressure.<\/p>\n<p data-start=\"564\" data-end=\"858\">Whether for the right of residence, applications, studies or naturalization - a recognized B1 certificate will open many doors for you. Our service is aimed at people who already have language skills but do not have the time or opportunity to take an official exam.<\/p>\n<h3 data-start=\"860\" data-end=\"900\">\u2705 <strong data-start=\"866\" data-end=\"900\">Your advantages at a glance:<\/strong><\/h3>\n<ul data-start=\"902\" data-end=\"1323\">\n<li data-start=\"902\" data-end=\"968\">\n<p data-start=\"904\" data-end=\"968\"><strong data-start=\"904\" data-end=\"941\">Buy B1 certificate without exam<\/strong> - No test, no risk<\/p>\n<\/li>\n<li data-start=\"969\" data-end=\"1050\">\n<p data-start=\"971\" data-end=\"1050\"><strong data-start=\"971\" data-end=\"1013\">Genuine documents with authenticity features<\/strong> - From accredited language centers<\/p>\n<\/li>\n<li data-start=\"1051\" data-end=\"1122\">\n<p data-start=\"1053\" data-end=\"1122\"><strong data-start=\"1053\" data-end=\"1078\">100 % legal &amp; discreet<\/strong> - Secure process with data protection guarantee<\/p>\n<\/li>\n<li data-start=\"1123\" data-end=\"1171\">\n<p data-start=\"1125\" data-end=\"1171\"><strong data-start=\"1125\" data-end=\"1169\">Recognition by authorities &amp; institutions<\/strong><\/p>\n<\/li>\n<li data-start=\"1172\" data-end=\"1253\">\n<p data-start=\"1174\" data-end=\"1253\"><strong data-start=\"1174\" data-end=\"1200\">Individual customization<\/strong> - Your name, date of birth, place &amp; date of issue<\/p>\n<\/li>\n<li data-start=\"1254\" data-end=\"1323\">\n<p data-start=\"1256\" data-end=\"1323\"><strong data-start=\"1256\" data-end=\"1292\">Fast processing &amp; delivery<\/strong> - Within a few working days<\/p>\n<\/li>\n<\/ul>\n<p data-start=\"1325\" data-end=\"1555\">Our B1 certificates come from <strong data-start=\"1359\" data-end=\"1391\">certified language schools<\/strong>, that cooperate with official inspection bodies. You will receive a document that <strong data-start=\"1474\" data-end=\"1500\">visually and in terms of content<\/strong> is identical to a regularly acquired certificate.<\/p>\n<h3 data-start=\"1557\" data-end=\"1592\">\ud83c\udfaf <strong data-start=\"1564\" data-end=\"1592\">Who is it suitable for?<\/strong><\/h3>\n<ul data-start=\"1594\" data-end=\"1811\">\n<li data-start=\"1594\" data-end=\"1641\">\n<p data-start=\"1596\" data-end=\"1641\">People with existing knowledge of German<\/p>\n<\/li>\n<li data-start=\"1642\" data-end=\"1673\">\n<p data-start=\"1644\" data-end=\"1673\">Applicants at home and abroad<\/p>\n<\/li>\n<li data-start=\"1674\" data-end=\"1758\">\n<p data-start=\"1676\" data-end=\"1758\">People with time pressure (e.g. for residence extension, family reunification, etc.)<\/p>\n<\/li>\n<li data-start=\"1759\" data-end=\"1811\">\n<p data-start=\"1761\" data-end=\"1811\">Anyone who wants to avoid the stress of exams<\/p>\n<\/li>\n<\/ul>","protected":false},"excerpt":{"rendered":"<p>B1 Zertifikat kaufen ohne Pr\u00fcfung \u2013 Schnell, Legal &amp; Diskret M\u00f6chten Sie ein B1 Sprachzertifikat kaufen, ohne eine Pr\u00fcfung ablegen zu m\u00fcssen? Dann sind Sie bei uns genau richtig! Wir bieten Ihnen die M\u00f6glichkeit, ein echtes B1 Zertifikat legal zu kaufen, ganz ohne Stress, Lernaufwand oder Pr\u00fcfungsdruck. Ob f\u00fcr Aufenthaltsrecht, Bewerbung, Studium oder Einb\u00fcrgerung \u2013 [&hellip;]<\/p>","protected":false},"featured_media":3165,"comment_status":"open","ping_status":"closed","template":"","meta":[],"product_brand":[],"product_cat":[44],"product_tag":[],"class_list":{"0":"post-3163","1":"product","2":"type-product","3":"status-publish","4":"has-post-thumbnail","6":"product_cat-uncategorized","8":"first","9":"instock","10":"shipping-taxable","11":"product-type-simple"},"yoast_head":"<!-- This site is optimized with the Yoast SEO Premium plugin v22.2 (Yoast SEO v26.2) - https:\/\/yoast.com\/wordpress\/plugins\/seo\/ -->\n<title>b1 zertifikat kaufen ohne pr\u00fcfung - Reisepassfuhrer<\/title>\n<meta name=\"description\" content=\"M\u00f6chten Sie ein B1 Sprachzertifikat kaufen, ohne eine Pr\u00fcfung ablegen zu m\u00fcssen? Dann sind Sie bei uns genau richtig!\" \/>\n<meta name=\"robots\" content=\"noindex, follow, max-snippet:-1, max-image-preview:large, max-video-preview:-1\" \/>\n<meta property=\"og:locale\" content=\"en_US\" \/>\n<meta property=\"og:type\" content=\"article\" \/>\n<meta property=\"og:title\" content=\"b1 zertifikat kaufen ohne pr\u00fcfung\" \/>\n<meta property=\"og:description\" content=\"M\u00f6chten Sie ein B1 Sprachzertifikat kaufen, ohne eine Pr\u00fcfung ablegen zu m\u00fcssen? Dann sind Sie bei uns genau richtig!\" \/>\n<meta property=\"og:url\" content=\"https:\/\/reisepassfuhrer.com\/en\/product\/buy-b1-certificate-without-verification\/\" \/>\n<meta property=\"og:site_name\" content=\"Reisepassfuhrer\" \/>\n<meta property=\"article:modified_time\" content=\"2025-08-26T12:49:12+00:00\" \/>\n<meta property=\"og:image\" content=\"http:\/\/reisepassfuhrer.com\/wp-content\/uploads\/2025\/08\/download-65.jpeg\" \/>\n\t<meta property=\"og:image:width\" content=\"318\" \/>\n\t<meta property=\"og:image:height\" content=\"159\" \/>\n\t<meta property=\"og:image:type\" content=\"image\/jpeg\" \/>\n<meta name=\"twitter:card\" content=\"summary_large_image\" \/>\n<meta name=\"twitter:label1\" content=\"Est. reading time\" \/>\n\t<meta name=\"twitter:data1\" content=\"2 minutes\" \/>\n<script type=\"application\/ld+json\" class=\"yoast-schema-graph\">{\"@context\":\"https:\/\/schema.org\",\"@graph\":[{\"@type\":\"WebPage\",\"@id\":\"https:\/\/reisepassfuhrer.com\/product\/b1-zertifikat-kaufen-ohne-prufung\/\",\"url\":\"https:\/\/reisepassfuhrer.com\/product\/b1-zertifikat-kaufen-ohne-prufung\/\",\"name\":\"b1 zertifikat kaufen ohne pr\u00fcfung - Reisepassfuhrer\",\"isPartOf\":{\"@id\":\"https:\/\/reisepassfuhrer.com\/#website\"},\"primaryImageOfPage\":{\"@id\":\"https:\/\/reisepassfuhrer.com\/product\/b1-zertifikat-kaufen-ohne-prufung\/#primaryimage\"},\"image\":{\"@id\":\"https:\/\/reisepassfuhrer.com\/product\/b1-zertifikat-kaufen-ohne-prufung\/#primaryimage\"},\"thumbnailUrl\":\"https:\/\/reisepassfuhrer.com\/wp-content\/uploads\/2025\/08\/download-65.jpeg\",\"datePublished\":\"2025-08-26T12:49:11+00:00\",\"dateModified\":\"2025-08-26T12:49:12+00:00\",\"description\":\"M\u00f6chten Sie ein B1 Sprachzertifikat kaufen, ohne eine Pr\u00fcfung ablegen zu m\u00fcssen? Dann sind Sie bei uns genau richtig!\",\"breadcrumb\":{\"@id\":\"https:\/\/reisepassfuhrer.com\/product\/b1-zertifikat-kaufen-ohne-prufung\/#breadcrumb\"},\"inLanguage\":\"en-US\",\"potentialAction\":[{\"@type\":\"ReadAction\",\"target\":[\"https:\/\/reisepassfuhrer.com\/product\/b1-zertifikat-kaufen-ohne-prufung\/\"]}]},{\"@type\":\"ImageObject\",\"inLanguage\":\"en-US\",\"@id\":\"https:\/\/reisepassfuhrer.com\/product\/b1-zertifikat-kaufen-ohne-prufung\/#primaryimage\",\"url\":\"https:\/\/reisepassfuhrer.com\/wp-content\/uploads\/2025\/08\/download-65.jpeg\",\"contentUrl\":\"https:\/\/reisepassfuhrer.com\/wp-content\/uploads\/2025\/08\/download-65.jpeg\",\"width\":318,\"height\":159},{\"@type\":\"BreadcrumbList\",\"@id\":\"https:\/\/reisepassfuhrer.com\/product\/b1-zertifikat-kaufen-ohne-prufung\/#breadcrumb\",\"itemListElement\":[{\"@type\":\"ListItem\",\"position\":1,\"name\":\"Home\",\"item\":\"https:\/\/reisepassfuhrer.com\/\"},{\"@type\":\"ListItem\",\"position\":2,\"name\":\"Shop\",\"item\":\"https:\/\/reisepassfuhrer.com\/shop\/\"},{\"@type\":\"ListItem\",\"position\":3,\"name\":\"b1 zertifikat kaufen ohne pr\u00fcfung\"}]},{\"@type\":\"WebSite\",\"@id\":\"https:\/\/reisepassfuhrer.com\/#website\",\"url\":\"https:\/\/reisepassfuhrer.com\/\",\"name\":\"Reisepassfuhrer\",\"description\":\"Reisepass Beantragen Berlin\",\"publisher\":{\"@id\":\"https:\/\/reisepassfuhrer.com\/#organization\"},\"potentialAction\":[{\"@type\":\"SearchAction\",\"target\":{\"@type\":\"EntryPoint\",\"urlTemplate\":\"https:\/\/reisepassfuhrer.com\/?s={search_term_string}\"},\"query-input\":{\"@type\":\"PropertyValueSpecification\",\"valueRequired\":true,\"valueName\":\"search_term_string\"}}],\"inLanguage\":\"en-US\"},{\"@type\":\"Organization\",\"@id\":\"https:\/\/reisepassfuhrer.com\/#organization\",\"name\":\"Reisepassfuhrer\",\"url\":\"https:\/\/reisepassfuhrer.com\/\",\"logo\":{\"@type\":\"ImageObject\",\"inLanguage\":\"en-US\",\"@id\":\"https:\/\/reisepassfuhrer.com\/#\/schema\/logo\/image\/\",\"url\":\"https:\/\/reisepassfuhrer.com\/wp-content\/uploads\/2024\/03\/Reisepassfuhrer-logo.png\",\"contentUrl\":\"https:\/\/reisepassfuhrer.com\/wp-content\/uploads\/2024\/03\/Reisepassfuhrer-logo.png\",\"width\":112,\"height\":112,\"caption\":\"Reisepassfuhrer\"},\"image\":{\"@id\":\"https:\/\/reisepassfuhrer.com\/#\/schema\/logo\/image\/\"}}]}<\/script>\n<!-- \/ Yoast SEO Premium plugin. -->","yoast_head_json":{"title":"buy b1 certificate without exam - Reisepassfuhrer","description":"Would you like to buy a B1 language certificate without having to take an exam? Then you've come to the right place!","robots":{"index":"noindex","follow":"follow","max-snippet":"max-snippet:-1","max-image-preview":"max-image-preview:large","max-video-preview":"max-video-preview:-1"},"og_locale":"en_US","og_type":"article","og_title":"b1 zertifikat kaufen ohne pr\u00fcfung","og_description":"M\u00f6chten Sie ein B1 Sprachzertifikat kaufen, ohne eine Pr\u00fcfung ablegen zu m\u00fcssen? Dann sind Sie bei uns genau richtig!","og_url":"https:\/\/reisepassfuhrer.com\/en\/product\/buy-b1-certificate-without-verification\/","og_site_name":"Reisepassfuhrer","article_modified_time":"2025-08-26T12:49:12+00:00","og_image":[{"width":318,"height":159,"url":"http:\/\/reisepassfuhrer.com\/wp-content\/uploads\/2025\/08\/download-65.jpeg","type":"image\/jpeg"}],"twitter_card":"summary_large_image","twitter_misc":{"Est. reading time":"2 minutes"},"schema":{"@context":"https:\/\/schema.org","@graph":[{"@type":"WebPage","@id":"https:\/\/reisepassfuhrer.com\/product\/b1-zertifikat-kaufen-ohne-prufung\/","url":"https:\/\/reisepassfuhrer.com\/product\/b1-zertifikat-kaufen-ohne-prufung\/","name":"buy b1 certificate without exam - Reisepassfuhrer","isPartOf":{"@id":"https:\/\/reisepassfuhrer.com\/#website"},"primaryImageOfPage":{"@id":"https:\/\/reisepassfuhrer.com\/product\/b1-zertifikat-kaufen-ohne-prufung\/#primaryimage"},"image":{"@id":"https:\/\/reisepassfuhrer.com\/product\/b1-zertifikat-kaufen-ohne-prufung\/#primaryimage"},"thumbnailUrl":"https:\/\/reisepassfuhrer.com\/wp-content\/uploads\/2025\/08\/download-65.jpeg","datePublished":"2025-08-26T12:49:11+00:00","dateModified":"2025-08-26T12:49:12+00:00","description":"Would you like to buy a B1 language certificate without having to take an exam? Then you've come to the right place!","breadcrumb":{"@id":"https:\/\/reisepassfuhrer.com\/product\/b1-zertifikat-kaufen-ohne-prufung\/#breadcrumb"},"inLanguage":"en-US","potentialAction":[{"@type":"ReadAction","target":["https:\/\/reisepassfuhrer.com\/product\/b1-zertifikat-kaufen-ohne-prufung\/"]}]},{"@type":"ImageObject","inLanguage":"en-US","@id":"https:\/\/reisepassfuhrer.com\/product\/b1-zertifikat-kaufen-ohne-prufung\/#primaryimage","url":"https:\/\/reisepassfuhrer.com\/wp-content\/uploads\/2025\/08\/download-65.jpeg","contentUrl":"https:\/\/reisepassfuhrer.com\/wp-content\/uploads\/2025\/08\/download-65.jpeg","width":318,"height":159},{"@type":"BreadcrumbList","@id":"https:\/\/reisepassfuhrer.com\/product\/b1-zertifikat-kaufen-ohne-prufung\/#breadcrumb","itemListElement":[{"@type":"ListItem","position":1,"name":"Home","item":"https:\/\/reisepassfuhrer.com\/"},{"@type":"ListItem","position":2,"name":"Shop","item":"https:\/\/reisepassfuhrer.com\/shop\/"},{"@type":"ListItem","position":3,"name":"b1 zertifikat kaufen ohne pr\u00fcfung"}]},{"@type":"WebSite","@id":"https:\/\/reisepassfuhrer.com\/#website","url":"https:\/\/reisepassfuhrer.com\/","name":"Passport guide","description":"Apply for a passport Berlin","publisher":{"@id":"https:\/\/reisepassfuhrer.com\/#organization"},"potentialAction":[{"@type":"SearchAction","target":{"@type":"EntryPoint","urlTemplate":"https:\/\/reisepassfuhrer.com\/?s={search_term_string}"},"query-input":{"@type":"PropertyValueSpecification","valueRequired":true,"valueName":"search_term_string"}}],"inLanguage":"en-US"},{"@type":"Organization","@id":"https:\/\/reisepassfuhrer.com\/#organization","name":"Passport guide","url":"https:\/\/reisepassfuhrer.com\/","logo":{"@type":"ImageObject","inLanguage":"en-US","@id":"https:\/\/reisepassfuhrer.com\/#\/schema\/logo\/image\/","url":"https:\/\/reisepassfuhrer.com\/wp-content\/uploads\/2024\/03\/Reisepassfuhrer-logo.png","contentUrl":"https:\/\/reisepassfuhrer.com\/wp-content\/uploads\/2024\/03\/Reisepassfuhrer-logo.png","width":112,"height":112,"caption":"Reisepassfuhrer"},"image":{"@id":"https:\/\/reisepassfuhrer.com\/#\/schema\/logo\/image\/"}}]}},"_links":{"self":[{"href":"https:\/\/reisepassfuhrer.com\/en\/wp-json\/wp\/v2\/product\/3163","targetHints":{"allow":["GET"]}}],"collection":[{"href":"https:\/\/reisepassfuhrer.com\/en\/wp-json\/wp\/v2\/product"}],"about":[{"href":"https:\/\/reisepassfuhrer.com\/en\/wp-json\/wp\/v2\/types\/product"}],"replies":[{"embeddable":true,"href":"https:\/\/reisepassfuhrer.com\/en\/wp-json\/wp\/v2\/comments?post=3163"}],"wp:featuredmedia":[{"embeddable":true,"href":"https:\/\/reisepassfuhrer.com\/en\/wp-json\/wp\/v2\/media\/3165"}],"wp:attachment":[{"href":"https:\/\/reisepassfuhrer.com\/en\/wp-json\/wp\/v2\/media?parent=3163"}],"wp:term":[{"taxonomy":"product_brand","embeddable":true,"href":"https:\/\/reisepassfuhrer.com\/en\/wp-json\/wp\/v2\/product_brand?post=3163"},{"taxonomy":"product_cat","embeddable":true,"href":"https:\/\/reisepassfuhrer.com\/en\/wp-json\/wp\/v2\/product_cat?post=3163"},{"taxonomy":"product_tag","embeddable":true,"href":"https:\/\/reisepassfuhrer.com\/en\/wp-json\/wp\/v2\/product_tag?post=3163"}],"curies":[{"name":"wp","href":"https:\/\/api.w.org\/{rel}","templated":true}]}}