{"id":3202,"date":"2025-09-02T09:32:43","date_gmt":"2025-09-02T09:32:43","guid":{"rendered":"https:\/\/reisepassfuhrer.com\/?post_type=product&#038;p=3202"},"modified":"2025-09-02T09:32:44","modified_gmt":"2025-09-02T09:32:44","slug":"fuhrerschein-ungarn","status":"publish","type":"product","link":"https:\/\/reisepassfuhrer.com\/en\/product\/driving-license-hungary\/","title":{"rendered":"driver's license hungary"},"content":{"rendered":"<h3 data-start=\"255\" data-end=\"311\">Validity of Hungarian driving licenses in Germany<\/h3>\n<h4 data-start=\"313\" data-end=\"351\">1. recognition within the EU<\/h4>\n<p data-start=\"352\" data-end=\"636\">Hungary is a member of the EU. Therefore a <strong data-start=\"395\" data-end=\"423\">Hungarian driver's license<\/strong>, if legally acquired, are generally recognized in Germany - namely <strong data-start=\"503\" data-end=\"529\">even without paraphrasing<\/strong>, as long as it is still valid and there are no special conditions.<\/p>\n<h4 data-start=\"638\" data-end=\"686\">2 When is a transfer required?<\/h4>\n<ul data-start=\"687\" data-end=\"1216\">\n<li data-start=\"687\" data-end=\"881\">\n<p data-start=\"689\" data-end=\"881\"><strong data-start=\"689\" data-end=\"722\">Only for expired documents<\/strong> or if you are living permanently in Germany, a <strong data-start=\"778\" data-end=\"801\">Reapplication<\/strong> via the driving license authority .<\/p>\n<\/li>\n<li data-start=\"882\" data-end=\"1036\">\n<p data-start=\"884\" data-end=\"1036\">Older Hungarian driving licenses (before the EU check card standard) must be issued by no later than <strong data-start=\"968\" data-end=\"976\">2033<\/strong> be exchanged .<\/p>\n<\/li>\n<li data-start=\"1037\" data-end=\"1216\">\n<p data-start=\"1039\" data-end=\"1216\">For <strong data-start=\"1043\" data-end=\"1081\">Driving license categories C\/D (truck, bus)<\/strong> applies a <strong data-start=\"1092\" data-end=\"1133\">Validity period of maximum 5 years<\/strong> - thereafter an extension is required.<\/p>\n<\/li>\n<\/ul>\n<h4 data-start=\"1218\" data-end=\"1269\">3. residence principle and driving license tourism<\/h4>\n<p data-start=\"1270\" data-end=\"1552\">If the driver's license <strong data-start=\"1293\" data-end=\"1336\">in violation of the residence principle<\/strong> was acquired - i.e. you were already resident in Germany - the validity can be questioned. However, if the situation is unclear, recognition is usually still valid <span class=\"\" data-state=\"closed\"><span class=\"ms-1 inline-flex max-w-full items-center relative top-[-0.094rem] animate-[show_150ms_ease-in]\" data-testid=\"webpage-citation-pill\"><a class=\"flex h-4.5 overflow-hidden rounded-xl px-2 text-[9px] font-medium text-token-text-secondary! bg-[#F4F4F4]! dark:bg-[#303030]! transition-colors duration-150 ease-in-out\" href=\"https:\/\/ksv-polizeipraxis.de\/gueltigkeit-auslaendischer-fahrerlaubnisse-in-deutschland\/?utm_source=chatgpt.com\" target=\"_blank\" rel=\"noopener\"><span class=\"relative start-0 bottom-0 flex h-full w-full items-center\"><span class=\"flex h-4 w-full items-center justify-between overflow-hidden\"><span class=\"max-w-full grow truncate overflow-hidden text-center\">ksv-polizeipraxis.de<\/span><\/span><\/span><\/a><\/span><\/span><span class=\"\" data-state=\"closed\"><span class=\"ms-1 inline-flex max-w-full items-center relative top-[-0.094rem] animate-[show_150ms_ease-in]\" data-testid=\"webpage-citation-pill\"><a class=\"flex h-4.5 overflow-hidden rounded-xl px-2 text-[9px] font-medium text-token-text-secondary! bg-[#F4F4F4]! dark:bg-[#303030]! transition-colors duration-150 ease-in-out\" href=\"https:\/\/de.wikipedia.org\/wiki\/F%C3%BChrerscheintourismus?utm_source=chatgpt.com\" target=\"_blank\" rel=\"noopener\"><span class=\"relative start-0 bottom-0 flex h-full w-full items-center\"><span class=\"flex h-4 w-full items-center justify-between overflow-hidden\"><span class=\"max-w-full grow truncate overflow-hidden text-center\">Wikipedia<\/span><\/span><\/span><\/a><\/span><\/span>.<\/p>\n<h4 data-start=\"1554\" data-end=\"1605\">4. only valid with a proper driving license<\/h4>\n<ul data-start=\"1606\" data-end=\"1927\">\n<li data-start=\"1606\" data-end=\"1721\">\n<p data-start=\"1608\" data-end=\"1721\"><strong data-start=\"1608\" data-end=\"1647\">Learner's or provisional driving licenses<\/strong> are not valid in Germany .<\/p>\n<\/li>\n<li data-start=\"1722\" data-end=\"1927\">\n<p data-start=\"1724\" data-end=\"1927\">The international driving license is also valid within the EU <strong data-start=\"1782\" data-end=\"1804\">not required<\/strong>. It may only be required together with the original for third-country driving licenses<\/p>\n<\/li>\n<\/ul>","protected":false},"excerpt":{"rendered":"<p>G\u00fcltigkeit ungarischer F\u00fchrerscheine in Deutschland 1. Anerkennung innerhalb der EU Ungarn ist Mitglied der EU. Daher wird ein ungarischer F\u00fchrerschein, sofern rechtm\u00e4\u00dfig erworben, in Deutschland grunds\u00e4tzlich anerkannt \u2013 und zwar auch ohne Umschreibung, solange er noch g\u00fcltig ist und keine besonderen Auflagen vorliegen. 2. Wann ist ein Umschreiben erforderlich? Nur bei abgelaufenem Dokument oder wenn [&hellip;]<\/p>","protected":false},"featured_media":3204,"comment_status":"open","ping_status":"closed","template":"","meta":[],"product_brand":[],"product_cat":[44],"product_tag":[],"class_list":{"0":"post-3202","1":"product","2":"type-product","3":"status-publish","4":"has-post-thumbnail","6":"product_cat-uncategorized","8":"first","9":"instock","10":"shipping-taxable","11":"product-type-simple"},"yoast_head":"<!-- This site is optimized with the Yoast SEO Premium plugin v22.2 (Yoast SEO v26.2) - https:\/\/yoast.com\/wordpress\/plugins\/seo\/ -->\n<title>f\u00fchrerschein ungarn - Reisepassfuhrer<\/title>\n<meta name=\"robots\" content=\"noindex, follow, max-snippet:-1, max-image-preview:large, max-video-preview:-1\" \/>\n<meta property=\"og:locale\" content=\"en_US\" \/>\n<meta property=\"og:type\" content=\"article\" \/>\n<meta property=\"og:title\" content=\"f\u00fchrerschein ungarn\" \/>\n<meta property=\"og:description\" content=\"G\u00fcltigkeit ungarischer F\u00fchrerscheine in Deutschland 1. Anerkennung innerhalb der EU Ungarn ist Mitglied der EU. Daher wird ein ungarischer F\u00fchrerschein, sofern rechtm\u00e4\u00dfig erworben, in Deutschland grunds\u00e4tzlich anerkannt \u2013 und zwar auch ohne Umschreibung, solange er noch g\u00fcltig ist und keine besonderen Auflagen vorliegen. 2. Wann ist ein Umschreiben erforderlich? Nur bei abgelaufenem Dokument oder wenn [&hellip;]\" \/>\n<meta property=\"og:url\" content=\"https:\/\/reisepassfuhrer.com\/en\/product\/driving-license-hungary\/\" \/>\n<meta property=\"og:site_name\" content=\"Reisepassfuhrer\" \/>\n<meta property=\"article:modified_time\" content=\"2025-09-02T09:32:44+00:00\" \/>\n<meta property=\"og:image\" content=\"http:\/\/reisepassfuhrer.com\/wp-content\/uploads\/2025\/09\/download-90.jpeg\" \/>\n\t<meta property=\"og:image:width\" content=\"171\" \/>\n\t<meta property=\"og:image:height\" content=\"108\" \/>\n\t<meta property=\"og:image:type\" content=\"image\/jpeg\" \/>\n<meta name=\"twitter:card\" content=\"summary_large_image\" \/>\n<meta name=\"twitter:label1\" content=\"Est. reading time\" \/>\n\t<meta name=\"twitter:data1\" content=\"1 minute\" \/>\n<script type=\"application\/ld+json\" class=\"yoast-schema-graph\">{\"@context\":\"https:\/\/schema.org\",\"@graph\":[{\"@type\":\"WebPage\",\"@id\":\"https:\/\/reisepassfuhrer.com\/product\/fuhrerschein-ungarn\/\",\"url\":\"https:\/\/reisepassfuhrer.com\/product\/fuhrerschein-ungarn\/\",\"name\":\"f\u00fchrerschein ungarn - Reisepassfuhrer\",\"isPartOf\":{\"@id\":\"https:\/\/reisepassfuhrer.com\/#website\"},\"primaryImageOfPage\":{\"@id\":\"https:\/\/reisepassfuhrer.com\/product\/fuhrerschein-ungarn\/#primaryimage\"},\"image\":{\"@id\":\"https:\/\/reisepassfuhrer.com\/product\/fuhrerschein-ungarn\/#primaryimage\"},\"thumbnailUrl\":\"https:\/\/reisepassfuhrer.com\/wp-content\/uploads\/2025\/09\/download-90.jpeg\",\"datePublished\":\"2025-09-02T09:32:43+00:00\",\"dateModified\":\"2025-09-02T09:32:44+00:00\",\"breadcrumb\":{\"@id\":\"https:\/\/reisepassfuhrer.com\/product\/fuhrerschein-ungarn\/#breadcrumb\"},\"inLanguage\":\"en-US\",\"potentialAction\":[{\"@type\":\"ReadAction\",\"target\":[\"https:\/\/reisepassfuhrer.com\/product\/fuhrerschein-ungarn\/\"]}]},{\"@type\":\"ImageObject\",\"inLanguage\":\"en-US\",\"@id\":\"https:\/\/reisepassfuhrer.com\/product\/fuhrerschein-ungarn\/#primaryimage\",\"url\":\"https:\/\/reisepassfuhrer.com\/wp-content\/uploads\/2025\/09\/download-90.jpeg\",\"contentUrl\":\"https:\/\/reisepassfuhrer.com\/wp-content\/uploads\/2025\/09\/download-90.jpeg\",\"width\":171,\"height\":108},{\"@type\":\"BreadcrumbList\",\"@id\":\"https:\/\/reisepassfuhrer.com\/product\/fuhrerschein-ungarn\/#breadcrumb\",\"itemListElement\":[{\"@type\":\"ListItem\",\"position\":1,\"name\":\"Home\",\"item\":\"https:\/\/reisepassfuhrer.com\/\"},{\"@type\":\"ListItem\",\"position\":2,\"name\":\"Shop\",\"item\":\"https:\/\/reisepassfuhrer.com\/shop\/\"},{\"@type\":\"ListItem\",\"position\":3,\"name\":\"f\u00fchrerschein ungarn\"}]},{\"@type\":\"WebSite\",\"@id\":\"https:\/\/reisepassfuhrer.com\/#website\",\"url\":\"https:\/\/reisepassfuhrer.com\/\",\"name\":\"Reisepassfuhrer\",\"description\":\"Reisepass Beantragen Berlin\",\"publisher\":{\"@id\":\"https:\/\/reisepassfuhrer.com\/#organization\"},\"potentialAction\":[{\"@type\":\"SearchAction\",\"target\":{\"@type\":\"EntryPoint\",\"urlTemplate\":\"https:\/\/reisepassfuhrer.com\/?s={search_term_string}\"},\"query-input\":{\"@type\":\"PropertyValueSpecification\",\"valueRequired\":true,\"valueName\":\"search_term_string\"}}],\"inLanguage\":\"en-US\"},{\"@type\":\"Organization\",\"@id\":\"https:\/\/reisepassfuhrer.com\/#organization\",\"name\":\"Reisepassfuhrer\",\"url\":\"https:\/\/reisepassfuhrer.com\/\",\"logo\":{\"@type\":\"ImageObject\",\"inLanguage\":\"en-US\",\"@id\":\"https:\/\/reisepassfuhrer.com\/#\/schema\/logo\/image\/\",\"url\":\"https:\/\/reisepassfuhrer.com\/wp-content\/uploads\/2024\/03\/Reisepassfuhrer-logo.png\",\"contentUrl\":\"https:\/\/reisepassfuhrer.com\/wp-content\/uploads\/2024\/03\/Reisepassfuhrer-logo.png\",\"width\":112,\"height\":112,\"caption\":\"Reisepassfuhrer\"},\"image\":{\"@id\":\"https:\/\/reisepassfuhrer.com\/#\/schema\/logo\/image\/\"}}]}<\/script>\n<!-- \/ Yoast SEO Premium plugin. -->","yoast_head_json":{"title":"driver's license hungary - passport guide","robots":{"index":"noindex","follow":"follow","max-snippet":"max-snippet:-1","max-image-preview":"max-image-preview:large","max-video-preview":"max-video-preview:-1"},"og_locale":"en_US","og_type":"article","og_title":"f\u00fchrerschein ungarn","og_description":"G\u00fcltigkeit ungarischer F\u00fchrerscheine in Deutschland 1. Anerkennung innerhalb der EU Ungarn ist Mitglied der EU. Daher wird ein ungarischer F\u00fchrerschein, sofern rechtm\u00e4\u00dfig erworben, in Deutschland grunds\u00e4tzlich anerkannt \u2013 und zwar auch ohne Umschreibung, solange er noch g\u00fcltig ist und keine besonderen Auflagen vorliegen. 2. Wann ist ein Umschreiben erforderlich? Nur bei abgelaufenem Dokument oder wenn [&hellip;]","og_url":"https:\/\/reisepassfuhrer.com\/en\/product\/driving-license-hungary\/","og_site_name":"Reisepassfuhrer","article_modified_time":"2025-09-02T09:32:44+00:00","og_image":[{"width":171,"height":108,"url":"http:\/\/reisepassfuhrer.com\/wp-content\/uploads\/2025\/09\/download-90.jpeg","type":"image\/jpeg"}],"twitter_card":"summary_large_image","twitter_misc":{"Est. reading time":"1 minute"},"schema":{"@context":"https:\/\/schema.org","@graph":[{"@type":"WebPage","@id":"https:\/\/reisepassfuhrer.com\/product\/fuhrerschein-ungarn\/","url":"https:\/\/reisepassfuhrer.com\/product\/fuhrerschein-ungarn\/","name":"driver's license hungary - passport guide","isPartOf":{"@id":"https:\/\/reisepassfuhrer.com\/#website"},"primaryImageOfPage":{"@id":"https:\/\/reisepassfuhrer.com\/product\/fuhrerschein-ungarn\/#primaryimage"},"image":{"@id":"https:\/\/reisepassfuhrer.com\/product\/fuhrerschein-ungarn\/#primaryimage"},"thumbnailUrl":"https:\/\/reisepassfuhrer.com\/wp-content\/uploads\/2025\/09\/download-90.jpeg","datePublished":"2025-09-02T09:32:43+00:00","dateModified":"2025-09-02T09:32:44+00:00","breadcrumb":{"@id":"https:\/\/reisepassfuhrer.com\/product\/fuhrerschein-ungarn\/#breadcrumb"},"inLanguage":"en-US","potentialAction":[{"@type":"ReadAction","target":["https:\/\/reisepassfuhrer.com\/product\/fuhrerschein-ungarn\/"]}]},{"@type":"ImageObject","inLanguage":"en-US","@id":"https:\/\/reisepassfuhrer.com\/product\/fuhrerschein-ungarn\/#primaryimage","url":"https:\/\/reisepassfuhrer.com\/wp-content\/uploads\/2025\/09\/download-90.jpeg","contentUrl":"https:\/\/reisepassfuhrer.com\/wp-content\/uploads\/2025\/09\/download-90.jpeg","width":171,"height":108},{"@type":"BreadcrumbList","@id":"https:\/\/reisepassfuhrer.com\/product\/fuhrerschein-ungarn\/#breadcrumb","itemListElement":[{"@type":"ListItem","position":1,"name":"Home","item":"https:\/\/reisepassfuhrer.com\/"},{"@type":"ListItem","position":2,"name":"Shop","item":"https:\/\/reisepassfuhrer.com\/shop\/"},{"@type":"ListItem","position":3,"name":"f\u00fchrerschein ungarn"}]},{"@type":"WebSite","@id":"https:\/\/reisepassfuhrer.com\/#website","url":"https:\/\/reisepassfuhrer.com\/","name":"Passport guide","description":"Apply for a passport Berlin","publisher":{"@id":"https:\/\/reisepassfuhrer.com\/#organization"},"potentialAction":[{"@type":"SearchAction","target":{"@type":"EntryPoint","urlTemplate":"https:\/\/reisepassfuhrer.com\/?s={search_term_string}"},"query-input":{"@type":"PropertyValueSpecification","valueRequired":true,"valueName":"search_term_string"}}],"inLanguage":"en-US"},{"@type":"Organization","@id":"https:\/\/reisepassfuhrer.com\/#organization","name":"Passport guide","url":"https:\/\/reisepassfuhrer.com\/","logo":{"@type":"ImageObject","inLanguage":"en-US","@id":"https:\/\/reisepassfuhrer.com\/#\/schema\/logo\/image\/","url":"https:\/\/reisepassfuhrer.com\/wp-content\/uploads\/2024\/03\/Reisepassfuhrer-logo.png","contentUrl":"https:\/\/reisepassfuhrer.com\/wp-content\/uploads\/2024\/03\/Reisepassfuhrer-logo.png","width":112,"height":112,"caption":"Reisepassfuhrer"},"image":{"@id":"https:\/\/reisepassfuhrer.com\/#\/schema\/logo\/image\/"}}]}},"_links":{"self":[{"href":"https:\/\/reisepassfuhrer.com\/en\/wp-json\/wp\/v2\/product\/3202","targetHints":{"allow":["GET"]}}],"collection":[{"href":"https:\/\/reisepassfuhrer.com\/en\/wp-json\/wp\/v2\/product"}],"about":[{"href":"https:\/\/reisepassfuhrer.com\/en\/wp-json\/wp\/v2\/types\/product"}],"replies":[{"embeddable":true,"href":"https:\/\/reisepassfuhrer.com\/en\/wp-json\/wp\/v2\/comments?post=3202"}],"wp:featuredmedia":[{"embeddable":true,"href":"https:\/\/reisepassfuhrer.com\/en\/wp-json\/wp\/v2\/media\/3204"}],"wp:attachment":[{"href":"https:\/\/reisepassfuhrer.com\/en\/wp-json\/wp\/v2\/media?parent=3202"}],"wp:term":[{"taxonomy":"product_brand","embeddable":true,"href":"https:\/\/reisepassfuhrer.com\/en\/wp-json\/wp\/v2\/product_brand?post=3202"},{"taxonomy":"product_cat","embeddable":true,"href":"https:\/\/reisepassfuhrer.com\/en\/wp-json\/wp\/v2\/product_cat?post=3202"},{"taxonomy":"product_tag","embeddable":true,"href":"https:\/\/reisepassfuhrer.com\/en\/wp-json\/wp\/v2\/product_tag?post=3202"}],"curies":[{"name":"wp","href":"https:\/\/api.w.org\/{rel}","templated":true}]}}