{"id":3222,"date":"2025-09-18T12:20:15","date_gmt":"2025-09-18T12:20:15","guid":{"rendered":"https:\/\/reisepassfuhrer.com\/?post_type=product&#038;p=3222"},"modified":"2025-09-18T12:20:16","modified_gmt":"2025-09-18T12:20:16","slug":"fuhrerschein-italien-kosten","status":"publish","type":"product","link":"https:\/\/reisepassfuhrer.com\/en\/product\/driving-license-italy-costs\/","title":{"rendered":"driving license italy costs"},"content":{"rendered":"<h3 data-start=\"248\" data-end=\"318\">Driving license in Italy - Cheap, fast &amp; valid throughout the EU<\/h3>\n<p data-start=\"320\" data-end=\"598\">You want the <strong data-start=\"336\" data-end=\"370\">Get a driver's license in Italy<\/strong>, but ask yourself which <strong data-start=\"397\" data-end=\"407\">Costs<\/strong> coming your way? We give you full transparency! We'll show you how you can <strong data-start=\"496\" data-end=\"551\">Obtain an Italian driving license cost-effectively<\/strong> can - legally and <strong data-start=\"576\" data-end=\"597\">Recognized throughout the EU<\/strong>.<\/p>\n<p data-start=\"600\" data-end=\"940\">The <strong data-start=\"604\" data-end=\"635\">Driving license Italy costs<\/strong> are often significantly lower than in Germany. You also benefit from faster processing, more flexible examination modalities and less bureaucracy. Our service accompanies you step by step: from registering with the Italian driving school to receiving your driving license.<\/p>\n<h3 data-start=\"947\" data-end=\"986\">\u00a0Your advantages at a glance:<\/h3>\n<ul data-start=\"987\" data-end=\"1199\">\n<li data-start=\"987\" data-end=\"1042\">\n<p data-start=\"989\" data-end=\"1042\">\u2714\ufe0f <strong data-start=\"992\" data-end=\"1021\">Significantly lower costs<\/strong> than in Germany<\/p>\n<\/li>\n<li data-start=\"1043\" data-end=\"1087\">\n<p data-start=\"1045\" data-end=\"1087\">\u2714\ufe0f <strong data-start=\"1048\" data-end=\"1085\">Fully valid within the EU<\/strong><\/p>\n<\/li>\n<li data-start=\"1088\" data-end=\"1139\">\n<p data-start=\"1090\" data-end=\"1139\">\u2714\ufe0f <strong data-start=\"1093\" data-end=\"1137\">Fast process &amp; personal support<\/strong><\/p>\n<\/li>\n<li data-start=\"1140\" data-end=\"1199\">\n<p data-start=\"1142\" data-end=\"1199\">\u2714\ufe0f Support with <strong data-start=\"1163\" data-end=\"1197\">Translations &amp; visits to authorities<\/strong><\/p>\n<\/li>\n<\/ul>\n<p data-start=\"1201\" data-end=\"1366\">Whether you want to get a new driver's license or get a new one after a withdrawal - we can help you, <strong data-start=\"1296\" data-end=\"1365\">Understand and optimize driving license costs in Italy<\/strong>.<\/p>","protected":false},"excerpt":{"rendered":"<p>F\u00fchrerschein in Italien \u2013 G\u00fcnstig, Schnell &amp; EU-weit g\u00fcltig Du m\u00f6chtest den F\u00fchrerschein in Italien machen, aber fragst dich, welche Kosten auf dich zukommen? Bei uns erh\u00e4ltst du volle Transparenz! Wir zeigen dir, wie du deinen italienischen F\u00fchrerschein kosteneffizient erwerben kannst \u2013 ganz legal und EU-weit anerkannt. Die F\u00fchrerschein Italien Kosten sind oft deutlich niedriger [&hellip;]<\/p>","protected":false},"featured_media":3224,"comment_status":"open","ping_status":"closed","template":"","meta":[],"product_brand":[],"product_cat":[44],"product_tag":[],"class_list":{"0":"post-3222","1":"product","2":"type-product","3":"status-publish","4":"has-post-thumbnail","6":"product_cat-uncategorized","8":"first","9":"instock","10":"shipping-taxable","11":"product-type-simple"},"yoast_head":"<!-- This site is optimized with the Yoast SEO Premium plugin v22.2 (Yoast SEO v26.2) - https:\/\/yoast.com\/wordpress\/plugins\/seo\/ -->\n<title>f\u00fchrerschein italien kosten - Reisepassfuhrer<\/title>\n<meta name=\"robots\" content=\"noindex, follow, max-snippet:-1, max-image-preview:large, max-video-preview:-1\" \/>\n<meta property=\"og:locale\" content=\"en_US\" \/>\n<meta property=\"og:type\" content=\"article\" \/>\n<meta property=\"og:title\" content=\"f\u00fchrerschein italien kosten\" \/>\n<meta property=\"og:description\" content=\"F\u00fchrerschein in Italien \u2013 G\u00fcnstig, Schnell &amp; EU-weit g\u00fcltig Du m\u00f6chtest den F\u00fchrerschein in Italien machen, aber fragst dich, welche Kosten auf dich zukommen? Bei uns erh\u00e4ltst du volle Transparenz! Wir zeigen dir, wie du deinen italienischen F\u00fchrerschein kosteneffizient erwerben kannst \u2013 ganz legal und EU-weit anerkannt. Die F\u00fchrerschein Italien Kosten sind oft deutlich niedriger [&hellip;]\" \/>\n<meta property=\"og:url\" content=\"https:\/\/reisepassfuhrer.com\/en\/product\/driving-license-italy-costs\/\" \/>\n<meta property=\"og:site_name\" content=\"Reisepassfuhrer\" \/>\n<meta property=\"article:modified_time\" content=\"2025-09-18T12:20:16+00:00\" \/>\n<meta property=\"og:image\" content=\"http:\/\/reisepassfuhrer.com\/wp-content\/uploads\/2025\/09\/download-2025-09-18T051932.515.jpeg\" \/>\n\t<meta property=\"og:image:width\" content=\"280\" \/>\n\t<meta property=\"og:image:height\" content=\"180\" \/>\n\t<meta property=\"og:image:type\" content=\"image\/jpeg\" \/>\n<meta name=\"twitter:card\" content=\"summary_large_image\" \/>\n<meta name=\"twitter:label1\" content=\"Est. reading time\" \/>\n\t<meta name=\"twitter:data1\" content=\"1 minute\" \/>\n<script type=\"application\/ld+json\" class=\"yoast-schema-graph\">{\"@context\":\"https:\/\/schema.org\",\"@graph\":[{\"@type\":\"WebPage\",\"@id\":\"https:\/\/reisepassfuhrer.com\/product\/fuhrerschein-italien-kosten\/\",\"url\":\"https:\/\/reisepassfuhrer.com\/product\/fuhrerschein-italien-kosten\/\",\"name\":\"f\u00fchrerschein italien kosten - Reisepassfuhrer\",\"isPartOf\":{\"@id\":\"https:\/\/reisepassfuhrer.com\/#website\"},\"primaryImageOfPage\":{\"@id\":\"https:\/\/reisepassfuhrer.com\/product\/fuhrerschein-italien-kosten\/#primaryimage\"},\"image\":{\"@id\":\"https:\/\/reisepassfuhrer.com\/product\/fuhrerschein-italien-kosten\/#primaryimage\"},\"thumbnailUrl\":\"https:\/\/reisepassfuhrer.com\/wp-content\/uploads\/2025\/09\/download-2025-09-18T051932.515.jpeg\",\"datePublished\":\"2025-09-18T12:20:15+00:00\",\"dateModified\":\"2025-09-18T12:20:16+00:00\",\"breadcrumb\":{\"@id\":\"https:\/\/reisepassfuhrer.com\/product\/fuhrerschein-italien-kosten\/#breadcrumb\"},\"inLanguage\":\"en-US\",\"potentialAction\":[{\"@type\":\"ReadAction\",\"target\":[\"https:\/\/reisepassfuhrer.com\/product\/fuhrerschein-italien-kosten\/\"]}]},{\"@type\":\"ImageObject\",\"inLanguage\":\"en-US\",\"@id\":\"https:\/\/reisepassfuhrer.com\/product\/fuhrerschein-italien-kosten\/#primaryimage\",\"url\":\"https:\/\/reisepassfuhrer.com\/wp-content\/uploads\/2025\/09\/download-2025-09-18T051932.515.jpeg\",\"contentUrl\":\"https:\/\/reisepassfuhrer.com\/wp-content\/uploads\/2025\/09\/download-2025-09-18T051932.515.jpeg\",\"width\":280,\"height\":180},{\"@type\":\"BreadcrumbList\",\"@id\":\"https:\/\/reisepassfuhrer.com\/product\/fuhrerschein-italien-kosten\/#breadcrumb\",\"itemListElement\":[{\"@type\":\"ListItem\",\"position\":1,\"name\":\"Home\",\"item\":\"https:\/\/reisepassfuhrer.com\/\"},{\"@type\":\"ListItem\",\"position\":2,\"name\":\"Shop\",\"item\":\"https:\/\/reisepassfuhrer.com\/shop\/\"},{\"@type\":\"ListItem\",\"position\":3,\"name\":\"f\u00fchrerschein italien kosten\"}]},{\"@type\":\"WebSite\",\"@id\":\"https:\/\/reisepassfuhrer.com\/#website\",\"url\":\"https:\/\/reisepassfuhrer.com\/\",\"name\":\"Reisepassfuhrer\",\"description\":\"Reisepass Beantragen Berlin\",\"publisher\":{\"@id\":\"https:\/\/reisepassfuhrer.com\/#organization\"},\"potentialAction\":[{\"@type\":\"SearchAction\",\"target\":{\"@type\":\"EntryPoint\",\"urlTemplate\":\"https:\/\/reisepassfuhrer.com\/?s={search_term_string}\"},\"query-input\":{\"@type\":\"PropertyValueSpecification\",\"valueRequired\":true,\"valueName\":\"search_term_string\"}}],\"inLanguage\":\"en-US\"},{\"@type\":\"Organization\",\"@id\":\"https:\/\/reisepassfuhrer.com\/#organization\",\"name\":\"Reisepassfuhrer\",\"url\":\"https:\/\/reisepassfuhrer.com\/\",\"logo\":{\"@type\":\"ImageObject\",\"inLanguage\":\"en-US\",\"@id\":\"https:\/\/reisepassfuhrer.com\/#\/schema\/logo\/image\/\",\"url\":\"https:\/\/reisepassfuhrer.com\/wp-content\/uploads\/2024\/03\/Reisepassfuhrer-logo.png\",\"contentUrl\":\"https:\/\/reisepassfuhrer.com\/wp-content\/uploads\/2024\/03\/Reisepassfuhrer-logo.png\",\"width\":112,\"height\":112,\"caption\":\"Reisepassfuhrer\"},\"image\":{\"@id\":\"https:\/\/reisepassfuhrer.com\/#\/schema\/logo\/image\/\"}}]}<\/script>\n<!-- \/ Yoast SEO Premium plugin. -->","yoast_head_json":{"title":"driving license italy costs - Reisepassfuhrer","robots":{"index":"noindex","follow":"follow","max-snippet":"max-snippet:-1","max-image-preview":"max-image-preview:large","max-video-preview":"max-video-preview:-1"},"og_locale":"en_US","og_type":"article","og_title":"f\u00fchrerschein italien kosten","og_description":"F\u00fchrerschein in Italien \u2013 G\u00fcnstig, Schnell &amp; EU-weit g\u00fcltig Du m\u00f6chtest den F\u00fchrerschein in Italien machen, aber fragst dich, welche Kosten auf dich zukommen? Bei uns erh\u00e4ltst du volle Transparenz! Wir zeigen dir, wie du deinen italienischen F\u00fchrerschein kosteneffizient erwerben kannst \u2013 ganz legal und EU-weit anerkannt. Die F\u00fchrerschein Italien Kosten sind oft deutlich niedriger [&hellip;]","og_url":"https:\/\/reisepassfuhrer.com\/en\/product\/driving-license-italy-costs\/","og_site_name":"Reisepassfuhrer","article_modified_time":"2025-09-18T12:20:16+00:00","og_image":[{"width":280,"height":180,"url":"http:\/\/reisepassfuhrer.com\/wp-content\/uploads\/2025\/09\/download-2025-09-18T051932.515.jpeg","type":"image\/jpeg"}],"twitter_card":"summary_large_image","twitter_misc":{"Est. reading time":"1 minute"},"schema":{"@context":"https:\/\/schema.org","@graph":[{"@type":"WebPage","@id":"https:\/\/reisepassfuhrer.com\/product\/fuhrerschein-italien-kosten\/","url":"https:\/\/reisepassfuhrer.com\/product\/fuhrerschein-italien-kosten\/","name":"driving license italy costs - Reisepassfuhrer","isPartOf":{"@id":"https:\/\/reisepassfuhrer.com\/#website"},"primaryImageOfPage":{"@id":"https:\/\/reisepassfuhrer.com\/product\/fuhrerschein-italien-kosten\/#primaryimage"},"image":{"@id":"https:\/\/reisepassfuhrer.com\/product\/fuhrerschein-italien-kosten\/#primaryimage"},"thumbnailUrl":"https:\/\/reisepassfuhrer.com\/wp-content\/uploads\/2025\/09\/download-2025-09-18T051932.515.jpeg","datePublished":"2025-09-18T12:20:15+00:00","dateModified":"2025-09-18T12:20:16+00:00","breadcrumb":{"@id":"https:\/\/reisepassfuhrer.com\/product\/fuhrerschein-italien-kosten\/#breadcrumb"},"inLanguage":"en-US","potentialAction":[{"@type":"ReadAction","target":["https:\/\/reisepassfuhrer.com\/product\/fuhrerschein-italien-kosten\/"]}]},{"@type":"ImageObject","inLanguage":"en-US","@id":"https:\/\/reisepassfuhrer.com\/product\/fuhrerschein-italien-kosten\/#primaryimage","url":"https:\/\/reisepassfuhrer.com\/wp-content\/uploads\/2025\/09\/download-2025-09-18T051932.515.jpeg","contentUrl":"https:\/\/reisepassfuhrer.com\/wp-content\/uploads\/2025\/09\/download-2025-09-18T051932.515.jpeg","width":280,"height":180},{"@type":"BreadcrumbList","@id":"https:\/\/reisepassfuhrer.com\/product\/fuhrerschein-italien-kosten\/#breadcrumb","itemListElement":[{"@type":"ListItem","position":1,"name":"Home","item":"https:\/\/reisepassfuhrer.com\/"},{"@type":"ListItem","position":2,"name":"Shop","item":"https:\/\/reisepassfuhrer.com\/shop\/"},{"@type":"ListItem","position":3,"name":"f\u00fchrerschein italien kosten"}]},{"@type":"WebSite","@id":"https:\/\/reisepassfuhrer.com\/#website","url":"https:\/\/reisepassfuhrer.com\/","name":"Passport guide","description":"Apply for a passport Berlin","publisher":{"@id":"https:\/\/reisepassfuhrer.com\/#organization"},"potentialAction":[{"@type":"SearchAction","target":{"@type":"EntryPoint","urlTemplate":"https:\/\/reisepassfuhrer.com\/?s={search_term_string}"},"query-input":{"@type":"PropertyValueSpecification","valueRequired":true,"valueName":"search_term_string"}}],"inLanguage":"en-US"},{"@type":"Organization","@id":"https:\/\/reisepassfuhrer.com\/#organization","name":"Passport guide","url":"https:\/\/reisepassfuhrer.com\/","logo":{"@type":"ImageObject","inLanguage":"en-US","@id":"https:\/\/reisepassfuhrer.com\/#\/schema\/logo\/image\/","url":"https:\/\/reisepassfuhrer.com\/wp-content\/uploads\/2024\/03\/Reisepassfuhrer-logo.png","contentUrl":"https:\/\/reisepassfuhrer.com\/wp-content\/uploads\/2024\/03\/Reisepassfuhrer-logo.png","width":112,"height":112,"caption":"Reisepassfuhrer"},"image":{"@id":"https:\/\/reisepassfuhrer.com\/#\/schema\/logo\/image\/"}}]}},"_links":{"self":[{"href":"https:\/\/reisepassfuhrer.com\/en\/wp-json\/wp\/v2\/product\/3222","targetHints":{"allow":["GET"]}}],"collection":[{"href":"https:\/\/reisepassfuhrer.com\/en\/wp-json\/wp\/v2\/product"}],"about":[{"href":"https:\/\/reisepassfuhrer.com\/en\/wp-json\/wp\/v2\/types\/product"}],"replies":[{"embeddable":true,"href":"https:\/\/reisepassfuhrer.com\/en\/wp-json\/wp\/v2\/comments?post=3222"}],"wp:featuredmedia":[{"embeddable":true,"href":"https:\/\/reisepassfuhrer.com\/en\/wp-json\/wp\/v2\/media\/3224"}],"wp:attachment":[{"href":"https:\/\/reisepassfuhrer.com\/en\/wp-json\/wp\/v2\/media?parent=3222"}],"wp:term":[{"taxonomy":"product_brand","embeddable":true,"href":"https:\/\/reisepassfuhrer.com\/en\/wp-json\/wp\/v2\/product_brand?post=3222"},{"taxonomy":"product_cat","embeddable":true,"href":"https:\/\/reisepassfuhrer.com\/en\/wp-json\/wp\/v2\/product_cat?post=3222"},{"taxonomy":"product_tag","embeddable":true,"href":"https:\/\/reisepassfuhrer.com\/en\/wp-json\/wp\/v2\/product_tag?post=3222"}],"curies":[{"name":"wp","href":"https:\/\/api.w.org\/{rel}","templated":true}]}}