{"id":3225,"date":"2025-09-24T11:43:11","date_gmt":"2025-09-24T11:43:11","guid":{"rendered":"https:\/\/reisepassfuhrer.com\/?post_type=product&#038;p=3225"},"modified":"2025-09-24T11:43:11","modified_gmt":"2025-09-24T11:43:11","slug":"b96-fuhrerschein-online","status":"publish","type":"product","link":"https:\/\/reisepassfuhrer.com\/en\/product\/b96-driving-license-online\/","title":{"rendered":"b96 driving license online"},"content":{"rendered":"<h3 data-start=\"282\" data-end=\"365\"><strong data-start=\"286\" data-end=\"365\">B96 driving license online - simply purchase your trailer extension digitally<\/strong><\/h3>\n<p data-start=\"367\" data-end=\"704\">You want to tow heavy trailers - such as a caravan, horse trailer or transport trailer - and need the <strong data-start=\"491\" data-end=\"511\">B96 driver's license<\/strong>? With our <strong data-start=\"525\" data-end=\"560\">B96 driver's license online service<\/strong> get your extension <strong data-start=\"591\" data-end=\"641\">Fast, uncomplicated and completely digital<\/strong> - without a time-consuming theory test or additional driving test.<\/p>\n<p data-start=\"706\" data-end=\"938\">Our solution is ideal for drivers who want to <strong data-start=\"751\" data-end=\"775\">Driving license class B<\/strong> to expand combinations up to <strong data-start=\"816\" data-end=\"851\">4,250 kg gross vehicle weight rating<\/strong> to be allowed to lead. Especially popular with campers, craftsmen and outdoor enthusiasts!<\/p>\n<hr data-start=\"940\" data-end=\"943\" \/>\n<h4 data-start=\"945\" data-end=\"986\">\u2705 <strong data-start=\"952\" data-end=\"986\">Your advantages at a glance:<\/strong><\/h4>\n<ul data-start=\"988\" data-end=\"1248\">\n<li data-start=\"988\" data-end=\"1042\">\n<p data-start=\"990\" data-end=\"1042\"><strong data-start=\"990\" data-end=\"1040\">Complete online - flexible &amp; independent of location<\/strong><\/p>\n<\/li>\n<li data-start=\"1043\" data-end=\"1106\">\n<p data-start=\"1045\" data-end=\"1106\"><strong data-start=\"1045\" data-end=\"1104\">No theoretical or practical test required<\/strong><\/p>\n<\/li>\n<li data-start=\"1107\" data-end=\"1152\">\n<p data-start=\"1109\" data-end=\"1152\"><strong data-start=\"1109\" data-end=\"1150\">Valid throughout Germany and the EU<\/strong><\/p>\n<\/li>\n<li data-start=\"1153\" data-end=\"1197\">\n<p data-start=\"1155\" data-end=\"1197\"><strong data-start=\"1155\" data-end=\"1195\">Ideal for vacation, leisure and work<\/strong><\/p>\n<\/li>\n<li data-start=\"1198\" data-end=\"1248\">\n<p data-start=\"1200\" data-end=\"1248\"><strong data-start=\"1200\" data-end=\"1248\">Fast processing &amp; legally compliant procedure<\/strong><\/p>\n<\/li>\n<\/ul>","protected":false},"excerpt":{"rendered":"<p>B96 F\u00fchrerschein Online \u2013 Ihre Anh\u00e4ngererweiterung einfach digital erwerben Sie m\u00f6chten schwere Anh\u00e4nger ziehen \u2013 etwa einen Wohnwagen, Pferdeanh\u00e4nger oder Transportanh\u00e4nger \u2013 und ben\u00f6tigen daf\u00fcr den B96 F\u00fchrerschein? Mit unserem B96 F\u00fchrerschein Online-Service erhalten Sie Ihre Erweiterung schnell, unkompliziert und vollst\u00e4ndig digital \u2013 ohne aufwendige Theoriepr\u00fcfung oder zus\u00e4tzliche Fahrpr\u00fcfung. Unsere L\u00f6sung ist ideal f\u00fcr Fahrer, [&hellip;]<\/p>","protected":false},"featured_media":0,"comment_status":"open","ping_status":"closed","template":"","meta":[],"product_brand":[],"product_cat":[44],"product_tag":[],"class_list":{"0":"post-3225","1":"product","2":"type-product","3":"status-publish","5":"product_cat-uncategorized","7":"first","8":"instock","9":"shipping-taxable","10":"product-type-simple"},"yoast_head":"<!-- This site is optimized with the Yoast SEO Premium plugin v22.2 (Yoast SEO v26.2) - https:\/\/yoast.com\/wordpress\/plugins\/seo\/ -->\n<title>b96 f\u00fchrerschein online\u200b - Reisepassfuhrer<\/title>\n<meta name=\"robots\" content=\"noindex, follow, max-snippet:-1, max-image-preview:large, max-video-preview:-1\" \/>\n<meta property=\"og:locale\" content=\"en_US\" \/>\n<meta property=\"og:type\" content=\"article\" \/>\n<meta property=\"og:title\" content=\"b96 f\u00fchrerschein online\u200b\" \/>\n<meta property=\"og:description\" content=\"B96 F\u00fchrerschein Online \u2013 Ihre Anh\u00e4ngererweiterung einfach digital erwerben Sie m\u00f6chten schwere Anh\u00e4nger ziehen \u2013 etwa einen Wohnwagen, Pferdeanh\u00e4nger oder Transportanh\u00e4nger \u2013 und ben\u00f6tigen daf\u00fcr den B96 F\u00fchrerschein? Mit unserem B96 F\u00fchrerschein Online-Service erhalten Sie Ihre Erweiterung schnell, unkompliziert und vollst\u00e4ndig digital \u2013 ohne aufwendige Theoriepr\u00fcfung oder zus\u00e4tzliche Fahrpr\u00fcfung. Unsere L\u00f6sung ist ideal f\u00fcr Fahrer, [&hellip;]\" \/>\n<meta property=\"og:url\" content=\"https:\/\/reisepassfuhrer.com\/en\/product\/b96-driving-license-online\/\" \/>\n<meta property=\"og:site_name\" content=\"Reisepassfuhrer\" \/>\n<meta name=\"twitter:card\" content=\"summary_large_image\" \/>\n<meta name=\"twitter:label1\" content=\"Est. reading time\" \/>\n\t<meta name=\"twitter:data1\" content=\"1 minute\" \/>\n<script type=\"application\/ld+json\" class=\"yoast-schema-graph\">{\"@context\":\"https:\/\/schema.org\",\"@graph\":[{\"@type\":\"WebPage\",\"@id\":\"https:\/\/reisepassfuhrer.com\/product\/b96-fuhrerschein-online\/\",\"url\":\"https:\/\/reisepassfuhrer.com\/product\/b96-fuhrerschein-online\/\",\"name\":\"b96 f\u00fchrerschein online\u200b - Reisepassfuhrer\",\"isPartOf\":{\"@id\":\"https:\/\/reisepassfuhrer.com\/#website\"},\"datePublished\":\"2025-09-24T11:43:11+00:00\",\"breadcrumb\":{\"@id\":\"https:\/\/reisepassfuhrer.com\/product\/b96-fuhrerschein-online\/#breadcrumb\"},\"inLanguage\":\"en-US\",\"potentialAction\":[{\"@type\":\"ReadAction\",\"target\":[\"https:\/\/reisepassfuhrer.com\/product\/b96-fuhrerschein-online\/\"]}]},{\"@type\":\"BreadcrumbList\",\"@id\":\"https:\/\/reisepassfuhrer.com\/product\/b96-fuhrerschein-online\/#breadcrumb\",\"itemListElement\":[{\"@type\":\"ListItem\",\"position\":1,\"name\":\"Home\",\"item\":\"https:\/\/reisepassfuhrer.com\/\"},{\"@type\":\"ListItem\",\"position\":2,\"name\":\"Shop\",\"item\":\"https:\/\/reisepassfuhrer.com\/shop\/\"},{\"@type\":\"ListItem\",\"position\":3,\"name\":\"b96 f\u00fchrerschein online\u200b\"}]},{\"@type\":\"WebSite\",\"@id\":\"https:\/\/reisepassfuhrer.com\/#website\",\"url\":\"https:\/\/reisepassfuhrer.com\/\",\"name\":\"Reisepassfuhrer\",\"description\":\"Reisepass Beantragen Berlin\",\"publisher\":{\"@id\":\"https:\/\/reisepassfuhrer.com\/#organization\"},\"potentialAction\":[{\"@type\":\"SearchAction\",\"target\":{\"@type\":\"EntryPoint\",\"urlTemplate\":\"https:\/\/reisepassfuhrer.com\/?s={search_term_string}\"},\"query-input\":{\"@type\":\"PropertyValueSpecification\",\"valueRequired\":true,\"valueName\":\"search_term_string\"}}],\"inLanguage\":\"en-US\"},{\"@type\":\"Organization\",\"@id\":\"https:\/\/reisepassfuhrer.com\/#organization\",\"name\":\"Reisepassfuhrer\",\"url\":\"https:\/\/reisepassfuhrer.com\/\",\"logo\":{\"@type\":\"ImageObject\",\"inLanguage\":\"en-US\",\"@id\":\"https:\/\/reisepassfuhrer.com\/#\/schema\/logo\/image\/\",\"url\":\"https:\/\/reisepassfuhrer.com\/wp-content\/uploads\/2024\/03\/Reisepassfuhrer-logo.png\",\"contentUrl\":\"https:\/\/reisepassfuhrer.com\/wp-content\/uploads\/2024\/03\/Reisepassfuhrer-logo.png\",\"width\":112,\"height\":112,\"caption\":\"Reisepassfuhrer\"},\"image\":{\"@id\":\"https:\/\/reisepassfuhrer.com\/#\/schema\/logo\/image\/\"}}]}<\/script>\n<!-- \/ Yoast SEO Premium plugin. -->","yoast_head_json":{"title":"b96 driving license online - Reisepassfuhrer","robots":{"index":"noindex","follow":"follow","max-snippet":"max-snippet:-1","max-image-preview":"max-image-preview:large","max-video-preview":"max-video-preview:-1"},"og_locale":"en_US","og_type":"article","og_title":"b96 f\u00fchrerschein online\u200b","og_description":"B96 F\u00fchrerschein Online \u2013 Ihre Anh\u00e4ngererweiterung einfach digital erwerben Sie m\u00f6chten schwere Anh\u00e4nger ziehen \u2013 etwa einen Wohnwagen, Pferdeanh\u00e4nger oder Transportanh\u00e4nger \u2013 und ben\u00f6tigen daf\u00fcr den B96 F\u00fchrerschein? Mit unserem B96 F\u00fchrerschein Online-Service erhalten Sie Ihre Erweiterung schnell, unkompliziert und vollst\u00e4ndig digital \u2013 ohne aufwendige Theoriepr\u00fcfung oder zus\u00e4tzliche Fahrpr\u00fcfung. Unsere L\u00f6sung ist ideal f\u00fcr Fahrer, [&hellip;]","og_url":"https:\/\/reisepassfuhrer.com\/en\/product\/b96-driving-license-online\/","og_site_name":"Reisepassfuhrer","twitter_card":"summary_large_image","twitter_misc":{"Est. reading time":"1 minute"},"schema":{"@context":"https:\/\/schema.org","@graph":[{"@type":"WebPage","@id":"https:\/\/reisepassfuhrer.com\/product\/b96-fuhrerschein-online\/","url":"https:\/\/reisepassfuhrer.com\/product\/b96-fuhrerschein-online\/","name":"b96 driving license online - Reisepassfuhrer","isPartOf":{"@id":"https:\/\/reisepassfuhrer.com\/#website"},"datePublished":"2025-09-24T11:43:11+00:00","breadcrumb":{"@id":"https:\/\/reisepassfuhrer.com\/product\/b96-fuhrerschein-online\/#breadcrumb"},"inLanguage":"en-US","potentialAction":[{"@type":"ReadAction","target":["https:\/\/reisepassfuhrer.com\/product\/b96-fuhrerschein-online\/"]}]},{"@type":"BreadcrumbList","@id":"https:\/\/reisepassfuhrer.com\/product\/b96-fuhrerschein-online\/#breadcrumb","itemListElement":[{"@type":"ListItem","position":1,"name":"Home","item":"https:\/\/reisepassfuhrer.com\/"},{"@type":"ListItem","position":2,"name":"Shop","item":"https:\/\/reisepassfuhrer.com\/shop\/"},{"@type":"ListItem","position":3,"name":"b96 f\u00fchrerschein online\u200b"}]},{"@type":"WebSite","@id":"https:\/\/reisepassfuhrer.com\/#website","url":"https:\/\/reisepassfuhrer.com\/","name":"Passport guide","description":"Apply for a passport Berlin","publisher":{"@id":"https:\/\/reisepassfuhrer.com\/#organization"},"potentialAction":[{"@type":"SearchAction","target":{"@type":"EntryPoint","urlTemplate":"https:\/\/reisepassfuhrer.com\/?s={search_term_string}"},"query-input":{"@type":"PropertyValueSpecification","valueRequired":true,"valueName":"search_term_string"}}],"inLanguage":"en-US"},{"@type":"Organization","@id":"https:\/\/reisepassfuhrer.com\/#organization","name":"Passport guide","url":"https:\/\/reisepassfuhrer.com\/","logo":{"@type":"ImageObject","inLanguage":"en-US","@id":"https:\/\/reisepassfuhrer.com\/#\/schema\/logo\/image\/","url":"https:\/\/reisepassfuhrer.com\/wp-content\/uploads\/2024\/03\/Reisepassfuhrer-logo.png","contentUrl":"https:\/\/reisepassfuhrer.com\/wp-content\/uploads\/2024\/03\/Reisepassfuhrer-logo.png","width":112,"height":112,"caption":"Reisepassfuhrer"},"image":{"@id":"https:\/\/reisepassfuhrer.com\/#\/schema\/logo\/image\/"}}]}},"_links":{"self":[{"href":"https:\/\/reisepassfuhrer.com\/en\/wp-json\/wp\/v2\/product\/3225","targetHints":{"allow":["GET"]}}],"collection":[{"href":"https:\/\/reisepassfuhrer.com\/en\/wp-json\/wp\/v2\/product"}],"about":[{"href":"https:\/\/reisepassfuhrer.com\/en\/wp-json\/wp\/v2\/types\/product"}],"replies":[{"embeddable":true,"href":"https:\/\/reisepassfuhrer.com\/en\/wp-json\/wp\/v2\/comments?post=3225"}],"wp:attachment":[{"href":"https:\/\/reisepassfuhrer.com\/en\/wp-json\/wp\/v2\/media?parent=3225"}],"wp:term":[{"taxonomy":"product_brand","embeddable":true,"href":"https:\/\/reisepassfuhrer.com\/en\/wp-json\/wp\/v2\/product_brand?post=3225"},{"taxonomy":"product_cat","embeddable":true,"href":"https:\/\/reisepassfuhrer.com\/en\/wp-json\/wp\/v2\/product_cat?post=3225"},{"taxonomy":"product_tag","embeddable":true,"href":"https:\/\/reisepassfuhrer.com\/en\/wp-json\/wp\/v2\/product_tag?post=3225"}],"curies":[{"name":"wp","href":"https:\/\/api.w.org\/{rel}","templated":true}]}}