{"id":3448,"date":"2026-04-24T15:30:50","date_gmt":"2026-04-24T15:30:50","guid":{"rendered":"https:\/\/reisepassfuhrer.com\/?post_type=product&#038;p=3448"},"modified":"2026-04-24T15:30:51","modified_gmt":"2026-04-24T15:30:51","slug":"massgeschneiderte-passloesungen","status":"publish","type":"product","link":"https:\/\/reisepassfuhrer.com\/en\/product\/massgeschneiderte-passloesungen\/","title":{"rendered":"Customized fitting solutions"},"content":{"rendered":"<h2 data-section-id=\"1ko8ngq\" data-start=\"0\" data-end=\"59\">Ma\u00dfgeschneiderte Passl\u00f6sungen \u2013 Pr\u00e4zision, die \u00fcberzeugt<\/h2>\n<p data-start=\"61\" data-end=\"444\">Unsere <strong data-start=\"68\" data-end=\"102\">ma\u00dfgeschneiderten Passl\u00f6sungen<\/strong> stehen f\u00fcr h\u00f6chste Pr\u00e4zision, perfekte Passform und zuverl\u00e4ssige Funktionalit\u00e4t \u2013 individuell abgestimmt auf Ihre Anforderungen. Ob im Maschinenbau, in der Fertigungstechnik oder in anspruchsvollen industriellen Anwendungen: Wir liefern passgenaue L\u00f6sungen, die sich nahtlos in Ihre Prozesse integrieren und maximale Effizienz gew\u00e4hrleisten.<\/p>\n<p data-start=\"446\" data-end=\"875\">Dank modernster Fertigungstechnologien und hochwertiger Materialien garantieren wir <strong data-start=\"530\" data-end=\"551\">exakte Toleranzen<\/strong>, <strong data-start=\"553\" data-end=\"576\">langlebige Qualit\u00e4t<\/strong> and <strong data-start=\"581\" data-end=\"605\">optimale Performance<\/strong>. Jede L\u00f6sung wird speziell nach Ihren technischen Vorgaben entwickelt, um h\u00f6chste Anspr\u00fcche an Stabilit\u00e4t, Belastbarkeit und Sicherheit zu erf\u00fcllen. Das Ergebnis: minimierte Reibungsverluste, reduzierte Ausfallzeiten und eine nachhaltige Steigerung Ihrer Produktivit\u00e4t.<\/p>\n<p data-start=\"877\" data-end=\"1272\">Unsere ma\u00dfgeschneiderten Passl\u00f6sungen bieten Ihnen nicht nur technische Exzellenz, sondern auch einen klaren Wettbewerbsvorteil. Durch individuelle Anpassung profitieren Sie von <strong data-start=\"1055\" data-end=\"1076\">h\u00f6herer Effizienz<\/strong>, <strong data-start=\"1078\" data-end=\"1112\">verbesserter Prozesssicherheit<\/strong> and <strong data-start=\"1117\" data-end=\"1149\">kosteneffektiven Ergebnissen<\/strong>. Gleichzeitig erm\u00f6glichen unsere flexiblen Produktionsprozesse eine schnelle Umsetzung \u2013 ideal f\u00fcr zeitkritische Projekte.<\/p>\n<p data-start=\"1274\" data-end=\"1551\" data-is-last-node=\"\" data-is-only-node=\"\">Setzen Sie auf Qualit\u00e4t, Innovation und Erfahrung. Mit unseren <strong data-start=\"1337\" data-end=\"1367\">individuellen Passl\u00f6sungen<\/strong> investieren Sie in eine zukunftssichere L\u00f6sung, die Ihre Anforderungen nicht nur erf\u00fcllt, sondern \u00fcbertrifft. Optimieren Sie Ihre Anwendungen mit Pr\u00e4zision, die den Unterschied macht.<\/p>","protected":false},"excerpt":{"rendered":"<p>Ma\u00dfgeschneiderte Passl\u00f6sungen \u2013 Pr\u00e4zision, die \u00fcberzeugt Unsere ma\u00dfgeschneiderten Passl\u00f6sungen stehen f\u00fcr h\u00f6chste Pr\u00e4zision, perfekte Passform und zuverl\u00e4ssige Funktionalit\u00e4t \u2013 individuell abgestimmt auf Ihre Anforderungen. Ob im Maschinenbau, in der Fertigungstechnik oder in anspruchsvollen industriellen Anwendungen: Wir liefern passgenaue L\u00f6sungen, die sich nahtlos in Ihre Prozesse integrieren und maximale Effizienz gew\u00e4hrleisten. Dank modernster Fertigungstechnologien und hochwertiger [&hellip;]<\/p>","protected":false},"featured_media":0,"comment_status":"open","ping_status":"closed","template":"","meta":[],"product_brand":[],"product_cat":[44],"product_tag":[],"class_list":{"0":"post-3448","1":"product","2":"type-product","3":"status-publish","5":"product_cat-uncategorized","7":"first","8":"instock","9":"shipping-taxable","10":"purchasable","11":"product-type-simple"},"yoast_head":"<!-- This site is optimized with the Yoast SEO Premium plugin v22.2 (Yoast SEO v26.2) - https:\/\/yoast.com\/wordpress\/plugins\/seo\/ -->\n<title>Ma\u00dfgeschneiderte Passl\u00f6sungen - Reisepassfuhrer<\/title>\n<meta name=\"robots\" content=\"noindex, follow, max-snippet:-1, max-image-preview:large, max-video-preview:-1\" \/>\n<meta property=\"og:locale\" content=\"en_US\" \/>\n<meta property=\"og:type\" content=\"article\" \/>\n<meta property=\"og:title\" content=\"Ma\u00dfgeschneiderte Passl\u00f6sungen\" \/>\n<meta property=\"og:description\" content=\"Ma\u00dfgeschneiderte Passl\u00f6sungen \u2013 Pr\u00e4zision, die \u00fcberzeugt Unsere ma\u00dfgeschneiderten Passl\u00f6sungen stehen f\u00fcr h\u00f6chste Pr\u00e4zision, perfekte Passform und zuverl\u00e4ssige Funktionalit\u00e4t \u2013 individuell abgestimmt auf Ihre Anforderungen. Ob im Maschinenbau, in der Fertigungstechnik oder in anspruchsvollen industriellen Anwendungen: Wir liefern passgenaue L\u00f6sungen, die sich nahtlos in Ihre Prozesse integrieren und maximale Effizienz gew\u00e4hrleisten. Dank modernster Fertigungstechnologien und hochwertiger [&hellip;]\" \/>\n<meta property=\"og:url\" content=\"https:\/\/reisepassfuhrer.com\/en\/product\/massgeschneiderte-passloesungen\/\" \/>\n<meta property=\"og:site_name\" content=\"Reisepassfuhrer\" \/>\n<meta property=\"article:modified_time\" content=\"2026-04-24T15:30:51+00:00\" \/>\n<meta name=\"twitter:card\" content=\"summary_large_image\" \/>\n<meta name=\"twitter:label1\" content=\"Est. reading time\" \/>\n\t<meta name=\"twitter:data1\" content=\"1 minute\" \/>\n<script type=\"application\/ld+json\" class=\"yoast-schema-graph\">{\"@context\":\"https:\/\/schema.org\",\"@graph\":[{\"@type\":\"WebPage\",\"@id\":\"https:\/\/reisepassfuhrer.com\/product\/massgeschneiderte-passloesungen\/\",\"url\":\"https:\/\/reisepassfuhrer.com\/product\/massgeschneiderte-passloesungen\/\",\"name\":\"Ma\u00dfgeschneiderte Passl\u00f6sungen - Reisepassfuhrer\",\"isPartOf\":{\"@id\":\"https:\/\/reisepassfuhrer.com\/#website\"},\"datePublished\":\"2026-04-24T15:30:50+00:00\",\"dateModified\":\"2026-04-24T15:30:51+00:00\",\"breadcrumb\":{\"@id\":\"https:\/\/reisepassfuhrer.com\/product\/massgeschneiderte-passloesungen\/#breadcrumb\"},\"inLanguage\":\"en-US\",\"potentialAction\":[{\"@type\":\"ReadAction\",\"target\":[\"https:\/\/reisepassfuhrer.com\/product\/massgeschneiderte-passloesungen\/\"]}]},{\"@type\":\"BreadcrumbList\",\"@id\":\"https:\/\/reisepassfuhrer.com\/product\/massgeschneiderte-passloesungen\/#breadcrumb\",\"itemListElement\":[{\"@type\":\"ListItem\",\"position\":1,\"name\":\"Home\",\"item\":\"https:\/\/reisepassfuhrer.com\/\"},{\"@type\":\"ListItem\",\"position\":2,\"name\":\"Shop\",\"item\":\"https:\/\/reisepassfuhrer.com\/shop\/\"},{\"@type\":\"ListItem\",\"position\":3,\"name\":\"Ma\u00dfgeschneiderte Passl\u00f6sungen\"}]},{\"@type\":\"WebSite\",\"@id\":\"https:\/\/reisepassfuhrer.com\/#website\",\"url\":\"https:\/\/reisepassfuhrer.com\/\",\"name\":\"Reisepassfuhrer\",\"description\":\"Reisepass Beantragen Berlin\",\"publisher\":{\"@id\":\"https:\/\/reisepassfuhrer.com\/#organization\"},\"potentialAction\":[{\"@type\":\"SearchAction\",\"target\":{\"@type\":\"EntryPoint\",\"urlTemplate\":\"https:\/\/reisepassfuhrer.com\/?s={search_term_string}\"},\"query-input\":{\"@type\":\"PropertyValueSpecification\",\"valueRequired\":true,\"valueName\":\"search_term_string\"}}],\"inLanguage\":\"en-US\"},{\"@type\":\"Organization\",\"@id\":\"https:\/\/reisepassfuhrer.com\/#organization\",\"name\":\"Reisepassfuhrer\",\"url\":\"https:\/\/reisepassfuhrer.com\/\",\"logo\":{\"@type\":\"ImageObject\",\"inLanguage\":\"en-US\",\"@id\":\"https:\/\/reisepassfuhrer.com\/#\/schema\/logo\/image\/\",\"url\":\"https:\/\/reisepassfuhrer.com\/wp-content\/uploads\/2024\/03\/Reisepassfuhrer-logo.png\",\"contentUrl\":\"https:\/\/reisepassfuhrer.com\/wp-content\/uploads\/2024\/03\/Reisepassfuhrer-logo.png\",\"width\":112,\"height\":112,\"caption\":\"Reisepassfuhrer\"},\"image\":{\"@id\":\"https:\/\/reisepassfuhrer.com\/#\/schema\/logo\/image\/\"}}]}<\/script>\n<!-- \/ Yoast SEO Premium plugin. -->","yoast_head_json":{"title":"Ma\u00dfgeschneiderte Passl\u00f6sungen - Reisepassfuhrer","robots":{"index":"noindex","follow":"follow","max-snippet":"max-snippet:-1","max-image-preview":"max-image-preview:large","max-video-preview":"max-video-preview:-1"},"og_locale":"en_US","og_type":"article","og_title":"Ma\u00dfgeschneiderte Passl\u00f6sungen","og_description":"Ma\u00dfgeschneiderte Passl\u00f6sungen \u2013 Pr\u00e4zision, die \u00fcberzeugt Unsere ma\u00dfgeschneiderten Passl\u00f6sungen stehen f\u00fcr h\u00f6chste Pr\u00e4zision, perfekte Passform und zuverl\u00e4ssige Funktionalit\u00e4t \u2013 individuell abgestimmt auf Ihre Anforderungen. Ob im Maschinenbau, in der Fertigungstechnik oder in anspruchsvollen industriellen Anwendungen: Wir liefern passgenaue L\u00f6sungen, die sich nahtlos in Ihre Prozesse integrieren und maximale Effizienz gew\u00e4hrleisten. Dank modernster Fertigungstechnologien und hochwertiger [&hellip;]","og_url":"https:\/\/reisepassfuhrer.com\/en\/product\/massgeschneiderte-passloesungen\/","og_site_name":"Reisepassfuhrer","article_modified_time":"2026-04-24T15:30:51+00:00","twitter_card":"summary_large_image","twitter_misc":{"Est. reading time":"1 minute"},"schema":{"@context":"https:\/\/schema.org","@graph":[{"@type":"WebPage","@id":"https:\/\/reisepassfuhrer.com\/product\/massgeschneiderte-passloesungen\/","url":"https:\/\/reisepassfuhrer.com\/product\/massgeschneiderte-passloesungen\/","name":"Ma\u00dfgeschneiderte Passl\u00f6sungen - Reisepassfuhrer","isPartOf":{"@id":"https:\/\/reisepassfuhrer.com\/#website"},"datePublished":"2026-04-24T15:30:50+00:00","dateModified":"2026-04-24T15:30:51+00:00","breadcrumb":{"@id":"https:\/\/reisepassfuhrer.com\/product\/massgeschneiderte-passloesungen\/#breadcrumb"},"inLanguage":"en-US","potentialAction":[{"@type":"ReadAction","target":["https:\/\/reisepassfuhrer.com\/product\/massgeschneiderte-passloesungen\/"]}]},{"@type":"BreadcrumbList","@id":"https:\/\/reisepassfuhrer.com\/product\/massgeschneiderte-passloesungen\/#breadcrumb","itemListElement":[{"@type":"ListItem","position":1,"name":"Home","item":"https:\/\/reisepassfuhrer.com\/"},{"@type":"ListItem","position":2,"name":"Shop","item":"https:\/\/reisepassfuhrer.com\/shop\/"},{"@type":"ListItem","position":3,"name":"Ma\u00dfgeschneiderte Passl\u00f6sungen"}]},{"@type":"WebSite","@id":"https:\/\/reisepassfuhrer.com\/#website","url":"https:\/\/reisepassfuhrer.com\/","name":"Passport guide","description":"Apply for a passport Berlin","publisher":{"@id":"https:\/\/reisepassfuhrer.com\/#organization"},"potentialAction":[{"@type":"SearchAction","target":{"@type":"EntryPoint","urlTemplate":"https:\/\/reisepassfuhrer.com\/?s={search_term_string}"},"query-input":{"@type":"PropertyValueSpecification","valueRequired":true,"valueName":"search_term_string"}}],"inLanguage":"en-US"},{"@type":"Organization","@id":"https:\/\/reisepassfuhrer.com\/#organization","name":"Passport guide","url":"https:\/\/reisepassfuhrer.com\/","logo":{"@type":"ImageObject","inLanguage":"en-US","@id":"https:\/\/reisepassfuhrer.com\/#\/schema\/logo\/image\/","url":"https:\/\/reisepassfuhrer.com\/wp-content\/uploads\/2024\/03\/Reisepassfuhrer-logo.png","contentUrl":"https:\/\/reisepassfuhrer.com\/wp-content\/uploads\/2024\/03\/Reisepassfuhrer-logo.png","width":112,"height":112,"caption":"Reisepassfuhrer"},"image":{"@id":"https:\/\/reisepassfuhrer.com\/#\/schema\/logo\/image\/"}}]}},"_links":{"self":[{"href":"https:\/\/reisepassfuhrer.com\/en\/wp-json\/wp\/v2\/product\/3448","targetHints":{"allow":["GET"]}}],"collection":[{"href":"https:\/\/reisepassfuhrer.com\/en\/wp-json\/wp\/v2\/product"}],"about":[{"href":"https:\/\/reisepassfuhrer.com\/en\/wp-json\/wp\/v2\/types\/product"}],"replies":[{"embeddable":true,"href":"https:\/\/reisepassfuhrer.com\/en\/wp-json\/wp\/v2\/comments?post=3448"}],"wp:attachment":[{"href":"https:\/\/reisepassfuhrer.com\/en\/wp-json\/wp\/v2\/media?parent=3448"}],"wp:term":[{"taxonomy":"product_brand","embeddable":true,"href":"https:\/\/reisepassfuhrer.com\/en\/wp-json\/wp\/v2\/product_brand?post=3448"},{"taxonomy":"product_cat","embeddable":true,"href":"https:\/\/reisepassfuhrer.com\/en\/wp-json\/wp\/v2\/product_cat?post=3448"},{"taxonomy":"product_tag","embeddable":true,"href":"https:\/\/reisepassfuhrer.com\/en\/wp-json\/wp\/v2\/product_tag?post=3448"}],"curies":[{"name":"wp","href":"https:\/\/api.w.org\/{rel}","templated":true}]}}