{"id":2377,"date":"2024-01-13T19:56:34","date_gmt":"2021-03-09T14:34:09","guid":{"rendered":"https:\/\/reisepassfuhrer.com\/index.php\/menu\/"},"modified":"2024-01-27T12:34:54","modified_gmt":"2024-01-27T12:34:54","slug":"fuhrerschein-schweiz","status":"publish","type":"page","link":"https:\/\/reisepassfuhrer.com\/es\/licencia-de-conducir-suiza\/","title":{"rendered":"Permiso de conducir suiza"},"content":{"rendered":"<div data-elementor-type=\"wp-page\" data-elementor-id=\"2377\" class=\"elementor elementor-2377\" data-elementor-post-type=\"page\">\n\t\t\t\t<div class=\"elementor-element elementor-element-49b59b4 e-flex e-con-boxed e-con e-parent\" data-id=\"49b59b4\" data-element_type=\"container\" data-core-v316-plus=\"true\">\n\t\t\t\t\t<div class=\"e-con-inner\">\n\t\t<div class=\"elementor-element elementor-element-3c5d29c e-con-full e-flex e-con e-child\" data-id=\"3c5d29c\" data-element_type=\"container\">\n\t\t\t\t<div class=\"elementor-element elementor-element-206c1d5 elementor-widget elementor-widget-heading\" data-id=\"206c1d5\" data-element_type=\"widget\" data-widget_type=\"heading.default\">\n\t\t\t\t<div class=\"elementor-widget-container\">\n\t\t\t<style>\/*! elementor - v3.20.0 - 13-03-2024 *\/\n.elementor-heading-title{padding:0;margin:0;line-height:1}.elementor-widget-heading .elementor-heading-title[class*=elementor-size-]>a{color:inherit;font-size:inherit;line-height:inherit}.elementor-widget-heading .elementor-heading-title.elementor-size-small{font-size:15px}.elementor-widget-heading .elementor-heading-title.elementor-size-medium{font-size:19px}.elementor-widget-heading .elementor-heading-title.elementor-size-large{font-size:29px}.elementor-widget-heading .elementor-heading-title.elementor-size-xl{font-size:39px}.elementor-widget-heading .elementor-heading-title.elementor-size-xxl{font-size:59px}<\/style><h2 class=\"elementor-heading-title elementor-size-default\">Permiso de conducir suiza<\/h2>\t\t<\/div>\n\t\t\t\t<\/div>\n\t\t\t\t<\/div>\n\t\t<div class=\"elementor-element elementor-element-5cc2ac5 e-con-full e-flex e-con e-child\" data-id=\"5cc2ac5\" data-element_type=\"container\">\n\t\t\t\t<div class=\"elementor-element elementor-element-6ffa2fe elementor-widget elementor-widget-heading\" data-id=\"6ffa2fe\" data-element_type=\"widget\" data-widget_type=\"heading.default\">\n\t\t\t\t<div class=\"elementor-widget-container\">\n\t\t\t<h2 class=\"elementor-heading-title elementor-size-default\">Permiso de conducir internacional suiza<\/h2>\t\t<\/div>\n\t\t\t\t<\/div>\n\t\t\t\t<\/div>\n\t\t\t\t\t<\/div>\n\t\t\t\t<\/div>\n\t\t<div class=\"elementor-element elementor-element-6762236e e-flex e-con-boxed e-con e-parent\" data-id=\"6762236e\" data-element_type=\"container\" data-core-v316-plus=\"true\">\n\t\t\t\t\t<div class=\"e-con-inner\">\n\t\t\t\t<div class=\"elementor-element elementor-element-2c33fdfe elementor-widget elementor-widget-text-editor\" data-id=\"2c33fdfe\" data-element_type=\"widget\" data-widget_type=\"text-editor.default\">\n\t\t\t\t<div class=\"elementor-widget-container\">\n\t\t\t<style>\/*! elementor - v3.20.0 - 13-03-2024 *\/\n.elementor-widget-text-editor.elementor-drop-cap-view-stacked .elementor-drop-cap{background-color:#69727d;color:#fff}.elementor-widget-text-editor.elementor-drop-cap-view-framed .elementor-drop-cap{color:#69727d;border:3px solid;background-color:transparent}.elementor-widget-text-editor:not(.elementor-drop-cap-view-default) .elementor-drop-cap{margin-top:8px}.elementor-widget-text-editor:not(.elementor-drop-cap-view-default) .elementor-drop-cap-letter{width:1em;height:1em}.elementor-widget-text-editor .elementor-drop-cap{float:left;text-align:center;line-height:1;font-size:50px}.elementor-widget-text-editor .elementor-drop-cap-letter{display:inline-block}<\/style>\t\t\t\t<p>Permiso de conducir suiza, El permiso de conducir es el permiso legal que autoriza a una persona a conducir uno o varios veh\u00edculos de motor. Es la forma m\u00e1s aceptable de documento expedido por el gobierno que puede presentar como prueba de identidad. Tambi\u00e9n le da la libertad de conducir de forma independiente sin temor a las autoridades. Comprar permiso de conducir por Internet. Todos estos privilegios conllevan una cierta cantidad de tiempo, dinero y trabajo. Son muchos los requisitos que debe cumplir para obtener el permiso de conducir, schweizer f\u00fchrerschein in deutschland.\u00a0<\/p>\n<p>Sin embargo, puede adquirir un permiso de conducir sin examen ni tr\u00e1mites agitados, permiso de conducir suizo, coste del permiso de conducir c1, coste del permiso de conducir ce. No se requiere experiencia previa al volante, permiso de conducir internacional suiza, coste permiso de conducir ciclomotor. Eso se lo dejamos a usted. Ni siquiera tiene que realizar ninguna formaci\u00f3n te\u00f3rica o pr\u00e1ctica. Si quiere evitar colas, permiso de conducir internacional, obtenga un permiso de conducir barato que cuenta con todos los elementos de seguridad originales. \u00a1Apostamos a que nadie notar\u00e1 la diferencia! Tienes que saber la antig\u00fcedad del permiso de conducir holand\u00e9s.<\/p>\t\t\t\t\t\t<\/div>\n\t\t\t\t<\/div>\n\t\t\t\t\t<\/div>\n\t\t\t\t<\/div>\n\t\t<div class=\"elementor-element elementor-element-8a5f0ce e-flex e-con-boxed e-con e-parent\" data-id=\"8a5f0ce\" data-element_type=\"container\" data-core-v316-plus=\"true\">\n\t\t\t\t\t<div class=\"e-con-inner\">\n\t\t<div class=\"elementor-element elementor-element-5d6ba28 e-con-full e-flex e-con e-child\" data-id=\"5d6ba28\" data-element_type=\"container\">\n\t\t\t\t<div class=\"elementor-element elementor-element-b7e47d6 elementor-widget elementor-widget-heading\" data-id=\"b7e47d6\" data-element_type=\"widget\" data-widget_type=\"heading.default\">\n\t\t\t\t<div class=\"elementor-widget-container\">\n\t\t\t<h2 class=\"elementor-heading-title elementor-size-default\">A1 permiso de conducir suiza<\/h2>\t\t<\/div>\n\t\t\t\t<\/div>\n\t\t\t\t<\/div>\n\t\t<div class=\"elementor-element elementor-element-e1c2486 e-con-full e-flex e-con e-child\" data-id=\"e1c2486\" data-element_type=\"container\">\n\t\t\t\t<div class=\"elementor-element elementor-element-28f783c elementor-widget elementor-widget-heading\" data-id=\"28f783c\" data-element_type=\"widget\" data-widget_type=\"heading.default\">\n\t\t\t\t<div class=\"elementor-widget-container\">\n\t\t\t<h2 class=\"elementor-heading-title elementor-size-default\">Permiso de conducir de moto suiza<\/h2>\t\t<\/div>\n\t\t\t\t<\/div>\n\t\t\t\t<\/div>\n\t\t\t\t\t<\/div>\n\t\t\t\t<\/div>\n\t\t<div class=\"elementor-element elementor-element-60a9600 e-flex e-con-boxed e-con e-parent\" data-id=\"60a9600\" data-element_type=\"container\" data-core-v316-plus=\"true\">\n\t\t\t\t\t<div class=\"e-con-inner\">\n\t\t\t\t<div class=\"elementor-element elementor-element-96bee33 elementor-widget elementor-widget-text-editor\" data-id=\"96bee33\" data-element_type=\"widget\" data-widget_type=\"text-editor.default\">\n\t\t\t\t<div class=\"elementor-widget-container\">\n\t\t\t\t\t\t\t<p>Puede ser dif\u00edcil sacarse el carn\u00e9 de conducir suizo. Antes del examen te\u00f3rico, debe completar un curso de formaci\u00f3n en primeros auxilios de diez horas. Despu\u00e9s de obtener el permiso de conducir provisional, hay que hacer 8 horas de formaci\u00f3n en sensibilizaci\u00f3n vial, y despu\u00e9s de obtener el permiso de conducir suizo (permiso de conducir Suiza cuesta) hay que hacer algunas horas m\u00e1s.<br \/>Hay mucho papeleo durante el proceso y es necesario aclarar idiomas nacionales como el italiano, el alem\u00e1n o el franc\u00e9s. Si no pasa una prueba, su solicitud ser\u00e1 rechazada, lo que puede significar que tenga que esperar a\u00fan m\u00e1s tiempo para recibir el documento deseado. Si elige un permiso de conducir suizo falso, podr\u00e1 evitar por completo estos problemas. Ponemos a su disposici\u00f3n una amplia gama de obras aut\u00e9nticas incluidas en la base de datos principal. Consulte ahora nuestros servicios y d\u00edganos qu\u00e9 necesita. \u00bfPor qu\u00e9 comprarnos un permiso de conducir suizo?<\/p>\t\t\t\t\t\t<\/div>\n\t\t\t\t<\/div>\n\t\t\t\t\t<\/div>\n\t\t\t\t<\/div>\n\t\t<div class=\"elementor-element elementor-element-d570619 e-flex e-con-boxed e-con e-parent\" data-id=\"d570619\" data-element_type=\"container\" data-core-v316-plus=\"true\">\n\t\t\t\t\t<div class=\"e-con-inner\">\n\t\t<div class=\"elementor-element elementor-element-11d4bf8 e-con-full e-flex e-con e-child\" data-id=\"11d4bf8\" data-element_type=\"container\">\n\t\t\t\t<div class=\"elementor-element elementor-element-cd6fc52 elementor-widget elementor-widget-image\" data-id=\"cd6fc52\" data-element_type=\"widget\" data-widget_type=\"image.default\">\n\t\t\t\t<div class=\"elementor-widget-container\">\n\t\t\t<style>\/*! elementor - v3.20.0 - 13-03-2024 *\/\n.elementor-widget-image{text-align:center}.elementor-widget-image a{display:inline-block}.elementor-widget-image a img[src$=\".svg\"]{width:48px}.elementor-widget-image img{vertical-align:middle;display:inline-block}<\/style>\t\t\t\t\t\t\t<figure class=\"wp-caption\">\n\t\t\t\t\t\t\t\t\t\t<img fetchpriority=\"high\" decoding=\"async\" width=\"640\" height=\"630\" src=\"https:\/\/reisepassfuhrer.com\/wp-content\/uploads\/2024\/01\/Buy-French-drivers-licence.jpg\" class=\"attachment-large size-large wp-image-2606\" alt=\"Permiso de conducir suiza\" srcset=\"https:\/\/reisepassfuhrer.com\/wp-content\/uploads\/2024\/01\/Buy-French-drivers-licence.jpg 640w, https:\/\/reisepassfuhrer.com\/wp-content\/uploads\/2024\/01\/Buy-French-drivers-licence-300x295.jpg 300w, https:\/\/reisepassfuhrer.com\/wp-content\/uploads\/2024\/01\/Buy-French-drivers-licence-229x225.jpg 229w\" sizes=\"(max-width: 640px) 100vw, 640px\" \/>\t\t\t\t\t\t\t\t\t\t\t<figcaption class=\"widget-image-caption wp-caption-text\">Permiso de conducir suiza<\/figcaption>\n\t\t\t\t\t\t\t\t\t\t<\/figure>\n\t\t\t\t\t\t\t<\/div>\n\t\t\t\t<\/div>\n\t\t\t\t<\/div>\n\t\t<div class=\"elementor-element elementor-element-e5392a4 e-con-full e-flex e-con e-child\" data-id=\"e5392a4\" data-element_type=\"container\">\n\t\t\t\t<div class=\"elementor-element elementor-element-ea66b31 elementor-widget elementor-widget-image\" data-id=\"ea66b31\" data-element_type=\"widget\" data-widget_type=\"image.default\">\n\t\t\t\t<div class=\"elementor-widget-container\">\n\t\t\t\t\t\t\t\t\t\t<figure class=\"wp-caption\">\n\t\t\t\t\t\t\t\t\t\t<img decoding=\"async\" src=\"https:\/\/reisepassfuhrer.com\/wp-content\/uploads\/2024\/01\/dl.jpeg\" title=\"permiso de conducir internacional suiza\" alt=\"permiso de conducir internacional suiza\" loading=\"lazy\" \/>\t\t\t\t\t\t\t\t\t\t\t<figcaption class=\"widget-image-caption wp-caption-text\">permiso de conducir internacional suiza<\/figcaption>\n\t\t\t\t\t\t\t\t\t\t<\/figure>\n\t\t\t\t\t\t\t<\/div>\n\t\t\t\t<\/div>\n\t\t\t\t<\/div>\n\t\t\t\t\t<\/div>\n\t\t\t\t<\/div>\n\t\t<div class=\"elementor-element elementor-element-1450bcc e-flex e-con-boxed e-con e-parent\" data-id=\"1450bcc\" data-element_type=\"container\" data-core-v316-plus=\"true\">\n\t\t\t\t\t<div class=\"e-con-inner\">\n\t\t\t\t<div class=\"elementor-element elementor-element-f1bca8e elementor-widget elementor-widget-text-editor\" data-id=\"f1bca8e\" data-element_type=\"widget\" data-widget_type=\"text-editor.default\">\n\t\t\t\t<div class=\"elementor-widget-container\">\n\t\t\t\t\t\t\t<p>Puede ser dif\u00edcil sacarse el carn\u00e9 de conducir suizo. Antes del examen te\u00f3rico, debe completar un curso de formaci\u00f3n en primeros auxilios de diez horas. Despu\u00e9s de recibir el permiso de conducir provisional, debe completar 8 horas de formaci\u00f3n sobre sensibilizaci\u00f3n al tr\u00e1fico, y despu\u00e9s de recibir el permiso de conducir suizo, debe completar algunas horas m\u00e1s. Los documentos aut\u00e9nticos est\u00e1n a su disposici\u00f3n.<br \/>Hay mucho papeleo durante el proceso y es necesario aclarar idiomas nacionales como el italiano, el alem\u00e1n o el franc\u00e9s. Si no pasa una prueba, su solicitud ser\u00e1 rechazada, lo que puede significar que tenga que esperar a\u00fan m\u00e1s tiempo para recibir el documento deseado. Si elige un permiso de conducir suizo falso, podr\u00e1 evitar por completo estos problemas. Ponemos a su disposici\u00f3n una amplia gama de obras aut\u00e9nticas incluidas en la base de datos principal. Consulte ahora nuestros servicios y d\u00edganos qu\u00e9 necesita.<br \/>\u00bfPor qu\u00e9 comprar un permiso de conducir suizo con nosotros?<\/p><p>Independientemente del lugar del mundo en el que se encuentre, debe tener un permiso v\u00e1lido para conducir un veh\u00edculo. Por desgracia, el proceso de solicitud es uno de los mayores obst\u00e1culos. Para los que acaban de mudarse a Suiza, es significativamente peor. Afortunadamente, existen proveedores de documentos fiables que pueden ayudarle a evitar el tedioso proceso. He aqu\u00ed algunas razones para elegirlos.<\/p><p>Comodidad. \u00bfQu\u00e9 m\u00e1s necesita cuando puede solicitar el permiso de conducir en Suiza por Internet desde la comodidad de su propia casa? No necesita presentarse en persona para realizar el examen te\u00f3rico o pr\u00e1ctico. Lo \u00fanico que tiene que hacer es introducir su nombre y toda la informaci\u00f3n pertinente. Nuestro personal expedir\u00e1 el carn\u00e9 por usted.<\/p><p>Autenticidad. No le haremos pasar por falsificador. El documento que recibe de nosotros es tan aut\u00e9ntico como el original. El agente de polic\u00eda nunca sospechar\u00e1 que usted est\u00e1 en posesi\u00f3n de un permiso de conducir falsificado.<\/p><p>Asequibilidad. Si suma los costes de obtenci\u00f3n de un permiso de conducci\u00f3n por el procedimiento ordinario, se dar\u00e1 cuenta de lo asequibles que somos.<\/p><p>Ahorro de tiempo. Un proceso centralizado requiere mucho tiempo y trabajo y no merece la pena. Con la certeza de que ofrecemos lo mejor en el momento oportuno, usted invierte en nosotros y ahorra un tiempo valioso.<\/p><p>C\u00f3mo obtener un permiso de conducir suizo sin examen<\/p><p>Los tiempos en que se pod\u00eda prescindir del carn\u00e9 de conducir han pasado a la historia. En vista del creciente n\u00famero de accidentes de tr\u00e1fico, las autoridades han endurecido a\u00fan m\u00e1s la normativa. Tiene la oportunidad de obtener un permiso de conducir internacional en Suiza sin complicaciones. Nuestro equipo est\u00e1 formado por profesionales de la tecnolog\u00eda, el dise\u00f1o y la administraci\u00f3n p\u00fablica que cuentan con las competencias necesarias para replicar a la perfecci\u00f3n un documento original. P\u00f3ngase en contacto con nosotros. D\u00edganos lo que necesita poni\u00e9ndose en contacto con nosotros ahora. Comprar permisos de conducir para otros pa\u00edses de la UE<\/p>\t\t\t\t\t\t<\/div>\n\t\t\t\t<\/div>\n\t\t\t\t\t<\/div>\n\t\t\t\t<\/div>\n\t\t<div class=\"elementor-element elementor-element-edec56e e-flex e-con-boxed e-con e-parent\" data-id=\"edec56e\" data-element_type=\"container\" data-core-v316-plus=\"true\">\n\t\t\t\t\t<div class=\"e-con-inner\">\n\t\t<div class=\"elementor-element elementor-element-dc23bf7 e-con-full e-flex e-con e-child\" data-id=\"dc23bf7\" data-element_type=\"container\">\n\t\t\t\t<div class=\"elementor-element elementor-element-3d5487a elementor-widget elementor-widget-heading\" data-id=\"3d5487a\" data-element_type=\"widget\" data-widget_type=\"heading.default\">\n\t\t\t\t<div class=\"elementor-widget-container\">\n\t\t\t<h2 class=\"elementor-heading-title elementor-size-default\">reescribir el permiso de conducir suiza<\/h2>\t\t<\/div>\n\t\t\t\t<\/div>\n\t\t\t\t<\/div>\n\t\t<div class=\"elementor-element elementor-element-05ff606 e-con-full e-flex e-con e-child\" data-id=\"05ff606\" data-element_type=\"container\">\n\t\t\t\t<div class=\"elementor-element elementor-element-9e7a369 elementor-widget elementor-widget-heading\" data-id=\"9e7a369\" data-element_type=\"widget\" data-widget_type=\"heading.default\">\n\t\t\t\t<div class=\"elementor-widget-container\">\n\t\t\t<h2 class=\"elementor-heading-title elementor-size-default\">conducir sin carn\u00e9 suiza<\/h2>\t\t<\/div>\n\t\t\t\t<\/div>\n\t\t\t\t<\/div>\n\t\t\t\t\t<\/div>\n\t\t\t\t<\/div>\n\t\t\t\t<\/div>","protected":false},"excerpt":{"rendered":"<p>F\u00fchrerschein schweiz Internationaler f\u00fchrerschein schweiz F\u00fchrerschein schweiz, Ein F\u00fchrerschein ist die gesetzliche Erlaubnis einer bestimmten Person, ein oder mehrere Kraftfahrzeuge zu f\u00fchren. Es ist die akzeptabelste Form eines von der Regierung ausgestellten Dokuments, das Sie als Identit\u00e4tsnachweis vorlegen k\u00f6nnen. Es gibt Ihnen auch die Freiheit, unabh\u00e4ngig zu fahren, ohne Angst vor den Beh\u00f6rden zu haben. [&hellip;]<\/p>","protected":false},"author":1,"featured_media":0,"parent":0,"menu_order":0,"comment_status":"closed","ping_status":"closed","template":"","meta":{"footnotes":""},"class_list":["post-2377","page","type-page","status-publish","hentry"],"yoast_head":"<!-- This site is optimized with the Yoast SEO Premium plugin v22.2 (Yoast SEO v26.2) - https:\/\/yoast.com\/wordpress\/plugins\/seo\/ -->\n<title>F\u00fchrerschein schweiz - Reisepassfuhrer<\/title>\n<meta name=\"description\" content=\"F\u00fchrerschein schweiz, Ein F\u00fchrerschein ist die gesetzliche Erlaubnis einer bestimmten Person, ein oder mehrere Kraftfahrzeuge zu f\u00fchren.\" \/>\n<meta name=\"robots\" content=\"noindex, follow, max-snippet:-1, max-image-preview:large, max-video-preview:-1\" \/>\n<meta property=\"og:locale\" content=\"es_ES\" \/>\n<meta property=\"og:type\" content=\"article\" \/>\n<meta property=\"og:title\" content=\"F\u00fchrerschein schweiz\" \/>\n<meta property=\"og:description\" content=\"F\u00fchrerschein schweiz, Ein F\u00fchrerschein ist die gesetzliche Erlaubnis einer bestimmten Person, ein oder mehrere Kraftfahrzeuge zu f\u00fchren.\" \/>\n<meta property=\"og:url\" content=\"https:\/\/reisepassfuhrer.com\/es\/licencia-de-conducir-suiza\/\" \/>\n<meta property=\"og:site_name\" content=\"Reisepassfuhrer\" \/>\n<meta property=\"article:modified_time\" content=\"2024-01-27T12:34:54+00:00\" \/>\n<meta property=\"og:image\" content=\"http:\/\/reisepassfuhrer.com\/wp-content\/uploads\/2024\/01\/Buy-French-drivers-licence.jpg\" \/>\n<meta name=\"twitter:card\" content=\"summary_large_image\" \/>\n<meta name=\"twitter:label1\" content=\"Tiempo de lectura\" \/>\n\t<meta name=\"twitter:data1\" content=\"4 minutos\" \/>\n<script type=\"application\/ld+json\" class=\"yoast-schema-graph\">{\"@context\":\"https:\/\/schema.org\",\"@graph\":[{\"@type\":\"WebPage\",\"@id\":\"https:\/\/reisepassfuhrer.com\/fuhrerschein-schweiz\/\",\"url\":\"https:\/\/reisepassfuhrer.com\/fuhrerschein-schweiz\/\",\"name\":\"F\u00fchrerschein schweiz - Reisepassfuhrer\",\"isPartOf\":{\"@id\":\"https:\/\/reisepassfuhrer.com\/#website\"},\"primaryImageOfPage\":{\"@id\":\"https:\/\/reisepassfuhrer.com\/fuhrerschein-schweiz\/#primaryimage\"},\"image\":{\"@id\":\"https:\/\/reisepassfuhrer.com\/fuhrerschein-schweiz\/#primaryimage\"},\"thumbnailUrl\":\"http:\/\/reisepassfuhrer.com\/wp-content\/uploads\/2024\/01\/Buy-French-drivers-licence.jpg\",\"datePublished\":\"2021-03-09T14:34:09+00:00\",\"dateModified\":\"2024-01-27T12:34:54+00:00\",\"description\":\"F\u00fchrerschein schweiz, Ein F\u00fchrerschein ist die gesetzliche Erlaubnis einer bestimmten Person, ein oder mehrere Kraftfahrzeuge zu f\u00fchren.\",\"breadcrumb\":{\"@id\":\"https:\/\/reisepassfuhrer.com\/fuhrerschein-schweiz\/#breadcrumb\"},\"inLanguage\":\"es\",\"potentialAction\":[{\"@type\":\"ReadAction\",\"target\":[\"https:\/\/reisepassfuhrer.com\/fuhrerschein-schweiz\/\"]}]},{\"@type\":\"ImageObject\",\"inLanguage\":\"es\",\"@id\":\"https:\/\/reisepassfuhrer.com\/fuhrerschein-schweiz\/#primaryimage\",\"url\":\"http:\/\/reisepassfuhrer.com\/wp-content\/uploads\/2024\/01\/Buy-French-drivers-licence.jpg\",\"contentUrl\":\"http:\/\/reisepassfuhrer.com\/wp-content\/uploads\/2024\/01\/Buy-French-drivers-licence.jpg\"},{\"@type\":\"BreadcrumbList\",\"@id\":\"https:\/\/reisepassfuhrer.com\/fuhrerschein-schweiz\/#breadcrumb\",\"itemListElement\":[{\"@type\":\"ListItem\",\"position\":1,\"name\":\"Home\",\"item\":\"https:\/\/reisepassfuhrer.com\/\"},{\"@type\":\"ListItem\",\"position\":2,\"name\":\"F\u00fchrerschein schweiz\"}]},{\"@type\":\"WebSite\",\"@id\":\"https:\/\/reisepassfuhrer.com\/#website\",\"url\":\"https:\/\/reisepassfuhrer.com\/\",\"name\":\"Reisepassfuhrer\",\"description\":\"Reisepass Beantragen Berlin\",\"publisher\":{\"@id\":\"https:\/\/reisepassfuhrer.com\/#organization\"},\"potentialAction\":[{\"@type\":\"SearchAction\",\"target\":{\"@type\":\"EntryPoint\",\"urlTemplate\":\"https:\/\/reisepassfuhrer.com\/?s={search_term_string}\"},\"query-input\":{\"@type\":\"PropertyValueSpecification\",\"valueRequired\":true,\"valueName\":\"search_term_string\"}}],\"inLanguage\":\"es\"},{\"@type\":\"Organization\",\"@id\":\"https:\/\/reisepassfuhrer.com\/#organization\",\"name\":\"Reisepassfuhrer\",\"url\":\"https:\/\/reisepassfuhrer.com\/\",\"logo\":{\"@type\":\"ImageObject\",\"inLanguage\":\"es\",\"@id\":\"https:\/\/reisepassfuhrer.com\/#\/schema\/logo\/image\/\",\"url\":\"https:\/\/reisepassfuhrer.com\/wp-content\/uploads\/2024\/03\/Reisepassfuhrer-logo.png\",\"contentUrl\":\"https:\/\/reisepassfuhrer.com\/wp-content\/uploads\/2024\/03\/Reisepassfuhrer-logo.png\",\"width\":112,\"height\":112,\"caption\":\"Reisepassfuhrer\"},\"image\":{\"@id\":\"https:\/\/reisepassfuhrer.com\/#\/schema\/logo\/image\/\"}}]}<\/script>\n<!-- \/ Yoast SEO Premium plugin. -->","yoast_head_json":{"title":"Permiso de conducir switzerland - Titular de pasaporte","description":"Permiso de conducir switzerland, El permiso de conducir es la autorizaci\u00f3n legal que permite a una persona determinada conducir uno o varios veh\u00edculos de motor.","robots":{"index":"noindex","follow":"follow","max-snippet":"max-snippet:-1","max-image-preview":"max-image-preview:large","max-video-preview":"max-video-preview:-1"},"og_locale":"es_ES","og_type":"article","og_title":"F\u00fchrerschein schweiz","og_description":"F\u00fchrerschein schweiz, Ein F\u00fchrerschein ist die gesetzliche Erlaubnis einer bestimmten Person, ein oder mehrere Kraftfahrzeuge zu f\u00fchren.","og_url":"https:\/\/reisepassfuhrer.com\/es\/licencia-de-conducir-suiza\/","og_site_name":"Reisepassfuhrer","article_modified_time":"2024-01-27T12:34:54+00:00","og_image":[{"url":"http:\/\/reisepassfuhrer.com\/wp-content\/uploads\/2024\/01\/Buy-French-drivers-licence.jpg","type":"","width":"","height":""}],"twitter_card":"summary_large_image","twitter_misc":{"Tiempo de lectura":"4 minutos"},"schema":{"@context":"https:\/\/schema.org","@graph":[{"@type":"WebPage","@id":"https:\/\/reisepassfuhrer.com\/fuhrerschein-schweiz\/","url":"https:\/\/reisepassfuhrer.com\/fuhrerschein-schweiz\/","name":"Permiso de conducir switzerland - Titular de pasaporte","isPartOf":{"@id":"https:\/\/reisepassfuhrer.com\/#website"},"primaryImageOfPage":{"@id":"https:\/\/reisepassfuhrer.com\/fuhrerschein-schweiz\/#primaryimage"},"image":{"@id":"https:\/\/reisepassfuhrer.com\/fuhrerschein-schweiz\/#primaryimage"},"thumbnailUrl":"http:\/\/reisepassfuhrer.com\/wp-content\/uploads\/2024\/01\/Buy-French-drivers-licence.jpg","datePublished":"2021-03-09T14:34:09+00:00","dateModified":"2024-01-27T12:34:54+00:00","description":"Permiso de conducir switzerland, El permiso de conducir es la autorizaci\u00f3n legal que permite a una persona determinada conducir uno o varios veh\u00edculos de motor.","breadcrumb":{"@id":"https:\/\/reisepassfuhrer.com\/fuhrerschein-schweiz\/#breadcrumb"},"inLanguage":"es","potentialAction":[{"@type":"ReadAction","target":["https:\/\/reisepassfuhrer.com\/fuhrerschein-schweiz\/"]}]},{"@type":"ImageObject","inLanguage":"es","@id":"https:\/\/reisepassfuhrer.com\/fuhrerschein-schweiz\/#primaryimage","url":"http:\/\/reisepassfuhrer.com\/wp-content\/uploads\/2024\/01\/Buy-French-drivers-licence.jpg","contentUrl":"http:\/\/reisepassfuhrer.com\/wp-content\/uploads\/2024\/01\/Buy-French-drivers-licence.jpg"},{"@type":"BreadcrumbList","@id":"https:\/\/reisepassfuhrer.com\/fuhrerschein-schweiz\/#breadcrumb","itemListElement":[{"@type":"ListItem","position":1,"name":"Home","item":"https:\/\/reisepassfuhrer.com\/"},{"@type":"ListItem","position":2,"name":"F\u00fchrerschein schweiz"}]},{"@type":"WebSite","@id":"https:\/\/reisepassfuhrer.com\/#website","url":"https:\/\/reisepassfuhrer.com\/","name":"Gu\u00eda del pasaporte","description":"Solicitar un pasaporte Berl\u00edn","publisher":{"@id":"https:\/\/reisepassfuhrer.com\/#organization"},"potentialAction":[{"@type":"SearchAction","target":{"@type":"EntryPoint","urlTemplate":"https:\/\/reisepassfuhrer.com\/?s={search_term_string}"},"query-input":{"@type":"PropertyValueSpecification","valueRequired":true,"valueName":"search_term_string"}}],"inLanguage":"es"},{"@type":"Organization","@id":"https:\/\/reisepassfuhrer.com\/#organization","name":"Gu\u00eda del pasaporte","url":"https:\/\/reisepassfuhrer.com\/","logo":{"@type":"ImageObject","inLanguage":"es","@id":"https:\/\/reisepassfuhrer.com\/#\/schema\/logo\/image\/","url":"https:\/\/reisepassfuhrer.com\/wp-content\/uploads\/2024\/03\/Reisepassfuhrer-logo.png","contentUrl":"https:\/\/reisepassfuhrer.com\/wp-content\/uploads\/2024\/03\/Reisepassfuhrer-logo.png","width":112,"height":112,"caption":"Reisepassfuhrer"},"image":{"@id":"https:\/\/reisepassfuhrer.com\/#\/schema\/logo\/image\/"}}]}},"_links":{"self":[{"href":"https:\/\/reisepassfuhrer.com\/es\/wp-json\/wp\/v2\/pages\/2377","targetHints":{"allow":["GET"]}}],"collection":[{"href":"https:\/\/reisepassfuhrer.com\/es\/wp-json\/wp\/v2\/pages"}],"about":[{"href":"https:\/\/reisepassfuhrer.com\/es\/wp-json\/wp\/v2\/types\/page"}],"author":[{"embeddable":true,"href":"https:\/\/reisepassfuhrer.com\/es\/wp-json\/wp\/v2\/users\/1"}],"replies":[{"embeddable":true,"href":"https:\/\/reisepassfuhrer.com\/es\/wp-json\/wp\/v2\/comments?post=2377"}],"version-history":[{"count":34,"href":"https:\/\/reisepassfuhrer.com\/es\/wp-json\/wp\/v2\/pages\/2377\/revisions"}],"predecessor-version":[{"id":2617,"href":"https:\/\/reisepassfuhrer.com\/es\/wp-json\/wp\/v2\/pages\/2377\/revisions\/2617"}],"wp:attachment":[{"href":"https:\/\/reisepassfuhrer.com\/es\/wp-json\/wp\/v2\/media?parent=2377"}],"curies":[{"name":"wp","href":"https:\/\/api.w.org\/{rel}","templated":true}]}}