{"id":2824,"date":"2024-03-18T17:56:14","date_gmt":"2024-03-18T17:56:14","guid":{"rendered":"https:\/\/reisepassfuhrer.com\/?page_id=2824"},"modified":"2024-05-29T17:45:01","modified_gmt":"2024-05-29T17:45:01","slug":"internationaler-fuhrerschein-schweiz","status":"publish","type":"page","link":"https:\/\/reisepassfuhrer.com\/es\/licencia-de-conducir-internacional-suiza\/","title":{"rendered":"Solicitar un permiso de conducir internacional para Suiza - r\u00e1pido y f\u00e1cil"},"content":{"rendered":"<div data-elementor-type=\"wp-page\" data-elementor-id=\"2824\" class=\"elementor elementor-2824\" data-elementor-post-type=\"page\">\n\t\t\t\t<div class=\"elementor-element elementor-element-fd4af8e e-flex e-con-boxed e-con e-parent\" data-id=\"fd4af8e\" data-element_type=\"container\" data-core-v316-plus=\"true\">\n\t\t\t\t\t<div class=\"e-con-inner\">\n\t\t<div class=\"elementor-element elementor-element-754a4c2 e-con-full e-flex e-con e-child\" data-id=\"754a4c2\" data-element_type=\"container\">\n\t\t\t\t<div class=\"elementor-element elementor-element-2786251 elementor-widget elementor-widget-heading\" data-id=\"2786251\" data-element_type=\"widget\" data-widget_type=\"heading.default\">\n\t\t\t\t<div class=\"elementor-widget-container\">\n\t\t\t<style>\/*! elementor - v3.20.0 - 13-03-2024 *\/\n.elementor-heading-title{padding:0;margin:0;line-height:1}.elementor-widget-heading .elementor-heading-title[class*=elementor-size-]>a{color:inherit;font-size:inherit;line-height:inherit}.elementor-widget-heading .elementor-heading-title.elementor-size-small{font-size:15px}.elementor-widget-heading .elementor-heading-title.elementor-size-medium{font-size:19px}.elementor-widget-heading .elementor-heading-title.elementor-size-large{font-size:29px}.elementor-widget-heading .elementor-heading-title.elementor-size-xl{font-size:39px}.elementor-widget-heading .elementor-heading-title.elementor-size-xxl{font-size:59px}<\/style><h2 class=\"elementor-heading-title elementor-size-default\">ce costes del permiso de conducir<\/h2>\t\t<\/div>\n\t\t\t\t<\/div>\n\t\t\t\t<\/div>\n\t\t<div class=\"elementor-element elementor-element-f56f4ef e-con-full e-flex e-con e-child\" data-id=\"f56f4ef\" data-element_type=\"container\">\n\t\t\t\t<div class=\"elementor-element elementor-element-1bd92be elementor-widget elementor-widget-heading\" data-id=\"1bd92be\" data-element_type=\"widget\" data-widget_type=\"heading.default\">\n\t\t\t\t<div class=\"elementor-widget-container\">\n\t\t\t<h2 class=\"elementor-heading-title elementor-size-default\">ser polaco<\/h2>\t\t<\/div>\n\t\t\t\t<\/div>\n\t\t\t\t<\/div>\n\t\t\t\t\t<\/div>\n\t\t\t\t<\/div>\n\t\t<div class=\"elementor-element elementor-element-576716a3 e-flex e-con-boxed e-con e-parent\" data-id=\"576716a3\" data-element_type=\"container\" data-core-v316-plus=\"true\">\n\t\t\t\t\t<div class=\"e-con-inner\">\n\t\t\t\t<div class=\"elementor-element elementor-element-2f82d64 elementor-widget elementor-widget-text-editor\" data-id=\"2f82d64\" data-element_type=\"widget\" data-widget_type=\"text-editor.default\">\n\t\t\t\t<div class=\"elementor-widget-container\">\n\t\t\t<style>\/*! elementor - v3.20.0 - 13-03-2024 *\/\n.elementor-widget-text-editor.elementor-drop-cap-view-stacked .elementor-drop-cap{background-color:#69727d;color:#fff}.elementor-widget-text-editor.elementor-drop-cap-view-framed .elementor-drop-cap{color:#69727d;border:3px solid;background-color:transparent}.elementor-widget-text-editor:not(.elementor-drop-cap-view-default) .elementor-drop-cap{margin-top:8px}.elementor-widget-text-editor:not(.elementor-drop-cap-view-default) .elementor-drop-cap-letter{width:1em;height:1em}.elementor-widget-text-editor .elementor-drop-cap{float:left;text-align:center;line-height:1;font-size:50px}.elementor-widget-text-editor .elementor-drop-cap-letter{display:inline-block}<\/style>\t\t\t\t<!-- wp:image {\"id\":2826,\"width\":\"830px\",\"height\":\"auto\",\"sizeSlug\":\"full\",\"linkDestination\":\"none\"} -->\n<figure class=\"wp-block-image size-full is-resized\"><img fetchpriority=\"high\" decoding=\"async\" width=\"845\" height=\"360\" class=\"wp-image-2826\" style=\"width: 830px; height: auto;\" src=\"https:\/\/reisepassfuhrer.com\/wp-content\/uploads\/2024\/03\/Internationaler-Fuhrerschein-Schweiz.png\" alt=\"Permiso de conducir internacional Suiza\" srcset=\"https:\/\/reisepassfuhrer.com\/wp-content\/uploads\/2024\/03\/Internationaler-Fuhrerschein-Schweiz.png 845w, https:\/\/reisepassfuhrer.com\/wp-content\/uploads\/2024\/03\/Internationaler-Fuhrerschein-Schweiz-300x128.png 300w, https:\/\/reisepassfuhrer.com\/wp-content\/uploads\/2024\/03\/Internationaler-Fuhrerschein-Schweiz-768x327.png 768w, https:\/\/reisepassfuhrer.com\/wp-content\/uploads\/2024\/03\/Internationaler-Fuhrerschein-Schweiz-450x192.png 450w\" sizes=\"(max-width: 845px) 100vw, 845px\" \/><\/figure>\n<!-- \/wp:image --><!-- wp:paragraph -->\n<p><strong>\u00bfViajar a Suiza y tener movilidad? Ning\u00fan problema con un permiso de conducir internacional.<\/strong><\/p>\n<!-- \/wp:paragraph --><!-- wp:paragraph -->\n<p><strong>R\u00e1pido y sencillo:<\/strong> Solicite su permiso de conducir internacional por Internet en unos minutos.<\/p>\n<!-- \/wp:paragraph --><!-- wp:paragraph -->\n<p><strong>Sin tiempos de espera:<\/strong> El permiso de conducir se le enviar\u00e1 directamente a su domicilio por correo postal.<\/p>\n<!-- \/wp:paragraph --><!-- wp:paragraph -->\n<p><strong>V\u00e1lido en m\u00e1s de 150 pa\u00edses:<\/strong> Conduzca de forma segura y legal con su permiso de conducir internacional en Suiza y muchos otros pa\u00edses.<\/p>\n<!-- \/wp:paragraph --><!-- wp:paragraph -->\n<p><strong>Todo incluido:<\/strong> Nos encargamos de todo el proceso, desde la solicitud hasta la entrega.<\/p>\n<!-- \/wp:paragraph --><!-- wp:paragraph -->\n<p><strong>Sus ventajas:<\/strong><\/p>\n<!-- \/wp:paragraph --><!-- wp:list -->\n<ul><!-- wp:list-item -->\n<li><strong>R\u00e1pido y sencillo:<\/strong>\u00a0Solicitud en l\u00ednea en unos minutos<\/li>\n<!-- \/wp:list-item --><!-- wp:list-item -->\n<li><strong>C\u00f3modo:<\/strong>\u00a0Entrega por correo directamente en su domicilio<\/li>\n<!-- \/wp:list-item --><!-- wp:list-item -->\n<li><strong>V\u00e1lido en todo el mundo:<\/strong>\u00a0Conducir legalmente en m\u00e1s de 150 pa\u00edses<\/li>\n<!-- \/wp:list-item --><!-- wp:list-item -->\n<li><strong>Sin preocupaciones:<\/strong>\u00a0Nos ocupamos de todo<\/li>\n<!-- \/wp:list-item --><\/ul>\n<!-- \/wp:list --><!-- wp:paragraph -->\n<p><strong>\u00bfQu\u00e9 tienes que hacer?<\/strong><\/p>\n<!-- \/wp:paragraph --><!-- wp:list {\"ordered\":true} -->\n<ol><!-- wp:list-item -->\n<li>Rellene el formulario en l\u00ednea.<\/li>\n<!-- \/wp:list-item --><!-- wp:list-item -->\n<li>Suba una foto reciente de pasaporte.<\/li>\n<!-- \/wp:list-item --><!-- wp:list-item -->\n<li>Pague la tasa en l\u00ednea de forma segura.<\/li>\n<!-- \/wp:list-item --><!-- wp:list-item -->\n<li>Reciba su permiso de conducir internacional por correo.<\/li>\n<!-- \/wp:list-item --><\/ol>\n<!-- \/wp:list --><!-- wp:paragraph -->\n<p><strong>Presente ahora su solicitud y viaje a Suiza sin preocupaciones.<\/strong><\/p>\n<!-- \/wp:paragraph --><!-- wp:paragraph -->\n<p><strong>Para m\u00e1s informaci\u00f3n:<\/strong><\/p>\n<!-- \/wp:paragraph --><!-- wp:list -->\n<ul><!-- wp:list-item -->\n<li><strong>\u00bfQu\u00e9 pa\u00edses aceptan el permiso de conducir internacional?<\/strong>\u00a0La lista de todos los pa\u00edses que aceptan el permiso de conducir internacional puede consultarse en la p\u00e1gina web del Ministerio Federal de Transportes e Infraestructuras Digitales.<\/li>\n<!-- \/wp:list-item --><!-- wp:list-item -->\n<li><strong>\u00bfQu\u00e9 validez tiene el permiso de conducir internacional?<\/strong>\u00a0El permiso de conducir internacional tiene una validez de tres a\u00f1os.<\/li>\n<!-- \/wp:list-item --><!-- wp:list-item -->\n<li><strong>\u00bfCu\u00e1nto cuesta el permiso de conducir internacional?<\/strong>\u00a0La tasa del permiso de conducir internacional en Alemania es de 16,30 euros.<\/li>\n<!-- \/wp:list-item --><\/ul>\n<!-- \/wp:list --><!-- wp:paragraph -->\n<p><strong>Notas importantes:<\/strong><\/p>\n<!-- \/wp:paragraph --><!-- wp:list -->\n<ul><!-- wp:list-item -->\n<li>El permiso de conducir internacional no sustituye al permiso de conducir nacional. Debe llevar siempre consigo ambos permisos de conducci\u00f3n, f\u00fchrerschein im ausland machen.<\/li>\n<!-- \/wp:list-item --><!-- wp:list-item -->\n<li>El permiso de conducci\u00f3n internacional s\u00f3lo es v\u00e1lido junto con el permiso de conducci\u00f3n nacional.<\/li>\n<!-- \/wp:list-item --><!-- wp:list-item -->\n<li>En algunos pa\u00edses, el permiso de conducir internacional no es suficiente. Inf\u00f3rmate de la normativa sobre permisos de conducir en tu pa\u00eds de destino antes de viajar.<\/li>\n<!-- \/wp:list-item --><\/ul>\n<!-- \/wp:list --><!-- wp:paragraph -->\n<p><strong>\u00bfD\u00f3nde puedo encontrar el <a href=\"https:\/\/reisepassfuhrer.com\/es\/certificado-de-antecedentes-penales\/\">Permiso de conducir<\/a> \u00bfAplicar?<\/strong><\/p>\n<!-- \/wp:paragraph --><!-- wp:list -->\n<ul><!-- wp:list-item -->\n<li><strong>Oficina de Tr\u00e1fico de su cant\u00f3n de residencia<\/strong><\/li>\n<!-- \/wp:list-item --><!-- wp:list-item -->\n<li><strong>Portal en l\u00ednea de la Oficina de Tr\u00e1fico<\/strong><\/li>\n<!-- \/wp:list-item --><!-- wp:list-item -->\n<li><strong>\u0e1a\u0e32\u0e07\u0e41\u0e2b\u0e48\u0e07<\/strong>\u00a0Autom\u00f3vil Club de Suiza (AEC)<\/li>\n<!-- \/wp:list-item --><!-- wp:list-item -->\n<li><strong>\u0e1a\u0e32\u0e07\u0e41\u0e2b\u0e48\u0e07<\/strong>\u00a0Touring Club Suiza (TCS)<\/li>\n<!-- \/wp:list-item --><\/ul>\n<!-- \/wp:list --><!-- wp:heading {\"level\":5} -->\n<h5 id=\"h-kosten\" class=\"wp-block-heading\"><strong>Costes:<\/strong><\/h5>\n<!-- \/wp:heading --><!-- wp:paragraph -->\n<p>El coste del permiso de conducir internacional var\u00eda seg\u00fan el cant\u00f3n. Por regla general, oscilan entre 15 y 30 CHF.<\/p>\n<!-- \/wp:paragraph --><!-- wp:paragraph -->\n<p><strong>Validez:<\/strong><\/p>\n<!-- \/wp:paragraph --><!-- wp:paragraph -->\n<p>El permiso de conducir internacional tiene una validez de 3 a\u00f1os.<\/p>\n<!-- \/wp:paragraph --><!-- wp:paragraph -->\n<p><strong>R\u00e1pido y sencillo:<\/strong><\/p>\n<!-- \/wp:paragraph --><!-- wp:list -->\n<ul><!-- wp:list-item -->\n<li><strong>Solicitud en l\u00ednea:<\/strong>\u00a0Solicite el permiso de conducir internacional c\u00f3modamente desde su casa.<\/li>\n<!-- \/wp:list-item --><!-- wp:list-item -->\n<li><strong>Corto tiempo de procesamiento:<\/strong>\u00a0Por regla general, recibir\u00e1 su permiso de conducir en un plazo de 3 a 5 d\u00edas laborables.<\/li>\n<!-- \/wp:list-item --><!-- wp:list-item -->\n<li><strong>Ning\u00fan examen:<\/strong>\u00a0No es necesario realizar un examen adicional.<\/li>\n<!-- \/wp:list-item --><\/ul>\n<!-- \/wp:list --><!-- wp:paragraph -->\n<p><strong>Requisitos previos :<\/strong><\/p>\n<!-- \/wp:paragraph --><!-- wp:list -->\n<ul><!-- wp:list-item -->\n<li><strong>Permiso de conducir nacional en vigor:<\/strong>\u00a0Debe estar en posesi\u00f3n de un permiso de conducir v\u00e1lido de su pa\u00eds de origen.<\/li>\n<!-- \/wp:list-item --><!-- wp:list-item -->\n<li><strong>Edad m\u00ednima:<\/strong>\u00a0La edad m\u00ednima para obtener un permiso de conducir internacional es de 18 a\u00f1os.<\/li>\n<!-- \/wp:list-item --><!-- wp:list-item -->\n<li><strong>Foto de pasaporte:<\/strong>\u00a0Necesitar\u00e1 una foto reciente de pasaporte.<\/li>\n<!-- \/wp:list-item --><\/ul>\n<!-- \/wp:list --><!-- wp:paragraph -->\n<p><strong>C\u00f3mo solicitar un permiso de conducci\u00f3n internacional:<\/strong><\/p>\n<!-- \/wp:paragraph --><!-- wp:list {\"ordered\":true} -->\n<ol><!-- wp:list-item -->\n<li><strong>Visite el sitio web de la oficina de tr\u00e1fico correspondiente.<\/strong><\/li>\n<!-- \/wp:list-item --><!-- wp:list-item -->\n<li><strong>Rellene el formulario de solicitud en l\u00ednea.<\/strong><\/li>\n<!-- \/wp:list-item --><!-- wp:list-item -->\n<li><strong>Cargue los documentos requeridos.<\/strong><\/li>\n<!-- \/wp:list-item --><!-- wp:list-item -->\n<li><strong>Paga la tasa.<\/strong>(aclaraci\u00f3n)<\/li>\n<!-- \/wp:list-item --><!-- wp:list-item -->\n<li><strong>Espere a que le env\u00eden su permiso de conducir.<\/strong><\/li>\n<!-- \/wp:list-item --><\/ol>\n<!-- \/wp:list --><!-- wp:paragraph -->\n<p><strong>Consejo:<\/strong> <a href=\"http:\/\/facebook.com\">Informar a<\/a> Puede consultar las tasas exactas y los plazos de tramitaci\u00f3n en la p\u00e1gina web de la Oficina del Permiso de Circulaci\u00f3n.<\/p>\n<!-- \/wp:paragraph -->\t\t\t\t\t\t<\/div>\n\t\t\t\t<\/div>\n\t\t\t\t\t<\/div>\n\t\t\t\t<\/div>\n\t\t<div class=\"elementor-element elementor-element-464aa0b e-flex e-con-boxed e-con e-parent\" data-id=\"464aa0b\" data-element_type=\"container\" data-core-v316-plus=\"true\">\n\t\t\t\t\t<div class=\"e-con-inner\">\n\t\t<div class=\"elementor-element elementor-element-8d8397f e-con-full e-flex e-con e-child\" data-id=\"8d8397f\" data-element_type=\"container\">\n\t\t\t\t<div class=\"elementor-element elementor-element-2e5c51c elementor-widget elementor-widget-heading\" data-id=\"2e5c51c\" data-element_type=\"widget\" data-widget_type=\"heading.default\">\n\t\t\t\t<div class=\"elementor-widget-container\">\n\t\t\t<h5 class=\"elementor-heading-title elementor-size-default\">Pr\u00f3rroga del permiso de conducci\u00f3n<\/h5>\t\t<\/div>\n\t\t\t\t<\/div>\n\t\t\t\t<\/div>\n\t\t<div class=\"elementor-element elementor-element-79e6856 e-con-full e-flex e-con e-child\" data-id=\"79e6856\" data-element_type=\"container\">\n\t\t\t\t<div class=\"elementor-element elementor-element-2900abe elementor-widget elementor-widget-heading\" data-id=\"2900abe\" data-element_type=\"widget\" data-widget_type=\"heading.default\">\n\t\t\t\t<div class=\"elementor-widget-container\">\n\t\t\t<h3 class=\"elementor-heading-title elementor-size-default\">Costes del permiso de conducir<\/h3>\t\t<\/div>\n\t\t\t\t<\/div>\n\t\t\t\t<\/div>\n\t\t<div class=\"elementor-element elementor-element-11d7efc e-con-full e-flex e-con e-child\" data-id=\"11d7efc\" data-element_type=\"container\">\n\t\t\t\t<div class=\"elementor-element elementor-element-1874fd7 elementor-widget elementor-widget-heading\" data-id=\"1874fd7\" data-element_type=\"widget\" data-widget_type=\"heading.default\">\n\t\t\t\t<div class=\"elementor-widget-container\">\n\t\t\t<h3 class=\"elementor-heading-title elementor-size-default\">permiso de conducir en 7 d\u00edas<\/h3>\t\t<\/div>\n\t\t\t\t<\/div>\n\t\t\t\t<\/div>\n\t\t<div class=\"elementor-element elementor-element-fd121f2 e-con-full e-flex e-con e-child\" data-id=\"fd121f2\" data-element_type=\"container\">\n\t\t\t\t<div class=\"elementor-element elementor-element-9195cfd elementor-widget elementor-widget-heading\" data-id=\"9195cfd\" data-element_type=\"widget\" data-widget_type=\"heading.default\">\n\t\t\t\t<div class=\"elementor-widget-container\">\n\t\t\t<h3 class=\"elementor-heading-title elementor-size-default\">Permiso de conducir polonia<\/h3>\t\t<\/div>\n\t\t\t\t<\/div>\n\t\t\t\t<\/div>\n\t\t\t\t\t<\/div>\n\t\t\t\t<\/div>\n\t\t\t\t<\/div>","protected":false},"excerpt":{"rendered":"<p>ce f\u00fchrerschein kosten be polen In die Schweiz reisen und mobil sein? Mit dem internationalen F\u00fchrerschein kein Problem! Schnell und einfach: Beantragen Sie Ihren internationalen F\u00fchrerschein online in wenigen Minuten. Keine Wartezeiten: Sie erhalten Ihren F\u00fchrerschein per Post direkt nach Hause geschickt. G\u00fcltig in \u00fcber 150 L\u00e4ndern: Fahren Sie mit Ihrem internationalen F\u00fchrerschein in der [&hellip;]<\/p>","protected":false},"author":2,"featured_media":0,"parent":0,"menu_order":0,"comment_status":"closed","ping_status":"closed","template":"","meta":{"footnotes":""},"class_list":["post-2824","page","type-page","status-publish","hentry"],"yoast_head":"<!-- This site is optimized with the Yoast SEO Premium plugin v22.2 (Yoast SEO v26.2) - https:\/\/yoast.com\/wordpress\/plugins\/seo\/ -->\n<title>Internationaler F\u00fchrerschein Schweiz<\/title>\n<meta name=\"description\" content=\"Erhalten Sie schnell und einfach Ihren Internationaler F\u00fchrerschein Schweiz. Wir erkl\u00e4ren Ihnen die Schritte und helfen Ihnen.\" \/>\n<meta name=\"robots\" content=\"noindex, follow, max-snippet:-1, max-image-preview:large, max-video-preview:-1\" \/>\n<meta property=\"og:locale\" content=\"es_ES\" \/>\n<meta property=\"og:type\" content=\"article\" \/>\n<meta property=\"og:title\" content=\"Internationalen F\u00fchrerschein f\u00fcr die Schweiz beantragen \u2013 schnell und einfach\" \/>\n<meta property=\"og:description\" content=\"Erhalten Sie schnell und einfach Ihren Internationaler F\u00fchrerschein Schweiz. Wir erkl\u00e4ren Ihnen die Schritte und helfen Ihnen.\" \/>\n<meta property=\"og:url\" content=\"https:\/\/reisepassfuhrer.com\/es\/licencia-de-conducir-internacional-suiza\/\" \/>\n<meta property=\"og:site_name\" content=\"Reisepassfuhrer\" \/>\n<meta property=\"article:modified_time\" content=\"2024-05-29T17:45:01+00:00\" \/>\n<meta property=\"og:image\" content=\"https:\/\/reisepassfuhrer.com\/wp-content\/uploads\/2024\/03\/Internationaler-Fuhrerschein-Schweiz.png\" \/>\n<meta name=\"twitter:card\" content=\"summary_large_image\" \/>\n<meta name=\"twitter:label1\" content=\"Tiempo de lectura\" \/>\n\t<meta name=\"twitter:data1\" content=\"3 minutos\" \/>\n<script type=\"application\/ld+json\" class=\"yoast-schema-graph\">{\"@context\":\"https:\/\/schema.org\",\"@graph\":[{\"@type\":\"WebPage\",\"@id\":\"https:\/\/reisepassfuhrer.com\/internationaler-fuhrerschein-schweiz\/\",\"url\":\"https:\/\/reisepassfuhrer.com\/internationaler-fuhrerschein-schweiz\/\",\"name\":\"Internationaler F\u00fchrerschein Schweiz\",\"isPartOf\":{\"@id\":\"https:\/\/reisepassfuhrer.com\/#website\"},\"primaryImageOfPage\":{\"@id\":\"https:\/\/reisepassfuhrer.com\/internationaler-fuhrerschein-schweiz\/#primaryimage\"},\"image\":{\"@id\":\"https:\/\/reisepassfuhrer.com\/internationaler-fuhrerschein-schweiz\/#primaryimage\"},\"thumbnailUrl\":\"https:\/\/reisepassfuhrer.com\/wp-content\/uploads\/2024\/03\/Internationaler-Fuhrerschein-Schweiz.png\",\"datePublished\":\"2024-03-18T17:56:14+00:00\",\"dateModified\":\"2024-05-29T17:45:01+00:00\",\"description\":\"Erhalten Sie schnell und einfach Ihren Internationaler F\u00fchrerschein Schweiz. Wir erkl\u00e4ren Ihnen die Schritte und helfen Ihnen.\",\"breadcrumb\":{\"@id\":\"https:\/\/reisepassfuhrer.com\/internationaler-fuhrerschein-schweiz\/#breadcrumb\"},\"inLanguage\":\"es\",\"potentialAction\":[{\"@type\":\"ReadAction\",\"target\":[\"https:\/\/reisepassfuhrer.com\/internationaler-fuhrerschein-schweiz\/\"]}]},{\"@type\":\"ImageObject\",\"inLanguage\":\"es\",\"@id\":\"https:\/\/reisepassfuhrer.com\/internationaler-fuhrerschein-schweiz\/#primaryimage\",\"url\":\"https:\/\/reisepassfuhrer.com\/wp-content\/uploads\/2024\/03\/Internationaler-Fuhrerschein-Schweiz.png\",\"contentUrl\":\"https:\/\/reisepassfuhrer.com\/wp-content\/uploads\/2024\/03\/Internationaler-Fuhrerschein-Schweiz.png\"},{\"@type\":\"BreadcrumbList\",\"@id\":\"https:\/\/reisepassfuhrer.com\/internationaler-fuhrerschein-schweiz\/#breadcrumb\",\"itemListElement\":[{\"@type\":\"ListItem\",\"position\":1,\"name\":\"Home\",\"item\":\"https:\/\/reisepassfuhrer.com\/\"},{\"@type\":\"ListItem\",\"position\":2,\"name\":\"Internationalen F\u00fchrerschein f\u00fcr die Schweiz beantragen \u2013 schnell und einfach\"}]},{\"@type\":\"WebSite\",\"@id\":\"https:\/\/reisepassfuhrer.com\/#website\",\"url\":\"https:\/\/reisepassfuhrer.com\/\",\"name\":\"Reisepassfuhrer\",\"description\":\"Reisepass Beantragen Berlin\",\"publisher\":{\"@id\":\"https:\/\/reisepassfuhrer.com\/#organization\"},\"potentialAction\":[{\"@type\":\"SearchAction\",\"target\":{\"@type\":\"EntryPoint\",\"urlTemplate\":\"https:\/\/reisepassfuhrer.com\/?s={search_term_string}\"},\"query-input\":{\"@type\":\"PropertyValueSpecification\",\"valueRequired\":true,\"valueName\":\"search_term_string\"}}],\"inLanguage\":\"es\"},{\"@type\":\"Organization\",\"@id\":\"https:\/\/reisepassfuhrer.com\/#organization\",\"name\":\"Reisepassfuhrer\",\"url\":\"https:\/\/reisepassfuhrer.com\/\",\"logo\":{\"@type\":\"ImageObject\",\"inLanguage\":\"es\",\"@id\":\"https:\/\/reisepassfuhrer.com\/#\/schema\/logo\/image\/\",\"url\":\"https:\/\/reisepassfuhrer.com\/wp-content\/uploads\/2024\/03\/Reisepassfuhrer-logo.png\",\"contentUrl\":\"https:\/\/reisepassfuhrer.com\/wp-content\/uploads\/2024\/03\/Reisepassfuhrer-logo.png\",\"width\":112,\"height\":112,\"caption\":\"Reisepassfuhrer\"},\"image\":{\"@id\":\"https:\/\/reisepassfuhrer.com\/#\/schema\/logo\/image\/\"}}]}<\/script>\n<!-- \/ Yoast SEO Premium plugin. -->","yoast_head_json":{"title":"Permiso de conducir internacional Suiza","description":"Obtenga su permiso de conducir internacional Suiza de forma r\u00e1pida y sencilla. Te explicamos los pasos y te ayudamos.","robots":{"index":"noindex","follow":"follow","max-snippet":"max-snippet:-1","max-image-preview":"max-image-preview:large","max-video-preview":"max-video-preview:-1"},"og_locale":"es_ES","og_type":"article","og_title":"Internationalen F\u00fchrerschein f\u00fcr die Schweiz beantragen \u2013 schnell und einfach","og_description":"Erhalten Sie schnell und einfach Ihren Internationaler F\u00fchrerschein Schweiz. Wir erkl\u00e4ren Ihnen die Schritte und helfen Ihnen.","og_url":"https:\/\/reisepassfuhrer.com\/es\/licencia-de-conducir-internacional-suiza\/","og_site_name":"Reisepassfuhrer","article_modified_time":"2024-05-29T17:45:01+00:00","og_image":[{"url":"https:\/\/reisepassfuhrer.com\/wp-content\/uploads\/2024\/03\/Internationaler-Fuhrerschein-Schweiz.png","type":"","width":"","height":""}],"twitter_card":"summary_large_image","twitter_misc":{"Tiempo de lectura":"3 minutos"},"schema":{"@context":"https:\/\/schema.org","@graph":[{"@type":"WebPage","@id":"https:\/\/reisepassfuhrer.com\/internationaler-fuhrerschein-schweiz\/","url":"https:\/\/reisepassfuhrer.com\/internationaler-fuhrerschein-schweiz\/","name":"Permiso de conducir internacional Suiza","isPartOf":{"@id":"https:\/\/reisepassfuhrer.com\/#website"},"primaryImageOfPage":{"@id":"https:\/\/reisepassfuhrer.com\/internationaler-fuhrerschein-schweiz\/#primaryimage"},"image":{"@id":"https:\/\/reisepassfuhrer.com\/internationaler-fuhrerschein-schweiz\/#primaryimage"},"thumbnailUrl":"https:\/\/reisepassfuhrer.com\/wp-content\/uploads\/2024\/03\/Internationaler-Fuhrerschein-Schweiz.png","datePublished":"2024-03-18T17:56:14+00:00","dateModified":"2024-05-29T17:45:01+00:00","description":"Obtenga su permiso de conducir internacional Suiza de forma r\u00e1pida y sencilla. Te explicamos los pasos y te ayudamos.","breadcrumb":{"@id":"https:\/\/reisepassfuhrer.com\/internationaler-fuhrerschein-schweiz\/#breadcrumb"},"inLanguage":"es","potentialAction":[{"@type":"ReadAction","target":["https:\/\/reisepassfuhrer.com\/internationaler-fuhrerschein-schweiz\/"]}]},{"@type":"ImageObject","inLanguage":"es","@id":"https:\/\/reisepassfuhrer.com\/internationaler-fuhrerschein-schweiz\/#primaryimage","url":"https:\/\/reisepassfuhrer.com\/wp-content\/uploads\/2024\/03\/Internationaler-Fuhrerschein-Schweiz.png","contentUrl":"https:\/\/reisepassfuhrer.com\/wp-content\/uploads\/2024\/03\/Internationaler-Fuhrerschein-Schweiz.png"},{"@type":"BreadcrumbList","@id":"https:\/\/reisepassfuhrer.com\/internationaler-fuhrerschein-schweiz\/#breadcrumb","itemListElement":[{"@type":"ListItem","position":1,"name":"Home","item":"https:\/\/reisepassfuhrer.com\/"},{"@type":"ListItem","position":2,"name":"Internationalen F\u00fchrerschein f\u00fcr die Schweiz beantragen \u2013 schnell und einfach"}]},{"@type":"WebSite","@id":"https:\/\/reisepassfuhrer.com\/#website","url":"https:\/\/reisepassfuhrer.com\/","name":"Gu\u00eda del pasaporte","description":"Solicitar un pasaporte Berl\u00edn","publisher":{"@id":"https:\/\/reisepassfuhrer.com\/#organization"},"potentialAction":[{"@type":"SearchAction","target":{"@type":"EntryPoint","urlTemplate":"https:\/\/reisepassfuhrer.com\/?s={search_term_string}"},"query-input":{"@type":"PropertyValueSpecification","valueRequired":true,"valueName":"search_term_string"}}],"inLanguage":"es"},{"@type":"Organization","@id":"https:\/\/reisepassfuhrer.com\/#organization","name":"Gu\u00eda del pasaporte","url":"https:\/\/reisepassfuhrer.com\/","logo":{"@type":"ImageObject","inLanguage":"es","@id":"https:\/\/reisepassfuhrer.com\/#\/schema\/logo\/image\/","url":"https:\/\/reisepassfuhrer.com\/wp-content\/uploads\/2024\/03\/Reisepassfuhrer-logo.png","contentUrl":"https:\/\/reisepassfuhrer.com\/wp-content\/uploads\/2024\/03\/Reisepassfuhrer-logo.png","width":112,"height":112,"caption":"Reisepassfuhrer"},"image":{"@id":"https:\/\/reisepassfuhrer.com\/#\/schema\/logo\/image\/"}}]}},"_links":{"self":[{"href":"https:\/\/reisepassfuhrer.com\/es\/wp-json\/wp\/v2\/pages\/2824","targetHints":{"allow":["GET"]}}],"collection":[{"href":"https:\/\/reisepassfuhrer.com\/es\/wp-json\/wp\/v2\/pages"}],"about":[{"href":"https:\/\/reisepassfuhrer.com\/es\/wp-json\/wp\/v2\/types\/page"}],"author":[{"embeddable":true,"href":"https:\/\/reisepassfuhrer.com\/es\/wp-json\/wp\/v2\/users\/2"}],"replies":[{"embeddable":true,"href":"https:\/\/reisepassfuhrer.com\/es\/wp-json\/wp\/v2\/comments?post=2824"}],"version-history":[{"count":10,"href":"https:\/\/reisepassfuhrer.com\/es\/wp-json\/wp\/v2\/pages\/2824\/revisions"}],"predecessor-version":[{"id":2930,"href":"https:\/\/reisepassfuhrer.com\/es\/wp-json\/wp\/v2\/pages\/2824\/revisions\/2930"}],"wp:attachment":[{"href":"https:\/\/reisepassfuhrer.com\/es\/wp-json\/wp\/v2\/media?parent=2824"}],"curies":[{"name":"wp","href":"https:\/\/api.w.org\/{rel}","templated":true}]}}