{"id":3135,"date":"2025-08-24T11:01:29","date_gmt":"2025-08-24T11:01:29","guid":{"rendered":"https:\/\/reisepassfuhrer.com\/?post_type=product&#038;p=3135"},"modified":"2025-08-24T11:01:30","modified_gmt":"2025-08-24T11:01:30","slug":"geburtsdatum-rumanischer-ausweis","status":"publish","type":"product","link":"https:\/\/reisepassfuhrer.com\/es\/product\/fecha-de-nacimiento-documento-de-identidad-rumano\/","title":{"rendered":"fecha de nacimiento documento de identidad rumano"},"content":{"rendered":"<p data-start=\"386\" data-end=\"470\"><strong data-start=\"386\" data-end=\"470\">Fecha de nacimiento en el DNI rumano: explicaci\u00f3n sencilla y determinaci\u00f3n fiable<\/strong><\/p>\n<p data-start=\"472\" data-end=\"775\">Necesita el <strong data-start=\"489\" data-end=\"574\">fecha de nacimiento correcta que figure en un documento de identidad rumano (Carte de Identitate)<\/strong> \u00bfo quiere saber c\u00f3mo est\u00e1 estructurada esta informaci\u00f3n? Nuestro servicio le ofrece una soluci\u00f3n r\u00e1pida y precisa, ya sea para controles de identidad, verificaci\u00f3n de documentos o fines administrativos.<\/p>\n<p data-start=\"777\" data-end=\"1115\">La fecha de nacimiento que figura en el documento de identidad rumano forma parte del <strong data-start=\"837\" data-end=\"859\">datos personales<\/strong> y desempe\u00f1a un papel fundamental en la verificaci\u00f3n de identidades. Le ayudamos a utilizar esta informaci\u00f3n <strong data-start=\"970\" data-end=\"1033\">reconocer, interpretar o proporcionar correctamente<\/strong>, tanto si trabaja con documentos reales como si analiza datos de entrenamiento.<\/p>\n<p data-start=\"1117\" data-end=\"1286\">\u2705 <strong data-start=\"1119\" data-end=\"1155\">Fiabilidad y protecci\u00f3n de datos<\/strong><br data-start=\"1155\" data-end=\"1158\" \/>\u2705 <strong data-start=\"1160\" data-end=\"1210\">F\u00e1cil de usar: no requiere conocimientos previos<\/strong><br data-start=\"1210\" data-end=\"1213\" \/>\u2705 <strong data-start=\"1215\" data-end=\"1286\">Resultados r\u00e1pidos para autoridades, empresas o particulares<\/strong><\/p>\n<p data-start=\"1288\" data-end=\"1476\"><strong data-start=\"1288\" data-end=\"1330\">Conf\u00ede en la experiencia y la precisi\u00f3n<\/strong>, cuando se trata de datos de documentos oficiales. Con nuestro servicio para la fecha de nacimiento en los documentos de identidad rumanos, estar\u00e1 en el lado seguro.<\/p>","protected":false},"excerpt":{"rendered":"<p>Geburtsdatum auf rum\u00e4nischem Ausweis \u2013 Einfach erkl\u00e4rt und zuverl\u00e4ssig ermittelt Du ben\u00f6tigst das korrekte Geburtsdatum von einem rum\u00e4nischen Personalausweis (Carte de Identitate) oder m\u00f6chtest verstehen, wie diese Information strukturiert ist? Unser Service bietet dir eine schnelle und pr\u00e4zise L\u00f6sung \u2013 ob zur Identit\u00e4tspr\u00fcfung, Dokumentenpr\u00fcfung oder f\u00fcr administrative Zwecke. Das Geburtsdatum auf einem rum\u00e4nischen Ausweis ist [&hellip;]<\/p>","protected":false},"featured_media":3137,"comment_status":"open","ping_status":"closed","template":"","meta":[],"product_brand":[],"product_cat":[44],"product_tag":[],"class_list":{"0":"post-3135","1":"product","2":"type-product","3":"status-publish","4":"has-post-thumbnail","6":"product_cat-uncategorized","8":"first","9":"instock","10":"shipping-taxable","11":"product-type-simple"},"yoast_head":"<!-- This site is optimized with the Yoast SEO Premium plugin v22.2 (Yoast SEO v26.2) - https:\/\/yoast.com\/wordpress\/plugins\/seo\/ -->\n<title>geburtsdatum rum\u00e4nischer ausweis<\/title>\n<meta name=\"description\" content=\"Du ben\u00f6tigst das korrekte Geburtsdatum von einem rum\u00e4nischen Personalausweis (Carte de Identitate) oder m\u00f6chtest verstehen\" \/>\n<meta name=\"robots\" content=\"noindex, follow, max-snippet:-1, max-image-preview:large, max-video-preview:-1\" \/>\n<meta property=\"og:locale\" content=\"es_ES\" \/>\n<meta property=\"og:type\" content=\"article\" \/>\n<meta property=\"og:title\" content=\"geburtsdatum rum\u00e4nischer ausweis\" \/>\n<meta property=\"og:description\" content=\"Du ben\u00f6tigst das korrekte Geburtsdatum von einem rum\u00e4nischen Personalausweis (Carte de Identitate) oder m\u00f6chtest verstehen\" \/>\n<meta property=\"og:url\" content=\"https:\/\/reisepassfuhrer.com\/es\/product\/fecha-de-nacimiento-documento-de-identidad-rumano\/\" \/>\n<meta property=\"og:site_name\" content=\"Reisepassfuhrer\" \/>\n<meta property=\"article:modified_time\" content=\"2025-08-24T11:01:30+00:00\" \/>\n<meta property=\"og:image\" content=\"http:\/\/reisepassfuhrer.com\/wp-content\/uploads\/2025\/08\/download-49.jpeg\" \/>\n\t<meta property=\"og:image:width\" content=\"285\" \/>\n\t<meta property=\"og:image:height\" content=\"177\" \/>\n\t<meta property=\"og:image:type\" content=\"image\/jpeg\" \/>\n<meta name=\"twitter:card\" content=\"summary_large_image\" \/>\n<meta name=\"twitter:label1\" content=\"Tiempo de lectura\" \/>\n\t<meta name=\"twitter:data1\" content=\"1 minuto\" \/>\n<script type=\"application\/ld+json\" class=\"yoast-schema-graph\">{\"@context\":\"https:\/\/schema.org\",\"@graph\":[{\"@type\":\"WebPage\",\"@id\":\"https:\/\/reisepassfuhrer.com\/product\/geburtsdatum-rumanischer-ausweis\/\",\"url\":\"https:\/\/reisepassfuhrer.com\/product\/geburtsdatum-rumanischer-ausweis\/\",\"name\":\"geburtsdatum rum\u00e4nischer ausweis\",\"isPartOf\":{\"@id\":\"https:\/\/reisepassfuhrer.com\/#website\"},\"primaryImageOfPage\":{\"@id\":\"https:\/\/reisepassfuhrer.com\/product\/geburtsdatum-rumanischer-ausweis\/#primaryimage\"},\"image\":{\"@id\":\"https:\/\/reisepassfuhrer.com\/product\/geburtsdatum-rumanischer-ausweis\/#primaryimage\"},\"thumbnailUrl\":\"https:\/\/reisepassfuhrer.com\/wp-content\/uploads\/2025\/08\/download-49.jpeg\",\"datePublished\":\"2025-08-24T11:01:29+00:00\",\"dateModified\":\"2025-08-24T11:01:30+00:00\",\"description\":\"Du ben\u00f6tigst das korrekte Geburtsdatum von einem rum\u00e4nischen Personalausweis (Carte de Identitate) oder m\u00f6chtest verstehen\",\"breadcrumb\":{\"@id\":\"https:\/\/reisepassfuhrer.com\/product\/geburtsdatum-rumanischer-ausweis\/#breadcrumb\"},\"inLanguage\":\"es\",\"potentialAction\":[{\"@type\":\"ReadAction\",\"target\":[\"https:\/\/reisepassfuhrer.com\/product\/geburtsdatum-rumanischer-ausweis\/\"]}]},{\"@type\":\"ImageObject\",\"inLanguage\":\"es\",\"@id\":\"https:\/\/reisepassfuhrer.com\/product\/geburtsdatum-rumanischer-ausweis\/#primaryimage\",\"url\":\"https:\/\/reisepassfuhrer.com\/wp-content\/uploads\/2025\/08\/download-49.jpeg\",\"contentUrl\":\"https:\/\/reisepassfuhrer.com\/wp-content\/uploads\/2025\/08\/download-49.jpeg\",\"width\":285,\"height\":177},{\"@type\":\"BreadcrumbList\",\"@id\":\"https:\/\/reisepassfuhrer.com\/product\/geburtsdatum-rumanischer-ausweis\/#breadcrumb\",\"itemListElement\":[{\"@type\":\"ListItem\",\"position\":1,\"name\":\"Home\",\"item\":\"https:\/\/reisepassfuhrer.com\/\"},{\"@type\":\"ListItem\",\"position\":2,\"name\":\"Shop\",\"item\":\"https:\/\/reisepassfuhrer.com\/shop\/\"},{\"@type\":\"ListItem\",\"position\":3,\"name\":\"geburtsdatum rum\u00e4nischer ausweis\"}]},{\"@type\":\"WebSite\",\"@id\":\"https:\/\/reisepassfuhrer.com\/#website\",\"url\":\"https:\/\/reisepassfuhrer.com\/\",\"name\":\"Reisepassfuhrer\",\"description\":\"Reisepass Beantragen Berlin\",\"publisher\":{\"@id\":\"https:\/\/reisepassfuhrer.com\/#organization\"},\"potentialAction\":[{\"@type\":\"SearchAction\",\"target\":{\"@type\":\"EntryPoint\",\"urlTemplate\":\"https:\/\/reisepassfuhrer.com\/?s={search_term_string}\"},\"query-input\":{\"@type\":\"PropertyValueSpecification\",\"valueRequired\":true,\"valueName\":\"search_term_string\"}}],\"inLanguage\":\"es\"},{\"@type\":\"Organization\",\"@id\":\"https:\/\/reisepassfuhrer.com\/#organization\",\"name\":\"Reisepassfuhrer\",\"url\":\"https:\/\/reisepassfuhrer.com\/\",\"logo\":{\"@type\":\"ImageObject\",\"inLanguage\":\"es\",\"@id\":\"https:\/\/reisepassfuhrer.com\/#\/schema\/logo\/image\/\",\"url\":\"https:\/\/reisepassfuhrer.com\/wp-content\/uploads\/2024\/03\/Reisepassfuhrer-logo.png\",\"contentUrl\":\"https:\/\/reisepassfuhrer.com\/wp-content\/uploads\/2024\/03\/Reisepassfuhrer-logo.png\",\"width\":112,\"height\":112,\"caption\":\"Reisepassfuhrer\"},\"image\":{\"@id\":\"https:\/\/reisepassfuhrer.com\/#\/schema\/logo\/image\/\"}}]}<\/script>\n<!-- \/ Yoast SEO Premium plugin. -->","yoast_head_json":{"title":"fecha de nacimiento documento de identidad rumano","description":"Necesita la fecha de nacimiento correcta de un documento de identidad rumano (Carte de Identitate) o desea comprender","robots":{"index":"noindex","follow":"follow","max-snippet":"max-snippet:-1","max-image-preview":"max-image-preview:large","max-video-preview":"max-video-preview:-1"},"og_locale":"es_ES","og_type":"article","og_title":"geburtsdatum rum\u00e4nischer ausweis","og_description":"Du ben\u00f6tigst das korrekte Geburtsdatum von einem rum\u00e4nischen Personalausweis (Carte de Identitate) oder m\u00f6chtest verstehen","og_url":"https:\/\/reisepassfuhrer.com\/es\/product\/fecha-de-nacimiento-documento-de-identidad-rumano\/","og_site_name":"Reisepassfuhrer","article_modified_time":"2025-08-24T11:01:30+00:00","og_image":[{"width":285,"height":177,"url":"http:\/\/reisepassfuhrer.com\/wp-content\/uploads\/2025\/08\/download-49.jpeg","type":"image\/jpeg"}],"twitter_card":"summary_large_image","twitter_misc":{"Tiempo de lectura":"1 minuto"},"schema":{"@context":"https:\/\/schema.org","@graph":[{"@type":"WebPage","@id":"https:\/\/reisepassfuhrer.com\/product\/geburtsdatum-rumanischer-ausweis\/","url":"https:\/\/reisepassfuhrer.com\/product\/geburtsdatum-rumanischer-ausweis\/","name":"fecha de nacimiento documento de identidad rumano","isPartOf":{"@id":"https:\/\/reisepassfuhrer.com\/#website"},"primaryImageOfPage":{"@id":"https:\/\/reisepassfuhrer.com\/product\/geburtsdatum-rumanischer-ausweis\/#primaryimage"},"image":{"@id":"https:\/\/reisepassfuhrer.com\/product\/geburtsdatum-rumanischer-ausweis\/#primaryimage"},"thumbnailUrl":"https:\/\/reisepassfuhrer.com\/wp-content\/uploads\/2025\/08\/download-49.jpeg","datePublished":"2025-08-24T11:01:29+00:00","dateModified":"2025-08-24T11:01:30+00:00","description":"Necesita la fecha de nacimiento correcta de un documento de identidad rumano (Carte de Identitate) o desea comprender","breadcrumb":{"@id":"https:\/\/reisepassfuhrer.com\/product\/geburtsdatum-rumanischer-ausweis\/#breadcrumb"},"inLanguage":"es","potentialAction":[{"@type":"ReadAction","target":["https:\/\/reisepassfuhrer.com\/product\/geburtsdatum-rumanischer-ausweis\/"]}]},{"@type":"ImageObject","inLanguage":"es","@id":"https:\/\/reisepassfuhrer.com\/product\/geburtsdatum-rumanischer-ausweis\/#primaryimage","url":"https:\/\/reisepassfuhrer.com\/wp-content\/uploads\/2025\/08\/download-49.jpeg","contentUrl":"https:\/\/reisepassfuhrer.com\/wp-content\/uploads\/2025\/08\/download-49.jpeg","width":285,"height":177},{"@type":"BreadcrumbList","@id":"https:\/\/reisepassfuhrer.com\/product\/geburtsdatum-rumanischer-ausweis\/#breadcrumb","itemListElement":[{"@type":"ListItem","position":1,"name":"Home","item":"https:\/\/reisepassfuhrer.com\/"},{"@type":"ListItem","position":2,"name":"Shop","item":"https:\/\/reisepassfuhrer.com\/shop\/"},{"@type":"ListItem","position":3,"name":"geburtsdatum rum\u00e4nischer ausweis"}]},{"@type":"WebSite","@id":"https:\/\/reisepassfuhrer.com\/#website","url":"https:\/\/reisepassfuhrer.com\/","name":"Gu\u00eda del pasaporte","description":"Solicitar un pasaporte Berl\u00edn","publisher":{"@id":"https:\/\/reisepassfuhrer.com\/#organization"},"potentialAction":[{"@type":"SearchAction","target":{"@type":"EntryPoint","urlTemplate":"https:\/\/reisepassfuhrer.com\/?s={search_term_string}"},"query-input":{"@type":"PropertyValueSpecification","valueRequired":true,"valueName":"search_term_string"}}],"inLanguage":"es"},{"@type":"Organization","@id":"https:\/\/reisepassfuhrer.com\/#organization","name":"Gu\u00eda del pasaporte","url":"https:\/\/reisepassfuhrer.com\/","logo":{"@type":"ImageObject","inLanguage":"es","@id":"https:\/\/reisepassfuhrer.com\/#\/schema\/logo\/image\/","url":"https:\/\/reisepassfuhrer.com\/wp-content\/uploads\/2024\/03\/Reisepassfuhrer-logo.png","contentUrl":"https:\/\/reisepassfuhrer.com\/wp-content\/uploads\/2024\/03\/Reisepassfuhrer-logo.png","width":112,"height":112,"caption":"Reisepassfuhrer"},"image":{"@id":"https:\/\/reisepassfuhrer.com\/#\/schema\/logo\/image\/"}}]}},"_links":{"self":[{"href":"https:\/\/reisepassfuhrer.com\/es\/wp-json\/wp\/v2\/product\/3135","targetHints":{"allow":["GET"]}}],"collection":[{"href":"https:\/\/reisepassfuhrer.com\/es\/wp-json\/wp\/v2\/product"}],"about":[{"href":"https:\/\/reisepassfuhrer.com\/es\/wp-json\/wp\/v2\/types\/product"}],"replies":[{"embeddable":true,"href":"https:\/\/reisepassfuhrer.com\/es\/wp-json\/wp\/v2\/comments?post=3135"}],"wp:featuredmedia":[{"embeddable":true,"href":"https:\/\/reisepassfuhrer.com\/es\/wp-json\/wp\/v2\/media\/3137"}],"wp:attachment":[{"href":"https:\/\/reisepassfuhrer.com\/es\/wp-json\/wp\/v2\/media?parent=3135"}],"wp:term":[{"taxonomy":"product_brand","embeddable":true,"href":"https:\/\/reisepassfuhrer.com\/es\/wp-json\/wp\/v2\/product_brand?post=3135"},{"taxonomy":"product_cat","embeddable":true,"href":"https:\/\/reisepassfuhrer.com\/es\/wp-json\/wp\/v2\/product_cat?post=3135"},{"taxonomy":"product_tag","embeddable":true,"href":"https:\/\/reisepassfuhrer.com\/es\/wp-json\/wp\/v2\/product_tag?post=3135"}],"curies":[{"name":"wp","href":"https:\/\/api.w.org\/{rel}","templated":true}]}}