{"id":3138,"date":"2025-08-24T11:03:55","date_gmt":"2025-08-24T11:03:55","guid":{"rendered":"https:\/\/reisepassfuhrer.com\/?post_type=product&#038;p=3138"},"modified":"2025-08-24T11:03:56","modified_gmt":"2025-08-24T11:03:56","slug":"mofa-prufbescheinigung-online-machen","status":"publish","type":"product","link":"https:\/\/reisepassfuhrer.com\/es\/product\/hacer-certificado-de-examen-de-ciclomotor-en-linea\/","title":{"rendered":"hacer un certificado de examen de ciclomotor en l\u00ednea"},"content":{"rendered":"<p data-start=\"160\" data-end=\"236\"><strong data-start=\"160\" data-end=\"236\">Obtenga su certificado de examen de ciclomotor en l\u00ednea: r\u00e1pido, flexible y sin complicaciones<\/strong><\/p>\n<p data-start=\"238\" data-end=\"525\">Usted quiere que el <strong data-start=\"254\" data-end=\"280\">Certificado de examen de ciclomotor<\/strong> hacer - muy c\u00f3modo <strong data-start=\"302\" data-end=\"312\">en l\u00ednea<\/strong> \u00bfy a su propio ritmo? Con nuestro curso online certificado, podr\u00e1 prepararse de forma \u00f3ptima para el examen y obtener pronto su certificado de examen para conducir un ciclomotor a una velocidad de hasta 25 km\/h.<\/p>\n<p data-start=\"527\" data-end=\"552\">\ud83d\udea6 <strong data-start=\"530\" data-end=\"552\">Lo que puede esperar:<\/strong><\/p>\n<ul data-start=\"554\" data-end=\"806\">\n<li data-start=\"554\" data-end=\"618\">\n<p data-start=\"556\" data-end=\"618\">Curso interactivo en l\u00ednea con todos los temas relevantes para el examen<\/p>\n<\/li>\n<li data-start=\"619\" data-end=\"666\">\n<p data-start=\"621\" data-end=\"666\">V\u00eddeos de aprendizaje, preguntas de pr\u00e1ctica y simulaciones de examen<\/p>\n<\/li>\n<li data-start=\"667\" data-end=\"711\">\n<p data-start=\"669\" data-end=\"711\">Aprendizaje flexible: cu\u00e1ndo y d\u00f3nde quiera<\/p>\n<\/li>\n<li data-start=\"712\" data-end=\"756\">\n<p data-start=\"714\" data-end=\"756\">Apoyo de profesores de autoescuela experimentados<\/p>\n<\/li>\n<li data-start=\"757\" data-end=\"806\">\n<p data-start=\"759\" data-end=\"806\">Prueba oficial en un centro de pruebas presencial<\/p>\n<\/li>\n<\/ul>\n<p data-start=\"808\" data-end=\"1075\">\ud83d\udcc4 <strong data-start=\"811\" data-end=\"850\">\u00bfQu\u00e9 es el certificado de examen de ciclomotor?<\/strong><br data-start=\"850\" data-end=\"853\" \/>Te autoriza a conducir un ciclomotor de una sola v\u00eda o una e-bike con una velocidad m\u00e1xima por dise\u00f1o de 25 km\/h, ideal para j\u00f3venes de <strong data-start=\"1002\" data-end=\"1015\">15 a\u00f1os<\/strong>, que quieren tener movilidad antes de poder sacarse el carn\u00e9 de conducir.<\/p>\n<p data-start=\"1077\" data-end=\"1121\">\ud83c\udfaf <strong data-start=\"1080\" data-end=\"1121\">\u00bfPara qui\u00e9n es adecuado el curso en l\u00ednea?<\/strong><\/p>\n<ul data-start=\"1123\" data-end=\"1298\">\n<li data-start=\"1123\" data-end=\"1176\">\n<p data-start=\"1125\" data-end=\"1176\">J\u00f3venes a partir de 14 a\u00f1os y medio (examen posible a partir de 15)<\/p>\n<\/li>\n<li data-start=\"1177\" data-end=\"1224\">\n<p data-start=\"1179\" data-end=\"1224\">Cualquiera que desee aprender desde la comodidad de su hogar<\/p>\n<\/li>\n<li data-start=\"1225\" data-end=\"1298\">\n<p data-start=\"1227\" data-end=\"1298\">Padres que quieren que sus hijos est\u00e9n preparados de forma segura<\/p>\n<\/li>\n<\/ul>\n<hr data-start=\"1300\" data-end=\"1303\" \/>\n<p data-start=\"1305\" data-end=\"1403\"><strong data-start=\"1305\" data-end=\"1403\">Empiece ahora y consiga movilidad: \u00a1obtener un certificado de examen de ciclomotor en l\u00ednea nunca ha sido tan f\u00e1cil!<\/strong><\/p>","protected":false},"excerpt":{"rendered":"<p>Mofa-Pr\u00fcfbescheinigung online machen \u2013 Schnell, flexibel &amp; unkompliziert Du m\u00f6chtest die Mofa-Pr\u00fcfbescheinigung machen \u2013 ganz bequem online und in deinem eigenen Tempo? Mit unserem zertifizierten Online-Kurs bereitest du dich optimal auf die Pr\u00fcfung vor und sicherst dir schon bald deine Pr\u00fcfbescheinigung f\u00fcr das Fahren eines Mofas mit bis zu 25 km\/h. \ud83d\udea6 Was dich erwartet: [&hellip;]<\/p>","protected":false},"featured_media":3140,"comment_status":"open","ping_status":"closed","template":"","meta":[],"product_brand":[],"product_cat":[44],"product_tag":[],"class_list":{"0":"post-3138","1":"product","2":"type-product","3":"status-publish","4":"has-post-thumbnail","6":"product_cat-uncategorized","8":"first","9":"instock","10":"shipping-taxable","11":"product-type-simple"},"yoast_head":"<!-- This site is optimized with the Yoast SEO Premium plugin v22.2 (Yoast SEO v26.2) - https:\/\/yoast.com\/wordpress\/plugins\/seo\/ -->\n<title>mofa-pr\u00fcfbescheinigung online machen - Reisepassfuhrer<\/title>\n<meta name=\"description\" content=\"Du m\u00f6chtest die Mofa-Pr\u00fcfbescheinigung machen \u2013 ganz bequem online und in deinem eigenen Tempo? Mit unserem zertifizierten Online-Kurs\" \/>\n<meta name=\"robots\" content=\"noindex, follow, max-snippet:-1, max-image-preview:large, max-video-preview:-1\" \/>\n<meta property=\"og:locale\" content=\"es_ES\" \/>\n<meta property=\"og:type\" content=\"article\" \/>\n<meta property=\"og:title\" content=\"mofa-pr\u00fcfbescheinigung online machen\" \/>\n<meta property=\"og:description\" content=\"Du m\u00f6chtest die Mofa-Pr\u00fcfbescheinigung machen \u2013 ganz bequem online und in deinem eigenen Tempo? Mit unserem zertifizierten Online-Kurs\" \/>\n<meta property=\"og:url\" content=\"https:\/\/reisepassfuhrer.com\/es\/product\/hacer-certificado-de-examen-de-ciclomotor-en-linea\/\" \/>\n<meta property=\"og:site_name\" content=\"Reisepassfuhrer\" \/>\n<meta property=\"article:modified_time\" content=\"2025-08-24T11:03:56+00:00\" \/>\n<meta property=\"og:image\" content=\"http:\/\/reisepassfuhrer.com\/wp-content\/uploads\/2025\/08\/download-50.jpeg\" \/>\n\t<meta property=\"og:image:width\" content=\"257\" \/>\n\t<meta property=\"og:image:height\" content=\"196\" \/>\n\t<meta property=\"og:image:type\" content=\"image\/jpeg\" \/>\n<meta name=\"twitter:card\" content=\"summary_large_image\" \/>\n<meta name=\"twitter:label1\" content=\"Tiempo de lectura\" \/>\n\t<meta name=\"twitter:data1\" content=\"1 minuto\" \/>\n<script type=\"application\/ld+json\" class=\"yoast-schema-graph\">{\"@context\":\"https:\/\/schema.org\",\"@graph\":[{\"@type\":\"WebPage\",\"@id\":\"https:\/\/reisepassfuhrer.com\/product\/mofa-prufbescheinigung-online-machen\/\",\"url\":\"https:\/\/reisepassfuhrer.com\/product\/mofa-prufbescheinigung-online-machen\/\",\"name\":\"mofa-pr\u00fcfbescheinigung online machen - Reisepassfuhrer\",\"isPartOf\":{\"@id\":\"https:\/\/reisepassfuhrer.com\/#website\"},\"primaryImageOfPage\":{\"@id\":\"https:\/\/reisepassfuhrer.com\/product\/mofa-prufbescheinigung-online-machen\/#primaryimage\"},\"image\":{\"@id\":\"https:\/\/reisepassfuhrer.com\/product\/mofa-prufbescheinigung-online-machen\/#primaryimage\"},\"thumbnailUrl\":\"https:\/\/reisepassfuhrer.com\/wp-content\/uploads\/2025\/08\/download-50.jpeg\",\"datePublished\":\"2025-08-24T11:03:55+00:00\",\"dateModified\":\"2025-08-24T11:03:56+00:00\",\"description\":\"Du m\u00f6chtest die Mofa-Pr\u00fcfbescheinigung machen \u2013 ganz bequem online und in deinem eigenen Tempo? Mit unserem zertifizierten Online-Kurs\",\"breadcrumb\":{\"@id\":\"https:\/\/reisepassfuhrer.com\/product\/mofa-prufbescheinigung-online-machen\/#breadcrumb\"},\"inLanguage\":\"es\",\"potentialAction\":[{\"@type\":\"ReadAction\",\"target\":[\"https:\/\/reisepassfuhrer.com\/product\/mofa-prufbescheinigung-online-machen\/\"]}]},{\"@type\":\"ImageObject\",\"inLanguage\":\"es\",\"@id\":\"https:\/\/reisepassfuhrer.com\/product\/mofa-prufbescheinigung-online-machen\/#primaryimage\",\"url\":\"https:\/\/reisepassfuhrer.com\/wp-content\/uploads\/2025\/08\/download-50.jpeg\",\"contentUrl\":\"https:\/\/reisepassfuhrer.com\/wp-content\/uploads\/2025\/08\/download-50.jpeg\",\"width\":257,\"height\":196},{\"@type\":\"BreadcrumbList\",\"@id\":\"https:\/\/reisepassfuhrer.com\/product\/mofa-prufbescheinigung-online-machen\/#breadcrumb\",\"itemListElement\":[{\"@type\":\"ListItem\",\"position\":1,\"name\":\"Home\",\"item\":\"https:\/\/reisepassfuhrer.com\/\"},{\"@type\":\"ListItem\",\"position\":2,\"name\":\"Shop\",\"item\":\"https:\/\/reisepassfuhrer.com\/shop\/\"},{\"@type\":\"ListItem\",\"position\":3,\"name\":\"mofa-pr\u00fcfbescheinigung online machen\"}]},{\"@type\":\"WebSite\",\"@id\":\"https:\/\/reisepassfuhrer.com\/#website\",\"url\":\"https:\/\/reisepassfuhrer.com\/\",\"name\":\"Reisepassfuhrer\",\"description\":\"Reisepass Beantragen Berlin\",\"publisher\":{\"@id\":\"https:\/\/reisepassfuhrer.com\/#organization\"},\"potentialAction\":[{\"@type\":\"SearchAction\",\"target\":{\"@type\":\"EntryPoint\",\"urlTemplate\":\"https:\/\/reisepassfuhrer.com\/?s={search_term_string}\"},\"query-input\":{\"@type\":\"PropertyValueSpecification\",\"valueRequired\":true,\"valueName\":\"search_term_string\"}}],\"inLanguage\":\"es\"},{\"@type\":\"Organization\",\"@id\":\"https:\/\/reisepassfuhrer.com\/#organization\",\"name\":\"Reisepassfuhrer\",\"url\":\"https:\/\/reisepassfuhrer.com\/\",\"logo\":{\"@type\":\"ImageObject\",\"inLanguage\":\"es\",\"@id\":\"https:\/\/reisepassfuhrer.com\/#\/schema\/logo\/image\/\",\"url\":\"https:\/\/reisepassfuhrer.com\/wp-content\/uploads\/2024\/03\/Reisepassfuhrer-logo.png\",\"contentUrl\":\"https:\/\/reisepassfuhrer.com\/wp-content\/uploads\/2024\/03\/Reisepassfuhrer-logo.png\",\"width\":112,\"height\":112,\"caption\":\"Reisepassfuhrer\"},\"image\":{\"@id\":\"https:\/\/reisepassfuhrer.com\/#\/schema\/logo\/image\/\"}}]}<\/script>\n<!-- \/ Yoast SEO Premium plugin. -->","yoast_head_json":{"title":"hacer un certificado de prueba de ciclomotor en l\u00ednea - Reisepassfuhrer","description":"\u00bfLe gustar\u00eda obtener el certificado de examen de ciclomotor c\u00f3modamente en l\u00ednea y a su propio ritmo? Con nuestro curso online certificado","robots":{"index":"noindex","follow":"follow","max-snippet":"max-snippet:-1","max-image-preview":"max-image-preview:large","max-video-preview":"max-video-preview:-1"},"og_locale":"es_ES","og_type":"article","og_title":"mofa-pr\u00fcfbescheinigung online machen","og_description":"Du m\u00f6chtest die Mofa-Pr\u00fcfbescheinigung machen \u2013 ganz bequem online und in deinem eigenen Tempo? Mit unserem zertifizierten Online-Kurs","og_url":"https:\/\/reisepassfuhrer.com\/es\/product\/hacer-certificado-de-examen-de-ciclomotor-en-linea\/","og_site_name":"Reisepassfuhrer","article_modified_time":"2025-08-24T11:03:56+00:00","og_image":[{"width":257,"height":196,"url":"http:\/\/reisepassfuhrer.com\/wp-content\/uploads\/2025\/08\/download-50.jpeg","type":"image\/jpeg"}],"twitter_card":"summary_large_image","twitter_misc":{"Tiempo de lectura":"1 minuto"},"schema":{"@context":"https:\/\/schema.org","@graph":[{"@type":"WebPage","@id":"https:\/\/reisepassfuhrer.com\/product\/mofa-prufbescheinigung-online-machen\/","url":"https:\/\/reisepassfuhrer.com\/product\/mofa-prufbescheinigung-online-machen\/","name":"hacer un certificado de prueba de ciclomotor en l\u00ednea - Reisepassfuhrer","isPartOf":{"@id":"https:\/\/reisepassfuhrer.com\/#website"},"primaryImageOfPage":{"@id":"https:\/\/reisepassfuhrer.com\/product\/mofa-prufbescheinigung-online-machen\/#primaryimage"},"image":{"@id":"https:\/\/reisepassfuhrer.com\/product\/mofa-prufbescheinigung-online-machen\/#primaryimage"},"thumbnailUrl":"https:\/\/reisepassfuhrer.com\/wp-content\/uploads\/2025\/08\/download-50.jpeg","datePublished":"2025-08-24T11:03:55+00:00","dateModified":"2025-08-24T11:03:56+00:00","description":"\u00bfLe gustar\u00eda obtener el certificado de examen de ciclomotor c\u00f3modamente en l\u00ednea y a su propio ritmo? Con nuestro curso online certificado","breadcrumb":{"@id":"https:\/\/reisepassfuhrer.com\/product\/mofa-prufbescheinigung-online-machen\/#breadcrumb"},"inLanguage":"es","potentialAction":[{"@type":"ReadAction","target":["https:\/\/reisepassfuhrer.com\/product\/mofa-prufbescheinigung-online-machen\/"]}]},{"@type":"ImageObject","inLanguage":"es","@id":"https:\/\/reisepassfuhrer.com\/product\/mofa-prufbescheinigung-online-machen\/#primaryimage","url":"https:\/\/reisepassfuhrer.com\/wp-content\/uploads\/2025\/08\/download-50.jpeg","contentUrl":"https:\/\/reisepassfuhrer.com\/wp-content\/uploads\/2025\/08\/download-50.jpeg","width":257,"height":196},{"@type":"BreadcrumbList","@id":"https:\/\/reisepassfuhrer.com\/product\/mofa-prufbescheinigung-online-machen\/#breadcrumb","itemListElement":[{"@type":"ListItem","position":1,"name":"Home","item":"https:\/\/reisepassfuhrer.com\/"},{"@type":"ListItem","position":2,"name":"Shop","item":"https:\/\/reisepassfuhrer.com\/shop\/"},{"@type":"ListItem","position":3,"name":"mofa-pr\u00fcfbescheinigung online machen"}]},{"@type":"WebSite","@id":"https:\/\/reisepassfuhrer.com\/#website","url":"https:\/\/reisepassfuhrer.com\/","name":"Gu\u00eda del pasaporte","description":"Solicitar un pasaporte Berl\u00edn","publisher":{"@id":"https:\/\/reisepassfuhrer.com\/#organization"},"potentialAction":[{"@type":"SearchAction","target":{"@type":"EntryPoint","urlTemplate":"https:\/\/reisepassfuhrer.com\/?s={search_term_string}"},"query-input":{"@type":"PropertyValueSpecification","valueRequired":true,"valueName":"search_term_string"}}],"inLanguage":"es"},{"@type":"Organization","@id":"https:\/\/reisepassfuhrer.com\/#organization","name":"Gu\u00eda del pasaporte","url":"https:\/\/reisepassfuhrer.com\/","logo":{"@type":"ImageObject","inLanguage":"es","@id":"https:\/\/reisepassfuhrer.com\/#\/schema\/logo\/image\/","url":"https:\/\/reisepassfuhrer.com\/wp-content\/uploads\/2024\/03\/Reisepassfuhrer-logo.png","contentUrl":"https:\/\/reisepassfuhrer.com\/wp-content\/uploads\/2024\/03\/Reisepassfuhrer-logo.png","width":112,"height":112,"caption":"Reisepassfuhrer"},"image":{"@id":"https:\/\/reisepassfuhrer.com\/#\/schema\/logo\/image\/"}}]}},"_links":{"self":[{"href":"https:\/\/reisepassfuhrer.com\/es\/wp-json\/wp\/v2\/product\/3138","targetHints":{"allow":["GET"]}}],"collection":[{"href":"https:\/\/reisepassfuhrer.com\/es\/wp-json\/wp\/v2\/product"}],"about":[{"href":"https:\/\/reisepassfuhrer.com\/es\/wp-json\/wp\/v2\/types\/product"}],"replies":[{"embeddable":true,"href":"https:\/\/reisepassfuhrer.com\/es\/wp-json\/wp\/v2\/comments?post=3138"}],"wp:featuredmedia":[{"embeddable":true,"href":"https:\/\/reisepassfuhrer.com\/es\/wp-json\/wp\/v2\/media\/3140"}],"wp:attachment":[{"href":"https:\/\/reisepassfuhrer.com\/es\/wp-json\/wp\/v2\/media?parent=3138"}],"wp:term":[{"taxonomy":"product_brand","embeddable":true,"href":"https:\/\/reisepassfuhrer.com\/es\/wp-json\/wp\/v2\/product_brand?post=3138"},{"taxonomy":"product_cat","embeddable":true,"href":"https:\/\/reisepassfuhrer.com\/es\/wp-json\/wp\/v2\/product_cat?post=3138"},{"taxonomy":"product_tag","embeddable":true,"href":"https:\/\/reisepassfuhrer.com\/es\/wp-json\/wp\/v2\/product_tag?post=3138"}],"curies":[{"name":"wp","href":"https:\/\/api.w.org\/{rel}","templated":true}]}}