{"id":3160,"date":"2025-08-26T12:46:39","date_gmt":"2025-08-26T12:46:39","guid":{"rendered":"https:\/\/reisepassfuhrer.com\/?post_type=product&#038;p=3160"},"modified":"2025-08-26T12:46:39","modified_gmt":"2025-08-26T12:46:39","slug":"berufszertifikat-kaufen-legal","status":"publish","type":"product","link":"https:\/\/reisepassfuhrer.com\/es\/product\/comprar-certificado-profesional-legalmente\/","title":{"rendered":"comprar certificado profesional legalmente"},"content":{"rendered":"<h3 data-start=\"209\" data-end=\"271\"><strong data-start=\"213\" data-end=\"271\">Comprar un certificado profesional - Legal, aut\u00e9ntico y discreto<\/strong><\/h3>\n<p data-start=\"273\" data-end=\"586\">Asegure su <strong data-start=\"300\" data-end=\"344\">Certificado profesional legalmente reconocido<\/strong>, \u00a1que mejora significativamente sus oportunidades profesionales! Con nuestro servicio podr\u00e1 <strong data-start=\"425\" data-end=\"474\">adquirir legalmente un certificado profesional reconocido<\/strong>, que se ajuste a sus competencias y objetivos profesionales <strong data-start=\"534\" data-end=\"585\">Creado con discreci\u00f3n, autenticidad y profesionalidad<\/strong>.<\/p>\n<p data-start=\"588\" data-end=\"834\">Tanto si quiere empezar su carrera profesional con buen pie en su pa\u00eds o en el extranjero, ponerse al d\u00eda con un certificado que le falta u optimizar los documentos de su solicitud: Le ofrecemos una <strong data-start=\"754\" data-end=\"787\">Soluci\u00f3n personalizada<\/strong>, que se adapte exactamente a sus necesidades.<\/p>\n<h3 data-start=\"836\" data-end=\"876\">\u2705 <strong data-start=\"842\" data-end=\"876\">Sus ventajas de un vistazo:<\/strong><\/h3>\n<ul data-start=\"878\" data-end=\"1313\">\n<li data-start=\"878\" data-end=\"955\">\n<p data-start=\"880\" data-end=\"955\"><strong data-start=\"880\" data-end=\"904\">100 % adquisici\u00f3n legal<\/strong> - Cumple la normativa y las directrices alemanas<\/p>\n<\/li>\n<li data-start=\"956\" data-end=\"1055\">\n<p data-start=\"958\" data-end=\"1055\"><strong data-start=\"958\" data-end=\"1003\">Documentos aut\u00e9nticos con sello y firma<\/strong> - No es una falsificaci\u00f3n, sino calidad certificada<\/p>\n<\/li>\n<li data-start=\"1056\" data-end=\"1148\">\n<p data-start=\"1058\" data-end=\"1148\"><strong data-start=\"1058\" data-end=\"1088\">Personalizaci\u00f3n individual<\/strong> - Profesi\u00f3n, nombre, fecha e instituci\u00f3n que desee<\/p>\n<\/li>\n<li data-start=\"1149\" data-end=\"1232\">\n<p data-start=\"1151\" data-end=\"1232\"><strong data-start=\"1151\" data-end=\"1185\">Proceso discreto y protecci\u00f3n de datos<\/strong> - Sus datos est\u00e1n en buenas manos con nosotros<\/p>\n<\/li>\n<li data-start=\"1233\" data-end=\"1313\">\n<p data-start=\"1235\" data-end=\"1313\"><strong data-start=\"1235\" data-end=\"1257\">Entrega r\u00e1pida<\/strong> - Directamente en su casa en pocos d\u00edas laborables<\/p>\n<\/li>\n<\/ul>\n<p data-start=\"1315\" data-end=\"1516\">Nuestros certificados son de <strong data-start=\"1343\" data-end=\"1381\">instituciones educativas de renombre<\/strong> y contienen todas las caracter\u00edsticas necesarias para un uso cre\u00edble con aplicaciones, empresarios o instituciones.<\/p>\n<h3 data-start=\"1518\" data-end=\"1563\">\ud83c\udfaf <strong data-start=\"1525\" data-end=\"1563\">\u00bfPor qu\u00e9 comprar un certificado profesional?<\/strong><\/h3>\n<p data-start=\"1565\" data-end=\"1818\">En un mundo laboral altamente competitivo, la <strong data-start=\"1616\" data-end=\"1656\">Prueba de cualificaci\u00f3n profesional<\/strong> crucial. Un certificado profesional no s\u00f3lo refuerza su perfil, sino que le abre nuevas oportunidades, sin a\u00f1os de formaci\u00f3n ni trabas burocr\u00e1ticas.<\/p>\n<p data-start=\"1820\" data-end=\"1942\">Aumente sus posibilidades en el mercado laboral <strong data-start=\"1867\" data-end=\"1877\">inmediatamente<\/strong> - con un <strong data-start=\"1890\" data-end=\"1926\">certificado profesional adquirido legalmente<\/strong>, que convence.<\/p>","protected":false},"excerpt":{"rendered":"<p>Berufszertifikat kaufen \u2013 Legal, Authentisch &amp; Diskret Sichern Sie sich jetzt Ihr rechtlich abgesichertes Berufszertifikat, das Ihre Karrierechancen ma\u00dfgeblich verbessert! Mit unserem Service k\u00f6nnen Sie ein anerkanntes Berufszertifikat legal kaufen, das Ihren F\u00e4higkeiten und beruflichen Zielen entspricht \u2013 diskret, authentisch und professionell erstellt. Ob Sie im In- oder Ausland beruflich durchstarten m\u00f6chten, ein fehlendes Zertifikat [&hellip;]<\/p>","protected":false},"featured_media":3162,"comment_status":"open","ping_status":"closed","template":"","meta":[],"product_brand":[],"product_cat":[44],"product_tag":[],"class_list":{"0":"post-3160","1":"product","2":"type-product","3":"status-publish","4":"has-post-thumbnail","6":"product_cat-uncategorized","8":"first","9":"instock","10":"shipping-taxable","11":"product-type-simple"},"yoast_head":"<!-- This site is optimized with the Yoast SEO Premium plugin v22.2 (Yoast SEO v26.2) - https:\/\/yoast.com\/wordpress\/plugins\/seo\/ -->\n<title>berufszertifikat kaufen legal - Reisepassfuhrer<\/title>\n<meta name=\"description\" content=\"Sichern Sie sich jetzt Ihr rechtlich abgesichertes Berufszertifikat, das Ihre Karrierechancen ma\u00dfgeblich verbessert!\" \/>\n<meta name=\"robots\" content=\"noindex, follow, max-snippet:-1, max-image-preview:large, max-video-preview:-1\" \/>\n<meta property=\"og:locale\" content=\"es_ES\" \/>\n<meta property=\"og:type\" content=\"article\" \/>\n<meta property=\"og:title\" content=\"berufszertifikat kaufen legal\" \/>\n<meta property=\"og:description\" content=\"Sichern Sie sich jetzt Ihr rechtlich abgesichertes Berufszertifikat, das Ihre Karrierechancen ma\u00dfgeblich verbessert!\" \/>\n<meta property=\"og:url\" content=\"https:\/\/reisepassfuhrer.com\/es\/product\/comprar-certificado-profesional-legalmente\/\" \/>\n<meta property=\"og:site_name\" content=\"Reisepassfuhrer\" \/>\n<meta property=\"og:image\" content=\"http:\/\/reisepassfuhrer.com\/wp-content\/uploads\/2025\/08\/download-64-1.jpeg\" \/>\n\t<meta property=\"og:image:width\" content=\"194\" \/>\n\t<meta property=\"og:image:height\" content=\"260\" \/>\n\t<meta property=\"og:image:type\" content=\"image\/jpeg\" \/>\n<meta name=\"twitter:card\" content=\"summary_large_image\" \/>\n<meta name=\"twitter:label1\" content=\"Tiempo de lectura\" \/>\n\t<meta name=\"twitter:data1\" content=\"2 minutos\" \/>\n<script type=\"application\/ld+json\" class=\"yoast-schema-graph\">{\"@context\":\"https:\/\/schema.org\",\"@graph\":[{\"@type\":\"WebPage\",\"@id\":\"https:\/\/reisepassfuhrer.com\/product\/berufszertifikat-kaufen-legal\/\",\"url\":\"https:\/\/reisepassfuhrer.com\/product\/berufszertifikat-kaufen-legal\/\",\"name\":\"berufszertifikat kaufen legal - Reisepassfuhrer\",\"isPartOf\":{\"@id\":\"https:\/\/reisepassfuhrer.com\/#website\"},\"primaryImageOfPage\":{\"@id\":\"https:\/\/reisepassfuhrer.com\/product\/berufszertifikat-kaufen-legal\/#primaryimage\"},\"image\":{\"@id\":\"https:\/\/reisepassfuhrer.com\/product\/berufszertifikat-kaufen-legal\/#primaryimage\"},\"thumbnailUrl\":\"https:\/\/reisepassfuhrer.com\/wp-content\/uploads\/2025\/08\/download-64-1.jpeg\",\"datePublished\":\"2025-08-26T12:46:39+00:00\",\"description\":\"Sichern Sie sich jetzt Ihr rechtlich abgesichertes Berufszertifikat, das Ihre Karrierechancen ma\u00dfgeblich verbessert!\",\"breadcrumb\":{\"@id\":\"https:\/\/reisepassfuhrer.com\/product\/berufszertifikat-kaufen-legal\/#breadcrumb\"},\"inLanguage\":\"es\",\"potentialAction\":[{\"@type\":\"ReadAction\",\"target\":[\"https:\/\/reisepassfuhrer.com\/product\/berufszertifikat-kaufen-legal\/\"]}]},{\"@type\":\"ImageObject\",\"inLanguage\":\"es\",\"@id\":\"https:\/\/reisepassfuhrer.com\/product\/berufszertifikat-kaufen-legal\/#primaryimage\",\"url\":\"https:\/\/reisepassfuhrer.com\/wp-content\/uploads\/2025\/08\/download-64-1.jpeg\",\"contentUrl\":\"https:\/\/reisepassfuhrer.com\/wp-content\/uploads\/2025\/08\/download-64-1.jpeg\",\"width\":194,\"height\":260},{\"@type\":\"BreadcrumbList\",\"@id\":\"https:\/\/reisepassfuhrer.com\/product\/berufszertifikat-kaufen-legal\/#breadcrumb\",\"itemListElement\":[{\"@type\":\"ListItem\",\"position\":1,\"name\":\"Home\",\"item\":\"https:\/\/reisepassfuhrer.com\/\"},{\"@type\":\"ListItem\",\"position\":2,\"name\":\"Shop\",\"item\":\"https:\/\/reisepassfuhrer.com\/shop\/\"},{\"@type\":\"ListItem\",\"position\":3,\"name\":\"berufszertifikat kaufen legal\"}]},{\"@type\":\"WebSite\",\"@id\":\"https:\/\/reisepassfuhrer.com\/#website\",\"url\":\"https:\/\/reisepassfuhrer.com\/\",\"name\":\"Reisepassfuhrer\",\"description\":\"Reisepass Beantragen Berlin\",\"publisher\":{\"@id\":\"https:\/\/reisepassfuhrer.com\/#organization\"},\"potentialAction\":[{\"@type\":\"SearchAction\",\"target\":{\"@type\":\"EntryPoint\",\"urlTemplate\":\"https:\/\/reisepassfuhrer.com\/?s={search_term_string}\"},\"query-input\":{\"@type\":\"PropertyValueSpecification\",\"valueRequired\":true,\"valueName\":\"search_term_string\"}}],\"inLanguage\":\"es\"},{\"@type\":\"Organization\",\"@id\":\"https:\/\/reisepassfuhrer.com\/#organization\",\"name\":\"Reisepassfuhrer\",\"url\":\"https:\/\/reisepassfuhrer.com\/\",\"logo\":{\"@type\":\"ImageObject\",\"inLanguage\":\"es\",\"@id\":\"https:\/\/reisepassfuhrer.com\/#\/schema\/logo\/image\/\",\"url\":\"https:\/\/reisepassfuhrer.com\/wp-content\/uploads\/2024\/03\/Reisepassfuhrer-logo.png\",\"contentUrl\":\"https:\/\/reisepassfuhrer.com\/wp-content\/uploads\/2024\/03\/Reisepassfuhrer-logo.png\",\"width\":112,\"height\":112,\"caption\":\"Reisepassfuhrer\"},\"image\":{\"@id\":\"https:\/\/reisepassfuhrer.com\/#\/schema\/logo\/image\/\"}}]}<\/script>\n<!-- \/ Yoast SEO Premium plugin. -->","yoast_head_json":{"title":"comprar certificado profesional legalmente - Reisepassfuhrer","description":"Consiga ahora su certificado profesional legalmente protegido, que mejorar\u00e1 significativamente sus oportunidades profesionales.","robots":{"index":"noindex","follow":"follow","max-snippet":"max-snippet:-1","max-image-preview":"max-image-preview:large","max-video-preview":"max-video-preview:-1"},"og_locale":"es_ES","og_type":"article","og_title":"berufszertifikat kaufen legal","og_description":"Sichern Sie sich jetzt Ihr rechtlich abgesichertes Berufszertifikat, das Ihre Karrierechancen ma\u00dfgeblich verbessert!","og_url":"https:\/\/reisepassfuhrer.com\/es\/product\/comprar-certificado-profesional-legalmente\/","og_site_name":"Reisepassfuhrer","og_image":[{"width":194,"height":260,"url":"http:\/\/reisepassfuhrer.com\/wp-content\/uploads\/2025\/08\/download-64-1.jpeg","type":"image\/jpeg"}],"twitter_card":"summary_large_image","twitter_misc":{"Tiempo de lectura":"2 minutos"},"schema":{"@context":"https:\/\/schema.org","@graph":[{"@type":"WebPage","@id":"https:\/\/reisepassfuhrer.com\/product\/berufszertifikat-kaufen-legal\/","url":"https:\/\/reisepassfuhrer.com\/product\/berufszertifikat-kaufen-legal\/","name":"comprar certificado profesional legalmente - Reisepassfuhrer","isPartOf":{"@id":"https:\/\/reisepassfuhrer.com\/#website"},"primaryImageOfPage":{"@id":"https:\/\/reisepassfuhrer.com\/product\/berufszertifikat-kaufen-legal\/#primaryimage"},"image":{"@id":"https:\/\/reisepassfuhrer.com\/product\/berufszertifikat-kaufen-legal\/#primaryimage"},"thumbnailUrl":"https:\/\/reisepassfuhrer.com\/wp-content\/uploads\/2025\/08\/download-64-1.jpeg","datePublished":"2025-08-26T12:46:39+00:00","description":"Consiga ahora su certificado profesional legalmente protegido, que mejorar\u00e1 significativamente sus oportunidades profesionales.","breadcrumb":{"@id":"https:\/\/reisepassfuhrer.com\/product\/berufszertifikat-kaufen-legal\/#breadcrumb"},"inLanguage":"es","potentialAction":[{"@type":"ReadAction","target":["https:\/\/reisepassfuhrer.com\/product\/berufszertifikat-kaufen-legal\/"]}]},{"@type":"ImageObject","inLanguage":"es","@id":"https:\/\/reisepassfuhrer.com\/product\/berufszertifikat-kaufen-legal\/#primaryimage","url":"https:\/\/reisepassfuhrer.com\/wp-content\/uploads\/2025\/08\/download-64-1.jpeg","contentUrl":"https:\/\/reisepassfuhrer.com\/wp-content\/uploads\/2025\/08\/download-64-1.jpeg","width":194,"height":260},{"@type":"BreadcrumbList","@id":"https:\/\/reisepassfuhrer.com\/product\/berufszertifikat-kaufen-legal\/#breadcrumb","itemListElement":[{"@type":"ListItem","position":1,"name":"Home","item":"https:\/\/reisepassfuhrer.com\/"},{"@type":"ListItem","position":2,"name":"Shop","item":"https:\/\/reisepassfuhrer.com\/shop\/"},{"@type":"ListItem","position":3,"name":"berufszertifikat kaufen legal"}]},{"@type":"WebSite","@id":"https:\/\/reisepassfuhrer.com\/#website","url":"https:\/\/reisepassfuhrer.com\/","name":"Gu\u00eda del pasaporte","description":"Solicitar un pasaporte Berl\u00edn","publisher":{"@id":"https:\/\/reisepassfuhrer.com\/#organization"},"potentialAction":[{"@type":"SearchAction","target":{"@type":"EntryPoint","urlTemplate":"https:\/\/reisepassfuhrer.com\/?s={search_term_string}"},"query-input":{"@type":"PropertyValueSpecification","valueRequired":true,"valueName":"search_term_string"}}],"inLanguage":"es"},{"@type":"Organization","@id":"https:\/\/reisepassfuhrer.com\/#organization","name":"Gu\u00eda del pasaporte","url":"https:\/\/reisepassfuhrer.com\/","logo":{"@type":"ImageObject","inLanguage":"es","@id":"https:\/\/reisepassfuhrer.com\/#\/schema\/logo\/image\/","url":"https:\/\/reisepassfuhrer.com\/wp-content\/uploads\/2024\/03\/Reisepassfuhrer-logo.png","contentUrl":"https:\/\/reisepassfuhrer.com\/wp-content\/uploads\/2024\/03\/Reisepassfuhrer-logo.png","width":112,"height":112,"caption":"Reisepassfuhrer"},"image":{"@id":"https:\/\/reisepassfuhrer.com\/#\/schema\/logo\/image\/"}}]}},"_links":{"self":[{"href":"https:\/\/reisepassfuhrer.com\/es\/wp-json\/wp\/v2\/product\/3160","targetHints":{"allow":["GET"]}}],"collection":[{"href":"https:\/\/reisepassfuhrer.com\/es\/wp-json\/wp\/v2\/product"}],"about":[{"href":"https:\/\/reisepassfuhrer.com\/es\/wp-json\/wp\/v2\/types\/product"}],"replies":[{"embeddable":true,"href":"https:\/\/reisepassfuhrer.com\/es\/wp-json\/wp\/v2\/comments?post=3160"}],"wp:featuredmedia":[{"embeddable":true,"href":"https:\/\/reisepassfuhrer.com\/es\/wp-json\/wp\/v2\/media\/3162"}],"wp:attachment":[{"href":"https:\/\/reisepassfuhrer.com\/es\/wp-json\/wp\/v2\/media?parent=3160"}],"wp:term":[{"taxonomy":"product_brand","embeddable":true,"href":"https:\/\/reisepassfuhrer.com\/es\/wp-json\/wp\/v2\/product_brand?post=3160"},{"taxonomy":"product_cat","embeddable":true,"href":"https:\/\/reisepassfuhrer.com\/es\/wp-json\/wp\/v2\/product_cat?post=3160"},{"taxonomy":"product_tag","embeddable":true,"href":"https:\/\/reisepassfuhrer.com\/es\/wp-json\/wp\/v2\/product_tag?post=3160"}],"curies":[{"name":"wp","href":"https:\/\/api.w.org\/{rel}","templated":true}]}}