{"id":3183,"date":"2025-08-29T11:03:15","date_gmt":"2025-08-29T11:03:15","guid":{"rendered":"https:\/\/reisepassfuhrer.com\/?post_type=product&#038;p=3183"},"modified":"2025-08-29T11:03:16","modified_gmt":"2025-08-29T11:03:16","slug":"kontaktlinsen-oldenburg","status":"publish","type":"product","link":"https:\/\/reisepassfuhrer.com\/es\/product\/lentes-de-contacto-oldenburg\/","title":{"rendered":"lentes de contacto oldenburg"},"content":{"rendered":"<p data-start=\"189\" data-end=\"276\"><strong data-start=\"189\" data-end=\"271\">Lentes de contacto Oldenburg - Visi\u00f3n n\u00edtida, comodidad de uso perfecta en [su marca]<\/strong> \ud83d\udc41\ufe0f\u2728<\/p>\n<p data-start=\"278\" data-end=\"593\"><strong data-start=\"293\" data-end=\"362\">Su contacto para lentes de contacto en Oldenburg<\/strong>\u00a1! No s\u00f3lo le ofrecemos lentes de contacto, sino una experiencia visual completamente nueva. Ya sean lentillas diarias, mensuales, t\u00f3ricas o multifocales, con nosotros encontrar\u00e1 exactamente las lentillas que se adaptan a sus ojos y a su estilo de vida.<\/p>\n<p data-start=\"595\" data-end=\"1307\">\u00bfQu\u00e9 nos hace especiales?<br data-start=\"619\" data-end=\"622\" \/>\u2705 <strong data-start=\"624\" data-end=\"650\">Asesoramiento personalizado:<\/strong> Nuestros \u00f3pticos experimentados se toman el tiempo necesario para medir sus ojos con precisi\u00f3n y seleccionar las lentes adecuadas, para lograr la m\u00e1xima comodidad y una visi\u00f3n perfecta.<br data-start=\"815\" data-end=\"818\" \/>\u2705 <strong data-start=\"820\" data-end=\"842\">Tecnolog\u00eda punta:<\/strong> Con la ayuda de los m\u00e9todos de medici\u00f3n y adaptaci\u00f3n m\u00e1s avanzados, le garantizamos una adaptaci\u00f3n precisa de las lentes que asegura la comodidad incluso para los ojos sensibles.<br data-start=\"996\" data-end=\"999\" \/>\u2705 <strong data-start=\"1001\" data-end=\"1036\">Amplia selecci\u00f3n de marcas l\u00edderes:<\/strong> Ya sean Alcon, Bausch &amp; Lomb, Johnson &amp; Johnson o CooperVision, con nosotros s\u00f3lo recibir\u00e1 lentes de marca de alta calidad.<br data-start=\"1161\" data-end=\"1164\" \/>\u2705 <strong data-start=\"1166\" data-end=\"1206\">Entrega r\u00e1pida y repetici\u00f3n del pedido:<\/strong> Solicite lentes de contacto c\u00f3modamente, directamente en Oldenburg o en l\u00ednea a trav\u00e9s de nuestro servicio.<\/p>\n<p data-start=\"1309\" data-end=\"1519\">Nuestro objetivo es hacer que su vida diaria con lentes de contacto sea lo m\u00e1s c\u00f3moda y f\u00e1cil posible, sin comprometer la calidad ni el servicio. Conf\u00ede en nuestra experiencia y note la diferencia.<\/p>\n<p data-start=\"1521\" data-end=\"1610\">\ud83d\udccd <strong data-start=\"1524\" data-end=\"1610\">Descubra ahora las lentes de contacto en Oldenburg: en [su marca] in situ o en l\u00ednea.<\/strong><\/p>","protected":false},"excerpt":{"rendered":"<p>Kontaktlinsen Oldenburg \u2013 Klare Sicht, perfekter Tragekomfort bei [Eure Marke] \ud83d\udc41\ufe0f\u2728 Ihr Ansprechpartner f\u00fcr Kontaktlinsen in Oldenburg! Wir bieten Ihnen nicht nur Kontaktlinsen, sondern ein v\u00f6llig neues Seherlebnis. Ob Tageslinsen, Monatslinsen, torische oder multifokale Linsen \u2013 bei uns finden Sie genau die Linsen, die zu Ihren Augen und Ihrem Lebensstil passen. Was uns besonders macht?\u2705 [&hellip;]<\/p>","protected":false},"featured_media":3186,"comment_status":"open","ping_status":"closed","template":"","meta":[],"product_brand":[],"product_cat":[44],"product_tag":[],"class_list":{"0":"post-3183","1":"product","2":"type-product","3":"status-publish","4":"has-post-thumbnail","6":"product_cat-uncategorized","8":"first","9":"instock","10":"shipping-taxable","11":"product-type-simple"},"yoast_head":"<!-- This site is optimized with the Yoast SEO Premium plugin v22.2 (Yoast SEO v26.2) - https:\/\/yoast.com\/wordpress\/plugins\/seo\/ -->\n<title>kontaktlinsen oldenburg - Reisepassfuhrer<\/title>\n<meta name=\"description\" content=\"Ihr Ansprechpartner f\u00fcr Kontaktlinsen in Oldenburg! Wir bieten Ihnen nicht nur Kontaktlinsen, sondern ein v\u00f6llig neues Seherlebnis.\" \/>\n<meta name=\"robots\" content=\"noindex, follow, max-snippet:-1, max-image-preview:large, max-video-preview:-1\" \/>\n<meta property=\"og:locale\" content=\"es_ES\" \/>\n<meta property=\"og:type\" content=\"article\" \/>\n<meta property=\"og:title\" content=\"kontaktlinsen oldenburg\" \/>\n<meta property=\"og:description\" content=\"Ihr Ansprechpartner f\u00fcr Kontaktlinsen in Oldenburg! Wir bieten Ihnen nicht nur Kontaktlinsen, sondern ein v\u00f6llig neues Seherlebnis.\" \/>\n<meta property=\"og:url\" content=\"https:\/\/reisepassfuhrer.com\/es\/product\/lentes-de-contacto-oldenburg\/\" \/>\n<meta property=\"og:site_name\" content=\"Reisepassfuhrer\" \/>\n<meta property=\"article:modified_time\" content=\"2025-08-29T11:03:16+00:00\" \/>\n<meta property=\"og:image\" content=\"http:\/\/reisepassfuhrer.com\/wp-content\/uploads\/2025\/08\/download-80.jpeg\" \/>\n\t<meta property=\"og:image:width\" content=\"225\" \/>\n\t<meta property=\"og:image:height\" content=\"225\" \/>\n\t<meta property=\"og:image:type\" content=\"image\/jpeg\" \/>\n<meta name=\"twitter:card\" content=\"summary_large_image\" \/>\n<meta name=\"twitter:label1\" content=\"Tiempo de lectura\" \/>\n\t<meta name=\"twitter:data1\" content=\"1 minuto\" \/>\n<script type=\"application\/ld+json\" class=\"yoast-schema-graph\">{\"@context\":\"https:\/\/schema.org\",\"@graph\":[{\"@type\":\"WebPage\",\"@id\":\"https:\/\/reisepassfuhrer.com\/product\/kontaktlinsen-oldenburg\/\",\"url\":\"https:\/\/reisepassfuhrer.com\/product\/kontaktlinsen-oldenburg\/\",\"name\":\"kontaktlinsen oldenburg - Reisepassfuhrer\",\"isPartOf\":{\"@id\":\"https:\/\/reisepassfuhrer.com\/#website\"},\"primaryImageOfPage\":{\"@id\":\"https:\/\/reisepassfuhrer.com\/product\/kontaktlinsen-oldenburg\/#primaryimage\"},\"image\":{\"@id\":\"https:\/\/reisepassfuhrer.com\/product\/kontaktlinsen-oldenburg\/#primaryimage\"},\"thumbnailUrl\":\"https:\/\/reisepassfuhrer.com\/wp-content\/uploads\/2025\/08\/download-80.jpeg\",\"datePublished\":\"2025-08-29T11:03:15+00:00\",\"dateModified\":\"2025-08-29T11:03:16+00:00\",\"description\":\"Ihr Ansprechpartner f\u00fcr Kontaktlinsen in Oldenburg! Wir bieten Ihnen nicht nur Kontaktlinsen, sondern ein v\u00f6llig neues Seherlebnis.\",\"breadcrumb\":{\"@id\":\"https:\/\/reisepassfuhrer.com\/product\/kontaktlinsen-oldenburg\/#breadcrumb\"},\"inLanguage\":\"es\",\"potentialAction\":[{\"@type\":\"ReadAction\",\"target\":[\"https:\/\/reisepassfuhrer.com\/product\/kontaktlinsen-oldenburg\/\"]}]},{\"@type\":\"ImageObject\",\"inLanguage\":\"es\",\"@id\":\"https:\/\/reisepassfuhrer.com\/product\/kontaktlinsen-oldenburg\/#primaryimage\",\"url\":\"https:\/\/reisepassfuhrer.com\/wp-content\/uploads\/2025\/08\/download-80.jpeg\",\"contentUrl\":\"https:\/\/reisepassfuhrer.com\/wp-content\/uploads\/2025\/08\/download-80.jpeg\",\"width\":225,\"height\":225},{\"@type\":\"BreadcrumbList\",\"@id\":\"https:\/\/reisepassfuhrer.com\/product\/kontaktlinsen-oldenburg\/#breadcrumb\",\"itemListElement\":[{\"@type\":\"ListItem\",\"position\":1,\"name\":\"Home\",\"item\":\"https:\/\/reisepassfuhrer.com\/\"},{\"@type\":\"ListItem\",\"position\":2,\"name\":\"Shop\",\"item\":\"https:\/\/reisepassfuhrer.com\/shop\/\"},{\"@type\":\"ListItem\",\"position\":3,\"name\":\"kontaktlinsen oldenburg\"}]},{\"@type\":\"WebSite\",\"@id\":\"https:\/\/reisepassfuhrer.com\/#website\",\"url\":\"https:\/\/reisepassfuhrer.com\/\",\"name\":\"Reisepassfuhrer\",\"description\":\"Reisepass Beantragen Berlin\",\"publisher\":{\"@id\":\"https:\/\/reisepassfuhrer.com\/#organization\"},\"potentialAction\":[{\"@type\":\"SearchAction\",\"target\":{\"@type\":\"EntryPoint\",\"urlTemplate\":\"https:\/\/reisepassfuhrer.com\/?s={search_term_string}\"},\"query-input\":{\"@type\":\"PropertyValueSpecification\",\"valueRequired\":true,\"valueName\":\"search_term_string\"}}],\"inLanguage\":\"es\"},{\"@type\":\"Organization\",\"@id\":\"https:\/\/reisepassfuhrer.com\/#organization\",\"name\":\"Reisepassfuhrer\",\"url\":\"https:\/\/reisepassfuhrer.com\/\",\"logo\":{\"@type\":\"ImageObject\",\"inLanguage\":\"es\",\"@id\":\"https:\/\/reisepassfuhrer.com\/#\/schema\/logo\/image\/\",\"url\":\"https:\/\/reisepassfuhrer.com\/wp-content\/uploads\/2024\/03\/Reisepassfuhrer-logo.png\",\"contentUrl\":\"https:\/\/reisepassfuhrer.com\/wp-content\/uploads\/2024\/03\/Reisepassfuhrer-logo.png\",\"width\":112,\"height\":112,\"caption\":\"Reisepassfuhrer\"},\"image\":{\"@id\":\"https:\/\/reisepassfuhrer.com\/#\/schema\/logo\/image\/\"}}]}<\/script>\n<!-- \/ Yoast SEO Premium plugin. -->","yoast_head_json":{"title":"kontaktlinsen oldenburg - gu\u00eda de pasaportes","description":"\u00a1Su contacto para lentes de contacto en Oldenburg! No solo le ofrecemos lentes de contacto, sino una experiencia visual completamente nueva.","robots":{"index":"noindex","follow":"follow","max-snippet":"max-snippet:-1","max-image-preview":"max-image-preview:large","max-video-preview":"max-video-preview:-1"},"og_locale":"es_ES","og_type":"article","og_title":"kontaktlinsen oldenburg","og_description":"Ihr Ansprechpartner f\u00fcr Kontaktlinsen in Oldenburg! Wir bieten Ihnen nicht nur Kontaktlinsen, sondern ein v\u00f6llig neues Seherlebnis.","og_url":"https:\/\/reisepassfuhrer.com\/es\/product\/lentes-de-contacto-oldenburg\/","og_site_name":"Reisepassfuhrer","article_modified_time":"2025-08-29T11:03:16+00:00","og_image":[{"width":225,"height":225,"url":"http:\/\/reisepassfuhrer.com\/wp-content\/uploads\/2025\/08\/download-80.jpeg","type":"image\/jpeg"}],"twitter_card":"summary_large_image","twitter_misc":{"Tiempo de lectura":"1 minuto"},"schema":{"@context":"https:\/\/schema.org","@graph":[{"@type":"WebPage","@id":"https:\/\/reisepassfuhrer.com\/product\/kontaktlinsen-oldenburg\/","url":"https:\/\/reisepassfuhrer.com\/product\/kontaktlinsen-oldenburg\/","name":"kontaktlinsen oldenburg - gu\u00eda de pasaportes","isPartOf":{"@id":"https:\/\/reisepassfuhrer.com\/#website"},"primaryImageOfPage":{"@id":"https:\/\/reisepassfuhrer.com\/product\/kontaktlinsen-oldenburg\/#primaryimage"},"image":{"@id":"https:\/\/reisepassfuhrer.com\/product\/kontaktlinsen-oldenburg\/#primaryimage"},"thumbnailUrl":"https:\/\/reisepassfuhrer.com\/wp-content\/uploads\/2025\/08\/download-80.jpeg","datePublished":"2025-08-29T11:03:15+00:00","dateModified":"2025-08-29T11:03:16+00:00","description":"\u00a1Su contacto para lentes de contacto en Oldenburg! No solo le ofrecemos lentes de contacto, sino una experiencia visual completamente nueva.","breadcrumb":{"@id":"https:\/\/reisepassfuhrer.com\/product\/kontaktlinsen-oldenburg\/#breadcrumb"},"inLanguage":"es","potentialAction":[{"@type":"ReadAction","target":["https:\/\/reisepassfuhrer.com\/product\/kontaktlinsen-oldenburg\/"]}]},{"@type":"ImageObject","inLanguage":"es","@id":"https:\/\/reisepassfuhrer.com\/product\/kontaktlinsen-oldenburg\/#primaryimage","url":"https:\/\/reisepassfuhrer.com\/wp-content\/uploads\/2025\/08\/download-80.jpeg","contentUrl":"https:\/\/reisepassfuhrer.com\/wp-content\/uploads\/2025\/08\/download-80.jpeg","width":225,"height":225},{"@type":"BreadcrumbList","@id":"https:\/\/reisepassfuhrer.com\/product\/kontaktlinsen-oldenburg\/#breadcrumb","itemListElement":[{"@type":"ListItem","position":1,"name":"Home","item":"https:\/\/reisepassfuhrer.com\/"},{"@type":"ListItem","position":2,"name":"Shop","item":"https:\/\/reisepassfuhrer.com\/shop\/"},{"@type":"ListItem","position":3,"name":"kontaktlinsen oldenburg"}]},{"@type":"WebSite","@id":"https:\/\/reisepassfuhrer.com\/#website","url":"https:\/\/reisepassfuhrer.com\/","name":"Gu\u00eda del pasaporte","description":"Solicitar un pasaporte Berl\u00edn","publisher":{"@id":"https:\/\/reisepassfuhrer.com\/#organization"},"potentialAction":[{"@type":"SearchAction","target":{"@type":"EntryPoint","urlTemplate":"https:\/\/reisepassfuhrer.com\/?s={search_term_string}"},"query-input":{"@type":"PropertyValueSpecification","valueRequired":true,"valueName":"search_term_string"}}],"inLanguage":"es"},{"@type":"Organization","@id":"https:\/\/reisepassfuhrer.com\/#organization","name":"Gu\u00eda del pasaporte","url":"https:\/\/reisepassfuhrer.com\/","logo":{"@type":"ImageObject","inLanguage":"es","@id":"https:\/\/reisepassfuhrer.com\/#\/schema\/logo\/image\/","url":"https:\/\/reisepassfuhrer.com\/wp-content\/uploads\/2024\/03\/Reisepassfuhrer-logo.png","contentUrl":"https:\/\/reisepassfuhrer.com\/wp-content\/uploads\/2024\/03\/Reisepassfuhrer-logo.png","width":112,"height":112,"caption":"Reisepassfuhrer"},"image":{"@id":"https:\/\/reisepassfuhrer.com\/#\/schema\/logo\/image\/"}}]}},"_links":{"self":[{"href":"https:\/\/reisepassfuhrer.com\/es\/wp-json\/wp\/v2\/product\/3183","targetHints":{"allow":["GET"]}}],"collection":[{"href":"https:\/\/reisepassfuhrer.com\/es\/wp-json\/wp\/v2\/product"}],"about":[{"href":"https:\/\/reisepassfuhrer.com\/es\/wp-json\/wp\/v2\/types\/product"}],"replies":[{"embeddable":true,"href":"https:\/\/reisepassfuhrer.com\/es\/wp-json\/wp\/v2\/comments?post=3183"}],"wp:featuredmedia":[{"embeddable":true,"href":"https:\/\/reisepassfuhrer.com\/es\/wp-json\/wp\/v2\/media\/3186"}],"wp:attachment":[{"href":"https:\/\/reisepassfuhrer.com\/es\/wp-json\/wp\/v2\/media?parent=3183"}],"wp:term":[{"taxonomy":"product_brand","embeddable":true,"href":"https:\/\/reisepassfuhrer.com\/es\/wp-json\/wp\/v2\/product_brand?post=3183"},{"taxonomy":"product_cat","embeddable":true,"href":"https:\/\/reisepassfuhrer.com\/es\/wp-json\/wp\/v2\/product_cat?post=3183"},{"taxonomy":"product_tag","embeddable":true,"href":"https:\/\/reisepassfuhrer.com\/es\/wp-json\/wp\/v2\/product_tag?post=3183"}],"curies":[{"name":"wp","href":"https:\/\/api.w.org\/{rel}","templated":true}]}}