{"id":3187,"date":"2025-08-29T11:27:52","date_gmt":"2025-08-29T11:27:52","guid":{"rendered":"https:\/\/reisepassfuhrer.com\/?post_type=product&#038;p=3187"},"modified":"2025-08-29T11:27:52","modified_gmt":"2025-08-29T11:27:52","slug":"a2-fuhrerschein","status":"publish","type":"product","link":"https:\/\/reisepassfuhrer.com\/es\/product\/permiso-de-conducir-a2\/","title":{"rendered":"Permiso de conducir A2"},"content":{"rendered":"<h3 data-start=\"225\" data-end=\"310\"><strong data-start=\"229\" data-end=\"310\">Permiso de conducir A2: su entrada en el mundo de las motos con potencia y estilo<\/strong><\/h3>\n<p data-start=\"312\" data-end=\"692\">\u00bfSue\u00f1a con m\u00e1s potencia, libertad sobre dos ruedas y una mejora real de su permiso de conducci\u00f3n A1 o AM? Entonces el <strong data-start=\"440\" data-end=\"459\">Permiso de conducir A2<\/strong> justo lo que necesitas Con este permiso de conducci\u00f3n, te aseguras el acceso a motos con hasta <strong data-start=\"567\" data-end=\"584\">48 CV (35 kW)<\/strong> - perfecto para principiantes y principiantes que quieren dar el siguiente paso hacia la diversi\u00f3n a caballo.<\/p>\n<h4 data-start=\"694\" data-end=\"731\"><strong data-start=\"699\" data-end=\"731\">\u00bfQu\u00e9 es el permiso de conducci\u00f3n A2?<\/strong><\/h4>\n<p data-start=\"732\" data-end=\"997\">El permiso de conducci\u00f3n de categor\u00eda A2 permite conducir motocicletas con un <strong data-start=\"808\" data-end=\"835\">Potencia del motor hasta 35 kW<\/strong> y un <strong data-start=\"846\" data-end=\"903\">Relaci\u00f3n potencia\/peso de 0,2 kW\/kg como m\u00e1ximo<\/strong>. Ideal para j\u00f3venes adultos de <strong data-start=\"935\" data-end=\"948\">18 a\u00f1os<\/strong>, que desean combinar rendimiento y seguridad.<\/p>\n<h4 data-start=\"999\" data-end=\"1071\"><strong data-start=\"1004\" data-end=\"1071\">Por qu\u00e9 deber\u00eda optar por nuestro permiso de conducci\u00f3n A2:<\/strong><\/h4>\n<ul data-start=\"1073\" data-end=\"1623\">\n<li data-start=\"1073\" data-end=\"1184\">\n<p data-start=\"1075\" data-end=\"1184\">\u2705 <strong data-start=\"1077\" data-end=\"1105\">Clases particulares de conducci\u00f3n<\/strong> - Adaptamos el entrenamiento a tu capacidad. Tanto si eres principiante como novato.<\/p>\n<\/li>\n<li data-start=\"1185\" data-end=\"1313\">\n<p data-start=\"1187\" data-end=\"1313\">\u2705 <strong data-start=\"1189\" data-end=\"1211\">Motos modernas<\/strong> - Nuestras m\u00e1quinas est\u00e1n perfectamente adaptadas a la clase A2 y hacen de cada clase de conducci\u00f3n toda una experiencia.<\/p>\n<\/li>\n<li data-start=\"1314\" data-end=\"1399\">\n<p data-start=\"1316\" data-end=\"1399\">\u2705 <strong data-start=\"1318\" data-end=\"1348\">Profesores de autoescuela con experiencia<\/strong> - Personal, competente y siempre a su lado.<\/p>\n<\/li>\n<li data-start=\"1400\" data-end=\"1536\">\n<p data-start=\"1402\" data-end=\"1536\">\u2705 <strong data-start=\"1404\" data-end=\"1438\">Preparaci\u00f3n intensiva de ex\u00e1menes<\/strong> - Teor\u00eda y pr\u00e1ctica combinadas eficazmente para que acuda al examen con confianza y seguridad en s\u00ed mismo.<\/p>\n<\/li>\n<li data-start=\"1537\" data-end=\"1623\">\n<p data-start=\"1539\" data-end=\"1623\">\u2705 <strong data-start=\"1541\" data-end=\"1562\">Alto porcentaje de \u00e9xito<\/strong> - Nuestros alumnos no s\u00f3lo aprueban, \u00a1disfrutan conduciendo!<\/p>\n<\/li>\n<\/ul>\n<h4 data-start=\"1625\" data-end=\"1670\"><strong data-start=\"1630\" data-end=\"1670\">Empieza ya tu carrera en moto<\/strong><\/h4>\n<p data-start=\"1671\" data-end=\"1936\">El carn\u00e9 de conducir A2 es el punto intermedio perfecto entre el nivel inicial y el profesional, y el primer paso hacia la obtenci\u00f3n del carn\u00e9 de conducir A2. <strong data-start=\"1774\" data-end=\"1805\">permiso de conducir ilimitado A<\/strong> tras 2 a\u00f1os de experiencia al volante. Ya sea para trayectos diarios, excursiones de fin de semana o el pr\u00f3ximo viaje por carretera, con el A2 estar\u00e1s listo para partir.<\/p>\n<p data-start=\"1938\" data-end=\"2021\"><strong data-start=\"1938\" data-end=\"2021\">Inscr\u00edbete ahora, empieza y vive la diversi\u00f3n de conducir, \u00a1con tu carn\u00e9 de conducir A2!<\/strong><\/p>","protected":false},"excerpt":{"rendered":"<p>A2 F\u00fchrerschein \u2013 Dein Einstieg in die Welt der Motorr\u00e4der mit Power und Stil Du tr\u00e4umst von mehr Leistung, Freiheit auf zwei R\u00e4dern und einem echten Upgrade zu deinem A1 oder AM F\u00fchrerschein? Dann ist der A2 F\u00fchrerschein genau das Richtige f\u00fcr dich! Mit dieser Fahrerlaubnis sicherst du dir den Zugang zu Motorr\u00e4dern mit bis [&hellip;]<\/p>","protected":false},"featured_media":3188,"comment_status":"open","ping_status":"closed","template":"","meta":[],"product_brand":[],"product_cat":[44],"product_tag":[],"class_list":{"0":"post-3187","1":"product","2":"type-product","3":"status-publish","4":"has-post-thumbnail","6":"product_cat-uncategorized","8":"first","9":"instock","10":"shipping-taxable","11":"product-type-simple"},"yoast_head":"<!-- This site is optimized with the Yoast SEO Premium plugin v22.2 (Yoast SEO v26.2) - https:\/\/yoast.com\/wordpress\/plugins\/seo\/ -->\n<title>A2 F\u00fchrerschein - Reisepassfuhrer<\/title>\n<meta name=\"description\" content=\"Dann ist der A2 F\u00fchrerschein genau das Richtige f\u00fcr dich! Mit dieser Fahrerlaubnis sicherst du dir den Zugang zu Motorr\u00e4dern mit bis zu 48 PS (35 kW)\" \/>\n<meta name=\"robots\" content=\"noindex, follow, max-snippet:-1, max-image-preview:large, max-video-preview:-1\" \/>\n<meta property=\"og:locale\" content=\"es_ES\" \/>\n<meta property=\"og:type\" content=\"article\" \/>\n<meta property=\"og:title\" content=\"A2 F\u00fchrerschein\" \/>\n<meta property=\"og:description\" content=\"Dann ist der A2 F\u00fchrerschein genau das Richtige f\u00fcr dich! Mit dieser Fahrerlaubnis sicherst du dir den Zugang zu Motorr\u00e4dern mit bis zu 48 PS (35 kW)\" \/>\n<meta property=\"og:url\" content=\"https:\/\/reisepassfuhrer.com\/es\/product\/permiso-de-conducir-a2\/\" \/>\n<meta property=\"og:site_name\" content=\"Reisepassfuhrer\" \/>\n<meta property=\"og:image\" content=\"http:\/\/reisepassfuhrer.com\/wp-content\/uploads\/2025\/08\/download-81.jpeg\" \/>\n\t<meta property=\"og:image:width\" content=\"303\" \/>\n\t<meta property=\"og:image:height\" content=\"166\" \/>\n\t<meta property=\"og:image:type\" content=\"image\/jpeg\" \/>\n<meta name=\"twitter:card\" content=\"summary_large_image\" \/>\n<meta name=\"twitter:label1\" content=\"Tiempo de lectura\" \/>\n\t<meta name=\"twitter:data1\" content=\"2 minutos\" \/>\n<script type=\"application\/ld+json\" class=\"yoast-schema-graph\">{\"@context\":\"https:\/\/schema.org\",\"@graph\":[{\"@type\":\"WebPage\",\"@id\":\"https:\/\/reisepassfuhrer.com\/product\/a2-fuhrerschein\/\",\"url\":\"https:\/\/reisepassfuhrer.com\/product\/a2-fuhrerschein\/\",\"name\":\"A2 F\u00fchrerschein - Reisepassfuhrer\",\"isPartOf\":{\"@id\":\"https:\/\/reisepassfuhrer.com\/#website\"},\"primaryImageOfPage\":{\"@id\":\"https:\/\/reisepassfuhrer.com\/product\/a2-fuhrerschein\/#primaryimage\"},\"image\":{\"@id\":\"https:\/\/reisepassfuhrer.com\/product\/a2-fuhrerschein\/#primaryimage\"},\"thumbnailUrl\":\"https:\/\/reisepassfuhrer.com\/wp-content\/uploads\/2025\/08\/download-81.jpeg\",\"datePublished\":\"2025-08-29T11:27:52+00:00\",\"description\":\"Dann ist der A2 F\u00fchrerschein genau das Richtige f\u00fcr dich! Mit dieser Fahrerlaubnis sicherst du dir den Zugang zu Motorr\u00e4dern mit bis zu 48 PS (35 kW)\",\"breadcrumb\":{\"@id\":\"https:\/\/reisepassfuhrer.com\/product\/a2-fuhrerschein\/#breadcrumb\"},\"inLanguage\":\"es\",\"potentialAction\":[{\"@type\":\"ReadAction\",\"target\":[\"https:\/\/reisepassfuhrer.com\/product\/a2-fuhrerschein\/\"]}]},{\"@type\":\"ImageObject\",\"inLanguage\":\"es\",\"@id\":\"https:\/\/reisepassfuhrer.com\/product\/a2-fuhrerschein\/#primaryimage\",\"url\":\"https:\/\/reisepassfuhrer.com\/wp-content\/uploads\/2025\/08\/download-81.jpeg\",\"contentUrl\":\"https:\/\/reisepassfuhrer.com\/wp-content\/uploads\/2025\/08\/download-81.jpeg\",\"width\":303,\"height\":166},{\"@type\":\"BreadcrumbList\",\"@id\":\"https:\/\/reisepassfuhrer.com\/product\/a2-fuhrerschein\/#breadcrumb\",\"itemListElement\":[{\"@type\":\"ListItem\",\"position\":1,\"name\":\"Home\",\"item\":\"https:\/\/reisepassfuhrer.com\/\"},{\"@type\":\"ListItem\",\"position\":2,\"name\":\"Shop\",\"item\":\"https:\/\/reisepassfuhrer.com\/shop\/\"},{\"@type\":\"ListItem\",\"position\":3,\"name\":\"A2 F\u00fchrerschein\"}]},{\"@type\":\"WebSite\",\"@id\":\"https:\/\/reisepassfuhrer.com\/#website\",\"url\":\"https:\/\/reisepassfuhrer.com\/\",\"name\":\"Reisepassfuhrer\",\"description\":\"Reisepass Beantragen Berlin\",\"publisher\":{\"@id\":\"https:\/\/reisepassfuhrer.com\/#organization\"},\"potentialAction\":[{\"@type\":\"SearchAction\",\"target\":{\"@type\":\"EntryPoint\",\"urlTemplate\":\"https:\/\/reisepassfuhrer.com\/?s={search_term_string}\"},\"query-input\":{\"@type\":\"PropertyValueSpecification\",\"valueRequired\":true,\"valueName\":\"search_term_string\"}}],\"inLanguage\":\"es\"},{\"@type\":\"Organization\",\"@id\":\"https:\/\/reisepassfuhrer.com\/#organization\",\"name\":\"Reisepassfuhrer\",\"url\":\"https:\/\/reisepassfuhrer.com\/\",\"logo\":{\"@type\":\"ImageObject\",\"inLanguage\":\"es\",\"@id\":\"https:\/\/reisepassfuhrer.com\/#\/schema\/logo\/image\/\",\"url\":\"https:\/\/reisepassfuhrer.com\/wp-content\/uploads\/2024\/03\/Reisepassfuhrer-logo.png\",\"contentUrl\":\"https:\/\/reisepassfuhrer.com\/wp-content\/uploads\/2024\/03\/Reisepassfuhrer-logo.png\",\"width\":112,\"height\":112,\"caption\":\"Reisepassfuhrer\"},\"image\":{\"@id\":\"https:\/\/reisepassfuhrer.com\/#\/schema\/logo\/image\/\"}}]}<\/script>\n<!-- \/ Yoast SEO Premium plugin. -->","yoast_head_json":{"title":"Permiso de conducir A2 - Titular de pasaporte","description":"Entonces, el permiso de conducci\u00f3n A2 es perfecto para ti. Este permiso te permite conducir motos de hasta 48 CV (35 kW).","robots":{"index":"noindex","follow":"follow","max-snippet":"max-snippet:-1","max-image-preview":"max-image-preview:large","max-video-preview":"max-video-preview:-1"},"og_locale":"es_ES","og_type":"article","og_title":"A2 F\u00fchrerschein","og_description":"Dann ist der A2 F\u00fchrerschein genau das Richtige f\u00fcr dich! Mit dieser Fahrerlaubnis sicherst du dir den Zugang zu Motorr\u00e4dern mit bis zu 48 PS (35 kW)","og_url":"https:\/\/reisepassfuhrer.com\/es\/product\/permiso-de-conducir-a2\/","og_site_name":"Reisepassfuhrer","og_image":[{"width":303,"height":166,"url":"http:\/\/reisepassfuhrer.com\/wp-content\/uploads\/2025\/08\/download-81.jpeg","type":"image\/jpeg"}],"twitter_card":"summary_large_image","twitter_misc":{"Tiempo de lectura":"2 minutos"},"schema":{"@context":"https:\/\/schema.org","@graph":[{"@type":"WebPage","@id":"https:\/\/reisepassfuhrer.com\/product\/a2-fuhrerschein\/","url":"https:\/\/reisepassfuhrer.com\/product\/a2-fuhrerschein\/","name":"Permiso de conducir A2 - Titular de pasaporte","isPartOf":{"@id":"https:\/\/reisepassfuhrer.com\/#website"},"primaryImageOfPage":{"@id":"https:\/\/reisepassfuhrer.com\/product\/a2-fuhrerschein\/#primaryimage"},"image":{"@id":"https:\/\/reisepassfuhrer.com\/product\/a2-fuhrerschein\/#primaryimage"},"thumbnailUrl":"https:\/\/reisepassfuhrer.com\/wp-content\/uploads\/2025\/08\/download-81.jpeg","datePublished":"2025-08-29T11:27:52+00:00","description":"Entonces, el permiso de conducci\u00f3n A2 es perfecto para ti. Este permiso te permite conducir motos de hasta 48 CV (35 kW).","breadcrumb":{"@id":"https:\/\/reisepassfuhrer.com\/product\/a2-fuhrerschein\/#breadcrumb"},"inLanguage":"es","potentialAction":[{"@type":"ReadAction","target":["https:\/\/reisepassfuhrer.com\/product\/a2-fuhrerschein\/"]}]},{"@type":"ImageObject","inLanguage":"es","@id":"https:\/\/reisepassfuhrer.com\/product\/a2-fuhrerschein\/#primaryimage","url":"https:\/\/reisepassfuhrer.com\/wp-content\/uploads\/2025\/08\/download-81.jpeg","contentUrl":"https:\/\/reisepassfuhrer.com\/wp-content\/uploads\/2025\/08\/download-81.jpeg","width":303,"height":166},{"@type":"BreadcrumbList","@id":"https:\/\/reisepassfuhrer.com\/product\/a2-fuhrerschein\/#breadcrumb","itemListElement":[{"@type":"ListItem","position":1,"name":"Home","item":"https:\/\/reisepassfuhrer.com\/"},{"@type":"ListItem","position":2,"name":"Shop","item":"https:\/\/reisepassfuhrer.com\/shop\/"},{"@type":"ListItem","position":3,"name":"A2 F\u00fchrerschein"}]},{"@type":"WebSite","@id":"https:\/\/reisepassfuhrer.com\/#website","url":"https:\/\/reisepassfuhrer.com\/","name":"Gu\u00eda del pasaporte","description":"Solicitar un pasaporte Berl\u00edn","publisher":{"@id":"https:\/\/reisepassfuhrer.com\/#organization"},"potentialAction":[{"@type":"SearchAction","target":{"@type":"EntryPoint","urlTemplate":"https:\/\/reisepassfuhrer.com\/?s={search_term_string}"},"query-input":{"@type":"PropertyValueSpecification","valueRequired":true,"valueName":"search_term_string"}}],"inLanguage":"es"},{"@type":"Organization","@id":"https:\/\/reisepassfuhrer.com\/#organization","name":"Gu\u00eda del pasaporte","url":"https:\/\/reisepassfuhrer.com\/","logo":{"@type":"ImageObject","inLanguage":"es","@id":"https:\/\/reisepassfuhrer.com\/#\/schema\/logo\/image\/","url":"https:\/\/reisepassfuhrer.com\/wp-content\/uploads\/2024\/03\/Reisepassfuhrer-logo.png","contentUrl":"https:\/\/reisepassfuhrer.com\/wp-content\/uploads\/2024\/03\/Reisepassfuhrer-logo.png","width":112,"height":112,"caption":"Reisepassfuhrer"},"image":{"@id":"https:\/\/reisepassfuhrer.com\/#\/schema\/logo\/image\/"}}]}},"_links":{"self":[{"href":"https:\/\/reisepassfuhrer.com\/es\/wp-json\/wp\/v2\/product\/3187","targetHints":{"allow":["GET"]}}],"collection":[{"href":"https:\/\/reisepassfuhrer.com\/es\/wp-json\/wp\/v2\/product"}],"about":[{"href":"https:\/\/reisepassfuhrer.com\/es\/wp-json\/wp\/v2\/types\/product"}],"replies":[{"embeddable":true,"href":"https:\/\/reisepassfuhrer.com\/es\/wp-json\/wp\/v2\/comments?post=3187"}],"wp:featuredmedia":[{"embeddable":true,"href":"https:\/\/reisepassfuhrer.com\/es\/wp-json\/wp\/v2\/media\/3188"}],"wp:attachment":[{"href":"https:\/\/reisepassfuhrer.com\/es\/wp-json\/wp\/v2\/media?parent=3187"}],"wp:term":[{"taxonomy":"product_brand","embeddable":true,"href":"https:\/\/reisepassfuhrer.com\/es\/wp-json\/wp\/v2\/product_brand?post=3187"},{"taxonomy":"product_cat","embeddable":true,"href":"https:\/\/reisepassfuhrer.com\/es\/wp-json\/wp\/v2\/product_cat?post=3187"},{"taxonomy":"product_tag","embeddable":true,"href":"https:\/\/reisepassfuhrer.com\/es\/wp-json\/wp\/v2\/product_tag?post=3187"}],"curies":[{"name":"wp","href":"https:\/\/api.w.org\/{rel}","templated":true}]}}