{"id":3199,"date":"2025-09-02T09:29:37","date_gmt":"2025-09-02T09:29:37","guid":{"rendered":"https:\/\/reisepassfuhrer.com\/?post_type=product&#038;p=3199"},"modified":"2025-09-02T09:29:38","modified_gmt":"2025-09-02T09:29:38","slug":"fuhrungszeugnis-kaufen","status":"publish","type":"product","link":"https:\/\/reisepassfuhrer.com\/es\/product\/comprar-un-permiso-de-conducir\/","title":{"rendered":"comprar certificado de buena conducta"},"content":{"rendered":"<p data-start=\"344\" data-end=\"668\">Necesita un <strong data-start=\"360\" data-end=\"379\">Certificado de buena conducta<\/strong> - y lo mejor de todo <strong data-start=\"400\" data-end=\"433\">inmediatamente y sin tr\u00e1mites administrativos<\/strong>? Con <strong data-start=\"439\" data-end=\"462\">Passportguide.com<\/strong> el proceso se convierte en un juego de ni\u00f1os Nuestra gu\u00eda digital le muestra <strong data-start=\"533\" data-end=\"556\">Paso a paso<\/strong>, c\u00f3mo solicitar c\u00f3modamente su certificado de buena conducta en l\u00ednea - <strong data-start=\"618\" data-end=\"667\">Legalmente conforme, r\u00e1pido e independiente de 100 %<\/strong>.<\/p>\n<p data-start=\"670\" data-end=\"885\">Tanto si es un <strong data-start=\"680\" data-end=\"693\">simple<\/strong>, <strong data-start=\"695\" data-end=\"710\">ampliado<\/strong> o un <strong data-start=\"720\" data-end=\"752\">Certificado europeo de buena conducta<\/strong> que necesita: Nuestra gu\u00eda cubre todas las variantes y est\u00e1 especialmente dise\u00f1ada para personas que quieren ahorrar tiempo, nervios y esfuerzo.<\/p>\n<h3 data-start=\"887\" data-end=\"908\">Sus ventajas:<\/h3>\n<ul data-start=\"909\" data-end=\"1235\">\n<li data-start=\"909\" data-end=\"983\">\n<p data-start=\"911\" data-end=\"983\"><strong data-start=\"911\" data-end=\"948\">Solicitar un certificado de buena conducta en l\u00ednea<\/strong> - sin tiempos de espera, sin autoridades<\/p>\n<\/li>\n<li data-start=\"984\" data-end=\"1046\">\n<p data-start=\"986\" data-end=\"1046\"><strong data-start=\"986\" data-end=\"1016\">Instrucciones sencillas en PDF<\/strong> - Tambi\u00e9n ideal para principiantes<\/p>\n<\/li>\n<li data-start=\"1047\" data-end=\"1111\">\n<p data-start=\"1049\" data-end=\"1111\"><strong data-start=\"1049\" data-end=\"1069\">Sin errores formales<\/strong> - le mostramos exactamente lo que necesita<\/p>\n<\/li>\n<li data-start=\"1112\" data-end=\"1187\">\n<p data-start=\"1114\" data-end=\"1187\"><strong data-start=\"1114\" data-end=\"1147\">Compatible con todo tipo de aplicaciones<\/strong> - Privado, profesional o para el extranjero<\/p>\n<\/li>\n<li data-start=\"1188\" data-end=\"1235\">\n<p data-start=\"1190\" data-end=\"1235\"><strong data-start=\"1190\" data-end=\"1233\">Precio transparente: s\u00f3lo 13 euros de pago \u00fanico<\/strong><\/p>\n<\/li>\n<\/ul>\n<p data-start=\"1237\" data-end=\"1457\"><strong data-start=\"1237\" data-end=\"1260\">Passportguide.com<\/strong> significa <strong data-start=\"1271\" data-end=\"1315\">Libertad digital para las aplicaciones oficiales<\/strong>. Tendr\u00e1 acceso a nuestro <strong data-start=\"1347\" data-end=\"1367\">sistema probado<\/strong>, con el que podr\u00e1 solicitar su certificado de buena conducta de forma correcta y segura en s\u00f3lo unos minutos.<\/p>","protected":false},"excerpt":{"rendered":"<p>Du brauchst ein F\u00fchrungszeugnis \u2013 und das am besten sofort und ohne Beh\u00f6rdeng\u00e4nge? Mit Reisepassfuhrer.com wird der Prozess zum Kinderspiel! Unsere digitale Anleitung zeigt dir Schritt f\u00fcr Schritt, wie du dein F\u00fchrungszeugnis ganz bequem online beantragst \u2013 rechtssicher, schnell und 100 % selbstst\u00e4ndig. Ob du ein einfaches, erweitertes oder ein europ\u00e4isches F\u00fchrungszeugnis ben\u00f6tigst: Unser Guide [&hellip;]<\/p>","protected":false},"featured_media":3201,"comment_status":"open","ping_status":"closed","template":"","meta":[],"product_brand":[],"product_cat":[44],"product_tag":[],"class_list":{"0":"post-3199","1":"product","2":"type-product","3":"status-publish","4":"has-post-thumbnail","6":"product_cat-uncategorized","8":"first","9":"instock","10":"shipping-taxable","11":"product-type-simple"},"yoast_head":"<!-- This site is optimized with the Yoast SEO Premium plugin v22.2 (Yoast SEO v26.2) - https:\/\/yoast.com\/wordpress\/plugins\/seo\/ -->\n<title>f\u00fchrungszeugnis kaufen - Reisepassfuhrer<\/title>\n<meta name=\"robots\" content=\"noindex, follow, max-snippet:-1, max-image-preview:large, max-video-preview:-1\" \/>\n<meta property=\"og:locale\" content=\"es_ES\" \/>\n<meta property=\"og:type\" content=\"article\" \/>\n<meta property=\"og:title\" content=\"f\u00fchrungszeugnis kaufen\" \/>\n<meta property=\"og:description\" content=\"Du brauchst ein F\u00fchrungszeugnis \u2013 und das am besten sofort und ohne Beh\u00f6rdeng\u00e4nge? Mit Reisepassfuhrer.com wird der Prozess zum Kinderspiel! Unsere digitale Anleitung zeigt dir Schritt f\u00fcr Schritt, wie du dein F\u00fchrungszeugnis ganz bequem online beantragst \u2013 rechtssicher, schnell und 100 % selbstst\u00e4ndig. Ob du ein einfaches, erweitertes oder ein europ\u00e4isches F\u00fchrungszeugnis ben\u00f6tigst: Unser Guide [&hellip;]\" \/>\n<meta property=\"og:url\" content=\"https:\/\/reisepassfuhrer.com\/es\/product\/comprar-un-permiso-de-conducir\/\" \/>\n<meta property=\"og:site_name\" content=\"Reisepassfuhrer\" \/>\n<meta property=\"article:modified_time\" content=\"2025-09-02T09:29:38+00:00\" \/>\n<meta property=\"og:image\" content=\"http:\/\/reisepassfuhrer.com\/wp-content\/uploads\/2025\/09\/download-89.jpeg\" \/>\n\t<meta property=\"og:image:width\" content=\"225\" \/>\n\t<meta property=\"og:image:height\" content=\"225\" \/>\n\t<meta property=\"og:image:type\" content=\"image\/jpeg\" \/>\n<meta name=\"twitter:card\" content=\"summary_large_image\" \/>\n<meta name=\"twitter:label1\" content=\"Tiempo de lectura\" \/>\n\t<meta name=\"twitter:data1\" content=\"1 minuto\" \/>\n<script type=\"application\/ld+json\" class=\"yoast-schema-graph\">{\"@context\":\"https:\/\/schema.org\",\"@graph\":[{\"@type\":\"WebPage\",\"@id\":\"https:\/\/reisepassfuhrer.com\/product\/fuhrungszeugnis-kaufen\/\",\"url\":\"https:\/\/reisepassfuhrer.com\/product\/fuhrungszeugnis-kaufen\/\",\"name\":\"f\u00fchrungszeugnis kaufen - Reisepassfuhrer\",\"isPartOf\":{\"@id\":\"https:\/\/reisepassfuhrer.com\/#website\"},\"primaryImageOfPage\":{\"@id\":\"https:\/\/reisepassfuhrer.com\/product\/fuhrungszeugnis-kaufen\/#primaryimage\"},\"image\":{\"@id\":\"https:\/\/reisepassfuhrer.com\/product\/fuhrungszeugnis-kaufen\/#primaryimage\"},\"thumbnailUrl\":\"https:\/\/reisepassfuhrer.com\/wp-content\/uploads\/2025\/09\/download-89.jpeg\",\"datePublished\":\"2025-09-02T09:29:37+00:00\",\"dateModified\":\"2025-09-02T09:29:38+00:00\",\"breadcrumb\":{\"@id\":\"https:\/\/reisepassfuhrer.com\/product\/fuhrungszeugnis-kaufen\/#breadcrumb\"},\"inLanguage\":\"es\",\"potentialAction\":[{\"@type\":\"ReadAction\",\"target\":[\"https:\/\/reisepassfuhrer.com\/product\/fuhrungszeugnis-kaufen\/\"]}]},{\"@type\":\"ImageObject\",\"inLanguage\":\"es\",\"@id\":\"https:\/\/reisepassfuhrer.com\/product\/fuhrungszeugnis-kaufen\/#primaryimage\",\"url\":\"https:\/\/reisepassfuhrer.com\/wp-content\/uploads\/2025\/09\/download-89.jpeg\",\"contentUrl\":\"https:\/\/reisepassfuhrer.com\/wp-content\/uploads\/2025\/09\/download-89.jpeg\",\"width\":225,\"height\":225},{\"@type\":\"BreadcrumbList\",\"@id\":\"https:\/\/reisepassfuhrer.com\/product\/fuhrungszeugnis-kaufen\/#breadcrumb\",\"itemListElement\":[{\"@type\":\"ListItem\",\"position\":1,\"name\":\"Home\",\"item\":\"https:\/\/reisepassfuhrer.com\/\"},{\"@type\":\"ListItem\",\"position\":2,\"name\":\"Shop\",\"item\":\"https:\/\/reisepassfuhrer.com\/shop\/\"},{\"@type\":\"ListItem\",\"position\":3,\"name\":\"f\u00fchrungszeugnis kaufen\"}]},{\"@type\":\"WebSite\",\"@id\":\"https:\/\/reisepassfuhrer.com\/#website\",\"url\":\"https:\/\/reisepassfuhrer.com\/\",\"name\":\"Reisepassfuhrer\",\"description\":\"Reisepass Beantragen Berlin\",\"publisher\":{\"@id\":\"https:\/\/reisepassfuhrer.com\/#organization\"},\"potentialAction\":[{\"@type\":\"SearchAction\",\"target\":{\"@type\":\"EntryPoint\",\"urlTemplate\":\"https:\/\/reisepassfuhrer.com\/?s={search_term_string}\"},\"query-input\":{\"@type\":\"PropertyValueSpecification\",\"valueRequired\":true,\"valueName\":\"search_term_string\"}}],\"inLanguage\":\"es\"},{\"@type\":\"Organization\",\"@id\":\"https:\/\/reisepassfuhrer.com\/#organization\",\"name\":\"Reisepassfuhrer\",\"url\":\"https:\/\/reisepassfuhrer.com\/\",\"logo\":{\"@type\":\"ImageObject\",\"inLanguage\":\"es\",\"@id\":\"https:\/\/reisepassfuhrer.com\/#\/schema\/logo\/image\/\",\"url\":\"https:\/\/reisepassfuhrer.com\/wp-content\/uploads\/2024\/03\/Reisepassfuhrer-logo.png\",\"contentUrl\":\"https:\/\/reisepassfuhrer.com\/wp-content\/uploads\/2024\/03\/Reisepassfuhrer-logo.png\",\"width\":112,\"height\":112,\"caption\":\"Reisepassfuhrer\"},\"image\":{\"@id\":\"https:\/\/reisepassfuhrer.com\/#\/schema\/logo\/image\/\"}}]}<\/script>\n<!-- \/ Yoast SEO Premium plugin. -->","yoast_head_json":{"title":"comprar permiso de conducir - pasaporte gu\u00eda","robots":{"index":"noindex","follow":"follow","max-snippet":"max-snippet:-1","max-image-preview":"max-image-preview:large","max-video-preview":"max-video-preview:-1"},"og_locale":"es_ES","og_type":"article","og_title":"f\u00fchrungszeugnis kaufen","og_description":"Du brauchst ein F\u00fchrungszeugnis \u2013 und das am besten sofort und ohne Beh\u00f6rdeng\u00e4nge? Mit Reisepassfuhrer.com wird der Prozess zum Kinderspiel! Unsere digitale Anleitung zeigt dir Schritt f\u00fcr Schritt, wie du dein F\u00fchrungszeugnis ganz bequem online beantragst \u2013 rechtssicher, schnell und 100 % selbstst\u00e4ndig. Ob du ein einfaches, erweitertes oder ein europ\u00e4isches F\u00fchrungszeugnis ben\u00f6tigst: Unser Guide [&hellip;]","og_url":"https:\/\/reisepassfuhrer.com\/es\/product\/comprar-un-permiso-de-conducir\/","og_site_name":"Reisepassfuhrer","article_modified_time":"2025-09-02T09:29:38+00:00","og_image":[{"width":225,"height":225,"url":"http:\/\/reisepassfuhrer.com\/wp-content\/uploads\/2025\/09\/download-89.jpeg","type":"image\/jpeg"}],"twitter_card":"summary_large_image","twitter_misc":{"Tiempo de lectura":"1 minuto"},"schema":{"@context":"https:\/\/schema.org","@graph":[{"@type":"WebPage","@id":"https:\/\/reisepassfuhrer.com\/product\/fuhrungszeugnis-kaufen\/","url":"https:\/\/reisepassfuhrer.com\/product\/fuhrungszeugnis-kaufen\/","name":"comprar permiso de conducir - pasaporte gu\u00eda","isPartOf":{"@id":"https:\/\/reisepassfuhrer.com\/#website"},"primaryImageOfPage":{"@id":"https:\/\/reisepassfuhrer.com\/product\/fuhrungszeugnis-kaufen\/#primaryimage"},"image":{"@id":"https:\/\/reisepassfuhrer.com\/product\/fuhrungszeugnis-kaufen\/#primaryimage"},"thumbnailUrl":"https:\/\/reisepassfuhrer.com\/wp-content\/uploads\/2025\/09\/download-89.jpeg","datePublished":"2025-09-02T09:29:37+00:00","dateModified":"2025-09-02T09:29:38+00:00","breadcrumb":{"@id":"https:\/\/reisepassfuhrer.com\/product\/fuhrungszeugnis-kaufen\/#breadcrumb"},"inLanguage":"es","potentialAction":[{"@type":"ReadAction","target":["https:\/\/reisepassfuhrer.com\/product\/fuhrungszeugnis-kaufen\/"]}]},{"@type":"ImageObject","inLanguage":"es","@id":"https:\/\/reisepassfuhrer.com\/product\/fuhrungszeugnis-kaufen\/#primaryimage","url":"https:\/\/reisepassfuhrer.com\/wp-content\/uploads\/2025\/09\/download-89.jpeg","contentUrl":"https:\/\/reisepassfuhrer.com\/wp-content\/uploads\/2025\/09\/download-89.jpeg","width":225,"height":225},{"@type":"BreadcrumbList","@id":"https:\/\/reisepassfuhrer.com\/product\/fuhrungszeugnis-kaufen\/#breadcrumb","itemListElement":[{"@type":"ListItem","position":1,"name":"Home","item":"https:\/\/reisepassfuhrer.com\/"},{"@type":"ListItem","position":2,"name":"Shop","item":"https:\/\/reisepassfuhrer.com\/shop\/"},{"@type":"ListItem","position":3,"name":"f\u00fchrungszeugnis kaufen"}]},{"@type":"WebSite","@id":"https:\/\/reisepassfuhrer.com\/#website","url":"https:\/\/reisepassfuhrer.com\/","name":"Gu\u00eda del pasaporte","description":"Solicitar un pasaporte Berl\u00edn","publisher":{"@id":"https:\/\/reisepassfuhrer.com\/#organization"},"potentialAction":[{"@type":"SearchAction","target":{"@type":"EntryPoint","urlTemplate":"https:\/\/reisepassfuhrer.com\/?s={search_term_string}"},"query-input":{"@type":"PropertyValueSpecification","valueRequired":true,"valueName":"search_term_string"}}],"inLanguage":"es"},{"@type":"Organization","@id":"https:\/\/reisepassfuhrer.com\/#organization","name":"Gu\u00eda del pasaporte","url":"https:\/\/reisepassfuhrer.com\/","logo":{"@type":"ImageObject","inLanguage":"es","@id":"https:\/\/reisepassfuhrer.com\/#\/schema\/logo\/image\/","url":"https:\/\/reisepassfuhrer.com\/wp-content\/uploads\/2024\/03\/Reisepassfuhrer-logo.png","contentUrl":"https:\/\/reisepassfuhrer.com\/wp-content\/uploads\/2024\/03\/Reisepassfuhrer-logo.png","width":112,"height":112,"caption":"Reisepassfuhrer"},"image":{"@id":"https:\/\/reisepassfuhrer.com\/#\/schema\/logo\/image\/"}}]}},"_links":{"self":[{"href":"https:\/\/reisepassfuhrer.com\/es\/wp-json\/wp\/v2\/product\/3199","targetHints":{"allow":["GET"]}}],"collection":[{"href":"https:\/\/reisepassfuhrer.com\/es\/wp-json\/wp\/v2\/product"}],"about":[{"href":"https:\/\/reisepassfuhrer.com\/es\/wp-json\/wp\/v2\/types\/product"}],"replies":[{"embeddable":true,"href":"https:\/\/reisepassfuhrer.com\/es\/wp-json\/wp\/v2\/comments?post=3199"}],"wp:featuredmedia":[{"embeddable":true,"href":"https:\/\/reisepassfuhrer.com\/es\/wp-json\/wp\/v2\/media\/3201"}],"wp:attachment":[{"href":"https:\/\/reisepassfuhrer.com\/es\/wp-json\/wp\/v2\/media?parent=3199"}],"wp:term":[{"taxonomy":"product_brand","embeddable":true,"href":"https:\/\/reisepassfuhrer.com\/es\/wp-json\/wp\/v2\/product_brand?post=3199"},{"taxonomy":"product_cat","embeddable":true,"href":"https:\/\/reisepassfuhrer.com\/es\/wp-json\/wp\/v2\/product_cat?post=3199"},{"taxonomy":"product_tag","embeddable":true,"href":"https:\/\/reisepassfuhrer.com\/es\/wp-json\/wp\/v2\/product_tag?post=3199"}],"curies":[{"name":"wp","href":"https:\/\/api.w.org\/{rel}","templated":true}]}}