{"id":3202,"date":"2025-09-02T09:32:43","date_gmt":"2025-09-02T09:32:43","guid":{"rendered":"https:\/\/reisepassfuhrer.com\/?post_type=product&#038;p=3202"},"modified":"2025-09-02T09:32:44","modified_gmt":"2025-09-02T09:32:44","slug":"fuhrerschein-ungarn","status":"publish","type":"product","link":"https:\/\/reisepassfuhrer.com\/es\/product\/permiso-de-conducir-hungria\/","title":{"rendered":"permiso de conducir hungria"},"content":{"rendered":"<h3 data-start=\"255\" data-end=\"311\">Validez de los permisos de conducci\u00f3n h\u00fangaros en Alemania<\/h3>\n<h4 data-start=\"313\" data-end=\"351\">1. reconocimiento en la UE<\/h4>\n<p data-start=\"352\" data-end=\"636\">Hungr\u00eda es miembro de la UE. Por tanto <strong data-start=\"395\" data-end=\"423\">Permiso de conducir h\u00fangaro<\/strong>, si se adquieren legalmente, se reconocen generalmente en Alemania, a saber <strong data-start=\"503\" data-end=\"529\">incluso sin parafrasear<\/strong>, siempre que siga siendo v\u00e1lida y no existan condiciones especiales.<\/p>\n<h4 data-start=\"638\" data-end=\"686\">2 \u00bfCu\u00e1ndo es necesaria una transferencia?<\/h4>\n<ul data-start=\"687\" data-end=\"1216\">\n<li data-start=\"687\" data-end=\"881\">\n<p data-start=\"689\" data-end=\"881\"><strong data-start=\"689\" data-end=\"722\">S\u00f3lo para documentos caducados<\/strong> o si reside permanentemente en Alemania, un <strong data-start=\"778\" data-end=\"801\">Reaplicaci\u00f3n<\/strong> a trav\u00e9s de la autoridad competente en materia de permisos de conducci\u00f3n .<\/p>\n<\/li>\n<li data-start=\"882\" data-end=\"1036\">\n<p data-start=\"884\" data-end=\"1036\">Los permisos de conducci\u00f3n h\u00fangaros m\u00e1s antiguos (anteriores a la norma de la tarjeta cheque de la UE) deben renovarse antes del <strong data-start=\"968\" data-end=\"976\">2033<\/strong> intercambiarse .<\/p>\n<\/li>\n<li data-start=\"1037\" data-end=\"1216\">\n<p data-start=\"1039\" data-end=\"1216\">Para <strong data-start=\"1043\" data-end=\"1081\">Permiso de conducir de las categor\u00edas C\/D (cami\u00f3n, autob\u00fas)<\/strong> aplica una <strong data-start=\"1092\" data-end=\"1133\">Periodo de validez de 5 a\u00f1os como m\u00e1ximo<\/strong> - a partir de entonces se requiere una pr\u00f3rroga.<\/p>\n<\/li>\n<\/ul>\n<h4 data-start=\"1218\" data-end=\"1269\">3. principio de residencia y permiso de conducci\u00f3n turismo<\/h4>\n<p data-start=\"1270\" data-end=\"1552\">Si el permiso de conducci\u00f3n <strong data-start=\"1293\" data-end=\"1336\">en violaci\u00f3n del principio de residencia<\/strong> se adquiri\u00f3 - es decir, usted ya resid\u00eda en Alemania - puede cuestionarse la validez. Sin embargo, si la situaci\u00f3n no est\u00e1 clara, normalmente se sigue aplicando el reconocimiento <span class=\"\" data-state=\"closed\"><span class=\"ms-1 inline-flex max-w-full items-center relative top-[-0.094rem] animate-[show_150ms_ease-in]\" data-testid=\"webpage-citation-pill\"><a class=\"flex h-4.5 overflow-hidden rounded-xl px-2 text-[9px] font-medium text-token-text-secondary! bg-[#F4F4F4]! dark:bg-[#303030]! transition-colors duration-150 ease-in-out\" href=\"https:\/\/ksv-polizeipraxis.de\/gueltigkeit-auslaendischer-fahrerlaubnisse-in-deutschland\/?utm_source=chatgpt.com\" target=\"_blank\" rel=\"noopener\"><span class=\"relative start-0 bottom-0 flex h-full w-full items-center\"><span class=\"flex h-4 w-full items-center justify-between overflow-hidden\"><span class=\"max-w-full grow truncate overflow-hidden text-center\">ksv-polizeipraxis.de<\/span><\/span><\/span><\/a><\/span><\/span><span class=\"\" data-state=\"closed\"><span class=\"ms-1 inline-flex max-w-full items-center relative top-[-0.094rem] animate-[show_150ms_ease-in]\" data-testid=\"webpage-citation-pill\"><a class=\"flex h-4.5 overflow-hidden rounded-xl px-2 text-[9px] font-medium text-token-text-secondary! bg-[#F4F4F4]! dark:bg-[#303030]! transition-colors duration-150 ease-in-out\" href=\"https:\/\/de.wikipedia.org\/wiki\/F%C3%BChrerscheintourismus?utm_source=chatgpt.com\" target=\"_blank\" rel=\"noopener\"><span class=\"relative start-0 bottom-0 flex h-full w-full items-center\"><span class=\"flex h-4 w-full items-center justify-between overflow-hidden\"><span class=\"max-w-full grow truncate overflow-hidden text-center\">Wikipedia<\/span><\/span><\/span><\/a><\/span><\/span>.<\/p>\n<h4 data-start=\"1554\" data-end=\"1605\">4. s\u00f3lo v\u00e1lido con un permiso de conducci\u00f3n v\u00e1lido<\/h4>\n<ul data-start=\"1606\" data-end=\"1927\">\n<li data-start=\"1606\" data-end=\"1721\">\n<p data-start=\"1608\" data-end=\"1721\"><strong data-start=\"1608\" data-end=\"1647\">Permiso de conducir provisional o de aprendizaje<\/strong> no son v\u00e1lidos en Alemania .<\/p>\n<\/li>\n<li data-start=\"1722\" data-end=\"1927\">\n<p data-start=\"1724\" data-end=\"1927\">El permiso de conducci\u00f3n internacional tambi\u00e9n es v\u00e1lido en la UE <strong data-start=\"1782\" data-end=\"1804\">no necesario<\/strong>. S\u00f3lo podr\u00e1 exigirse junto con el original para los permisos de conducci\u00f3n de terceros pa\u00edses<\/p>\n<\/li>\n<\/ul>","protected":false},"excerpt":{"rendered":"<p>G\u00fcltigkeit ungarischer F\u00fchrerscheine in Deutschland 1. Anerkennung innerhalb der EU Ungarn ist Mitglied der EU. Daher wird ein ungarischer F\u00fchrerschein, sofern rechtm\u00e4\u00dfig erworben, in Deutschland grunds\u00e4tzlich anerkannt \u2013 und zwar auch ohne Umschreibung, solange er noch g\u00fcltig ist und keine besonderen Auflagen vorliegen. 2. Wann ist ein Umschreiben erforderlich? Nur bei abgelaufenem Dokument oder wenn [&hellip;]<\/p>","protected":false},"featured_media":3204,"comment_status":"open","ping_status":"closed","template":"","meta":[],"product_brand":[],"product_cat":[44],"product_tag":[],"class_list":{"0":"post-3202","1":"product","2":"type-product","3":"status-publish","4":"has-post-thumbnail","6":"product_cat-uncategorized","8":"first","9":"instock","10":"shipping-taxable","11":"product-type-simple"},"yoast_head":"<!-- This site is optimized with the Yoast SEO Premium plugin v22.2 (Yoast SEO v26.2) - https:\/\/yoast.com\/wordpress\/plugins\/seo\/ -->\n<title>f\u00fchrerschein ungarn - Reisepassfuhrer<\/title>\n<meta name=\"robots\" content=\"noindex, follow, max-snippet:-1, max-image-preview:large, max-video-preview:-1\" \/>\n<meta property=\"og:locale\" content=\"es_ES\" \/>\n<meta property=\"og:type\" content=\"article\" \/>\n<meta property=\"og:title\" content=\"f\u00fchrerschein ungarn\" \/>\n<meta property=\"og:description\" content=\"G\u00fcltigkeit ungarischer F\u00fchrerscheine in Deutschland 1. Anerkennung innerhalb der EU Ungarn ist Mitglied der EU. Daher wird ein ungarischer F\u00fchrerschein, sofern rechtm\u00e4\u00dfig erworben, in Deutschland grunds\u00e4tzlich anerkannt \u2013 und zwar auch ohne Umschreibung, solange er noch g\u00fcltig ist und keine besonderen Auflagen vorliegen. 2. Wann ist ein Umschreiben erforderlich? Nur bei abgelaufenem Dokument oder wenn [&hellip;]\" \/>\n<meta property=\"og:url\" content=\"https:\/\/reisepassfuhrer.com\/es\/product\/permiso-de-conducir-hungria\/\" \/>\n<meta property=\"og:site_name\" content=\"Reisepassfuhrer\" \/>\n<meta property=\"article:modified_time\" content=\"2025-09-02T09:32:44+00:00\" \/>\n<meta property=\"og:image\" content=\"http:\/\/reisepassfuhrer.com\/wp-content\/uploads\/2025\/09\/download-90.jpeg\" \/>\n\t<meta property=\"og:image:width\" content=\"171\" \/>\n\t<meta property=\"og:image:height\" content=\"108\" \/>\n\t<meta property=\"og:image:type\" content=\"image\/jpeg\" \/>\n<meta name=\"twitter:card\" content=\"summary_large_image\" \/>\n<meta name=\"twitter:label1\" content=\"Tiempo de lectura\" \/>\n\t<meta name=\"twitter:data1\" content=\"1 minuto\" \/>\n<script type=\"application\/ld+json\" class=\"yoast-schema-graph\">{\"@context\":\"https:\/\/schema.org\",\"@graph\":[{\"@type\":\"WebPage\",\"@id\":\"https:\/\/reisepassfuhrer.com\/product\/fuhrerschein-ungarn\/\",\"url\":\"https:\/\/reisepassfuhrer.com\/product\/fuhrerschein-ungarn\/\",\"name\":\"f\u00fchrerschein ungarn - Reisepassfuhrer\",\"isPartOf\":{\"@id\":\"https:\/\/reisepassfuhrer.com\/#website\"},\"primaryImageOfPage\":{\"@id\":\"https:\/\/reisepassfuhrer.com\/product\/fuhrerschein-ungarn\/#primaryimage\"},\"image\":{\"@id\":\"https:\/\/reisepassfuhrer.com\/product\/fuhrerschein-ungarn\/#primaryimage\"},\"thumbnailUrl\":\"https:\/\/reisepassfuhrer.com\/wp-content\/uploads\/2025\/09\/download-90.jpeg\",\"datePublished\":\"2025-09-02T09:32:43+00:00\",\"dateModified\":\"2025-09-02T09:32:44+00:00\",\"breadcrumb\":{\"@id\":\"https:\/\/reisepassfuhrer.com\/product\/fuhrerschein-ungarn\/#breadcrumb\"},\"inLanguage\":\"es\",\"potentialAction\":[{\"@type\":\"ReadAction\",\"target\":[\"https:\/\/reisepassfuhrer.com\/product\/fuhrerschein-ungarn\/\"]}]},{\"@type\":\"ImageObject\",\"inLanguage\":\"es\",\"@id\":\"https:\/\/reisepassfuhrer.com\/product\/fuhrerschein-ungarn\/#primaryimage\",\"url\":\"https:\/\/reisepassfuhrer.com\/wp-content\/uploads\/2025\/09\/download-90.jpeg\",\"contentUrl\":\"https:\/\/reisepassfuhrer.com\/wp-content\/uploads\/2025\/09\/download-90.jpeg\",\"width\":171,\"height\":108},{\"@type\":\"BreadcrumbList\",\"@id\":\"https:\/\/reisepassfuhrer.com\/product\/fuhrerschein-ungarn\/#breadcrumb\",\"itemListElement\":[{\"@type\":\"ListItem\",\"position\":1,\"name\":\"Home\",\"item\":\"https:\/\/reisepassfuhrer.com\/\"},{\"@type\":\"ListItem\",\"position\":2,\"name\":\"Shop\",\"item\":\"https:\/\/reisepassfuhrer.com\/shop\/\"},{\"@type\":\"ListItem\",\"position\":3,\"name\":\"f\u00fchrerschein ungarn\"}]},{\"@type\":\"WebSite\",\"@id\":\"https:\/\/reisepassfuhrer.com\/#website\",\"url\":\"https:\/\/reisepassfuhrer.com\/\",\"name\":\"Reisepassfuhrer\",\"description\":\"Reisepass Beantragen Berlin\",\"publisher\":{\"@id\":\"https:\/\/reisepassfuhrer.com\/#organization\"},\"potentialAction\":[{\"@type\":\"SearchAction\",\"target\":{\"@type\":\"EntryPoint\",\"urlTemplate\":\"https:\/\/reisepassfuhrer.com\/?s={search_term_string}\"},\"query-input\":{\"@type\":\"PropertyValueSpecification\",\"valueRequired\":true,\"valueName\":\"search_term_string\"}}],\"inLanguage\":\"es\"},{\"@type\":\"Organization\",\"@id\":\"https:\/\/reisepassfuhrer.com\/#organization\",\"name\":\"Reisepassfuhrer\",\"url\":\"https:\/\/reisepassfuhrer.com\/\",\"logo\":{\"@type\":\"ImageObject\",\"inLanguage\":\"es\",\"@id\":\"https:\/\/reisepassfuhrer.com\/#\/schema\/logo\/image\/\",\"url\":\"https:\/\/reisepassfuhrer.com\/wp-content\/uploads\/2024\/03\/Reisepassfuhrer-logo.png\",\"contentUrl\":\"https:\/\/reisepassfuhrer.com\/wp-content\/uploads\/2024\/03\/Reisepassfuhrer-logo.png\",\"width\":112,\"height\":112,\"caption\":\"Reisepassfuhrer\"},\"image\":{\"@id\":\"https:\/\/reisepassfuhrer.com\/#\/schema\/logo\/image\/\"}}]}<\/script>\n<!-- \/ Yoast SEO Premium plugin. -->","yoast_head_json":{"title":"permiso de conducir hungr\u00eda - gu\u00eda del pasaporte","robots":{"index":"noindex","follow":"follow","max-snippet":"max-snippet:-1","max-image-preview":"max-image-preview:large","max-video-preview":"max-video-preview:-1"},"og_locale":"es_ES","og_type":"article","og_title":"f\u00fchrerschein ungarn","og_description":"G\u00fcltigkeit ungarischer F\u00fchrerscheine in Deutschland 1. Anerkennung innerhalb der EU Ungarn ist Mitglied der EU. Daher wird ein ungarischer F\u00fchrerschein, sofern rechtm\u00e4\u00dfig erworben, in Deutschland grunds\u00e4tzlich anerkannt \u2013 und zwar auch ohne Umschreibung, solange er noch g\u00fcltig ist und keine besonderen Auflagen vorliegen. 2. Wann ist ein Umschreiben erforderlich? Nur bei abgelaufenem Dokument oder wenn [&hellip;]","og_url":"https:\/\/reisepassfuhrer.com\/es\/product\/permiso-de-conducir-hungria\/","og_site_name":"Reisepassfuhrer","article_modified_time":"2025-09-02T09:32:44+00:00","og_image":[{"width":171,"height":108,"url":"http:\/\/reisepassfuhrer.com\/wp-content\/uploads\/2025\/09\/download-90.jpeg","type":"image\/jpeg"}],"twitter_card":"summary_large_image","twitter_misc":{"Tiempo de lectura":"1 minuto"},"schema":{"@context":"https:\/\/schema.org","@graph":[{"@type":"WebPage","@id":"https:\/\/reisepassfuhrer.com\/product\/fuhrerschein-ungarn\/","url":"https:\/\/reisepassfuhrer.com\/product\/fuhrerschein-ungarn\/","name":"permiso de conducir hungr\u00eda - gu\u00eda del pasaporte","isPartOf":{"@id":"https:\/\/reisepassfuhrer.com\/#website"},"primaryImageOfPage":{"@id":"https:\/\/reisepassfuhrer.com\/product\/fuhrerschein-ungarn\/#primaryimage"},"image":{"@id":"https:\/\/reisepassfuhrer.com\/product\/fuhrerschein-ungarn\/#primaryimage"},"thumbnailUrl":"https:\/\/reisepassfuhrer.com\/wp-content\/uploads\/2025\/09\/download-90.jpeg","datePublished":"2025-09-02T09:32:43+00:00","dateModified":"2025-09-02T09:32:44+00:00","breadcrumb":{"@id":"https:\/\/reisepassfuhrer.com\/product\/fuhrerschein-ungarn\/#breadcrumb"},"inLanguage":"es","potentialAction":[{"@type":"ReadAction","target":["https:\/\/reisepassfuhrer.com\/product\/fuhrerschein-ungarn\/"]}]},{"@type":"ImageObject","inLanguage":"es","@id":"https:\/\/reisepassfuhrer.com\/product\/fuhrerschein-ungarn\/#primaryimage","url":"https:\/\/reisepassfuhrer.com\/wp-content\/uploads\/2025\/09\/download-90.jpeg","contentUrl":"https:\/\/reisepassfuhrer.com\/wp-content\/uploads\/2025\/09\/download-90.jpeg","width":171,"height":108},{"@type":"BreadcrumbList","@id":"https:\/\/reisepassfuhrer.com\/product\/fuhrerschein-ungarn\/#breadcrumb","itemListElement":[{"@type":"ListItem","position":1,"name":"Home","item":"https:\/\/reisepassfuhrer.com\/"},{"@type":"ListItem","position":2,"name":"Shop","item":"https:\/\/reisepassfuhrer.com\/shop\/"},{"@type":"ListItem","position":3,"name":"f\u00fchrerschein ungarn"}]},{"@type":"WebSite","@id":"https:\/\/reisepassfuhrer.com\/#website","url":"https:\/\/reisepassfuhrer.com\/","name":"Gu\u00eda del pasaporte","description":"Solicitar un pasaporte Berl\u00edn","publisher":{"@id":"https:\/\/reisepassfuhrer.com\/#organization"},"potentialAction":[{"@type":"SearchAction","target":{"@type":"EntryPoint","urlTemplate":"https:\/\/reisepassfuhrer.com\/?s={search_term_string}"},"query-input":{"@type":"PropertyValueSpecification","valueRequired":true,"valueName":"search_term_string"}}],"inLanguage":"es"},{"@type":"Organization","@id":"https:\/\/reisepassfuhrer.com\/#organization","name":"Gu\u00eda del pasaporte","url":"https:\/\/reisepassfuhrer.com\/","logo":{"@type":"ImageObject","inLanguage":"es","@id":"https:\/\/reisepassfuhrer.com\/#\/schema\/logo\/image\/","url":"https:\/\/reisepassfuhrer.com\/wp-content\/uploads\/2024\/03\/Reisepassfuhrer-logo.png","contentUrl":"https:\/\/reisepassfuhrer.com\/wp-content\/uploads\/2024\/03\/Reisepassfuhrer-logo.png","width":112,"height":112,"caption":"Reisepassfuhrer"},"image":{"@id":"https:\/\/reisepassfuhrer.com\/#\/schema\/logo\/image\/"}}]}},"_links":{"self":[{"href":"https:\/\/reisepassfuhrer.com\/es\/wp-json\/wp\/v2\/product\/3202","targetHints":{"allow":["GET"]}}],"collection":[{"href":"https:\/\/reisepassfuhrer.com\/es\/wp-json\/wp\/v2\/product"}],"about":[{"href":"https:\/\/reisepassfuhrer.com\/es\/wp-json\/wp\/v2\/types\/product"}],"replies":[{"embeddable":true,"href":"https:\/\/reisepassfuhrer.com\/es\/wp-json\/wp\/v2\/comments?post=3202"}],"wp:featuredmedia":[{"embeddable":true,"href":"https:\/\/reisepassfuhrer.com\/es\/wp-json\/wp\/v2\/media\/3204"}],"wp:attachment":[{"href":"https:\/\/reisepassfuhrer.com\/es\/wp-json\/wp\/v2\/media?parent=3202"}],"wp:term":[{"taxonomy":"product_brand","embeddable":true,"href":"https:\/\/reisepassfuhrer.com\/es\/wp-json\/wp\/v2\/product_brand?post=3202"},{"taxonomy":"product_cat","embeddable":true,"href":"https:\/\/reisepassfuhrer.com\/es\/wp-json\/wp\/v2\/product_cat?post=3202"},{"taxonomy":"product_tag","embeddable":true,"href":"https:\/\/reisepassfuhrer.com\/es\/wp-json\/wp\/v2\/product_tag?post=3202"}],"curies":[{"name":"wp","href":"https:\/\/api.w.org\/{rel}","templated":true}]}}