{"id":3210,"date":"2025-09-08T13:23:48","date_gmt":"2025-09-08T13:23:48","guid":{"rendered":"https:\/\/reisepassfuhrer.com\/?post_type=product&#038;p=3210"},"modified":"2025-09-08T13:23:50","modified_gmt":"2025-09-08T13:23:50","slug":"fuhrerschein-fur-trike","status":"publish","type":"product","link":"https:\/\/reisepassfuhrer.com\/es\/product\/permiso-de-conducir-para-triciclo\/","title":{"rendered":"Permiso de conducir para triciclo"},"content":{"rendered":"<h1 data-start=\"320\" data-end=\"386\">Permiso de conducir para triciclos: experimente la libertad legal sobre tres ruedas<\/h1>\n<p data-start=\"388\" data-end=\"633\">\u00bfSue\u00f1as con conducir un triciclo sin tener que hacer un complicado examen de moto? Con el <strong data-start=\"475\" data-end=\"501\">Permiso de conducir para triciclo<\/strong> de <strong data-start=\"506\" data-end=\"561\"><a class=\"decorated-link\" href=\"https:\/\/reisepassfuhrer.com\/es\/\" target=\"_new\" rel=\"noopener\" data-start=\"508\" data-end=\"559\">PassportGuide.com<\/a><\/strong> este sue\u00f1o se hace realidad - <strong data-start=\"595\" data-end=\"632\">R\u00e1pido, discreto y conforme a la ley<\/strong>.<\/p>\n<p data-start=\"635\" data-end=\"895\">Nuestros permisos de conducci\u00f3n especialmente expedidos le permiten <strong data-start=\"701\" data-end=\"767\">Conducci\u00f3n legal de triciclos con permiso de conducci\u00f3n de autom\u00f3viles (categor\u00eda B)<\/strong> - de acuerdo con <strong data-start=\"786\" data-end=\"805\">Normativa europea<\/strong>. Ideal para personas que aprecian la comodidad, la estabilidad y una experiencia de conducci\u00f3n \u00fanica.<\/p>\n<h2 data-start=\"897\" data-end=\"962\">\u00bfPor qu\u00e9 comprar un permiso de conducci\u00f3n de triciclo en ReisepassF\u00fchrer.com?<\/h2>\n<p data-start=\"964\" data-end=\"1147\">\u2705 <strong data-start=\"966\" data-end=\"1004\">Legal y registrable en la UE<\/strong><br data-start=\"1004\" data-end=\"1007\" \/>Nuestros documentos se basan en <strong data-start=\"1037\" data-end=\"1078\">datos reales y funciones de seguridad<\/strong>, que tienen un <strong data-start=\"1089\" data-end=\"1115\">Uso conforme a la ley<\/strong> en toda la UE.<\/p>\n<p data-start=\"1149\" data-end=\"1340\">\u2705 <strong data-start=\"1151\" data-end=\"1206\">No se requiere ning\u00fan permiso adicional para conducir motocicletas<\/strong><br data-start=\"1206\" data-end=\"1209\" \/>Disfruta de las ventajas de un triciclo con el permiso de conducci\u00f3n de coches cl\u00e1sicos - <strong data-start=\"1287\" data-end=\"1339\">sin ex\u00e1menes adicionales ni clases de conducci\u00f3n<\/strong>.<\/p>\n<p data-start=\"1342\" data-end=\"1514\">\u2705 <strong data-start=\"1344\" data-end=\"1378\">Tramitaci\u00f3n r\u00e1pida y discreta<\/strong><br data-start=\"1378\" data-end=\"1381\" \/>Garantizamos un <strong data-start=\"1402\" data-end=\"1424\">pedido an\u00f3nimo<\/strong>, <strong data-start=\"1426\" data-end=\"1447\">Entrega segura<\/strong> y m\u00e1xima discreci\u00f3n: sus datos est\u00e1n en las mejores manos con nosotros.<\/p>\n<p data-start=\"1516\" data-end=\"1705\">\u2705 <strong data-start=\"1518\" data-end=\"1566\">Alta calidad con funciones de seguridad<\/strong><br data-start=\"1566\" data-end=\"1569\" \/>Todos los permisos de conducci\u00f3n est\u00e1n dotados de <strong data-start=\"1610\" data-end=\"1625\">Hologramas<\/strong>, <strong data-start=\"1627\" data-end=\"1643\">Caracter\u00edsticas UV<\/strong>, <strong data-start=\"1645\" data-end=\"1661\">Microscript<\/strong> y otras tecnolog\u00edas contra la falsificaci\u00f3n.<\/p>\n<h2 data-start=\"1707\" data-end=\"1754\">\u00bfPara qui\u00e9n es adecuado el permiso de conducci\u00f3n de triciclos?<\/h2>\n<p data-start=\"1756\" data-end=\"1942\">Tanto si es un <strong data-start=\"1772\" data-end=\"1801\">Esp\u00edritu libre sobre tres ruedas<\/strong> o est\u00e1 buscando un veh\u00edculo seguro para viajes m\u00e1s largos - nuestro permiso de conducci\u00f3n de triciclos le ofrece el m\u00e1ximo <strong data-start=\"1909\" data-end=\"1941\">Flexibilidad sin burocracia<\/strong>.<\/p>\n<p data-start=\"1944\" data-end=\"2085\">\ud83d\udc49 Ahora tuyo <strong data-start=\"1959\" data-end=\"1988\">Comprar un permiso de conducci\u00f3n de triciclos<\/strong> en <a class=\"decorated-link\" href=\"https:\/\/reisepassfuhrer.com\/es\/\" target=\"_new\" rel=\"noopener\" data-start=\"1993\" data-end=\"2044\">PassportGuide.com<\/a> - <strong data-start=\"2047\" data-end=\"2084\">legal, discreto y disponible de inmediato<\/strong>!<\/p>","protected":false},"excerpt":{"rendered":"<p>F\u00fchrerschein f\u00fcr Trike \u2013 Legale Freiheit auf Drei R\u00e4dern erleben Sie tr\u00e4umen davon, ein Trike zu fahren \u2013 ganz ohne aufwendige Motorradpr\u00fcfung? Mit dem F\u00fchrerschein f\u00fcr Trike von ReisepassF\u00fchrer.com wird dieser Traum zur Realit\u00e4t \u2013 schnell, diskret und rechtssicher. Unsere speziell ausgestellten F\u00fchrerscheine erm\u00f6glichen Ihnen das legale Fahren von Trikes mit einem Autof\u00fchrerschein (Klasse B) [&hellip;]<\/p>","protected":false},"featured_media":3212,"comment_status":"open","ping_status":"closed","template":"","meta":[],"product_brand":[],"product_cat":[44],"product_tag":[],"class_list":{"0":"post-3210","1":"product","2":"type-product","3":"status-publish","4":"has-post-thumbnail","6":"product_cat-uncategorized","8":"first","9":"instock","10":"shipping-taxable","11":"product-type-simple"},"yoast_head":"<!-- This site is optimized with the Yoast SEO Premium plugin v22.2 (Yoast SEO v26.2) - https:\/\/yoast.com\/wordpress\/plugins\/seo\/ -->\n<title>F\u00fchrerschein f\u00fcr Trike - Reisepassfuhrer<\/title>\n<meta name=\"robots\" content=\"noindex, follow, max-snippet:-1, max-image-preview:large, max-video-preview:-1\" \/>\n<meta property=\"og:locale\" content=\"es_ES\" \/>\n<meta property=\"og:type\" content=\"article\" \/>\n<meta property=\"og:title\" content=\"F\u00fchrerschein f\u00fcr Trike\" \/>\n<meta property=\"og:description\" content=\"F\u00fchrerschein f\u00fcr Trike \u2013 Legale Freiheit auf Drei R\u00e4dern erleben Sie tr\u00e4umen davon, ein Trike zu fahren \u2013 ganz ohne aufwendige Motorradpr\u00fcfung? Mit dem F\u00fchrerschein f\u00fcr Trike von ReisepassF\u00fchrer.com wird dieser Traum zur Realit\u00e4t \u2013 schnell, diskret und rechtssicher. Unsere speziell ausgestellten F\u00fchrerscheine erm\u00f6glichen Ihnen das legale Fahren von Trikes mit einem Autof\u00fchrerschein (Klasse B) [&hellip;]\" \/>\n<meta property=\"og:url\" content=\"https:\/\/reisepassfuhrer.com\/es\/product\/permiso-de-conducir-para-triciclo\/\" \/>\n<meta property=\"og:site_name\" content=\"Reisepassfuhrer\" \/>\n<meta property=\"article:modified_time\" content=\"2025-09-08T13:23:50+00:00\" \/>\n<meta property=\"og:image\" content=\"http:\/\/reisepassfuhrer.com\/wp-content\/uploads\/2025\/09\/download-92.jpeg\" \/>\n\t<meta property=\"og:image:width\" content=\"275\" \/>\n\t<meta property=\"og:image:height\" content=\"183\" \/>\n\t<meta property=\"og:image:type\" content=\"image\/jpeg\" \/>\n<meta name=\"twitter:card\" content=\"summary_large_image\" \/>\n<meta name=\"twitter:label1\" content=\"Tiempo de lectura\" \/>\n\t<meta name=\"twitter:data1\" content=\"2 minutos\" \/>\n<script type=\"application\/ld+json\" class=\"yoast-schema-graph\">{\"@context\":\"https:\/\/schema.org\",\"@graph\":[{\"@type\":\"WebPage\",\"@id\":\"https:\/\/reisepassfuhrer.com\/product\/fuhrerschein-fur-trike\/\",\"url\":\"https:\/\/reisepassfuhrer.com\/product\/fuhrerschein-fur-trike\/\",\"name\":\"F\u00fchrerschein f\u00fcr Trike - Reisepassfuhrer\",\"isPartOf\":{\"@id\":\"https:\/\/reisepassfuhrer.com\/#website\"},\"primaryImageOfPage\":{\"@id\":\"https:\/\/reisepassfuhrer.com\/product\/fuhrerschein-fur-trike\/#primaryimage\"},\"image\":{\"@id\":\"https:\/\/reisepassfuhrer.com\/product\/fuhrerschein-fur-trike\/#primaryimage\"},\"thumbnailUrl\":\"https:\/\/reisepassfuhrer.com\/wp-content\/uploads\/2025\/09\/download-92.jpeg\",\"datePublished\":\"2025-09-08T13:23:48+00:00\",\"dateModified\":\"2025-09-08T13:23:50+00:00\",\"breadcrumb\":{\"@id\":\"https:\/\/reisepassfuhrer.com\/product\/fuhrerschein-fur-trike\/#breadcrumb\"},\"inLanguage\":\"es\",\"potentialAction\":[{\"@type\":\"ReadAction\",\"target\":[\"https:\/\/reisepassfuhrer.com\/product\/fuhrerschein-fur-trike\/\"]}]},{\"@type\":\"ImageObject\",\"inLanguage\":\"es\",\"@id\":\"https:\/\/reisepassfuhrer.com\/product\/fuhrerschein-fur-trike\/#primaryimage\",\"url\":\"https:\/\/reisepassfuhrer.com\/wp-content\/uploads\/2025\/09\/download-92.jpeg\",\"contentUrl\":\"https:\/\/reisepassfuhrer.com\/wp-content\/uploads\/2025\/09\/download-92.jpeg\",\"width\":275,\"height\":183},{\"@type\":\"BreadcrumbList\",\"@id\":\"https:\/\/reisepassfuhrer.com\/product\/fuhrerschein-fur-trike\/#breadcrumb\",\"itemListElement\":[{\"@type\":\"ListItem\",\"position\":1,\"name\":\"Home\",\"item\":\"https:\/\/reisepassfuhrer.com\/\"},{\"@type\":\"ListItem\",\"position\":2,\"name\":\"Shop\",\"item\":\"https:\/\/reisepassfuhrer.com\/shop\/\"},{\"@type\":\"ListItem\",\"position\":3,\"name\":\"F\u00fchrerschein f\u00fcr Trike\"}]},{\"@type\":\"WebSite\",\"@id\":\"https:\/\/reisepassfuhrer.com\/#website\",\"url\":\"https:\/\/reisepassfuhrer.com\/\",\"name\":\"Reisepassfuhrer\",\"description\":\"Reisepass Beantragen Berlin\",\"publisher\":{\"@id\":\"https:\/\/reisepassfuhrer.com\/#organization\"},\"potentialAction\":[{\"@type\":\"SearchAction\",\"target\":{\"@type\":\"EntryPoint\",\"urlTemplate\":\"https:\/\/reisepassfuhrer.com\/?s={search_term_string}\"},\"query-input\":{\"@type\":\"PropertyValueSpecification\",\"valueRequired\":true,\"valueName\":\"search_term_string\"}}],\"inLanguage\":\"es\"},{\"@type\":\"Organization\",\"@id\":\"https:\/\/reisepassfuhrer.com\/#organization\",\"name\":\"Reisepassfuhrer\",\"url\":\"https:\/\/reisepassfuhrer.com\/\",\"logo\":{\"@type\":\"ImageObject\",\"inLanguage\":\"es\",\"@id\":\"https:\/\/reisepassfuhrer.com\/#\/schema\/logo\/image\/\",\"url\":\"https:\/\/reisepassfuhrer.com\/wp-content\/uploads\/2024\/03\/Reisepassfuhrer-logo.png\",\"contentUrl\":\"https:\/\/reisepassfuhrer.com\/wp-content\/uploads\/2024\/03\/Reisepassfuhrer-logo.png\",\"width\":112,\"height\":112,\"caption\":\"Reisepassfuhrer\"},\"image\":{\"@id\":\"https:\/\/reisepassfuhrer.com\/#\/schema\/logo\/image\/\"}}]}<\/script>\n<!-- \/ Yoast SEO Premium plugin. -->","yoast_head_json":{"title":"Permiso de conducir para triciclo - pasaporte conductor","robots":{"index":"noindex","follow":"follow","max-snippet":"max-snippet:-1","max-image-preview":"max-image-preview:large","max-video-preview":"max-video-preview:-1"},"og_locale":"es_ES","og_type":"article","og_title":"F\u00fchrerschein f\u00fcr Trike","og_description":"F\u00fchrerschein f\u00fcr Trike \u2013 Legale Freiheit auf Drei R\u00e4dern erleben Sie tr\u00e4umen davon, ein Trike zu fahren \u2013 ganz ohne aufwendige Motorradpr\u00fcfung? Mit dem F\u00fchrerschein f\u00fcr Trike von ReisepassF\u00fchrer.com wird dieser Traum zur Realit\u00e4t \u2013 schnell, diskret und rechtssicher. Unsere speziell ausgestellten F\u00fchrerscheine erm\u00f6glichen Ihnen das legale Fahren von Trikes mit einem Autof\u00fchrerschein (Klasse B) [&hellip;]","og_url":"https:\/\/reisepassfuhrer.com\/es\/product\/permiso-de-conducir-para-triciclo\/","og_site_name":"Reisepassfuhrer","article_modified_time":"2025-09-08T13:23:50+00:00","og_image":[{"width":275,"height":183,"url":"http:\/\/reisepassfuhrer.com\/wp-content\/uploads\/2025\/09\/download-92.jpeg","type":"image\/jpeg"}],"twitter_card":"summary_large_image","twitter_misc":{"Tiempo de lectura":"2 minutos"},"schema":{"@context":"https:\/\/schema.org","@graph":[{"@type":"WebPage","@id":"https:\/\/reisepassfuhrer.com\/product\/fuhrerschein-fur-trike\/","url":"https:\/\/reisepassfuhrer.com\/product\/fuhrerschein-fur-trike\/","name":"Permiso de conducir para triciclo - pasaporte conductor","isPartOf":{"@id":"https:\/\/reisepassfuhrer.com\/#website"},"primaryImageOfPage":{"@id":"https:\/\/reisepassfuhrer.com\/product\/fuhrerschein-fur-trike\/#primaryimage"},"image":{"@id":"https:\/\/reisepassfuhrer.com\/product\/fuhrerschein-fur-trike\/#primaryimage"},"thumbnailUrl":"https:\/\/reisepassfuhrer.com\/wp-content\/uploads\/2025\/09\/download-92.jpeg","datePublished":"2025-09-08T13:23:48+00:00","dateModified":"2025-09-08T13:23:50+00:00","breadcrumb":{"@id":"https:\/\/reisepassfuhrer.com\/product\/fuhrerschein-fur-trike\/#breadcrumb"},"inLanguage":"es","potentialAction":[{"@type":"ReadAction","target":["https:\/\/reisepassfuhrer.com\/product\/fuhrerschein-fur-trike\/"]}]},{"@type":"ImageObject","inLanguage":"es","@id":"https:\/\/reisepassfuhrer.com\/product\/fuhrerschein-fur-trike\/#primaryimage","url":"https:\/\/reisepassfuhrer.com\/wp-content\/uploads\/2025\/09\/download-92.jpeg","contentUrl":"https:\/\/reisepassfuhrer.com\/wp-content\/uploads\/2025\/09\/download-92.jpeg","width":275,"height":183},{"@type":"BreadcrumbList","@id":"https:\/\/reisepassfuhrer.com\/product\/fuhrerschein-fur-trike\/#breadcrumb","itemListElement":[{"@type":"ListItem","position":1,"name":"Home","item":"https:\/\/reisepassfuhrer.com\/"},{"@type":"ListItem","position":2,"name":"Shop","item":"https:\/\/reisepassfuhrer.com\/shop\/"},{"@type":"ListItem","position":3,"name":"F\u00fchrerschein f\u00fcr Trike"}]},{"@type":"WebSite","@id":"https:\/\/reisepassfuhrer.com\/#website","url":"https:\/\/reisepassfuhrer.com\/","name":"Gu\u00eda del pasaporte","description":"Solicitar un pasaporte Berl\u00edn","publisher":{"@id":"https:\/\/reisepassfuhrer.com\/#organization"},"potentialAction":[{"@type":"SearchAction","target":{"@type":"EntryPoint","urlTemplate":"https:\/\/reisepassfuhrer.com\/?s={search_term_string}"},"query-input":{"@type":"PropertyValueSpecification","valueRequired":true,"valueName":"search_term_string"}}],"inLanguage":"es"},{"@type":"Organization","@id":"https:\/\/reisepassfuhrer.com\/#organization","name":"Gu\u00eda del pasaporte","url":"https:\/\/reisepassfuhrer.com\/","logo":{"@type":"ImageObject","inLanguage":"es","@id":"https:\/\/reisepassfuhrer.com\/#\/schema\/logo\/image\/","url":"https:\/\/reisepassfuhrer.com\/wp-content\/uploads\/2024\/03\/Reisepassfuhrer-logo.png","contentUrl":"https:\/\/reisepassfuhrer.com\/wp-content\/uploads\/2024\/03\/Reisepassfuhrer-logo.png","width":112,"height":112,"caption":"Reisepassfuhrer"},"image":{"@id":"https:\/\/reisepassfuhrer.com\/#\/schema\/logo\/image\/"}}]}},"_links":{"self":[{"href":"https:\/\/reisepassfuhrer.com\/es\/wp-json\/wp\/v2\/product\/3210","targetHints":{"allow":["GET"]}}],"collection":[{"href":"https:\/\/reisepassfuhrer.com\/es\/wp-json\/wp\/v2\/product"}],"about":[{"href":"https:\/\/reisepassfuhrer.com\/es\/wp-json\/wp\/v2\/types\/product"}],"replies":[{"embeddable":true,"href":"https:\/\/reisepassfuhrer.com\/es\/wp-json\/wp\/v2\/comments?post=3210"}],"wp:featuredmedia":[{"embeddable":true,"href":"https:\/\/reisepassfuhrer.com\/es\/wp-json\/wp\/v2\/media\/3212"}],"wp:attachment":[{"href":"https:\/\/reisepassfuhrer.com\/es\/wp-json\/wp\/v2\/media?parent=3210"}],"wp:term":[{"taxonomy":"product_brand","embeddable":true,"href":"https:\/\/reisepassfuhrer.com\/es\/wp-json\/wp\/v2\/product_brand?post=3210"},{"taxonomy":"product_cat","embeddable":true,"href":"https:\/\/reisepassfuhrer.com\/es\/wp-json\/wp\/v2\/product_cat?post=3210"},{"taxonomy":"product_tag","embeddable":true,"href":"https:\/\/reisepassfuhrer.com\/es\/wp-json\/wp\/v2\/product_tag?post=3210"}],"curies":[{"name":"wp","href":"https:\/\/api.w.org\/{rel}","templated":true}]}}