{"id":3219,"date":"2025-09-12T11:21:04","date_gmt":"2025-09-12T11:21:04","guid":{"rendered":"https:\/\/reisepassfuhrer.com\/?post_type=product&#038;p=3219"},"modified":"2025-09-12T11:21:05","modified_gmt":"2025-09-12T11:21:05","slug":"wunschkennzeichen-berlin","status":"publish","type":"product","link":"https:\/\/reisepassfuhrer.com\/es\/product\/matricula-berlin\/","title":{"rendered":"Matr\u00edculas Berl\u00edn"},"content":{"rendered":"<h3 data-start=\"225\" data-end=\"295\">Matr\u00edculas personalizadas Berl\u00edn - \u00a1Su matr\u00edcula, su personalidad!<\/h3>\n<p data-start=\"297\" data-end=\"571\">\u00bfQuiere darle un toque personalizado a su veh\u00edculo? Entonces <strong data-start=\"373\" data-end=\"404\">Matr\u00edculas en Berl\u00edn<\/strong> justo lo que necesita Con nuestra r\u00e1pida y sencilla reserva en l\u00ednea puede asegurarse su matr\u00edcula personal - <strong data-start=\"538\" data-end=\"570\">desde la comodidad de su casa<\/strong>.<\/p>\n<hr data-start=\"573\" data-end=\"576\" \/>\n<h3 data-start=\"578\" data-end=\"620\">\u00bfPor qu\u00e9 una matr\u00edcula personalizada en Berl\u00edn?<\/h3>\n<p data-start=\"622\" data-end=\"849\">\u2714 <strong data-start=\"624\" data-end=\"666\">Singularidad y valor de reconocimiento<\/strong><br data-start=\"666\" data-end=\"669\" \/>Ya sean iniciales, fecha de nacimiento o combinaci\u00f3n favorita - con un <strong data-start=\"728\" data-end=\"757\">matr\u00edcula individual<\/strong> haz que tu coche o moto sea \u00fanico. \u00a1Muestra tu personalidad en las calles de Berl\u00edn!<\/p>\n<p data-start=\"851\" data-end=\"1081\">\u2714 <strong data-start=\"853\" data-end=\"885\">Reserva sencilla en l\u00ednea<\/strong><br data-start=\"885\" data-end=\"888\" \/>Ah\u00f3rrese largas esperas en la oficina Con nuestro servicio de f\u00e1cil uso, puede organizar su <strong data-start=\"982\" data-end=\"1029\">Reserve en l\u00ednea su matr\u00edcula de Berl\u00edn<\/strong>, compru\u00e9belo y gu\u00e1rdelo directamente, con unos pocos clics.<\/p>\n<p data-start=\"1083\" data-end=\"1264\">\u2714 <strong data-start=\"1085\" data-end=\"1130\">Oficina oficial de licencias y 100 % legal<\/strong><br data-start=\"1130\" data-end=\"1133\" \/>Nuestra plataforma est\u00e1 directamente conectada con las autoridades berlinesas. Recibir\u00e1 un <strong data-start=\"1215\" data-end=\"1245\">Reserva conforme a la ley<\/strong>, sin ning\u00fan desv\u00edo.<\/p>\n<p data-start=\"1266\" data-end=\"1450\">\u2714 <strong data-start=\"1268\" data-end=\"1293\">R\u00e1pido y fiable<\/strong><br data-start=\"1293\" data-end=\"1296\" \/>Reserve hoy mismo su matr\u00edcula y rec\u00edbala directamente al solicitarla <strong data-start=\"1363\" data-end=\"1401\">con impresi\u00f3n de matr\u00edculas de alta calidad<\/strong> a domicilio, incluida la entrega urgente.<\/p>\n<p data-start=\"1452\" data-end=\"1606\">\u2714 <strong data-start=\"1454\" data-end=\"1497\">Precios favorables y tarifas transparentes<\/strong><br data-start=\"1497\" data-end=\"1500\" \/>Sin costes ocultos Con nosotros, sabr\u00e1 lo que paga desde el principio: justo, transparente y asequible.<\/p>\n<hr data-start=\"1608\" data-end=\"1611\" \/>\n<h3 data-start=\"1613\" data-end=\"1635\">As\u00ed es como funciona:<\/h3>\n<ol data-start=\"1637\" data-end=\"1806\">\n<li data-start=\"1637\" data-end=\"1662\">\n<p data-start=\"1640\" data-end=\"1662\">Consultar disponibilidad<\/p>\n<\/li>\n<li data-start=\"1663\" data-end=\"1695\">\n<p data-start=\"1666\" data-end=\"1695\">Seleccione la combinaci\u00f3n deseada<\/p>\n<\/li>\n<li data-start=\"1696\" data-end=\"1734\">\n<p data-start=\"1699\" data-end=\"1734\">Reservar y asegurar la matr\u00edcula<\/p>\n<\/li>\n<li data-start=\"1735\" data-end=\"1775\">\n<p data-start=\"1738\" data-end=\"1775\">Opcional: Encargar placas de matr\u00edcula<\/p>\n<\/li>\n<li data-start=\"1776\" data-end=\"1806\">\n<p data-start=\"1779\" data-end=\"1806\">Matricular el veh\u00edculo: \u00a1listo!<\/p>\n<\/li>\n<\/ol>\n<hr data-start=\"1808\" data-end=\"1811\" \/>\n<h3 data-start=\"1813\" data-end=\"1863\">Muestra estilo con tu matr\u00edcula berlinesa<\/h3>\n<p data-start=\"1865\" data-end=\"2099\">Personalice su vida cotidiana con una matr\u00edcula a su medida. Ya sea cl\u00e1sica, creativa o cool: Todo es posible en Berl\u00edn. Reserve ahora y <strong data-start=\"2035\" data-end=\"2098\">dar ejemplo: en las calles de Berl\u00edn y m\u00e1s all\u00e1<\/strong>!<\/p>","protected":false},"excerpt":{"rendered":"<p>Wunschkennzeichen Berlin \u2013 Dein Kennzeichen, Deine Pers\u00f6nlichkeit! Du willst deinem Fahrzeug einen individuellen Touch verleihen? Dann ist ein Wunschkennzeichen in Berlin genau das Richtige f\u00fcr dich! Mit unserer einfachen und schnellen Online-Reservierung sicherst du dir dein pers\u00f6nliches Kennzeichen \u2013 ganz bequem von zu Hause aus. Warum ein Wunschkennzeichen in Berlin? \u2714 Einzigartigkeit &amp; WiedererkennungswertOb Initialen, [&hellip;]<\/p>","protected":false},"featured_media":3221,"comment_status":"open","ping_status":"closed","template":"","meta":[],"product_brand":[],"product_cat":[44],"product_tag":[],"class_list":{"0":"post-3219","1":"product","2":"type-product","3":"status-publish","4":"has-post-thumbnail","6":"product_cat-uncategorized","8":"first","9":"instock","10":"shipping-taxable","11":"product-type-simple"},"yoast_head":"<!-- This site is optimized with the Yoast SEO Premium plugin v22.2 (Yoast SEO v26.2) - https:\/\/yoast.com\/wordpress\/plugins\/seo\/ -->\n<title>Wunschkennzeichen Berlin - Reisepassfuhrer<\/title>\n<meta name=\"robots\" content=\"noindex, follow, max-snippet:-1, max-image-preview:large, max-video-preview:-1\" \/>\n<meta property=\"og:locale\" content=\"es_ES\" \/>\n<meta property=\"og:type\" content=\"article\" \/>\n<meta property=\"og:title\" content=\"Wunschkennzeichen Berlin\" \/>\n<meta property=\"og:description\" content=\"Wunschkennzeichen Berlin \u2013 Dein Kennzeichen, Deine Pers\u00f6nlichkeit! Du willst deinem Fahrzeug einen individuellen Touch verleihen? Dann ist ein Wunschkennzeichen in Berlin genau das Richtige f\u00fcr dich! Mit unserer einfachen und schnellen Online-Reservierung sicherst du dir dein pers\u00f6nliches Kennzeichen \u2013 ganz bequem von zu Hause aus. Warum ein Wunschkennzeichen in Berlin? \u2714 Einzigartigkeit &amp; WiedererkennungswertOb Initialen, [&hellip;]\" \/>\n<meta property=\"og:url\" content=\"https:\/\/reisepassfuhrer.com\/es\/product\/matricula-berlin\/\" \/>\n<meta property=\"og:site_name\" content=\"Reisepassfuhrer\" \/>\n<meta property=\"article:modified_time\" content=\"2025-09-12T11:21:05+00:00\" \/>\n<meta property=\"og:image\" content=\"http:\/\/reisepassfuhrer.com\/wp-content\/uploads\/2025\/09\/download-97.jpeg\" \/>\n\t<meta property=\"og:image:width\" content=\"275\" \/>\n\t<meta property=\"og:image:height\" content=\"183\" \/>\n\t<meta property=\"og:image:type\" content=\"image\/jpeg\" \/>\n<meta name=\"twitter:card\" content=\"summary_large_image\" \/>\n<meta name=\"twitter:label1\" content=\"Tiempo de lectura\" \/>\n\t<meta name=\"twitter:data1\" content=\"2 minutos\" \/>\n<script type=\"application\/ld+json\" class=\"yoast-schema-graph\">{\"@context\":\"https:\/\/schema.org\",\"@graph\":[{\"@type\":\"WebPage\",\"@id\":\"https:\/\/reisepassfuhrer.com\/product\/wunschkennzeichen-berlin\/\",\"url\":\"https:\/\/reisepassfuhrer.com\/product\/wunschkennzeichen-berlin\/\",\"name\":\"Wunschkennzeichen Berlin - Reisepassfuhrer\",\"isPartOf\":{\"@id\":\"https:\/\/reisepassfuhrer.com\/#website\"},\"primaryImageOfPage\":{\"@id\":\"https:\/\/reisepassfuhrer.com\/product\/wunschkennzeichen-berlin\/#primaryimage\"},\"image\":{\"@id\":\"https:\/\/reisepassfuhrer.com\/product\/wunschkennzeichen-berlin\/#primaryimage\"},\"thumbnailUrl\":\"https:\/\/reisepassfuhrer.com\/wp-content\/uploads\/2025\/09\/download-97.jpeg\",\"datePublished\":\"2025-09-12T11:21:04+00:00\",\"dateModified\":\"2025-09-12T11:21:05+00:00\",\"breadcrumb\":{\"@id\":\"https:\/\/reisepassfuhrer.com\/product\/wunschkennzeichen-berlin\/#breadcrumb\"},\"inLanguage\":\"es\",\"potentialAction\":[{\"@type\":\"ReadAction\",\"target\":[\"https:\/\/reisepassfuhrer.com\/product\/wunschkennzeichen-berlin\/\"]}]},{\"@type\":\"ImageObject\",\"inLanguage\":\"es\",\"@id\":\"https:\/\/reisepassfuhrer.com\/product\/wunschkennzeichen-berlin\/#primaryimage\",\"url\":\"https:\/\/reisepassfuhrer.com\/wp-content\/uploads\/2025\/09\/download-97.jpeg\",\"contentUrl\":\"https:\/\/reisepassfuhrer.com\/wp-content\/uploads\/2025\/09\/download-97.jpeg\",\"width\":275,\"height\":183},{\"@type\":\"BreadcrumbList\",\"@id\":\"https:\/\/reisepassfuhrer.com\/product\/wunschkennzeichen-berlin\/#breadcrumb\",\"itemListElement\":[{\"@type\":\"ListItem\",\"position\":1,\"name\":\"Home\",\"item\":\"https:\/\/reisepassfuhrer.com\/\"},{\"@type\":\"ListItem\",\"position\":2,\"name\":\"Shop\",\"item\":\"https:\/\/reisepassfuhrer.com\/shop\/\"},{\"@type\":\"ListItem\",\"position\":3,\"name\":\"Wunschkennzeichen Berlin\"}]},{\"@type\":\"WebSite\",\"@id\":\"https:\/\/reisepassfuhrer.com\/#website\",\"url\":\"https:\/\/reisepassfuhrer.com\/\",\"name\":\"Reisepassfuhrer\",\"description\":\"Reisepass Beantragen Berlin\",\"publisher\":{\"@id\":\"https:\/\/reisepassfuhrer.com\/#organization\"},\"potentialAction\":[{\"@type\":\"SearchAction\",\"target\":{\"@type\":\"EntryPoint\",\"urlTemplate\":\"https:\/\/reisepassfuhrer.com\/?s={search_term_string}\"},\"query-input\":{\"@type\":\"PropertyValueSpecification\",\"valueRequired\":true,\"valueName\":\"search_term_string\"}}],\"inLanguage\":\"es\"},{\"@type\":\"Organization\",\"@id\":\"https:\/\/reisepassfuhrer.com\/#organization\",\"name\":\"Reisepassfuhrer\",\"url\":\"https:\/\/reisepassfuhrer.com\/\",\"logo\":{\"@type\":\"ImageObject\",\"inLanguage\":\"es\",\"@id\":\"https:\/\/reisepassfuhrer.com\/#\/schema\/logo\/image\/\",\"url\":\"https:\/\/reisepassfuhrer.com\/wp-content\/uploads\/2024\/03\/Reisepassfuhrer-logo.png\",\"contentUrl\":\"https:\/\/reisepassfuhrer.com\/wp-content\/uploads\/2024\/03\/Reisepassfuhrer-logo.png\",\"width\":112,\"height\":112,\"caption\":\"Reisepassfuhrer\"},\"image\":{\"@id\":\"https:\/\/reisepassfuhrer.com\/#\/schema\/logo\/image\/\"}}]}<\/script>\n<!-- \/ Yoast SEO Premium plugin. -->","yoast_head_json":{"title":"Placas de identificaci\u00f3n de Berl\u00edn - Gu\u00eda del pasaporte","robots":{"index":"noindex","follow":"follow","max-snippet":"max-snippet:-1","max-image-preview":"max-image-preview:large","max-video-preview":"max-video-preview:-1"},"og_locale":"es_ES","og_type":"article","og_title":"Wunschkennzeichen Berlin","og_description":"Wunschkennzeichen Berlin \u2013 Dein Kennzeichen, Deine Pers\u00f6nlichkeit! Du willst deinem Fahrzeug einen individuellen Touch verleihen? Dann ist ein Wunschkennzeichen in Berlin genau das Richtige f\u00fcr dich! Mit unserer einfachen und schnellen Online-Reservierung sicherst du dir dein pers\u00f6nliches Kennzeichen \u2013 ganz bequem von zu Hause aus. Warum ein Wunschkennzeichen in Berlin? \u2714 Einzigartigkeit &amp; WiedererkennungswertOb Initialen, [&hellip;]","og_url":"https:\/\/reisepassfuhrer.com\/es\/product\/matricula-berlin\/","og_site_name":"Reisepassfuhrer","article_modified_time":"2025-09-12T11:21:05+00:00","og_image":[{"width":275,"height":183,"url":"http:\/\/reisepassfuhrer.com\/wp-content\/uploads\/2025\/09\/download-97.jpeg","type":"image\/jpeg"}],"twitter_card":"summary_large_image","twitter_misc":{"Tiempo de lectura":"2 minutos"},"schema":{"@context":"https:\/\/schema.org","@graph":[{"@type":"WebPage","@id":"https:\/\/reisepassfuhrer.com\/product\/wunschkennzeichen-berlin\/","url":"https:\/\/reisepassfuhrer.com\/product\/wunschkennzeichen-berlin\/","name":"Placas de identificaci\u00f3n de Berl\u00edn - Gu\u00eda del pasaporte","isPartOf":{"@id":"https:\/\/reisepassfuhrer.com\/#website"},"primaryImageOfPage":{"@id":"https:\/\/reisepassfuhrer.com\/product\/wunschkennzeichen-berlin\/#primaryimage"},"image":{"@id":"https:\/\/reisepassfuhrer.com\/product\/wunschkennzeichen-berlin\/#primaryimage"},"thumbnailUrl":"https:\/\/reisepassfuhrer.com\/wp-content\/uploads\/2025\/09\/download-97.jpeg","datePublished":"2025-09-12T11:21:04+00:00","dateModified":"2025-09-12T11:21:05+00:00","breadcrumb":{"@id":"https:\/\/reisepassfuhrer.com\/product\/wunschkennzeichen-berlin\/#breadcrumb"},"inLanguage":"es","potentialAction":[{"@type":"ReadAction","target":["https:\/\/reisepassfuhrer.com\/product\/wunschkennzeichen-berlin\/"]}]},{"@type":"ImageObject","inLanguage":"es","@id":"https:\/\/reisepassfuhrer.com\/product\/wunschkennzeichen-berlin\/#primaryimage","url":"https:\/\/reisepassfuhrer.com\/wp-content\/uploads\/2025\/09\/download-97.jpeg","contentUrl":"https:\/\/reisepassfuhrer.com\/wp-content\/uploads\/2025\/09\/download-97.jpeg","width":275,"height":183},{"@type":"BreadcrumbList","@id":"https:\/\/reisepassfuhrer.com\/product\/wunschkennzeichen-berlin\/#breadcrumb","itemListElement":[{"@type":"ListItem","position":1,"name":"Home","item":"https:\/\/reisepassfuhrer.com\/"},{"@type":"ListItem","position":2,"name":"Shop","item":"https:\/\/reisepassfuhrer.com\/shop\/"},{"@type":"ListItem","position":3,"name":"Wunschkennzeichen Berlin"}]},{"@type":"WebSite","@id":"https:\/\/reisepassfuhrer.com\/#website","url":"https:\/\/reisepassfuhrer.com\/","name":"Gu\u00eda del pasaporte","description":"Solicitar un pasaporte Berl\u00edn","publisher":{"@id":"https:\/\/reisepassfuhrer.com\/#organization"},"potentialAction":[{"@type":"SearchAction","target":{"@type":"EntryPoint","urlTemplate":"https:\/\/reisepassfuhrer.com\/?s={search_term_string}"},"query-input":{"@type":"PropertyValueSpecification","valueRequired":true,"valueName":"search_term_string"}}],"inLanguage":"es"},{"@type":"Organization","@id":"https:\/\/reisepassfuhrer.com\/#organization","name":"Gu\u00eda del pasaporte","url":"https:\/\/reisepassfuhrer.com\/","logo":{"@type":"ImageObject","inLanguage":"es","@id":"https:\/\/reisepassfuhrer.com\/#\/schema\/logo\/image\/","url":"https:\/\/reisepassfuhrer.com\/wp-content\/uploads\/2024\/03\/Reisepassfuhrer-logo.png","contentUrl":"https:\/\/reisepassfuhrer.com\/wp-content\/uploads\/2024\/03\/Reisepassfuhrer-logo.png","width":112,"height":112,"caption":"Reisepassfuhrer"},"image":{"@id":"https:\/\/reisepassfuhrer.com\/#\/schema\/logo\/image\/"}}]}},"_links":{"self":[{"href":"https:\/\/reisepassfuhrer.com\/es\/wp-json\/wp\/v2\/product\/3219","targetHints":{"allow":["GET"]}}],"collection":[{"href":"https:\/\/reisepassfuhrer.com\/es\/wp-json\/wp\/v2\/product"}],"about":[{"href":"https:\/\/reisepassfuhrer.com\/es\/wp-json\/wp\/v2\/types\/product"}],"replies":[{"embeddable":true,"href":"https:\/\/reisepassfuhrer.com\/es\/wp-json\/wp\/v2\/comments?post=3219"}],"wp:featuredmedia":[{"embeddable":true,"href":"https:\/\/reisepassfuhrer.com\/es\/wp-json\/wp\/v2\/media\/3221"}],"wp:attachment":[{"href":"https:\/\/reisepassfuhrer.com\/es\/wp-json\/wp\/v2\/media?parent=3219"}],"wp:term":[{"taxonomy":"product_brand","embeddable":true,"href":"https:\/\/reisepassfuhrer.com\/es\/wp-json\/wp\/v2\/product_brand?post=3219"},{"taxonomy":"product_cat","embeddable":true,"href":"https:\/\/reisepassfuhrer.com\/es\/wp-json\/wp\/v2\/product_cat?post=3219"},{"taxonomy":"product_tag","embeddable":true,"href":"https:\/\/reisepassfuhrer.com\/es\/wp-json\/wp\/v2\/product_tag?post=3219"}],"curies":[{"name":"wp","href":"https:\/\/api.w.org\/{rel}","templated":true}]}}