{"id":3407,"date":"2026-01-07T17:59:14","date_gmt":"2026-01-07T17:59:14","guid":{"rendered":"https:\/\/reisepassfuhrer.com\/?post_type=product&#038;p=3407"},"modified":"2026-01-07T17:59:15","modified_gmt":"2026-01-07T17:59:15","slug":"34-a-schein","status":"publish","type":"product","link":"https:\/\/reisepassfuhrer.com\/es\/product\/34-a-comparecencia\/","title":{"rendered":"34 a Comparecencia"},"content":{"rendered":"<p data-start=\"153\" data-end=\"222\">Por favor, cu\u00e9nteme brevemente:<\/p>\n<ol data-start=\"223\" data-end=\"856\">\n<li data-start=\"223\" data-end=\"438\">\n<p data-start=\"226\" data-end=\"246\">Si se trata de<\/p>\n<ul data-start=\"250\" data-end=\"438\">\n<li data-start=\"250\" data-end=\"295\">\n<p data-start=\"252\" data-end=\"295\">un <strong data-start=\"258\" data-end=\"292\">Curso en l\u00ednea \/ curso de preparaci\u00f3n<\/strong>,<\/p>\n<\/li>\n<li data-start=\"299\" data-end=\"325\">\n<p data-start=\"301\" data-end=\"325\">un <strong data-start=\"307\" data-end=\"322\">Curso presencial<\/strong>,<\/p>\n<\/li>\n<li data-start=\"329\" data-end=\"375\">\n<p data-start=\"331\" data-end=\"375\">a <strong data-start=\"335\" data-end=\"372\">E-learning + preparaci\u00f3n de ex\u00e1menes<\/strong>,<\/p>\n<\/li>\n<li data-start=\"379\" data-end=\"438\">\n<p data-start=\"381\" data-end=\"438\">o un <strong data-start=\"392\" data-end=\"437\">Servicio completo que incluye registro y examen<\/strong>?<\/p>\n<\/li>\n<\/ul>\n<\/li>\n<li data-start=\"439\" data-end=\"545\">\n<p data-start=\"442\" data-end=\"459\"><strong data-start=\"442\" data-end=\"456\">Grupo destinatario<\/strong>:<\/p>\n<ul data-start=\"463\" data-end=\"545\">\n<li data-start=\"463\" data-end=\"490\">\n<p data-start=\"465\" data-end=\"490\">Personal de seguridad,<\/p>\n<\/li>\n<li data-start=\"494\" data-end=\"513\">\n<p data-start=\"496\" data-end=\"513\">Cambios de carrera,<\/p>\n<\/li>\n<li data-start=\"517\" data-end=\"545\">\n<p data-start=\"519\" data-end=\"545\">\u00bfEmpresa \/ empleador?<\/p>\n<\/li>\n<\/ul>\n<\/li>\n<li data-start=\"546\" data-end=\"741\">\n<p data-start=\"549\" data-end=\"592\"><strong data-start=\"549\" data-end=\"571\">Ventajas especiales<\/strong> (si est\u00e1 disponible):<\/p>\n<ul data-start=\"596\" data-end=\"741\">\n<li data-start=\"596\" data-end=\"611\">\n<p data-start=\"598\" data-end=\"611\">Conforme a la IHK<\/p>\n<\/li>\n<li data-start=\"615\" data-end=\"631\">\n<p data-start=\"617\" data-end=\"631\">100 % en l\u00ednea<\/p>\n<\/li>\n<li data-start=\"635\" data-end=\"658\">\n<p data-start=\"637\" data-end=\"658\">Conclusi\u00f3n r\u00e1pida<\/p>\n<\/li>\n<li data-start=\"662\" data-end=\"685\">\n<p data-start=\"664\" data-end=\"685\">Alto \u00edndice de aprobados<\/p>\n<\/li>\n<li data-start=\"689\" data-end=\"741\">\n<p data-start=\"691\" data-end=\"741\">Pago a plazos \/ financiaci\u00f3n (por ejemplo, cheque educativo)<\/p>\n<\/li>\n<\/ul>\n<\/li>\n<li data-start=\"742\" data-end=\"856\">\n<p data-start=\"745\" data-end=\"767\">Deseado <strong data-start=\"757\" data-end=\"764\">Sonido<\/strong>:<\/p>\n<ul data-start=\"771\" data-end=\"856\">\n<li data-start=\"771\" data-end=\"797\">\n<p data-start=\"773\" data-end=\"797\">serio y profesional<\/p>\n<\/li>\n<li data-start=\"801\" data-end=\"825\">\n<p data-start=\"803\" data-end=\"825\">moderno y motivador<\/p>\n<\/li>\n<li data-start=\"829\" data-end=\"856\">\n<p data-start=\"831\" data-end=\"856\">venta fuerte y emocional<\/p>\n<\/li>\n<\/ul>\n<\/li>\n<\/ol>\n<p data-start=\"858\" data-end=\"1081\" data-is-last-node=\"\" data-is-only-node=\"\">En cuanto disponga de esta informaci\u00f3n, crear\u00e9 <strong data-start=\"904\" data-end=\"981\">una descripci\u00f3n del producto optimizada para SEO de unas 250 palabras en alem\u00e1n<\/strong>, con USP claros, lenguaje convincente y palabras clave relevantes para una m\u00e1xima visibilidad online \ud83d\ude80.<\/p>","protected":false},"excerpt":{"rendered":"<p>Bitte sag mir kurz: Handelt es sich um einen Onlinekurs \/ Vorbereitungskurs, einen Pr\u00e4senzkurs, ein E-Learning + Pr\u00fcfungsvorbereitung, oder einen Komplettservice inkl. Anmeldung &amp; Pr\u00fcfung? Zielgruppe: Sicherheitsmitarbeiter, Quereinsteiger, Unternehmen \/ Arbeitgeber? Besondere Vorteile (falls vorhanden): IHK-konform 100 % online Schneller Abschluss Hohe Bestehensquote Ratenzahlung \/ F\u00f6rderung (z. B. Bildungsgutschein) Gew\u00fcnschter Ton: seri\u00f6s &amp; professionell modern [&hellip;]<\/p>","protected":false},"featured_media":3159,"comment_status":"open","ping_status":"closed","template":"","meta":[],"product_brand":[],"product_cat":[44],"product_tag":[],"class_list":{"0":"post-3407","1":"product","2":"type-product","3":"status-publish","4":"has-post-thumbnail","6":"product_cat-uncategorized","8":"first","9":"instock","10":"shipping-taxable","11":"purchasable","12":"product-type-simple"},"yoast_head":"<!-- This site is optimized with the Yoast SEO Premium plugin v22.2 (Yoast SEO v26.2) - https:\/\/yoast.com\/wordpress\/plugins\/seo\/ -->\n<title>34 a schein - Reisepassfuhrer<\/title>\n<meta name=\"robots\" content=\"noindex, follow, max-snippet:-1, max-image-preview:large, max-video-preview:-1\" \/>\n<meta property=\"og:locale\" content=\"es_ES\" \/>\n<meta property=\"og:type\" content=\"article\" \/>\n<meta property=\"og:title\" content=\"34 a schein\" \/>\n<meta property=\"og:description\" content=\"Bitte sag mir kurz: Handelt es sich um einen Onlinekurs \/ Vorbereitungskurs, einen Pr\u00e4senzkurs, ein E-Learning + Pr\u00fcfungsvorbereitung, oder einen Komplettservice inkl. Anmeldung &amp; Pr\u00fcfung? Zielgruppe: Sicherheitsmitarbeiter, Quereinsteiger, Unternehmen \/ Arbeitgeber? Besondere Vorteile (falls vorhanden): IHK-konform 100 % online Schneller Abschluss Hohe Bestehensquote Ratenzahlung \/ F\u00f6rderung (z. B. Bildungsgutschein) Gew\u00fcnschter Ton: seri\u00f6s &amp; professionell modern [&hellip;]\" \/>\n<meta property=\"og:url\" content=\"https:\/\/reisepassfuhrer.com\/es\/product\/34-a-comparecencia\/\" \/>\n<meta property=\"og:site_name\" content=\"Reisepassfuhrer\" \/>\n<meta property=\"article:modified_time\" content=\"2026-01-07T17:59:15+00:00\" \/>\n<meta property=\"og:image\" content=\"http:\/\/reisepassfuhrer.com\/wp-content\/uploads\/2025\/08\/download-64.jpeg\" \/>\n\t<meta property=\"og:image:width\" content=\"194\" \/>\n\t<meta property=\"og:image:height\" content=\"260\" \/>\n\t<meta property=\"og:image:type\" content=\"image\/jpeg\" \/>\n<meta name=\"twitter:card\" content=\"summary_large_image\" \/>\n<meta name=\"twitter:label1\" content=\"Tiempo de lectura\" \/>\n\t<meta name=\"twitter:data1\" content=\"1 minuto\" \/>\n<script type=\"application\/ld+json\" class=\"yoast-schema-graph\">{\"@context\":\"https:\/\/schema.org\",\"@graph\":[{\"@type\":\"WebPage\",\"@id\":\"https:\/\/reisepassfuhrer.com\/product\/34-a-schein\/\",\"url\":\"https:\/\/reisepassfuhrer.com\/product\/34-a-schein\/\",\"name\":\"34 a schein - Reisepassfuhrer\",\"isPartOf\":{\"@id\":\"https:\/\/reisepassfuhrer.com\/#website\"},\"primaryImageOfPage\":{\"@id\":\"https:\/\/reisepassfuhrer.com\/product\/34-a-schein\/#primaryimage\"},\"image\":{\"@id\":\"https:\/\/reisepassfuhrer.com\/product\/34-a-schein\/#primaryimage\"},\"thumbnailUrl\":\"https:\/\/reisepassfuhrer.com\/wp-content\/uploads\/2025\/08\/download-64.jpeg\",\"datePublished\":\"2026-01-07T17:59:14+00:00\",\"dateModified\":\"2026-01-07T17:59:15+00:00\",\"breadcrumb\":{\"@id\":\"https:\/\/reisepassfuhrer.com\/product\/34-a-schein\/#breadcrumb\"},\"inLanguage\":\"es\",\"potentialAction\":[{\"@type\":\"ReadAction\",\"target\":[\"https:\/\/reisepassfuhrer.com\/product\/34-a-schein\/\"]}]},{\"@type\":\"ImageObject\",\"inLanguage\":\"es\",\"@id\":\"https:\/\/reisepassfuhrer.com\/product\/34-a-schein\/#primaryimage\",\"url\":\"https:\/\/reisepassfuhrer.com\/wp-content\/uploads\/2025\/08\/download-64.jpeg\",\"contentUrl\":\"https:\/\/reisepassfuhrer.com\/wp-content\/uploads\/2025\/08\/download-64.jpeg\",\"width\":194,\"height\":260},{\"@type\":\"BreadcrumbList\",\"@id\":\"https:\/\/reisepassfuhrer.com\/product\/34-a-schein\/#breadcrumb\",\"itemListElement\":[{\"@type\":\"ListItem\",\"position\":1,\"name\":\"Home\",\"item\":\"https:\/\/reisepassfuhrer.com\/\"},{\"@type\":\"ListItem\",\"position\":2,\"name\":\"Shop\",\"item\":\"https:\/\/reisepassfuhrer.com\/shop\/\"},{\"@type\":\"ListItem\",\"position\":3,\"name\":\"34 a schein\"}]},{\"@type\":\"WebSite\",\"@id\":\"https:\/\/reisepassfuhrer.com\/#website\",\"url\":\"https:\/\/reisepassfuhrer.com\/\",\"name\":\"Reisepassfuhrer\",\"description\":\"Reisepass Beantragen Berlin\",\"publisher\":{\"@id\":\"https:\/\/reisepassfuhrer.com\/#organization\"},\"potentialAction\":[{\"@type\":\"SearchAction\",\"target\":{\"@type\":\"EntryPoint\",\"urlTemplate\":\"https:\/\/reisepassfuhrer.com\/?s={search_term_string}\"},\"query-input\":{\"@type\":\"PropertyValueSpecification\",\"valueRequired\":true,\"valueName\":\"search_term_string\"}}],\"inLanguage\":\"es\"},{\"@type\":\"Organization\",\"@id\":\"https:\/\/reisepassfuhrer.com\/#organization\",\"name\":\"Reisepassfuhrer\",\"url\":\"https:\/\/reisepassfuhrer.com\/\",\"logo\":{\"@type\":\"ImageObject\",\"inLanguage\":\"es\",\"@id\":\"https:\/\/reisepassfuhrer.com\/#\/schema\/logo\/image\/\",\"url\":\"https:\/\/reisepassfuhrer.com\/wp-content\/uploads\/2024\/03\/Reisepassfuhrer-logo.png\",\"contentUrl\":\"https:\/\/reisepassfuhrer.com\/wp-content\/uploads\/2024\/03\/Reisepassfuhrer-logo.png\",\"width\":112,\"height\":112,\"caption\":\"Reisepassfuhrer\"},\"image\":{\"@id\":\"https:\/\/reisepassfuhrer.com\/#\/schema\/logo\/image\/\"}}]}<\/script>\n<!-- \/ Yoast SEO Premium plugin. -->","yoast_head_json":{"title":"34 a schein - titular del pasaporte","robots":{"index":"noindex","follow":"follow","max-snippet":"max-snippet:-1","max-image-preview":"max-image-preview:large","max-video-preview":"max-video-preview:-1"},"og_locale":"es_ES","og_type":"article","og_title":"34 a schein","og_description":"Bitte sag mir kurz: Handelt es sich um einen Onlinekurs \/ Vorbereitungskurs, einen Pr\u00e4senzkurs, ein E-Learning + Pr\u00fcfungsvorbereitung, oder einen Komplettservice inkl. Anmeldung &amp; Pr\u00fcfung? Zielgruppe: Sicherheitsmitarbeiter, Quereinsteiger, Unternehmen \/ Arbeitgeber? Besondere Vorteile (falls vorhanden): IHK-konform 100 % online Schneller Abschluss Hohe Bestehensquote Ratenzahlung \/ F\u00f6rderung (z. B. Bildungsgutschein) Gew\u00fcnschter Ton: seri\u00f6s &amp; professionell modern [&hellip;]","og_url":"https:\/\/reisepassfuhrer.com\/es\/product\/34-a-comparecencia\/","og_site_name":"Reisepassfuhrer","article_modified_time":"2026-01-07T17:59:15+00:00","og_image":[{"width":194,"height":260,"url":"http:\/\/reisepassfuhrer.com\/wp-content\/uploads\/2025\/08\/download-64.jpeg","type":"image\/jpeg"}],"twitter_card":"summary_large_image","twitter_misc":{"Tiempo de lectura":"1 minuto"},"schema":{"@context":"https:\/\/schema.org","@graph":[{"@type":"WebPage","@id":"https:\/\/reisepassfuhrer.com\/product\/34-a-schein\/","url":"https:\/\/reisepassfuhrer.com\/product\/34-a-schein\/","name":"34 a schein - titular del pasaporte","isPartOf":{"@id":"https:\/\/reisepassfuhrer.com\/#website"},"primaryImageOfPage":{"@id":"https:\/\/reisepassfuhrer.com\/product\/34-a-schein\/#primaryimage"},"image":{"@id":"https:\/\/reisepassfuhrer.com\/product\/34-a-schein\/#primaryimage"},"thumbnailUrl":"https:\/\/reisepassfuhrer.com\/wp-content\/uploads\/2025\/08\/download-64.jpeg","datePublished":"2026-01-07T17:59:14+00:00","dateModified":"2026-01-07T17:59:15+00:00","breadcrumb":{"@id":"https:\/\/reisepassfuhrer.com\/product\/34-a-schein\/#breadcrumb"},"inLanguage":"es","potentialAction":[{"@type":"ReadAction","target":["https:\/\/reisepassfuhrer.com\/product\/34-a-schein\/"]}]},{"@type":"ImageObject","inLanguage":"es","@id":"https:\/\/reisepassfuhrer.com\/product\/34-a-schein\/#primaryimage","url":"https:\/\/reisepassfuhrer.com\/wp-content\/uploads\/2025\/08\/download-64.jpeg","contentUrl":"https:\/\/reisepassfuhrer.com\/wp-content\/uploads\/2025\/08\/download-64.jpeg","width":194,"height":260},{"@type":"BreadcrumbList","@id":"https:\/\/reisepassfuhrer.com\/product\/34-a-schein\/#breadcrumb","itemListElement":[{"@type":"ListItem","position":1,"name":"Home","item":"https:\/\/reisepassfuhrer.com\/"},{"@type":"ListItem","position":2,"name":"Shop","item":"https:\/\/reisepassfuhrer.com\/shop\/"},{"@type":"ListItem","position":3,"name":"34 a schein"}]},{"@type":"WebSite","@id":"https:\/\/reisepassfuhrer.com\/#website","url":"https:\/\/reisepassfuhrer.com\/","name":"Gu\u00eda del pasaporte","description":"Solicitar un pasaporte Berl\u00edn","publisher":{"@id":"https:\/\/reisepassfuhrer.com\/#organization"},"potentialAction":[{"@type":"SearchAction","target":{"@type":"EntryPoint","urlTemplate":"https:\/\/reisepassfuhrer.com\/?s={search_term_string}"},"query-input":{"@type":"PropertyValueSpecification","valueRequired":true,"valueName":"search_term_string"}}],"inLanguage":"es"},{"@type":"Organization","@id":"https:\/\/reisepassfuhrer.com\/#organization","name":"Gu\u00eda del pasaporte","url":"https:\/\/reisepassfuhrer.com\/","logo":{"@type":"ImageObject","inLanguage":"es","@id":"https:\/\/reisepassfuhrer.com\/#\/schema\/logo\/image\/","url":"https:\/\/reisepassfuhrer.com\/wp-content\/uploads\/2024\/03\/Reisepassfuhrer-logo.png","contentUrl":"https:\/\/reisepassfuhrer.com\/wp-content\/uploads\/2024\/03\/Reisepassfuhrer-logo.png","width":112,"height":112,"caption":"Reisepassfuhrer"},"image":{"@id":"https:\/\/reisepassfuhrer.com\/#\/schema\/logo\/image\/"}}]}},"_links":{"self":[{"href":"https:\/\/reisepassfuhrer.com\/es\/wp-json\/wp\/v2\/product\/3407","targetHints":{"allow":["GET"]}}],"collection":[{"href":"https:\/\/reisepassfuhrer.com\/es\/wp-json\/wp\/v2\/product"}],"about":[{"href":"https:\/\/reisepassfuhrer.com\/es\/wp-json\/wp\/v2\/types\/product"}],"replies":[{"embeddable":true,"href":"https:\/\/reisepassfuhrer.com\/es\/wp-json\/wp\/v2\/comments?post=3407"}],"wp:featuredmedia":[{"embeddable":true,"href":"https:\/\/reisepassfuhrer.com\/es\/wp-json\/wp\/v2\/media\/3159"}],"wp:attachment":[{"href":"https:\/\/reisepassfuhrer.com\/es\/wp-json\/wp\/v2\/media?parent=3407"}],"wp:term":[{"taxonomy":"product_brand","embeddable":true,"href":"https:\/\/reisepassfuhrer.com\/es\/wp-json\/wp\/v2\/product_brand?post=3407"},{"taxonomy":"product_cat","embeddable":true,"href":"https:\/\/reisepassfuhrer.com\/es\/wp-json\/wp\/v2\/product_cat?post=3407"},{"taxonomy":"product_tag","embeddable":true,"href":"https:\/\/reisepassfuhrer.com\/es\/wp-json\/wp\/v2\/product_tag?post=3407"}],"curies":[{"name":"wp","href":"https:\/\/api.w.org\/{rel}","templated":true}]}}