{"id":3416,"date":"2026-01-08T18:44:44","date_gmt":"2026-01-08T18:44:44","guid":{"rendered":"https:\/\/reisepassfuhrer.com\/?post_type=product&#038;p=3416"},"modified":"2026-01-08T18:44:45","modified_gmt":"2026-01-08T18:44:45","slug":"berufserfahrung-anerkennen-lassen","status":"publish","type":"product","link":"https:\/\/reisepassfuhrer.com\/es\/product\/tener-experiencia-laboral-reconocida\/","title":{"rendered":"Tener experiencia profesional reconocida"},"content":{"rendered":"<h3 data-start=\"167\" data-end=\"260\">Que se reconozca su experiencia profesional: su llave a nuevas oportunidades profesionales en Alemania<\/h3>\n<p data-start=\"262\" data-end=\"600\">\u00bfHa adquirido una valiosa experiencia profesional en el extranjero y desea que se la reconozcan en Alemania? Nuestros servicios <strong data-start=\"385\" data-end=\"424\">\u201eTener experiencia profesional reconocida\u201c<\/strong> le acompa\u00f1a de forma profesional, fiable y eficaz a lo largo de todo el proceso de reconocimiento, para que sus cualificaciones obtengan por fin el reconocimiento que merecen.<\/p>\n<p data-start=\"602\" data-end=\"1020\">Muchos trabajadores cualificados no fracasan por falta de cualificaci\u00f3n, sino por complejos obst\u00e1culos burocr\u00e1ticos. Aqu\u00ed es exactamente donde entramos nosotros. Le ayudamos con la <strong data-start=\"760\" data-end=\"838\">Evaluaci\u00f3n, documentaci\u00f3n y reconocimiento oficial de su experiencia profesional<\/strong>, independientemente de que tenga o no una cualificaci\u00f3n profesional formal. Nuestro enfoque estructurado le ahorra tiempo, reduce los errores y aumenta considerablemente sus posibilidades de \u00e9xito.<\/p>\n<p data-start=\"1022\" data-end=\"1056\"><strong data-start=\"1022\" data-end=\"1056\">Sus ventajas de un vistazo:<\/strong><\/p>\n<ul data-start=\"1057\" data-end=\"1326\">\n<li data-start=\"1057\" data-end=\"1108\">\n<p data-start=\"1059\" data-end=\"1108\">Asesoramiento personal por expertos en reconocimiento<\/p>\n<\/li>\n<li data-start=\"1109\" data-end=\"1169\">\n<p data-start=\"1111\" data-end=\"1169\">Apoyo con solicitudes, certificados y traducciones<\/p>\n<\/li>\n<li data-start=\"1170\" data-end=\"1218\">\n<p data-start=\"1172\" data-end=\"1218\">Evaluaci\u00f3n clara de sus posibilidades de reconocimiento<\/p>\n<\/li>\n<li data-start=\"1219\" data-end=\"1262\">\n<p data-start=\"1221\" data-end=\"1262\">Asistencia hasta la notificaci\u00f3n oficial<\/p>\n<\/li>\n<li data-start=\"1263\" data-end=\"1326\">\n<p data-start=\"1265\" data-end=\"1326\">Ideal para trabajadores cualificados, inmigrantes y solicitantes internacionales<\/p>\n<\/li>\n<\/ul>\n<p data-start=\"1328\" data-end=\"1629\">El reconocimiento de su experiencia profesional mejorar\u00e1 considerablemente sus posibilidades en el mercado laboral alem\u00e1n: <strong data-start=\"1440\" data-end=\"1505\">Mejores ofertas de empleo, mayor salario y seguridad jur\u00eddica<\/strong>. Nuestro servicio se adapta a los requisitos legales vigentes y tiene en cuenta las caracter\u00edsticas espec\u00edficas del sector.<\/p>\n<p data-start=\"1631\" data-end=\"1866\">Ya se trate de enfermer\u00eda, oficios, inform\u00e1tica, tecnolog\u00eda u otras profesiones, podemos ayudarle a convertir su pasado profesional en un futuro de \u00e9xito. Conf\u00ede en nuestra experiencia y d\u00e9 el siguiente paso en su carrera profesional.<\/p>","protected":false},"excerpt":{"rendered":"<p>Berufserfahrung anerkennen lassen \u2013 Ihr Schl\u00fcssel zu neuen Karrierechancen in Deutschland Sie haben wertvolle Berufserfahrung im Ausland gesammelt und m\u00f6chten diese in Deutschland anerkennen lassen? Unser Service \u201eBerufserfahrung anerkennen lassen\u201c begleitet Sie professionell, zuverl\u00e4ssig und effizient durch den gesamten Anerkennungsprozess \u2013 damit Ihre Qualifikationen endlich die Anerkennung bekommen, die sie verdienen. Viele Fachkr\u00e4fte scheitern nicht [&hellip;]<\/p>","protected":false},"featured_media":3418,"comment_status":"open","ping_status":"closed","template":"","meta":[],"product_brand":[],"product_cat":[44],"product_tag":[],"class_list":{"0":"post-3416","1":"product","2":"type-product","3":"status-publish","4":"has-post-thumbnail","6":"product_cat-uncategorized","8":"first","9":"instock","10":"shipping-taxable","11":"purchasable","12":"product-type-simple"},"yoast_head":"<!-- This site is optimized with the Yoast SEO Premium plugin v22.2 (Yoast SEO v26.2) - https:\/\/yoast.com\/wordpress\/plugins\/seo\/ -->\n<title>Berufserfahrung Anerkennen Lassen - Reisepassfuhrer<\/title>\n<meta name=\"robots\" content=\"noindex, follow, max-snippet:-1, max-image-preview:large, max-video-preview:-1\" \/>\n<meta property=\"og:locale\" content=\"es_ES\" \/>\n<meta property=\"og:type\" content=\"article\" \/>\n<meta property=\"og:title\" content=\"Berufserfahrung Anerkennen Lassen\" \/>\n<meta property=\"og:description\" content=\"Berufserfahrung anerkennen lassen \u2013 Ihr Schl\u00fcssel zu neuen Karrierechancen in Deutschland Sie haben wertvolle Berufserfahrung im Ausland gesammelt und m\u00f6chten diese in Deutschland anerkennen lassen? Unser Service \u201eBerufserfahrung anerkennen lassen\u201c begleitet Sie professionell, zuverl\u00e4ssig und effizient durch den gesamten Anerkennungsprozess \u2013 damit Ihre Qualifikationen endlich die Anerkennung bekommen, die sie verdienen. Viele Fachkr\u00e4fte scheitern nicht [&hellip;]\" \/>\n<meta property=\"og:url\" content=\"https:\/\/reisepassfuhrer.com\/es\/product\/tener-experiencia-laboral-reconocida\/\" \/>\n<meta property=\"og:site_name\" content=\"Reisepassfuhrer\" \/>\n<meta property=\"article:modified_time\" content=\"2026-01-08T18:44:45+00:00\" \/>\n<meta property=\"og:image\" content=\"http:\/\/reisepassfuhrer.com\/wp-content\/uploads\/2026\/01\/102106538_IHKScreenshot.png.7454b2d16fe7d7acb8375b358a656507.png\" \/>\n\t<meta property=\"og:image:width\" content=\"918\" \/>\n\t<meta property=\"og:image:height\" content=\"1136\" \/>\n\t<meta property=\"og:image:type\" content=\"image\/png\" \/>\n<meta name=\"twitter:card\" content=\"summary_large_image\" \/>\n<meta name=\"twitter:label1\" content=\"Tiempo de lectura\" \/>\n\t<meta name=\"twitter:data1\" content=\"2 minutos\" \/>\n<script type=\"application\/ld+json\" class=\"yoast-schema-graph\">{\"@context\":\"https:\/\/schema.org\",\"@graph\":[{\"@type\":\"WebPage\",\"@id\":\"https:\/\/reisepassfuhrer.com\/product\/berufserfahrung-anerkennen-lassen\/\",\"url\":\"https:\/\/reisepassfuhrer.com\/product\/berufserfahrung-anerkennen-lassen\/\",\"name\":\"Berufserfahrung Anerkennen Lassen - Reisepassfuhrer\",\"isPartOf\":{\"@id\":\"https:\/\/reisepassfuhrer.com\/#website\"},\"primaryImageOfPage\":{\"@id\":\"https:\/\/reisepassfuhrer.com\/product\/berufserfahrung-anerkennen-lassen\/#primaryimage\"},\"image\":{\"@id\":\"https:\/\/reisepassfuhrer.com\/product\/berufserfahrung-anerkennen-lassen\/#primaryimage\"},\"thumbnailUrl\":\"https:\/\/reisepassfuhrer.com\/wp-content\/uploads\/2026\/01\/102106538_IHKScreenshot.png.7454b2d16fe7d7acb8375b358a656507.png\",\"datePublished\":\"2026-01-08T18:44:44+00:00\",\"dateModified\":\"2026-01-08T18:44:45+00:00\",\"breadcrumb\":{\"@id\":\"https:\/\/reisepassfuhrer.com\/product\/berufserfahrung-anerkennen-lassen\/#breadcrumb\"},\"inLanguage\":\"es\",\"potentialAction\":[{\"@type\":\"ReadAction\",\"target\":[\"https:\/\/reisepassfuhrer.com\/product\/berufserfahrung-anerkennen-lassen\/\"]}]},{\"@type\":\"ImageObject\",\"inLanguage\":\"es\",\"@id\":\"https:\/\/reisepassfuhrer.com\/product\/berufserfahrung-anerkennen-lassen\/#primaryimage\",\"url\":\"https:\/\/reisepassfuhrer.com\/wp-content\/uploads\/2026\/01\/102106538_IHKScreenshot.png.7454b2d16fe7d7acb8375b358a656507.png\",\"contentUrl\":\"https:\/\/reisepassfuhrer.com\/wp-content\/uploads\/2026\/01\/102106538_IHKScreenshot.png.7454b2d16fe7d7acb8375b358a656507.png\",\"width\":918,\"height\":1136},{\"@type\":\"BreadcrumbList\",\"@id\":\"https:\/\/reisepassfuhrer.com\/product\/berufserfahrung-anerkennen-lassen\/#breadcrumb\",\"itemListElement\":[{\"@type\":\"ListItem\",\"position\":1,\"name\":\"Home\",\"item\":\"https:\/\/reisepassfuhrer.com\/\"},{\"@type\":\"ListItem\",\"position\":2,\"name\":\"Shop\",\"item\":\"https:\/\/reisepassfuhrer.com\/shop\/\"},{\"@type\":\"ListItem\",\"position\":3,\"name\":\"Berufserfahrung Anerkennen Lassen\"}]},{\"@type\":\"WebSite\",\"@id\":\"https:\/\/reisepassfuhrer.com\/#website\",\"url\":\"https:\/\/reisepassfuhrer.com\/\",\"name\":\"Reisepassfuhrer\",\"description\":\"Reisepass Beantragen Berlin\",\"publisher\":{\"@id\":\"https:\/\/reisepassfuhrer.com\/#organization\"},\"potentialAction\":[{\"@type\":\"SearchAction\",\"target\":{\"@type\":\"EntryPoint\",\"urlTemplate\":\"https:\/\/reisepassfuhrer.com\/?s={search_term_string}\"},\"query-input\":{\"@type\":\"PropertyValueSpecification\",\"valueRequired\":true,\"valueName\":\"search_term_string\"}}],\"inLanguage\":\"es\"},{\"@type\":\"Organization\",\"@id\":\"https:\/\/reisepassfuhrer.com\/#organization\",\"name\":\"Reisepassfuhrer\",\"url\":\"https:\/\/reisepassfuhrer.com\/\",\"logo\":{\"@type\":\"ImageObject\",\"inLanguage\":\"es\",\"@id\":\"https:\/\/reisepassfuhrer.com\/#\/schema\/logo\/image\/\",\"url\":\"https:\/\/reisepassfuhrer.com\/wp-content\/uploads\/2024\/03\/Reisepassfuhrer-logo.png\",\"contentUrl\":\"https:\/\/reisepassfuhrer.com\/wp-content\/uploads\/2024\/03\/Reisepassfuhrer-logo.png\",\"width\":112,\"height\":112,\"caption\":\"Reisepassfuhrer\"},\"image\":{\"@id\":\"https:\/\/reisepassfuhrer.com\/#\/schema\/logo\/image\/\"}}]}<\/script>\n<!-- \/ Yoast SEO Premium plugin. -->","yoast_head_json":{"title":"Que se reconozca su experiencia laboral - Titular de pasaporte","robots":{"index":"noindex","follow":"follow","max-snippet":"max-snippet:-1","max-image-preview":"max-image-preview:large","max-video-preview":"max-video-preview:-1"},"og_locale":"es_ES","og_type":"article","og_title":"Berufserfahrung Anerkennen Lassen","og_description":"Berufserfahrung anerkennen lassen \u2013 Ihr Schl\u00fcssel zu neuen Karrierechancen in Deutschland Sie haben wertvolle Berufserfahrung im Ausland gesammelt und m\u00f6chten diese in Deutschland anerkennen lassen? Unser Service \u201eBerufserfahrung anerkennen lassen\u201c begleitet Sie professionell, zuverl\u00e4ssig und effizient durch den gesamten Anerkennungsprozess \u2013 damit Ihre Qualifikationen endlich die Anerkennung bekommen, die sie verdienen. Viele Fachkr\u00e4fte scheitern nicht [&hellip;]","og_url":"https:\/\/reisepassfuhrer.com\/es\/product\/tener-experiencia-laboral-reconocida\/","og_site_name":"Reisepassfuhrer","article_modified_time":"2026-01-08T18:44:45+00:00","og_image":[{"width":918,"height":1136,"url":"http:\/\/reisepassfuhrer.com\/wp-content\/uploads\/2026\/01\/102106538_IHKScreenshot.png.7454b2d16fe7d7acb8375b358a656507.png","type":"image\/png"}],"twitter_card":"summary_large_image","twitter_misc":{"Tiempo de lectura":"2 minutos"},"schema":{"@context":"https:\/\/schema.org","@graph":[{"@type":"WebPage","@id":"https:\/\/reisepassfuhrer.com\/product\/berufserfahrung-anerkennen-lassen\/","url":"https:\/\/reisepassfuhrer.com\/product\/berufserfahrung-anerkennen-lassen\/","name":"Que se reconozca su experiencia laboral - Titular de pasaporte","isPartOf":{"@id":"https:\/\/reisepassfuhrer.com\/#website"},"primaryImageOfPage":{"@id":"https:\/\/reisepassfuhrer.com\/product\/berufserfahrung-anerkennen-lassen\/#primaryimage"},"image":{"@id":"https:\/\/reisepassfuhrer.com\/product\/berufserfahrung-anerkennen-lassen\/#primaryimage"},"thumbnailUrl":"https:\/\/reisepassfuhrer.com\/wp-content\/uploads\/2026\/01\/102106538_IHKScreenshot.png.7454b2d16fe7d7acb8375b358a656507.png","datePublished":"2026-01-08T18:44:44+00:00","dateModified":"2026-01-08T18:44:45+00:00","breadcrumb":{"@id":"https:\/\/reisepassfuhrer.com\/product\/berufserfahrung-anerkennen-lassen\/#breadcrumb"},"inLanguage":"es","potentialAction":[{"@type":"ReadAction","target":["https:\/\/reisepassfuhrer.com\/product\/berufserfahrung-anerkennen-lassen\/"]}]},{"@type":"ImageObject","inLanguage":"es","@id":"https:\/\/reisepassfuhrer.com\/product\/berufserfahrung-anerkennen-lassen\/#primaryimage","url":"https:\/\/reisepassfuhrer.com\/wp-content\/uploads\/2026\/01\/102106538_IHKScreenshot.png.7454b2d16fe7d7acb8375b358a656507.png","contentUrl":"https:\/\/reisepassfuhrer.com\/wp-content\/uploads\/2026\/01\/102106538_IHKScreenshot.png.7454b2d16fe7d7acb8375b358a656507.png","width":918,"height":1136},{"@type":"BreadcrumbList","@id":"https:\/\/reisepassfuhrer.com\/product\/berufserfahrung-anerkennen-lassen\/#breadcrumb","itemListElement":[{"@type":"ListItem","position":1,"name":"Home","item":"https:\/\/reisepassfuhrer.com\/"},{"@type":"ListItem","position":2,"name":"Shop","item":"https:\/\/reisepassfuhrer.com\/shop\/"},{"@type":"ListItem","position":3,"name":"Berufserfahrung Anerkennen Lassen"}]},{"@type":"WebSite","@id":"https:\/\/reisepassfuhrer.com\/#website","url":"https:\/\/reisepassfuhrer.com\/","name":"Gu\u00eda del pasaporte","description":"Solicitar un pasaporte Berl\u00edn","publisher":{"@id":"https:\/\/reisepassfuhrer.com\/#organization"},"potentialAction":[{"@type":"SearchAction","target":{"@type":"EntryPoint","urlTemplate":"https:\/\/reisepassfuhrer.com\/?s={search_term_string}"},"query-input":{"@type":"PropertyValueSpecification","valueRequired":true,"valueName":"search_term_string"}}],"inLanguage":"es"},{"@type":"Organization","@id":"https:\/\/reisepassfuhrer.com\/#organization","name":"Gu\u00eda del pasaporte","url":"https:\/\/reisepassfuhrer.com\/","logo":{"@type":"ImageObject","inLanguage":"es","@id":"https:\/\/reisepassfuhrer.com\/#\/schema\/logo\/image\/","url":"https:\/\/reisepassfuhrer.com\/wp-content\/uploads\/2024\/03\/Reisepassfuhrer-logo.png","contentUrl":"https:\/\/reisepassfuhrer.com\/wp-content\/uploads\/2024\/03\/Reisepassfuhrer-logo.png","width":112,"height":112,"caption":"Reisepassfuhrer"},"image":{"@id":"https:\/\/reisepassfuhrer.com\/#\/schema\/logo\/image\/"}}]}},"_links":{"self":[{"href":"https:\/\/reisepassfuhrer.com\/es\/wp-json\/wp\/v2\/product\/3416","targetHints":{"allow":["GET"]}}],"collection":[{"href":"https:\/\/reisepassfuhrer.com\/es\/wp-json\/wp\/v2\/product"}],"about":[{"href":"https:\/\/reisepassfuhrer.com\/es\/wp-json\/wp\/v2\/types\/product"}],"replies":[{"embeddable":true,"href":"https:\/\/reisepassfuhrer.com\/es\/wp-json\/wp\/v2\/comments?post=3416"}],"wp:featuredmedia":[{"embeddable":true,"href":"https:\/\/reisepassfuhrer.com\/es\/wp-json\/wp\/v2\/media\/3418"}],"wp:attachment":[{"href":"https:\/\/reisepassfuhrer.com\/es\/wp-json\/wp\/v2\/media?parent=3416"}],"wp:term":[{"taxonomy":"product_brand","embeddable":true,"href":"https:\/\/reisepassfuhrer.com\/es\/wp-json\/wp\/v2\/product_brand?post=3416"},{"taxonomy":"product_cat","embeddable":true,"href":"https:\/\/reisepassfuhrer.com\/es\/wp-json\/wp\/v2\/product_cat?post=3416"},{"taxonomy":"product_tag","embeddable":true,"href":"https:\/\/reisepassfuhrer.com\/es\/wp-json\/wp\/v2\/product_tag?post=3416"}],"curies":[{"name":"wp","href":"https:\/\/api.w.org\/{rel}","templated":true}]}}