{"id":10,"date":"2024-01-13T13:52:54","date_gmt":"2024-01-13T13:52:54","guid":{"rendered":"https:\/\/reisepassfuhrer.com\/index.php\/blog\/"},"modified":"2024-05-29T09:28:18","modified_gmt":"2024-05-29T09:28:18","slug":"dienstleistungen","status":"publish","type":"page","link":"https:\/\/reisepassfuhrer.com\/fr\/services-2\/","title":{"rendered":"Services"},"content":{"rendered":"<div data-elementor-type=\"wp-page\" data-elementor-id=\"10\" class=\"elementor elementor-10\" data-elementor-post-type=\"page\">\n\t\t\t\t<div class=\"elementor-element elementor-element-161c25a e-flex e-con-boxed e-con e-parent\" data-id=\"161c25a\" data-element_type=\"container\" data-core-v316-plus=\"true\">\n\t\t\t\t\t<div class=\"e-con-inner\">\n\t\t<div class=\"elementor-element elementor-element-52e6d45 e-con-full e-flex e-con e-child\" data-id=\"52e6d45\" data-element_type=\"container\">\n\t\t\t\t<div class=\"elementor-element elementor-element-5e74e16 elementor-widget elementor-widget-heading\" data-id=\"5e74e16\" data-element_type=\"widget\" data-widget_type=\"heading.default\">\n\t\t\t\t<div class=\"elementor-widget-container\">\n\t\t\t<style>\/*! elementor - v3.20.0 - 13-03-2024 *\/\n.elementor-heading-title{padding:0;margin:0;line-height:1}.elementor-widget-heading .elementor-heading-title[class*=elementor-size-]>a{color:inherit;font-size:inherit;line-height:inherit}.elementor-widget-heading .elementor-heading-title.elementor-size-small{font-size:15px}.elementor-widget-heading .elementor-heading-title.elementor-size-medium{font-size:19px}.elementor-widget-heading .elementor-heading-title.elementor-size-large{font-size:29px}.elementor-widget-heading .elementor-heading-title.elementor-size-xl{font-size:39px}.elementor-widget-heading .elementor-heading-title.elementor-size-xxl{font-size:59px}<\/style><h2 class=\"elementor-heading-title elementor-size-default\">Test MPU<\/h2>\t\t<\/div>\n\t\t\t\t<\/div>\n\t\t\t\t<\/div>\n\t\t<div class=\"elementor-element elementor-element-b8837df e-con-full e-flex e-con e-child\" data-id=\"b8837df\" data-element_type=\"container\">\n\t\t\t\t<div class=\"elementor-element elementor-element-b630331 elementor-widget elementor-widget-heading\" data-id=\"b630331\" data-element_type=\"widget\" data-widget_type=\"heading.default\">\n\t\t\t\t<div class=\"elementor-widget-container\">\n\t\t\t<h2 class=\"elementor-heading-title elementor-size-default\">Test IELTS<\/h2>\t\t<\/div>\n\t\t\t\t<\/div>\n\t\t\t\t<\/div>\n\t\t\t\t\t<\/div>\n\t\t\t\t<\/div>\n\t\t<div class=\"elementor-element elementor-element-e2b622c e-flex e-con-boxed e-con e-parent\" data-id=\"e2b622c\" data-element_type=\"container\" data-core-v316-plus=\"true\">\n\t\t\t\t\t<div class=\"e-con-inner\">\n\t\t\t\t<div class=\"elementor-element elementor-element-6a1d4a7 elementor-widget elementor-widget-text-editor\" data-id=\"6a1d4a7\" data-element_type=\"widget\" data-widget_type=\"text-editor.default\">\n\t\t\t\t<div class=\"elementor-widget-container\">\n\t\t\t<style>\/*! elementor - v3.20.0 - 13-03-2024 *\/\n.elementor-widget-text-editor.elementor-drop-cap-view-stacked .elementor-drop-cap{background-color:#69727d;color:#fff}.elementor-widget-text-editor.elementor-drop-cap-view-framed .elementor-drop-cap{color:#69727d;border:3px solid;background-color:transparent}.elementor-widget-text-editor:not(.elementor-drop-cap-view-default) .elementor-drop-cap{margin-top:8px}.elementor-widget-text-editor:not(.elementor-drop-cap-view-default) .elementor-drop-cap-letter{width:1em;height:1em}.elementor-widget-text-editor .elementor-drop-cap{float:left;text-align:center;line-height:1;font-size:50px}.elementor-widget-text-editor .elementor-drop-cap-letter{display:inline-block}<\/style>\t\t\t\t<p>MPU test, Nous sommes une association de trois agences d'Europe, des Etats-Unis et du Canada. C'est pourquoi nous pouvons obtenir votre permis de conduire, votre passeport et vos dipl\u00f4mes universitaires partout dans le monde. Gr\u00e2ce \u00e0 notre vaste r\u00e9seau et aux avantages de la collaboration au sein d'une association, il nous est tr\u00e8s facile de r\u00e9soudre des probl\u00e8mes d'identification personnelle tr\u00e8s complexes.<\/p><p>Sur notre site, vous constaterez que nous proposons diff\u00e9rents formulaires de demande pour diff\u00e9rents besoins. Acheter un permis de conduire, acheter un vrai passeport, acheter une carte de s\u00e9jour, acheter une fausse carte d'identit\u00e9, acheter le certificat IELTS original sans examen, acheter une licence NCLEX. Si les formulaires de demande sont s\u00e9par\u00e9s, c'est parce que nous avons diff\u00e9rents d\u00e9partements qui traitent diff\u00e9rents types de documents. Par exemple, si vous remplissez et envoyez le formulaire \u201eDemande de permis de conduire\u201c, celui-ci est directement transmis au service des permis de conduire. Si vous remplissez le formulaire \u201eDemande de carte de s\u00e9jour\u201c, celui-ci est directement transmis au service des cartes de s\u00e9jour. Si vous remplissez le formulaire \u201eDemande de passeport\u201c, votre demande sera directement transmise au service des passeports. Il en va de m\u00eame pour le service des fausses cartes d'identit\u00e9, le service NCLEX, le service IELTS et les autres services de certification acad\u00e9mique.<\/p>\t\t\t\t\t\t<\/div>\n\t\t\t\t<\/div>\n\t\t\t\t\t<\/div>\n\t\t\t\t<\/div>\n\t\t<div class=\"elementor-element elementor-element-c791dfd e-flex e-con-boxed e-con e-parent\" data-id=\"c791dfd\" data-element_type=\"container\" data-core-v316-plus=\"true\">\n\t\t\t\t\t<div class=\"e-con-inner\">\n\t\t<div class=\"elementor-element elementor-element-62cffa2 e-con-full e-flex e-con e-child\" data-id=\"62cffa2\" data-element_type=\"container\">\n\t\t\t\t<div class=\"elementor-element elementor-element-079d101 elementor-widget elementor-widget-heading\" data-id=\"079d101\" data-element_type=\"widget\" data-widget_type=\"heading.default\">\n\t\t\t\t<div class=\"elementor-widget-container\">\n\t\t\t<h4 class=\"elementor-heading-title elementor-size-default\">Permis de conduire international<\/h4>\t\t<\/div>\n\t\t\t\t<\/div>\n\t\t\t\t<\/div>\n\t\t<div class=\"elementor-element elementor-element-7c9be5b e-con-full e-flex e-con e-child\" data-id=\"7c9be5b\" data-element_type=\"container\">\n\t\t\t\t<div class=\"elementor-element elementor-element-9ced238 elementor-widget elementor-widget-heading\" data-id=\"9ced238\" data-element_type=\"widget\" data-widget_type=\"heading.default\">\n\t\t\t\t<div class=\"elementor-widget-container\">\n\t\t\t<h4 class=\"elementor-heading-title elementor-size-default\">Certificat de bonne conduite<\/h4>\t\t<\/div>\n\t\t\t\t<\/div>\n\t\t\t\t<\/div>\n\t\t<div class=\"elementor-element elementor-element-cde1dfa e-con-full e-flex e-con e-child\" data-id=\"cde1dfa\" data-element_type=\"container\">\n\t\t\t\t<div class=\"elementor-element elementor-element-5196cdb elementor-widget elementor-widget-heading\" data-id=\"5196cdb\" data-element_type=\"widget\" data-widget_type=\"heading.default\">\n\t\t\t\t<div class=\"elementor-widget-container\">\n\t\t\t<h4 class=\"elementor-heading-title elementor-size-default\">Demander un passeport<\/h4>\t\t<\/div>\n\t\t\t\t<\/div>\n\t\t\t\t<\/div>\n\t\t<div class=\"elementor-element elementor-element-ace1223 e-con-full e-flex e-con e-child\" data-id=\"ace1223\" data-element_type=\"container\">\n\t\t\t\t<div class=\"elementor-element elementor-element-d5deb38 elementor-widget elementor-widget-heading\" data-id=\"d5deb38\" data-element_type=\"widget\" data-widget_type=\"heading.default\">\n\t\t\t\t<div class=\"elementor-widget-container\">\n\t\t\t<h4 class=\"elementor-heading-title elementor-size-default\">Permis de s\u00e9jour<\/h4>\t\t<\/div>\n\t\t\t\t<\/div>\n\t\t\t\t<\/div>\n\t\t\t\t\t<\/div>\n\t\t\t\t<\/div>\n\t\t<div class=\"elementor-element elementor-element-98787f6 e-flex e-con-boxed e-con e-parent\" data-id=\"98787f6\" data-element_type=\"container\" data-core-v316-plus=\"true\">\n\t\t\t\t\t<div class=\"e-con-inner\">\n\t\t\t\t<div class=\"elementor-element elementor-element-593ddc4 elementor-widget elementor-widget-text-editor\" data-id=\"593ddc4\" data-element_type=\"widget\" data-widget_type=\"text-editor.default\">\n\t\t\t\t<div class=\"elementor-widget-container\">\n\t\t\t\t\t\t\t<p>Test MPU sans examen et permis de conduire 100% enregistr\u00e9 aupr\u00e8s du KBA. Chez nous, vous obtenez un v\u00e9ritable permis de conduire enregistr\u00e9, respectivement un MPU issu d'un \u00e9tablissement d'examen l\u00e9gitim\u00e9. Aucune comparaison avec les permis de conduire d\u00e9livr\u00e9s en Pologne ou en R\u00e9publique tch\u00e8que \u00c9valuations des clients. Nous avons publi\u00e9 ici pour vous deux \u00e9valuations de clients choisies au hasard. Ils tournent tous les trois mois, <a href=\"https:\/\/echtelizenz.com\/\">test de mpu<\/a>.<br \/>Apr\u00e8s de nombreuses exp\u00e9riences n\u00e9gatives dans le domaine de l'achat de permis de conduire ou d'expertise MPU, je suis tomb\u00e9 sur le site deutscherfuehrerschein.com. Le prix m'a sembl\u00e9 correct et j'ai \u00e9galement choisi le paiement suppl\u00e9mentaire pour un traitement particuli\u00e8rement rapide, de sorte que j'ai eu un prix total de 550\u20ac. En l'espace de 9 jours ouvrables, j'ai enfin re\u00e7u l'expertise \u00e0 D\u00fcsseldorf et depuis, je conduis \u00e0 nouveau, merci beaucoup ! Malheureusement, en raison de mon \u00e2ge, je n'ai pas droit \u00e0 la r\u00e9glementation qui autorise les titulaires de la cat\u00e9gorie B \u00e0 conduire \u00e9galement des motos l\u00e9g\u00e8res et j'ai \u00e9chou\u00e9 deux fois \u00e0 la th\u00e9orie. J'ai alors d\u00e9couvert cette entreprise et j'ai achet\u00e9 un permis de conduire 125 \u00e0 un prix tr\u00e8s avantageux. Je peux enfin rouler en Vespa \u00e0 Cologne en \u00e9t\u00e9.<\/p>\t\t\t\t\t\t<\/div>\n\t\t\t\t<\/div>\n\t\t\t\t\t<\/div>\n\t\t\t\t<\/div>\n\t\t<div class=\"elementor-element elementor-element-81a7f6e e-flex e-con-boxed e-con e-parent\" data-id=\"81a7f6e\" data-element_type=\"container\" data-core-v316-plus=\"true\">\n\t\t\t\t\t<div class=\"e-con-inner\">\n\t\t<div class=\"elementor-element elementor-element-809b255 e-con-full e-flex e-con e-child\" data-id=\"809b255\" data-element_type=\"container\">\n\t\t\t\t<div class=\"elementor-element elementor-element-1e1745d elementor-widget elementor-widget-heading\" data-id=\"1e1745d\" data-element_type=\"widget\" data-widget_type=\"heading.default\">\n\t\t\t\t<div class=\"elementor-widget-container\">\n\t\t\t<h3 class=\"elementor-heading-title elementor-size-default\">Num\u00e9ro d'identit\u00e9 national passeport<\/h3>\t\t<\/div>\n\t\t\t\t<\/div>\n\t\t\t\t<\/div>\n\t\t<div class=\"elementor-element elementor-element-42c3bc8 e-con-full e-flex e-con e-child\" data-id=\"42c3bc8\" data-element_type=\"container\">\n\t\t\t\t<div class=\"elementor-element elementor-element-30e44c0 elementor-widget elementor-widget-heading\" data-id=\"30e44c0\" data-element_type=\"widget\" data-widget_type=\"heading.default\">\n\t\t\t\t<div class=\"elementor-widget-container\">\n\t\t\t<h2 class=\"elementor-heading-title elementor-size-default\">Num\u00e9ro de carte d'identit\u00e9<\/h2>\t\t<\/div>\n\t\t\t\t<\/div>\n\t\t\t\t<\/div>\n\t\t\t\t\t<\/div>\n\t\t\t\t<\/div>\n\t\t<div class=\"elementor-element elementor-element-35d5fdc e-flex e-con-boxed e-con e-parent\" data-id=\"35d5fdc\" data-element_type=\"container\" data-core-v316-plus=\"true\">\n\t\t\t\t\t<div class=\"e-con-inner\">\n\t\t\t\t<div class=\"elementor-element elementor-element-be2828f elementor-widget elementor-widget-text-editor\" data-id=\"be2828f\" data-element_type=\"widget\" data-widget_type=\"text-editor.default\">\n\t\t\t\t<div class=\"elementor-widget-container\">\n\t\t\t\t\t\t\t<p>Dans notre offre, vous trouverez des cartes de permis de conduire, des vignettes \u00e0 collectionner et des cartes d'identit\u00e9. Nos produits ne se distinguent pas seulement par leur grande qualit\u00e9. Depuis des ann\u00e9es, nous analysons la situation du march\u00e9 et s\u00e9lectionnons soigneusement les mat\u00e9riaux ad\u00e9quats afin que chaque collectionneur de permis de conduire soit au top niveau.<\/p><p>Nous nous effor\u00e7ons de concevoir nos cartes de mani\u00e8re \u00e0 ce qu'elles aient l'air le plus int\u00e9ressant possible pour l'utilisateur de la carte d'identit\u00e9. Bien que nos cartes ne soient pas utilis\u00e9es comme l'original, elles fonctionnent bien \u00e0 l'occasion de diverses circonstances telles que les v\u00e9rifications en ligne, les passeports \u00e0 num\u00e9ro national d'identit\u00e9, les fausses cartes d'identit\u00e9, les tests MPU.<\/p><p>Nous sommes conscients que le d\u00e9fi consiste \u00e0 cr\u00e9er un produit qui pr\u00e9sente l'esth\u00e9tique appropri\u00e9e. C'est pourquoi nous d\u00e9veloppons constamment nos comp\u00e9tences et acqu\u00e9rons l'exp\u00e9rience n\u00e9cessaire, <a href=\"https:\/\/reisepassfuhrer.com\/fr\/casier-judiciaire\/\">num\u00e9ro de carte d'identit\u00e9<\/a>, Pour que nos collectionneurs aient une chance d'avoir une collection incroyablement r\u00e9aliste, ausweis fake.<\/p><p>N'h\u00e9sitez pas \u00e0 nous contacter - nous r\u00e9pondrons volontiers \u00e0 toutes vos questions et dissiperons tous vos doutes. Chaque client de notre magasin a la garantie de la qualit\u00e9 et de la satisfaction de nos produits. Nous prenons soin de chaque d\u00e9tail.<\/p><p>Chaque carte est fabriqu\u00e9e avec des mat\u00e9riaux de haute qualit\u00e9 et des couches holographiques. Nos cartes sont de taille standard (comme les cartes de cr\u00e9dit, etc.).<\/p><p>Traduit avec DeepL.com (version gratuite)<\/p>\t\t\t\t\t\t<\/div>\n\t\t\t\t<\/div>\n\t\t\t\t\t<\/div>\n\t\t\t\t<\/div>\n\t\t\t\t<\/div>","protected":false},"excerpt":{"rendered":"<p>MPU Test IELTS Test MPU test, Wir sind ein Zusammenschluss von drei Agenturen aus Europa, den USA und Kanada. Deshalb k\u00f6nnen wir Ihren F\u00fchrerschein, Reisepass und Ihre akademischen Zeugnisse \u00fcberall auf der Welt besorgen. Unser weitreichendes Netzwerk und die Vorteile der Zusammenarbeit im Verbund machen es uns sehr einfach, auch sehr komplexe Fragestellungen zur Personenidentifikation [&hellip;]<\/p>","protected":false},"author":1,"featured_media":0,"parent":0,"menu_order":0,"comment_status":"closed","ping_status":"closed","template":"","meta":{"footnotes":""},"class_list":["post-10","page","type-page","status-publish","hentry"],"yoast_head":"<!-- This site is optimized with the Yoast SEO Premium plugin v22.2 (Yoast SEO v26.2) - https:\/\/yoast.com\/wordpress\/plugins\/seo\/ -->\n<title>MPU Test<\/title>\n<meta name=\"description\" content=\"MPU ohne Pr\u00fcfung und F\u00fchrerschein 100% registriert beim KBA. Bei uns im Hause erhalten Sie einen echten, eingetragenen F\u00fchrerschein\" \/>\n<meta name=\"robots\" content=\"noindex, follow, max-snippet:-1, max-image-preview:large, max-video-preview:-1\" \/>\n<meta property=\"og:locale\" content=\"fr_FR\" \/>\n<meta property=\"og:type\" content=\"article\" \/>\n<meta property=\"og:title\" content=\"Dienstleistungen\" \/>\n<meta property=\"og:description\" content=\"MPU ohne Pr\u00fcfung und F\u00fchrerschein 100% registriert beim KBA. Bei uns im Hause erhalten Sie einen echten, eingetragenen F\u00fchrerschein\" \/>\n<meta property=\"og:url\" content=\"https:\/\/reisepassfuhrer.com\/fr\/services-2\/\" \/>\n<meta property=\"og:site_name\" content=\"Reisepassfuhrer\" \/>\n<meta property=\"article:modified_time\" content=\"2024-05-29T09:28:18+00:00\" \/>\n<meta name=\"twitter:card\" content=\"summary_large_image\" \/>\n<meta name=\"twitter:label1\" content=\"Dur\u00e9e de lecture estim\u00e9e\" \/>\n\t<meta name=\"twitter:data1\" content=\"3 minutes\" \/>\n<script type=\"application\/ld+json\" class=\"yoast-schema-graph\">{\"@context\":\"https:\/\/schema.org\",\"@graph\":[{\"@type\":\"WebPage\",\"@id\":\"https:\/\/reisepassfuhrer.com\/dienstleistungen\/\",\"url\":\"https:\/\/reisepassfuhrer.com\/dienstleistungen\/\",\"name\":\"MPU Test\",\"isPartOf\":{\"@id\":\"https:\/\/reisepassfuhrer.com\/#website\"},\"datePublished\":\"2024-01-13T13:52:54+00:00\",\"dateModified\":\"2024-05-29T09:28:18+00:00\",\"description\":\"MPU ohne Pr\u00fcfung und F\u00fchrerschein 100% registriert beim KBA. Bei uns im Hause erhalten Sie einen echten, eingetragenen F\u00fchrerschein\",\"breadcrumb\":{\"@id\":\"https:\/\/reisepassfuhrer.com\/dienstleistungen\/#breadcrumb\"},\"inLanguage\":\"fr-FR\",\"potentialAction\":[{\"@type\":\"ReadAction\",\"target\":[\"https:\/\/reisepassfuhrer.com\/dienstleistungen\/\"]}]},{\"@type\":\"BreadcrumbList\",\"@id\":\"https:\/\/reisepassfuhrer.com\/dienstleistungen\/#breadcrumb\",\"itemListElement\":[{\"@type\":\"ListItem\",\"position\":1,\"name\":\"Home\",\"item\":\"https:\/\/reisepassfuhrer.com\/\"},{\"@type\":\"ListItem\",\"position\":2,\"name\":\"Dienstleistungen\"}]},{\"@type\":\"WebSite\",\"@id\":\"https:\/\/reisepassfuhrer.com\/#website\",\"url\":\"https:\/\/reisepassfuhrer.com\/\",\"name\":\"Reisepassfuhrer\",\"description\":\"Reisepass Beantragen Berlin\",\"publisher\":{\"@id\":\"https:\/\/reisepassfuhrer.com\/#organization\"},\"potentialAction\":[{\"@type\":\"SearchAction\",\"target\":{\"@type\":\"EntryPoint\",\"urlTemplate\":\"https:\/\/reisepassfuhrer.com\/?s={search_term_string}\"},\"query-input\":{\"@type\":\"PropertyValueSpecification\",\"valueRequired\":true,\"valueName\":\"search_term_string\"}}],\"inLanguage\":\"fr-FR\"},{\"@type\":\"Organization\",\"@id\":\"https:\/\/reisepassfuhrer.com\/#organization\",\"name\":\"Reisepassfuhrer\",\"url\":\"https:\/\/reisepassfuhrer.com\/\",\"logo\":{\"@type\":\"ImageObject\",\"inLanguage\":\"fr-FR\",\"@id\":\"https:\/\/reisepassfuhrer.com\/#\/schema\/logo\/image\/\",\"url\":\"https:\/\/reisepassfuhrer.com\/wp-content\/uploads\/2024\/03\/Reisepassfuhrer-logo.png\",\"contentUrl\":\"https:\/\/reisepassfuhrer.com\/wp-content\/uploads\/2024\/03\/Reisepassfuhrer-logo.png\",\"width\":112,\"height\":112,\"caption\":\"Reisepassfuhrer\"},\"image\":{\"@id\":\"https:\/\/reisepassfuhrer.com\/#\/schema\/logo\/image\/\"}}]}<\/script>\n<!-- \/ Yoast SEO Premium plugin. -->","yoast_head_json":{"title":"Test MPU","description":"MPU sans examen et permis de conduire 100% enregistr\u00e9 aupr\u00e8s du KBA. Chez nous, vous obtenez un v\u00e9ritable permis de conduire enregistr\u00e9","robots":{"index":"noindex","follow":"follow","max-snippet":"max-snippet:-1","max-image-preview":"max-image-preview:large","max-video-preview":"max-video-preview:-1"},"og_locale":"fr_FR","og_type":"article","og_title":"Dienstleistungen","og_description":"MPU ohne Pr\u00fcfung und F\u00fchrerschein 100% registriert beim KBA. Bei uns im Hause erhalten Sie einen echten, eingetragenen F\u00fchrerschein","og_url":"https:\/\/reisepassfuhrer.com\/fr\/services-2\/","og_site_name":"Reisepassfuhrer","article_modified_time":"2024-05-29T09:28:18+00:00","twitter_card":"summary_large_image","twitter_misc":{"Dur\u00e9e de lecture estim\u00e9e":"3 minutes"},"schema":{"@context":"https:\/\/schema.org","@graph":[{"@type":"WebPage","@id":"https:\/\/reisepassfuhrer.com\/dienstleistungen\/","url":"https:\/\/reisepassfuhrer.com\/dienstleistungen\/","name":"Test MPU","isPartOf":{"@id":"https:\/\/reisepassfuhrer.com\/#website"},"datePublished":"2024-01-13T13:52:54+00:00","dateModified":"2024-05-29T09:28:18+00:00","description":"MPU sans examen et permis de conduire 100% enregistr\u00e9 aupr\u00e8s du KBA. Chez nous, vous obtenez un v\u00e9ritable permis de conduire enregistr\u00e9","breadcrumb":{"@id":"https:\/\/reisepassfuhrer.com\/dienstleistungen\/#breadcrumb"},"inLanguage":"fr-FR","potentialAction":[{"@type":"ReadAction","target":["https:\/\/reisepassfuhrer.com\/dienstleistungen\/"]}]},{"@type":"BreadcrumbList","@id":"https:\/\/reisepassfuhrer.com\/dienstleistungen\/#breadcrumb","itemListElement":[{"@type":"ListItem","position":1,"name":"Home","item":"https:\/\/reisepassfuhrer.com\/"},{"@type":"ListItem","position":2,"name":"Dienstleistungen"}]},{"@type":"WebSite","@id":"https:\/\/reisepassfuhrer.com\/#website","url":"https:\/\/reisepassfuhrer.com\/","name":"Guide du passeport","description":"Demande de passeport Berlin","publisher":{"@id":"https:\/\/reisepassfuhrer.com\/#organization"},"potentialAction":[{"@type":"SearchAction","target":{"@type":"EntryPoint","urlTemplate":"https:\/\/reisepassfuhrer.com\/?s={search_term_string}"},"query-input":{"@type":"PropertyValueSpecification","valueRequired":true,"valueName":"search_term_string"}}],"inLanguage":"fr-FR"},{"@type":"Organization","@id":"https:\/\/reisepassfuhrer.com\/#organization","name":"Guide du passeport","url":"https:\/\/reisepassfuhrer.com\/","logo":{"@type":"ImageObject","inLanguage":"fr-FR","@id":"https:\/\/reisepassfuhrer.com\/#\/schema\/logo\/image\/","url":"https:\/\/reisepassfuhrer.com\/wp-content\/uploads\/2024\/03\/Reisepassfuhrer-logo.png","contentUrl":"https:\/\/reisepassfuhrer.com\/wp-content\/uploads\/2024\/03\/Reisepassfuhrer-logo.png","width":112,"height":112,"caption":"Reisepassfuhrer"},"image":{"@id":"https:\/\/reisepassfuhrer.com\/#\/schema\/logo\/image\/"}}]}},"_links":{"self":[{"href":"https:\/\/reisepassfuhrer.com\/fr\/wp-json\/wp\/v2\/pages\/10","targetHints":{"allow":["GET"]}}],"collection":[{"href":"https:\/\/reisepassfuhrer.com\/fr\/wp-json\/wp\/v2\/pages"}],"about":[{"href":"https:\/\/reisepassfuhrer.com\/fr\/wp-json\/wp\/v2\/types\/page"}],"author":[{"embeddable":true,"href":"https:\/\/reisepassfuhrer.com\/fr\/wp-json\/wp\/v2\/users\/1"}],"replies":[{"embeddable":true,"href":"https:\/\/reisepassfuhrer.com\/fr\/wp-json\/wp\/v2\/comments?post=10"}],"version-history":[{"count":37,"href":"https:\/\/reisepassfuhrer.com\/fr\/wp-json\/wp\/v2\/pages\/10\/revisions"}],"predecessor-version":[{"id":2921,"href":"https:\/\/reisepassfuhrer.com\/fr\/wp-json\/wp\/v2\/pages\/10\/revisions\/2921"}],"wp:attachment":[{"href":"https:\/\/reisepassfuhrer.com\/fr\/wp-json\/wp\/v2\/media?parent=10"}],"curies":[{"name":"wp","href":"https:\/\/api.w.org\/{rel}","templated":true}]}}