{"id":2377,"date":"2024-01-13T19:56:34","date_gmt":"2021-03-09T14:34:09","guid":{"rendered":"https:\/\/reisepassfuhrer.com\/index.php\/menu\/"},"modified":"2024-01-27T12:34:54","modified_gmt":"2024-01-27T12:34:54","slug":"fuhrerschein-schweiz","status":"publish","type":"page","link":"https:\/\/reisepassfuhrer.com\/fr\/permis-de-conduire-suisse\/","title":{"rendered":"permis de conduire suisse"},"content":{"rendered":"<div data-elementor-type=\"wp-page\" data-elementor-id=\"2377\" class=\"elementor elementor-2377\" data-elementor-post-type=\"page\">\n\t\t\t\t<div class=\"elementor-element elementor-element-49b59b4 e-flex e-con-boxed e-con e-parent\" data-id=\"49b59b4\" data-element_type=\"container\" data-core-v316-plus=\"true\">\n\t\t\t\t\t<div class=\"e-con-inner\">\n\t\t<div class=\"elementor-element elementor-element-3c5d29c e-con-full e-flex e-con e-child\" data-id=\"3c5d29c\" data-element_type=\"container\">\n\t\t\t\t<div class=\"elementor-element elementor-element-206c1d5 elementor-widget elementor-widget-heading\" data-id=\"206c1d5\" data-element_type=\"widget\" data-widget_type=\"heading.default\">\n\t\t\t\t<div class=\"elementor-widget-container\">\n\t\t\t<style>\/*! elementor - v3.20.0 - 13-03-2024 *\/\n.elementor-heading-title{padding:0;margin:0;line-height:1}.elementor-widget-heading .elementor-heading-title[class*=elementor-size-]>a{color:inherit;font-size:inherit;line-height:inherit}.elementor-widget-heading .elementor-heading-title.elementor-size-small{font-size:15px}.elementor-widget-heading .elementor-heading-title.elementor-size-medium{font-size:19px}.elementor-widget-heading .elementor-heading-title.elementor-size-large{font-size:29px}.elementor-widget-heading .elementor-heading-title.elementor-size-xl{font-size:39px}.elementor-widget-heading .elementor-heading-title.elementor-size-xxl{font-size:59px}<\/style><h2 class=\"elementor-heading-title elementor-size-default\">permis de conduire suisse<\/h2>\t\t<\/div>\n\t\t\t\t<\/div>\n\t\t\t\t<\/div>\n\t\t<div class=\"elementor-element elementor-element-5cc2ac5 e-con-full e-flex e-con e-child\" data-id=\"5cc2ac5\" data-element_type=\"container\">\n\t\t\t\t<div class=\"elementor-element elementor-element-6ffa2fe elementor-widget elementor-widget-heading\" data-id=\"6ffa2fe\" data-element_type=\"widget\" data-widget_type=\"heading.default\">\n\t\t\t\t<div class=\"elementor-widget-container\">\n\t\t\t<h2 class=\"elementor-heading-title elementor-size-default\">Permis de conduire international suisse<\/h2>\t\t<\/div>\n\t\t\t\t<\/div>\n\t\t\t\t<\/div>\n\t\t\t\t\t<\/div>\n\t\t\t\t<\/div>\n\t\t<div class=\"elementor-element elementor-element-6762236e e-flex e-con-boxed e-con e-parent\" data-id=\"6762236e\" data-element_type=\"container\" data-core-v316-plus=\"true\">\n\t\t\t\t\t<div class=\"e-con-inner\">\n\t\t\t\t<div class=\"elementor-element elementor-element-2c33fdfe elementor-widget elementor-widget-text-editor\" data-id=\"2c33fdfe\" data-element_type=\"widget\" data-widget_type=\"text-editor.default\">\n\t\t\t\t<div class=\"elementor-widget-container\">\n\t\t\t<style>\/*! elementor - v3.20.0 - 13-03-2024 *\/\n.elementor-widget-text-editor.elementor-drop-cap-view-stacked .elementor-drop-cap{background-color:#69727d;color:#fff}.elementor-widget-text-editor.elementor-drop-cap-view-framed .elementor-drop-cap{color:#69727d;border:3px solid;background-color:transparent}.elementor-widget-text-editor:not(.elementor-drop-cap-view-default) .elementor-drop-cap{margin-top:8px}.elementor-widget-text-editor:not(.elementor-drop-cap-view-default) .elementor-drop-cap-letter{width:1em;height:1em}.elementor-widget-text-editor .elementor-drop-cap{float:left;text-align:center;line-height:1;font-size:50px}.elementor-widget-text-editor .elementor-drop-cap-letter{display:inline-block}<\/style>\t\t\t\t<p>Permis de conduire suisse, Un permis de conduire est l'autorisation l\u00e9gale donn\u00e9e \u00e0 une personne donn\u00e9e de conduire un ou plusieurs v\u00e9hicules \u00e0 moteur. C'est la forme la plus acceptable de document d\u00e9livr\u00e9 par le gouvernement, que vous pouvez pr\u00e9senter comme preuve d'identit\u00e9. Il vous donne \u00e9galement la libert\u00e9 de conduire de mani\u00e8re ind\u00e9pendante, sans avoir \u00e0 craindre les autorit\u00e9s. Acheter un permis de conduire en ligne. Tous ces privil\u00e8ges impliquent un certain investissement en temps, en argent et en travail. Il y a de nombreuses conditions \u00e0 remplir pour obtenir un permis de conduire, permis suisse en allemagne.\u00a0<\/p>\n<p>Vous pouvez cependant acheter un permis de conduire sans examen ou proc\u00e9dure fr\u00e9n\u00e9tique, permis suisse, c1 co\u00fbt permis, ce co\u00fbt permis. Aucune connaissance pr\u00e9alable de la conduite n'est requise, permis de conduire international suisse, co\u00fbt du permis cyclomoteur. Nous vous laissons le soin de le faire. Vous n'avez m\u00eame pas besoin de suivre une formation th\u00e9orique ou pratique. Si vous voulez \u00e9viter les files d'attente, permis de conduire international, procurez-vous un permis de conduire bon march\u00e9 qui dispose de toutes les caract\u00e9ristiques de s\u00e9curit\u00e9 d'origine. Nous parions que personne ne remarquera la diff\u00e9rence ! Vous devez conna\u00eetre l'\u00e2ge du permis de conduire n\u00e9erlandais.<\/p>\t\t\t\t\t\t<\/div>\n\t\t\t\t<\/div>\n\t\t\t\t\t<\/div>\n\t\t\t\t<\/div>\n\t\t<div class=\"elementor-element elementor-element-8a5f0ce e-flex e-con-boxed e-con e-parent\" data-id=\"8a5f0ce\" data-element_type=\"container\" data-core-v316-plus=\"true\">\n\t\t\t\t\t<div class=\"e-con-inner\">\n\t\t<div class=\"elementor-element elementor-element-5d6ba28 e-con-full e-flex e-con e-child\" data-id=\"5d6ba28\" data-element_type=\"container\">\n\t\t\t\t<div class=\"elementor-element elementor-element-b7e47d6 elementor-widget elementor-widget-heading\" data-id=\"b7e47d6\" data-element_type=\"widget\" data-widget_type=\"heading.default\">\n\t\t\t\t<div class=\"elementor-widget-container\">\n\t\t\t<h2 class=\"elementor-heading-title elementor-size-default\">A1 permis de conduire suisse<\/h2>\t\t<\/div>\n\t\t\t\t<\/div>\n\t\t\t\t<\/div>\n\t\t<div class=\"elementor-element elementor-element-e1c2486 e-con-full e-flex e-con e-child\" data-id=\"e1c2486\" data-element_type=\"container\">\n\t\t\t\t<div class=\"elementor-element elementor-element-28f783c elementor-widget elementor-widget-heading\" data-id=\"28f783c\" data-element_type=\"widget\" data-widget_type=\"heading.default\">\n\t\t\t\t<div class=\"elementor-widget-container\">\n\t\t\t<h2 class=\"elementor-heading-title elementor-size-default\">Permis de conduire moto suisse<\/h2>\t\t<\/div>\n\t\t\t\t<\/div>\n\t\t\t\t<\/div>\n\t\t\t\t\t<\/div>\n\t\t\t\t<\/div>\n\t\t<div class=\"elementor-element elementor-element-60a9600 e-flex e-con-boxed e-con e-parent\" data-id=\"60a9600\" data-element_type=\"container\" data-core-v316-plus=\"true\">\n\t\t\t\t\t<div class=\"e-con-inner\">\n\t\t\t\t<div class=\"elementor-element elementor-element-96bee33 elementor-widget elementor-widget-text-editor\" data-id=\"96bee33\" data-element_type=\"widget\" data-widget_type=\"text-editor.default\">\n\t\t\t\t<div class=\"elementor-widget-container\">\n\t\t\t\t\t\t\t<p>Il pourrait \u00eatre difficile d'obtenir un permis de conduire suisse. Avant de passer l'examen th\u00e9orique, vous devez suivre une formation aux premiers secours de 10 heures. Apr\u00e8s l'obtention de votre permis de conduire provisoire, vous devrez suivre huit heures de formation de sensibilisation \u00e0 la circulation routi\u00e8re, et apr\u00e8s l'obtention de votre permis de conduire suisse (co\u00fbt du permis de conduire suisse), vous devrez suivre quelques heures suppl\u00e9mentaires.<br \/>Pendant la proc\u00e9dure, il y a beaucoup de paperasse \u00e0 remplir et des langues nationales comme l'italien, l'allemand ou le fran\u00e7ais doivent \u00eatre clarifi\u00e9es. Si vous \u00e9chouez \u00e0 un examen, votre candidature sera rejet\u00e9e, ce qui peut vous obliger \u00e0 attendre encore plus longtemps pour obtenir le document que vous souhaitez. En choisissant un faux permis de conduire suisse, vous pouvez \u00e9viter compl\u00e8tement de tels probl\u00e8mes. Nous mettons \u00e0 votre disposition un grand choix de travaux authentiques qui figurent dans la base de donn\u00e9es principale. Consultez d\u00e8s maintenant nos services et faites-nous part de vos besoins ! Pourquoi acheter un permis de conduire suisse chez nous ?<\/p>\t\t\t\t\t\t<\/div>\n\t\t\t\t<\/div>\n\t\t\t\t\t<\/div>\n\t\t\t\t<\/div>\n\t\t<div class=\"elementor-element elementor-element-d570619 e-flex e-con-boxed e-con e-parent\" data-id=\"d570619\" data-element_type=\"container\" data-core-v316-plus=\"true\">\n\t\t\t\t\t<div class=\"e-con-inner\">\n\t\t<div class=\"elementor-element elementor-element-11d4bf8 e-con-full e-flex e-con e-child\" data-id=\"11d4bf8\" data-element_type=\"container\">\n\t\t\t\t<div class=\"elementor-element elementor-element-cd6fc52 elementor-widget elementor-widget-image\" data-id=\"cd6fc52\" data-element_type=\"widget\" data-widget_type=\"image.default\">\n\t\t\t\t<div class=\"elementor-widget-container\">\n\t\t\t<style>\/*! elementor - v3.20.0 - 13-03-2024 *\/\n.elementor-widget-image{text-align:center}.elementor-widget-image a{display:inline-block}.elementor-widget-image a img[src$=\".svg\"]{width:48px}.elementor-widget-image img{vertical-align:middle;display:inline-block}<\/style>\t\t\t\t\t\t\t<figure class=\"wp-caption\">\n\t\t\t\t\t\t\t\t\t\t<img fetchpriority=\"high\" decoding=\"async\" width=\"640\" height=\"630\" src=\"https:\/\/reisepassfuhrer.com\/wp-content\/uploads\/2024\/01\/Buy-French-drivers-licence.jpg\" class=\"attachment-large size-large wp-image-2606\" alt=\"permis de conduire suisse\" srcset=\"https:\/\/reisepassfuhrer.com\/wp-content\/uploads\/2024\/01\/Buy-French-drivers-licence.jpg 640w, https:\/\/reisepassfuhrer.com\/wp-content\/uploads\/2024\/01\/Buy-French-drivers-licence-300x295.jpg 300w, https:\/\/reisepassfuhrer.com\/wp-content\/uploads\/2024\/01\/Buy-French-drivers-licence-229x225.jpg 229w\" sizes=\"(max-width: 640px) 100vw, 640px\" \/>\t\t\t\t\t\t\t\t\t\t\t<figcaption class=\"widget-image-caption wp-caption-text\">permis de conduire suisse<\/figcaption>\n\t\t\t\t\t\t\t\t\t\t<\/figure>\n\t\t\t\t\t\t\t<\/div>\n\t\t\t\t<\/div>\n\t\t\t\t<\/div>\n\t\t<div class=\"elementor-element elementor-element-e5392a4 e-con-full e-flex e-con e-child\" data-id=\"e5392a4\" data-element_type=\"container\">\n\t\t\t\t<div class=\"elementor-element elementor-element-ea66b31 elementor-widget elementor-widget-image\" data-id=\"ea66b31\" data-element_type=\"widget\" data-widget_type=\"image.default\">\n\t\t\t\t<div class=\"elementor-widget-container\">\n\t\t\t\t\t\t\t\t\t\t<figure class=\"wp-caption\">\n\t\t\t\t\t\t\t\t\t\t<img decoding=\"async\" src=\"https:\/\/reisepassfuhrer.com\/wp-content\/uploads\/2024\/01\/dl.jpeg\" title=\"permis de conduire international suisse\" alt=\"permis de conduire international suisse\" loading=\"lazy\" \/>\t\t\t\t\t\t\t\t\t\t\t<figcaption class=\"widget-image-caption wp-caption-text\">permis de conduire international suisse<\/figcaption>\n\t\t\t\t\t\t\t\t\t\t<\/figure>\n\t\t\t\t\t\t\t<\/div>\n\t\t\t\t<\/div>\n\t\t\t\t<\/div>\n\t\t\t\t\t<\/div>\n\t\t\t\t<\/div>\n\t\t<div class=\"elementor-element elementor-element-1450bcc e-flex e-con-boxed e-con e-parent\" data-id=\"1450bcc\" data-element_type=\"container\" data-core-v316-plus=\"true\">\n\t\t\t\t\t<div class=\"e-con-inner\">\n\t\t\t\t<div class=\"elementor-element elementor-element-f1bca8e elementor-widget elementor-widget-text-editor\" data-id=\"f1bca8e\" data-element_type=\"widget\" data-widget_type=\"text-editor.default\">\n\t\t\t\t<div class=\"elementor-widget-container\">\n\t\t\t\t\t\t\t<p>Il pourrait \u00eatre difficile d'obtenir un permis de conduire suisse. Avant de passer l'examen th\u00e9orique, vous devez suivre une formation aux premiers secours de dix heures. Apr\u00e8s l'obtention de votre permis de conduire provisoire, vous devrez suivre huit heures de formation \u00e0 la sensibilisation au trafic, et apr\u00e8s l'obtention de votre permis de conduire suisse, vous devrez suivre quelques heures suppl\u00e9mentaires. Des documents authentiques sont \u00e0 votre disposition.<br \/>Pendant la proc\u00e9dure, il y a beaucoup de paperasse \u00e0 remplir et des langues nationales comme l'italien, l'allemand ou le fran\u00e7ais doivent \u00eatre clarifi\u00e9es. Si vous \u00e9chouez \u00e0 un examen, votre candidature sera rejet\u00e9e, ce qui peut vous obliger \u00e0 attendre encore plus longtemps pour obtenir le document que vous souhaitez. En choisissant un faux permis de conduire suisse, vous pouvez \u00e9viter compl\u00e8tement de tels probl\u00e8mes. Nous mettons \u00e0 votre disposition un grand choix de travaux authentiques qui figurent dans la base de donn\u00e9es principale. Consultez d\u00e8s maintenant nos services et faites-nous part de vos besoins !<br \/>Pourquoi acheter un permis de conduire suisse chez nous ?<\/p><p>Quel que soit l'endroit o\u00f9 vous vous trouvez dans le monde, vous devez disposer d'une licence valable pour conduire un v\u00e9hicule. Malheureusement, la proc\u00e9dure de candidature est l'un des principaux obstacles. Pour ceux qui viennent de d\u00e9m\u00e9nager en Suisse, c'est nettement pire. Heureusement, il existe des fournisseurs de documents fiables qui peuvent vous aider \u00e0 \u00e9viter ce processus fastidieux. Voici quelques raisons de faire ce choix.<\/p><p>La commodit\u00e9. Que faut-il de plus quand on peut faire sa demande de permis de conduire en Suisse en ligne, confortablement install\u00e9 chez soi ? Votre pr\u00e9sence personnelle n'est pas n\u00e9cessaire pour passer un examen th\u00e9orique ou pratique. Il vous suffit d'indiquer votre nom et toutes les informations pertinentes. Nos collaborateurs se chargeront de l'estampiller pour vous !<\/p><p>l'authenticit\u00e9. Nous ne vous faisons pas souffrir en tant que faussaire. Le document que vous recevez de notre part est aussi authentique que l'original. Le policier ne soup\u00e7onnera jamais que vous \u00eates en possession d'un faux permis de conduire.<\/p><p>L'accessibilit\u00e9 financi\u00e8re. Si vous additionnez les co\u00fbts d'obtention d'un permis de conduire selon la proc\u00e9dure standard, vous verrez \u00e0 quel point nous sommes avantageux.<\/p><p>Gain de temps. Un processus centralis\u00e9 demande beaucoup de temps et de travail et n'en vaut pas la peine. Avec la certitude que nous offrons le meilleur en temps voulu, vous investissez en nous et vous gagnez un temps pr\u00e9cieux.<\/p><p>Comment obtenir un permis de conduire suisse sans examen<\/p><p>L'\u00e9poque o\u00f9 l'on pouvait s'en sortir sans permis de conduire est r\u00e9volue depuis longtemps. Face \u00e0 l'augmentation du nombre d'accidents de la route, les autorit\u00e9s ont encore durci les r\u00e8gles. Vous avez la possibilit\u00e9 d'obtenir un permis de conduire international en Suisse en toute simplicit\u00e9. Notre \u00e9quipe est compos\u00e9e de collaborateurs issus des domaines de la technologie, du design et du gouvernement, qui poss\u00e8dent les comp\u00e9tences n\u00e9cessaires pour reproduire parfaitement un document original. Nous contacter. Dites-nous ce dont vous avez besoin en nous contactant d\u00e8s maintenant ! Acheter des permis de conduire pour d'autres pays de l'UE<\/p>\t\t\t\t\t\t<\/div>\n\t\t\t\t<\/div>\n\t\t\t\t\t<\/div>\n\t\t\t\t<\/div>\n\t\t<div class=\"elementor-element elementor-element-edec56e e-flex e-con-boxed e-con e-parent\" data-id=\"edec56e\" data-element_type=\"container\" data-core-v316-plus=\"true\">\n\t\t\t\t\t<div class=\"e-con-inner\">\n\t\t<div class=\"elementor-element elementor-element-dc23bf7 e-con-full e-flex e-con e-child\" data-id=\"dc23bf7\" data-element_type=\"container\">\n\t\t\t\t<div class=\"elementor-element elementor-element-3d5487a elementor-widget elementor-widget-heading\" data-id=\"3d5487a\" data-element_type=\"widget\" data-widget_type=\"heading.default\">\n\t\t\t\t<div class=\"elementor-widget-container\">\n\t\t\t<h2 class=\"elementor-heading-title elementor-size-default\">transcrire le permis de conduire suisse<\/h2>\t\t<\/div>\n\t\t\t\t<\/div>\n\t\t\t\t<\/div>\n\t\t<div class=\"elementor-element elementor-element-05ff606 e-con-full e-flex e-con e-child\" data-id=\"05ff606\" data-element_type=\"container\">\n\t\t\t\t<div class=\"elementor-element elementor-element-9e7a369 elementor-widget elementor-widget-heading\" data-id=\"9e7a369\" data-element_type=\"widget\" data-widget_type=\"heading.default\">\n\t\t\t\t<div class=\"elementor-widget-container\">\n\t\t\t<h2 class=\"elementor-heading-title elementor-size-default\">conduire sans permis en suisse<\/h2>\t\t<\/div>\n\t\t\t\t<\/div>\n\t\t\t\t<\/div>\n\t\t\t\t\t<\/div>\n\t\t\t\t<\/div>\n\t\t\t\t<\/div>","protected":false},"excerpt":{"rendered":"<p>F\u00fchrerschein schweiz Internationaler f\u00fchrerschein schweiz F\u00fchrerschein schweiz, Ein F\u00fchrerschein ist die gesetzliche Erlaubnis einer bestimmten Person, ein oder mehrere Kraftfahrzeuge zu f\u00fchren. Es ist die akzeptabelste Form eines von der Regierung ausgestellten Dokuments, das Sie als Identit\u00e4tsnachweis vorlegen k\u00f6nnen. Es gibt Ihnen auch die Freiheit, unabh\u00e4ngig zu fahren, ohne Angst vor den Beh\u00f6rden zu haben. [&hellip;]<\/p>","protected":false},"author":1,"featured_media":0,"parent":0,"menu_order":0,"comment_status":"closed","ping_status":"closed","template":"","meta":{"footnotes":""},"class_list":["post-2377","page","type-page","status-publish","hentry"],"yoast_head":"<!-- This site is optimized with the Yoast SEO Premium plugin v22.2 (Yoast SEO v26.2) - https:\/\/yoast.com\/wordpress\/plugins\/seo\/ -->\n<title>F\u00fchrerschein schweiz - Reisepassfuhrer<\/title>\n<meta name=\"description\" content=\"F\u00fchrerschein schweiz, Ein F\u00fchrerschein ist die gesetzliche Erlaubnis einer bestimmten Person, ein oder mehrere Kraftfahrzeuge zu f\u00fchren.\" \/>\n<meta name=\"robots\" content=\"noindex, follow, max-snippet:-1, max-image-preview:large, max-video-preview:-1\" \/>\n<meta property=\"og:locale\" content=\"fr_FR\" \/>\n<meta property=\"og:type\" content=\"article\" \/>\n<meta property=\"og:title\" content=\"F\u00fchrerschein schweiz\" \/>\n<meta property=\"og:description\" content=\"F\u00fchrerschein schweiz, Ein F\u00fchrerschein ist die gesetzliche Erlaubnis einer bestimmten Person, ein oder mehrere Kraftfahrzeuge zu f\u00fchren.\" \/>\n<meta property=\"og:url\" content=\"https:\/\/reisepassfuhrer.com\/fr\/permis-de-conduire-suisse\/\" \/>\n<meta property=\"og:site_name\" content=\"Reisepassfuhrer\" \/>\n<meta property=\"article:modified_time\" content=\"2024-01-27T12:34:54+00:00\" \/>\n<meta property=\"og:image\" content=\"http:\/\/reisepassfuhrer.com\/wp-content\/uploads\/2024\/01\/Buy-French-drivers-licence.jpg\" \/>\n<meta name=\"twitter:card\" content=\"summary_large_image\" \/>\n<meta name=\"twitter:label1\" content=\"Dur\u00e9e de lecture estim\u00e9e\" \/>\n\t<meta name=\"twitter:data1\" content=\"4 minutes\" \/>\n<script type=\"application\/ld+json\" class=\"yoast-schema-graph\">{\"@context\":\"https:\/\/schema.org\",\"@graph\":[{\"@type\":\"WebPage\",\"@id\":\"https:\/\/reisepassfuhrer.com\/fuhrerschein-schweiz\/\",\"url\":\"https:\/\/reisepassfuhrer.com\/fuhrerschein-schweiz\/\",\"name\":\"F\u00fchrerschein schweiz - Reisepassfuhrer\",\"isPartOf\":{\"@id\":\"https:\/\/reisepassfuhrer.com\/#website\"},\"primaryImageOfPage\":{\"@id\":\"https:\/\/reisepassfuhrer.com\/fuhrerschein-schweiz\/#primaryimage\"},\"image\":{\"@id\":\"https:\/\/reisepassfuhrer.com\/fuhrerschein-schweiz\/#primaryimage\"},\"thumbnailUrl\":\"http:\/\/reisepassfuhrer.com\/wp-content\/uploads\/2024\/01\/Buy-French-drivers-licence.jpg\",\"datePublished\":\"2021-03-09T14:34:09+00:00\",\"dateModified\":\"2024-01-27T12:34:54+00:00\",\"description\":\"F\u00fchrerschein schweiz, Ein F\u00fchrerschein ist die gesetzliche Erlaubnis einer bestimmten Person, ein oder mehrere Kraftfahrzeuge zu f\u00fchren.\",\"breadcrumb\":{\"@id\":\"https:\/\/reisepassfuhrer.com\/fuhrerschein-schweiz\/#breadcrumb\"},\"inLanguage\":\"fr-FR\",\"potentialAction\":[{\"@type\":\"ReadAction\",\"target\":[\"https:\/\/reisepassfuhrer.com\/fuhrerschein-schweiz\/\"]}]},{\"@type\":\"ImageObject\",\"inLanguage\":\"fr-FR\",\"@id\":\"https:\/\/reisepassfuhrer.com\/fuhrerschein-schweiz\/#primaryimage\",\"url\":\"http:\/\/reisepassfuhrer.com\/wp-content\/uploads\/2024\/01\/Buy-French-drivers-licence.jpg\",\"contentUrl\":\"http:\/\/reisepassfuhrer.com\/wp-content\/uploads\/2024\/01\/Buy-French-drivers-licence.jpg\"},{\"@type\":\"BreadcrumbList\",\"@id\":\"https:\/\/reisepassfuhrer.com\/fuhrerschein-schweiz\/#breadcrumb\",\"itemListElement\":[{\"@type\":\"ListItem\",\"position\":1,\"name\":\"Home\",\"item\":\"https:\/\/reisepassfuhrer.com\/\"},{\"@type\":\"ListItem\",\"position\":2,\"name\":\"F\u00fchrerschein schweiz\"}]},{\"@type\":\"WebSite\",\"@id\":\"https:\/\/reisepassfuhrer.com\/#website\",\"url\":\"https:\/\/reisepassfuhrer.com\/\",\"name\":\"Reisepassfuhrer\",\"description\":\"Reisepass Beantragen Berlin\",\"publisher\":{\"@id\":\"https:\/\/reisepassfuhrer.com\/#organization\"},\"potentialAction\":[{\"@type\":\"SearchAction\",\"target\":{\"@type\":\"EntryPoint\",\"urlTemplate\":\"https:\/\/reisepassfuhrer.com\/?s={search_term_string}\"},\"query-input\":{\"@type\":\"PropertyValueSpecification\",\"valueRequired\":true,\"valueName\":\"search_term_string\"}}],\"inLanguage\":\"fr-FR\"},{\"@type\":\"Organization\",\"@id\":\"https:\/\/reisepassfuhrer.com\/#organization\",\"name\":\"Reisepassfuhrer\",\"url\":\"https:\/\/reisepassfuhrer.com\/\",\"logo\":{\"@type\":\"ImageObject\",\"inLanguage\":\"fr-FR\",\"@id\":\"https:\/\/reisepassfuhrer.com\/#\/schema\/logo\/image\/\",\"url\":\"https:\/\/reisepassfuhrer.com\/wp-content\/uploads\/2024\/03\/Reisepassfuhrer-logo.png\",\"contentUrl\":\"https:\/\/reisepassfuhrer.com\/wp-content\/uploads\/2024\/03\/Reisepassfuhrer-logo.png\",\"width\":112,\"height\":112,\"caption\":\"Reisepassfuhrer\"},\"image\":{\"@id\":\"https:\/\/reisepassfuhrer.com\/#\/schema\/logo\/image\/\"}}]}<\/script>\n<!-- \/ Yoast SEO Premium plugin. -->","yoast_head_json":{"title":"Permis de conduire suisse - Guide des Passeports","description":"Permis de conduire suisse, Un permis de conduire est l'autorisation l\u00e9gale donn\u00e9e \u00e0 une personne d\u00e9termin\u00e9e de conduire un ou plusieurs v\u00e9hicules \u00e0 moteur.","robots":{"index":"noindex","follow":"follow","max-snippet":"max-snippet:-1","max-image-preview":"max-image-preview:large","max-video-preview":"max-video-preview:-1"},"og_locale":"fr_FR","og_type":"article","og_title":"F\u00fchrerschein schweiz","og_description":"F\u00fchrerschein schweiz, Ein F\u00fchrerschein ist die gesetzliche Erlaubnis einer bestimmten Person, ein oder mehrere Kraftfahrzeuge zu f\u00fchren.","og_url":"https:\/\/reisepassfuhrer.com\/fr\/permis-de-conduire-suisse\/","og_site_name":"Reisepassfuhrer","article_modified_time":"2024-01-27T12:34:54+00:00","og_image":[{"url":"http:\/\/reisepassfuhrer.com\/wp-content\/uploads\/2024\/01\/Buy-French-drivers-licence.jpg","type":"","width":"","height":""}],"twitter_card":"summary_large_image","twitter_misc":{"Dur\u00e9e de lecture estim\u00e9e":"4 minutes"},"schema":{"@context":"https:\/\/schema.org","@graph":[{"@type":"WebPage","@id":"https:\/\/reisepassfuhrer.com\/fuhrerschein-schweiz\/","url":"https:\/\/reisepassfuhrer.com\/fuhrerschein-schweiz\/","name":"Permis de conduire suisse - Guide des Passeports","isPartOf":{"@id":"https:\/\/reisepassfuhrer.com\/#website"},"primaryImageOfPage":{"@id":"https:\/\/reisepassfuhrer.com\/fuhrerschein-schweiz\/#primaryimage"},"image":{"@id":"https:\/\/reisepassfuhrer.com\/fuhrerschein-schweiz\/#primaryimage"},"thumbnailUrl":"http:\/\/reisepassfuhrer.com\/wp-content\/uploads\/2024\/01\/Buy-French-drivers-licence.jpg","datePublished":"2021-03-09T14:34:09+00:00","dateModified":"2024-01-27T12:34:54+00:00","description":"Permis de conduire suisse, Un permis de conduire est l'autorisation l\u00e9gale donn\u00e9e \u00e0 une personne d\u00e9termin\u00e9e de conduire un ou plusieurs v\u00e9hicules \u00e0 moteur.","breadcrumb":{"@id":"https:\/\/reisepassfuhrer.com\/fuhrerschein-schweiz\/#breadcrumb"},"inLanguage":"fr-FR","potentialAction":[{"@type":"ReadAction","target":["https:\/\/reisepassfuhrer.com\/fuhrerschein-schweiz\/"]}]},{"@type":"ImageObject","inLanguage":"fr-FR","@id":"https:\/\/reisepassfuhrer.com\/fuhrerschein-schweiz\/#primaryimage","url":"http:\/\/reisepassfuhrer.com\/wp-content\/uploads\/2024\/01\/Buy-French-drivers-licence.jpg","contentUrl":"http:\/\/reisepassfuhrer.com\/wp-content\/uploads\/2024\/01\/Buy-French-drivers-licence.jpg"},{"@type":"BreadcrumbList","@id":"https:\/\/reisepassfuhrer.com\/fuhrerschein-schweiz\/#breadcrumb","itemListElement":[{"@type":"ListItem","position":1,"name":"Home","item":"https:\/\/reisepassfuhrer.com\/"},{"@type":"ListItem","position":2,"name":"F\u00fchrerschein schweiz"}]},{"@type":"WebSite","@id":"https:\/\/reisepassfuhrer.com\/#website","url":"https:\/\/reisepassfuhrer.com\/","name":"Guide du passeport","description":"Demande de passeport Berlin","publisher":{"@id":"https:\/\/reisepassfuhrer.com\/#organization"},"potentialAction":[{"@type":"SearchAction","target":{"@type":"EntryPoint","urlTemplate":"https:\/\/reisepassfuhrer.com\/?s={search_term_string}"},"query-input":{"@type":"PropertyValueSpecification","valueRequired":true,"valueName":"search_term_string"}}],"inLanguage":"fr-FR"},{"@type":"Organization","@id":"https:\/\/reisepassfuhrer.com\/#organization","name":"Guide du passeport","url":"https:\/\/reisepassfuhrer.com\/","logo":{"@type":"ImageObject","inLanguage":"fr-FR","@id":"https:\/\/reisepassfuhrer.com\/#\/schema\/logo\/image\/","url":"https:\/\/reisepassfuhrer.com\/wp-content\/uploads\/2024\/03\/Reisepassfuhrer-logo.png","contentUrl":"https:\/\/reisepassfuhrer.com\/wp-content\/uploads\/2024\/03\/Reisepassfuhrer-logo.png","width":112,"height":112,"caption":"Reisepassfuhrer"},"image":{"@id":"https:\/\/reisepassfuhrer.com\/#\/schema\/logo\/image\/"}}]}},"_links":{"self":[{"href":"https:\/\/reisepassfuhrer.com\/fr\/wp-json\/wp\/v2\/pages\/2377","targetHints":{"allow":["GET"]}}],"collection":[{"href":"https:\/\/reisepassfuhrer.com\/fr\/wp-json\/wp\/v2\/pages"}],"about":[{"href":"https:\/\/reisepassfuhrer.com\/fr\/wp-json\/wp\/v2\/types\/page"}],"author":[{"embeddable":true,"href":"https:\/\/reisepassfuhrer.com\/fr\/wp-json\/wp\/v2\/users\/1"}],"replies":[{"embeddable":true,"href":"https:\/\/reisepassfuhrer.com\/fr\/wp-json\/wp\/v2\/comments?post=2377"}],"version-history":[{"count":34,"href":"https:\/\/reisepassfuhrer.com\/fr\/wp-json\/wp\/v2\/pages\/2377\/revisions"}],"predecessor-version":[{"id":2617,"href":"https:\/\/reisepassfuhrer.com\/fr\/wp-json\/wp\/v2\/pages\/2377\/revisions\/2617"}],"wp:attachment":[{"href":"https:\/\/reisepassfuhrer.com\/fr\/wp-json\/wp\/v2\/media?parent=2377"}],"curies":[{"name":"wp","href":"https:\/\/api.w.org\/{rel}","templated":true}]}}