{"id":2824,"date":"2024-03-18T17:56:14","date_gmt":"2024-03-18T17:56:14","guid":{"rendered":"https:\/\/reisepassfuhrer.com\/?page_id=2824"},"modified":"2024-05-29T17:45:01","modified_gmt":"2024-05-29T17:45:01","slug":"internationaler-fuhrerschein-schweiz","status":"publish","type":"page","link":"https:\/\/reisepassfuhrer.com\/fr\/permis-de-conduire-international-suisse\/","title":{"rendered":"Demande de permis de conduire international pour la Suisse - rapide et facile"},"content":{"rendered":"<div data-elementor-type=\"wp-page\" data-elementor-id=\"2824\" class=\"elementor elementor-2824\" data-elementor-post-type=\"page\">\n\t\t\t\t<div class=\"elementor-element elementor-element-fd4af8e e-flex e-con-boxed e-con e-parent\" data-id=\"fd4af8e\" data-element_type=\"container\" data-core-v316-plus=\"true\">\n\t\t\t\t\t<div class=\"e-con-inner\">\n\t\t<div class=\"elementor-element elementor-element-754a4c2 e-con-full e-flex e-con e-child\" data-id=\"754a4c2\" data-element_type=\"container\">\n\t\t\t\t<div class=\"elementor-element elementor-element-2786251 elementor-widget elementor-widget-heading\" data-id=\"2786251\" data-element_type=\"widget\" data-widget_type=\"heading.default\">\n\t\t\t\t<div class=\"elementor-widget-container\">\n\t\t\t<style>\/*! elementor - v3.20.0 - 13-03-2024 *\/\n.elementor-heading-title{padding:0;margin:0;line-height:1}.elementor-widget-heading .elementor-heading-title[class*=elementor-size-]>a{color:inherit;font-size:inherit;line-height:inherit}.elementor-widget-heading .elementor-heading-title.elementor-size-small{font-size:15px}.elementor-widget-heading .elementor-heading-title.elementor-size-medium{font-size:19px}.elementor-widget-heading .elementor-heading-title.elementor-size-large{font-size:29px}.elementor-widget-heading .elementor-heading-title.elementor-size-xl{font-size:39px}.elementor-widget-heading .elementor-heading-title.elementor-size-xxl{font-size:59px}<\/style><h2 class=\"elementor-heading-title elementor-size-default\">co\u00fbt du permis de conduire ce<\/h2>\t\t<\/div>\n\t\t\t\t<\/div>\n\t\t\t\t<\/div>\n\t\t<div class=\"elementor-element elementor-element-f56f4ef e-con-full e-flex e-con e-child\" data-id=\"f56f4ef\" data-element_type=\"container\">\n\t\t\t\t<div class=\"elementor-element elementor-element-1bd92be elementor-widget elementor-widget-heading\" data-id=\"1bd92be\" data-element_type=\"widget\" data-widget_type=\"heading.default\">\n\t\t\t\t<div class=\"elementor-widget-container\">\n\t\t\t<h2 class=\"elementor-heading-title elementor-size-default\">be polen<\/h2>\t\t<\/div>\n\t\t\t\t<\/div>\n\t\t\t\t<\/div>\n\t\t\t\t\t<\/div>\n\t\t\t\t<\/div>\n\t\t<div class=\"elementor-element elementor-element-576716a3 e-flex e-con-boxed e-con e-parent\" data-id=\"576716a3\" data-element_type=\"container\" data-core-v316-plus=\"true\">\n\t\t\t\t\t<div class=\"e-con-inner\">\n\t\t\t\t<div class=\"elementor-element elementor-element-2f82d64 elementor-widget elementor-widget-text-editor\" data-id=\"2f82d64\" data-element_type=\"widget\" data-widget_type=\"text-editor.default\">\n\t\t\t\t<div class=\"elementor-widget-container\">\n\t\t\t<style>\/*! elementor - v3.20.0 - 13-03-2024 *\/\n.elementor-widget-text-editor.elementor-drop-cap-view-stacked .elementor-drop-cap{background-color:#69727d;color:#fff}.elementor-widget-text-editor.elementor-drop-cap-view-framed .elementor-drop-cap{color:#69727d;border:3px solid;background-color:transparent}.elementor-widget-text-editor:not(.elementor-drop-cap-view-default) .elementor-drop-cap{margin-top:8px}.elementor-widget-text-editor:not(.elementor-drop-cap-view-default) .elementor-drop-cap-letter{width:1em;height:1em}.elementor-widget-text-editor .elementor-drop-cap{float:left;text-align:center;line-height:1;font-size:50px}.elementor-widget-text-editor .elementor-drop-cap-letter{display:inline-block}<\/style>\t\t\t\t<!-- wp:image {\"id\":2826,\"width\":\"830px\",\"height\":\"auto\",\"sizeSlug\":\"full\",\"linkDestination\":\"none\"} -->\n<figure class=\"wp-block-image size-full is-resized\"><img fetchpriority=\"high\" decoding=\"async\" width=\"845\" height=\"360\" class=\"wp-image-2826\" style=\"width: 830px; height: auto;\" src=\"https:\/\/reisepassfuhrer.com\/wp-content\/uploads\/2024\/03\/Internationaler-Fuhrerschein-Schweiz.png\" alt=\"Permis de conduire international Suisse\" srcset=\"https:\/\/reisepassfuhrer.com\/wp-content\/uploads\/2024\/03\/Internationaler-Fuhrerschein-Schweiz.png 845w, https:\/\/reisepassfuhrer.com\/wp-content\/uploads\/2024\/03\/Internationaler-Fuhrerschein-Schweiz-300x128.png 300w, https:\/\/reisepassfuhrer.com\/wp-content\/uploads\/2024\/03\/Internationaler-Fuhrerschein-Schweiz-768x327.png 768w, https:\/\/reisepassfuhrer.com\/wp-content\/uploads\/2024\/03\/Internationaler-Fuhrerschein-Schweiz-450x192.png 450w\" sizes=\"(max-width: 845px) 100vw, 845px\" \/><\/figure>\n<!-- \/wp:image --><!-- wp:paragraph -->\n<p><strong>Voyager en Suisse et \u00eatre mobile ? Aucun probl\u00e8me avec le permis de conduire international !<\/strong><\/p>\n<!-- \/wp:paragraph --><!-- wp:paragraph -->\n<p><strong>Rapide et simple :<\/strong> Demandez votre permis de conduire international en ligne en quelques minutes.<\/p>\n<!-- \/wp:paragraph --><!-- wp:paragraph -->\n<p><strong>Pas de temps d'attente :<\/strong> Vous recevrez votre permis de conduire par la poste, directement \u00e0 votre domicile.<\/p>\n<!-- \/wp:paragraph --><!-- wp:paragraph -->\n<p><strong>Valable dans plus de 150 pays :<\/strong> Conduisez en toute s\u00e9curit\u00e9 et l\u00e9galement en Suisse et dans de nombreux autres pays avec votre permis de conduire international.<\/p>\n<!-- \/wp:paragraph --><!-- wp:paragraph -->\n<p><strong>Tout compris :<\/strong> Nous nous chargeons de toutes les d\u00e9marches, de la demande \u00e0 la livraison.<\/p>\n<!-- \/wp:paragraph --><!-- wp:paragraph -->\n<p><strong>Vos avantages :<\/strong><\/p>\n<!-- \/wp:paragraph --><!-- wp:list -->\n<ul><!-- wp:list-item -->\n<li><strong>Rapide et simple :<\/strong>\u00a0Demande en ligne en quelques minutes<\/li>\n<!-- \/wp:list-item --><!-- wp:list-item -->\n<li><strong>Confortable :<\/strong>\u00a0Livraison par la poste directement \u00e0 domicile<\/li>\n<!-- \/wp:list-item --><!-- wp:list-item -->\n<li><strong>Valable dans le monde entier :<\/strong>\u00a0Conduisez l\u00e9galement dans plus de 150 pays<\/li>\n<!-- \/wp:list-item --><!-- wp:list-item -->\n<li><strong>Sans souci :<\/strong>\u00a0Nous nous occupons de tout<\/li>\n<!-- \/wp:list-item --><\/ul>\n<!-- \/wp:list --><!-- wp:paragraph -->\n<p><strong>Qu'est-ce que tu dois faire<\/strong><\/p>\n<!-- \/wp:paragraph --><!-- wp:list {\"ordered\":true} -->\n<ol><!-- wp:list-item -->\n<li>Remplissez le formulaire en ligne.<\/li>\n<!-- \/wp:list-item --><!-- wp:list-item -->\n<li>T\u00e9l\u00e9chargez une photo d'identit\u00e9 r\u00e9cente.<\/li>\n<!-- \/wp:list-item --><!-- wp:list-item -->\n<li>Payez la taxe en ligne en toute s\u00e9curit\u00e9.<\/li>\n<!-- \/wp:list-item --><!-- wp:list-item -->\n<li>Recevez votre permis de conduire international par courrier.<\/li>\n<!-- \/wp:list-item --><\/ol>\n<!-- \/wp:list --><!-- wp:paragraph -->\n<p><strong>Faites-en la demande maintenant et voyagez sans souci en Suisse !<\/strong><\/p>\n<!-- \/wp:paragraph --><!-- wp:paragraph -->\n<p><strong>Plus d'informations :<\/strong><\/p>\n<!-- \/wp:paragraph --><!-- wp:list -->\n<ul><!-- wp:list-item -->\n<li><strong>Quels pays acceptent le permis de conduire international ?<\/strong>\u00a0Vous trouverez une liste de tous les pays qui acceptent le permis de conduire international sur le site du minist\u00e8re f\u00e9d\u00e9ral des Transports et de l'Infrastructure num\u00e9rique.<\/li>\n<!-- \/wp:list-item --><!-- wp:list-item -->\n<li><strong>Quelle est la dur\u00e9e de validit\u00e9 du permis de conduire international ?<\/strong>\u00a0Le permis de conduire international est valable trois ans.<\/li>\n<!-- \/wp:list-item --><!-- wp:list-item -->\n<li><strong>Combien co\u00fbte le permis de conduire international ?<\/strong>\u00a0Les frais pour le permis de conduire international s'\u00e9l\u00e8vent \u00e0 16,30 \u20ac en Allemagne.<\/li>\n<!-- \/wp:list-item --><\/ul>\n<!-- \/wp:list --><!-- wp:paragraph -->\n<p><strong>Remarques importantes :<\/strong><\/p>\n<!-- \/wp:paragraph --><!-- wp:list -->\n<ul><!-- wp:list-item -->\n<li>Le permis de conduire international ne remplace pas le permis de conduire national. Vous devez toujours avoir les deux permis sur vous, permis de conduire \u00e0 l'\u00e9tranger.<\/li>\n<!-- \/wp:list-item --><!-- wp:list-item -->\n<li>Le permis de conduire international n'est valable qu'en combinaison avec le permis de conduire national.<\/li>\n<!-- \/wp:list-item --><!-- wp:list-item -->\n<li>Dans certains pays, le permis de conduire international n'est pas suffisant. Avant de partir, renseignez-vous sur les r\u00e8gles en mati\u00e8re de permis de conduire dans votre pays de destination, permis de conduire \u00e0 l'\u00e9tranger.<\/li>\n<!-- \/wp:list-item --><\/ul>\n<!-- \/wp:list --><!-- wp:paragraph -->\n<p><strong>O\u00f9 puis-je obtenir le certificat international <a href=\"https:\/\/reisepassfuhrer.com\/fr\/casier-judiciaire\/\">Permis de conduire<\/a> faire une demande ?<\/strong><\/p>\n<!-- \/wp:paragraph --><!-- wp:list -->\n<ul><!-- wp:list-item -->\n<li><strong>Service des automobiles de votre canton de r\u00e9sidence<\/strong><\/li>\n<!-- \/wp:list-item --><!-- wp:list-item -->\n<li><strong>Portail en ligne de l'Office de la circulation routi\u00e8re<\/strong><\/li>\n<!-- \/wp:list-item --><!-- wp:list-item -->\n<li><strong>\u0e1a\u0e32\u0e07\u0e41\u0e2b\u0e48\u0e07<\/strong>\u00a0Automobile Club de Suisse (ACS)<\/li>\n<!-- \/wp:list-item --><!-- wp:list-item -->\n<li><strong>\u0e1a\u0e32\u0e07\u0e41\u0e2b\u0e48\u0e07<\/strong>\u00a0Touring Club Suisse (TCS)<\/li>\n<!-- \/wp:list-item --><\/ul>\n<!-- \/wp:list --><!-- wp:heading {\"level\":5} -->\n<h5 id=\"h-kosten\" class=\"wp-block-heading\"><strong>Co\u00fbts :<\/strong><\/h5>\n<!-- \/wp:heading --><!-- wp:paragraph -->\n<p>Les co\u00fbts du permis de conduire international varient selon les cantons. En r\u00e8gle g\u00e9n\u00e9rale, ils se situent entre 15 et 30 CHF.<\/p>\n<!-- \/wp:paragraph --><!-- wp:paragraph -->\n<p><strong>Validit\u00e9 :<\/strong><\/p>\n<!-- \/wp:paragraph --><!-- wp:paragraph -->\n<p>Le permis de conduire international est valable 3 ans.<\/p>\n<!-- \/wp:paragraph --><!-- wp:paragraph -->\n<p><strong>Rapide et simple :<\/strong><\/p>\n<!-- \/wp:paragraph --><!-- wp:list -->\n<ul><!-- wp:list-item -->\n<li><strong>Demande en ligne :<\/strong>\u00a0Demandez votre permis de conduire international confortablement depuis chez vous.<\/li>\n<!-- \/wp:list-item --><!-- wp:list-item -->\n<li><strong>Temps de traitement court :<\/strong>\u00a0En r\u00e8gle g\u00e9n\u00e9rale, vous recevez votre permis de conduire dans un d\u00e9lai de 3 \u00e0 5 jours ouvrables.<\/li>\n<!-- \/wp:list-item --><!-- wp:list-item -->\n<li><strong>Pas d'examen :<\/strong>\u00a0Vous ne devez pas passer d'examen suppl\u00e9mentaire.<\/li>\n<!-- \/wp:list-item --><\/ul>\n<!-- \/wp:list --><!-- wp:paragraph -->\n<p><strong>Conditions pr\u00e9alables :<\/strong><\/p>\n<!-- \/wp:paragraph --><!-- wp:list -->\n<ul><!-- wp:list-item -->\n<li><strong>Permis de conduire national valide :<\/strong>\u00a0Vous devez \u00eatre en possession d'un permis de conduire valable dans votre pays d'origine.<\/li>\n<!-- \/wp:list-item --><!-- wp:list-item -->\n<li><strong>\u00c2ge minimum :<\/strong>\u00a0L'\u00e2ge minimum pour le permis de conduire international est de 18 ans.<\/li>\n<!-- \/wp:list-item --><!-- wp:list-item -->\n<li><strong>Photo d'identit\u00e9 :<\/strong>\u00a0Vous avez besoin d'une photo d'identit\u00e9 r\u00e9cente.<\/li>\n<!-- \/wp:list-item --><\/ul>\n<!-- \/wp:list --><!-- wp:paragraph -->\n<p><strong>Comment demander un permis de conduire international :<\/strong><\/p>\n<!-- \/wp:paragraph --><!-- wp:list {\"ordered\":true} -->\n<ol><!-- wp:list-item -->\n<li><strong>Consultez le site web de l'office de la circulation routi\u00e8re comp\u00e9tent.<\/strong><\/li>\n<!-- \/wp:list-item --><!-- wp:list-item -->\n<li><strong>Remplissez le formulaire de demande en ligne.<\/strong><\/li>\n<!-- \/wp:list-item --><!-- wp:list-item -->\n<li><strong>T\u00e9l\u00e9chargez les documents requis.<\/strong><\/li>\n<!-- \/wp:list-item --><!-- wp:list-item -->\n<li><strong>Payez les frais.<\/strong>(clarification)<\/li>\n<!-- \/wp:list-item --><!-- wp:list-item -->\n<li><strong>Attendre l'envoi du permis de conduire.<\/strong><\/li>\n<!-- \/wp:list-item --><\/ol>\n<!-- \/wp:list --><!-- wp:paragraph -->\n<p><strong>Conseil<\/strong> <a href=\"http:\/\/facebook.com\">Informer<\/a> vous sur le site web de l'Office de la circulation routi\u00e8re pour conna\u00eetre les frais exacts et le d\u00e9lai de traitement.<\/p>\n<!-- \/wp:paragraph -->\t\t\t\t\t\t<\/div>\n\t\t\t\t<\/div>\n\t\t\t\t\t<\/div>\n\t\t\t\t<\/div>\n\t\t<div class=\"elementor-element elementor-element-464aa0b e-flex e-con-boxed e-con e-parent\" data-id=\"464aa0b\" data-element_type=\"container\" data-core-v316-plus=\"true\">\n\t\t\t\t\t<div class=\"e-con-inner\">\n\t\t<div class=\"elementor-element elementor-element-8d8397f e-con-full e-flex e-con e-child\" data-id=\"8d8397f\" data-element_type=\"container\">\n\t\t\t\t<div class=\"elementor-element elementor-element-2e5c51c elementor-widget elementor-widget-heading\" data-id=\"2e5c51c\" data-element_type=\"widget\" data-widget_type=\"heading.default\">\n\t\t\t\t<div class=\"elementor-widget-container\">\n\t\t\t<h5 class=\"elementor-heading-title elementor-size-default\">Renouvellement du permis de conduire<\/h5>\t\t<\/div>\n\t\t\t\t<\/div>\n\t\t\t\t<\/div>\n\t\t<div class=\"elementor-element elementor-element-79e6856 e-con-full e-flex e-con e-child\" data-id=\"79e6856\" data-element_type=\"container\">\n\t\t\t\t<div class=\"elementor-element elementor-element-2900abe elementor-widget elementor-widget-heading\" data-id=\"2900abe\" data-element_type=\"widget\" data-widget_type=\"heading.default\">\n\t\t\t\t<div class=\"elementor-widget-container\">\n\t\t\t<h3 class=\"elementor-heading-title elementor-size-default\">Co\u00fbt du permis de conduire<\/h3>\t\t<\/div>\n\t\t\t\t<\/div>\n\t\t\t\t<\/div>\n\t\t<div class=\"elementor-element elementor-element-11d7efc e-con-full e-flex e-con e-child\" data-id=\"11d7efc\" data-element_type=\"container\">\n\t\t\t\t<div class=\"elementor-element elementor-element-1874fd7 elementor-widget elementor-widget-heading\" data-id=\"1874fd7\" data-element_type=\"widget\" data-widget_type=\"heading.default\">\n\t\t\t\t<div class=\"elementor-widget-container\">\n\t\t\t<h3 class=\"elementor-heading-title elementor-size-default\">permis de conduire en 7 jours<\/h3>\t\t<\/div>\n\t\t\t\t<\/div>\n\t\t\t\t<\/div>\n\t\t<div class=\"elementor-element elementor-element-fd121f2 e-con-full e-flex e-con e-child\" data-id=\"fd121f2\" data-element_type=\"container\">\n\t\t\t\t<div class=\"elementor-element elementor-element-9195cfd elementor-widget elementor-widget-heading\" data-id=\"9195cfd\" data-element_type=\"widget\" data-widget_type=\"heading.default\">\n\t\t\t\t<div class=\"elementor-widget-container\">\n\t\t\t<h3 class=\"elementor-heading-title elementor-size-default\">Permis de conduire polonais<\/h3>\t\t<\/div>\n\t\t\t\t<\/div>\n\t\t\t\t<\/div>\n\t\t\t\t\t<\/div>\n\t\t\t\t<\/div>\n\t\t\t\t<\/div>","protected":false},"excerpt":{"rendered":"<p>ce f\u00fchrerschein kosten be polen In die Schweiz reisen und mobil sein? Mit dem internationalen F\u00fchrerschein kein Problem! Schnell und einfach: Beantragen Sie Ihren internationalen F\u00fchrerschein online in wenigen Minuten. Keine Wartezeiten: Sie erhalten Ihren F\u00fchrerschein per Post direkt nach Hause geschickt. G\u00fcltig in \u00fcber 150 L\u00e4ndern: Fahren Sie mit Ihrem internationalen F\u00fchrerschein in der [&hellip;]<\/p>","protected":false},"author":2,"featured_media":0,"parent":0,"menu_order":0,"comment_status":"closed","ping_status":"closed","template":"","meta":{"footnotes":""},"class_list":["post-2824","page","type-page","status-publish","hentry"],"yoast_head":"<!-- This site is optimized with the Yoast SEO Premium plugin v22.2 (Yoast SEO v26.2) - https:\/\/yoast.com\/wordpress\/plugins\/seo\/ -->\n<title>Internationaler F\u00fchrerschein Schweiz<\/title>\n<meta name=\"description\" content=\"Erhalten Sie schnell und einfach Ihren Internationaler F\u00fchrerschein Schweiz. Wir erkl\u00e4ren Ihnen die Schritte und helfen Ihnen.\" \/>\n<meta name=\"robots\" content=\"noindex, follow, max-snippet:-1, max-image-preview:large, max-video-preview:-1\" \/>\n<meta property=\"og:locale\" content=\"fr_FR\" \/>\n<meta property=\"og:type\" content=\"article\" \/>\n<meta property=\"og:title\" content=\"Internationalen F\u00fchrerschein f\u00fcr die Schweiz beantragen \u2013 schnell und einfach\" \/>\n<meta property=\"og:description\" content=\"Erhalten Sie schnell und einfach Ihren Internationaler F\u00fchrerschein Schweiz. Wir erkl\u00e4ren Ihnen die Schritte und helfen Ihnen.\" \/>\n<meta property=\"og:url\" content=\"https:\/\/reisepassfuhrer.com\/fr\/permis-de-conduire-international-suisse\/\" \/>\n<meta property=\"og:site_name\" content=\"Reisepassfuhrer\" \/>\n<meta property=\"article:modified_time\" content=\"2024-05-29T17:45:01+00:00\" \/>\n<meta property=\"og:image\" content=\"https:\/\/reisepassfuhrer.com\/wp-content\/uploads\/2024\/03\/Internationaler-Fuhrerschein-Schweiz.png\" \/>\n<meta name=\"twitter:card\" content=\"summary_large_image\" \/>\n<meta name=\"twitter:label1\" content=\"Dur\u00e9e de lecture estim\u00e9e\" \/>\n\t<meta name=\"twitter:data1\" content=\"3 minutes\" \/>\n<script type=\"application\/ld+json\" class=\"yoast-schema-graph\">{\"@context\":\"https:\/\/schema.org\",\"@graph\":[{\"@type\":\"WebPage\",\"@id\":\"https:\/\/reisepassfuhrer.com\/internationaler-fuhrerschein-schweiz\/\",\"url\":\"https:\/\/reisepassfuhrer.com\/internationaler-fuhrerschein-schweiz\/\",\"name\":\"Internationaler F\u00fchrerschein Schweiz\",\"isPartOf\":{\"@id\":\"https:\/\/reisepassfuhrer.com\/#website\"},\"primaryImageOfPage\":{\"@id\":\"https:\/\/reisepassfuhrer.com\/internationaler-fuhrerschein-schweiz\/#primaryimage\"},\"image\":{\"@id\":\"https:\/\/reisepassfuhrer.com\/internationaler-fuhrerschein-schweiz\/#primaryimage\"},\"thumbnailUrl\":\"https:\/\/reisepassfuhrer.com\/wp-content\/uploads\/2024\/03\/Internationaler-Fuhrerschein-Schweiz.png\",\"datePublished\":\"2024-03-18T17:56:14+00:00\",\"dateModified\":\"2024-05-29T17:45:01+00:00\",\"description\":\"Erhalten Sie schnell und einfach Ihren Internationaler F\u00fchrerschein Schweiz. Wir erkl\u00e4ren Ihnen die Schritte und helfen Ihnen.\",\"breadcrumb\":{\"@id\":\"https:\/\/reisepassfuhrer.com\/internationaler-fuhrerschein-schweiz\/#breadcrumb\"},\"inLanguage\":\"fr-FR\",\"potentialAction\":[{\"@type\":\"ReadAction\",\"target\":[\"https:\/\/reisepassfuhrer.com\/internationaler-fuhrerschein-schweiz\/\"]}]},{\"@type\":\"ImageObject\",\"inLanguage\":\"fr-FR\",\"@id\":\"https:\/\/reisepassfuhrer.com\/internationaler-fuhrerschein-schweiz\/#primaryimage\",\"url\":\"https:\/\/reisepassfuhrer.com\/wp-content\/uploads\/2024\/03\/Internationaler-Fuhrerschein-Schweiz.png\",\"contentUrl\":\"https:\/\/reisepassfuhrer.com\/wp-content\/uploads\/2024\/03\/Internationaler-Fuhrerschein-Schweiz.png\"},{\"@type\":\"BreadcrumbList\",\"@id\":\"https:\/\/reisepassfuhrer.com\/internationaler-fuhrerschein-schweiz\/#breadcrumb\",\"itemListElement\":[{\"@type\":\"ListItem\",\"position\":1,\"name\":\"Home\",\"item\":\"https:\/\/reisepassfuhrer.com\/\"},{\"@type\":\"ListItem\",\"position\":2,\"name\":\"Internationalen F\u00fchrerschein f\u00fcr die Schweiz beantragen \u2013 schnell und einfach\"}]},{\"@type\":\"WebSite\",\"@id\":\"https:\/\/reisepassfuhrer.com\/#website\",\"url\":\"https:\/\/reisepassfuhrer.com\/\",\"name\":\"Reisepassfuhrer\",\"description\":\"Reisepass Beantragen Berlin\",\"publisher\":{\"@id\":\"https:\/\/reisepassfuhrer.com\/#organization\"},\"potentialAction\":[{\"@type\":\"SearchAction\",\"target\":{\"@type\":\"EntryPoint\",\"urlTemplate\":\"https:\/\/reisepassfuhrer.com\/?s={search_term_string}\"},\"query-input\":{\"@type\":\"PropertyValueSpecification\",\"valueRequired\":true,\"valueName\":\"search_term_string\"}}],\"inLanguage\":\"fr-FR\"},{\"@type\":\"Organization\",\"@id\":\"https:\/\/reisepassfuhrer.com\/#organization\",\"name\":\"Reisepassfuhrer\",\"url\":\"https:\/\/reisepassfuhrer.com\/\",\"logo\":{\"@type\":\"ImageObject\",\"inLanguage\":\"fr-FR\",\"@id\":\"https:\/\/reisepassfuhrer.com\/#\/schema\/logo\/image\/\",\"url\":\"https:\/\/reisepassfuhrer.com\/wp-content\/uploads\/2024\/03\/Reisepassfuhrer-logo.png\",\"contentUrl\":\"https:\/\/reisepassfuhrer.com\/wp-content\/uploads\/2024\/03\/Reisepassfuhrer-logo.png\",\"width\":112,\"height\":112,\"caption\":\"Reisepassfuhrer\"},\"image\":{\"@id\":\"https:\/\/reisepassfuhrer.com\/#\/schema\/logo\/image\/\"}}]}<\/script>\n<!-- \/ Yoast SEO Premium plugin. -->","yoast_head_json":{"title":"Permis de conduire international Suisse","description":"Obtenez rapidement et facilement votre permis de conduire international suisse. Nous vous expliquons les \u00e9tapes et vous aidons.","robots":{"index":"noindex","follow":"follow","max-snippet":"max-snippet:-1","max-image-preview":"max-image-preview:large","max-video-preview":"max-video-preview:-1"},"og_locale":"fr_FR","og_type":"article","og_title":"Internationalen F\u00fchrerschein f\u00fcr die Schweiz beantragen \u2013 schnell und einfach","og_description":"Erhalten Sie schnell und einfach Ihren Internationaler F\u00fchrerschein Schweiz. Wir erkl\u00e4ren Ihnen die Schritte und helfen Ihnen.","og_url":"https:\/\/reisepassfuhrer.com\/fr\/permis-de-conduire-international-suisse\/","og_site_name":"Reisepassfuhrer","article_modified_time":"2024-05-29T17:45:01+00:00","og_image":[{"url":"https:\/\/reisepassfuhrer.com\/wp-content\/uploads\/2024\/03\/Internationaler-Fuhrerschein-Schweiz.png","type":"","width":"","height":""}],"twitter_card":"summary_large_image","twitter_misc":{"Dur\u00e9e de lecture estim\u00e9e":"3 minutes"},"schema":{"@context":"https:\/\/schema.org","@graph":[{"@type":"WebPage","@id":"https:\/\/reisepassfuhrer.com\/internationaler-fuhrerschein-schweiz\/","url":"https:\/\/reisepassfuhrer.com\/internationaler-fuhrerschein-schweiz\/","name":"Permis de conduire international Suisse","isPartOf":{"@id":"https:\/\/reisepassfuhrer.com\/#website"},"primaryImageOfPage":{"@id":"https:\/\/reisepassfuhrer.com\/internationaler-fuhrerschein-schweiz\/#primaryimage"},"image":{"@id":"https:\/\/reisepassfuhrer.com\/internationaler-fuhrerschein-schweiz\/#primaryimage"},"thumbnailUrl":"https:\/\/reisepassfuhrer.com\/wp-content\/uploads\/2024\/03\/Internationaler-Fuhrerschein-Schweiz.png","datePublished":"2024-03-18T17:56:14+00:00","dateModified":"2024-05-29T17:45:01+00:00","description":"Obtenez rapidement et facilement votre permis de conduire international suisse. Nous vous expliquons les \u00e9tapes et vous aidons.","breadcrumb":{"@id":"https:\/\/reisepassfuhrer.com\/internationaler-fuhrerschein-schweiz\/#breadcrumb"},"inLanguage":"fr-FR","potentialAction":[{"@type":"ReadAction","target":["https:\/\/reisepassfuhrer.com\/internationaler-fuhrerschein-schweiz\/"]}]},{"@type":"ImageObject","inLanguage":"fr-FR","@id":"https:\/\/reisepassfuhrer.com\/internationaler-fuhrerschein-schweiz\/#primaryimage","url":"https:\/\/reisepassfuhrer.com\/wp-content\/uploads\/2024\/03\/Internationaler-Fuhrerschein-Schweiz.png","contentUrl":"https:\/\/reisepassfuhrer.com\/wp-content\/uploads\/2024\/03\/Internationaler-Fuhrerschein-Schweiz.png"},{"@type":"BreadcrumbList","@id":"https:\/\/reisepassfuhrer.com\/internationaler-fuhrerschein-schweiz\/#breadcrumb","itemListElement":[{"@type":"ListItem","position":1,"name":"Home","item":"https:\/\/reisepassfuhrer.com\/"},{"@type":"ListItem","position":2,"name":"Internationalen F\u00fchrerschein f\u00fcr die Schweiz beantragen \u2013 schnell und einfach"}]},{"@type":"WebSite","@id":"https:\/\/reisepassfuhrer.com\/#website","url":"https:\/\/reisepassfuhrer.com\/","name":"Guide du passeport","description":"Demande de passeport Berlin","publisher":{"@id":"https:\/\/reisepassfuhrer.com\/#organization"},"potentialAction":[{"@type":"SearchAction","target":{"@type":"EntryPoint","urlTemplate":"https:\/\/reisepassfuhrer.com\/?s={search_term_string}"},"query-input":{"@type":"PropertyValueSpecification","valueRequired":true,"valueName":"search_term_string"}}],"inLanguage":"fr-FR"},{"@type":"Organization","@id":"https:\/\/reisepassfuhrer.com\/#organization","name":"Guide du passeport","url":"https:\/\/reisepassfuhrer.com\/","logo":{"@type":"ImageObject","inLanguage":"fr-FR","@id":"https:\/\/reisepassfuhrer.com\/#\/schema\/logo\/image\/","url":"https:\/\/reisepassfuhrer.com\/wp-content\/uploads\/2024\/03\/Reisepassfuhrer-logo.png","contentUrl":"https:\/\/reisepassfuhrer.com\/wp-content\/uploads\/2024\/03\/Reisepassfuhrer-logo.png","width":112,"height":112,"caption":"Reisepassfuhrer"},"image":{"@id":"https:\/\/reisepassfuhrer.com\/#\/schema\/logo\/image\/"}}]}},"_links":{"self":[{"href":"https:\/\/reisepassfuhrer.com\/fr\/wp-json\/wp\/v2\/pages\/2824","targetHints":{"allow":["GET"]}}],"collection":[{"href":"https:\/\/reisepassfuhrer.com\/fr\/wp-json\/wp\/v2\/pages"}],"about":[{"href":"https:\/\/reisepassfuhrer.com\/fr\/wp-json\/wp\/v2\/types\/page"}],"author":[{"embeddable":true,"href":"https:\/\/reisepassfuhrer.com\/fr\/wp-json\/wp\/v2\/users\/2"}],"replies":[{"embeddable":true,"href":"https:\/\/reisepassfuhrer.com\/fr\/wp-json\/wp\/v2\/comments?post=2824"}],"version-history":[{"count":10,"href":"https:\/\/reisepassfuhrer.com\/fr\/wp-json\/wp\/v2\/pages\/2824\/revisions"}],"predecessor-version":[{"id":2930,"href":"https:\/\/reisepassfuhrer.com\/fr\/wp-json\/wp\/v2\/pages\/2824\/revisions\/2930"}],"wp:attachment":[{"href":"https:\/\/reisepassfuhrer.com\/fr\/wp-json\/wp\/v2\/media?parent=2824"}],"curies":[{"name":"wp","href":"https:\/\/api.w.org\/{rel}","templated":true}]}}