{"id":3141,"date":"2025-08-24T11:06:03","date_gmt":"2025-08-24T11:06:03","guid":{"rendered":"https:\/\/reisepassfuhrer.com\/?post_type=product&#038;p=3141"},"modified":"2025-08-24T11:06:04","modified_gmt":"2025-08-24T11:06:04","slug":"meisterbrief-vermieten-preis","status":"publish","type":"product","link":"https:\/\/reisepassfuhrer.com\/fr\/product\/maitrise-louer-prix\/","title":{"rendered":"ma\u00eetrise louer prix"},"content":{"rendered":"<h3 data-start=\"320\" data-end=\"380\">\ud83d\udcb0 <strong data-start=\"327\" data-end=\"380\">Combien co\u00fbte la \u201elocation\u201c d'un brevet de ma\u00eetrise ?<\/strong><\/h3>\n<p data-start=\"382\" data-end=\"667\">Le terme \u201elouer un brevet de ma\u00eetrise\u201c est familier et se r\u00e9f\u00e8re g\u00e9n\u00e9ralement au fait qu'un ma\u00eetre <strong data-start=\"489\" data-end=\"541\">est mis formellement \u00e0 la disposition d'une entreprise<\/strong>, pour qu'il r\u00e9ponde aux exigences de la <strong data-start=\"578\" data-end=\"604\">Code de l'artisanat (HwO)<\/strong> et les a transform\u00e9s en <strong data-start=\"624\" data-end=\"642\">Registre des m\u00e9tiers<\/strong> peut \u00eatre inscrit.<\/p>\n<p data-start=\"669\" data-end=\"694\">Une tarification typique :<\/p>\n<div class=\"_tableContainer_sk2ct_1\">\n<div class=\"_tableWrapper_sk2ct_13 group flex w-fit flex-col-reverse\" tabindex=\"-1\">\n<table class=\"w-fit min-w-(--thread-content-width)\" data-start=\"696\" data-end=\"1075\">\n<thead data-start=\"696\" data-end=\"762\">\n<tr data-start=\"696\" data-end=\"762\">\n<th data-start=\"696\" data-end=\"729\" data-col-size=\"sm\">Type d'accord<\/th>\n<th data-start=\"729\" data-end=\"762\" data-col-size=\"md\">Prix mensuel (approximatif)<\/th>\n<\/tr>\n<\/thead>\n<tbody data-start=\"829\" data-end=\"1075\">\n<tr data-start=\"829\" data-end=\"894\">\n<td data-start=\"829\" data-end=\"861\" data-col-size=\"sm\"><strong data-start=\"831\" data-end=\"858\">Activit\u00e9 secondaire\/temps partiel<\/strong><\/td>\n<td data-start=\"861\" data-end=\"894\" data-col-size=\"md\">500 \u20ac - 1.200 \u20ac<\/td>\n<\/tr>\n<tr data-start=\"895\" data-end=\"961\">\n<td data-start=\"895\" data-end=\"927\" data-col-size=\"sm\"><strong data-start=\"897\" data-end=\"922\">Temps plein (employ\u00e9)<\/strong><\/td>\n<td data-start=\"927\" data-end=\"961\" data-col-size=\"md\">3.000 \u20ac - 5.000 \u20ac bruts<\/td>\n<\/tr>\n<tr data-start=\"962\" data-end=\"1075\">\n<td data-start=\"962\" data-end=\"1001\" data-col-size=\"sm\"><strong data-start=\"964\" data-end=\"1000\">Uniquement en tant qu'inscription (inactif)<\/strong><\/td>\n<td data-start=\"1001\" data-end=\"1075\" data-col-size=\"md\">juridiquement tr\u00e8s probl\u00e9matique - souvent 800 \u20ac - 1.500 \u20ac (mais risque \u00e9lev\u00e9)<\/td>\n<\/tr>\n<\/tbody>\n<\/table>\n<\/div>\n<\/div>\n<blockquote data-start=\"1077\" data-end=\"1364\">\n<p data-start=\"1079\" data-end=\"1364\">\u26a0\ufe0f <strong data-start=\"1082\" data-end=\"1094\">Important :<\/strong> La simple \u201elocation\u201c d'un titre de ma\u00eetre sans collaboration et responsabilit\u00e9 r\u00e9elles du ma\u00eetre est <strong data-start=\"1201\" data-end=\"1218\">non autoris\u00e9<\/strong> et peut avoir des cons\u00e9quences juridiques aussi bien pour l'entreprise que pour le ma\u00eetre (par exemple par la chambre des m\u00e9tiers ou pour des questions de responsabilit\u00e9).<\/p>\n<\/blockquote>\n<hr data-start=\"1366\" data-end=\"1369\" \/>\n<h3 data-start=\"1371\" data-end=\"1418\">\u2705 <strong data-start=\"1377\" data-end=\"1418\">Alternative l\u00e9gale : embaucher un ma\u00eetre<\/strong><\/h3>\n<p data-start=\"1420\" data-end=\"1677\">Le site <strong data-start=\"1424\" data-end=\"1452\">solution juridiquement propre<\/strong> est d'avoir un ma\u00eetre <strong data-start=\"1472\" data-end=\"1497\">embaucher officiellement<\/strong> - que ce soit \u00e0 temps partiel ou sur une base horaire. Dans ce contexte, le ma\u00eetre doit <strong data-start=\"1565\" data-end=\"1601\">participer effectivement \u00e0 l'exploitation<\/strong>, Les personnes qui exercent une fonction de direction, par exemple en tant que <strong data-start=\"1646\" data-end=\"1676\">chef d'exploitation technique<\/strong>.<\/p>\n<hr data-start=\"1679\" data-end=\"1682\" \/>\n<h3 data-start=\"1684\" data-end=\"1696\">\ud83d\udccc Conclusion<\/h3>\n<ul data-start=\"1698\" data-end=\"1996\">\n<li data-start=\"1698\" data-end=\"1768\">\n<p data-start=\"1700\" data-end=\"1768\"><strong data-start=\"1700\" data-end=\"1740\">Location de titres pure (sans collaboration)<\/strong>: non autoris\u00e9 par la loi<\/p>\n<\/li>\n<li data-start=\"1769\" data-end=\"1855\">\n<p data-start=\"1771\" data-end=\"1855\"><strong data-start=\"1771\" data-end=\"1798\">R\u00e9mun\u00e9ration \u00e9quitable et l\u00e9gale<\/strong> pour un emploi \u00e0 temps partiel : env. <strong data-start=\"1828\" data-end=\"1853\">800 \u20ac - 1.200 \u20ac\/mois<\/strong><\/p>\n<\/li>\n<li data-start=\"1856\" data-end=\"1912\">\n<p data-start=\"1858\" data-end=\"1912\"><strong data-start=\"1858\" data-end=\"1881\">Emploi \u00e0 plein temps<\/strong>salaire de ma\u00eetrise conforme au march\u00e9<\/p>\n<\/li>\n<li data-start=\"1913\" data-end=\"1996\">\n<p data-start=\"1915\" data-end=\"1996\"><strong data-start=\"1915\" data-end=\"1943\">Couverture contractuelle<\/strong> est obligatoire (embauche, contrat de chef d'entreprise, etc.)<\/p>\n<\/li>\n<\/ul>","protected":false},"excerpt":{"rendered":"<p>\ud83d\udcb0 Was kostet es, einen Meisterbrief zu &#8222;vermieten&#8220;? Der Begriff \u201eMeisterbrief vermieten\u201c ist umgangssprachlich und bezieht sich meist darauf, dass ein Meister formal einem Betrieb zur Verf\u00fcgung gestellt wird, damit dieser die Anforderungen der Handwerksordnung (HwO) erf\u00fcllt und in die Handwerksrolle eingetragen werden kann. Typische Preisgestaltung: Art der Vereinbarung Monatlicher Preis (ungef\u00e4hr) Nebenberuflich\/Teilzeit 500 \u20ac [&hellip;]<\/p>","protected":false},"featured_media":3143,"comment_status":"open","ping_status":"closed","template":"","meta":[],"product_brand":[],"product_cat":[44],"product_tag":[],"class_list":{"0":"post-3141","1":"product","2":"type-product","3":"status-publish","4":"has-post-thumbnail","6":"product_cat-uncategorized","8":"first","9":"instock","10":"shipping-taxable","11":"product-type-simple"},"yoast_head":"<!-- This site is optimized with the Yoast SEO Premium plugin v22.2 (Yoast SEO v26.2) - https:\/\/yoast.com\/wordpress\/plugins\/seo\/ -->\n<title>meisterbrief vermieten preis - Reisepassfuhrer<\/title>\n<meta name=\"description\" content=\"Der Begriff \u201eMeisterbrief vermieten\u201c ist umgangssprachlich und bezieht sich meist darauf, dass ein Meister formal einem Betrieb zur Verf\u00fcgung gestellt wird\" \/>\n<meta name=\"robots\" content=\"noindex, follow, max-snippet:-1, max-image-preview:large, max-video-preview:-1\" \/>\n<meta property=\"og:locale\" content=\"fr_FR\" \/>\n<meta property=\"og:type\" content=\"article\" \/>\n<meta property=\"og:title\" content=\"meisterbrief vermieten preis\" \/>\n<meta property=\"og:description\" content=\"Der Begriff \u201eMeisterbrief vermieten\u201c ist umgangssprachlich und bezieht sich meist darauf, dass ein Meister formal einem Betrieb zur Verf\u00fcgung gestellt wird\" \/>\n<meta property=\"og:url\" content=\"https:\/\/reisepassfuhrer.com\/fr\/product\/maitrise-louer-prix\/\" \/>\n<meta property=\"og:site_name\" content=\"Reisepassfuhrer\" \/>\n<meta property=\"article:modified_time\" content=\"2025-08-24T11:06:04+00:00\" \/>\n<meta property=\"og:image\" content=\"http:\/\/reisepassfuhrer.com\/wp-content\/uploads\/2025\/08\/download-51.jpeg\" \/>\n\t<meta property=\"og:image:width\" content=\"195\" \/>\n\t<meta property=\"og:image:height\" content=\"259\" \/>\n\t<meta property=\"og:image:type\" content=\"image\/jpeg\" \/>\n<meta name=\"twitter:card\" content=\"summary_large_image\" \/>\n<meta name=\"twitter:label1\" content=\"Dur\u00e9e de lecture estim\u00e9e\" \/>\n\t<meta name=\"twitter:data1\" content=\"1 minute\" \/>\n<script type=\"application\/ld+json\" class=\"yoast-schema-graph\">{\"@context\":\"https:\/\/schema.org\",\"@graph\":[{\"@type\":\"WebPage\",\"@id\":\"https:\/\/reisepassfuhrer.com\/product\/meisterbrief-vermieten-preis\/\",\"url\":\"https:\/\/reisepassfuhrer.com\/product\/meisterbrief-vermieten-preis\/\",\"name\":\"meisterbrief vermieten preis - Reisepassfuhrer\",\"isPartOf\":{\"@id\":\"https:\/\/reisepassfuhrer.com\/#website\"},\"primaryImageOfPage\":{\"@id\":\"https:\/\/reisepassfuhrer.com\/product\/meisterbrief-vermieten-preis\/#primaryimage\"},\"image\":{\"@id\":\"https:\/\/reisepassfuhrer.com\/product\/meisterbrief-vermieten-preis\/#primaryimage\"},\"thumbnailUrl\":\"https:\/\/reisepassfuhrer.com\/wp-content\/uploads\/2025\/08\/download-51.jpeg\",\"datePublished\":\"2025-08-24T11:06:03+00:00\",\"dateModified\":\"2025-08-24T11:06:04+00:00\",\"description\":\"Der Begriff \u201eMeisterbrief vermieten\u201c ist umgangssprachlich und bezieht sich meist darauf, dass ein Meister formal einem Betrieb zur Verf\u00fcgung gestellt wird\",\"breadcrumb\":{\"@id\":\"https:\/\/reisepassfuhrer.com\/product\/meisterbrief-vermieten-preis\/#breadcrumb\"},\"inLanguage\":\"fr-FR\",\"potentialAction\":[{\"@type\":\"ReadAction\",\"target\":[\"https:\/\/reisepassfuhrer.com\/product\/meisterbrief-vermieten-preis\/\"]}]},{\"@type\":\"ImageObject\",\"inLanguage\":\"fr-FR\",\"@id\":\"https:\/\/reisepassfuhrer.com\/product\/meisterbrief-vermieten-preis\/#primaryimage\",\"url\":\"https:\/\/reisepassfuhrer.com\/wp-content\/uploads\/2025\/08\/download-51.jpeg\",\"contentUrl\":\"https:\/\/reisepassfuhrer.com\/wp-content\/uploads\/2025\/08\/download-51.jpeg\",\"width\":195,\"height\":259},{\"@type\":\"BreadcrumbList\",\"@id\":\"https:\/\/reisepassfuhrer.com\/product\/meisterbrief-vermieten-preis\/#breadcrumb\",\"itemListElement\":[{\"@type\":\"ListItem\",\"position\":1,\"name\":\"Home\",\"item\":\"https:\/\/reisepassfuhrer.com\/\"},{\"@type\":\"ListItem\",\"position\":2,\"name\":\"Shop\",\"item\":\"https:\/\/reisepassfuhrer.com\/shop\/\"},{\"@type\":\"ListItem\",\"position\":3,\"name\":\"meisterbrief vermieten preis\"}]},{\"@type\":\"WebSite\",\"@id\":\"https:\/\/reisepassfuhrer.com\/#website\",\"url\":\"https:\/\/reisepassfuhrer.com\/\",\"name\":\"Reisepassfuhrer\",\"description\":\"Reisepass Beantragen Berlin\",\"publisher\":{\"@id\":\"https:\/\/reisepassfuhrer.com\/#organization\"},\"potentialAction\":[{\"@type\":\"SearchAction\",\"target\":{\"@type\":\"EntryPoint\",\"urlTemplate\":\"https:\/\/reisepassfuhrer.com\/?s={search_term_string}\"},\"query-input\":{\"@type\":\"PropertyValueSpecification\",\"valueRequired\":true,\"valueName\":\"search_term_string\"}}],\"inLanguage\":\"fr-FR\"},{\"@type\":\"Organization\",\"@id\":\"https:\/\/reisepassfuhrer.com\/#organization\",\"name\":\"Reisepassfuhrer\",\"url\":\"https:\/\/reisepassfuhrer.com\/\",\"logo\":{\"@type\":\"ImageObject\",\"inLanguage\":\"fr-FR\",\"@id\":\"https:\/\/reisepassfuhrer.com\/#\/schema\/logo\/image\/\",\"url\":\"https:\/\/reisepassfuhrer.com\/wp-content\/uploads\/2024\/03\/Reisepassfuhrer-logo.png\",\"contentUrl\":\"https:\/\/reisepassfuhrer.com\/wp-content\/uploads\/2024\/03\/Reisepassfuhrer-logo.png\",\"width\":112,\"height\":112,\"caption\":\"Reisepassfuhrer\"},\"image\":{\"@id\":\"https:\/\/reisepassfuhrer.com\/#\/schema\/logo\/image\/\"}}]}<\/script>\n<!-- \/ Yoast SEO Premium plugin. -->","yoast_head_json":{"title":"lettre de ma\u00eetre louer prix - guide de voyage","description":"Le terme \u201elouer un brevet de ma\u00eetrise\u201c est familier et fait g\u00e9n\u00e9ralement r\u00e9f\u00e9rence \u00e0 la mise \u00e0 disposition formelle d'un brevet de ma\u00eetrise \u00e0 une entreprise.","robots":{"index":"noindex","follow":"follow","max-snippet":"max-snippet:-1","max-image-preview":"max-image-preview:large","max-video-preview":"max-video-preview:-1"},"og_locale":"fr_FR","og_type":"article","og_title":"meisterbrief vermieten preis","og_description":"Der Begriff \u201eMeisterbrief vermieten\u201c ist umgangssprachlich und bezieht sich meist darauf, dass ein Meister formal einem Betrieb zur Verf\u00fcgung gestellt wird","og_url":"https:\/\/reisepassfuhrer.com\/fr\/product\/maitrise-louer-prix\/","og_site_name":"Reisepassfuhrer","article_modified_time":"2025-08-24T11:06:04+00:00","og_image":[{"width":195,"height":259,"url":"http:\/\/reisepassfuhrer.com\/wp-content\/uploads\/2025\/08\/download-51.jpeg","type":"image\/jpeg"}],"twitter_card":"summary_large_image","twitter_misc":{"Dur\u00e9e de lecture estim\u00e9e":"1 minute"},"schema":{"@context":"https:\/\/schema.org","@graph":[{"@type":"WebPage","@id":"https:\/\/reisepassfuhrer.com\/product\/meisterbrief-vermieten-preis\/","url":"https:\/\/reisepassfuhrer.com\/product\/meisterbrief-vermieten-preis\/","name":"lettre de ma\u00eetre louer prix - guide de voyage","isPartOf":{"@id":"https:\/\/reisepassfuhrer.com\/#website"},"primaryImageOfPage":{"@id":"https:\/\/reisepassfuhrer.com\/product\/meisterbrief-vermieten-preis\/#primaryimage"},"image":{"@id":"https:\/\/reisepassfuhrer.com\/product\/meisterbrief-vermieten-preis\/#primaryimage"},"thumbnailUrl":"https:\/\/reisepassfuhrer.com\/wp-content\/uploads\/2025\/08\/download-51.jpeg","datePublished":"2025-08-24T11:06:03+00:00","dateModified":"2025-08-24T11:06:04+00:00","description":"Le terme \u201elouer un brevet de ma\u00eetrise\u201c est familier et fait g\u00e9n\u00e9ralement r\u00e9f\u00e9rence \u00e0 la mise \u00e0 disposition formelle d'un brevet de ma\u00eetrise \u00e0 une entreprise.","breadcrumb":{"@id":"https:\/\/reisepassfuhrer.com\/product\/meisterbrief-vermieten-preis\/#breadcrumb"},"inLanguage":"fr-FR","potentialAction":[{"@type":"ReadAction","target":["https:\/\/reisepassfuhrer.com\/product\/meisterbrief-vermieten-preis\/"]}]},{"@type":"ImageObject","inLanguage":"fr-FR","@id":"https:\/\/reisepassfuhrer.com\/product\/meisterbrief-vermieten-preis\/#primaryimage","url":"https:\/\/reisepassfuhrer.com\/wp-content\/uploads\/2025\/08\/download-51.jpeg","contentUrl":"https:\/\/reisepassfuhrer.com\/wp-content\/uploads\/2025\/08\/download-51.jpeg","width":195,"height":259},{"@type":"BreadcrumbList","@id":"https:\/\/reisepassfuhrer.com\/product\/meisterbrief-vermieten-preis\/#breadcrumb","itemListElement":[{"@type":"ListItem","position":1,"name":"Home","item":"https:\/\/reisepassfuhrer.com\/"},{"@type":"ListItem","position":2,"name":"Shop","item":"https:\/\/reisepassfuhrer.com\/shop\/"},{"@type":"ListItem","position":3,"name":"meisterbrief vermieten preis"}]},{"@type":"WebSite","@id":"https:\/\/reisepassfuhrer.com\/#website","url":"https:\/\/reisepassfuhrer.com\/","name":"Guide du passeport","description":"Demande de passeport Berlin","publisher":{"@id":"https:\/\/reisepassfuhrer.com\/#organization"},"potentialAction":[{"@type":"SearchAction","target":{"@type":"EntryPoint","urlTemplate":"https:\/\/reisepassfuhrer.com\/?s={search_term_string}"},"query-input":{"@type":"PropertyValueSpecification","valueRequired":true,"valueName":"search_term_string"}}],"inLanguage":"fr-FR"},{"@type":"Organization","@id":"https:\/\/reisepassfuhrer.com\/#organization","name":"Guide du passeport","url":"https:\/\/reisepassfuhrer.com\/","logo":{"@type":"ImageObject","inLanguage":"fr-FR","@id":"https:\/\/reisepassfuhrer.com\/#\/schema\/logo\/image\/","url":"https:\/\/reisepassfuhrer.com\/wp-content\/uploads\/2024\/03\/Reisepassfuhrer-logo.png","contentUrl":"https:\/\/reisepassfuhrer.com\/wp-content\/uploads\/2024\/03\/Reisepassfuhrer-logo.png","width":112,"height":112,"caption":"Reisepassfuhrer"},"image":{"@id":"https:\/\/reisepassfuhrer.com\/#\/schema\/logo\/image\/"}}]}},"_links":{"self":[{"href":"https:\/\/reisepassfuhrer.com\/fr\/wp-json\/wp\/v2\/product\/3141","targetHints":{"allow":["GET"]}}],"collection":[{"href":"https:\/\/reisepassfuhrer.com\/fr\/wp-json\/wp\/v2\/product"}],"about":[{"href":"https:\/\/reisepassfuhrer.com\/fr\/wp-json\/wp\/v2\/types\/product"}],"replies":[{"embeddable":true,"href":"https:\/\/reisepassfuhrer.com\/fr\/wp-json\/wp\/v2\/comments?post=3141"}],"wp:featuredmedia":[{"embeddable":true,"href":"https:\/\/reisepassfuhrer.com\/fr\/wp-json\/wp\/v2\/media\/3143"}],"wp:attachment":[{"href":"https:\/\/reisepassfuhrer.com\/fr\/wp-json\/wp\/v2\/media?parent=3141"}],"wp:term":[{"taxonomy":"product_brand","embeddable":true,"href":"https:\/\/reisepassfuhrer.com\/fr\/wp-json\/wp\/v2\/product_brand?post=3141"},{"taxonomy":"product_cat","embeddable":true,"href":"https:\/\/reisepassfuhrer.com\/fr\/wp-json\/wp\/v2\/product_cat?post=3141"},{"taxonomy":"product_tag","embeddable":true,"href":"https:\/\/reisepassfuhrer.com\/fr\/wp-json\/wp\/v2\/product_tag?post=3141"}],"curies":[{"name":"wp","href":"https:\/\/api.w.org\/{rel}","templated":true}]}}