{"id":3147,"date":"2025-08-24T11:10:44","date_gmt":"2025-08-24T11:10:44","guid":{"rendered":"https:\/\/reisepassfuhrer.com\/?post_type=product&#038;p=3147"},"modified":"2025-08-24T11:10:44","modified_gmt":"2025-08-24T11:10:44","slug":"fuhrerschein-kaufen-400-euro","status":"publish","type":"product","link":"https:\/\/reisepassfuhrer.com\/fr\/product\/acheter-un-permis-de-conduire-400-euros\/","title":{"rendered":"acheter un permis de conduire 400 euros"},"content":{"rendered":"<p data-start=\"0\" data-end=\"68\">\u26a0\ufe0f <strong data-start=\"3\" data-end=\"68\">Remarque importante concernant la demande \u201eAcheter un permis de conduire 400 euros\u201c :<\/strong><\/p>\n<p data-start=\"70\" data-end=\"289\">Un <strong data-start=\"74\" data-end=\"103\">Permis de conduire pour 400 euros<\/strong>, L'activit\u00e9 de conduite automobile, qui est propos\u00e9e sans \u00e9cole de conduite, sans examen et sans formation l\u00e9galement prescrite, est une activit\u00e9 de loisir. <strong data-start=\"211\" data-end=\"222\">ill\u00e9gal<\/strong> - que ce soit dans le pays ou \u00e0 l'\u00e9tranger. De telles offres sont g\u00e9n\u00e9ralement<\/p>\n<ul data-start=\"291\" data-end=\"525\">\n<li data-start=\"291\" data-end=\"330\">\n<p data-start=\"293\" data-end=\"330\"><strong data-start=\"293\" data-end=\"303\">Fraude<\/strong> (argent disparu, pas de document),<\/p>\n<\/li>\n<li data-start=\"331\" data-end=\"378\">\n<p data-start=\"333\" data-end=\"378\">ou inclure <strong data-start=\"349\" data-end=\"377\">faux permis de conduire<\/strong>,<\/p>\n<\/li>\n<li data-start=\"379\" data-end=\"525\">\n<p data-start=\"381\" data-end=\"525\">ce qu'on appelle en Allemagne <strong data-start=\"404\" data-end=\"425\">Falsification de documents<\/strong> et <strong data-start=\"430\" data-end=\"459\">Conduite sans permis<\/strong> est consid\u00e9r\u00e9 comme un d\u00e9lit - passible de lourdes amendes, voire d'une peine d'emprisonnement.<\/p>\n<\/li>\n<\/ul>\n<hr data-start=\"527\" data-end=\"530\" \/>\n<h3 data-start=\"532\" data-end=\"561\">\u2705 Quelle est la voie l\u00e9gale ?<\/h3>\n<p data-start=\"563\" data-end=\"721\">Un permis de conduire ordinaire (cat\u00e9gorie B pour les voitures par exemple) co\u00fbte en Allemagne entre <strong data-start=\"646\" data-end=\"665\">1.800 - 3.000 \u20ac<\/strong>, Le prix du permis de conduire d\u00e9pend de la r\u00e9gion, de l'\u00e9cole de conduite et du nombre d'heures de conduite.<\/p>\n<p data-start=\"723\" data-end=\"768\">Si ce prix est trop \u00e9lev\u00e9 pour toi, tu peux :<\/p>\n<ul data-start=\"770\" data-end=\"1065\">\n<li data-start=\"770\" data-end=\"882\">\n<p data-start=\"772\" data-end=\"882\"><strong data-start=\"772\" data-end=\"815\">dans un autre pays de l'UE (p. ex. Pologne, R\u00e9publique tch\u00e8que)<\/strong> fr\u00e9quenter une auto-\u00e9cole (mais seulement avec r\u00e9sidence &amp; examen r\u00e9el),<\/p>\n<\/li>\n<li data-start=\"883\" data-end=\"975\">\n<p data-start=\"885\" data-end=\"975\"><strong data-start=\"885\" data-end=\"918\">Paiement \u00e9chelonn\u00e9 ou subventions<\/strong> (par exemple, bon de formation, Jobcenter),<\/p>\n<\/li>\n<li data-start=\"976\" data-end=\"1065\">\n<p data-start=\"978\" data-end=\"1065\">ou avec <strong data-start=\"987\" data-end=\"1008\">un apprentissage intensif<\/strong> faire en sorte que ta formation soit la plus courte et la moins co\u00fbteuse possible.<\/p>\n<\/li>\n<\/ul>\n<hr data-start=\"1067\" data-end=\"1070\" \/>\n<h3 data-start=\"1072\" data-end=\"1104\">\u274c Ce qu'il faut \u00e9viter :<\/h3>\n<ul data-start=\"1106\" data-end=\"1329\">\n<li data-start=\"1106\" data-end=\"1217\">\n<p data-start=\"1108\" data-end=\"1217\">Sites web ou offres Telegram avec \u201eAcheter un permis de conduire 400 \u20ac\u201c, \u201esans examen\u201c, \u201epas besoin de test de vision\u201c, etc.<\/p>\n<\/li>\n<li data-start=\"1218\" data-end=\"1329\">\n<p data-start=\"1220\" data-end=\"1329\">Les fournisseurs qui affirment avoir des \u201econtacts avec le service des permis de conduire\u201c - <strong data-start=\"1291\" data-end=\"1309\">c'est de la fraude<\/strong> ou <strong data-start=\"1315\" data-end=\"1328\">criminel<\/strong>.<\/p>\n<\/li>\n<\/ul>\n<hr data-start=\"1331\" data-end=\"1334\" \/>\n<h3 data-start=\"1336\" data-end=\"1349\">\ud83d\udccc Conclusion :<\/h3>\n<div class=\"_tableContainer_sk2ct_1\">\n<div class=\"_tableWrapper_sk2ct_13 group flex w-fit flex-col-reverse\" tabindex=\"-1\">\n<table class=\"w-fit min-w-(--thread-content-width)\" data-start=\"1351\" data-end=\"1696\">\n<thead data-start=\"1351\" data-end=\"1411\">\n<tr data-start=\"1351\" data-end=\"1411\">\n<th data-start=\"1351\" data-end=\"1386\" data-col-size=\"sm\">Offre<\/th>\n<th data-start=\"1386\" data-end=\"1395\" data-col-size=\"sm\">L\u00e9gal ?<\/th>\n<th data-start=\"1395\" data-end=\"1411\" data-col-size=\"sm\">Risque<\/th>\n<\/tr>\n<\/thead>\n<tbody data-start=\"1473\" data-end=\"1696\">\n<tr data-start=\"1473\" data-end=\"1546\">\n<td data-start=\"1473\" data-end=\"1508\" data-col-size=\"sm\">Acheter un permis de conduire pour 400 euros<\/td>\n<td data-start=\"1508\" data-end=\"1516\" data-col-size=\"sm\">\u274c<\/td>\n<td data-start=\"1516\" data-end=\"1546\" data-col-size=\"sm\">Tr\u00e8s \u00e9lev\u00e9 (fraude, p\u00e9nalit\u00e9)<\/td>\n<\/tr>\n<tr data-start=\"1547\" data-end=\"1627\">\n<td data-start=\"1547\" data-end=\"1582\" data-col-size=\"sm\">Permis de conduire en toute l\u00e9galit\u00e9 dans un autre pays de l'UE<\/td>\n<td data-start=\"1582\" data-end=\"1590\" data-col-size=\"sm\">\u2705<\/td>\n<td data-start=\"1590\" data-end=\"1627\" data-col-size=\"sm\">Uniquement avec examen r\u00e9el &amp; r\u00e9sidence<\/td>\n<\/tr>\n<tr data-start=\"1628\" data-end=\"1696\">\n<td data-start=\"1628\" data-end=\"1663\" data-col-size=\"sm\">Formation en Allemagne<\/td>\n<td data-start=\"1663\" data-end=\"1671\" data-col-size=\"sm\">\u2705<\/td>\n<td data-start=\"1671\" data-end=\"1696\" data-col-size=\"sm\">Co\u00fbt \u00e0 partir de 1 800 \u20ac environ<\/td>\n<\/tr>\n<\/tbody>\n<\/table>\n<\/div>\n<\/div>","protected":false},"excerpt":{"rendered":"<p>\u26a0\ufe0f Wichtiger Hinweis zur Anfrage &#8222;F\u00fchrerschein kaufen 400 Euro&#8220;: Ein F\u00fchrerschein f\u00fcr 400 Euro, der ohne eine Fahrschule, ohne Pr\u00fcfung und ohne gesetzlich vorgeschriebene Ausbildung angeboten wird, ist illegal \u2013 ganz gleich, ob im In- oder Ausland. Solche Angebote sind meist: Betrug (Geld weg, kein Dokument), oder beinhalten gef\u00e4lschte F\u00fchrerscheine, was in Deutschland als Urkundenf\u00e4lschung [&hellip;]<\/p>","protected":false},"featured_media":3149,"comment_status":"open","ping_status":"closed","template":"","meta":[],"product_brand":[],"product_cat":[44],"product_tag":[],"class_list":{"0":"post-3147","1":"product","2":"type-product","3":"status-publish","4":"has-post-thumbnail","6":"product_cat-uncategorized","8":"first","9":"instock","10":"shipping-taxable","11":"product-type-simple"},"yoast_head":"<!-- This site is optimized with the Yoast SEO Premium plugin v22.2 (Yoast SEO v26.2) - https:\/\/yoast.com\/wordpress\/plugins\/seo\/ -->\n<title>f\u00fchrerschein kaufen 400 euro - Reisepassfuhrer<\/title>\n<meta name=\"description\" content=\"Ein F\u00fchrerschein f\u00fcr 400 Euro, der ohne eine Fahrschule, ohne Pr\u00fcfung und ohne gesetzlich vorgeschriebene Ausbildung angeboten wird,\" \/>\n<meta name=\"robots\" content=\"noindex, follow, max-snippet:-1, max-image-preview:large, max-video-preview:-1\" \/>\n<meta property=\"og:locale\" content=\"fr_FR\" \/>\n<meta property=\"og:type\" content=\"article\" \/>\n<meta property=\"og:title\" content=\"f\u00fchrerschein kaufen 400 euro\" \/>\n<meta property=\"og:description\" content=\"Ein F\u00fchrerschein f\u00fcr 400 Euro, der ohne eine Fahrschule, ohne Pr\u00fcfung und ohne gesetzlich vorgeschriebene Ausbildung angeboten wird,\" \/>\n<meta property=\"og:url\" content=\"https:\/\/reisepassfuhrer.com\/fr\/product\/acheter-un-permis-de-conduire-400-euros\/\" \/>\n<meta property=\"og:site_name\" content=\"Reisepassfuhrer\" \/>\n<meta property=\"og:image\" content=\"http:\/\/reisepassfuhrer.com\/wp-content\/uploads\/2025\/08\/download-53.jpeg\" \/>\n\t<meta property=\"og:image:width\" content=\"299\" \/>\n\t<meta property=\"og:image:height\" content=\"168\" \/>\n\t<meta property=\"og:image:type\" content=\"image\/jpeg\" \/>\n<meta name=\"twitter:card\" content=\"summary_large_image\" \/>\n<meta name=\"twitter:label1\" content=\"Dur\u00e9e de lecture estim\u00e9e\" \/>\n\t<meta name=\"twitter:data1\" content=\"2 minutes\" \/>\n<script type=\"application\/ld+json\" class=\"yoast-schema-graph\">{\"@context\":\"https:\/\/schema.org\",\"@graph\":[{\"@type\":\"WebPage\",\"@id\":\"https:\/\/reisepassfuhrer.com\/product\/fuhrerschein-kaufen-400-euro\/\",\"url\":\"https:\/\/reisepassfuhrer.com\/product\/fuhrerschein-kaufen-400-euro\/\",\"name\":\"f\u00fchrerschein kaufen 400 euro - Reisepassfuhrer\",\"isPartOf\":{\"@id\":\"https:\/\/reisepassfuhrer.com\/#website\"},\"primaryImageOfPage\":{\"@id\":\"https:\/\/reisepassfuhrer.com\/product\/fuhrerschein-kaufen-400-euro\/#primaryimage\"},\"image\":{\"@id\":\"https:\/\/reisepassfuhrer.com\/product\/fuhrerschein-kaufen-400-euro\/#primaryimage\"},\"thumbnailUrl\":\"https:\/\/reisepassfuhrer.com\/wp-content\/uploads\/2025\/08\/download-53.jpeg\",\"datePublished\":\"2025-08-24T11:10:44+00:00\",\"description\":\"Ein F\u00fchrerschein f\u00fcr 400 Euro, der ohne eine Fahrschule, ohne Pr\u00fcfung und ohne gesetzlich vorgeschriebene Ausbildung angeboten wird,\",\"breadcrumb\":{\"@id\":\"https:\/\/reisepassfuhrer.com\/product\/fuhrerschein-kaufen-400-euro\/#breadcrumb\"},\"inLanguage\":\"fr-FR\",\"potentialAction\":[{\"@type\":\"ReadAction\",\"target\":[\"https:\/\/reisepassfuhrer.com\/product\/fuhrerschein-kaufen-400-euro\/\"]}]},{\"@type\":\"ImageObject\",\"inLanguage\":\"fr-FR\",\"@id\":\"https:\/\/reisepassfuhrer.com\/product\/fuhrerschein-kaufen-400-euro\/#primaryimage\",\"url\":\"https:\/\/reisepassfuhrer.com\/wp-content\/uploads\/2025\/08\/download-53.jpeg\",\"contentUrl\":\"https:\/\/reisepassfuhrer.com\/wp-content\/uploads\/2025\/08\/download-53.jpeg\",\"width\":299,\"height\":168},{\"@type\":\"BreadcrumbList\",\"@id\":\"https:\/\/reisepassfuhrer.com\/product\/fuhrerschein-kaufen-400-euro\/#breadcrumb\",\"itemListElement\":[{\"@type\":\"ListItem\",\"position\":1,\"name\":\"Home\",\"item\":\"https:\/\/reisepassfuhrer.com\/\"},{\"@type\":\"ListItem\",\"position\":2,\"name\":\"Shop\",\"item\":\"https:\/\/reisepassfuhrer.com\/shop\/\"},{\"@type\":\"ListItem\",\"position\":3,\"name\":\"f\u00fchrerschein kaufen 400 euro\"}]},{\"@type\":\"WebSite\",\"@id\":\"https:\/\/reisepassfuhrer.com\/#website\",\"url\":\"https:\/\/reisepassfuhrer.com\/\",\"name\":\"Reisepassfuhrer\",\"description\":\"Reisepass Beantragen Berlin\",\"publisher\":{\"@id\":\"https:\/\/reisepassfuhrer.com\/#organization\"},\"potentialAction\":[{\"@type\":\"SearchAction\",\"target\":{\"@type\":\"EntryPoint\",\"urlTemplate\":\"https:\/\/reisepassfuhrer.com\/?s={search_term_string}\"},\"query-input\":{\"@type\":\"PropertyValueSpecification\",\"valueRequired\":true,\"valueName\":\"search_term_string\"}}],\"inLanguage\":\"fr-FR\"},{\"@type\":\"Organization\",\"@id\":\"https:\/\/reisepassfuhrer.com\/#organization\",\"name\":\"Reisepassfuhrer\",\"url\":\"https:\/\/reisepassfuhrer.com\/\",\"logo\":{\"@type\":\"ImageObject\",\"inLanguage\":\"fr-FR\",\"@id\":\"https:\/\/reisepassfuhrer.com\/#\/schema\/logo\/image\/\",\"url\":\"https:\/\/reisepassfuhrer.com\/wp-content\/uploads\/2024\/03\/Reisepassfuhrer-logo.png\",\"contentUrl\":\"https:\/\/reisepassfuhrer.com\/wp-content\/uploads\/2024\/03\/Reisepassfuhrer-logo.png\",\"width\":112,\"height\":112,\"caption\":\"Reisepassfuhrer\"},\"image\":{\"@id\":\"https:\/\/reisepassfuhrer.com\/#\/schema\/logo\/image\/\"}}]}<\/script>\n<!-- \/ Yoast SEO Premium plugin. -->","yoast_head_json":{"title":"acheter permis de conduire 400 euro - guide de voyage","description":"Un permis de conduire \u00e0 400 euros, propos\u00e9 sans \u00e9cole de conduite, sans examen et sans formation l\u00e9gale obligatoire,","robots":{"index":"noindex","follow":"follow","max-snippet":"max-snippet:-1","max-image-preview":"max-image-preview:large","max-video-preview":"max-video-preview:-1"},"og_locale":"fr_FR","og_type":"article","og_title":"f\u00fchrerschein kaufen 400 euro","og_description":"Ein F\u00fchrerschein f\u00fcr 400 Euro, der ohne eine Fahrschule, ohne Pr\u00fcfung und ohne gesetzlich vorgeschriebene Ausbildung angeboten wird,","og_url":"https:\/\/reisepassfuhrer.com\/fr\/product\/acheter-un-permis-de-conduire-400-euros\/","og_site_name":"Reisepassfuhrer","og_image":[{"width":299,"height":168,"url":"http:\/\/reisepassfuhrer.com\/wp-content\/uploads\/2025\/08\/download-53.jpeg","type":"image\/jpeg"}],"twitter_card":"summary_large_image","twitter_misc":{"Dur\u00e9e de lecture estim\u00e9e":"2 minutes"},"schema":{"@context":"https:\/\/schema.org","@graph":[{"@type":"WebPage","@id":"https:\/\/reisepassfuhrer.com\/product\/fuhrerschein-kaufen-400-euro\/","url":"https:\/\/reisepassfuhrer.com\/product\/fuhrerschein-kaufen-400-euro\/","name":"acheter permis de conduire 400 euro - guide de voyage","isPartOf":{"@id":"https:\/\/reisepassfuhrer.com\/#website"},"primaryImageOfPage":{"@id":"https:\/\/reisepassfuhrer.com\/product\/fuhrerschein-kaufen-400-euro\/#primaryimage"},"image":{"@id":"https:\/\/reisepassfuhrer.com\/product\/fuhrerschein-kaufen-400-euro\/#primaryimage"},"thumbnailUrl":"https:\/\/reisepassfuhrer.com\/wp-content\/uploads\/2025\/08\/download-53.jpeg","datePublished":"2025-08-24T11:10:44+00:00","description":"Un permis de conduire \u00e0 400 euros, propos\u00e9 sans \u00e9cole de conduite, sans examen et sans formation l\u00e9gale obligatoire,","breadcrumb":{"@id":"https:\/\/reisepassfuhrer.com\/product\/fuhrerschein-kaufen-400-euro\/#breadcrumb"},"inLanguage":"fr-FR","potentialAction":[{"@type":"ReadAction","target":["https:\/\/reisepassfuhrer.com\/product\/fuhrerschein-kaufen-400-euro\/"]}]},{"@type":"ImageObject","inLanguage":"fr-FR","@id":"https:\/\/reisepassfuhrer.com\/product\/fuhrerschein-kaufen-400-euro\/#primaryimage","url":"https:\/\/reisepassfuhrer.com\/wp-content\/uploads\/2025\/08\/download-53.jpeg","contentUrl":"https:\/\/reisepassfuhrer.com\/wp-content\/uploads\/2025\/08\/download-53.jpeg","width":299,"height":168},{"@type":"BreadcrumbList","@id":"https:\/\/reisepassfuhrer.com\/product\/fuhrerschein-kaufen-400-euro\/#breadcrumb","itemListElement":[{"@type":"ListItem","position":1,"name":"Home","item":"https:\/\/reisepassfuhrer.com\/"},{"@type":"ListItem","position":2,"name":"Shop","item":"https:\/\/reisepassfuhrer.com\/shop\/"},{"@type":"ListItem","position":3,"name":"f\u00fchrerschein kaufen 400 euro"}]},{"@type":"WebSite","@id":"https:\/\/reisepassfuhrer.com\/#website","url":"https:\/\/reisepassfuhrer.com\/","name":"Guide du passeport","description":"Demande de passeport Berlin","publisher":{"@id":"https:\/\/reisepassfuhrer.com\/#organization"},"potentialAction":[{"@type":"SearchAction","target":{"@type":"EntryPoint","urlTemplate":"https:\/\/reisepassfuhrer.com\/?s={search_term_string}"},"query-input":{"@type":"PropertyValueSpecification","valueRequired":true,"valueName":"search_term_string"}}],"inLanguage":"fr-FR"},{"@type":"Organization","@id":"https:\/\/reisepassfuhrer.com\/#organization","name":"Guide du passeport","url":"https:\/\/reisepassfuhrer.com\/","logo":{"@type":"ImageObject","inLanguage":"fr-FR","@id":"https:\/\/reisepassfuhrer.com\/#\/schema\/logo\/image\/","url":"https:\/\/reisepassfuhrer.com\/wp-content\/uploads\/2024\/03\/Reisepassfuhrer-logo.png","contentUrl":"https:\/\/reisepassfuhrer.com\/wp-content\/uploads\/2024\/03\/Reisepassfuhrer-logo.png","width":112,"height":112,"caption":"Reisepassfuhrer"},"image":{"@id":"https:\/\/reisepassfuhrer.com\/#\/schema\/logo\/image\/"}}]}},"_links":{"self":[{"href":"https:\/\/reisepassfuhrer.com\/fr\/wp-json\/wp\/v2\/product\/3147","targetHints":{"allow":["GET"]}}],"collection":[{"href":"https:\/\/reisepassfuhrer.com\/fr\/wp-json\/wp\/v2\/product"}],"about":[{"href":"https:\/\/reisepassfuhrer.com\/fr\/wp-json\/wp\/v2\/types\/product"}],"replies":[{"embeddable":true,"href":"https:\/\/reisepassfuhrer.com\/fr\/wp-json\/wp\/v2\/comments?post=3147"}],"wp:featuredmedia":[{"embeddable":true,"href":"https:\/\/reisepassfuhrer.com\/fr\/wp-json\/wp\/v2\/media\/3149"}],"wp:attachment":[{"href":"https:\/\/reisepassfuhrer.com\/fr\/wp-json\/wp\/v2\/media?parent=3147"}],"wp:term":[{"taxonomy":"product_brand","embeddable":true,"href":"https:\/\/reisepassfuhrer.com\/fr\/wp-json\/wp\/v2\/product_brand?post=3147"},{"taxonomy":"product_cat","embeddable":true,"href":"https:\/\/reisepassfuhrer.com\/fr\/wp-json\/wp\/v2\/product_cat?post=3147"},{"taxonomy":"product_tag","embeddable":true,"href":"https:\/\/reisepassfuhrer.com\/fr\/wp-json\/wp\/v2\/product_tag?post=3147"}],"curies":[{"name":"wp","href":"https:\/\/api.w.org\/{rel}","templated":true}]}}