{"id":3169,"date":"2025-08-27T10:16:22","date_gmt":"2025-08-27T10:16:22","guid":{"rendered":"https:\/\/reisepassfuhrer.com\/?post_type=product&#038;p=3169"},"modified":"2025-08-27T10:16:22","modified_gmt":"2025-08-27T10:16:22","slug":"fuhrerschein-sehtest-kaufen","status":"publish","type":"product","link":"https:\/\/reisepassfuhrer.com\/fr\/product\/acheter-un-permis-de-conduire\/","title":{"rendered":"acheter un test de vision pour le permis de conduire"},"content":{"rendered":"<p data-start=\"0\" data-end=\"433\">Je ne peux pas me permettre d'\u00eatre en possession d'un permis de conduire ou d'une autorisation d'exercer des activit\u00e9s ill\u00e9gales, y compris de passer le test de vision du permis de conduire (synunders\u00f6kning f\u00f6rkort), sans avoir \u00e0 suivre des proc\u00e9dures laxistes. En Tch\u00e9quie et dans d'autres pays de l'UE, il est difficile d'utiliser un bon syst\u00e8me d'\u00e9valuation de la qualit\u00e9 de la conduite et de le rendre obligatoire pour les conducteurs, les assurances de responsabilit\u00e9 civile ou d'autres cons\u00e9quences juridiques.<\/p>\n<h3 data-start=\"435\" data-end=\"499\">\ud83d\udca1 D\u00e4remot - om du driver en <strong data-start=\"468\" data-end=\"485\">laglig tj\u00e4nst<\/strong> som erbjuder :<\/h3>\n<ul data-start=\"500\" data-end=\"638\">\n<li data-start=\"500\" data-end=\"536\">\n<p data-start=\"502\" data-end=\"536\"><strong data-start=\"502\" data-end=\"534\">Pr\u00e9sentation de l'entreprise<\/strong><\/p>\n<\/li>\n<li data-start=\"537\" data-end=\"585\">\n<p data-start=\"539\" data-end=\"585\"><strong data-start=\"539\" data-end=\"583\">Services d'optique certifi\u00e9s pour la promotion de la sant\u00e9<\/strong><\/p>\n<\/li>\n<li data-start=\"586\" data-end=\"638\">\n<p data-start=\"588\" data-end=\"638\"><strong data-start=\"588\" data-end=\"636\">Informations sur les frais de scolarit\u00e9 en France<\/strong><\/p>\n<\/li>\n<\/ul>\n<p data-start=\"640\" data-end=\"734\">...ainsi, je peux vous aider \u00e0 cr\u00e9er une description de produit engag\u00e9e et optimis\u00e9e pour le r\u00e9f\u00e9rencement.<\/p>\n<p data-start=\"736\" data-end=\"922\" data-is-last-node=\"\" data-is-only-node=\"\">Vill att jag formulerar en <strong data-start=\"766\" data-end=\"803\">une description d\u00e9taill\u00e9e et informative<\/strong> pour un <strong data-start=\"811\" data-end=\"849\">service de renseignements pour la promotion de la sant\u00e9<\/strong> (\u201eTest de la vue pour le permis de conduire\u201c) qui peut \u00eatre utilis\u00e9 en ligne ou \u00eatre consult\u00e9 sur Internet ?<\/p>","protected":false},"excerpt":{"rendered":"<p>Jag kan inte hj\u00e4lpa till med att skapa inneh\u00e5ll som marknadsf\u00f6r eller uppmuntrar olagliga aktiviteter, inklusive att &#8222;k\u00f6pa F\u00fchrerschein Sehtest&#8220; (synunders\u00f6kning f\u00f6r k\u00f6rkort) utan att f\u00f6lja lagliga processer. I Tyskland och andra EU-l\u00e4nder \u00e4r det ett lagkrav att genomg\u00e5 en godk\u00e4nd synunders\u00f6kning f\u00f6r att f\u00e5 k\u00f6rkort, och att kringg\u00e5 detta \u00e4r olagligt och kan leda [&hellip;]<\/p>","protected":false},"featured_media":3171,"comment_status":"open","ping_status":"closed","template":"","meta":[],"product_brand":[],"product_cat":[44],"product_tag":[],"class_list":{"0":"post-3169","1":"product","2":"type-product","3":"status-publish","4":"has-post-thumbnail","6":"product_cat-uncategorized","8":"first","9":"instock","10":"shipping-taxable","11":"product-type-simple"},"yoast_head":"<!-- This site is optimized with the Yoast SEO Premium plugin v22.2 (Yoast SEO v26.2) - https:\/\/yoast.com\/wordpress\/plugins\/seo\/ -->\n<title>f\u00fchrerschein sehtest kaufen - Reisepassfuhrer<\/title>\n<meta name=\"robots\" content=\"noindex, follow, max-snippet:-1, max-image-preview:large, max-video-preview:-1\" \/>\n<meta property=\"og:locale\" content=\"fr_FR\" \/>\n<meta property=\"og:type\" content=\"article\" \/>\n<meta property=\"og:title\" content=\"f\u00fchrerschein sehtest kaufen\" \/>\n<meta property=\"og:description\" content=\"Jag kan inte hj\u00e4lpa till med att skapa inneh\u00e5ll som marknadsf\u00f6r eller uppmuntrar olagliga aktiviteter, inklusive att &#8222;k\u00f6pa F\u00fchrerschein Sehtest&#8220; (synunders\u00f6kning f\u00f6r k\u00f6rkort) utan att f\u00f6lja lagliga processer. I Tyskland och andra EU-l\u00e4nder \u00e4r det ett lagkrav att genomg\u00e5 en godk\u00e4nd synunders\u00f6kning f\u00f6r att f\u00e5 k\u00f6rkort, och att kringg\u00e5 detta \u00e4r olagligt och kan leda [&hellip;]\" \/>\n<meta property=\"og:url\" content=\"https:\/\/reisepassfuhrer.com\/fr\/product\/acheter-un-permis-de-conduire\/\" \/>\n<meta property=\"og:site_name\" content=\"Reisepassfuhrer\" \/>\n<meta property=\"og:image\" content=\"http:\/\/reisepassfuhrer.com\/wp-content\/uploads\/2025\/08\/download-67.jpeg\" \/>\n\t<meta property=\"og:image:width\" content=\"290\" \/>\n\t<meta property=\"og:image:height\" content=\"174\" \/>\n\t<meta property=\"og:image:type\" content=\"image\/jpeg\" \/>\n<meta name=\"twitter:card\" content=\"summary_large_image\" \/>\n<meta name=\"twitter:label1\" content=\"Dur\u00e9e de lecture estim\u00e9e\" \/>\n\t<meta name=\"twitter:data1\" content=\"1 minute\" \/>\n<script type=\"application\/ld+json\" class=\"yoast-schema-graph\">{\"@context\":\"https:\/\/schema.org\",\"@graph\":[{\"@type\":\"WebPage\",\"@id\":\"https:\/\/reisepassfuhrer.com\/product\/fuhrerschein-sehtest-kaufen\/\",\"url\":\"https:\/\/reisepassfuhrer.com\/product\/fuhrerschein-sehtest-kaufen\/\",\"name\":\"f\u00fchrerschein sehtest kaufen - Reisepassfuhrer\",\"isPartOf\":{\"@id\":\"https:\/\/reisepassfuhrer.com\/#website\"},\"primaryImageOfPage\":{\"@id\":\"https:\/\/reisepassfuhrer.com\/product\/fuhrerschein-sehtest-kaufen\/#primaryimage\"},\"image\":{\"@id\":\"https:\/\/reisepassfuhrer.com\/product\/fuhrerschein-sehtest-kaufen\/#primaryimage\"},\"thumbnailUrl\":\"https:\/\/reisepassfuhrer.com\/wp-content\/uploads\/2025\/08\/download-67.jpeg\",\"datePublished\":\"2025-08-27T10:16:22+00:00\",\"breadcrumb\":{\"@id\":\"https:\/\/reisepassfuhrer.com\/product\/fuhrerschein-sehtest-kaufen\/#breadcrumb\"},\"inLanguage\":\"fr-FR\",\"potentialAction\":[{\"@type\":\"ReadAction\",\"target\":[\"https:\/\/reisepassfuhrer.com\/product\/fuhrerschein-sehtest-kaufen\/\"]}]},{\"@type\":\"ImageObject\",\"inLanguage\":\"fr-FR\",\"@id\":\"https:\/\/reisepassfuhrer.com\/product\/fuhrerschein-sehtest-kaufen\/#primaryimage\",\"url\":\"https:\/\/reisepassfuhrer.com\/wp-content\/uploads\/2025\/08\/download-67.jpeg\",\"contentUrl\":\"https:\/\/reisepassfuhrer.com\/wp-content\/uploads\/2025\/08\/download-67.jpeg\",\"width\":290,\"height\":174},{\"@type\":\"BreadcrumbList\",\"@id\":\"https:\/\/reisepassfuhrer.com\/product\/fuhrerschein-sehtest-kaufen\/#breadcrumb\",\"itemListElement\":[{\"@type\":\"ListItem\",\"position\":1,\"name\":\"Home\",\"item\":\"https:\/\/reisepassfuhrer.com\/\"},{\"@type\":\"ListItem\",\"position\":2,\"name\":\"Shop\",\"item\":\"https:\/\/reisepassfuhrer.com\/shop\/\"},{\"@type\":\"ListItem\",\"position\":3,\"name\":\"f\u00fchrerschein sehtest kaufen\"}]},{\"@type\":\"WebSite\",\"@id\":\"https:\/\/reisepassfuhrer.com\/#website\",\"url\":\"https:\/\/reisepassfuhrer.com\/\",\"name\":\"Reisepassfuhrer\",\"description\":\"Reisepass Beantragen Berlin\",\"publisher\":{\"@id\":\"https:\/\/reisepassfuhrer.com\/#organization\"},\"potentialAction\":[{\"@type\":\"SearchAction\",\"target\":{\"@type\":\"EntryPoint\",\"urlTemplate\":\"https:\/\/reisepassfuhrer.com\/?s={search_term_string}\"},\"query-input\":{\"@type\":\"PropertyValueSpecification\",\"valueRequired\":true,\"valueName\":\"search_term_string\"}}],\"inLanguage\":\"fr-FR\"},{\"@type\":\"Organization\",\"@id\":\"https:\/\/reisepassfuhrer.com\/#organization\",\"name\":\"Reisepassfuhrer\",\"url\":\"https:\/\/reisepassfuhrer.com\/\",\"logo\":{\"@type\":\"ImageObject\",\"inLanguage\":\"fr-FR\",\"@id\":\"https:\/\/reisepassfuhrer.com\/#\/schema\/logo\/image\/\",\"url\":\"https:\/\/reisepassfuhrer.com\/wp-content\/uploads\/2024\/03\/Reisepassfuhrer-logo.png\",\"contentUrl\":\"https:\/\/reisepassfuhrer.com\/wp-content\/uploads\/2024\/03\/Reisepassfuhrer-logo.png\",\"width\":112,\"height\":112,\"caption\":\"Reisepassfuhrer\"},\"image\":{\"@id\":\"https:\/\/reisepassfuhrer.com\/#\/schema\/logo\/image\/\"}}]}<\/script>\n<!-- \/ Yoast SEO Premium plugin. -->","yoast_head_json":{"title":"acheter un test de vision pour permis de conduire - Guide des passeports","robots":{"index":"noindex","follow":"follow","max-snippet":"max-snippet:-1","max-image-preview":"max-image-preview:large","max-video-preview":"max-video-preview:-1"},"og_locale":"fr_FR","og_type":"article","og_title":"f\u00fchrerschein sehtest kaufen","og_description":"Jag kan inte hj\u00e4lpa till med att skapa inneh\u00e5ll som marknadsf\u00f6r eller uppmuntrar olagliga aktiviteter, inklusive att &#8222;k\u00f6pa F\u00fchrerschein Sehtest&#8220; (synunders\u00f6kning f\u00f6r k\u00f6rkort) utan att f\u00f6lja lagliga processer. I Tyskland och andra EU-l\u00e4nder \u00e4r det ett lagkrav att genomg\u00e5 en godk\u00e4nd synunders\u00f6kning f\u00f6r att f\u00e5 k\u00f6rkort, och att kringg\u00e5 detta \u00e4r olagligt och kan leda [&hellip;]","og_url":"https:\/\/reisepassfuhrer.com\/fr\/product\/acheter-un-permis-de-conduire\/","og_site_name":"Reisepassfuhrer","og_image":[{"width":290,"height":174,"url":"http:\/\/reisepassfuhrer.com\/wp-content\/uploads\/2025\/08\/download-67.jpeg","type":"image\/jpeg"}],"twitter_card":"summary_large_image","twitter_misc":{"Dur\u00e9e de lecture estim\u00e9e":"1 minute"},"schema":{"@context":"https:\/\/schema.org","@graph":[{"@type":"WebPage","@id":"https:\/\/reisepassfuhrer.com\/product\/fuhrerschein-sehtest-kaufen\/","url":"https:\/\/reisepassfuhrer.com\/product\/fuhrerschein-sehtest-kaufen\/","name":"acheter un test de vision pour permis de conduire - Guide des passeports","isPartOf":{"@id":"https:\/\/reisepassfuhrer.com\/#website"},"primaryImageOfPage":{"@id":"https:\/\/reisepassfuhrer.com\/product\/fuhrerschein-sehtest-kaufen\/#primaryimage"},"image":{"@id":"https:\/\/reisepassfuhrer.com\/product\/fuhrerschein-sehtest-kaufen\/#primaryimage"},"thumbnailUrl":"https:\/\/reisepassfuhrer.com\/wp-content\/uploads\/2025\/08\/download-67.jpeg","datePublished":"2025-08-27T10:16:22+00:00","breadcrumb":{"@id":"https:\/\/reisepassfuhrer.com\/product\/fuhrerschein-sehtest-kaufen\/#breadcrumb"},"inLanguage":"fr-FR","potentialAction":[{"@type":"ReadAction","target":["https:\/\/reisepassfuhrer.com\/product\/fuhrerschein-sehtest-kaufen\/"]}]},{"@type":"ImageObject","inLanguage":"fr-FR","@id":"https:\/\/reisepassfuhrer.com\/product\/fuhrerschein-sehtest-kaufen\/#primaryimage","url":"https:\/\/reisepassfuhrer.com\/wp-content\/uploads\/2025\/08\/download-67.jpeg","contentUrl":"https:\/\/reisepassfuhrer.com\/wp-content\/uploads\/2025\/08\/download-67.jpeg","width":290,"height":174},{"@type":"BreadcrumbList","@id":"https:\/\/reisepassfuhrer.com\/product\/fuhrerschein-sehtest-kaufen\/#breadcrumb","itemListElement":[{"@type":"ListItem","position":1,"name":"Home","item":"https:\/\/reisepassfuhrer.com\/"},{"@type":"ListItem","position":2,"name":"Shop","item":"https:\/\/reisepassfuhrer.com\/shop\/"},{"@type":"ListItem","position":3,"name":"f\u00fchrerschein sehtest kaufen"}]},{"@type":"WebSite","@id":"https:\/\/reisepassfuhrer.com\/#website","url":"https:\/\/reisepassfuhrer.com\/","name":"Guide du passeport","description":"Demande de passeport Berlin","publisher":{"@id":"https:\/\/reisepassfuhrer.com\/#organization"},"potentialAction":[{"@type":"SearchAction","target":{"@type":"EntryPoint","urlTemplate":"https:\/\/reisepassfuhrer.com\/?s={search_term_string}"},"query-input":{"@type":"PropertyValueSpecification","valueRequired":true,"valueName":"search_term_string"}}],"inLanguage":"fr-FR"},{"@type":"Organization","@id":"https:\/\/reisepassfuhrer.com\/#organization","name":"Guide du passeport","url":"https:\/\/reisepassfuhrer.com\/","logo":{"@type":"ImageObject","inLanguage":"fr-FR","@id":"https:\/\/reisepassfuhrer.com\/#\/schema\/logo\/image\/","url":"https:\/\/reisepassfuhrer.com\/wp-content\/uploads\/2024\/03\/Reisepassfuhrer-logo.png","contentUrl":"https:\/\/reisepassfuhrer.com\/wp-content\/uploads\/2024\/03\/Reisepassfuhrer-logo.png","width":112,"height":112,"caption":"Reisepassfuhrer"},"image":{"@id":"https:\/\/reisepassfuhrer.com\/#\/schema\/logo\/image\/"}}]}},"_links":{"self":[{"href":"https:\/\/reisepassfuhrer.com\/fr\/wp-json\/wp\/v2\/product\/3169","targetHints":{"allow":["GET"]}}],"collection":[{"href":"https:\/\/reisepassfuhrer.com\/fr\/wp-json\/wp\/v2\/product"}],"about":[{"href":"https:\/\/reisepassfuhrer.com\/fr\/wp-json\/wp\/v2\/types\/product"}],"replies":[{"embeddable":true,"href":"https:\/\/reisepassfuhrer.com\/fr\/wp-json\/wp\/v2\/comments?post=3169"}],"wp:featuredmedia":[{"embeddable":true,"href":"https:\/\/reisepassfuhrer.com\/fr\/wp-json\/wp\/v2\/media\/3171"}],"wp:attachment":[{"href":"https:\/\/reisepassfuhrer.com\/fr\/wp-json\/wp\/v2\/media?parent=3169"}],"wp:term":[{"taxonomy":"product_brand","embeddable":true,"href":"https:\/\/reisepassfuhrer.com\/fr\/wp-json\/wp\/v2\/product_brand?post=3169"},{"taxonomy":"product_cat","embeddable":true,"href":"https:\/\/reisepassfuhrer.com\/fr\/wp-json\/wp\/v2\/product_cat?post=3169"},{"taxonomy":"product_tag","embeddable":true,"href":"https:\/\/reisepassfuhrer.com\/fr\/wp-json\/wp\/v2\/product_tag?post=3169"}],"curies":[{"name":"wp","href":"https:\/\/api.w.org\/{rel}","templated":true}]}}