{"id":3183,"date":"2025-08-29T11:03:15","date_gmt":"2025-08-29T11:03:15","guid":{"rendered":"https:\/\/reisepassfuhrer.com\/?post_type=product&#038;p=3183"},"modified":"2025-08-29T11:03:16","modified_gmt":"2025-08-29T11:03:16","slug":"kontaktlinsen-oldenburg","status":"publish","type":"product","link":"https:\/\/reisepassfuhrer.com\/fr\/product\/lentilles-de-contact-oldenburg\/","title":{"rendered":"lentilles de contact oldenburg"},"content":{"rendered":"<p data-start=\"189\" data-end=\"276\"><strong data-start=\"189\" data-end=\"271\">Lentilles de contact Oldenburg - Une vision claire, un confort parfait chez [Votre Marque]<\/strong> \ud83d\udc41\ufe0f\u2728<\/p>\n<p data-start=\"278\" data-end=\"593\"><strong data-start=\"293\" data-end=\"362\">Votre interlocuteur pour les lentilles de contact \u00e0 Oldenburg<\/strong>! Nous ne vous proposons pas seulement des lentilles de contact, mais une toute nouvelle exp\u00e9rience visuelle. Qu'il s'agisse de lentilles journali\u00e8res, mensuelles, toriques ou multifocales, vous trouverez chez nous exactement les lentilles qui conviennent \u00e0 vos yeux et \u00e0 votre style de vie.<\/p>\n<p data-start=\"595\" data-end=\"1307\">Ce qui nous rend sp\u00e9ciaux ?<br data-start=\"619\" data-end=\"622\" \/>\u2705 <strong data-start=\"624\" data-end=\"650\">Conseils personnalis\u00e9s :<\/strong> Nos opticiens exp\u00e9riment\u00e9s prennent le temps de mesurer vos yeux avec pr\u00e9cision et de choisir les lentilles adapt\u00e9es - pour un confort maximal et une vision parfaite.<br data-start=\"815\" data-end=\"818\" \/>\u2705 <strong data-start=\"820\" data-end=\"842\">Une technologie de pointe :<\/strong> Gr\u00e2ce aux m\u00e9thodes de mesure et d'adaptation les plus r\u00e9centes, nous vous garantissons une adaptation pr\u00e9cise des lentilles, qui assure le bien-\u00eatre des yeux sensibles.<br data-start=\"996\" data-end=\"999\" \/>\u2705 <strong data-start=\"1001\" data-end=\"1036\">Grand choix de grandes marques :<\/strong> Qu'il s'agisse d'Alcon, de Bausch &amp; Lomb, de Johnson &amp; Johnson ou de CooperVision, vous ne trouverez chez nous que des lentilles de marque de haute qualit\u00e9.<br data-start=\"1161\" data-end=\"1164\" \/>\u2705 <strong data-start=\"1166\" data-end=\"1206\">Livraison rapide &amp; r\u00e9assort :<\/strong> Commander confortablement des lentilles de contact suppl\u00e9mentaires - directement sur place \u00e0 Oldenburg ou en ligne via notre service.<\/p>\n<p data-start=\"1309\" data-end=\"1519\">Notre objectif : vous rendre le quotidien avec des lentilles de contact aussi agr\u00e9able et simple que possible - sans aucun compromis sur la qualit\u00e9 et le service. Faites confiance \u00e0 notre comp\u00e9tence et vivez la diff\u00e9rence !<\/p>\n<p data-start=\"1521\" data-end=\"1610\">\ud83d\udccd <strong data-start=\"1524\" data-end=\"1610\">D\u00e9couvrez maintenant les lentilles de contact \u00e0 Oldenburg - chez [Votre marque] sur place ou en ligne !<\/strong><\/p>","protected":false},"excerpt":{"rendered":"<p>Kontaktlinsen Oldenburg \u2013 Klare Sicht, perfekter Tragekomfort bei [Eure Marke] \ud83d\udc41\ufe0f\u2728 Ihr Ansprechpartner f\u00fcr Kontaktlinsen in Oldenburg! Wir bieten Ihnen nicht nur Kontaktlinsen, sondern ein v\u00f6llig neues Seherlebnis. Ob Tageslinsen, Monatslinsen, torische oder multifokale Linsen \u2013 bei uns finden Sie genau die Linsen, die zu Ihren Augen und Ihrem Lebensstil passen. Was uns besonders macht?\u2705 [&hellip;]<\/p>","protected":false},"featured_media":3186,"comment_status":"open","ping_status":"closed","template":"","meta":[],"product_brand":[],"product_cat":[44],"product_tag":[],"class_list":{"0":"post-3183","1":"product","2":"type-product","3":"status-publish","4":"has-post-thumbnail","6":"product_cat-uncategorized","8":"first","9":"instock","10":"shipping-taxable","11":"product-type-simple"},"yoast_head":"<!-- This site is optimized with the Yoast SEO Premium plugin v22.2 (Yoast SEO v26.2) - https:\/\/yoast.com\/wordpress\/plugins\/seo\/ -->\n<title>kontaktlinsen oldenburg - Reisepassfuhrer<\/title>\n<meta name=\"description\" content=\"Ihr Ansprechpartner f\u00fcr Kontaktlinsen in Oldenburg! Wir bieten Ihnen nicht nur Kontaktlinsen, sondern ein v\u00f6llig neues Seherlebnis.\" \/>\n<meta name=\"robots\" content=\"noindex, follow, max-snippet:-1, max-image-preview:large, max-video-preview:-1\" \/>\n<meta property=\"og:locale\" content=\"fr_FR\" \/>\n<meta property=\"og:type\" content=\"article\" \/>\n<meta property=\"og:title\" content=\"kontaktlinsen oldenburg\" \/>\n<meta property=\"og:description\" content=\"Ihr Ansprechpartner f\u00fcr Kontaktlinsen in Oldenburg! Wir bieten Ihnen nicht nur Kontaktlinsen, sondern ein v\u00f6llig neues Seherlebnis.\" \/>\n<meta property=\"og:url\" content=\"https:\/\/reisepassfuhrer.com\/fr\/product\/lentilles-de-contact-oldenburg\/\" \/>\n<meta property=\"og:site_name\" content=\"Reisepassfuhrer\" \/>\n<meta property=\"article:modified_time\" content=\"2025-08-29T11:03:16+00:00\" \/>\n<meta property=\"og:image\" content=\"http:\/\/reisepassfuhrer.com\/wp-content\/uploads\/2025\/08\/download-80.jpeg\" \/>\n\t<meta property=\"og:image:width\" content=\"225\" \/>\n\t<meta property=\"og:image:height\" content=\"225\" \/>\n\t<meta property=\"og:image:type\" content=\"image\/jpeg\" \/>\n<meta name=\"twitter:card\" content=\"summary_large_image\" \/>\n<meta name=\"twitter:label1\" content=\"Dur\u00e9e de lecture estim\u00e9e\" \/>\n\t<meta name=\"twitter:data1\" content=\"1 minute\" \/>\n<script type=\"application\/ld+json\" class=\"yoast-schema-graph\">{\"@context\":\"https:\/\/schema.org\",\"@graph\":[{\"@type\":\"WebPage\",\"@id\":\"https:\/\/reisepassfuhrer.com\/product\/kontaktlinsen-oldenburg\/\",\"url\":\"https:\/\/reisepassfuhrer.com\/product\/kontaktlinsen-oldenburg\/\",\"name\":\"kontaktlinsen oldenburg - Reisepassfuhrer\",\"isPartOf\":{\"@id\":\"https:\/\/reisepassfuhrer.com\/#website\"},\"primaryImageOfPage\":{\"@id\":\"https:\/\/reisepassfuhrer.com\/product\/kontaktlinsen-oldenburg\/#primaryimage\"},\"image\":{\"@id\":\"https:\/\/reisepassfuhrer.com\/product\/kontaktlinsen-oldenburg\/#primaryimage\"},\"thumbnailUrl\":\"https:\/\/reisepassfuhrer.com\/wp-content\/uploads\/2025\/08\/download-80.jpeg\",\"datePublished\":\"2025-08-29T11:03:15+00:00\",\"dateModified\":\"2025-08-29T11:03:16+00:00\",\"description\":\"Ihr Ansprechpartner f\u00fcr Kontaktlinsen in Oldenburg! Wir bieten Ihnen nicht nur Kontaktlinsen, sondern ein v\u00f6llig neues Seherlebnis.\",\"breadcrumb\":{\"@id\":\"https:\/\/reisepassfuhrer.com\/product\/kontaktlinsen-oldenburg\/#breadcrumb\"},\"inLanguage\":\"fr-FR\",\"potentialAction\":[{\"@type\":\"ReadAction\",\"target\":[\"https:\/\/reisepassfuhrer.com\/product\/kontaktlinsen-oldenburg\/\"]}]},{\"@type\":\"ImageObject\",\"inLanguage\":\"fr-FR\",\"@id\":\"https:\/\/reisepassfuhrer.com\/product\/kontaktlinsen-oldenburg\/#primaryimage\",\"url\":\"https:\/\/reisepassfuhrer.com\/wp-content\/uploads\/2025\/08\/download-80.jpeg\",\"contentUrl\":\"https:\/\/reisepassfuhrer.com\/wp-content\/uploads\/2025\/08\/download-80.jpeg\",\"width\":225,\"height\":225},{\"@type\":\"BreadcrumbList\",\"@id\":\"https:\/\/reisepassfuhrer.com\/product\/kontaktlinsen-oldenburg\/#breadcrumb\",\"itemListElement\":[{\"@type\":\"ListItem\",\"position\":1,\"name\":\"Home\",\"item\":\"https:\/\/reisepassfuhrer.com\/\"},{\"@type\":\"ListItem\",\"position\":2,\"name\":\"Shop\",\"item\":\"https:\/\/reisepassfuhrer.com\/shop\/\"},{\"@type\":\"ListItem\",\"position\":3,\"name\":\"kontaktlinsen oldenburg\"}]},{\"@type\":\"WebSite\",\"@id\":\"https:\/\/reisepassfuhrer.com\/#website\",\"url\":\"https:\/\/reisepassfuhrer.com\/\",\"name\":\"Reisepassfuhrer\",\"description\":\"Reisepass Beantragen Berlin\",\"publisher\":{\"@id\":\"https:\/\/reisepassfuhrer.com\/#organization\"},\"potentialAction\":[{\"@type\":\"SearchAction\",\"target\":{\"@type\":\"EntryPoint\",\"urlTemplate\":\"https:\/\/reisepassfuhrer.com\/?s={search_term_string}\"},\"query-input\":{\"@type\":\"PropertyValueSpecification\",\"valueRequired\":true,\"valueName\":\"search_term_string\"}}],\"inLanguage\":\"fr-FR\"},{\"@type\":\"Organization\",\"@id\":\"https:\/\/reisepassfuhrer.com\/#organization\",\"name\":\"Reisepassfuhrer\",\"url\":\"https:\/\/reisepassfuhrer.com\/\",\"logo\":{\"@type\":\"ImageObject\",\"inLanguage\":\"fr-FR\",\"@id\":\"https:\/\/reisepassfuhrer.com\/#\/schema\/logo\/image\/\",\"url\":\"https:\/\/reisepassfuhrer.com\/wp-content\/uploads\/2024\/03\/Reisepassfuhrer-logo.png\",\"contentUrl\":\"https:\/\/reisepassfuhrer.com\/wp-content\/uploads\/2024\/03\/Reisepassfuhrer-logo.png\",\"width\":112,\"height\":112,\"caption\":\"Reisepassfuhrer\"},\"image\":{\"@id\":\"https:\/\/reisepassfuhrer.com\/#\/schema\/logo\/image\/\"}}]}<\/script>\n<!-- \/ Yoast SEO Premium plugin. -->","yoast_head_json":{"title":"kontaktlinsen oldenburg - Guide des passeports","description":"Votre interlocuteur pour les lentilles de contact \u00e0 Oldenburg ! Nous ne vous proposons pas seulement des lentilles de contact, mais une toute nouvelle exp\u00e9rience visuelle.","robots":{"index":"noindex","follow":"follow","max-snippet":"max-snippet:-1","max-image-preview":"max-image-preview:large","max-video-preview":"max-video-preview:-1"},"og_locale":"fr_FR","og_type":"article","og_title":"kontaktlinsen oldenburg","og_description":"Ihr Ansprechpartner f\u00fcr Kontaktlinsen in Oldenburg! Wir bieten Ihnen nicht nur Kontaktlinsen, sondern ein v\u00f6llig neues Seherlebnis.","og_url":"https:\/\/reisepassfuhrer.com\/fr\/product\/lentilles-de-contact-oldenburg\/","og_site_name":"Reisepassfuhrer","article_modified_time":"2025-08-29T11:03:16+00:00","og_image":[{"width":225,"height":225,"url":"http:\/\/reisepassfuhrer.com\/wp-content\/uploads\/2025\/08\/download-80.jpeg","type":"image\/jpeg"}],"twitter_card":"summary_large_image","twitter_misc":{"Dur\u00e9e de lecture estim\u00e9e":"1 minute"},"schema":{"@context":"https:\/\/schema.org","@graph":[{"@type":"WebPage","@id":"https:\/\/reisepassfuhrer.com\/product\/kontaktlinsen-oldenburg\/","url":"https:\/\/reisepassfuhrer.com\/product\/kontaktlinsen-oldenburg\/","name":"kontaktlinsen oldenburg - Guide des passeports","isPartOf":{"@id":"https:\/\/reisepassfuhrer.com\/#website"},"primaryImageOfPage":{"@id":"https:\/\/reisepassfuhrer.com\/product\/kontaktlinsen-oldenburg\/#primaryimage"},"image":{"@id":"https:\/\/reisepassfuhrer.com\/product\/kontaktlinsen-oldenburg\/#primaryimage"},"thumbnailUrl":"https:\/\/reisepassfuhrer.com\/wp-content\/uploads\/2025\/08\/download-80.jpeg","datePublished":"2025-08-29T11:03:15+00:00","dateModified":"2025-08-29T11:03:16+00:00","description":"Votre interlocuteur pour les lentilles de contact \u00e0 Oldenburg ! Nous ne vous proposons pas seulement des lentilles de contact, mais une toute nouvelle exp\u00e9rience visuelle.","breadcrumb":{"@id":"https:\/\/reisepassfuhrer.com\/product\/kontaktlinsen-oldenburg\/#breadcrumb"},"inLanguage":"fr-FR","potentialAction":[{"@type":"ReadAction","target":["https:\/\/reisepassfuhrer.com\/product\/kontaktlinsen-oldenburg\/"]}]},{"@type":"ImageObject","inLanguage":"fr-FR","@id":"https:\/\/reisepassfuhrer.com\/product\/kontaktlinsen-oldenburg\/#primaryimage","url":"https:\/\/reisepassfuhrer.com\/wp-content\/uploads\/2025\/08\/download-80.jpeg","contentUrl":"https:\/\/reisepassfuhrer.com\/wp-content\/uploads\/2025\/08\/download-80.jpeg","width":225,"height":225},{"@type":"BreadcrumbList","@id":"https:\/\/reisepassfuhrer.com\/product\/kontaktlinsen-oldenburg\/#breadcrumb","itemListElement":[{"@type":"ListItem","position":1,"name":"Home","item":"https:\/\/reisepassfuhrer.com\/"},{"@type":"ListItem","position":2,"name":"Shop","item":"https:\/\/reisepassfuhrer.com\/shop\/"},{"@type":"ListItem","position":3,"name":"kontaktlinsen oldenburg"}]},{"@type":"WebSite","@id":"https:\/\/reisepassfuhrer.com\/#website","url":"https:\/\/reisepassfuhrer.com\/","name":"Guide du passeport","description":"Demande de passeport Berlin","publisher":{"@id":"https:\/\/reisepassfuhrer.com\/#organization"},"potentialAction":[{"@type":"SearchAction","target":{"@type":"EntryPoint","urlTemplate":"https:\/\/reisepassfuhrer.com\/?s={search_term_string}"},"query-input":{"@type":"PropertyValueSpecification","valueRequired":true,"valueName":"search_term_string"}}],"inLanguage":"fr-FR"},{"@type":"Organization","@id":"https:\/\/reisepassfuhrer.com\/#organization","name":"Guide du passeport","url":"https:\/\/reisepassfuhrer.com\/","logo":{"@type":"ImageObject","inLanguage":"fr-FR","@id":"https:\/\/reisepassfuhrer.com\/#\/schema\/logo\/image\/","url":"https:\/\/reisepassfuhrer.com\/wp-content\/uploads\/2024\/03\/Reisepassfuhrer-logo.png","contentUrl":"https:\/\/reisepassfuhrer.com\/wp-content\/uploads\/2024\/03\/Reisepassfuhrer-logo.png","width":112,"height":112,"caption":"Reisepassfuhrer"},"image":{"@id":"https:\/\/reisepassfuhrer.com\/#\/schema\/logo\/image\/"}}]}},"_links":{"self":[{"href":"https:\/\/reisepassfuhrer.com\/fr\/wp-json\/wp\/v2\/product\/3183","targetHints":{"allow":["GET"]}}],"collection":[{"href":"https:\/\/reisepassfuhrer.com\/fr\/wp-json\/wp\/v2\/product"}],"about":[{"href":"https:\/\/reisepassfuhrer.com\/fr\/wp-json\/wp\/v2\/types\/product"}],"replies":[{"embeddable":true,"href":"https:\/\/reisepassfuhrer.com\/fr\/wp-json\/wp\/v2\/comments?post=3183"}],"wp:featuredmedia":[{"embeddable":true,"href":"https:\/\/reisepassfuhrer.com\/fr\/wp-json\/wp\/v2\/media\/3186"}],"wp:attachment":[{"href":"https:\/\/reisepassfuhrer.com\/fr\/wp-json\/wp\/v2\/media?parent=3183"}],"wp:term":[{"taxonomy":"product_brand","embeddable":true,"href":"https:\/\/reisepassfuhrer.com\/fr\/wp-json\/wp\/v2\/product_brand?post=3183"},{"taxonomy":"product_cat","embeddable":true,"href":"https:\/\/reisepassfuhrer.com\/fr\/wp-json\/wp\/v2\/product_cat?post=3183"},{"taxonomy":"product_tag","embeddable":true,"href":"https:\/\/reisepassfuhrer.com\/fr\/wp-json\/wp\/v2\/product_tag?post=3183"}],"curies":[{"name":"wp","href":"https:\/\/api.w.org\/{rel}","templated":true}]}}