{"id":3193,"date":"2025-09-01T15:38:10","date_gmt":"2025-09-01T15:38:10","guid":{"rendered":"https:\/\/reisepassfuhrer.com\/?post_type=product&#038;p=3193"},"modified":"2025-09-01T15:38:11","modified_gmt":"2025-09-01T15:38:11","slug":"rumanischer-ausweis-geburtsdatum","status":"publish","type":"product","link":"https:\/\/reisepassfuhrer.com\/fr\/product\/carte-didentite-roumaine-date-de-naissance\/","title":{"rendered":"carte d'identit\u00e9 roumaine date de naissance"},"content":{"rendered":"<p data-start=\"286\" data-end=\"391\"><strong data-start=\"286\" data-end=\"391\">Carte d'identit\u00e9 roumaine - Avec date de naissance souhait\u00e9e | Accessoire de haute qualit\u00e9 pour collectionneurs &amp; projets cr\u00e9atifs<\/strong><\/p>\n<p data-start=\"393\" data-end=\"746\">D\u00e9couvrez notre <strong data-start=\"415\" data-end=\"472\">Carte d'identit\u00e9 roumaine avec date de naissance personnalis\u00e9e<\/strong> - le choix id\u00e9al pour les collectionneurs, les productions cin\u00e9matographiques, les passionn\u00e9s de cosplay ou les projets cr\u00e9atifs qui accordent de l'importance aux d\u00e9tails authentiques. Cet accessoire de haute qualit\u00e9 combine une reproduction pr\u00e9cise et une conception individuelle pour un impact maximal dans chaque application.<\/p>\n<p data-start=\"748\" data-end=\"996\"><strong data-start=\"748\" data-end=\"775\">Personnalisable :<\/strong> Choisissez la date de naissance que vous souhaitez - comme vous le souhaitez ! Que ce soit pour un souvenir nostalgique ou un accessoire de th\u00e9\u00e2tre r\u00e9aliste, cette carte d'identit\u00e9 offre une flexibilit\u00e9 et une personnalisation maximales.<\/p>\n<p data-start=\"998\" data-end=\"1229\"><strong data-start=\"998\" data-end=\"1022\">Aspect d\u00e9taill\u00e9 :<\/strong> Notre carte d'identit\u00e9 roumaine convainc par son design authentique, bas\u00e9 sur des mod\u00e8les actuels. Une qualit\u00e9 d'impression tr\u00e8s fine, des couleurs fid\u00e8les \u00e0 l'original et des mises en page pr\u00e9cises en font un v\u00e9ritable accroche-regard.<\/p>\n<p data-start=\"1231\" data-end=\"1418\"><strong data-start=\"1231\" data-end=\"1257\">Polyvalent :<\/strong> Id\u00e9al pour les plateaux de photo ou de cin\u00e9ma, les soir\u00e9es \u00e0 th\u00e8me, les jeux de r\u00f4le ou les collections. Il convient parfaitement comme accessoire \u00e0 l'aspect r\u00e9aliste sans utilisation l\u00e9gale.<\/p>\n<p data-start=\"1420\" data-end=\"1552\"><strong data-start=\"1420\" data-end=\"1454\">Exp\u00e9dition discr\u00e8te &amp; rapide :<\/strong> Votre commande est livr\u00e9e en toute s\u00e9curit\u00e9, dans un emballage neutre et rapidement - sans aucune indication sur le contenu.<\/p>\n<p data-start=\"1554\" data-end=\"1747\">R\u00e9servez d\u00e8s maintenant votre <strong data-start=\"1583\" data-end=\"1644\">carte d'identit\u00e9 roumaine individuelle avec date de naissance souhait\u00e9e<\/strong> et impressionnez avec un accessoire hors du commun ! Parfait pour tous ceux qui recherchent l'originalit\u00e9.<\/p>","protected":false},"excerpt":{"rendered":"<p>Rum\u00e4nischer Ausweis \u2013 Mit Wunsch-Geburtsdatum | Hochwertiges Requisit f\u00fcr Sammler &amp; kreative Projekte Entdecken Sie unseren Rum\u00e4nischen Ausweis mit personalisiertem Geburtsdatum \u2013 die ideale Wahl f\u00fcr Sammler, Filmproduktionen, Cosplay-Enthusiasten oder kreative Projekte, die Wert auf authentische Details legen. Dieses hochwertige Requisit vereint pr\u00e4zise Nachbildung mit individueller Gestaltung und sorgt so f\u00fcr maximale Wirkung in jeder [&hellip;]<\/p>","protected":false},"featured_media":3195,"comment_status":"open","ping_status":"closed","template":"","meta":[],"product_brand":[],"product_cat":[44],"product_tag":[],"class_list":{"0":"post-3193","1":"product","2":"type-product","3":"status-publish","4":"has-post-thumbnail","6":"product_cat-uncategorized","8":"first","9":"instock","10":"shipping-taxable","11":"product-type-simple"},"yoast_head":"<!-- This site is optimized with the Yoast SEO Premium plugin v22.2 (Yoast SEO v26.2) - https:\/\/yoast.com\/wordpress\/plugins\/seo\/ -->\n<title>rum\u00e4nischer ausweis geburtsdatum - Reisepassfuhrer<\/title>\n<meta name=\"robots\" content=\"noindex, follow, max-snippet:-1, max-image-preview:large, max-video-preview:-1\" \/>\n<meta property=\"og:locale\" content=\"fr_FR\" \/>\n<meta property=\"og:type\" content=\"article\" \/>\n<meta property=\"og:title\" content=\"rum\u00e4nischer ausweis geburtsdatum\" \/>\n<meta property=\"og:description\" content=\"Rum\u00e4nischer Ausweis \u2013 Mit Wunsch-Geburtsdatum | Hochwertiges Requisit f\u00fcr Sammler &amp; kreative Projekte Entdecken Sie unseren Rum\u00e4nischen Ausweis mit personalisiertem Geburtsdatum \u2013 die ideale Wahl f\u00fcr Sammler, Filmproduktionen, Cosplay-Enthusiasten oder kreative Projekte, die Wert auf authentische Details legen. Dieses hochwertige Requisit vereint pr\u00e4zise Nachbildung mit individueller Gestaltung und sorgt so f\u00fcr maximale Wirkung in jeder [&hellip;]\" \/>\n<meta property=\"og:url\" content=\"https:\/\/reisepassfuhrer.com\/fr\/product\/carte-didentite-roumaine-date-de-naissance\/\" \/>\n<meta property=\"og:site_name\" content=\"Reisepassfuhrer\" \/>\n<meta property=\"article:modified_time\" content=\"2025-09-01T15:38:11+00:00\" \/>\n<meta property=\"og:image\" content=\"http:\/\/reisepassfuhrer.com\/wp-content\/uploads\/2025\/09\/download-87.jpeg\" \/>\n\t<meta property=\"og:image:width\" content=\"285\" \/>\n\t<meta property=\"og:image:height\" content=\"177\" \/>\n\t<meta property=\"og:image:type\" content=\"image\/jpeg\" \/>\n<meta name=\"twitter:card\" content=\"summary_large_image\" \/>\n<meta name=\"twitter:label1\" content=\"Dur\u00e9e de lecture estim\u00e9e\" \/>\n\t<meta name=\"twitter:data1\" content=\"1 minute\" \/>\n<script type=\"application\/ld+json\" class=\"yoast-schema-graph\">{\"@context\":\"https:\/\/schema.org\",\"@graph\":[{\"@type\":\"WebPage\",\"@id\":\"https:\/\/reisepassfuhrer.com\/product\/rumanischer-ausweis-geburtsdatum\/\",\"url\":\"https:\/\/reisepassfuhrer.com\/product\/rumanischer-ausweis-geburtsdatum\/\",\"name\":\"rum\u00e4nischer ausweis geburtsdatum - Reisepassfuhrer\",\"isPartOf\":{\"@id\":\"https:\/\/reisepassfuhrer.com\/#website\"},\"primaryImageOfPage\":{\"@id\":\"https:\/\/reisepassfuhrer.com\/product\/rumanischer-ausweis-geburtsdatum\/#primaryimage\"},\"image\":{\"@id\":\"https:\/\/reisepassfuhrer.com\/product\/rumanischer-ausweis-geburtsdatum\/#primaryimage\"},\"thumbnailUrl\":\"https:\/\/reisepassfuhrer.com\/wp-content\/uploads\/2025\/09\/download-87.jpeg\",\"datePublished\":\"2025-09-01T15:38:10+00:00\",\"dateModified\":\"2025-09-01T15:38:11+00:00\",\"breadcrumb\":{\"@id\":\"https:\/\/reisepassfuhrer.com\/product\/rumanischer-ausweis-geburtsdatum\/#breadcrumb\"},\"inLanguage\":\"fr-FR\",\"potentialAction\":[{\"@type\":\"ReadAction\",\"target\":[\"https:\/\/reisepassfuhrer.com\/product\/rumanischer-ausweis-geburtsdatum\/\"]}]},{\"@type\":\"ImageObject\",\"inLanguage\":\"fr-FR\",\"@id\":\"https:\/\/reisepassfuhrer.com\/product\/rumanischer-ausweis-geburtsdatum\/#primaryimage\",\"url\":\"https:\/\/reisepassfuhrer.com\/wp-content\/uploads\/2025\/09\/download-87.jpeg\",\"contentUrl\":\"https:\/\/reisepassfuhrer.com\/wp-content\/uploads\/2025\/09\/download-87.jpeg\",\"width\":285,\"height\":177},{\"@type\":\"BreadcrumbList\",\"@id\":\"https:\/\/reisepassfuhrer.com\/product\/rumanischer-ausweis-geburtsdatum\/#breadcrumb\",\"itemListElement\":[{\"@type\":\"ListItem\",\"position\":1,\"name\":\"Home\",\"item\":\"https:\/\/reisepassfuhrer.com\/\"},{\"@type\":\"ListItem\",\"position\":2,\"name\":\"Shop\",\"item\":\"https:\/\/reisepassfuhrer.com\/shop\/\"},{\"@type\":\"ListItem\",\"position\":3,\"name\":\"rum\u00e4nischer ausweis geburtsdatum\"}]},{\"@type\":\"WebSite\",\"@id\":\"https:\/\/reisepassfuhrer.com\/#website\",\"url\":\"https:\/\/reisepassfuhrer.com\/\",\"name\":\"Reisepassfuhrer\",\"description\":\"Reisepass Beantragen Berlin\",\"publisher\":{\"@id\":\"https:\/\/reisepassfuhrer.com\/#organization\"},\"potentialAction\":[{\"@type\":\"SearchAction\",\"target\":{\"@type\":\"EntryPoint\",\"urlTemplate\":\"https:\/\/reisepassfuhrer.com\/?s={search_term_string}\"},\"query-input\":{\"@type\":\"PropertyValueSpecification\",\"valueRequired\":true,\"valueName\":\"search_term_string\"}}],\"inLanguage\":\"fr-FR\"},{\"@type\":\"Organization\",\"@id\":\"https:\/\/reisepassfuhrer.com\/#organization\",\"name\":\"Reisepassfuhrer\",\"url\":\"https:\/\/reisepassfuhrer.com\/\",\"logo\":{\"@type\":\"ImageObject\",\"inLanguage\":\"fr-FR\",\"@id\":\"https:\/\/reisepassfuhrer.com\/#\/schema\/logo\/image\/\",\"url\":\"https:\/\/reisepassfuhrer.com\/wp-content\/uploads\/2024\/03\/Reisepassfuhrer-logo.png\",\"contentUrl\":\"https:\/\/reisepassfuhrer.com\/wp-content\/uploads\/2024\/03\/Reisepassfuhrer-logo.png\",\"width\":112,\"height\":112,\"caption\":\"Reisepassfuhrer\"},\"image\":{\"@id\":\"https:\/\/reisepassfuhrer.com\/#\/schema\/logo\/image\/\"}}]}<\/script>\n<!-- \/ Yoast SEO Premium plugin. -->","yoast_head_json":{"title":"carte d'identit\u00e9 roumaine date de naissance - passeportfuhrer","robots":{"index":"noindex","follow":"follow","max-snippet":"max-snippet:-1","max-image-preview":"max-image-preview:large","max-video-preview":"max-video-preview:-1"},"og_locale":"fr_FR","og_type":"article","og_title":"rum\u00e4nischer ausweis geburtsdatum","og_description":"Rum\u00e4nischer Ausweis \u2013 Mit Wunsch-Geburtsdatum | Hochwertiges Requisit f\u00fcr Sammler &amp; kreative Projekte Entdecken Sie unseren Rum\u00e4nischen Ausweis mit personalisiertem Geburtsdatum \u2013 die ideale Wahl f\u00fcr Sammler, Filmproduktionen, Cosplay-Enthusiasten oder kreative Projekte, die Wert auf authentische Details legen. Dieses hochwertige Requisit vereint pr\u00e4zise Nachbildung mit individueller Gestaltung und sorgt so f\u00fcr maximale Wirkung in jeder [&hellip;]","og_url":"https:\/\/reisepassfuhrer.com\/fr\/product\/carte-didentite-roumaine-date-de-naissance\/","og_site_name":"Reisepassfuhrer","article_modified_time":"2025-09-01T15:38:11+00:00","og_image":[{"width":285,"height":177,"url":"http:\/\/reisepassfuhrer.com\/wp-content\/uploads\/2025\/09\/download-87.jpeg","type":"image\/jpeg"}],"twitter_card":"summary_large_image","twitter_misc":{"Dur\u00e9e de lecture estim\u00e9e":"1 minute"},"schema":{"@context":"https:\/\/schema.org","@graph":[{"@type":"WebPage","@id":"https:\/\/reisepassfuhrer.com\/product\/rumanischer-ausweis-geburtsdatum\/","url":"https:\/\/reisepassfuhrer.com\/product\/rumanischer-ausweis-geburtsdatum\/","name":"carte d'identit\u00e9 roumaine date de naissance - passeportfuhrer","isPartOf":{"@id":"https:\/\/reisepassfuhrer.com\/#website"},"primaryImageOfPage":{"@id":"https:\/\/reisepassfuhrer.com\/product\/rumanischer-ausweis-geburtsdatum\/#primaryimage"},"image":{"@id":"https:\/\/reisepassfuhrer.com\/product\/rumanischer-ausweis-geburtsdatum\/#primaryimage"},"thumbnailUrl":"https:\/\/reisepassfuhrer.com\/wp-content\/uploads\/2025\/09\/download-87.jpeg","datePublished":"2025-09-01T15:38:10+00:00","dateModified":"2025-09-01T15:38:11+00:00","breadcrumb":{"@id":"https:\/\/reisepassfuhrer.com\/product\/rumanischer-ausweis-geburtsdatum\/#breadcrumb"},"inLanguage":"fr-FR","potentialAction":[{"@type":"ReadAction","target":["https:\/\/reisepassfuhrer.com\/product\/rumanischer-ausweis-geburtsdatum\/"]}]},{"@type":"ImageObject","inLanguage":"fr-FR","@id":"https:\/\/reisepassfuhrer.com\/product\/rumanischer-ausweis-geburtsdatum\/#primaryimage","url":"https:\/\/reisepassfuhrer.com\/wp-content\/uploads\/2025\/09\/download-87.jpeg","contentUrl":"https:\/\/reisepassfuhrer.com\/wp-content\/uploads\/2025\/09\/download-87.jpeg","width":285,"height":177},{"@type":"BreadcrumbList","@id":"https:\/\/reisepassfuhrer.com\/product\/rumanischer-ausweis-geburtsdatum\/#breadcrumb","itemListElement":[{"@type":"ListItem","position":1,"name":"Home","item":"https:\/\/reisepassfuhrer.com\/"},{"@type":"ListItem","position":2,"name":"Shop","item":"https:\/\/reisepassfuhrer.com\/shop\/"},{"@type":"ListItem","position":3,"name":"rum\u00e4nischer ausweis geburtsdatum"}]},{"@type":"WebSite","@id":"https:\/\/reisepassfuhrer.com\/#website","url":"https:\/\/reisepassfuhrer.com\/","name":"Guide du passeport","description":"Demande de passeport Berlin","publisher":{"@id":"https:\/\/reisepassfuhrer.com\/#organization"},"potentialAction":[{"@type":"SearchAction","target":{"@type":"EntryPoint","urlTemplate":"https:\/\/reisepassfuhrer.com\/?s={search_term_string}"},"query-input":{"@type":"PropertyValueSpecification","valueRequired":true,"valueName":"search_term_string"}}],"inLanguage":"fr-FR"},{"@type":"Organization","@id":"https:\/\/reisepassfuhrer.com\/#organization","name":"Guide du passeport","url":"https:\/\/reisepassfuhrer.com\/","logo":{"@type":"ImageObject","inLanguage":"fr-FR","@id":"https:\/\/reisepassfuhrer.com\/#\/schema\/logo\/image\/","url":"https:\/\/reisepassfuhrer.com\/wp-content\/uploads\/2024\/03\/Reisepassfuhrer-logo.png","contentUrl":"https:\/\/reisepassfuhrer.com\/wp-content\/uploads\/2024\/03\/Reisepassfuhrer-logo.png","width":112,"height":112,"caption":"Reisepassfuhrer"},"image":{"@id":"https:\/\/reisepassfuhrer.com\/#\/schema\/logo\/image\/"}}]}},"_links":{"self":[{"href":"https:\/\/reisepassfuhrer.com\/fr\/wp-json\/wp\/v2\/product\/3193","targetHints":{"allow":["GET"]}}],"collection":[{"href":"https:\/\/reisepassfuhrer.com\/fr\/wp-json\/wp\/v2\/product"}],"about":[{"href":"https:\/\/reisepassfuhrer.com\/fr\/wp-json\/wp\/v2\/types\/product"}],"replies":[{"embeddable":true,"href":"https:\/\/reisepassfuhrer.com\/fr\/wp-json\/wp\/v2\/comments?post=3193"}],"wp:featuredmedia":[{"embeddable":true,"href":"https:\/\/reisepassfuhrer.com\/fr\/wp-json\/wp\/v2\/media\/3195"}],"wp:attachment":[{"href":"https:\/\/reisepassfuhrer.com\/fr\/wp-json\/wp\/v2\/media?parent=3193"}],"wp:term":[{"taxonomy":"product_brand","embeddable":true,"href":"https:\/\/reisepassfuhrer.com\/fr\/wp-json\/wp\/v2\/product_brand?post=3193"},{"taxonomy":"product_cat","embeddable":true,"href":"https:\/\/reisepassfuhrer.com\/fr\/wp-json\/wp\/v2\/product_cat?post=3193"},{"taxonomy":"product_tag","embeddable":true,"href":"https:\/\/reisepassfuhrer.com\/fr\/wp-json\/wp\/v2\/product_tag?post=3193"}],"curies":[{"name":"wp","href":"https:\/\/api.w.org\/{rel}","templated":true}]}}