{"id":3196,"date":"2025-09-01T15:40:27","date_gmt":"2025-09-01T15:40:27","guid":{"rendered":"https:\/\/reisepassfuhrer.com\/?post_type=product&#038;p=3196"},"modified":"2025-09-01T15:40:27","modified_gmt":"2025-09-01T15:40:27","slug":"adlerfeder-kaufen-mit-zertifikat","status":"publish","type":"product","link":"https:\/\/reisepassfuhrer.com\/fr\/product\/acheter-une-plume-daigle-avec-un-certificat\/","title":{"rendered":"acheter une plume d'aigle avec un certificat"},"content":{"rendered":"<p data-start=\"292\" data-end=\"363\"><strong data-start=\"292\" data-end=\"363\">Plume d'aigle avec certificat d'authenticit\u00e9 - symbole de force et de libert\u00e9<\/strong><\/p>\n<p data-start=\"365\" data-end=\"744\">Assurez-vous un v\u00e9ritable morceau d'histoire naturelle : nos <strong data-start=\"423\" data-end=\"452\">Plume d'aigle avec certificat<\/strong> est un objet de collection impressionnant pour les amateurs d'artefacts naturels rares, les personnes int\u00e9ress\u00e9es par la spiritualit\u00e9 et les amoureux de la nature. Chaque plume provient de sources contr\u00f4l\u00e9es et l\u00e9gales et est accompagn\u00e9e d'un <strong data-start=\"645\" data-end=\"682\">certificat d'authenticit\u00e9 authentique<\/strong> livr\u00e9s - pour une transparence et une confiance absolues lors de l'achat.<\/p>\n<p data-start=\"746\" data-end=\"958\"><strong data-start=\"746\" data-end=\"772\">Une symbolique unique :<\/strong> Dans le monde entier, la plume d'aigle est un symbole puissant de courage, de libert\u00e9 et de croissance spirituelle. Dans de nombreuses cultures, elle est consid\u00e9r\u00e9e comme sacr\u00e9e et utilis\u00e9e lors de c\u00e9r\u00e9monies et de rituels.<\/p>\n<p data-start=\"960\" data-end=\"1168\"><strong data-start=\"960\" data-end=\"981\">La plus haute qualit\u00e9 :<\/strong> Chaque plume est soigneusement s\u00e9lectionn\u00e9e, nettoy\u00e9e et conserv\u00e9e. Elle impressionne par sa beaut\u00e9 naturelle, sa structure puissante et ses motifs marqu\u00e9s - une v\u00e9ritable pi\u00e8ce unique de la nature.<\/p>\n<p data-start=\"1170\" data-end=\"1380\"><strong data-start=\"1170\" data-end=\"1195\">Certifi\u00e9 &amp; l\u00e9gal :<\/strong> L'acquisition est 100 % l\u00e9gale et respecte les lois en vigueur sur la protection des esp\u00e8ces. Le certificat fourni garantit l'origine et l'authenticit\u00e9 de chaque plume.<\/p>\n<p data-start=\"1382\" data-end=\"1565\"><strong data-start=\"1382\" data-end=\"1409\">Utilisation polyvalente :<\/strong> Id\u00e9al comme outil spirituel, objet de d\u00e9coration, id\u00e9e de cadeau ou pi\u00e8ce de collection. Convient \u00e9galement pour les rituels, les fumigations ou comme point fort dans les projets artistiques.<\/p>\n<p data-start=\"1567\" data-end=\"1711\"><strong data-start=\"1567\" data-end=\"1610\">Exp\u00e9dition discr\u00e8te &amp; emballage s\u00fbr :<\/strong> Votre plume est soigneusement emball\u00e9e et envoy\u00e9e de mani\u00e8re neutre afin qu'elle vous parvienne intacte.<\/p>","protected":false},"excerpt":{"rendered":"<p>Adlerfeder mit Echtheitszertifikat \u2013 Symbol der St\u00e4rke und Freiheit Sichern Sie sich ein echtes St\u00fcck Naturgeschichte: Unsere Adlerfeder mit Zertifikat ist ein beeindruckendes Sammlerst\u00fcck f\u00fcr Liebhaber seltener Naturartefakte, spirituell Interessierte und Naturfreunde. Jede Feder stammt aus kontrollierten, legalen Quellen und wird mit einem authentischen Echtheitszertifikat geliefert \u2013 f\u00fcr absolute Transparenz und Vertrauen beim Kauf. Einzigartige [&hellip;]<\/p>","protected":false},"featured_media":3198,"comment_status":"open","ping_status":"closed","template":"","meta":[],"product_brand":[],"product_cat":[44],"product_tag":[],"class_list":{"0":"post-3196","1":"product","2":"type-product","3":"status-publish","4":"has-post-thumbnail","6":"product_cat-uncategorized","8":"first","9":"instock","10":"shipping-taxable","11":"product-type-simple"},"yoast_head":"<!-- This site is optimized with the Yoast SEO Premium plugin v22.2 (Yoast SEO v26.2) - https:\/\/yoast.com\/wordpress\/plugins\/seo\/ -->\n<title>adlerfeder kaufen mit zertifikat - Reisepassfuhrer<\/title>\n<meta name=\"robots\" content=\"noindex, follow, max-snippet:-1, max-image-preview:large, max-video-preview:-1\" \/>\n<meta property=\"og:locale\" content=\"fr_FR\" \/>\n<meta property=\"og:type\" content=\"article\" \/>\n<meta property=\"og:title\" content=\"adlerfeder kaufen mit zertifikat\" \/>\n<meta property=\"og:description\" content=\"Adlerfeder mit Echtheitszertifikat \u2013 Symbol der St\u00e4rke und Freiheit Sichern Sie sich ein echtes St\u00fcck Naturgeschichte: Unsere Adlerfeder mit Zertifikat ist ein beeindruckendes Sammlerst\u00fcck f\u00fcr Liebhaber seltener Naturartefakte, spirituell Interessierte und Naturfreunde. Jede Feder stammt aus kontrollierten, legalen Quellen und wird mit einem authentischen Echtheitszertifikat geliefert \u2013 f\u00fcr absolute Transparenz und Vertrauen beim Kauf. Einzigartige [&hellip;]\" \/>\n<meta property=\"og:url\" content=\"https:\/\/reisepassfuhrer.com\/fr\/product\/acheter-une-plume-daigle-avec-un-certificat\/\" \/>\n<meta property=\"og:site_name\" content=\"Reisepassfuhrer\" \/>\n<meta property=\"og:image\" content=\"http:\/\/reisepassfuhrer.com\/wp-content\/uploads\/2025\/09\/download-88.jpeg\" \/>\n\t<meta property=\"og:image:width\" content=\"190\" \/>\n\t<meta property=\"og:image:height\" content=\"265\" \/>\n\t<meta property=\"og:image:type\" content=\"image\/jpeg\" \/>\n<meta name=\"twitter:card\" content=\"summary_large_image\" \/>\n<meta name=\"twitter:label1\" content=\"Dur\u00e9e de lecture estim\u00e9e\" \/>\n\t<meta name=\"twitter:data1\" content=\"1 minute\" \/>\n<script type=\"application\/ld+json\" class=\"yoast-schema-graph\">{\"@context\":\"https:\/\/schema.org\",\"@graph\":[{\"@type\":\"WebPage\",\"@id\":\"https:\/\/reisepassfuhrer.com\/product\/adlerfeder-kaufen-mit-zertifikat\/\",\"url\":\"https:\/\/reisepassfuhrer.com\/product\/adlerfeder-kaufen-mit-zertifikat\/\",\"name\":\"adlerfeder kaufen mit zertifikat - Reisepassfuhrer\",\"isPartOf\":{\"@id\":\"https:\/\/reisepassfuhrer.com\/#website\"},\"primaryImageOfPage\":{\"@id\":\"https:\/\/reisepassfuhrer.com\/product\/adlerfeder-kaufen-mit-zertifikat\/#primaryimage\"},\"image\":{\"@id\":\"https:\/\/reisepassfuhrer.com\/product\/adlerfeder-kaufen-mit-zertifikat\/#primaryimage\"},\"thumbnailUrl\":\"https:\/\/reisepassfuhrer.com\/wp-content\/uploads\/2025\/09\/download-88.jpeg\",\"datePublished\":\"2025-09-01T15:40:27+00:00\",\"breadcrumb\":{\"@id\":\"https:\/\/reisepassfuhrer.com\/product\/adlerfeder-kaufen-mit-zertifikat\/#breadcrumb\"},\"inLanguage\":\"fr-FR\",\"potentialAction\":[{\"@type\":\"ReadAction\",\"target\":[\"https:\/\/reisepassfuhrer.com\/product\/adlerfeder-kaufen-mit-zertifikat\/\"]}]},{\"@type\":\"ImageObject\",\"inLanguage\":\"fr-FR\",\"@id\":\"https:\/\/reisepassfuhrer.com\/product\/adlerfeder-kaufen-mit-zertifikat\/#primaryimage\",\"url\":\"https:\/\/reisepassfuhrer.com\/wp-content\/uploads\/2025\/09\/download-88.jpeg\",\"contentUrl\":\"https:\/\/reisepassfuhrer.com\/wp-content\/uploads\/2025\/09\/download-88.jpeg\",\"width\":190,\"height\":265},{\"@type\":\"BreadcrumbList\",\"@id\":\"https:\/\/reisepassfuhrer.com\/product\/adlerfeder-kaufen-mit-zertifikat\/#breadcrumb\",\"itemListElement\":[{\"@type\":\"ListItem\",\"position\":1,\"name\":\"Home\",\"item\":\"https:\/\/reisepassfuhrer.com\/\"},{\"@type\":\"ListItem\",\"position\":2,\"name\":\"Shop\",\"item\":\"https:\/\/reisepassfuhrer.com\/shop\/\"},{\"@type\":\"ListItem\",\"position\":3,\"name\":\"adlerfeder kaufen mit zertifikat\"}]},{\"@type\":\"WebSite\",\"@id\":\"https:\/\/reisepassfuhrer.com\/#website\",\"url\":\"https:\/\/reisepassfuhrer.com\/\",\"name\":\"Reisepassfuhrer\",\"description\":\"Reisepass Beantragen Berlin\",\"publisher\":{\"@id\":\"https:\/\/reisepassfuhrer.com\/#organization\"},\"potentialAction\":[{\"@type\":\"SearchAction\",\"target\":{\"@type\":\"EntryPoint\",\"urlTemplate\":\"https:\/\/reisepassfuhrer.com\/?s={search_term_string}\"},\"query-input\":{\"@type\":\"PropertyValueSpecification\",\"valueRequired\":true,\"valueName\":\"search_term_string\"}}],\"inLanguage\":\"fr-FR\"},{\"@type\":\"Organization\",\"@id\":\"https:\/\/reisepassfuhrer.com\/#organization\",\"name\":\"Reisepassfuhrer\",\"url\":\"https:\/\/reisepassfuhrer.com\/\",\"logo\":{\"@type\":\"ImageObject\",\"inLanguage\":\"fr-FR\",\"@id\":\"https:\/\/reisepassfuhrer.com\/#\/schema\/logo\/image\/\",\"url\":\"https:\/\/reisepassfuhrer.com\/wp-content\/uploads\/2024\/03\/Reisepassfuhrer-logo.png\",\"contentUrl\":\"https:\/\/reisepassfuhrer.com\/wp-content\/uploads\/2024\/03\/Reisepassfuhrer-logo.png\",\"width\":112,\"height\":112,\"caption\":\"Reisepassfuhrer\"},\"image\":{\"@id\":\"https:\/\/reisepassfuhrer.com\/#\/schema\/logo\/image\/\"}}]}<\/script>\n<!-- \/ Yoast SEO Premium plugin. -->","yoast_head_json":{"title":"acheter une plume d'aigle avec certificat - guide des passeports","robots":{"index":"noindex","follow":"follow","max-snippet":"max-snippet:-1","max-image-preview":"max-image-preview:large","max-video-preview":"max-video-preview:-1"},"og_locale":"fr_FR","og_type":"article","og_title":"adlerfeder kaufen mit zertifikat","og_description":"Adlerfeder mit Echtheitszertifikat \u2013 Symbol der St\u00e4rke und Freiheit Sichern Sie sich ein echtes St\u00fcck Naturgeschichte: Unsere Adlerfeder mit Zertifikat ist ein beeindruckendes Sammlerst\u00fcck f\u00fcr Liebhaber seltener Naturartefakte, spirituell Interessierte und Naturfreunde. Jede Feder stammt aus kontrollierten, legalen Quellen und wird mit einem authentischen Echtheitszertifikat geliefert \u2013 f\u00fcr absolute Transparenz und Vertrauen beim Kauf. Einzigartige [&hellip;]","og_url":"https:\/\/reisepassfuhrer.com\/fr\/product\/acheter-une-plume-daigle-avec-un-certificat\/","og_site_name":"Reisepassfuhrer","og_image":[{"width":190,"height":265,"url":"http:\/\/reisepassfuhrer.com\/wp-content\/uploads\/2025\/09\/download-88.jpeg","type":"image\/jpeg"}],"twitter_card":"summary_large_image","twitter_misc":{"Dur\u00e9e de lecture estim\u00e9e":"1 minute"},"schema":{"@context":"https:\/\/schema.org","@graph":[{"@type":"WebPage","@id":"https:\/\/reisepassfuhrer.com\/product\/adlerfeder-kaufen-mit-zertifikat\/","url":"https:\/\/reisepassfuhrer.com\/product\/adlerfeder-kaufen-mit-zertifikat\/","name":"acheter une plume d'aigle avec certificat - guide des passeports","isPartOf":{"@id":"https:\/\/reisepassfuhrer.com\/#website"},"primaryImageOfPage":{"@id":"https:\/\/reisepassfuhrer.com\/product\/adlerfeder-kaufen-mit-zertifikat\/#primaryimage"},"image":{"@id":"https:\/\/reisepassfuhrer.com\/product\/adlerfeder-kaufen-mit-zertifikat\/#primaryimage"},"thumbnailUrl":"https:\/\/reisepassfuhrer.com\/wp-content\/uploads\/2025\/09\/download-88.jpeg","datePublished":"2025-09-01T15:40:27+00:00","breadcrumb":{"@id":"https:\/\/reisepassfuhrer.com\/product\/adlerfeder-kaufen-mit-zertifikat\/#breadcrumb"},"inLanguage":"fr-FR","potentialAction":[{"@type":"ReadAction","target":["https:\/\/reisepassfuhrer.com\/product\/adlerfeder-kaufen-mit-zertifikat\/"]}]},{"@type":"ImageObject","inLanguage":"fr-FR","@id":"https:\/\/reisepassfuhrer.com\/product\/adlerfeder-kaufen-mit-zertifikat\/#primaryimage","url":"https:\/\/reisepassfuhrer.com\/wp-content\/uploads\/2025\/09\/download-88.jpeg","contentUrl":"https:\/\/reisepassfuhrer.com\/wp-content\/uploads\/2025\/09\/download-88.jpeg","width":190,"height":265},{"@type":"BreadcrumbList","@id":"https:\/\/reisepassfuhrer.com\/product\/adlerfeder-kaufen-mit-zertifikat\/#breadcrumb","itemListElement":[{"@type":"ListItem","position":1,"name":"Home","item":"https:\/\/reisepassfuhrer.com\/"},{"@type":"ListItem","position":2,"name":"Shop","item":"https:\/\/reisepassfuhrer.com\/shop\/"},{"@type":"ListItem","position":3,"name":"adlerfeder kaufen mit zertifikat"}]},{"@type":"WebSite","@id":"https:\/\/reisepassfuhrer.com\/#website","url":"https:\/\/reisepassfuhrer.com\/","name":"Guide du passeport","description":"Demande de passeport Berlin","publisher":{"@id":"https:\/\/reisepassfuhrer.com\/#organization"},"potentialAction":[{"@type":"SearchAction","target":{"@type":"EntryPoint","urlTemplate":"https:\/\/reisepassfuhrer.com\/?s={search_term_string}"},"query-input":{"@type":"PropertyValueSpecification","valueRequired":true,"valueName":"search_term_string"}}],"inLanguage":"fr-FR"},{"@type":"Organization","@id":"https:\/\/reisepassfuhrer.com\/#organization","name":"Guide du passeport","url":"https:\/\/reisepassfuhrer.com\/","logo":{"@type":"ImageObject","inLanguage":"fr-FR","@id":"https:\/\/reisepassfuhrer.com\/#\/schema\/logo\/image\/","url":"https:\/\/reisepassfuhrer.com\/wp-content\/uploads\/2024\/03\/Reisepassfuhrer-logo.png","contentUrl":"https:\/\/reisepassfuhrer.com\/wp-content\/uploads\/2024\/03\/Reisepassfuhrer-logo.png","width":112,"height":112,"caption":"Reisepassfuhrer"},"image":{"@id":"https:\/\/reisepassfuhrer.com\/#\/schema\/logo\/image\/"}}]}},"_links":{"self":[{"href":"https:\/\/reisepassfuhrer.com\/fr\/wp-json\/wp\/v2\/product\/3196","targetHints":{"allow":["GET"]}}],"collection":[{"href":"https:\/\/reisepassfuhrer.com\/fr\/wp-json\/wp\/v2\/product"}],"about":[{"href":"https:\/\/reisepassfuhrer.com\/fr\/wp-json\/wp\/v2\/types\/product"}],"replies":[{"embeddable":true,"href":"https:\/\/reisepassfuhrer.com\/fr\/wp-json\/wp\/v2\/comments?post=3196"}],"wp:featuredmedia":[{"embeddable":true,"href":"https:\/\/reisepassfuhrer.com\/fr\/wp-json\/wp\/v2\/media\/3198"}],"wp:attachment":[{"href":"https:\/\/reisepassfuhrer.com\/fr\/wp-json\/wp\/v2\/media?parent=3196"}],"wp:term":[{"taxonomy":"product_brand","embeddable":true,"href":"https:\/\/reisepassfuhrer.com\/fr\/wp-json\/wp\/v2\/product_brand?post=3196"},{"taxonomy":"product_cat","embeddable":true,"href":"https:\/\/reisepassfuhrer.com\/fr\/wp-json\/wp\/v2\/product_cat?post=3196"},{"taxonomy":"product_tag","embeddable":true,"href":"https:\/\/reisepassfuhrer.com\/fr\/wp-json\/wp\/v2\/product_tag?post=3196"}],"curies":[{"name":"wp","href":"https:\/\/api.w.org\/{rel}","templated":true}]}}