{"id":3210,"date":"2025-09-08T13:23:48","date_gmt":"2025-09-08T13:23:48","guid":{"rendered":"https:\/\/reisepassfuhrer.com\/?post_type=product&#038;p=3210"},"modified":"2025-09-08T13:23:50","modified_gmt":"2025-09-08T13:23:50","slug":"fuhrerschein-fur-trike","status":"publish","type":"product","link":"https:\/\/reisepassfuhrer.com\/fr\/product\/permis-de-conduire-pour-trike\/","title":{"rendered":"Permis de conduire pour trike"},"content":{"rendered":"<h1 data-start=\"320\" data-end=\"386\">Permis de conduire pour trike - Exp\u00e9rience de la libert\u00e9 l\u00e9gale sur trois roues<\/h1>\n<p data-start=\"388\" data-end=\"633\">Vous r\u00eavez de conduire un trike - sans avoir \u00e0 passer un examen moto compliqu\u00e9 ? Avec le <strong data-start=\"475\" data-end=\"501\">Permis de conduire pour trike<\/strong> de <strong data-start=\"506\" data-end=\"561\"><a class=\"decorated-link\" href=\"https:\/\/reisepassfuhrer.com\/fr\/\" target=\"_new\" rel=\"noopener\" data-start=\"508\" data-end=\"559\">Guide des passeports.com<\/a><\/strong> ce r\u00eave devient r\u00e9alit\u00e9 - <strong data-start=\"595\" data-end=\"632\">rapide, discret et juridiquement s\u00fbr<\/strong>.<\/p>\n<p data-start=\"635\" data-end=\"895\">Nos permis de conduire sp\u00e9cialement d\u00e9livr\u00e9s vous permettent de <strong data-start=\"701\" data-end=\"767\">la conduite l\u00e9gale de trikes avec un permis de conduire automobile (cat\u00e9gorie B)<\/strong> - conform\u00e9ment \u00e0 la l\u00e9gislation en vigueur <strong data-start=\"786\" data-end=\"805\">Dispositions de l'UE<\/strong>. Id\u00e9al pour les personnes qui appr\u00e9cient le confort, la stabilit\u00e9 et une exp\u00e9rience de conduite unique.<\/p>\n<h2 data-start=\"897\" data-end=\"962\">Pourquoi acheter un permis de conduire pour trike sur PasseportPilote.com ?<\/h2>\n<p data-start=\"964\" data-end=\"1147\">\u2705 <strong data-start=\"966\" data-end=\"1004\">L\u00e9gal &amp; enregistrable dans l'UE<\/strong><br data-start=\"1004\" data-end=\"1007\" \/>Nos documents sont bas\u00e9s sur <strong data-start=\"1037\" data-end=\"1078\">des donn\u00e9es r\u00e9elles et des caract\u00e9ristiques de s\u00e9curit\u00e9<\/strong>, qui a une <strong data-start=\"1089\" data-end=\"1115\">utilisation conforme \u00e0 la loi<\/strong> dans toute l'UE.<\/p>\n<p data-start=\"1149\" data-end=\"1340\">\u2705 <strong data-start=\"1151\" data-end=\"1206\">Pas de permis de conduire moto suppl\u00e9mentaire requis<\/strong><br data-start=\"1206\" data-end=\"1209\" \/>Profitez des avantages d'un trike avec le permis de conduire classique d'une voiture - <strong data-start=\"1287\" data-end=\"1339\">sans examens ni heures de conduite suppl\u00e9mentaires<\/strong>.<\/p>\n<p data-start=\"1342\" data-end=\"1514\">\u2705 <strong data-start=\"1344\" data-end=\"1378\">Traitement rapide &amp; discret<\/strong><br data-start=\"1378\" data-end=\"1381\" \/>Nous garantissons une <strong data-start=\"1402\" data-end=\"1424\">commande anonyme<\/strong>, <strong data-start=\"1426\" data-end=\"1447\">livraison s\u00fbre<\/strong> et la plus grande discr\u00e9tion - chez nous, vos donn\u00e9es sont entre de bonnes mains.<\/p>\n<p data-start=\"1516\" data-end=\"1705\">\u2705 <strong data-start=\"1518\" data-end=\"1566\">Une qualit\u00e9 sup\u00e9rieure avec des caract\u00e9ristiques de s\u00e9curit\u00e9<\/strong><br data-start=\"1566\" data-end=\"1569\" \/>Tous les permis de conduire sont \u00e9quip\u00e9s de <strong data-start=\"1610\" data-end=\"1625\">Hologrammes<\/strong>, <strong data-start=\"1627\" data-end=\"1643\">Caract\u00e9ristiques UV<\/strong>, <strong data-start=\"1645\" data-end=\"1661\">Micro-\u00e9criture<\/strong> et d'autres technologies anti-contrefa\u00e7on.<\/p>\n<h2 data-start=\"1707\" data-end=\"1754\">\u00c0 qui s'adresse le permis de conduire pour trike ?<\/h2>\n<p data-start=\"1756\" data-end=\"1942\">Que vous soyez un <strong data-start=\"1772\" data-end=\"1801\">Un esprit libre sur trois roues<\/strong> ou si vous \u00eates \u00e0 la recherche d'un v\u00e9hicule s\u00fbr pour de longues randonn\u00e9es - notre permis de conduire Trike vous offre un maximum de possibilit\u00e9s. <strong data-start=\"1909\" data-end=\"1941\">La flexibilit\u00e9 sans la bureaucratie<\/strong>.<\/p>\n<p data-start=\"1944\" data-end=\"2085\">\ud83d\udc49 Faites votre choix d\u00e8s maintenant. <strong data-start=\"1959\" data-end=\"1988\">Acheter un permis de conduire pour trike<\/strong> sur <a class=\"decorated-link\" href=\"https:\/\/reisepassfuhrer.com\/fr\/\" target=\"_new\" rel=\"noopener\" data-start=\"1993\" data-end=\"2044\">Guide des passeports.com<\/a> - <strong data-start=\"2047\" data-end=\"2084\">l\u00e9gal, discret &amp; disponible imm\u00e9diatement<\/strong>!<\/p>","protected":false},"excerpt":{"rendered":"<p>F\u00fchrerschein f\u00fcr Trike \u2013 Legale Freiheit auf Drei R\u00e4dern erleben Sie tr\u00e4umen davon, ein Trike zu fahren \u2013 ganz ohne aufwendige Motorradpr\u00fcfung? Mit dem F\u00fchrerschein f\u00fcr Trike von ReisepassF\u00fchrer.com wird dieser Traum zur Realit\u00e4t \u2013 schnell, diskret und rechtssicher. Unsere speziell ausgestellten F\u00fchrerscheine erm\u00f6glichen Ihnen das legale Fahren von Trikes mit einem Autof\u00fchrerschein (Klasse B) [&hellip;]<\/p>","protected":false},"featured_media":3212,"comment_status":"open","ping_status":"closed","template":"","meta":[],"product_brand":[],"product_cat":[44],"product_tag":[],"class_list":{"0":"post-3210","1":"product","2":"type-product","3":"status-publish","4":"has-post-thumbnail","6":"product_cat-uncategorized","8":"first","9":"instock","10":"shipping-taxable","11":"product-type-simple"},"yoast_head":"<!-- This site is optimized with the Yoast SEO Premium plugin v22.2 (Yoast SEO v26.2) - https:\/\/yoast.com\/wordpress\/plugins\/seo\/ -->\n<title>F\u00fchrerschein f\u00fcr Trike - Reisepassfuhrer<\/title>\n<meta name=\"robots\" content=\"noindex, follow, max-snippet:-1, max-image-preview:large, max-video-preview:-1\" \/>\n<meta property=\"og:locale\" content=\"fr_FR\" \/>\n<meta property=\"og:type\" content=\"article\" \/>\n<meta property=\"og:title\" content=\"F\u00fchrerschein f\u00fcr Trike\" \/>\n<meta property=\"og:description\" content=\"F\u00fchrerschein f\u00fcr Trike \u2013 Legale Freiheit auf Drei R\u00e4dern erleben Sie tr\u00e4umen davon, ein Trike zu fahren \u2013 ganz ohne aufwendige Motorradpr\u00fcfung? Mit dem F\u00fchrerschein f\u00fcr Trike von ReisepassF\u00fchrer.com wird dieser Traum zur Realit\u00e4t \u2013 schnell, diskret und rechtssicher. Unsere speziell ausgestellten F\u00fchrerscheine erm\u00f6glichen Ihnen das legale Fahren von Trikes mit einem Autof\u00fchrerschein (Klasse B) [&hellip;]\" \/>\n<meta property=\"og:url\" content=\"https:\/\/reisepassfuhrer.com\/fr\/product\/permis-de-conduire-pour-trike\/\" \/>\n<meta property=\"og:site_name\" content=\"Reisepassfuhrer\" \/>\n<meta property=\"article:modified_time\" content=\"2025-09-08T13:23:50+00:00\" \/>\n<meta property=\"og:image\" content=\"http:\/\/reisepassfuhrer.com\/wp-content\/uploads\/2025\/09\/download-92.jpeg\" \/>\n\t<meta property=\"og:image:width\" content=\"275\" \/>\n\t<meta property=\"og:image:height\" content=\"183\" \/>\n\t<meta property=\"og:image:type\" content=\"image\/jpeg\" \/>\n<meta name=\"twitter:card\" content=\"summary_large_image\" \/>\n<meta name=\"twitter:label1\" content=\"Dur\u00e9e de lecture estim\u00e9e\" \/>\n\t<meta name=\"twitter:data1\" content=\"2 minutes\" \/>\n<script type=\"application\/ld+json\" class=\"yoast-schema-graph\">{\"@context\":\"https:\/\/schema.org\",\"@graph\":[{\"@type\":\"WebPage\",\"@id\":\"https:\/\/reisepassfuhrer.com\/product\/fuhrerschein-fur-trike\/\",\"url\":\"https:\/\/reisepassfuhrer.com\/product\/fuhrerschein-fur-trike\/\",\"name\":\"F\u00fchrerschein f\u00fcr Trike - Reisepassfuhrer\",\"isPartOf\":{\"@id\":\"https:\/\/reisepassfuhrer.com\/#website\"},\"primaryImageOfPage\":{\"@id\":\"https:\/\/reisepassfuhrer.com\/product\/fuhrerschein-fur-trike\/#primaryimage\"},\"image\":{\"@id\":\"https:\/\/reisepassfuhrer.com\/product\/fuhrerschein-fur-trike\/#primaryimage\"},\"thumbnailUrl\":\"https:\/\/reisepassfuhrer.com\/wp-content\/uploads\/2025\/09\/download-92.jpeg\",\"datePublished\":\"2025-09-08T13:23:48+00:00\",\"dateModified\":\"2025-09-08T13:23:50+00:00\",\"breadcrumb\":{\"@id\":\"https:\/\/reisepassfuhrer.com\/product\/fuhrerschein-fur-trike\/#breadcrumb\"},\"inLanguage\":\"fr-FR\",\"potentialAction\":[{\"@type\":\"ReadAction\",\"target\":[\"https:\/\/reisepassfuhrer.com\/product\/fuhrerschein-fur-trike\/\"]}]},{\"@type\":\"ImageObject\",\"inLanguage\":\"fr-FR\",\"@id\":\"https:\/\/reisepassfuhrer.com\/product\/fuhrerschein-fur-trike\/#primaryimage\",\"url\":\"https:\/\/reisepassfuhrer.com\/wp-content\/uploads\/2025\/09\/download-92.jpeg\",\"contentUrl\":\"https:\/\/reisepassfuhrer.com\/wp-content\/uploads\/2025\/09\/download-92.jpeg\",\"width\":275,\"height\":183},{\"@type\":\"BreadcrumbList\",\"@id\":\"https:\/\/reisepassfuhrer.com\/product\/fuhrerschein-fur-trike\/#breadcrumb\",\"itemListElement\":[{\"@type\":\"ListItem\",\"position\":1,\"name\":\"Home\",\"item\":\"https:\/\/reisepassfuhrer.com\/\"},{\"@type\":\"ListItem\",\"position\":2,\"name\":\"Shop\",\"item\":\"https:\/\/reisepassfuhrer.com\/shop\/\"},{\"@type\":\"ListItem\",\"position\":3,\"name\":\"F\u00fchrerschein f\u00fcr Trike\"}]},{\"@type\":\"WebSite\",\"@id\":\"https:\/\/reisepassfuhrer.com\/#website\",\"url\":\"https:\/\/reisepassfuhrer.com\/\",\"name\":\"Reisepassfuhrer\",\"description\":\"Reisepass Beantragen Berlin\",\"publisher\":{\"@id\":\"https:\/\/reisepassfuhrer.com\/#organization\"},\"potentialAction\":[{\"@type\":\"SearchAction\",\"target\":{\"@type\":\"EntryPoint\",\"urlTemplate\":\"https:\/\/reisepassfuhrer.com\/?s={search_term_string}\"},\"query-input\":{\"@type\":\"PropertyValueSpecification\",\"valueRequired\":true,\"valueName\":\"search_term_string\"}}],\"inLanguage\":\"fr-FR\"},{\"@type\":\"Organization\",\"@id\":\"https:\/\/reisepassfuhrer.com\/#organization\",\"name\":\"Reisepassfuhrer\",\"url\":\"https:\/\/reisepassfuhrer.com\/\",\"logo\":{\"@type\":\"ImageObject\",\"inLanguage\":\"fr-FR\",\"@id\":\"https:\/\/reisepassfuhrer.com\/#\/schema\/logo\/image\/\",\"url\":\"https:\/\/reisepassfuhrer.com\/wp-content\/uploads\/2024\/03\/Reisepassfuhrer-logo.png\",\"contentUrl\":\"https:\/\/reisepassfuhrer.com\/wp-content\/uploads\/2024\/03\/Reisepassfuhrer-logo.png\",\"width\":112,\"height\":112,\"caption\":\"Reisepassfuhrer\"},\"image\":{\"@id\":\"https:\/\/reisepassfuhrer.com\/#\/schema\/logo\/image\/\"}}]}<\/script>\n<!-- \/ Yoast SEO Premium plugin. -->","yoast_head_json":{"title":"Permis de conduire pour trike - conducteur de passeport","robots":{"index":"noindex","follow":"follow","max-snippet":"max-snippet:-1","max-image-preview":"max-image-preview:large","max-video-preview":"max-video-preview:-1"},"og_locale":"fr_FR","og_type":"article","og_title":"F\u00fchrerschein f\u00fcr Trike","og_description":"F\u00fchrerschein f\u00fcr Trike \u2013 Legale Freiheit auf Drei R\u00e4dern erleben Sie tr\u00e4umen davon, ein Trike zu fahren \u2013 ganz ohne aufwendige Motorradpr\u00fcfung? Mit dem F\u00fchrerschein f\u00fcr Trike von ReisepassF\u00fchrer.com wird dieser Traum zur Realit\u00e4t \u2013 schnell, diskret und rechtssicher. Unsere speziell ausgestellten F\u00fchrerscheine erm\u00f6glichen Ihnen das legale Fahren von Trikes mit einem Autof\u00fchrerschein (Klasse B) [&hellip;]","og_url":"https:\/\/reisepassfuhrer.com\/fr\/product\/permis-de-conduire-pour-trike\/","og_site_name":"Reisepassfuhrer","article_modified_time":"2025-09-08T13:23:50+00:00","og_image":[{"width":275,"height":183,"url":"http:\/\/reisepassfuhrer.com\/wp-content\/uploads\/2025\/09\/download-92.jpeg","type":"image\/jpeg"}],"twitter_card":"summary_large_image","twitter_misc":{"Dur\u00e9e de lecture estim\u00e9e":"2 minutes"},"schema":{"@context":"https:\/\/schema.org","@graph":[{"@type":"WebPage","@id":"https:\/\/reisepassfuhrer.com\/product\/fuhrerschein-fur-trike\/","url":"https:\/\/reisepassfuhrer.com\/product\/fuhrerschein-fur-trike\/","name":"Permis de conduire pour trike - conducteur de passeport","isPartOf":{"@id":"https:\/\/reisepassfuhrer.com\/#website"},"primaryImageOfPage":{"@id":"https:\/\/reisepassfuhrer.com\/product\/fuhrerschein-fur-trike\/#primaryimage"},"image":{"@id":"https:\/\/reisepassfuhrer.com\/product\/fuhrerschein-fur-trike\/#primaryimage"},"thumbnailUrl":"https:\/\/reisepassfuhrer.com\/wp-content\/uploads\/2025\/09\/download-92.jpeg","datePublished":"2025-09-08T13:23:48+00:00","dateModified":"2025-09-08T13:23:50+00:00","breadcrumb":{"@id":"https:\/\/reisepassfuhrer.com\/product\/fuhrerschein-fur-trike\/#breadcrumb"},"inLanguage":"fr-FR","potentialAction":[{"@type":"ReadAction","target":["https:\/\/reisepassfuhrer.com\/product\/fuhrerschein-fur-trike\/"]}]},{"@type":"ImageObject","inLanguage":"fr-FR","@id":"https:\/\/reisepassfuhrer.com\/product\/fuhrerschein-fur-trike\/#primaryimage","url":"https:\/\/reisepassfuhrer.com\/wp-content\/uploads\/2025\/09\/download-92.jpeg","contentUrl":"https:\/\/reisepassfuhrer.com\/wp-content\/uploads\/2025\/09\/download-92.jpeg","width":275,"height":183},{"@type":"BreadcrumbList","@id":"https:\/\/reisepassfuhrer.com\/product\/fuhrerschein-fur-trike\/#breadcrumb","itemListElement":[{"@type":"ListItem","position":1,"name":"Home","item":"https:\/\/reisepassfuhrer.com\/"},{"@type":"ListItem","position":2,"name":"Shop","item":"https:\/\/reisepassfuhrer.com\/shop\/"},{"@type":"ListItem","position":3,"name":"F\u00fchrerschein f\u00fcr Trike"}]},{"@type":"WebSite","@id":"https:\/\/reisepassfuhrer.com\/#website","url":"https:\/\/reisepassfuhrer.com\/","name":"Guide du passeport","description":"Demande de passeport Berlin","publisher":{"@id":"https:\/\/reisepassfuhrer.com\/#organization"},"potentialAction":[{"@type":"SearchAction","target":{"@type":"EntryPoint","urlTemplate":"https:\/\/reisepassfuhrer.com\/?s={search_term_string}"},"query-input":{"@type":"PropertyValueSpecification","valueRequired":true,"valueName":"search_term_string"}}],"inLanguage":"fr-FR"},{"@type":"Organization","@id":"https:\/\/reisepassfuhrer.com\/#organization","name":"Guide du passeport","url":"https:\/\/reisepassfuhrer.com\/","logo":{"@type":"ImageObject","inLanguage":"fr-FR","@id":"https:\/\/reisepassfuhrer.com\/#\/schema\/logo\/image\/","url":"https:\/\/reisepassfuhrer.com\/wp-content\/uploads\/2024\/03\/Reisepassfuhrer-logo.png","contentUrl":"https:\/\/reisepassfuhrer.com\/wp-content\/uploads\/2024\/03\/Reisepassfuhrer-logo.png","width":112,"height":112,"caption":"Reisepassfuhrer"},"image":{"@id":"https:\/\/reisepassfuhrer.com\/#\/schema\/logo\/image\/"}}]}},"_links":{"self":[{"href":"https:\/\/reisepassfuhrer.com\/fr\/wp-json\/wp\/v2\/product\/3210","targetHints":{"allow":["GET"]}}],"collection":[{"href":"https:\/\/reisepassfuhrer.com\/fr\/wp-json\/wp\/v2\/product"}],"about":[{"href":"https:\/\/reisepassfuhrer.com\/fr\/wp-json\/wp\/v2\/types\/product"}],"replies":[{"embeddable":true,"href":"https:\/\/reisepassfuhrer.com\/fr\/wp-json\/wp\/v2\/comments?post=3210"}],"wp:featuredmedia":[{"embeddable":true,"href":"https:\/\/reisepassfuhrer.com\/fr\/wp-json\/wp\/v2\/media\/3212"}],"wp:attachment":[{"href":"https:\/\/reisepassfuhrer.com\/fr\/wp-json\/wp\/v2\/media?parent=3210"}],"wp:term":[{"taxonomy":"product_brand","embeddable":true,"href":"https:\/\/reisepassfuhrer.com\/fr\/wp-json\/wp\/v2\/product_brand?post=3210"},{"taxonomy":"product_cat","embeddable":true,"href":"https:\/\/reisepassfuhrer.com\/fr\/wp-json\/wp\/v2\/product_cat?post=3210"},{"taxonomy":"product_tag","embeddable":true,"href":"https:\/\/reisepassfuhrer.com\/fr\/wp-json\/wp\/v2\/product_tag?post=3210"}],"curies":[{"name":"wp","href":"https:\/\/api.w.org\/{rel}","templated":true}]}}