{"id":3219,"date":"2025-09-12T11:21:04","date_gmt":"2025-09-12T11:21:04","guid":{"rendered":"https:\/\/reisepassfuhrer.com\/?post_type=product&#038;p=3219"},"modified":"2025-09-12T11:21:05","modified_gmt":"2025-09-12T11:21:05","slug":"wunschkennzeichen-berlin","status":"publish","type":"product","link":"https:\/\/reisepassfuhrer.com\/fr\/product\/plaque-dimmatriculation-berlin\/","title":{"rendered":"Plaque d'immatriculation souhait\u00e9e Berlin"},"content":{"rendered":"<h3 data-start=\"225\" data-end=\"295\">Plaque d'immatriculation souhait\u00e9e Berlin - Ta plaque, ta personnalit\u00e9 !<\/h3>\n<p data-start=\"297\" data-end=\"571\">Tu veux donner une touche individuelle \u00e0 ton v\u00e9hicule ? Alors un <strong data-start=\"373\" data-end=\"404\">Plaque d'immatriculation souhait\u00e9e \u00e0 Berlin<\/strong> est exactement ce qu'il te faut ! Gr\u00e2ce \u00e0 notre r\u00e9servation en ligne simple et rapide, tu es s\u00fbr d'obtenir ta plaque d'immatriculation personnelle - <strong data-start=\"538\" data-end=\"570\">dans le confort de votre domicile<\/strong>.<\/p>\n<hr data-start=\"573\" data-end=\"576\" \/>\n<h3 data-start=\"578\" data-end=\"620\">Pourquoi une plaque d'immatriculation souhait\u00e9e \u00e0 Berlin ?<\/h3>\n<p data-start=\"622\" data-end=\"849\">\u2714 <strong data-start=\"624\" data-end=\"666\">Unicit\u00e9 &amp; reconnaissance<\/strong><br data-start=\"666\" data-end=\"669\" \/>Qu'il s'agisse d'initiales, de la date de naissance ou de la combinaison pr\u00e9f\u00e9r\u00e9e, avec un <strong data-start=\"728\" data-end=\"757\">des signes distinctifs individuels<\/strong> tu fais de ta voiture ou de ta moto une pi\u00e8ce unique. Montre ta personnalit\u00e9 dans les rues de Berlin !<\/p>\n<p data-start=\"851\" data-end=\"1081\">\u2714 <strong data-start=\"853\" data-end=\"885\">R\u00e9servation en ligne facile<\/strong><br data-start=\"885\" data-end=\"888\" \/>\u00c9vite les longues attentes \u00e0 la pr\u00e9fecture ! Gr\u00e2ce \u00e0 notre service facile \u00e0 utiliser, tu peux obtenir ton <strong data-start=\"982\" data-end=\"1029\">R\u00e9server une plaque d'immatriculation Berlin en ligne<\/strong>, Les utilisateurs peuvent v\u00e9rifier et sauvegarder directement leurs donn\u00e9es en quelques clics seulement.<\/p>\n<p data-start=\"1083\" data-end=\"1264\">\u2714 <strong data-start=\"1085\" data-end=\"1130\">Autorisation officielle &amp; 100 % l\u00e9gal<\/strong><br data-start=\"1130\" data-end=\"1133\" \/>Notre plate-forme est directement reli\u00e9e aux autorit\u00e9s berlinoises. Tu re\u00e7ois une <strong data-start=\"1215\" data-end=\"1245\">r\u00e9servation juridiquement s\u00fbre<\/strong>, sans d\u00e9tour.<\/p>\n<p data-start=\"1266\" data-end=\"1450\">\u2714 <strong data-start=\"1268\" data-end=\"1293\">Rapide &amp; fiable<\/strong><br data-start=\"1293\" data-end=\"1296\" \/>R\u00e9serve ta plaque aujourd'hui et re\u00e7ois-la directement sur demande <strong data-start=\"1363\" data-end=\"1401\">avec impression de plaque d'immatriculation de haute qualit\u00e9<\/strong> livr\u00e9s \u00e0 domicile - livraison express comprise.<\/p>\n<p data-start=\"1452\" data-end=\"1606\">\u2714 <strong data-start=\"1454\" data-end=\"1497\">Des prix avantageux &amp; des frais transparents<\/strong><br data-start=\"1497\" data-end=\"1500\" \/>Pas de co\u00fbts cach\u00e9s ! Chez nous, tu sais d\u00e8s le d\u00e9part ce que tu vas payer - de mani\u00e8re juste, transparente et avantageuse.<\/p>\n<hr data-start=\"1608\" data-end=\"1611\" \/>\n<h3 data-start=\"1613\" data-end=\"1635\">C'est ainsi que cela fonctionne :<\/h3>\n<ol data-start=\"1637\" data-end=\"1806\">\n<li data-start=\"1637\" data-end=\"1662\">\n<p data-start=\"1640\" data-end=\"1662\">V\u00e9rifier la disponibilit\u00e9<\/p>\n<\/li>\n<li data-start=\"1663\" data-end=\"1695\">\n<p data-start=\"1666\" data-end=\"1695\">Choisir la combinaison souhait\u00e9e<\/p>\n<\/li>\n<li data-start=\"1696\" data-end=\"1734\">\n<p data-start=\"1699\" data-end=\"1734\">R\u00e9server &amp; obtenir une plaque d'immatriculation<\/p>\n<\/li>\n<li data-start=\"1735\" data-end=\"1775\">\n<p data-start=\"1738\" data-end=\"1775\">En option : commander des plaques d'immatriculation<\/p>\n<\/li>\n<li data-start=\"1776\" data-end=\"1806\">\n<p data-start=\"1779\" data-end=\"1806\">Immatriculer le v\u00e9hicule - c'est fait !<\/p>\n<\/li>\n<\/ol>\n<hr data-start=\"1808\" data-end=\"1811\" \/>\n<h3 data-start=\"1813\" data-end=\"1863\">Montre ton style avec ta plaque d'immatriculation Berlin<\/h3>\n<p data-start=\"1865\" data-end=\"2099\">Personnalise ton quotidien - avec une plaque d'immatriculation qui te correspond. Classique, cr\u00e9ative ou cool : A Berlin, tout est possible. R\u00e9serve maintenant et <strong data-start=\"2035\" data-end=\"2098\">donner un signal - dans les rues de Berlin et au-del\u00e0<\/strong>!<\/p>","protected":false},"excerpt":{"rendered":"<p>Wunschkennzeichen Berlin \u2013 Dein Kennzeichen, Deine Pers\u00f6nlichkeit! Du willst deinem Fahrzeug einen individuellen Touch verleihen? Dann ist ein Wunschkennzeichen in Berlin genau das Richtige f\u00fcr dich! Mit unserer einfachen und schnellen Online-Reservierung sicherst du dir dein pers\u00f6nliches Kennzeichen \u2013 ganz bequem von zu Hause aus. Warum ein Wunschkennzeichen in Berlin? \u2714 Einzigartigkeit &amp; WiedererkennungswertOb Initialen, [&hellip;]<\/p>","protected":false},"featured_media":3221,"comment_status":"open","ping_status":"closed","template":"","meta":[],"product_brand":[],"product_cat":[44],"product_tag":[],"class_list":{"0":"post-3219","1":"product","2":"type-product","3":"status-publish","4":"has-post-thumbnail","6":"product_cat-uncategorized","8":"first","9":"instock","10":"shipping-taxable","11":"product-type-simple"},"yoast_head":"<!-- This site is optimized with the Yoast SEO Premium plugin v22.2 (Yoast SEO v26.2) - https:\/\/yoast.com\/wordpress\/plugins\/seo\/ -->\n<title>Wunschkennzeichen Berlin - Reisepassfuhrer<\/title>\n<meta name=\"robots\" content=\"noindex, follow, max-snippet:-1, max-image-preview:large, max-video-preview:-1\" \/>\n<meta property=\"og:locale\" content=\"fr_FR\" \/>\n<meta property=\"og:type\" content=\"article\" \/>\n<meta property=\"og:title\" content=\"Wunschkennzeichen Berlin\" \/>\n<meta property=\"og:description\" content=\"Wunschkennzeichen Berlin \u2013 Dein Kennzeichen, Deine Pers\u00f6nlichkeit! Du willst deinem Fahrzeug einen individuellen Touch verleihen? Dann ist ein Wunschkennzeichen in Berlin genau das Richtige f\u00fcr dich! Mit unserer einfachen und schnellen Online-Reservierung sicherst du dir dein pers\u00f6nliches Kennzeichen \u2013 ganz bequem von zu Hause aus. Warum ein Wunschkennzeichen in Berlin? \u2714 Einzigartigkeit &amp; WiedererkennungswertOb Initialen, [&hellip;]\" \/>\n<meta property=\"og:url\" content=\"https:\/\/reisepassfuhrer.com\/fr\/product\/plaque-dimmatriculation-berlin\/\" \/>\n<meta property=\"og:site_name\" content=\"Reisepassfuhrer\" \/>\n<meta property=\"article:modified_time\" content=\"2025-09-12T11:21:05+00:00\" \/>\n<meta property=\"og:image\" content=\"http:\/\/reisepassfuhrer.com\/wp-content\/uploads\/2025\/09\/download-97.jpeg\" \/>\n\t<meta property=\"og:image:width\" content=\"275\" \/>\n\t<meta property=\"og:image:height\" content=\"183\" \/>\n\t<meta property=\"og:image:type\" content=\"image\/jpeg\" \/>\n<meta name=\"twitter:card\" content=\"summary_large_image\" \/>\n<meta name=\"twitter:label1\" content=\"Dur\u00e9e de lecture estim\u00e9e\" \/>\n\t<meta name=\"twitter:data1\" content=\"2 minutes\" \/>\n<script type=\"application\/ld+json\" class=\"yoast-schema-graph\">{\"@context\":\"https:\/\/schema.org\",\"@graph\":[{\"@type\":\"WebPage\",\"@id\":\"https:\/\/reisepassfuhrer.com\/product\/wunschkennzeichen-berlin\/\",\"url\":\"https:\/\/reisepassfuhrer.com\/product\/wunschkennzeichen-berlin\/\",\"name\":\"Wunschkennzeichen Berlin - Reisepassfuhrer\",\"isPartOf\":{\"@id\":\"https:\/\/reisepassfuhrer.com\/#website\"},\"primaryImageOfPage\":{\"@id\":\"https:\/\/reisepassfuhrer.com\/product\/wunschkennzeichen-berlin\/#primaryimage\"},\"image\":{\"@id\":\"https:\/\/reisepassfuhrer.com\/product\/wunschkennzeichen-berlin\/#primaryimage\"},\"thumbnailUrl\":\"https:\/\/reisepassfuhrer.com\/wp-content\/uploads\/2025\/09\/download-97.jpeg\",\"datePublished\":\"2025-09-12T11:21:04+00:00\",\"dateModified\":\"2025-09-12T11:21:05+00:00\",\"breadcrumb\":{\"@id\":\"https:\/\/reisepassfuhrer.com\/product\/wunschkennzeichen-berlin\/#breadcrumb\"},\"inLanguage\":\"fr-FR\",\"potentialAction\":[{\"@type\":\"ReadAction\",\"target\":[\"https:\/\/reisepassfuhrer.com\/product\/wunschkennzeichen-berlin\/\"]}]},{\"@type\":\"ImageObject\",\"inLanguage\":\"fr-FR\",\"@id\":\"https:\/\/reisepassfuhrer.com\/product\/wunschkennzeichen-berlin\/#primaryimage\",\"url\":\"https:\/\/reisepassfuhrer.com\/wp-content\/uploads\/2025\/09\/download-97.jpeg\",\"contentUrl\":\"https:\/\/reisepassfuhrer.com\/wp-content\/uploads\/2025\/09\/download-97.jpeg\",\"width\":275,\"height\":183},{\"@type\":\"BreadcrumbList\",\"@id\":\"https:\/\/reisepassfuhrer.com\/product\/wunschkennzeichen-berlin\/#breadcrumb\",\"itemListElement\":[{\"@type\":\"ListItem\",\"position\":1,\"name\":\"Home\",\"item\":\"https:\/\/reisepassfuhrer.com\/\"},{\"@type\":\"ListItem\",\"position\":2,\"name\":\"Shop\",\"item\":\"https:\/\/reisepassfuhrer.com\/shop\/\"},{\"@type\":\"ListItem\",\"position\":3,\"name\":\"Wunschkennzeichen Berlin\"}]},{\"@type\":\"WebSite\",\"@id\":\"https:\/\/reisepassfuhrer.com\/#website\",\"url\":\"https:\/\/reisepassfuhrer.com\/\",\"name\":\"Reisepassfuhrer\",\"description\":\"Reisepass Beantragen Berlin\",\"publisher\":{\"@id\":\"https:\/\/reisepassfuhrer.com\/#organization\"},\"potentialAction\":[{\"@type\":\"SearchAction\",\"target\":{\"@type\":\"EntryPoint\",\"urlTemplate\":\"https:\/\/reisepassfuhrer.com\/?s={search_term_string}\"},\"query-input\":{\"@type\":\"PropertyValueSpecification\",\"valueRequired\":true,\"valueName\":\"search_term_string\"}}],\"inLanguage\":\"fr-FR\"},{\"@type\":\"Organization\",\"@id\":\"https:\/\/reisepassfuhrer.com\/#organization\",\"name\":\"Reisepassfuhrer\",\"url\":\"https:\/\/reisepassfuhrer.com\/\",\"logo\":{\"@type\":\"ImageObject\",\"inLanguage\":\"fr-FR\",\"@id\":\"https:\/\/reisepassfuhrer.com\/#\/schema\/logo\/image\/\",\"url\":\"https:\/\/reisepassfuhrer.com\/wp-content\/uploads\/2024\/03\/Reisepassfuhrer-logo.png\",\"contentUrl\":\"https:\/\/reisepassfuhrer.com\/wp-content\/uploads\/2024\/03\/Reisepassfuhrer-logo.png\",\"width\":112,\"height\":112,\"caption\":\"Reisepassfuhrer\"},\"image\":{\"@id\":\"https:\/\/reisepassfuhrer.com\/#\/schema\/logo\/image\/\"}}]}<\/script>\n<!-- \/ Yoast SEO Premium plugin. -->","yoast_head_json":{"title":"Plaque d'immatriculation souhait\u00e9e Berlin - Guide de voyage","robots":{"index":"noindex","follow":"follow","max-snippet":"max-snippet:-1","max-image-preview":"max-image-preview:large","max-video-preview":"max-video-preview:-1"},"og_locale":"fr_FR","og_type":"article","og_title":"Wunschkennzeichen Berlin","og_description":"Wunschkennzeichen Berlin \u2013 Dein Kennzeichen, Deine Pers\u00f6nlichkeit! Du willst deinem Fahrzeug einen individuellen Touch verleihen? Dann ist ein Wunschkennzeichen in Berlin genau das Richtige f\u00fcr dich! Mit unserer einfachen und schnellen Online-Reservierung sicherst du dir dein pers\u00f6nliches Kennzeichen \u2013 ganz bequem von zu Hause aus. Warum ein Wunschkennzeichen in Berlin? \u2714 Einzigartigkeit &amp; WiedererkennungswertOb Initialen, [&hellip;]","og_url":"https:\/\/reisepassfuhrer.com\/fr\/product\/plaque-dimmatriculation-berlin\/","og_site_name":"Reisepassfuhrer","article_modified_time":"2025-09-12T11:21:05+00:00","og_image":[{"width":275,"height":183,"url":"http:\/\/reisepassfuhrer.com\/wp-content\/uploads\/2025\/09\/download-97.jpeg","type":"image\/jpeg"}],"twitter_card":"summary_large_image","twitter_misc":{"Dur\u00e9e de lecture estim\u00e9e":"2 minutes"},"schema":{"@context":"https:\/\/schema.org","@graph":[{"@type":"WebPage","@id":"https:\/\/reisepassfuhrer.com\/product\/wunschkennzeichen-berlin\/","url":"https:\/\/reisepassfuhrer.com\/product\/wunschkennzeichen-berlin\/","name":"Plaque d'immatriculation souhait\u00e9e Berlin - Guide de voyage","isPartOf":{"@id":"https:\/\/reisepassfuhrer.com\/#website"},"primaryImageOfPage":{"@id":"https:\/\/reisepassfuhrer.com\/product\/wunschkennzeichen-berlin\/#primaryimage"},"image":{"@id":"https:\/\/reisepassfuhrer.com\/product\/wunschkennzeichen-berlin\/#primaryimage"},"thumbnailUrl":"https:\/\/reisepassfuhrer.com\/wp-content\/uploads\/2025\/09\/download-97.jpeg","datePublished":"2025-09-12T11:21:04+00:00","dateModified":"2025-09-12T11:21:05+00:00","breadcrumb":{"@id":"https:\/\/reisepassfuhrer.com\/product\/wunschkennzeichen-berlin\/#breadcrumb"},"inLanguage":"fr-FR","potentialAction":[{"@type":"ReadAction","target":["https:\/\/reisepassfuhrer.com\/product\/wunschkennzeichen-berlin\/"]}]},{"@type":"ImageObject","inLanguage":"fr-FR","@id":"https:\/\/reisepassfuhrer.com\/product\/wunschkennzeichen-berlin\/#primaryimage","url":"https:\/\/reisepassfuhrer.com\/wp-content\/uploads\/2025\/09\/download-97.jpeg","contentUrl":"https:\/\/reisepassfuhrer.com\/wp-content\/uploads\/2025\/09\/download-97.jpeg","width":275,"height":183},{"@type":"BreadcrumbList","@id":"https:\/\/reisepassfuhrer.com\/product\/wunschkennzeichen-berlin\/#breadcrumb","itemListElement":[{"@type":"ListItem","position":1,"name":"Home","item":"https:\/\/reisepassfuhrer.com\/"},{"@type":"ListItem","position":2,"name":"Shop","item":"https:\/\/reisepassfuhrer.com\/shop\/"},{"@type":"ListItem","position":3,"name":"Wunschkennzeichen Berlin"}]},{"@type":"WebSite","@id":"https:\/\/reisepassfuhrer.com\/#website","url":"https:\/\/reisepassfuhrer.com\/","name":"Guide du passeport","description":"Demande de passeport Berlin","publisher":{"@id":"https:\/\/reisepassfuhrer.com\/#organization"},"potentialAction":[{"@type":"SearchAction","target":{"@type":"EntryPoint","urlTemplate":"https:\/\/reisepassfuhrer.com\/?s={search_term_string}"},"query-input":{"@type":"PropertyValueSpecification","valueRequired":true,"valueName":"search_term_string"}}],"inLanguage":"fr-FR"},{"@type":"Organization","@id":"https:\/\/reisepassfuhrer.com\/#organization","name":"Guide du passeport","url":"https:\/\/reisepassfuhrer.com\/","logo":{"@type":"ImageObject","inLanguage":"fr-FR","@id":"https:\/\/reisepassfuhrer.com\/#\/schema\/logo\/image\/","url":"https:\/\/reisepassfuhrer.com\/wp-content\/uploads\/2024\/03\/Reisepassfuhrer-logo.png","contentUrl":"https:\/\/reisepassfuhrer.com\/wp-content\/uploads\/2024\/03\/Reisepassfuhrer-logo.png","width":112,"height":112,"caption":"Reisepassfuhrer"},"image":{"@id":"https:\/\/reisepassfuhrer.com\/#\/schema\/logo\/image\/"}}]}},"_links":{"self":[{"href":"https:\/\/reisepassfuhrer.com\/fr\/wp-json\/wp\/v2\/product\/3219","targetHints":{"allow":["GET"]}}],"collection":[{"href":"https:\/\/reisepassfuhrer.com\/fr\/wp-json\/wp\/v2\/product"}],"about":[{"href":"https:\/\/reisepassfuhrer.com\/fr\/wp-json\/wp\/v2\/types\/product"}],"replies":[{"embeddable":true,"href":"https:\/\/reisepassfuhrer.com\/fr\/wp-json\/wp\/v2\/comments?post=3219"}],"wp:featuredmedia":[{"embeddable":true,"href":"https:\/\/reisepassfuhrer.com\/fr\/wp-json\/wp\/v2\/media\/3221"}],"wp:attachment":[{"href":"https:\/\/reisepassfuhrer.com\/fr\/wp-json\/wp\/v2\/media?parent=3219"}],"wp:term":[{"taxonomy":"product_brand","embeddable":true,"href":"https:\/\/reisepassfuhrer.com\/fr\/wp-json\/wp\/v2\/product_brand?post=3219"},{"taxonomy":"product_cat","embeddable":true,"href":"https:\/\/reisepassfuhrer.com\/fr\/wp-json\/wp\/v2\/product_cat?post=3219"},{"taxonomy":"product_tag","embeddable":true,"href":"https:\/\/reisepassfuhrer.com\/fr\/wp-json\/wp\/v2\/product_tag?post=3219"}],"curies":[{"name":"wp","href":"https:\/\/api.w.org\/{rel}","templated":true}]}}