{"id":3409,"date":"2026-01-07T18:02:49","date_gmt":"2026-01-07T18:02:49","guid":{"rendered":"https:\/\/reisepassfuhrer.com\/?post_type=product&#038;p=3409"},"modified":"2026-01-07T18:02:50","modified_gmt":"2026-01-07T18:02:50","slug":"bachelorurkunde","status":"publish","type":"product","link":"https:\/\/reisepassfuhrer.com\/fr\/product\/diplome-de-bachelor\/","title":{"rendered":"dipl\u00f4me de bachelor"},"content":{"rendered":"<p data-start=\"145\" data-end=\"874\">Assurez-vous de votre <strong data-start=\"167\" data-end=\"186\">Dipl\u00f4me de Bachelor<\/strong> - Votre preuve officielle de vos performances acad\u00e9miques et de votre engagement personnel. Nos dipl\u00f4mes convainquent par <strong data-start=\"303\" data-end=\"381\">finition de qualit\u00e9, design d\u00e9taill\u00e9 et reconnaissance officielle<\/strong>, Ils conviennent donc parfaitement \u00e0 des fins professionnelles et \u00e0 des collections priv\u00e9es. Avec notre service, vous recevrez votre certificat <strong data-start=\"524\" data-end=\"565\">rapide, fiable et juridiquement s\u00fbr<\/strong>, sans passer par les universit\u00e9s. Id\u00e9al pour <strong data-start=\"607\" data-end=\"648\">Dipl\u00f4m\u00e9s, entreprises ou collectionneurs<\/strong>, qui attachent de l'importance \u00e0 l'authenticit\u00e9 et \u00e0 la qualit\u00e9. Misez sur une <strong data-start=\"717\" data-end=\"751\">dipl\u00f4me de bachelier professionnel<\/strong>, Un cadeau qui rend hommage \u00e0 votre performance et qui a un impact imm\u00e9diat. Commandez maintenant et pr\u00e9sentez votre dipl\u00f4me avec style !<\/p>","protected":false},"excerpt":{"rendered":"<p>Sichern Sie sich Ihre Bachelorurkunde \u2013 Ihr offizieller Nachweis f\u00fcr akademische Leistungen und pers\u00f6nliches Engagement. Unsere Urkunden \u00fcberzeugen durch hochwertige Verarbeitung, detailgetreues Design und offizielle Anerkennung, sodass sie sowohl f\u00fcr berufliche Zwecke als auch f\u00fcr private Sammlungen perfekt geeignet sind. Mit unserem Service erhalten Sie Ihre Urkunde schnell, zuverl\u00e4ssig und rechtssicher, ohne Umwege \u00fcber Hochschulen. [&hellip;]<\/p>","protected":false},"featured_media":0,"comment_status":"open","ping_status":"closed","template":"","meta":[],"product_brand":[],"product_cat":[44],"product_tag":[],"class_list":{"0":"post-3409","1":"product","2":"type-product","3":"status-publish","5":"product_cat-uncategorized","7":"first","8":"instock","9":"shipping-taxable","10":"product-type-simple"},"yoast_head":"<!-- This site is optimized with the Yoast SEO Premium plugin v22.2 (Yoast SEO v26.2) - https:\/\/yoast.com\/wordpress\/plugins\/seo\/ -->\n<title>bachelorurkunde - Reisepassfuhrer<\/title>\n<meta name=\"robots\" content=\"noindex, follow, max-snippet:-1, max-image-preview:large, max-video-preview:-1\" \/>\n<meta property=\"og:locale\" content=\"fr_FR\" \/>\n<meta property=\"og:type\" content=\"article\" \/>\n<meta property=\"og:title\" content=\"bachelorurkunde\" \/>\n<meta property=\"og:description\" content=\"Sichern Sie sich Ihre Bachelorurkunde \u2013 Ihr offizieller Nachweis f\u00fcr akademische Leistungen und pers\u00f6nliches Engagement. Unsere Urkunden \u00fcberzeugen durch hochwertige Verarbeitung, detailgetreues Design und offizielle Anerkennung, sodass sie sowohl f\u00fcr berufliche Zwecke als auch f\u00fcr private Sammlungen perfekt geeignet sind. Mit unserem Service erhalten Sie Ihre Urkunde schnell, zuverl\u00e4ssig und rechtssicher, ohne Umwege \u00fcber Hochschulen. [&hellip;]\" \/>\n<meta property=\"og:url\" content=\"https:\/\/reisepassfuhrer.com\/fr\/product\/diplome-de-bachelor\/\" \/>\n<meta property=\"og:site_name\" content=\"Reisepassfuhrer\" \/>\n<meta property=\"article:modified_time\" content=\"2026-01-07T18:02:50+00:00\" \/>\n<meta name=\"twitter:card\" content=\"summary_large_image\" \/>\n<meta name=\"twitter:label1\" content=\"Dur\u00e9e de lecture estim\u00e9e\" \/>\n\t<meta name=\"twitter:data1\" content=\"1 minute\" \/>\n<script type=\"application\/ld+json\" class=\"yoast-schema-graph\">{\"@context\":\"https:\/\/schema.org\",\"@graph\":[{\"@type\":\"WebPage\",\"@id\":\"https:\/\/reisepassfuhrer.com\/product\/bachelorurkunde\/\",\"url\":\"https:\/\/reisepassfuhrer.com\/product\/bachelorurkunde\/\",\"name\":\"bachelorurkunde - Reisepassfuhrer\",\"isPartOf\":{\"@id\":\"https:\/\/reisepassfuhrer.com\/#website\"},\"datePublished\":\"2026-01-07T18:02:49+00:00\",\"dateModified\":\"2026-01-07T18:02:50+00:00\",\"breadcrumb\":{\"@id\":\"https:\/\/reisepassfuhrer.com\/product\/bachelorurkunde\/#breadcrumb\"},\"inLanguage\":\"fr-FR\",\"potentialAction\":[{\"@type\":\"ReadAction\",\"target\":[\"https:\/\/reisepassfuhrer.com\/product\/bachelorurkunde\/\"]}]},{\"@type\":\"BreadcrumbList\",\"@id\":\"https:\/\/reisepassfuhrer.com\/product\/bachelorurkunde\/#breadcrumb\",\"itemListElement\":[{\"@type\":\"ListItem\",\"position\":1,\"name\":\"Home\",\"item\":\"https:\/\/reisepassfuhrer.com\/\"},{\"@type\":\"ListItem\",\"position\":2,\"name\":\"Shop\",\"item\":\"https:\/\/reisepassfuhrer.com\/shop\/\"},{\"@type\":\"ListItem\",\"position\":3,\"name\":\"bachelorurkunde\"}]},{\"@type\":\"WebSite\",\"@id\":\"https:\/\/reisepassfuhrer.com\/#website\",\"url\":\"https:\/\/reisepassfuhrer.com\/\",\"name\":\"Reisepassfuhrer\",\"description\":\"Reisepass Beantragen Berlin\",\"publisher\":{\"@id\":\"https:\/\/reisepassfuhrer.com\/#organization\"},\"potentialAction\":[{\"@type\":\"SearchAction\",\"target\":{\"@type\":\"EntryPoint\",\"urlTemplate\":\"https:\/\/reisepassfuhrer.com\/?s={search_term_string}\"},\"query-input\":{\"@type\":\"PropertyValueSpecification\",\"valueRequired\":true,\"valueName\":\"search_term_string\"}}],\"inLanguage\":\"fr-FR\"},{\"@type\":\"Organization\",\"@id\":\"https:\/\/reisepassfuhrer.com\/#organization\",\"name\":\"Reisepassfuhrer\",\"url\":\"https:\/\/reisepassfuhrer.com\/\",\"logo\":{\"@type\":\"ImageObject\",\"inLanguage\":\"fr-FR\",\"@id\":\"https:\/\/reisepassfuhrer.com\/#\/schema\/logo\/image\/\",\"url\":\"https:\/\/reisepassfuhrer.com\/wp-content\/uploads\/2024\/03\/Reisepassfuhrer-logo.png\",\"contentUrl\":\"https:\/\/reisepassfuhrer.com\/wp-content\/uploads\/2024\/03\/Reisepassfuhrer-logo.png\",\"width\":112,\"height\":112,\"caption\":\"Reisepassfuhrer\"},\"image\":{\"@id\":\"https:\/\/reisepassfuhrer.com\/#\/schema\/logo\/image\/\"}}]}<\/script>\n<!-- \/ Yoast SEO Premium plugin. -->","yoast_head_json":{"title":"certificat de bachelor - guide de voyage","robots":{"index":"noindex","follow":"follow","max-snippet":"max-snippet:-1","max-image-preview":"max-image-preview:large","max-video-preview":"max-video-preview:-1"},"og_locale":"fr_FR","og_type":"article","og_title":"bachelorurkunde","og_description":"Sichern Sie sich Ihre Bachelorurkunde \u2013 Ihr offizieller Nachweis f\u00fcr akademische Leistungen und pers\u00f6nliches Engagement. Unsere Urkunden \u00fcberzeugen durch hochwertige Verarbeitung, detailgetreues Design und offizielle Anerkennung, sodass sie sowohl f\u00fcr berufliche Zwecke als auch f\u00fcr private Sammlungen perfekt geeignet sind. Mit unserem Service erhalten Sie Ihre Urkunde schnell, zuverl\u00e4ssig und rechtssicher, ohne Umwege \u00fcber Hochschulen. [&hellip;]","og_url":"https:\/\/reisepassfuhrer.com\/fr\/product\/diplome-de-bachelor\/","og_site_name":"Reisepassfuhrer","article_modified_time":"2026-01-07T18:02:50+00:00","twitter_card":"summary_large_image","twitter_misc":{"Dur\u00e9e de lecture estim\u00e9e":"1 minute"},"schema":{"@context":"https:\/\/schema.org","@graph":[{"@type":"WebPage","@id":"https:\/\/reisepassfuhrer.com\/product\/bachelorurkunde\/","url":"https:\/\/reisepassfuhrer.com\/product\/bachelorurkunde\/","name":"certificat de bachelor - guide de voyage","isPartOf":{"@id":"https:\/\/reisepassfuhrer.com\/#website"},"datePublished":"2026-01-07T18:02:49+00:00","dateModified":"2026-01-07T18:02:50+00:00","breadcrumb":{"@id":"https:\/\/reisepassfuhrer.com\/product\/bachelorurkunde\/#breadcrumb"},"inLanguage":"fr-FR","potentialAction":[{"@type":"ReadAction","target":["https:\/\/reisepassfuhrer.com\/product\/bachelorurkunde\/"]}]},{"@type":"BreadcrumbList","@id":"https:\/\/reisepassfuhrer.com\/product\/bachelorurkunde\/#breadcrumb","itemListElement":[{"@type":"ListItem","position":1,"name":"Home","item":"https:\/\/reisepassfuhrer.com\/"},{"@type":"ListItem","position":2,"name":"Shop","item":"https:\/\/reisepassfuhrer.com\/shop\/"},{"@type":"ListItem","position":3,"name":"bachelorurkunde"}]},{"@type":"WebSite","@id":"https:\/\/reisepassfuhrer.com\/#website","url":"https:\/\/reisepassfuhrer.com\/","name":"Guide du passeport","description":"Demande de passeport Berlin","publisher":{"@id":"https:\/\/reisepassfuhrer.com\/#organization"},"potentialAction":[{"@type":"SearchAction","target":{"@type":"EntryPoint","urlTemplate":"https:\/\/reisepassfuhrer.com\/?s={search_term_string}"},"query-input":{"@type":"PropertyValueSpecification","valueRequired":true,"valueName":"search_term_string"}}],"inLanguage":"fr-FR"},{"@type":"Organization","@id":"https:\/\/reisepassfuhrer.com\/#organization","name":"Guide du passeport","url":"https:\/\/reisepassfuhrer.com\/","logo":{"@type":"ImageObject","inLanguage":"fr-FR","@id":"https:\/\/reisepassfuhrer.com\/#\/schema\/logo\/image\/","url":"https:\/\/reisepassfuhrer.com\/wp-content\/uploads\/2024\/03\/Reisepassfuhrer-logo.png","contentUrl":"https:\/\/reisepassfuhrer.com\/wp-content\/uploads\/2024\/03\/Reisepassfuhrer-logo.png","width":112,"height":112,"caption":"Reisepassfuhrer"},"image":{"@id":"https:\/\/reisepassfuhrer.com\/#\/schema\/logo\/image\/"}}]}},"_links":{"self":[{"href":"https:\/\/reisepassfuhrer.com\/fr\/wp-json\/wp\/v2\/product\/3409","targetHints":{"allow":["GET"]}}],"collection":[{"href":"https:\/\/reisepassfuhrer.com\/fr\/wp-json\/wp\/v2\/product"}],"about":[{"href":"https:\/\/reisepassfuhrer.com\/fr\/wp-json\/wp\/v2\/types\/product"}],"replies":[{"embeddable":true,"href":"https:\/\/reisepassfuhrer.com\/fr\/wp-json\/wp\/v2\/comments?post=3409"}],"wp:attachment":[{"href":"https:\/\/reisepassfuhrer.com\/fr\/wp-json\/wp\/v2\/media?parent=3409"}],"wp:term":[{"taxonomy":"product_brand","embeddable":true,"href":"https:\/\/reisepassfuhrer.com\/fr\/wp-json\/wp\/v2\/product_brand?post=3409"},{"taxonomy":"product_cat","embeddable":true,"href":"https:\/\/reisepassfuhrer.com\/fr\/wp-json\/wp\/v2\/product_cat?post=3409"},{"taxonomy":"product_tag","embeddable":true,"href":"https:\/\/reisepassfuhrer.com\/fr\/wp-json\/wp\/v2\/product_tag?post=3409"}],"curies":[{"name":"wp","href":"https:\/\/api.w.org\/{rel}","templated":true}]}}